{"id":25684,"date":"2025-03-28T16:36:50","date_gmt":"2025-03-28T08:36:50","guid":{"rendered":"https:\/\/fizzyvape.eu\/product\/fizzy-luxury-blueberry-15000-puffs\/"},"modified":"2025-03-28T16:36:50","modified_gmt":"2025-03-28T08:36:50","slug":"fizzy-luxury-blueberry-15000-puffs","status":"publish","type":"product","link":"https:\/\/fizzyvape.eu\/pt-pt\/produto\/fizzy-luxury-blueberry-15000-puffs\/","title":{"rendered":"Fizzy Luxury Blueberry &#8211; 15000 Puffs"},"content":{"rendered":"<div>\n<h2>Fizzy Luxury Blueberry 15000 Puffs &#8211; Vape descart\u00e1vel Ultimate Blueberry Burst<\/h2>\n<p>Desfruta da derradeira experi\u00eancia de mirtilo com o <strong>Fizzy Luxury Blueberry 15000 Puffs<\/strong> &#8211; onde a suculenta do\u00e7ura do mirtilo (8\/10) se encontra com um subtil final azedo (2\/10), tudo envolto no nosso corpo de metal premium com controlo preciso do fluxo de ar. Este descart\u00e1vel de elite oferece <strong>15.000 baforadas ultra-suaves<\/strong> de sabor requintado, com a revolucion\u00e1ria <strong>tecnologia de bobina de quartzo<\/strong> para uma suavidade e clareza de sabor inigual\u00e1veis. <\/p>\n<h3><strong>Porqu\u00ea escolher Fizzy Luxury Blueberry 15000 Puffs?<\/strong><\/h3>\n<p>\ud83e\uded0 <strong>Sabor magistral<\/strong> a mirtilo &#8211; 80% de riqueza doce de mirtilo equilibrada com 20% de acidez natural para uma aut\u00eantica frescura de frutos silvestres<br \/>\n\ud83c\udf9b\ufe0f <strong>Sistema de fluxo de ar inteligente<\/strong> &#8211; Ajusta de MTL apertado a DTL restrito com o nosso mostrador met\u00e1lico de precis\u00e3o<br \/>\n\ud83d\udd36 <strong>Corpo de alum\u00ednio de luxo<\/strong> &#8211; Alum\u00ednio de qualidade aeron\u00e1utica maquinado por CNC com acabamento acetinado<br \/>\n\u26a1 <strong>L\u00edder na ind\u00fastria com 15.000 baforadas<\/strong> &#8211; 25% mais do que os descart\u00e1veis premium normais<br \/>\n\ud83e\uddca <strong>Tecnologia Velvet Vapor<\/strong> &#8211; A bobina de quartzo proporciona 45% de batidas mais suaves do que a malha convencional <\/p>\n<h3><strong>Op\u00e7\u00f5es de nicotina:<\/strong><\/h3>\n<p>&#8211; <strong data-start=\"1200\" data-end=\"1216\">2% (20mg\/mL)<\/strong> &#8211; Ideal para uma experi\u00eancia de vaporiza\u00e7\u00e3o suave e saborosa <br data-start=\"1269\" data-end=\"1272\">&#8211; <strong data-start=\"1274\" data-end=\"1290\">5% (50mg\/mL)<\/strong> &#8211; Concebido para um efeito de garganta mais forte e satisfat\u00f3rio <\/p>\n<\/div>\n<div>\n<h3>Especifica\u00e7\u00f5es<\/h3>\n<table style=\"height: 449px;\" width=\"1340\">\n<tbody>\n<tr>\n<td>Puffs<\/td>\n<td><strong>Mais de 15000 Puffs<\/strong><\/td>\n<\/tr>\n<tr>\n<td>Capacidade do E-l\u00edquido<\/td>\n<td><strong>22ml<\/strong><\/td>\n<\/tr>\n<tr>\n<td>Capacidade da bateria<\/td>\n<td><strong>650mAh<\/strong><\/td>\n<\/tr>\n<tr>\n<td>Bobina de malha<\/td>\n<td><strong>1.4\u03a9<\/strong><\/td>\n<\/tr>\n<tr>\n<td>Tamanho<\/td>\n<td><strong>53*30*85,3mm<\/strong><\/td>\n<\/tr>\n<tr>\n<td>Descart\u00e1vel ou n\u00e3o<\/td>\n<td><strong>Descart\u00e1vel<\/strong><\/td>\n<\/tr>\n<tr>\n<td>M\u00e9todo de carregamento<\/td>\n<td><strong>Cabo<\/strong><\/td>\n<\/tr>\n<tr>\n<td>M\u00e9todo de ativa\u00e7\u00e3o<\/td>\n<td><strong>Sensor<\/strong><\/td>\n<\/tr>\n<tr>\n<td>Material<\/td>\n<td><strong>Metal<\/strong><\/td>\n<\/tr>\n<tr>\n<td>N\u00edvel de nicotina<\/td>\n<td><strong>2% (20mg\/mL) e 5% (50mg\/mL)<\/strong><\/td>\n<\/tr>\n<tr>\n<td>Sabores<\/td>\n<td><strong>15<\/strong><\/td>\n<\/tr>\n<tr>\n<td>Embalagem<\/td>\n<td><strong>1 embalagem<\/strong><\/td>\n<\/tr>\n<tr>\n<td>Tempo de carregamento<\/td>\n<td><strong>2 horas<\/strong><\/td>\n<\/tr>\n<tr>\n<td>Armazenamento<\/td>\n<td><strong>Evita ambientes com temperaturas elevadas e armazena em local fresco e seco.<\/strong><\/td>\n<\/tr>\n<tr>\n<td>Pessoas proibidas de usar<\/td>\n<td><strong>Menores de idade, mulheres gr\u00e1vidas e pessoas al\u00e9rgicas aos ingredientes do produto.<\/strong><\/td>\n<\/tr>\n<tr>\n<td>Cuidado<\/td>\n<td><strong>N\u00e3o engulas esta subst\u00e2ncia. Em caso de ingest\u00e3o, lava imediata e abundantemente a boca. Se te sentires mal, procura assist\u00eancia m\u00e9dica.  <\/strong><\/td>\n<\/tr>\n<\/tbody>\n<\/table>\n<h3>Lista de sabores de <strong>Fizzy Luxury <\/strong>15000 Puffs:<\/h3>\n<ol>\n<li><a href=\"https:\/\/fizzyvape.eu\/product\/fizzy-luxury-blueberry-raspberry-15000-puffs\/\">Mirtilo Framboesa<\/a><\/li>\n<li><a href=\"https:\/\/fizzyvape.eu\/product\/fizzy-luxury-peach-15000-puffs\/\">P\u00eassego<\/a><\/li>\n<li><a href=\"https:\/\/fizzyvape.eu\/pt-pt\/produto\/fizzy-luxury-uva-15000-puffs\/\">Uva<\/a><\/li>\n<li><a href=\"https:\/\/fizzyvape.eu\/pt-pt\/produto\/fizzy-luxury-blueberry-15000-puffs\/\">Mirtilo<\/a><\/li>\n<li><a href=\"https:\/\/fizzyvape.eu\/product\/fizzy-luxury-strawberry-15000-puffs\/\">Morango<\/a><\/li>\n<li><a href=\"https:\/\/fizzyvape.eu\/product\/fizzy-luxury-fizzy-cherry-15000-puffs\/\">Cereja com g\u00e1s<\/a><\/li>\n<li><a href=\"https:\/\/fizzyvape.eu\/product\/fizzy-luxury-raspberry-lemonade-15000-puffs\/\">Limonada de framboesa<\/a><\/li>\n<li><a href=\"https:\/\/fizzyvape.eu\/product\/fizzy-luxury-sour-apple-15000-puffs\/\">Ma\u00e7\u00e3 \u00e1cida<\/a><\/li>\n<li><a href=\"https:\/\/fizzyvape.eu\/product\/fizzy-luxury-strawberry-kiwi-pomegranate-15000-puffs\/\">Morango Kiwi Rom\u00e3<\/a><\/li>\n<li><a href=\"https:\/\/fizzyvape.eu\/pt-pt\/produto\/fizzy-luxury-lima-limao-15000-puffs\/\">Lim\u00e3o Lima<\/a><\/li>\n<li><a href=\"https:\/\/fizzyvape.eu\/product\/fizzy-luxury-strawberry-banana-15000-puffs\/\">Morango e banana<\/a><\/li>\n<li><a href=\"https:\/\/fizzyvape.eu\/product\/fizzy-luxury-orange-mango-watermelon-15000-puffs\/\">Laranja Manga Melancia<\/a><\/li>\n<li><a href=\"https:\/\/fizzyvape.eu\/pt-pt\/produto\/fizzy-luxury-red-bull-15000-puffs\/\">Red Bull<\/a><\/li>\n<li><a href=\"https:\/\/fizzyvape.eu\/pt-pt\/produto\/fizzy-luxury-pink-lemonade-15000-puffs\/\">Limonada cor-de-rosa<\/a><\/li>\n<li><a href=\"https:\/\/fizzyvape.eu\/pt-pt\/produto\/fizzy-luxury-kiwi-maracuja-goiaba-15000-puffs\/\">Kiwi Maracuj\u00e1 Goiaba<\/a><\/li>\n<\/ol>\n<h3>Perguntas frequentes sobre o Fizzy Luxury Blueberry 15000 Puffs Vape<\/h3>\n<p class=\"\" data-start=\"2471\" data-end=\"2677\"><strong data-start=\"2471\" data-end=\"2542\">Que sabor tem o Fizzy Luxury Blueberry 15000 Puffs Vape?<\/strong><br data-start=\"2542\" data-end=\"2545\">Oferece uma <strong data-start=\"2559\" data-end=\"2583\">rica explos\u00e3o de mirtilo<\/strong> com um equil\u00edbrio perfeito entre do\u00e7ura natural e um subtil final \u00e1cido para um vape refrescante.<\/p>\n<p class=\"\" data-start=\"2679\" data-end=\"2841\"><strong data-start=\"2679\" data-end=\"2734\">Quanto tempo dura o Fizzy Luxury Blueberry Vape?<\/strong><br data-start=\"2734\" data-end=\"2737\">Com <strong data-start=\"2742\" data-end=\"2759\">mais de 15.000 baforadas<\/strong>, este vape foi concebido para durar aproximadamente <strong data-start=\"2805\" data-end=\"2818\">4-5 semanas<\/strong>, dependendo da utiliza\u00e7\u00e3o.<\/p>\n<p class=\"\" data-start=\"2843\" data-end=\"3032\"><strong data-start=\"2843\" data-end=\"2907\">O Fizzy Luxury Blueberry 15000 Puffs Vape \u00e9 recarreg\u00e1vel?<\/strong><br data-start=\"2907\" data-end=\"2910\">Sim! Possui <strong data-start=\"2927\" data-end=\"2950\">carregamento r\u00e1pido USB-C<\/strong>, garantindo que desfrutas de cada gota da sua <strong data-start=\"2989\" data-end=\"3015\">capacidade de 22mL de e-l\u00edquido<\/strong> sem desperd\u00edcio. <\/p>\n<p class=\"\" data-start=\"3034\" data-end=\"3183\"><strong data-start=\"3034\" data-end=\"3076\">Que dosagens de nicotina est\u00e3o dispon\u00edveis?<\/strong><br data-start=\"3076\" data-end=\"3079\">Escolhe entre <strong data-start=\"3094\" data-end=\"3134\">2% (20mg\/mL) para uma experi\u00eancia suave<\/strong> ou <strong data-start=\"3138\" data-end=\"3180\">5% (50mg\/mL) para uma sensa\u00e7\u00e3o mais forte na garganta<\/strong>.<\/p>\n<p class=\"\" data-start=\"3185\" data-end=\"3452\"><strong data-start=\"3185\" data-end=\"3251\">Por que escolher Fizzy Luxury Blueberry em vez de outros vapes descart\u00e1veis?<\/strong><br data-start=\"3251\" data-end=\"3254\">Destaca-se pela <strong data-start=\"3273\" data-end=\"3403\">tecnologia de bobina de quartzo para um vapor ultra-suave, controlo preciso do fluxo de ar, um design met\u00e1lico elegante e mais de 15.000 baforadas de longa dura\u00e7\u00e3o &#8211; oferecendo<\/strong>uma experi\u00eancia de vaporiza\u00e7\u00e3o premium inigual\u00e1vel.<\/p>\n<\/div>\n","protected":false},"excerpt":{"rendered":"<p><strong>Fizzy Luxury Blueberry 15000 Puffs<\/strong>: Do\u00e7ura intensa de mirtilo com um subtil acabamento \u00e1cido, bobina de quartzo ultra-suave, fluxo de ar ajust\u00e1vel e constru\u00e7\u00e3o em metal de primeira qualidade. 2% e 5% de nicotina. <\/p>\n","protected":false},"featured_media":21367,"comment_status":"open","ping_status":"closed","template":"","meta":{"iawp_total_views":0},"product_brand":[],"product_cat":[338],"product_tag":[339],"class_list":{"0":"post-25684","1":"product","2":"type-product","3":"status-publish","4":"has-post-thumbnail","6":"product_cat-luxury-pt-pt","7":"product_tag-15000-baforadas","9":"first","10":"outofstock","11":"shipping-taxable","12":"purchasable","13":"product-type-variable"},"yoast_head":"<!-- This site is optimized with the Yoast SEO Premium plugin v24.8 (Yoast SEO v24.8) - https:\/\/yoast.com\/wordpress\/plugins\/seo\/ -->\n<title>Fizzy Luxury Blueberry - 15000 Puffs - fizzyvape.eu<\/title>\n<meta name=\"robots\" content=\"index, follow, max-snippet:-1, max-image-preview:large, max-video-preview:-1\" \/>\n<link rel=\"canonical\" href=\"https:\/\/fizzyvape.eu\/pt-pt\/produto\/fizzy-luxury-blueberry-15000-puffs\/\" \/>\n<meta property=\"og:locale\" content=\"pt_PT\" \/>\n<meta property=\"og:type\" content=\"article\" \/>\n<meta property=\"og:title\" content=\"Fizzy Luxury Blueberry - 15000 Puffs\" \/>\n<meta property=\"og:description\" content=\"Fizzy Luxury Blueberry 15000 Puffs: Do\u00e7ura intensa de mirtilo com um subtil acabamento \u00e1cido, bobina de quartzo ultra-suave, fluxo de ar ajust\u00e1vel e constru\u00e7\u00e3o em metal de primeira qualidade. 2% e 5% de nicotina.\" \/>\n<meta property=\"og:url\" content=\"https:\/\/fizzyvape.eu\/pt-pt\/produto\/fizzy-luxury-blueberry-15000-puffs\/\" \/>\n<meta property=\"og:site_name\" content=\"fizzyvape.eu\" \/>\n<meta property=\"og:image\" content=\"https:\/\/www.fizzyvape.eu\/wp-content\/uploads\/2025\/03\/Fizzy-Luxury-Blueberry-15000puff-1.jpg\" \/>\n\t<meta property=\"og:image:width\" content=\"1500\" \/>\n\t<meta property=\"og:image:height\" content=\"1500\" \/>\n\t<meta property=\"og:image:type\" content=\"image\/jpeg\" \/>\n<meta name=\"twitter:card\" content=\"summary_large_image\" \/>\n<meta name=\"twitter:label1\" content=\"Disponibilidade\" \/>\n\t<meta name=\"twitter:data1\" content=\"Esgotado\" \/>\n<script type=\"application\/ld+json\" class=\"yoast-schema-graph\">{\"@context\":\"https:\/\/schema.org\",\"@graph\":[{\"@type\":\"WebPage\",\"@id\":\"https:\/\/fizzyvape.eu\/pt-pt\/produto\/fizzy-luxury-blueberry-15000-puffs\/\",\"url\":\"https:\/\/fizzyvape.eu\/pt-pt\/produto\/fizzy-luxury-blueberry-15000-puffs\/\",\"name\":\"Fizzy Luxury Blueberry - 15000 Puffs - fizzyvape.eu\",\"isPartOf\":{\"@id\":\"https:\/\/www.fizzyvape.eu\/pt-pt\/#website\"},\"primaryImageOfPage\":{\"@id\":\"https:\/\/fizzyvape.eu\/pt-pt\/produto\/fizzy-luxury-blueberry-15000-puffs\/#primaryimage\"},\"image\":{\"@id\":\"https:\/\/fizzyvape.eu\/pt-pt\/produto\/fizzy-luxury-blueberry-15000-puffs\/#primaryimage\"},\"thumbnailUrl\":\"https:\/\/fizzyvape.eu\/wp-content\/uploads\/2025\/03\/Fizzy-Luxury-Blueberry-15000puff-1.jpg\",\"datePublished\":\"2025-03-28T08:36:50+00:00\",\"breadcrumb\":{\"@id\":\"https:\/\/fizzyvape.eu\/pt-pt\/produto\/fizzy-luxury-blueberry-15000-puffs\/#breadcrumb\"},\"inLanguage\":\"pt-PT\",\"potentialAction\":[{\"@type\":\"ReadAction\",\"target\":[\"https:\/\/fizzyvape.eu\/pt-pt\/produto\/fizzy-luxury-blueberry-15000-puffs\/\"]}]},{\"@type\":\"ImageObject\",\"inLanguage\":\"pt-PT\",\"@id\":\"https:\/\/fizzyvape.eu\/pt-pt\/produto\/fizzy-luxury-blueberry-15000-puffs\/#primaryimage\",\"url\":\"https:\/\/fizzyvape.eu\/wp-content\/uploads\/2025\/03\/Fizzy-Luxury-Blueberry-15000puff-1.jpg\",\"contentUrl\":\"https:\/\/fizzyvape.eu\/wp-content\/uploads\/2025\/03\/Fizzy-Luxury-Blueberry-15000puff-1.jpg\",\"width\":1500,\"height\":1500,\"caption\":\"Fizzy-Luxury-Blueberry-15000puff\"},{\"@type\":\"BreadcrumbList\",\"@id\":\"https:\/\/fizzyvape.eu\/pt-pt\/produto\/fizzy-luxury-blueberry-15000-puffs\/#breadcrumb\",\"itemListElement\":[{\"@type\":\"ListItem\",\"position\":1,\"name\":\"Home\",\"item\":\"https:\/\/fizzyvape.eu\/pt-pt\/\"},{\"@type\":\"ListItem\",\"position\":2,\"name\":\"Shop\",\"item\":\"https:\/\/www.fizzyvape.eu\/pt-pt\/shop\/\"},{\"@type\":\"ListItem\",\"position\":3,\"name\":\"Fizzy Luxury Blueberry &#8211; 15000 Puffs\"}]},{\"@type\":\"WebSite\",\"@id\":\"https:\/\/www.fizzyvape.eu\/pt-pt\/#website\",\"url\":\"https:\/\/www.fizzyvape.eu\/pt-pt\/\",\"name\":\"fizzyvape.eu\",\"description\":\"Refreshing Vapes. Unforgettable Taste.\",\"publisher\":{\"@id\":\"https:\/\/www.fizzyvape.eu\/pt-pt\/#organization\"},\"potentialAction\":[{\"@type\":\"SearchAction\",\"target\":{\"@type\":\"EntryPoint\",\"urlTemplate\":\"https:\/\/www.fizzyvape.eu\/pt-pt\/?s={search_term_string}\"},\"query-input\":{\"@type\":\"PropertyValueSpecification\",\"valueRequired\":true,\"valueName\":\"search_term_string\"}}],\"inLanguage\":\"pt-PT\"},{\"@type\":\"Organization\",\"@id\":\"https:\/\/www.fizzyvape.eu\/pt-pt\/#organization\",\"name\":\"fizzyvape.eu\",\"url\":\"https:\/\/www.fizzyvape.eu\/pt-pt\/\",\"logo\":{\"@type\":\"ImageObject\",\"inLanguage\":\"pt-PT\",\"@id\":\"https:\/\/www.fizzyvape.eu\/pt-pt\/#\/schema\/logo\/image\/\",\"url\":\"https:\/\/fizzyvape.eu\/wp-content\/uploads\/2019\/06\/print-1.svg\",\"contentUrl\":\"https:\/\/fizzyvape.eu\/wp-content\/uploads\/2019\/06\/print-1.svg\",\"width\":124,\"height\":37,\"caption\":\"fizzyvape.eu\"},\"image\":{\"@id\":\"https:\/\/www.fizzyvape.eu\/pt-pt\/#\/schema\/logo\/image\/\"}}]}<\/script>\n<meta property=\"og:availability\" content=\"out of stock\" \/>\n<meta property=\"product:availability\" content=\"out of stock\" \/>\n<meta property=\"product:condition\" content=\"new\" \/>\n<!-- \/ Yoast SEO Premium plugin. -->","yoast_head_json":{"title":"Fizzy Luxury Blueberry - 15000 Puffs - fizzyvape.eu","robots":{"index":"index","follow":"follow","max-snippet":"max-snippet:-1","max-image-preview":"max-image-preview:large","max-video-preview":"max-video-preview:-1"},"canonical":"https:\/\/fizzyvape.eu\/pt-pt\/produto\/fizzy-luxury-blueberry-15000-puffs\/","og_locale":"pt_PT","og_type":"article","og_title":"Fizzy Luxury Blueberry - 15000 Puffs","og_description":"Fizzy Luxury Blueberry 15000 Puffs: Do\u00e7ura intensa de mirtilo com um subtil acabamento \u00e1cido, bobina de quartzo ultra-suave, fluxo de ar ajust\u00e1vel e constru\u00e7\u00e3o em metal de primeira qualidade. 2% e 5% de nicotina.","og_url":"https:\/\/fizzyvape.eu\/pt-pt\/produto\/fizzy-luxury-blueberry-15000-puffs\/","og_site_name":"fizzyvape.eu","og_image":[{"width":1500,"height":1500,"url":"https:\/\/www.fizzyvape.eu\/wp-content\/uploads\/2025\/03\/Fizzy-Luxury-Blueberry-15000puff-1.jpg","type":"image\/jpeg"}],"twitter_card":"summary_large_image","twitter_misc":{"Disponibilidade":"Esgotado"},"schema":{"@context":"https:\/\/schema.org","@graph":[{"@type":"WebPage","@id":"https:\/\/fizzyvape.eu\/pt-pt\/produto\/fizzy-luxury-blueberry-15000-puffs\/","url":"https:\/\/fizzyvape.eu\/pt-pt\/produto\/fizzy-luxury-blueberry-15000-puffs\/","name":"Fizzy Luxury Blueberry - 15000 Puffs - fizzyvape.eu","isPartOf":{"@id":"https:\/\/www.fizzyvape.eu\/pt-pt\/#website"},"primaryImageOfPage":{"@id":"https:\/\/fizzyvape.eu\/pt-pt\/produto\/fizzy-luxury-blueberry-15000-puffs\/#primaryimage"},"image":{"@id":"https:\/\/fizzyvape.eu\/pt-pt\/produto\/fizzy-luxury-blueberry-15000-puffs\/#primaryimage"},"thumbnailUrl":"https:\/\/fizzyvape.eu\/wp-content\/uploads\/2025\/03\/Fizzy-Luxury-Blueberry-15000puff-1.jpg","datePublished":"2025-03-28T08:36:50+00:00","breadcrumb":{"@id":"https:\/\/fizzyvape.eu\/pt-pt\/produto\/fizzy-luxury-blueberry-15000-puffs\/#breadcrumb"},"inLanguage":"pt-PT","potentialAction":[{"@type":"ReadAction","target":["https:\/\/fizzyvape.eu\/pt-pt\/produto\/fizzy-luxury-blueberry-15000-puffs\/"]}]},{"@type":"ImageObject","inLanguage":"pt-PT","@id":"https:\/\/fizzyvape.eu\/pt-pt\/produto\/fizzy-luxury-blueberry-15000-puffs\/#primaryimage","url":"https:\/\/fizzyvape.eu\/wp-content\/uploads\/2025\/03\/Fizzy-Luxury-Blueberry-15000puff-1.jpg","contentUrl":"https:\/\/fizzyvape.eu\/wp-content\/uploads\/2025\/03\/Fizzy-Luxury-Blueberry-15000puff-1.jpg","width":1500,"height":1500,"caption":"Fizzy-Luxury-Blueberry-15000puff"},{"@type":"BreadcrumbList","@id":"https:\/\/fizzyvape.eu\/pt-pt\/produto\/fizzy-luxury-blueberry-15000-puffs\/#breadcrumb","itemListElement":[{"@type":"ListItem","position":1,"name":"Home","item":"https:\/\/fizzyvape.eu\/pt-pt\/"},{"@type":"ListItem","position":2,"name":"Shop","item":"https:\/\/www.fizzyvape.eu\/pt-pt\/shop\/"},{"@type":"ListItem","position":3,"name":"Fizzy Luxury Blueberry &#8211; 15000 Puffs"}]},{"@type":"WebSite","@id":"https:\/\/www.fizzyvape.eu\/pt-pt\/#website","url":"https:\/\/www.fizzyvape.eu\/pt-pt\/","name":"fizzyvape.eu","description":"Refreshing Vapes. Unforgettable Taste.","publisher":{"@id":"https:\/\/www.fizzyvape.eu\/pt-pt\/#organization"},"potentialAction":[{"@type":"SearchAction","target":{"@type":"EntryPoint","urlTemplate":"https:\/\/www.fizzyvape.eu\/pt-pt\/?s={search_term_string}"},"query-input":{"@type":"PropertyValueSpecification","valueRequired":true,"valueName":"search_term_string"}}],"inLanguage":"pt-PT"},{"@type":"Organization","@id":"https:\/\/www.fizzyvape.eu\/pt-pt\/#organization","name":"fizzyvape.eu","url":"https:\/\/www.fizzyvape.eu\/pt-pt\/","logo":{"@type":"ImageObject","inLanguage":"pt-PT","@id":"https:\/\/www.fizzyvape.eu\/pt-pt\/#\/schema\/logo\/image\/","url":"https:\/\/fizzyvape.eu\/wp-content\/uploads\/2019\/06\/print-1.svg","contentUrl":"https:\/\/fizzyvape.eu\/wp-content\/uploads\/2019\/06\/print-1.svg","width":124,"height":37,"caption":"fizzyvape.eu"},"image":{"@id":"https:\/\/www.fizzyvape.eu\/pt-pt\/#\/schema\/logo\/image\/"}}]},"og_availability":"out of stock","product_availability":"out of stock","product_condition":"new"},"tiered_pricing_type":"fixed","tiered_pricing_fixed_rules":[],"tiered_pricing_product_settings":{"layout":"default","base_unit_name":{"singular":null,"plural":null},"default_variation":null},"tiered_pricing_minimum_quantity":null,"tiered_pricing_roles_data":[],"tiered_pricing_percentage_rules":[],"tiered_pricing_maximum_quantity":null,"tiered_pricing_quantity_step":null,"_links":{"self":[{"href":"https:\/\/fizzyvape.eu\/pt-pt\/wp-json\/wp\/v2\/product\/25684","targetHints":{"allow":["GET"]}}],"collection":[{"href":"https:\/\/fizzyvape.eu\/pt-pt\/wp-json\/wp\/v2\/product"}],"about":[{"href":"https:\/\/fizzyvape.eu\/pt-pt\/wp-json\/wp\/v2\/types\/product"}],"replies":[{"embeddable":true,"href":"https:\/\/fizzyvape.eu\/pt-pt\/wp-json\/wp\/v2\/comments?post=25684"}],"version-history":[{"count":0,"href":"https:\/\/fizzyvape.eu\/pt-pt\/wp-json\/wp\/v2\/product\/25684\/revisions"}],"wp:featuredmedia":[{"embeddable":true,"href":"https:\/\/fizzyvape.eu\/pt-pt\/wp-json\/wp\/v2\/media\/21367"}],"wp:attachment":[{"href":"https:\/\/fizzyvape.eu\/pt-pt\/wp-json\/wp\/v2\/media?parent=25684"}],"wp:term":[{"taxonomy":"product_brand","embeddable":true,"href":"https:\/\/fizzyvape.eu\/pt-pt\/wp-json\/wp\/v2\/product_brand?post=25684"},{"taxonomy":"product_cat","embeddable":true,"href":"https:\/\/fizzyvape.eu\/pt-pt\/wp-json\/wp\/v2\/product_cat?post=25684"},{"taxonomy":"product_tag","embeddable":true,"href":"https:\/\/fizzyvape.eu\/pt-pt\/wp-json\/wp\/v2\/product_tag?post=25684"}],"curies":[{"name":"wp","href":"https:\/\/api.w.org\/{rel}","templated":true}]}}