{"id":25871,"date":"2025-03-28T18:14:04","date_gmt":"2025-03-28T10:14:04","guid":{"rendered":"https:\/\/fizzyvape.eu\/product\/fizzy-luxury-laranja-manga-melancia-15000-puffs\/"},"modified":"2025-03-28T18:14:04","modified_gmt":"2025-03-28T10:14:04","slug":"fizzy-luxury-laranja-manga-melancia-15000-puffs","status":"publish","type":"product","link":"https:\/\/fizzyvape.eu\/pt-pt\/produto\/fizzy-luxury-laranja-manga-melancia-15000-puffs\/","title":{"rendered":"Fizzy Luxury Laranja Manga Melancia &#8211; 15000 Puffs"},"content":{"rendered":"<div>\n<h2 data-start=\"0\" data-end=\"82\"><strong>Fizzy Luxury Laranja Manga Melancia 15000 Puffs &#8211; Vape descart\u00e1vel Premium Tropical Trio<\/strong><\/h2>\n<p>Desfruta de um para\u00edso tropical vibrante com o Fizzy Luxury Orange Mango Watermelon 15000 Puffs &#8211; onde o sabor a laranja (6\/10) se encontra com a do\u00e7ura cremosa da manga (5\/10) e o refresco sumarento da melancia (4\/10), tudo envolto no nosso corpo met\u00e1lico de primeira qualidade com controlo preciso do fluxo de ar. Este descart\u00e1vel de elite fornece <strong>15.000 baforadas ultra-suaves<\/strong> de sabor perfeitamente equilibrado, com o nosso revolucion\u00e1rio <strong>sistema de bobina de quartzo de malha dupla<\/strong> para um sabor cristalino e vapor aveludado. <\/p>\n<h3><strong>Porqu\u00ea escolher Fizzy Luxury Laranja Manga Melancia 15000 Puffs Vape?<\/strong><\/h3>\n<p>\ud83c\udf4a <strong>Tropical Flavor Mastery<\/strong> &#8211; 50% de laranja picante, 30% de manga cremosa, 20% de melancia sumarenta para uma harmonia perfeita<br \/>\n\ud83c\udf9b\ufe0f <strong>Controlo Inteligente do Fluxo de Ar<\/strong> &#8211; 5 posi\u00e7\u00f5es ajust\u00e1veis, desde MTL apertado a RDL suave<br \/>\n\ud83d\udd36 <strong>Constru\u00e7\u00e3o met\u00e1lica de luxo<\/strong> &#8211; Alum\u00ednio aeroespacial maquinado em CNC com acabamento polido<br \/>\n\u26a1 <strong>Extended 15,000 Puffs<\/strong> &#8211; A capacidade do e-l\u00edquido de 22mL dura 25% mais do que a concorr\u00eancia<br \/>\n\ud83e\uddca <strong>Tecnologia SilkFlow<\/strong> &#8211; As bobinas de quartzo proporcionam um vapor 50% mais suave do que a malha normal <\/p>\n<h3><strong>Op\u00e7\u00f5es de nicotina:<\/strong><\/h3>\n<p>&#8211; <strong data-start=\"1200\" data-end=\"1216\">2% (20mg\/mL)<\/strong> &#8211; Ideal para uma experi\u00eancia de vaporiza\u00e7\u00e3o suave e saborosa <br data-start=\"1269\" data-end=\"1272\">&#8211; <strong data-start=\"1274\" data-end=\"1290\">5% (50mg\/mL)<\/strong> &#8211; Concebido para um efeito de garganta mais forte e satisfat\u00f3rio <\/p>\n<\/div>\n<div>\n<h3>Especifica\u00e7\u00f5es<\/h3>\n<table style=\"height: 449px;\" width=\"1340\">\n<tbody>\n<tr>\n<td>Puffs<\/td>\n<td><strong>Mais de 15000 Puffs<\/strong><\/td>\n<\/tr>\n<tr>\n<td>Capacidade do E-l\u00edquido<\/td>\n<td><strong>22ml<\/strong><\/td>\n<\/tr>\n<tr>\n<td>Capacidade da bateria<\/td>\n<td><strong>650mAh<\/strong><\/td>\n<\/tr>\n<tr>\n<td>Bobina de malha<\/td>\n<td><strong>1.4\u03a9<\/strong><\/td>\n<\/tr>\n<tr>\n<td>Tamanho<\/td>\n<td><strong>53*30*85,3mm<\/strong><\/td>\n<\/tr>\n<tr>\n<td>Descart\u00e1vel ou n\u00e3o<\/td>\n<td><strong>Descart\u00e1vel<\/strong><\/td>\n<\/tr>\n<tr>\n<td>M\u00e9todo de carregamento<\/td>\n<td><strong>Cabo<\/strong><\/td>\n<\/tr>\n<tr>\n<td>M\u00e9todo de ativa\u00e7\u00e3o<\/td>\n<td><strong>Sensor<\/strong><\/td>\n<\/tr>\n<tr>\n<td>Material<\/td>\n<td><strong>Metal<\/strong><\/td>\n<\/tr>\n<tr>\n<td>N\u00edvel de nicotina<\/td>\n<td><strong>2% (20mg\/mL) e 5% (50mg\/mL)<\/strong><\/td>\n<\/tr>\n<tr>\n<td>Sabores<\/td>\n<td><strong>15<\/strong><\/td>\n<\/tr>\n<tr>\n<td>Embalagem<\/td>\n<td><strong>1 embalagem<\/strong><\/td>\n<\/tr>\n<tr>\n<td>Tempo de carregamento<\/td>\n<td><strong>2 horas<\/strong><\/td>\n<\/tr>\n<tr>\n<td>Armazenamento<\/td>\n<td><strong>Evita ambientes com temperaturas elevadas e armazena em local fresco e seco.<\/strong><\/td>\n<\/tr>\n<tr>\n<td>Pessoas proibidas de usar<\/td>\n<td><strong>Menores de idade, mulheres gr\u00e1vidas e pessoas al\u00e9rgicas aos ingredientes do produto.<\/strong><\/td>\n<\/tr>\n<tr>\n<td>Cuidado<\/td>\n<td><strong>N\u00e3o engulas esta subst\u00e2ncia. Em caso de ingest\u00e3o, lava imediata e abundantemente a boca. Se te sentires mal, procura assist\u00eancia m\u00e9dica.  <\/strong><\/td>\n<\/tr>\n<\/tbody>\n<\/table>\n<h3>Lista de sabores de <strong>Fizzy Luxury <\/strong>15000 Puffs:<\/h3>\n<ol>\n<li><a href=\"https:\/\/fizzyvape.eu\/product\/fizzy-luxury-blueberry-raspberry-15000-puffs\/\">Mirtilo Framboesa<\/a><\/li>\n<li><a href=\"https:\/\/fizzyvape.eu\/product\/fizzy-luxury-peach-15000-puffs\/\">P\u00eassego<\/a><\/li>\n<li><a href=\"https:\/\/fizzyvape.eu\/pt-pt\/produto\/fizzy-luxury-uva-15000-puffs\/\">Uva<\/a><\/li>\n<li><a href=\"https:\/\/fizzyvape.eu\/pt-pt\/produto\/fizzy-luxury-blueberry-15000-puffs\/\">Mirtilo<\/a><\/li>\n<li><a href=\"https:\/\/fizzyvape.eu\/pt-pt\/produto\/fizzy-luxury-morango-15000-puffs\/\">Morango<\/a><\/li>\n<li><a href=\"https:\/\/fizzyvape.eu\/pt-pt\/produto\/fizzy-luxury-fizzy-cherry-15000-puffs\/\">Cereja com g\u00e1s<\/a><\/li>\n<li><a href=\"https:\/\/fizzyvape.eu\/pt-pt\/produto\/fizzy-luxury-limonada-de-framboesa-15000-puffs\/\">Limonada de framboesa<\/a><\/li>\n<li><a href=\"https:\/\/fizzyvape.eu\/pt-pt\/produto\/fizzy-luxury-maca-acida-15000-puffs\/\">Ma\u00e7\u00e3 \u00e1cida<\/a><\/li>\n<li><a href=\"https:\/\/fizzyvape.eu\/pt-pt\/produto\/fizzy-luxury-morango-kiwi-roma-15000-puffs\/\">Morango Kiwi Rom\u00e3<\/a><\/li>\n<li><a href=\"https:\/\/fizzyvape.eu\/pt-pt\/produto\/fizzy-luxury-lima-limao-15000-puffs\/\">Lim\u00e3o Lima<\/a><\/li>\n<li><a href=\"https:\/\/fizzyvape.eu\/pt-pt\/produto\/fizzy-luxo-morango-banana-15000-puffs\/\">Morango e banana<\/a><\/li>\n<li><a href=\"https:\/\/fizzyvape.eu\/pt-pt\/produto\/fizzy-luxury-laranja-manga-melancia-15000-puffs\/\">Laranja Manga Melancia<\/a><\/li>\n<li><a href=\"https:\/\/fizzyvape.eu\/pt-pt\/produto\/fizzy-luxury-red-bull-15000-puffs\/\">Red Bull<\/a><\/li>\n<li><a href=\"https:\/\/fizzyvape.eu\/pt-pt\/produto\/fizzy-luxury-pink-lemonade-15000-puffs\/\">Limonada cor-de-rosa<\/a><\/li>\n<li><a href=\"https:\/\/fizzyvape.eu\/pt-pt\/produto\/fizzy-luxury-kiwi-maracuja-goiaba-15000-puffs\/\">Kiwi Maracuj\u00e1 Goiaba<\/a><\/li>\n<\/ol>\n<h3>Perguntas frequentes sobre o Fizzy Luxury Laranja Manga Melancia 15000 Puffs Vape<\/h3>\n<ul>\n<li class=\"\" data-start=\"73\" data-end=\"379\">\n<p class=\"\" data-start=\"76\" data-end=\"379\"><strong data-start=\"76\" data-end=\"161\">Que sabor tem o vaporizador Fizzy Luxury Orange Mango Watermelon 15000 Puffs?<\/strong><br data-start=\"161\" data-end=\"164\">O <strong data-start=\"171\" data-end=\"223\">Fizzy Luxury Orange Mango Watermelon 15000 Puffs<\/strong> oferece-te uma <strong data-start=\"235\" data-end=\"264\">refrescante mistura tropical<\/strong> de <strong data-start=\"268\" data-end=\"284\">laranja picante<\/strong>, <strong data-start=\"286\" data-end=\"301\">manga sumarenta<\/strong> e <strong data-start=\"307\" data-end=\"327\">melancia doce<\/strong>, criando um sabor vibrante e frutado em cada baforada.<\/p>\n<\/li>\n<li class=\"\" data-start=\"381\" data-end=\"649\">\n<p class=\"\" data-start=\"384\" data-end=\"649\"><strong data-start=\"384\" data-end=\"460\">Quanto tempo durar\u00e1 o Fizzy Luxury Laranja Manga Melancia 15000 Puffs?<\/strong><br data-start=\"460\" data-end=\"463\">Com uma <strong data-start=\"473\" data-end=\"499\">capacidade de 22 ml de e-l\u00edquido<\/strong>, este vape fornece <strong data-start=\"520\" data-end=\"537\">mais de 15.000 puffs<\/strong>, durando aproximadamente <strong data-start=\"561\" data-end=\"574\">4-5 semanas<\/strong>, dependendo da tua utiliza\u00e7\u00e3o, para uma experi\u00eancia de vaporiza\u00e7\u00e3o prolongada e agrad\u00e1vel.<\/p>\n<\/li>\n<li class=\"\" data-start=\"349\" data-end=\"617\">\n<p class=\"\" data-start=\"352\" data-end=\"617\"><strong>Qual \u00e9 o teor de nicotina mais adequado para mim?<\/strong><br \/>\n&#8211; <strong>2% (20mg\/mL):<\/strong> Ideal para vaporizadores de todo o dia e conhecedores de sabores<br \/>\n&#8211; <strong>5% (50mg\/mL):<\/strong> Perfeito para antigos fumadores que precisam de uma satisfa\u00e7\u00e3o mais forte<\/p>\n<\/li>\n<\/ul>\n<\/div>\n","protected":false},"excerpt":{"rendered":"<p>Experimenta um para\u00edso tropical com o <strong data-start=\"61\" data-end=\"113\" data-is-only-node=\"\">Fizzy Luxury Orange Mango Watermelon 15000 Puffs<\/strong>. Desfruta da mistura perfeita de <strong data-start=\"142\" data-end=\"158\">laranja picante<\/strong>, <strong data-start=\"160\" data-end=\"176\">manga cremosa<\/strong> e <strong data-start=\"182\" data-end=\"202\">melancia sumarenta<\/strong>, oferecendo <strong data-start=\"215\" data-end=\"238\">15.000 baforadas suaves<\/strong> com a <strong data-start=\"244\" data-end=\"280\">tecnologia Dual-Mesh Quartz Coil<\/strong> para um vapor aveludado num corpo met\u00e1lico de primeira qualidade. <\/p>\n","protected":false},"featured_media":21263,"comment_status":"open","ping_status":"closed","template":"","meta":{"iawp_total_views":0},"product_brand":[],"product_cat":[338],"product_tag":[339],"class_list":{"0":"post-25871","1":"product","2":"type-product","3":"status-publish","4":"has-post-thumbnail","6":"product_cat-luxury-pt-pt","7":"product_tag-15000-baforadas","9":"first","10":"outofstock","11":"shipping-taxable","12":"purchasable","13":"product-type-variable"},"yoast_head":"<!-- This site is optimized with the Yoast SEO Premium plugin v24.8 (Yoast SEO v24.8) - https:\/\/yoast.com\/wordpress\/plugins\/seo\/ -->\n<title>Fizzy Luxury Laranja Manga Melancia - 15000 Puffs - fizzyvape.eu<\/title>\n<meta name=\"robots\" content=\"index, follow, max-snippet:-1, max-image-preview:large, max-video-preview:-1\" \/>\n<link rel=\"canonical\" href=\"https:\/\/fizzyvape.eu\/pt-pt\/produto\/fizzy-luxury-laranja-manga-melancia-15000-puffs\/\" \/>\n<meta property=\"og:locale\" content=\"pt_PT\" \/>\n<meta property=\"og:type\" content=\"article\" \/>\n<meta property=\"og:title\" content=\"Fizzy Luxury Laranja Manga Melancia - 15000 Puffs\" \/>\n<meta property=\"og:description\" content=\"Experimenta um para\u00edso tropical com o Fizzy Luxury Orange Mango Watermelon 15000 Puffs. Desfruta da mistura perfeita de laranja picante, manga cremosa e melancia sumarenta, oferecendo 15.000 baforadas suaves com a tecnologia Dual-Mesh Quartz Coil para um vapor aveludado num corpo met\u00e1lico de primeira qualidade.\" \/>\n<meta property=\"og:url\" content=\"https:\/\/fizzyvape.eu\/pt-pt\/produto\/fizzy-luxury-laranja-manga-melancia-15000-puffs\/\" \/>\n<meta property=\"og:site_name\" content=\"fizzyvape.eu\" \/>\n<meta property=\"og:image\" content=\"https:\/\/www.fizzyvape.eu\/wp-content\/uploads\/2025\/03\/Fizzy-Luxury-Orange-Mango-Watermelon-15000puff.jpg\" \/>\n\t<meta property=\"og:image:width\" content=\"1500\" \/>\n\t<meta property=\"og:image:height\" content=\"1500\" \/>\n\t<meta property=\"og:image:type\" content=\"image\/jpeg\" \/>\n<meta name=\"twitter:card\" content=\"summary_large_image\" \/>\n<meta name=\"twitter:label1\" content=\"Disponibilidade\" \/>\n\t<meta name=\"twitter:data1\" content=\"Esgotado\" \/>\n<script type=\"application\/ld+json\" class=\"yoast-schema-graph\">{\"@context\":\"https:\/\/schema.org\",\"@graph\":[{\"@type\":\"WebPage\",\"@id\":\"https:\/\/fizzyvape.eu\/pt-pt\/produto\/fizzy-luxury-laranja-manga-melancia-15000-puffs\/\",\"url\":\"https:\/\/fizzyvape.eu\/pt-pt\/produto\/fizzy-luxury-laranja-manga-melancia-15000-puffs\/\",\"name\":\"Fizzy Luxury Laranja Manga Melancia - 15000 Puffs - fizzyvape.eu\",\"isPartOf\":{\"@id\":\"https:\/\/www.fizzyvape.eu\/pt-pt\/#website\"},\"primaryImageOfPage\":{\"@id\":\"https:\/\/fizzyvape.eu\/pt-pt\/produto\/fizzy-luxury-laranja-manga-melancia-15000-puffs\/#primaryimage\"},\"image\":{\"@id\":\"https:\/\/fizzyvape.eu\/pt-pt\/produto\/fizzy-luxury-laranja-manga-melancia-15000-puffs\/#primaryimage\"},\"thumbnailUrl\":\"https:\/\/fizzyvape.eu\/wp-content\/uploads\/2025\/03\/Fizzy-Luxury-Orange-Mango-Watermelon-15000puff.jpg\",\"datePublished\":\"2025-03-28T10:14:04+00:00\",\"breadcrumb\":{\"@id\":\"https:\/\/fizzyvape.eu\/pt-pt\/produto\/fizzy-luxury-laranja-manga-melancia-15000-puffs\/#breadcrumb\"},\"inLanguage\":\"pt-PT\",\"potentialAction\":[{\"@type\":\"ReadAction\",\"target\":[\"https:\/\/fizzyvape.eu\/pt-pt\/produto\/fizzy-luxury-laranja-manga-melancia-15000-puffs\/\"]}]},{\"@type\":\"ImageObject\",\"inLanguage\":\"pt-PT\",\"@id\":\"https:\/\/fizzyvape.eu\/pt-pt\/produto\/fizzy-luxury-laranja-manga-melancia-15000-puffs\/#primaryimage\",\"url\":\"https:\/\/fizzyvape.eu\/wp-content\/uploads\/2025\/03\/Fizzy-Luxury-Orange-Mango-Watermelon-15000puff.jpg\",\"contentUrl\":\"https:\/\/fizzyvape.eu\/wp-content\/uploads\/2025\/03\/Fizzy-Luxury-Orange-Mango-Watermelon-15000puff.jpg\",\"width\":1500,\"height\":1500,\"caption\":\"Fizzy-Luxury-Laranja-Manga-Melancia-15000puff\"},{\"@type\":\"BreadcrumbList\",\"@id\":\"https:\/\/fizzyvape.eu\/pt-pt\/produto\/fizzy-luxury-laranja-manga-melancia-15000-puffs\/#breadcrumb\",\"itemListElement\":[{\"@type\":\"ListItem\",\"position\":1,\"name\":\"Home\",\"item\":\"https:\/\/fizzyvape.eu\/pt-pt\/\"},{\"@type\":\"ListItem\",\"position\":2,\"name\":\"Shop\",\"item\":\"https:\/\/www.fizzyvape.eu\/pt-pt\/shop\/\"},{\"@type\":\"ListItem\",\"position\":3,\"name\":\"Fizzy Luxury Laranja Manga Melancia &#8211; 15000 Puffs\"}]},{\"@type\":\"WebSite\",\"@id\":\"https:\/\/www.fizzyvape.eu\/pt-pt\/#website\",\"url\":\"https:\/\/www.fizzyvape.eu\/pt-pt\/\",\"name\":\"fizzyvape.eu\",\"description\":\"Refreshing Vapes. Unforgettable Taste.\",\"publisher\":{\"@id\":\"https:\/\/www.fizzyvape.eu\/pt-pt\/#organization\"},\"potentialAction\":[{\"@type\":\"SearchAction\",\"target\":{\"@type\":\"EntryPoint\",\"urlTemplate\":\"https:\/\/www.fizzyvape.eu\/pt-pt\/?s={search_term_string}\"},\"query-input\":{\"@type\":\"PropertyValueSpecification\",\"valueRequired\":true,\"valueName\":\"search_term_string\"}}],\"inLanguage\":\"pt-PT\"},{\"@type\":\"Organization\",\"@id\":\"https:\/\/www.fizzyvape.eu\/pt-pt\/#organization\",\"name\":\"fizzyvape.eu\",\"url\":\"https:\/\/www.fizzyvape.eu\/pt-pt\/\",\"logo\":{\"@type\":\"ImageObject\",\"inLanguage\":\"pt-PT\",\"@id\":\"https:\/\/www.fizzyvape.eu\/pt-pt\/#\/schema\/logo\/image\/\",\"url\":\"https:\/\/fizzyvape.eu\/wp-content\/uploads\/2019\/06\/print-1.svg\",\"contentUrl\":\"https:\/\/fizzyvape.eu\/wp-content\/uploads\/2019\/06\/print-1.svg\",\"width\":124,\"height\":37,\"caption\":\"fizzyvape.eu\"},\"image\":{\"@id\":\"https:\/\/www.fizzyvape.eu\/pt-pt\/#\/schema\/logo\/image\/\"}}]}<\/script>\n<meta property=\"og:availability\" content=\"out of stock\" \/>\n<meta property=\"product:availability\" content=\"out of stock\" \/>\n<meta property=\"product:condition\" content=\"new\" \/>\n<!-- \/ Yoast SEO Premium plugin. -->","yoast_head_json":{"title":"Fizzy Luxury Laranja Manga Melancia - 15000 Puffs - fizzyvape.eu","robots":{"index":"index","follow":"follow","max-snippet":"max-snippet:-1","max-image-preview":"max-image-preview:large","max-video-preview":"max-video-preview:-1"},"canonical":"https:\/\/fizzyvape.eu\/pt-pt\/produto\/fizzy-luxury-laranja-manga-melancia-15000-puffs\/","og_locale":"pt_PT","og_type":"article","og_title":"Fizzy Luxury Laranja Manga Melancia - 15000 Puffs","og_description":"Experimenta um para\u00edso tropical com o Fizzy Luxury Orange Mango Watermelon 15000 Puffs. Desfruta da mistura perfeita de laranja picante, manga cremosa e melancia sumarenta, oferecendo 15.000 baforadas suaves com a tecnologia Dual-Mesh Quartz Coil para um vapor aveludado num corpo met\u00e1lico de primeira qualidade.","og_url":"https:\/\/fizzyvape.eu\/pt-pt\/produto\/fizzy-luxury-laranja-manga-melancia-15000-puffs\/","og_site_name":"fizzyvape.eu","og_image":[{"width":1500,"height":1500,"url":"https:\/\/www.fizzyvape.eu\/wp-content\/uploads\/2025\/03\/Fizzy-Luxury-Orange-Mango-Watermelon-15000puff.jpg","type":"image\/jpeg"}],"twitter_card":"summary_large_image","twitter_misc":{"Disponibilidade":"Esgotado"},"schema":{"@context":"https:\/\/schema.org","@graph":[{"@type":"WebPage","@id":"https:\/\/fizzyvape.eu\/pt-pt\/produto\/fizzy-luxury-laranja-manga-melancia-15000-puffs\/","url":"https:\/\/fizzyvape.eu\/pt-pt\/produto\/fizzy-luxury-laranja-manga-melancia-15000-puffs\/","name":"Fizzy Luxury Laranja Manga Melancia - 15000 Puffs - fizzyvape.eu","isPartOf":{"@id":"https:\/\/www.fizzyvape.eu\/pt-pt\/#website"},"primaryImageOfPage":{"@id":"https:\/\/fizzyvape.eu\/pt-pt\/produto\/fizzy-luxury-laranja-manga-melancia-15000-puffs\/#primaryimage"},"image":{"@id":"https:\/\/fizzyvape.eu\/pt-pt\/produto\/fizzy-luxury-laranja-manga-melancia-15000-puffs\/#primaryimage"},"thumbnailUrl":"https:\/\/fizzyvape.eu\/wp-content\/uploads\/2025\/03\/Fizzy-Luxury-Orange-Mango-Watermelon-15000puff.jpg","datePublished":"2025-03-28T10:14:04+00:00","breadcrumb":{"@id":"https:\/\/fizzyvape.eu\/pt-pt\/produto\/fizzy-luxury-laranja-manga-melancia-15000-puffs\/#breadcrumb"},"inLanguage":"pt-PT","potentialAction":[{"@type":"ReadAction","target":["https:\/\/fizzyvape.eu\/pt-pt\/produto\/fizzy-luxury-laranja-manga-melancia-15000-puffs\/"]}]},{"@type":"ImageObject","inLanguage":"pt-PT","@id":"https:\/\/fizzyvape.eu\/pt-pt\/produto\/fizzy-luxury-laranja-manga-melancia-15000-puffs\/#primaryimage","url":"https:\/\/fizzyvape.eu\/wp-content\/uploads\/2025\/03\/Fizzy-Luxury-Orange-Mango-Watermelon-15000puff.jpg","contentUrl":"https:\/\/fizzyvape.eu\/wp-content\/uploads\/2025\/03\/Fizzy-Luxury-Orange-Mango-Watermelon-15000puff.jpg","width":1500,"height":1500,"caption":"Fizzy-Luxury-Laranja-Manga-Melancia-15000puff"},{"@type":"BreadcrumbList","@id":"https:\/\/fizzyvape.eu\/pt-pt\/produto\/fizzy-luxury-laranja-manga-melancia-15000-puffs\/#breadcrumb","itemListElement":[{"@type":"ListItem","position":1,"name":"Home","item":"https:\/\/fizzyvape.eu\/pt-pt\/"},{"@type":"ListItem","position":2,"name":"Shop","item":"https:\/\/www.fizzyvape.eu\/pt-pt\/shop\/"},{"@type":"ListItem","position":3,"name":"Fizzy Luxury Laranja Manga Melancia &#8211; 15000 Puffs"}]},{"@type":"WebSite","@id":"https:\/\/www.fizzyvape.eu\/pt-pt\/#website","url":"https:\/\/www.fizzyvape.eu\/pt-pt\/","name":"fizzyvape.eu","description":"Refreshing Vapes. Unforgettable Taste.","publisher":{"@id":"https:\/\/www.fizzyvape.eu\/pt-pt\/#organization"},"potentialAction":[{"@type":"SearchAction","target":{"@type":"EntryPoint","urlTemplate":"https:\/\/www.fizzyvape.eu\/pt-pt\/?s={search_term_string}"},"query-input":{"@type":"PropertyValueSpecification","valueRequired":true,"valueName":"search_term_string"}}],"inLanguage":"pt-PT"},{"@type":"Organization","@id":"https:\/\/www.fizzyvape.eu\/pt-pt\/#organization","name":"fizzyvape.eu","url":"https:\/\/www.fizzyvape.eu\/pt-pt\/","logo":{"@type":"ImageObject","inLanguage":"pt-PT","@id":"https:\/\/www.fizzyvape.eu\/pt-pt\/#\/schema\/logo\/image\/","url":"https:\/\/fizzyvape.eu\/wp-content\/uploads\/2019\/06\/print-1.svg","contentUrl":"https:\/\/fizzyvape.eu\/wp-content\/uploads\/2019\/06\/print-1.svg","width":124,"height":37,"caption":"fizzyvape.eu"},"image":{"@id":"https:\/\/www.fizzyvape.eu\/pt-pt\/#\/schema\/logo\/image\/"}}]},"og_availability":"out of stock","product_availability":"out of stock","product_condition":"new"},"tiered_pricing_type":"fixed","tiered_pricing_fixed_rules":[],"tiered_pricing_product_settings":{"layout":"default","base_unit_name":{"singular":null,"plural":null},"default_variation":null},"tiered_pricing_minimum_quantity":null,"tiered_pricing_roles_data":[],"tiered_pricing_percentage_rules":[],"tiered_pricing_maximum_quantity":null,"tiered_pricing_quantity_step":null,"_links":{"self":[{"href":"https:\/\/fizzyvape.eu\/pt-pt\/wp-json\/wp\/v2\/product\/25871","targetHints":{"allow":["GET"]}}],"collection":[{"href":"https:\/\/fizzyvape.eu\/pt-pt\/wp-json\/wp\/v2\/product"}],"about":[{"href":"https:\/\/fizzyvape.eu\/pt-pt\/wp-json\/wp\/v2\/types\/product"}],"replies":[{"embeddable":true,"href":"https:\/\/fizzyvape.eu\/pt-pt\/wp-json\/wp\/v2\/comments?post=25871"}],"version-history":[{"count":0,"href":"https:\/\/fizzyvape.eu\/pt-pt\/wp-json\/wp\/v2\/product\/25871\/revisions"}],"wp:featuredmedia":[{"embeddable":true,"href":"https:\/\/fizzyvape.eu\/pt-pt\/wp-json\/wp\/v2\/media\/21263"}],"wp:attachment":[{"href":"https:\/\/fizzyvape.eu\/pt-pt\/wp-json\/wp\/v2\/media?parent=25871"}],"wp:term":[{"taxonomy":"product_brand","embeddable":true,"href":"https:\/\/fizzyvape.eu\/pt-pt\/wp-json\/wp\/v2\/product_brand?post=25871"},{"taxonomy":"product_cat","embeddable":true,"href":"https:\/\/fizzyvape.eu\/pt-pt\/wp-json\/wp\/v2\/product_cat?post=25871"},{"taxonomy":"product_tag","embeddable":true,"href":"https:\/\/fizzyvape.eu\/pt-pt\/wp-json\/wp\/v2\/product_tag?post=25871"}],"curies":[{"name":"wp","href":"https:\/\/api.w.org\/{rel}","templated":true}]}}