{"id":25901,"date":"2025-03-27T14:26:42","date_gmt":"2025-03-27T06:26:42","guid":{"rendered":"https:\/\/fizzyvape.eu\/product\/fizzy-pandora-melancia-mirtilo-12000-puffs\/"},"modified":"2025-03-27T14:26:42","modified_gmt":"2025-03-27T06:26:42","slug":"fizzy-pandora-melancia-mirtilo-12000-puffs","status":"publish","type":"product","link":"https:\/\/fizzyvape.eu\/pt-pt\/produto\/fizzy-pandora-melancia-mirtilo-12000-puffs\/","title":{"rendered":"Fizzy Pandora Melancia Mirtilo &#8211; 12000 Puffs"},"content":{"rendered":"<div>\n<h2><strong>Fizzy Pandora Watermelon Blueberry 12000 Puffs &#8211; Vape descart\u00e1vel Premium Dual Fruit<\/strong><\/h2>\n<p>Experimenta a mistura perfeita de ver\u00e3o com o<strong> Fizzy Pandora Watermelon Blueberry 12000 Puffs<\/strong> &#8211; uma fus\u00e3o refrescante de melancia sumarenta e mirtilos carnudos com um acabamento cintilante. Desfruta de 12.000 baforadas ultra-suaves de e-l\u00edquido com 5% de nicotina e sal num design elegante, recarreg\u00e1vel por USB-C, com tecnologia avan\u00e7ada de bobina de malha. <\/p>\n<h3><strong>Porqu\u00ea escolher Fizzy Pandora Watermelon Blueberry?<\/strong><\/h3>\n<p>\ud83c\udf49\ud83e\uded0 <strong>Harmonia dupla de frutos<\/strong>: Propor\u00e7\u00e3o perfeita de 60\/40 entre melancia e mirtilo <\/p>\n<p>\u26a1 <strong>Prolonga 12.000 baforadas<\/strong>: Dura 2-3 semanas com uma utiliza\u00e7\u00e3o regular<\/p>\n<p>\ud83d\udca7 <strong>20mL E-Liquid Capacity<\/strong>: 5% de sal de nicotina premium<\/p>\n<p><strong>Design \u00e0 prova de fugas<\/strong>: Constru\u00e7\u00e3o selada avan\u00e7ada<\/p>\n<p>\ud83d\udccf <strong>Tamanho compacto<\/strong>: 48\u00d720,6\u00d788mm dimens\u00f5es adequadas para viagens<\/p>\n<h3>Conte\u00fado da embalagem<\/h3>\n<p>1 \u00d7 dispositivo Fizzy Pandora Melancia Mirtilo 12000 Puffs<\/p>\n<\/div>\n<div>\n<h3>Especifica\u00e7\u00f5es<\/h3>\n<table>\n<tbody>\n<tr>\n<td>Puffs<\/td>\n<td><strong>Mais de 12000 Puffs<\/strong><\/td>\n<\/tr>\n<tr>\n<td>Capacidade do E-l\u00edquido<\/td>\n<td><strong>20ml<\/strong><\/td>\n<\/tr>\n<tr>\n<td>Capacidade da bateria<\/td>\n<td><strong>650mAh<\/strong><\/td>\n<\/tr>\n<tr>\n<td>Bobina de malha<\/td>\n<td><strong>1.4\u03a9<\/strong><\/td>\n<\/tr>\n<tr>\n<td>Tamanho<\/td>\n<td><strong>48*20,6*88mm<\/strong><\/td>\n<\/tr>\n<tr>\n<td>Descart\u00e1vel ou n\u00e3o<\/td>\n<td><strong>Descart\u00e1vel<\/strong><\/td>\n<\/tr>\n<tr>\n<td>M\u00e9todo de carregamento<\/td>\n<td><strong>Cabo<\/strong><\/td>\n<\/tr>\n<tr>\n<td>M\u00e9todo de ativa\u00e7\u00e3o<\/td>\n<td><strong>Sensor<\/strong><\/td>\n<\/tr>\n<tr>\n<td>N\u00edvel de nicotina<\/td>\n<td><strong>5% (50mg\/ml)<\/strong><\/td>\n<\/tr>\n<tr>\n<td>Sabores<\/td>\n<td><strong>12<\/strong><\/td>\n<\/tr>\n<tr>\n<td>Embalagem<\/td>\n<td><strong>1 embalagem<\/strong><\/td>\n<\/tr>\n<tr>\n<td>Tempo de carregamento<\/td>\n<td><strong>2 horas<\/strong><\/td>\n<\/tr>\n<tr>\n<td>Armazenamento<\/td>\n<td><strong>Evita ambientes com temperaturas elevadas e armazena em local fresco e seco.<\/strong><\/td>\n<\/tr>\n<tr>\n<td>Pessoas proibidas de usar<\/td>\n<td><strong>Menores de idade, mulheres gr\u00e1vidas e pessoas al\u00e9rgicas aos ingredientes do produto.<\/strong><\/td>\n<\/tr>\n<tr>\n<td>Cuidado<\/td>\n<td><strong>N\u00e3o engulas esta subst\u00e2ncia. Em caso de ingest\u00e3o, lava imediata e abundantemente a boca. Se te sentires mal, procura assist\u00eancia m\u00e9dica.  <\/strong><\/td>\n<\/tr>\n<\/tbody>\n<\/table>\n<h3>Lista de sabores de <strong>Fizzy Pandora <\/strong>12000 Puffs:<\/h3>\n<ol>\n<li><a href=\"https:\/\/fizzyvape.eu\/product\/fizzy-pandora-watermelon-12000-puffs\/\">Melancia<\/a><\/li>\n<li><a href=\"https:\/\/fizzyvape.eu\/product\/fizzy-pandora-mango-12000-puffs\/\">Manga<\/a><\/li>\n<li><a href=\"https:\/\/fizzyvape.eu\/product\/fizzy-pandora-grape-12000-puffs\/\">Uva<\/a><\/li>\n<li><a href=\"https:\/\/fizzyvape.eu\/product\/fizzy-pandora-pomegranate-12000-puffs\/\">Rom\u00e3<\/a><\/li>\n<li><a href=\"https:\/\/fizzyvape.eu\/product\/fizzy-pandora-peach-12000-puffs\/\">P\u00eassego<\/a><\/li>\n<li><a href=\"https:\/\/fizzyvape.eu\/product\/fizzy-pandora-blueberry-raspberry-12000-puffs\/\">Mirtilo Framboesa<\/a><\/li>\n<li><a href=\"https:\/\/fizzyvape.eu\/product\/fizzy-pandora-orange-mango-watermelon-12000-puffs\/\">Laranja Manga Melancia<\/a><\/li>\n<li><a href=\"https:\/\/fizzyvape.eu\/product\/fizzy-pandora-ice-mint-12000-puffs\/\">Menta gelada<\/a><\/li>\n<li><a href=\"https:\/\/fizzyvape.eu\/product\/fizzy-pandora-strawberry-kiwi-pomegranate-12000-puffs\/\">Morango Kiwi Rom\u00e3<\/a><\/li>\n<li><a href=\"https:\/\/fizzyvape.eu\/product\/fizzy-pandora-blueberry-12000-puffs\/\">Mirtilo<\/a><\/li>\n<li><a href=\"https:\/\/fizzyvape.eu\/pt-pt\/produto\/fizzy-pandora-morango-12000-puffs\/\">Morango<\/a><\/li>\n<li><a href=\"https:\/\/fizzyvape.eu\/pt-pt\/produto\/fizzy-pandora-melancia-mirtilo-12000-puffs\/\">Melancia Mirtilo<\/a><\/li>\n<\/ol>\n<h3>Perguntas frequentes sobre o Fizzy Pandora Watermelon Blueberry 12000 Puffs Vape<\/h3>\n<ol start=\"1\">\n<li><strong>Como \u00e9 que o sabor se compara ao dos vaporizadores de uma s\u00f3 fruta?<\/strong><br \/>\nA nossa mistura de duas frutas oferece uma complexidade em camadas &#8211; come\u00e7ando com a refresc\u00e2ncia da melancia que transita suavemente para a do\u00e7ura do mirtilo, criando uma experi\u00eancia mais sofisticada do que os sabores de uma s\u00f3 nota.<\/li>\n<li><strong>O efeito de arrefecimento \u00e9 demasiado forte?<\/strong><br \/>\nA melancia proporciona um n\u00edvel de arrefecimento suave de 4\/10 &#8211; apenas o suficiente para ser refrescante sem o frio intenso dos sabores mentolados.<\/li>\n<li><strong>Com que frequ\u00eancia tenho de o recarregar?<\/strong><br \/>\nA maioria dos utilizadores recarrega 2 a 3 vezes para utilizar totalmente o e-l\u00edquido de 20 ml (cada carregamento fornece cerca de 4.000 baforadas).<\/li>\n<li><strong>Um sabor sobrep\u00f5e-se ao outro?<\/strong><br \/>\nN\u00e3o &#8211; os nossos engenheiros de aromas conseguiram um equil\u00edbrio perfeito (os inqu\u00e9ritos aos clientes mostram que 58% detectam ambos os aromas de forma igual durante a utiliza\u00e7\u00e3o).<\/li>\n<li><strong>\u00c9 adequado para vaporizar durante todo o dia?<\/strong><br \/>\nPodes crer! O sal de nicotina a 5% proporciona-te batidas satisfat\u00f3rias e suaves, enquanto o perfil de sabor equilibrado evita a fadiga do sabor. <\/li>\n<\/ol>\n<\/div>\n","protected":false},"excerpt":{"rendered":"<p><strong>Fizzy Pandora Watermelon Blueberry 12000 Puffs<\/strong>: Experimenta a fus\u00e3o perfeita de ver\u00e3o entre a sumarenta melancia e os doces mirtilos com um refrescante final efervescente neste vape descart\u00e1vel recarreg\u00e1vel de longa dura\u00e7\u00e3o.<\/p>\n","protected":false},"featured_media":20599,"comment_status":"open","ping_status":"closed","template":"","meta":{"iawp_total_views":1},"product_brand":[],"product_cat":[292],"product_tag":[294],"class_list":{"0":"post-25901","1":"product","2":"type-product","3":"status-publish","4":"has-post-thumbnail","6":"product_cat-pandora-pt-pt","7":"product_tag-12000-puffs-pt-pt","9":"first","10":"outofstock","11":"shipping-taxable","12":"purchasable","13":"product-type-variable"},"yoast_head":"<!-- This site is optimized with the Yoast SEO Premium plugin v24.8 (Yoast SEO v24.8) - https:\/\/yoast.com\/wordpress\/plugins\/seo\/ -->\n<title>Fizzy Pandora Melancia Mirtilo - 12000 Puffs - fizzyvape.eu<\/title>\n<meta name=\"robots\" content=\"index, follow, max-snippet:-1, max-image-preview:large, max-video-preview:-1\" \/>\n<link rel=\"canonical\" href=\"https:\/\/fizzyvape.eu\/pt-pt\/produto\/fizzy-pandora-melancia-mirtilo-12000-puffs\/\" \/>\n<meta property=\"og:locale\" content=\"pt_PT\" \/>\n<meta property=\"og:type\" content=\"article\" \/>\n<meta property=\"og:title\" content=\"Fizzy Pandora Melancia Mirtilo - 12000 Puffs\" \/>\n<meta property=\"og:description\" content=\"Fizzy Pandora Watermelon Blueberry 12000 Puffs: Experimenta a fus\u00e3o perfeita de ver\u00e3o entre a sumarenta melancia e os doces mirtilos com um refrescante final efervescente neste vape descart\u00e1vel recarreg\u00e1vel de longa dura\u00e7\u00e3o.\" \/>\n<meta property=\"og:url\" content=\"https:\/\/fizzyvape.eu\/pt-pt\/produto\/fizzy-pandora-melancia-mirtilo-12000-puffs\/\" \/>\n<meta property=\"og:site_name\" content=\"fizzyvape.eu\" \/>\n<meta property=\"og:image\" content=\"https:\/\/fizzyvape.eu\/wp-content\/uploads\/2025\/03\/Fizzy-Pandora-WATERMELON-BLUEBERRY-12000PUFF-2.jpg\" \/>\n\t<meta property=\"og:image:width\" content=\"1057\" \/>\n\t<meta property=\"og:image:height\" content=\"1037\" \/>\n\t<meta property=\"og:image:type\" content=\"image\/jpeg\" \/>\n<meta name=\"twitter:card\" content=\"summary_large_image\" \/>\n<meta name=\"twitter:label1\" content=\"Disponibilidade\" \/>\n\t<meta name=\"twitter:data1\" content=\"Esgotado\" \/>\n<script type=\"application\/ld+json\" class=\"yoast-schema-graph\">{\"@context\":\"https:\/\/schema.org\",\"@graph\":[{\"@type\":\"WebPage\",\"@id\":\"https:\/\/fizzyvape.eu\/pt-pt\/produto\/fizzy-pandora-melancia-mirtilo-12000-puffs\/\",\"url\":\"https:\/\/fizzyvape.eu\/pt-pt\/produto\/fizzy-pandora-melancia-mirtilo-12000-puffs\/\",\"name\":\"Fizzy Pandora Melancia Mirtilo - 12000 Puffs - fizzyvape.eu\",\"isPartOf\":{\"@id\":\"https:\/\/www.fizzyvape.eu\/pt-pt\/#website\"},\"primaryImageOfPage\":{\"@id\":\"https:\/\/fizzyvape.eu\/pt-pt\/produto\/fizzy-pandora-melancia-mirtilo-12000-puffs\/#primaryimage\"},\"image\":{\"@id\":\"https:\/\/fizzyvape.eu\/pt-pt\/produto\/fizzy-pandora-melancia-mirtilo-12000-puffs\/#primaryimage\"},\"thumbnailUrl\":\"https:\/\/fizzyvape.eu\/wp-content\/uploads\/2025\/03\/Fizzy-Pandora-WATERMELON-BLUEBERRY-12000PUFF-2.jpg\",\"datePublished\":\"2025-03-27T06:26:42+00:00\",\"breadcrumb\":{\"@id\":\"https:\/\/fizzyvape.eu\/pt-pt\/produto\/fizzy-pandora-melancia-mirtilo-12000-puffs\/#breadcrumb\"},\"inLanguage\":\"pt-PT\",\"potentialAction\":[{\"@type\":\"ReadAction\",\"target\":[\"https:\/\/fizzyvape.eu\/pt-pt\/produto\/fizzy-pandora-melancia-mirtilo-12000-puffs\/\"]}]},{\"@type\":\"ImageObject\",\"inLanguage\":\"pt-PT\",\"@id\":\"https:\/\/fizzyvape.eu\/pt-pt\/produto\/fizzy-pandora-melancia-mirtilo-12000-puffs\/#primaryimage\",\"url\":\"https:\/\/fizzyvape.eu\/wp-content\/uploads\/2025\/03\/Fizzy-Pandora-WATERMELON-BLUEBERRY-12000PUFF-2.jpg\",\"contentUrl\":\"https:\/\/fizzyvape.eu\/wp-content\/uploads\/2025\/03\/Fizzy-Pandora-WATERMELON-BLUEBERRY-12000PUFF-2.jpg\",\"width\":1057,\"height\":1037,\"caption\":\"Fizzy-Pandora-WATERMELON BLUEBERRY-12000PUFF\"},{\"@type\":\"BreadcrumbList\",\"@id\":\"https:\/\/fizzyvape.eu\/pt-pt\/produto\/fizzy-pandora-melancia-mirtilo-12000-puffs\/#breadcrumb\",\"itemListElement\":[{\"@type\":\"ListItem\",\"position\":1,\"name\":\"Home\",\"item\":\"https:\/\/fizzyvape.eu\/pt-pt\/\"},{\"@type\":\"ListItem\",\"position\":2,\"name\":\"Shop\",\"item\":\"https:\/\/www.fizzyvape.eu\/pt-pt\/shop\/\"},{\"@type\":\"ListItem\",\"position\":3,\"name\":\"Fizzy Pandora Melancia Mirtilo &#8211; 12000 Puffs\"}]},{\"@type\":\"WebSite\",\"@id\":\"https:\/\/www.fizzyvape.eu\/pt-pt\/#website\",\"url\":\"https:\/\/www.fizzyvape.eu\/pt-pt\/\",\"name\":\"fizzyvape.eu\",\"description\":\"Refreshing Vapes. Unforgettable Taste.\",\"publisher\":{\"@id\":\"https:\/\/www.fizzyvape.eu\/pt-pt\/#organization\"},\"potentialAction\":[{\"@type\":\"SearchAction\",\"target\":{\"@type\":\"EntryPoint\",\"urlTemplate\":\"https:\/\/www.fizzyvape.eu\/pt-pt\/?s={search_term_string}\"},\"query-input\":{\"@type\":\"PropertyValueSpecification\",\"valueRequired\":true,\"valueName\":\"search_term_string\"}}],\"inLanguage\":\"pt-PT\"},{\"@type\":\"Organization\",\"@id\":\"https:\/\/www.fizzyvape.eu\/pt-pt\/#organization\",\"name\":\"fizzyvape.eu\",\"url\":\"https:\/\/www.fizzyvape.eu\/pt-pt\/\",\"logo\":{\"@type\":\"ImageObject\",\"inLanguage\":\"pt-PT\",\"@id\":\"https:\/\/www.fizzyvape.eu\/pt-pt\/#\/schema\/logo\/image\/\",\"url\":\"https:\/\/fizzyvape.eu\/wp-content\/uploads\/2019\/06\/print-1.svg\",\"contentUrl\":\"https:\/\/fizzyvape.eu\/wp-content\/uploads\/2019\/06\/print-1.svg\",\"width\":124,\"height\":37,\"caption\":\"fizzyvape.eu\"},\"image\":{\"@id\":\"https:\/\/www.fizzyvape.eu\/pt-pt\/#\/schema\/logo\/image\/\"}}]}<\/script>\n<meta property=\"og:availability\" content=\"out of stock\" \/>\n<meta property=\"product:availability\" content=\"out of stock\" \/>\n<meta property=\"product:condition\" content=\"new\" \/>\n<!-- \/ Yoast SEO Premium plugin. -->","yoast_head_json":{"title":"Fizzy Pandora Melancia Mirtilo - 12000 Puffs - fizzyvape.eu","robots":{"index":"index","follow":"follow","max-snippet":"max-snippet:-1","max-image-preview":"max-image-preview:large","max-video-preview":"max-video-preview:-1"},"canonical":"https:\/\/fizzyvape.eu\/pt-pt\/produto\/fizzy-pandora-melancia-mirtilo-12000-puffs\/","og_locale":"pt_PT","og_type":"article","og_title":"Fizzy Pandora Melancia Mirtilo - 12000 Puffs","og_description":"Fizzy Pandora Watermelon Blueberry 12000 Puffs: Experimenta a fus\u00e3o perfeita de ver\u00e3o entre a sumarenta melancia e os doces mirtilos com um refrescante final efervescente neste vape descart\u00e1vel recarreg\u00e1vel de longa dura\u00e7\u00e3o.","og_url":"https:\/\/fizzyvape.eu\/pt-pt\/produto\/fizzy-pandora-melancia-mirtilo-12000-puffs\/","og_site_name":"fizzyvape.eu","og_image":[{"width":1057,"height":1037,"url":"https:\/\/fizzyvape.eu\/wp-content\/uploads\/2025\/03\/Fizzy-Pandora-WATERMELON-BLUEBERRY-12000PUFF-2.jpg","type":"image\/jpeg"}],"twitter_card":"summary_large_image","twitter_misc":{"Disponibilidade":"Esgotado"},"schema":{"@context":"https:\/\/schema.org","@graph":[{"@type":"WebPage","@id":"https:\/\/fizzyvape.eu\/pt-pt\/produto\/fizzy-pandora-melancia-mirtilo-12000-puffs\/","url":"https:\/\/fizzyvape.eu\/pt-pt\/produto\/fizzy-pandora-melancia-mirtilo-12000-puffs\/","name":"Fizzy Pandora Melancia Mirtilo - 12000 Puffs - fizzyvape.eu","isPartOf":{"@id":"https:\/\/www.fizzyvape.eu\/pt-pt\/#website"},"primaryImageOfPage":{"@id":"https:\/\/fizzyvape.eu\/pt-pt\/produto\/fizzy-pandora-melancia-mirtilo-12000-puffs\/#primaryimage"},"image":{"@id":"https:\/\/fizzyvape.eu\/pt-pt\/produto\/fizzy-pandora-melancia-mirtilo-12000-puffs\/#primaryimage"},"thumbnailUrl":"https:\/\/fizzyvape.eu\/wp-content\/uploads\/2025\/03\/Fizzy-Pandora-WATERMELON-BLUEBERRY-12000PUFF-2.jpg","datePublished":"2025-03-27T06:26:42+00:00","breadcrumb":{"@id":"https:\/\/fizzyvape.eu\/pt-pt\/produto\/fizzy-pandora-melancia-mirtilo-12000-puffs\/#breadcrumb"},"inLanguage":"pt-PT","potentialAction":[{"@type":"ReadAction","target":["https:\/\/fizzyvape.eu\/pt-pt\/produto\/fizzy-pandora-melancia-mirtilo-12000-puffs\/"]}]},{"@type":"ImageObject","inLanguage":"pt-PT","@id":"https:\/\/fizzyvape.eu\/pt-pt\/produto\/fizzy-pandora-melancia-mirtilo-12000-puffs\/#primaryimage","url":"https:\/\/fizzyvape.eu\/wp-content\/uploads\/2025\/03\/Fizzy-Pandora-WATERMELON-BLUEBERRY-12000PUFF-2.jpg","contentUrl":"https:\/\/fizzyvape.eu\/wp-content\/uploads\/2025\/03\/Fizzy-Pandora-WATERMELON-BLUEBERRY-12000PUFF-2.jpg","width":1057,"height":1037,"caption":"Fizzy-Pandora-WATERMELON BLUEBERRY-12000PUFF"},{"@type":"BreadcrumbList","@id":"https:\/\/fizzyvape.eu\/pt-pt\/produto\/fizzy-pandora-melancia-mirtilo-12000-puffs\/#breadcrumb","itemListElement":[{"@type":"ListItem","position":1,"name":"Home","item":"https:\/\/fizzyvape.eu\/pt-pt\/"},{"@type":"ListItem","position":2,"name":"Shop","item":"https:\/\/www.fizzyvape.eu\/pt-pt\/shop\/"},{"@type":"ListItem","position":3,"name":"Fizzy Pandora Melancia Mirtilo &#8211; 12000 Puffs"}]},{"@type":"WebSite","@id":"https:\/\/www.fizzyvape.eu\/pt-pt\/#website","url":"https:\/\/www.fizzyvape.eu\/pt-pt\/","name":"fizzyvape.eu","description":"Refreshing Vapes. Unforgettable Taste.","publisher":{"@id":"https:\/\/www.fizzyvape.eu\/pt-pt\/#organization"},"potentialAction":[{"@type":"SearchAction","target":{"@type":"EntryPoint","urlTemplate":"https:\/\/www.fizzyvape.eu\/pt-pt\/?s={search_term_string}"},"query-input":{"@type":"PropertyValueSpecification","valueRequired":true,"valueName":"search_term_string"}}],"inLanguage":"pt-PT"},{"@type":"Organization","@id":"https:\/\/www.fizzyvape.eu\/pt-pt\/#organization","name":"fizzyvape.eu","url":"https:\/\/www.fizzyvape.eu\/pt-pt\/","logo":{"@type":"ImageObject","inLanguage":"pt-PT","@id":"https:\/\/www.fizzyvape.eu\/pt-pt\/#\/schema\/logo\/image\/","url":"https:\/\/fizzyvape.eu\/wp-content\/uploads\/2019\/06\/print-1.svg","contentUrl":"https:\/\/fizzyvape.eu\/wp-content\/uploads\/2019\/06\/print-1.svg","width":124,"height":37,"caption":"fizzyvape.eu"},"image":{"@id":"https:\/\/www.fizzyvape.eu\/pt-pt\/#\/schema\/logo\/image\/"}}]},"og_availability":"out of stock","product_availability":"out of stock","product_condition":"new"},"tiered_pricing_type":"fixed","tiered_pricing_fixed_rules":[],"tiered_pricing_product_settings":{"layout":"default","base_unit_name":{"singular":null,"plural":null},"default_variation":null},"tiered_pricing_minimum_quantity":null,"tiered_pricing_roles_data":[],"tiered_pricing_percentage_rules":[],"tiered_pricing_maximum_quantity":null,"tiered_pricing_quantity_step":null,"_links":{"self":[{"href":"https:\/\/fizzyvape.eu\/pt-pt\/wp-json\/wp\/v2\/product\/25901","targetHints":{"allow":["GET"]}}],"collection":[{"href":"https:\/\/fizzyvape.eu\/pt-pt\/wp-json\/wp\/v2\/product"}],"about":[{"href":"https:\/\/fizzyvape.eu\/pt-pt\/wp-json\/wp\/v2\/types\/product"}],"replies":[{"embeddable":true,"href":"https:\/\/fizzyvape.eu\/pt-pt\/wp-json\/wp\/v2\/comments?post=25901"}],"version-history":[{"count":0,"href":"https:\/\/fizzyvape.eu\/pt-pt\/wp-json\/wp\/v2\/product\/25901\/revisions"}],"wp:featuredmedia":[{"embeddable":true,"href":"https:\/\/fizzyvape.eu\/pt-pt\/wp-json\/wp\/v2\/media\/20599"}],"wp:attachment":[{"href":"https:\/\/fizzyvape.eu\/pt-pt\/wp-json\/wp\/v2\/media?parent=25901"}],"wp:term":[{"taxonomy":"product_brand","embeddable":true,"href":"https:\/\/fizzyvape.eu\/pt-pt\/wp-json\/wp\/v2\/product_brand?post=25901"},{"taxonomy":"product_cat","embeddable":true,"href":"https:\/\/fizzyvape.eu\/pt-pt\/wp-json\/wp\/v2\/product_cat?post=25901"},{"taxonomy":"product_tag","embeddable":true,"href":"https:\/\/fizzyvape.eu\/pt-pt\/wp-json\/wp\/v2\/product_tag?post=25901"}],"curies":[{"name":"wp","href":"https:\/\/api.w.org\/{rel}","templated":true}]}}