{"id":25978,"date":"2025-03-27T17:27:55","date_gmt":"2025-03-27T09:27:55","guid":{"rendered":"https:\/\/fizzyvape.eu\/product\/fizzy-boom-morango-13000-puffs\/"},"modified":"2025-03-27T17:27:55","modified_gmt":"2025-03-27T09:27:55","slug":"fizzy-boom-morango-13000-puffs","status":"publish","type":"product","link":"https:\/\/fizzyvape.eu\/pt-pt\/produto\/fizzy-boom-morango-13000-puffs\/","title":{"rendered":"Fizzy Boom Morango &#8211; 13000 Puffs"},"content":{"rendered":"<div>\n<h2><strong>Fizzy Boom Strawberry 13000 Puffs &#8211; Vape descart\u00e1vel Premium Iced Blueberry<\/strong><\/h2>\n<p>Delicia-te com o sabor delicioso dos morangos amadurecidos ao sol com <strong>Fizzy Boom Strawberry 13000 Puffs<\/strong>. Este vape descart\u00e1vel de primeira qualidade proporciona um sabor aut\u00eantico e sumarento a morango, doce mas nunca enjoativo, com a quantidade certa de acidez natural. Concebido para os amantes de morangos, apresenta a nossa tecnologia avan\u00e7ada de bobina de malha dupla que preserva a verdadeira ess\u00eancia das bagas acabadas de colher em cada baforada.  <\/p>\n<h3><strong>Porqu\u00ea escolher Fizzy Boom Strawberry 13000 Puffs?<\/strong><\/h3>\n<p>\ud83c\udf1f <strong>True Strawberry Bliss<\/strong> &#8211; Sabor aut\u00eantico a morango amadurecido ao sol, <strong>sem sabor artificial<\/strong><br \/>\n\ud83c\udf53 <strong>Equil\u00edbrio perfeito entre doce e azedo<\/strong> &#8211; <strong>7\/10 de do\u00e7ura<\/strong> para uma autenticidade natural dos frutos silvestres<br \/>\n\u26a1 <strong>Extended 13,000 Puffs<\/strong> &#8211; <strong>Dura 3-4 semanas<\/strong> (vs. descart\u00e1veis normais de 8,000 puffs)<br \/>\n\ud83d\udd0b <strong>Recarreg\u00e1vel por USB-C<\/strong> &#8211; <strong>N\u00e3o desperdi\u00e7as e-l\u00edquido<\/strong>; aproveita cada gota da capacidade de 21 ml<br \/>\n\ud83d\udc8e <strong>Constru\u00e7\u00e3o Premium<\/strong> &#8211; <strong>Acabamento vermelho-rubi brilhante<\/strong>, boquilha ergon\u00f3mica e    <strong>design \u00e0 prova de fugas<\/strong><\/p>\n<h3>Conte\u00fado da embalagem<\/h3>\n<p>1 \u00d7 dispositivo Fizzy Boom Strawberry 13000 Puffs<\/p>\n<\/div>\n<div>\n<h3>Especifica\u00e7\u00f5es<\/h3>\n<table>\n<tbody>\n<tr>\n<td>Puffs<\/td>\n<td><strong>Mais de 13000 Puffs<\/strong><\/td>\n<\/tr>\n<tr>\n<td>Capacidade do E-l\u00edquido<\/td>\n<td><strong>21ml<\/strong><\/td>\n<\/tr>\n<tr>\n<td>Capacidade da bateria<\/td>\n<td><strong>650mAh<\/strong><\/td>\n<\/tr>\n<tr>\n<td>Bobina de malha<\/td>\n<td><strong>1.4\u03a9<\/strong><\/td>\n<\/tr>\n<tr>\n<td>Tamanho<\/td>\n<td><strong>52,8*76,5*25mm<\/strong><\/td>\n<\/tr>\n<tr>\n<td>Descart\u00e1vel ou n\u00e3o<\/td>\n<td><strong>Descart\u00e1vel<\/strong><\/td>\n<\/tr>\n<tr>\n<td>M\u00e9todo de carregamento<\/td>\n<td><strong>Cabo<\/strong><\/td>\n<\/tr>\n<tr>\n<td>M\u00e9todo de ativa\u00e7\u00e3o<\/td>\n<td><strong>Sensor<\/strong><\/td>\n<\/tr>\n<tr>\n<td>N\u00edvel de nicotina<\/td>\n<td><strong>2% (20mg\/mL) e 5% (50mg\/mL)<\/strong><\/td>\n<\/tr>\n<tr>\n<td>Sabores<\/td>\n<td><strong>12<\/strong><\/td>\n<\/tr>\n<tr>\n<td>Embalagem<\/td>\n<td><strong>1 embalagem<\/strong><\/td>\n<\/tr>\n<tr>\n<td>Tempo de carregamento<\/td>\n<td><strong>2 horas<\/strong><\/td>\n<\/tr>\n<tr>\n<td>Armazenamento<\/td>\n<td><strong>Evita ambientes com temperaturas elevadas e armazena em local fresco e seco.<\/strong><\/td>\n<\/tr>\n<tr>\n<td>Pessoas proibidas de usar<\/td>\n<td><strong>Menores de idade, mulheres gr\u00e1vidas e pessoas al\u00e9rgicas aos ingredientes do produto.<\/strong><\/td>\n<\/tr>\n<tr>\n<td>Cuidado<\/td>\n<td><strong>N\u00e3o engulas esta subst\u00e2ncia. Em caso de ingest\u00e3o, lava imediata e abundantemente a boca. Se te sentires mal, procura assist\u00eancia m\u00e9dica.  <\/strong><\/td>\n<\/tr>\n<\/tbody>\n<\/table>\n<h3>Lista de sabores de <strong>Fizzy Boom <\/strong>13000 Puffs:<\/h3>\n<ol>\n<li><a href=\"https:\/\/fizzyvape.eu\/product\/fizzy-boom-peach-13000-puffs\/\">P\u00eassego<\/a><\/li>\n<li><a href=\"https:\/\/fizzyvape.eu\/pt-pt\/produto\/fizzy-boom-blueberry-ice-13000-puffs\/\">Gelo de mirtilo<\/a><\/li>\n<li><a href=\"https:\/\/fizzyvape.eu\/pt-pt\/produto\/gelo-de-uva-fizzy-boom-13000-puffs\/\">Gelo de uva<\/a><\/li>\n<li><a href=\"https:\/\/fizzyvape.eu\/pt-pt\/produto\/fizzy-boom-morango-13000-puffs\/\">Morango<\/a><\/li>\n<li><a href=\"https:\/\/fizzyvape.eu\/pt-pt\/produto\/fizzy-boom-gelo-de-melancia-13000-puffs\/\">Gelo de melancia<\/a><\/li>\n<li><a href=\"https:\/\/fizzyvape.eu\/pt-pt\/produto\/fizzy-boom-blueberry-watermelon-bubblegum-13000-puffs\/\">Amora Melancia Pastilha el\u00e1stica<\/a><\/li>\n<li><a href=\"https:\/\/fizzyvape.eu\/product\/fizzy-boom-sour-apple-13000-puffs\/\">Ma\u00e7\u00e3 \u00e1cida<\/a><\/li>\n<li><a href=\"https:\/\/fizzyvape.eu\/product\/fizzy-boom-watermelon-cherry-13000-puffs\/\">Melancia Cereja<\/a><\/li>\n<li><a href=\"https:\/\/fizzyvape.eu\/product\/fizzy-boom-blueberry-melon-13000-puffs\/\">Mel\u00e3o com mirtilo<\/a><\/li>\n<li><a href=\"https:\/\/fizzyvape.eu\/product\/fizzy-boom-kiwi-berry-ice-13000-puffs\/\">Gelo de bagas de kiwi<\/a><\/li>\n<li><a href=\"https:\/\/fizzyvape.eu\/product\/fizzy-boom-blueberry-raspberry-lemon-13000-puffs\/\">Mirtilo Framboesa Lim\u00e3o<\/a><\/li>\n<li><a href=\"https:\/\/fizzyvape.eu\/product\/fizzy-boom-strawberry-watermelon-pomegranate-13000-puffs\/\">Morango Melancia Rom\u00e3<\/a><\/li>\n<\/ol>\n<h3>Perguntas frequentes sobre o Fizzy Boom Strawberry 13000 Puffs Vape<\/h3>\n<ol start=\"1\">\n<li><strong>Quanto tempo dura um aparelho Fizzy Boom Strawberry?<\/strong><br \/>\nCom <strong>13.000 baforadas<\/strong>, este aparelho dura normalmente <strong>3 a 4 semanas<\/strong> para vapers m\u00e9dios. A <strong>capacidade de 21 ml de e-l\u00edquido<\/strong> e <strong>a bateria recarreg\u00e1vel TYPE-C<\/strong> garantem uma utiliza\u00e7\u00e3o prolongada entre carregamentos. <\/li>\n<li><strong>O sabor do morango \u00e9 demasiado doce ou artificial?<\/strong><br \/>\nN\u00e3o! O nosso sabor \u00e9 <strong>naturalmente equilibrado<\/strong> &#8211; <strong>7\/10 de do\u00e7ura<\/strong> com uma acidez aut\u00eantica (como os morangos acabados de colher). <strong>N\u00e3o \u00e9 doce<\/strong> ou demasiado a\u00e7ucarado.  <\/li>\n<li><strong>Como \u00e9 que a consist\u00eancia do sabor se mant\u00e9m?<\/strong><br \/>\nGra\u00e7as \u00e0 nossa <strong>tecnologia de bobina de malha dupla<\/strong>, o sabor do morango mant\u00e9m-se <strong>vibrante e consistente<\/strong> durante todas as 13.000 baforadas &#8211; n\u00e3o h\u00e1 degrada\u00e7\u00e3o do sabor como acontece com os descart\u00e1veis mais baratos.<\/li>\n<\/ol>\n<\/div>\n","protected":false},"excerpt":{"rendered":"<p><strong>Fizzy Boom Strawberry 13000 Puffs<\/strong>: Delicia-te com o sabor aut\u00eantico e sumarento dos morangos amadurecidos ao sol, com um equil\u00edbrio perfeito entre o doce e o azedo, neste vape descart\u00e1vel recarreg\u00e1vel de longa dura\u00e7\u00e3o.<\/p>\n","protected":false},"featured_media":20903,"comment_status":"open","ping_status":"closed","template":"","meta":{"iawp_total_views":0},"product_brand":[],"product_cat":[306],"product_tag":[307],"class_list":{"0":"post-25978","1":"product","2":"type-product","3":"status-publish","4":"has-post-thumbnail","6":"product_cat-boom-pt-pt","7":"product_tag-13000-puffs-pt-pt","9":"first","10":"outofstock","11":"shipping-taxable","12":"purchasable","13":"product-type-variable"},"yoast_head":"<!-- This site is optimized with the Yoast SEO Premium plugin v24.8 (Yoast SEO v24.8) - https:\/\/yoast.com\/wordpress\/plugins\/seo\/ -->\n<title>Fizzy Boom Morango - 13000 Puffs - fizzyvape.eu<\/title>\n<meta name=\"robots\" content=\"index, follow, max-snippet:-1, max-image-preview:large, max-video-preview:-1\" \/>\n<link rel=\"canonical\" href=\"https:\/\/fizzyvape.eu\/pt-pt\/produto\/fizzy-boom-morango-13000-puffs\/\" \/>\n<meta property=\"og:locale\" content=\"pt_PT\" \/>\n<meta property=\"og:type\" content=\"article\" \/>\n<meta property=\"og:title\" content=\"Fizzy Boom Morango - 13000 Puffs\" \/>\n<meta property=\"og:description\" content=\"Fizzy Boom Strawberry 13000 Puffs: Delicia-te com o sabor aut\u00eantico e sumarento dos morangos amadurecidos ao sol, com um equil\u00edbrio perfeito entre o doce e o azedo, neste vape descart\u00e1vel recarreg\u00e1vel de longa dura\u00e7\u00e3o.\" \/>\n<meta property=\"og:url\" content=\"https:\/\/fizzyvape.eu\/pt-pt\/produto\/fizzy-boom-morango-13000-puffs\/\" \/>\n<meta property=\"og:site_name\" content=\"fizzyvape.eu\" \/>\n<meta property=\"og:image\" content=\"https:\/\/fizzyvape.eu\/wp-content\/uploads\/2025\/03\/FizzyVape-Boom-Strawberry-13000puff.jpg\" \/>\n\t<meta property=\"og:image:width\" content=\"1500\" \/>\n\t<meta property=\"og:image:height\" content=\"1500\" \/>\n\t<meta property=\"og:image:type\" content=\"image\/jpeg\" \/>\n<meta name=\"twitter:card\" content=\"summary_large_image\" \/>\n<meta name=\"twitter:label1\" content=\"Disponibilidade\" \/>\n\t<meta name=\"twitter:data1\" content=\"Esgotado\" \/>\n<script type=\"application\/ld+json\" class=\"yoast-schema-graph\">{\"@context\":\"https:\/\/schema.org\",\"@graph\":[{\"@type\":\"WebPage\",\"@id\":\"https:\/\/fizzyvape.eu\/pt-pt\/produto\/fizzy-boom-morango-13000-puffs\/\",\"url\":\"https:\/\/fizzyvape.eu\/pt-pt\/produto\/fizzy-boom-morango-13000-puffs\/\",\"name\":\"Fizzy Boom Morango - 13000 Puffs - fizzyvape.eu\",\"isPartOf\":{\"@id\":\"https:\/\/www.fizzyvape.eu\/pt-pt\/#website\"},\"primaryImageOfPage\":{\"@id\":\"https:\/\/fizzyvape.eu\/pt-pt\/produto\/fizzy-boom-morango-13000-puffs\/#primaryimage\"},\"image\":{\"@id\":\"https:\/\/fizzyvape.eu\/pt-pt\/produto\/fizzy-boom-morango-13000-puffs\/#primaryimage\"},\"thumbnailUrl\":\"https:\/\/fizzyvape.eu\/wp-content\/uploads\/2025\/03\/FizzyVape-Boom-Strawberry-13000puff.jpg\",\"datePublished\":\"2025-03-27T09:27:55+00:00\",\"breadcrumb\":{\"@id\":\"https:\/\/fizzyvape.eu\/pt-pt\/produto\/fizzy-boom-morango-13000-puffs\/#breadcrumb\"},\"inLanguage\":\"pt-PT\",\"potentialAction\":[{\"@type\":\"ReadAction\",\"target\":[\"https:\/\/fizzyvape.eu\/pt-pt\/produto\/fizzy-boom-morango-13000-puffs\/\"]}]},{\"@type\":\"ImageObject\",\"inLanguage\":\"pt-PT\",\"@id\":\"https:\/\/fizzyvape.eu\/pt-pt\/produto\/fizzy-boom-morango-13000-puffs\/#primaryimage\",\"url\":\"https:\/\/fizzyvape.eu\/wp-content\/uploads\/2025\/03\/FizzyVape-Boom-Strawberry-13000puff.jpg\",\"contentUrl\":\"https:\/\/fizzyvape.eu\/wp-content\/uploads\/2025\/03\/FizzyVape-Boom-Strawberry-13000puff.jpg\",\"width\":1500,\"height\":1500,\"caption\":\"FizzyVape-Boom-Strawberry-13000puff\"},{\"@type\":\"BreadcrumbList\",\"@id\":\"https:\/\/fizzyvape.eu\/pt-pt\/produto\/fizzy-boom-morango-13000-puffs\/#breadcrumb\",\"itemListElement\":[{\"@type\":\"ListItem\",\"position\":1,\"name\":\"Home\",\"item\":\"https:\/\/fizzyvape.eu\/pt-pt\/\"},{\"@type\":\"ListItem\",\"position\":2,\"name\":\"Shop\",\"item\":\"https:\/\/www.fizzyvape.eu\/pt-pt\/shop\/\"},{\"@type\":\"ListItem\",\"position\":3,\"name\":\"Fizzy Boom Morango &#8211; 13000 Puffs\"}]},{\"@type\":\"WebSite\",\"@id\":\"https:\/\/www.fizzyvape.eu\/pt-pt\/#website\",\"url\":\"https:\/\/www.fizzyvape.eu\/pt-pt\/\",\"name\":\"fizzyvape.eu\",\"description\":\"Refreshing Vapes. Unforgettable Taste.\",\"publisher\":{\"@id\":\"https:\/\/www.fizzyvape.eu\/pt-pt\/#organization\"},\"potentialAction\":[{\"@type\":\"SearchAction\",\"target\":{\"@type\":\"EntryPoint\",\"urlTemplate\":\"https:\/\/www.fizzyvape.eu\/pt-pt\/?s={search_term_string}\"},\"query-input\":{\"@type\":\"PropertyValueSpecification\",\"valueRequired\":true,\"valueName\":\"search_term_string\"}}],\"inLanguage\":\"pt-PT\"},{\"@type\":\"Organization\",\"@id\":\"https:\/\/www.fizzyvape.eu\/pt-pt\/#organization\",\"name\":\"fizzyvape.eu\",\"url\":\"https:\/\/www.fizzyvape.eu\/pt-pt\/\",\"logo\":{\"@type\":\"ImageObject\",\"inLanguage\":\"pt-PT\",\"@id\":\"https:\/\/www.fizzyvape.eu\/pt-pt\/#\/schema\/logo\/image\/\",\"url\":\"https:\/\/fizzyvape.eu\/wp-content\/uploads\/2019\/06\/print-1.svg\",\"contentUrl\":\"https:\/\/fizzyvape.eu\/wp-content\/uploads\/2019\/06\/print-1.svg\",\"width\":124,\"height\":37,\"caption\":\"fizzyvape.eu\"},\"image\":{\"@id\":\"https:\/\/www.fizzyvape.eu\/pt-pt\/#\/schema\/logo\/image\/\"}}]}<\/script>\n<meta property=\"og:availability\" content=\"out of stock\" \/>\n<meta property=\"product:availability\" content=\"out of stock\" \/>\n<meta property=\"product:condition\" content=\"new\" \/>\n<!-- \/ Yoast SEO Premium plugin. -->","yoast_head_json":{"title":"Fizzy Boom Morango - 13000 Puffs - fizzyvape.eu","robots":{"index":"index","follow":"follow","max-snippet":"max-snippet:-1","max-image-preview":"max-image-preview:large","max-video-preview":"max-video-preview:-1"},"canonical":"https:\/\/fizzyvape.eu\/pt-pt\/produto\/fizzy-boom-morango-13000-puffs\/","og_locale":"pt_PT","og_type":"article","og_title":"Fizzy Boom Morango - 13000 Puffs","og_description":"Fizzy Boom Strawberry 13000 Puffs: Delicia-te com o sabor aut\u00eantico e sumarento dos morangos amadurecidos ao sol, com um equil\u00edbrio perfeito entre o doce e o azedo, neste vape descart\u00e1vel recarreg\u00e1vel de longa dura\u00e7\u00e3o.","og_url":"https:\/\/fizzyvape.eu\/pt-pt\/produto\/fizzy-boom-morango-13000-puffs\/","og_site_name":"fizzyvape.eu","og_image":[{"width":1500,"height":1500,"url":"https:\/\/fizzyvape.eu\/wp-content\/uploads\/2025\/03\/FizzyVape-Boom-Strawberry-13000puff.jpg","type":"image\/jpeg"}],"twitter_card":"summary_large_image","twitter_misc":{"Disponibilidade":"Esgotado"},"schema":{"@context":"https:\/\/schema.org","@graph":[{"@type":"WebPage","@id":"https:\/\/fizzyvape.eu\/pt-pt\/produto\/fizzy-boom-morango-13000-puffs\/","url":"https:\/\/fizzyvape.eu\/pt-pt\/produto\/fizzy-boom-morango-13000-puffs\/","name":"Fizzy Boom Morango - 13000 Puffs - fizzyvape.eu","isPartOf":{"@id":"https:\/\/www.fizzyvape.eu\/pt-pt\/#website"},"primaryImageOfPage":{"@id":"https:\/\/fizzyvape.eu\/pt-pt\/produto\/fizzy-boom-morango-13000-puffs\/#primaryimage"},"image":{"@id":"https:\/\/fizzyvape.eu\/pt-pt\/produto\/fizzy-boom-morango-13000-puffs\/#primaryimage"},"thumbnailUrl":"https:\/\/fizzyvape.eu\/wp-content\/uploads\/2025\/03\/FizzyVape-Boom-Strawberry-13000puff.jpg","datePublished":"2025-03-27T09:27:55+00:00","breadcrumb":{"@id":"https:\/\/fizzyvape.eu\/pt-pt\/produto\/fizzy-boom-morango-13000-puffs\/#breadcrumb"},"inLanguage":"pt-PT","potentialAction":[{"@type":"ReadAction","target":["https:\/\/fizzyvape.eu\/pt-pt\/produto\/fizzy-boom-morango-13000-puffs\/"]}]},{"@type":"ImageObject","inLanguage":"pt-PT","@id":"https:\/\/fizzyvape.eu\/pt-pt\/produto\/fizzy-boom-morango-13000-puffs\/#primaryimage","url":"https:\/\/fizzyvape.eu\/wp-content\/uploads\/2025\/03\/FizzyVape-Boom-Strawberry-13000puff.jpg","contentUrl":"https:\/\/fizzyvape.eu\/wp-content\/uploads\/2025\/03\/FizzyVape-Boom-Strawberry-13000puff.jpg","width":1500,"height":1500,"caption":"FizzyVape-Boom-Strawberry-13000puff"},{"@type":"BreadcrumbList","@id":"https:\/\/fizzyvape.eu\/pt-pt\/produto\/fizzy-boom-morango-13000-puffs\/#breadcrumb","itemListElement":[{"@type":"ListItem","position":1,"name":"Home","item":"https:\/\/fizzyvape.eu\/pt-pt\/"},{"@type":"ListItem","position":2,"name":"Shop","item":"https:\/\/www.fizzyvape.eu\/pt-pt\/shop\/"},{"@type":"ListItem","position":3,"name":"Fizzy Boom Morango &#8211; 13000 Puffs"}]},{"@type":"WebSite","@id":"https:\/\/www.fizzyvape.eu\/pt-pt\/#website","url":"https:\/\/www.fizzyvape.eu\/pt-pt\/","name":"fizzyvape.eu","description":"Refreshing Vapes. Unforgettable Taste.","publisher":{"@id":"https:\/\/www.fizzyvape.eu\/pt-pt\/#organization"},"potentialAction":[{"@type":"SearchAction","target":{"@type":"EntryPoint","urlTemplate":"https:\/\/www.fizzyvape.eu\/pt-pt\/?s={search_term_string}"},"query-input":{"@type":"PropertyValueSpecification","valueRequired":true,"valueName":"search_term_string"}}],"inLanguage":"pt-PT"},{"@type":"Organization","@id":"https:\/\/www.fizzyvape.eu\/pt-pt\/#organization","name":"fizzyvape.eu","url":"https:\/\/www.fizzyvape.eu\/pt-pt\/","logo":{"@type":"ImageObject","inLanguage":"pt-PT","@id":"https:\/\/www.fizzyvape.eu\/pt-pt\/#\/schema\/logo\/image\/","url":"https:\/\/fizzyvape.eu\/wp-content\/uploads\/2019\/06\/print-1.svg","contentUrl":"https:\/\/fizzyvape.eu\/wp-content\/uploads\/2019\/06\/print-1.svg","width":124,"height":37,"caption":"fizzyvape.eu"},"image":{"@id":"https:\/\/www.fizzyvape.eu\/pt-pt\/#\/schema\/logo\/image\/"}}]},"og_availability":"out of stock","product_availability":"out of stock","product_condition":"new"},"tiered_pricing_type":"fixed","tiered_pricing_fixed_rules":[],"tiered_pricing_product_settings":{"layout":"default","base_unit_name":{"singular":null,"plural":null},"default_variation":null},"tiered_pricing_minimum_quantity":null,"tiered_pricing_roles_data":[],"tiered_pricing_percentage_rules":[],"tiered_pricing_maximum_quantity":null,"tiered_pricing_quantity_step":null,"_links":{"self":[{"href":"https:\/\/fizzyvape.eu\/pt-pt\/wp-json\/wp\/v2\/product\/25978","targetHints":{"allow":["GET"]}}],"collection":[{"href":"https:\/\/fizzyvape.eu\/pt-pt\/wp-json\/wp\/v2\/product"}],"about":[{"href":"https:\/\/fizzyvape.eu\/pt-pt\/wp-json\/wp\/v2\/types\/product"}],"replies":[{"embeddable":true,"href":"https:\/\/fizzyvape.eu\/pt-pt\/wp-json\/wp\/v2\/comments?post=25978"}],"version-history":[{"count":0,"href":"https:\/\/fizzyvape.eu\/pt-pt\/wp-json\/wp\/v2\/product\/25978\/revisions"}],"wp:featuredmedia":[{"embeddable":true,"href":"https:\/\/fizzyvape.eu\/pt-pt\/wp-json\/wp\/v2\/media\/20903"}],"wp:attachment":[{"href":"https:\/\/fizzyvape.eu\/pt-pt\/wp-json\/wp\/v2\/media?parent=25978"}],"wp:term":[{"taxonomy":"product_brand","embeddable":true,"href":"https:\/\/fizzyvape.eu\/pt-pt\/wp-json\/wp\/v2\/product_brand?post=25978"},{"taxonomy":"product_cat","embeddable":true,"href":"https:\/\/fizzyvape.eu\/pt-pt\/wp-json\/wp\/v2\/product_cat?post=25978"},{"taxonomy":"product_tag","embeddable":true,"href":"https:\/\/fizzyvape.eu\/pt-pt\/wp-json\/wp\/v2\/product_tag?post=25978"}],"curies":[{"name":"wp","href":"https:\/\/api.w.org\/{rel}","templated":true}]}}