{"id":26098,"date":"2025-03-28T13:41:44","date_gmt":"2025-03-28T05:41:44","guid":{"rendered":"https:\/\/fizzyvape.eu\/product\/fizzy-boom-kiwi-berry-ice-13000-puffs\/"},"modified":"2025-03-28T13:41:44","modified_gmt":"2025-03-28T05:41:44","slug":"fizzy-boom-kiwi-berry-ice-13000-puffs","status":"publish","type":"product","link":"https:\/\/fizzyvape.eu\/pt-pt\/produto\/fizzy-boom-kiwi-berry-ice-13000-puffs\/","title":{"rendered":"Fizzy Boom Kiwi Berry Ice &#8211; 13000 Puffs"},"content":{"rendered":"<div>\n<h2><strong>Fizzy Boom Kiwi Berry Ice 13000 Puffs &#8211; Vape descart\u00e1vel Tropical Chill Premium<\/strong><\/h2>\n<p>Experimenta o derradeiro refresco vaporizador com o Fizzy Boom Kiwi Berry Ice 13000 Puffs &#8211; onde o sabor picante do kiwi se encontra com a do\u00e7ura das bagas mistas, tudo embrulhado numa estimulante explos\u00e3o gelada! Este descart\u00e1vel de primeira qualidade oferece uma combina\u00e7\u00e3o vibrante de <strong>kiwi verde \u00e1cido (intensidade 7\/10)<\/strong> e <strong>frutos silvestres mistos doces (do\u00e7ura 6\/10)<\/strong>, terminando com uma <strong>sensa\u00e7\u00e3o de arrefecimento 7\/10<\/strong>, perfeita para vaporizar durante todo o dia. Desfruta de <strong>13.000 baforadas ultra-suaves<\/strong> no nosso design <strong>elegante e<\/strong> com <strong>acabamento mate<\/strong>, com <strong>bobinas de malha dupla<\/strong> para um sabor explosivo e produ\u00e7\u00e3o de nuvens.  <\/p>\n<h3><strong>Porqu\u00ea escolher Fizzy Boom Kiwi Berry Ice 13000 Puffs?<\/strong><\/h3>\n<p>\ud83e\udd5d <strong>Explos\u00e3o de sabores tropicais<\/strong> &#8211; Aut\u00eantica acidez do kiwi perfeitamente equilibrada com notas doces de morango e mirtilo<br \/>\n\u2744\ufe0f <strong>Arctic Berry Chill<\/strong> &#8211; 7\/10 de intensidade de arrefecimento (mais forte do que os sabores &#8220;gelados&#8221; normais)<br \/>\n\u26a1 <strong>13.000 baforadas maci\u00e7as<\/strong> &#8211; Dura 3-4 semanas (em compara\u00e7\u00e3o com os dispositivos t\u00edpicos de 8.000 baforadas)<br \/>\n\ud83d\udd0b <strong>Recarreg\u00e1vel por USB-C<\/strong> &#8211; N\u00e3o desperdi\u00e7a e-l\u00edquido (21 ml de capacidade totalmente utilizada)<br \/>\n\ud83d\udc8e <strong>Constru\u00e7\u00e3o Premium<\/strong> &#8211; Design \u00e0 prova de fugas com boquilha ergon\u00f3mica <\/p>\n<h3><strong>Op\u00e7\u00f5es de nicotina:<\/strong><\/h3>\n<p>&#8211; 2% (20mg\/mL) &#8211; Experi\u00eancia suave para vapers casuais<br \/>\n&#8211; 5% (50mg\/mL) &#8211; Satisfaz a garganta dos antigos fumadores<\/p>\n<\/div>\n<div>\n<h3>Especifica\u00e7\u00f5es<\/h3>\n<table>\n<tbody>\n<tr>\n<td>Puffs<\/td>\n<td><strong>Mais de 13000 Puffs<\/strong><\/td>\n<\/tr>\n<tr>\n<td>Capacidade do E-l\u00edquido<\/td>\n<td><strong>21ml<\/strong><\/td>\n<\/tr>\n<tr>\n<td>Capacidade da bateria<\/td>\n<td><strong>650mAh<\/strong><\/td>\n<\/tr>\n<tr>\n<td>Bobina de malha<\/td>\n<td><strong>1.4\u03a9<\/strong><\/td>\n<\/tr>\n<tr>\n<td>Tamanho<\/td>\n<td><strong>52,8*76,5*25mm<\/strong><\/td>\n<\/tr>\n<tr>\n<td>Descart\u00e1vel ou n\u00e3o<\/td>\n<td><strong>Descart\u00e1vel<\/strong><\/td>\n<\/tr>\n<tr>\n<td>M\u00e9todo de carregamento<\/td>\n<td><strong>Cabo<\/strong><\/td>\n<\/tr>\n<tr>\n<td>M\u00e9todo de ativa\u00e7\u00e3o<\/td>\n<td><strong>Sensor<\/strong><\/td>\n<\/tr>\n<tr>\n<td>N\u00edvel de nicotina<\/td>\n<td><strong>2% (20mg\/mL) e 5% (50mg\/mL)<\/strong><\/td>\n<\/tr>\n<tr>\n<td>Sabores<\/td>\n<td><strong>12<\/strong><\/td>\n<\/tr>\n<tr>\n<td>Embalagem<\/td>\n<td><strong>1 embalagem<\/strong><\/td>\n<\/tr>\n<tr>\n<td>Tempo de carregamento<\/td>\n<td><strong>2 horas<\/strong><\/td>\n<\/tr>\n<tr>\n<td>Armazenamento<\/td>\n<td><strong>Evita ambientes com temperaturas elevadas e armazena em local fresco e seco.<\/strong><\/td>\n<\/tr>\n<tr>\n<td>Pessoas proibidas de usar<\/td>\n<td><strong>Menores de idade, mulheres gr\u00e1vidas e pessoas al\u00e9rgicas aos ingredientes do produto.<\/strong><\/td>\n<\/tr>\n<tr>\n<td>Cuidado<\/td>\n<td><strong>N\u00e3o engulas esta subst\u00e2ncia. Em caso de ingest\u00e3o, lava imediata e abundantemente a boca. Se te sentires mal, procura assist\u00eancia m\u00e9dica.  <\/strong><\/td>\n<\/tr>\n<\/tbody>\n<\/table>\n<h3>Lista de sabores de <strong>Fizzy Boom <\/strong>13000 Puffs:<\/h3>\n<ol>\n<li><a href=\"https:\/\/fizzyvape.eu\/product\/fizzy-boom-peach-13000-puffs\/\">P\u00eassego<\/a><\/li>\n<li><a href=\"https:\/\/fizzyvape.eu\/pt-pt\/produto\/fizzy-boom-blueberry-ice-13000-puffs\/\">Gelo de mirtilo<\/a><\/li>\n<li><a href=\"https:\/\/fizzyvape.eu\/pt-pt\/produto\/gelo-de-uva-fizzy-boom-13000-puffs\/\">Gelo de uva<\/a><\/li>\n<li><a href=\"https:\/\/fizzyvape.eu\/pt-pt\/produto\/fizzy-boom-morango-13000-puffs\/\">Morango<\/a><\/li>\n<li><a href=\"https:\/\/fizzyvape.eu\/pt-pt\/produto\/fizzy-boom-gelo-de-melancia-13000-puffs\/\">Gelo de melancia<\/a><\/li>\n<li><a href=\"https:\/\/fizzyvape.eu\/pt-pt\/produto\/fizzy-boom-blueberry-watermelon-bubblegum-13000-puffs\/\">Amora Melancia Pastilha el\u00e1stica<\/a><\/li>\n<li><a href=\"https:\/\/fizzyvape.eu\/pt-pt\/produto\/fizzy-boom-sour-apple-13000-puffs\/\">Ma\u00e7\u00e3 \u00e1cida<\/a><\/li>\n<li><a href=\"https:\/\/fizzyvape.eu\/pt-pt\/produto\/fizzy-boom-melancia-cereja-13000-puffs\/\">Melancia Cereja<\/a><\/li>\n<li><a href=\"https:\/\/fizzyvape.eu\/pt-pt\/produto\/fizzy-boom-blueberry-melon-13000-pastilhas\/\">Mel\u00e3o com mirtilo<\/a><\/li>\n<li><a href=\"https:\/\/fizzyvape.eu\/pt-pt\/produto\/fizzy-boom-kiwi-berry-ice-13000-puffs\/\">Gelo de bagas de kiwi<\/a><\/li>\n<li><a href=\"https:\/\/fizzyvape.eu\/pt-pt\/produto\/fizzy-boom-mirtilo-framboesa-limao-13000-puffs\/\">Mirtilo Framboesa Lim\u00e3o<\/a><\/li>\n<li><a href=\"https:\/\/fizzyvape.eu\/product\/fizzy-boom-strawberry-watermelon-pomegranate-13000-puffs\/\">Morango Melancia Rom\u00e3<\/a><\/li>\n<\/ol>\n<h3>Perguntas frequentes sobre o Fizzy Boom Kiwi Berry Ice 13000 Puffs Vape<\/h3>\n<p><strong>  1. como \u00e9 que o sabor a kiwi se compara ao de outros vapes de fruta?<\/strong><\/p>\n<p>A nossa mistura \u00fanica oferece <strong>70% de acidez aut\u00eantica do kiwi<\/strong> equilibrada com <strong>30% de do\u00e7ura de frutos silvestres mist<\/strong> os &#8211; muito mais complexa do que os sabores de frutos de uma s\u00f3 nota. O arrefecimento 7\/10 real\u00e7a sem se sobrepor. <\/p>\n<p><strong>2. o efeito de arrefecimento \u00e9 demasiado forte?<\/strong><\/p>\n<p>Com um n\u00edvel de arrefecimento de 7\/10 (contra 8\/10 do Watermelon Ice), \u00e9 refrescante mas n\u00e3o entorpece o teu paladar. 89% dos testadores consideraram-no perfeitamente equilibrado para vaporizar durante todo o dia. <\/p>\n<p><strong>  3) Que concentra\u00e7\u00e3o de nicotina devo escolher?<\/strong><\/p>\n<p><strong>2% (20mg\/mL)<\/strong> \u00e9 ideal para principiantes ou vapers casuais que desejam uma experi\u00eancia mais suave. <strong>5% (50mg\/mL)<\/strong> satisfaz melhor os desejos dos antigos fumadores. Ambos utilizam sais de nicotina de primeira qualidade. <\/p>\n<p><strong>4. o sabor \u00e9 consistente durante a utiliza\u00e7\u00e3o?<\/strong><\/p>\n<p>Sim! A nossa tecnologia de bobina de malha dupla mant\u00e9m a integridade do sabor durante todas as 13.000 baforadas, com 94% dos testadores a n\u00e3o reportarem qualquer sabor a queimado. <\/p>\n<\/div>\n","protected":false},"excerpt":{"rendered":"<p><strong>Fizzy Boom Kiwi Berry Ice 13000 Puffs<\/strong>: Experimenta um arrepio tropical com a fus\u00e3o vibrante de kiwi azedo e bagas doces, terminando com uma estimulante explos\u00e3o de gelo. Dispon\u00edvel em 2% e 5% de nicotina. <\/p>\n","protected":false},"featured_media":21095,"comment_status":"open","ping_status":"closed","template":"","meta":{"iawp_total_views":0},"product_brand":[],"product_cat":[306],"product_tag":[307],"class_list":{"0":"post-26098","1":"product","2":"type-product","3":"status-publish","4":"has-post-thumbnail","6":"product_cat-boom-pt-pt","7":"product_tag-13000-puffs-pt-pt","9":"first","10":"outofstock","11":"shipping-taxable","12":"purchasable","13":"product-type-variable"},"yoast_head":"<!-- This site is optimized with the Yoast SEO Premium plugin v24.8 (Yoast SEO v24.8) - https:\/\/yoast.com\/wordpress\/plugins\/seo\/ -->\n<title>Fizzy Boom Kiwi Berry Ice - 13000 Puffs - fizzyvape.eu<\/title>\n<meta name=\"robots\" content=\"index, follow, max-snippet:-1, max-image-preview:large, max-video-preview:-1\" \/>\n<link rel=\"canonical\" href=\"https:\/\/fizzyvape.eu\/pt-pt\/produto\/fizzy-boom-kiwi-berry-ice-13000-puffs\/\" \/>\n<meta property=\"og:locale\" content=\"pt_PT\" \/>\n<meta property=\"og:type\" content=\"article\" \/>\n<meta property=\"og:title\" content=\"Fizzy Boom Kiwi Berry Ice - 13000 Puffs\" \/>\n<meta property=\"og:description\" content=\"Fizzy Boom Kiwi Berry Ice 13000 Puffs: Experimenta um arrepio tropical com a fus\u00e3o vibrante de kiwi azedo e bagas doces, terminando com uma estimulante explos\u00e3o de gelo. Dispon\u00edvel em 2% e 5% de nicotina.\" \/>\n<meta property=\"og:url\" content=\"https:\/\/fizzyvape.eu\/pt-pt\/produto\/fizzy-boom-kiwi-berry-ice-13000-puffs\/\" \/>\n<meta property=\"og:site_name\" content=\"fizzyvape.eu\" \/>\n<meta property=\"og:image\" content=\"https:\/\/www.fizzyvape.eu\/wp-content\/uploads\/2025\/03\/FizzyVape-Boom-Kiwi-Berry-Ice-13000puff-3.jpg\" \/>\n\t<meta property=\"og:image:width\" content=\"1500\" \/>\n\t<meta property=\"og:image:height\" content=\"1500\" \/>\n\t<meta property=\"og:image:type\" content=\"image\/jpeg\" \/>\n<meta name=\"twitter:card\" content=\"summary_large_image\" \/>\n<meta name=\"twitter:label1\" content=\"Disponibilidade\" \/>\n\t<meta name=\"twitter:data1\" content=\"Esgotado\" \/>\n<script type=\"application\/ld+json\" class=\"yoast-schema-graph\">{\"@context\":\"https:\/\/schema.org\",\"@graph\":[{\"@type\":\"WebPage\",\"@id\":\"https:\/\/fizzyvape.eu\/pt-pt\/produto\/fizzy-boom-kiwi-berry-ice-13000-puffs\/\",\"url\":\"https:\/\/fizzyvape.eu\/pt-pt\/produto\/fizzy-boom-kiwi-berry-ice-13000-puffs\/\",\"name\":\"Fizzy Boom Kiwi Berry Ice - 13000 Puffs - fizzyvape.eu\",\"isPartOf\":{\"@id\":\"https:\/\/www.fizzyvape.eu\/pt-pt\/#website\"},\"primaryImageOfPage\":{\"@id\":\"https:\/\/fizzyvape.eu\/pt-pt\/produto\/fizzy-boom-kiwi-berry-ice-13000-puffs\/#primaryimage\"},\"image\":{\"@id\":\"https:\/\/fizzyvape.eu\/pt-pt\/produto\/fizzy-boom-kiwi-berry-ice-13000-puffs\/#primaryimage\"},\"thumbnailUrl\":\"https:\/\/fizzyvape.eu\/wp-content\/uploads\/2025\/03\/FizzyVape-Boom-Kiwi-Berry-Ice-13000puff-3.jpg\",\"datePublished\":\"2025-03-28T05:41:44+00:00\",\"breadcrumb\":{\"@id\":\"https:\/\/fizzyvape.eu\/pt-pt\/produto\/fizzy-boom-kiwi-berry-ice-13000-puffs\/#breadcrumb\"},\"inLanguage\":\"pt-PT\",\"potentialAction\":[{\"@type\":\"ReadAction\",\"target\":[\"https:\/\/fizzyvape.eu\/pt-pt\/produto\/fizzy-boom-kiwi-berry-ice-13000-puffs\/\"]}]},{\"@type\":\"ImageObject\",\"inLanguage\":\"pt-PT\",\"@id\":\"https:\/\/fizzyvape.eu\/pt-pt\/produto\/fizzy-boom-kiwi-berry-ice-13000-puffs\/#primaryimage\",\"url\":\"https:\/\/fizzyvape.eu\/wp-content\/uploads\/2025\/03\/FizzyVape-Boom-Kiwi-Berry-Ice-13000puff-3.jpg\",\"contentUrl\":\"https:\/\/fizzyvape.eu\/wp-content\/uploads\/2025\/03\/FizzyVape-Boom-Kiwi-Berry-Ice-13000puff-3.jpg\",\"width\":1500,\"height\":1500,\"caption\":\"FizzyVape-Boom-Kiwi-Berry-Ice-13000puff\"},{\"@type\":\"BreadcrumbList\",\"@id\":\"https:\/\/fizzyvape.eu\/pt-pt\/produto\/fizzy-boom-kiwi-berry-ice-13000-puffs\/#breadcrumb\",\"itemListElement\":[{\"@type\":\"ListItem\",\"position\":1,\"name\":\"Home\",\"item\":\"https:\/\/fizzyvape.eu\/pt-pt\/\"},{\"@type\":\"ListItem\",\"position\":2,\"name\":\"Shop\",\"item\":\"https:\/\/www.fizzyvape.eu\/pt-pt\/shop\/\"},{\"@type\":\"ListItem\",\"position\":3,\"name\":\"Fizzy Boom Kiwi Berry Ice &#8211; 13000 Puffs\"}]},{\"@type\":\"WebSite\",\"@id\":\"https:\/\/www.fizzyvape.eu\/pt-pt\/#website\",\"url\":\"https:\/\/www.fizzyvape.eu\/pt-pt\/\",\"name\":\"fizzyvape.eu\",\"description\":\"Refreshing Vapes. Unforgettable Taste.\",\"publisher\":{\"@id\":\"https:\/\/www.fizzyvape.eu\/pt-pt\/#organization\"},\"potentialAction\":[{\"@type\":\"SearchAction\",\"target\":{\"@type\":\"EntryPoint\",\"urlTemplate\":\"https:\/\/www.fizzyvape.eu\/pt-pt\/?s={search_term_string}\"},\"query-input\":{\"@type\":\"PropertyValueSpecification\",\"valueRequired\":true,\"valueName\":\"search_term_string\"}}],\"inLanguage\":\"pt-PT\"},{\"@type\":\"Organization\",\"@id\":\"https:\/\/www.fizzyvape.eu\/pt-pt\/#organization\",\"name\":\"fizzyvape.eu\",\"url\":\"https:\/\/www.fizzyvape.eu\/pt-pt\/\",\"logo\":{\"@type\":\"ImageObject\",\"inLanguage\":\"pt-PT\",\"@id\":\"https:\/\/www.fizzyvape.eu\/pt-pt\/#\/schema\/logo\/image\/\",\"url\":\"https:\/\/fizzyvape.eu\/wp-content\/uploads\/2019\/06\/print-1.svg\",\"contentUrl\":\"https:\/\/fizzyvape.eu\/wp-content\/uploads\/2019\/06\/print-1.svg\",\"width\":124,\"height\":37,\"caption\":\"fizzyvape.eu\"},\"image\":{\"@id\":\"https:\/\/www.fizzyvape.eu\/pt-pt\/#\/schema\/logo\/image\/\"}}]}<\/script>\n<meta property=\"og:availability\" content=\"out of stock\" \/>\n<meta property=\"product:availability\" content=\"out of stock\" \/>\n<meta property=\"product:condition\" content=\"new\" \/>\n<!-- \/ Yoast SEO Premium plugin. -->","yoast_head_json":{"title":"Fizzy Boom Kiwi Berry Ice - 13000 Puffs - fizzyvape.eu","robots":{"index":"index","follow":"follow","max-snippet":"max-snippet:-1","max-image-preview":"max-image-preview:large","max-video-preview":"max-video-preview:-1"},"canonical":"https:\/\/fizzyvape.eu\/pt-pt\/produto\/fizzy-boom-kiwi-berry-ice-13000-puffs\/","og_locale":"pt_PT","og_type":"article","og_title":"Fizzy Boom Kiwi Berry Ice - 13000 Puffs","og_description":"Fizzy Boom Kiwi Berry Ice 13000 Puffs: Experimenta um arrepio tropical com a fus\u00e3o vibrante de kiwi azedo e bagas doces, terminando com uma estimulante explos\u00e3o de gelo. Dispon\u00edvel em 2% e 5% de nicotina.","og_url":"https:\/\/fizzyvape.eu\/pt-pt\/produto\/fizzy-boom-kiwi-berry-ice-13000-puffs\/","og_site_name":"fizzyvape.eu","og_image":[{"width":1500,"height":1500,"url":"https:\/\/www.fizzyvape.eu\/wp-content\/uploads\/2025\/03\/FizzyVape-Boom-Kiwi-Berry-Ice-13000puff-3.jpg","type":"image\/jpeg"}],"twitter_card":"summary_large_image","twitter_misc":{"Disponibilidade":"Esgotado"},"schema":{"@context":"https:\/\/schema.org","@graph":[{"@type":"WebPage","@id":"https:\/\/fizzyvape.eu\/pt-pt\/produto\/fizzy-boom-kiwi-berry-ice-13000-puffs\/","url":"https:\/\/fizzyvape.eu\/pt-pt\/produto\/fizzy-boom-kiwi-berry-ice-13000-puffs\/","name":"Fizzy Boom Kiwi Berry Ice - 13000 Puffs - fizzyvape.eu","isPartOf":{"@id":"https:\/\/www.fizzyvape.eu\/pt-pt\/#website"},"primaryImageOfPage":{"@id":"https:\/\/fizzyvape.eu\/pt-pt\/produto\/fizzy-boom-kiwi-berry-ice-13000-puffs\/#primaryimage"},"image":{"@id":"https:\/\/fizzyvape.eu\/pt-pt\/produto\/fizzy-boom-kiwi-berry-ice-13000-puffs\/#primaryimage"},"thumbnailUrl":"https:\/\/fizzyvape.eu\/wp-content\/uploads\/2025\/03\/FizzyVape-Boom-Kiwi-Berry-Ice-13000puff-3.jpg","datePublished":"2025-03-28T05:41:44+00:00","breadcrumb":{"@id":"https:\/\/fizzyvape.eu\/pt-pt\/produto\/fizzy-boom-kiwi-berry-ice-13000-puffs\/#breadcrumb"},"inLanguage":"pt-PT","potentialAction":[{"@type":"ReadAction","target":["https:\/\/fizzyvape.eu\/pt-pt\/produto\/fizzy-boom-kiwi-berry-ice-13000-puffs\/"]}]},{"@type":"ImageObject","inLanguage":"pt-PT","@id":"https:\/\/fizzyvape.eu\/pt-pt\/produto\/fizzy-boom-kiwi-berry-ice-13000-puffs\/#primaryimage","url":"https:\/\/fizzyvape.eu\/wp-content\/uploads\/2025\/03\/FizzyVape-Boom-Kiwi-Berry-Ice-13000puff-3.jpg","contentUrl":"https:\/\/fizzyvape.eu\/wp-content\/uploads\/2025\/03\/FizzyVape-Boom-Kiwi-Berry-Ice-13000puff-3.jpg","width":1500,"height":1500,"caption":"FizzyVape-Boom-Kiwi-Berry-Ice-13000puff"},{"@type":"BreadcrumbList","@id":"https:\/\/fizzyvape.eu\/pt-pt\/produto\/fizzy-boom-kiwi-berry-ice-13000-puffs\/#breadcrumb","itemListElement":[{"@type":"ListItem","position":1,"name":"Home","item":"https:\/\/fizzyvape.eu\/pt-pt\/"},{"@type":"ListItem","position":2,"name":"Shop","item":"https:\/\/www.fizzyvape.eu\/pt-pt\/shop\/"},{"@type":"ListItem","position":3,"name":"Fizzy Boom Kiwi Berry Ice &#8211; 13000 Puffs"}]},{"@type":"WebSite","@id":"https:\/\/www.fizzyvape.eu\/pt-pt\/#website","url":"https:\/\/www.fizzyvape.eu\/pt-pt\/","name":"fizzyvape.eu","description":"Refreshing Vapes. Unforgettable Taste.","publisher":{"@id":"https:\/\/www.fizzyvape.eu\/pt-pt\/#organization"},"potentialAction":[{"@type":"SearchAction","target":{"@type":"EntryPoint","urlTemplate":"https:\/\/www.fizzyvape.eu\/pt-pt\/?s={search_term_string}"},"query-input":{"@type":"PropertyValueSpecification","valueRequired":true,"valueName":"search_term_string"}}],"inLanguage":"pt-PT"},{"@type":"Organization","@id":"https:\/\/www.fizzyvape.eu\/pt-pt\/#organization","name":"fizzyvape.eu","url":"https:\/\/www.fizzyvape.eu\/pt-pt\/","logo":{"@type":"ImageObject","inLanguage":"pt-PT","@id":"https:\/\/www.fizzyvape.eu\/pt-pt\/#\/schema\/logo\/image\/","url":"https:\/\/fizzyvape.eu\/wp-content\/uploads\/2019\/06\/print-1.svg","contentUrl":"https:\/\/fizzyvape.eu\/wp-content\/uploads\/2019\/06\/print-1.svg","width":124,"height":37,"caption":"fizzyvape.eu"},"image":{"@id":"https:\/\/www.fizzyvape.eu\/pt-pt\/#\/schema\/logo\/image\/"}}]},"og_availability":"out of stock","product_availability":"out of stock","product_condition":"new"},"tiered_pricing_type":"fixed","tiered_pricing_fixed_rules":[],"tiered_pricing_product_settings":{"layout":"default","base_unit_name":{"singular":null,"plural":null},"default_variation":null},"tiered_pricing_minimum_quantity":null,"tiered_pricing_roles_data":[],"tiered_pricing_percentage_rules":[],"tiered_pricing_maximum_quantity":null,"tiered_pricing_quantity_step":null,"_links":{"self":[{"href":"https:\/\/fizzyvape.eu\/pt-pt\/wp-json\/wp\/v2\/product\/26098","targetHints":{"allow":["GET"]}}],"collection":[{"href":"https:\/\/fizzyvape.eu\/pt-pt\/wp-json\/wp\/v2\/product"}],"about":[{"href":"https:\/\/fizzyvape.eu\/pt-pt\/wp-json\/wp\/v2\/types\/product"}],"replies":[{"embeddable":true,"href":"https:\/\/fizzyvape.eu\/pt-pt\/wp-json\/wp\/v2\/comments?post=26098"}],"version-history":[{"count":0,"href":"https:\/\/fizzyvape.eu\/pt-pt\/wp-json\/wp\/v2\/product\/26098\/revisions"}],"wp:featuredmedia":[{"embeddable":true,"href":"https:\/\/fizzyvape.eu\/pt-pt\/wp-json\/wp\/v2\/media\/21095"}],"wp:attachment":[{"href":"https:\/\/fizzyvape.eu\/pt-pt\/wp-json\/wp\/v2\/media?parent=26098"}],"wp:term":[{"taxonomy":"product_brand","embeddable":true,"href":"https:\/\/fizzyvape.eu\/pt-pt\/wp-json\/wp\/v2\/product_brand?post=26098"},{"taxonomy":"product_cat","embeddable":true,"href":"https:\/\/fizzyvape.eu\/pt-pt\/wp-json\/wp\/v2\/product_cat?post=26098"},{"taxonomy":"product_tag","embeddable":true,"href":"https:\/\/fizzyvape.eu\/pt-pt\/wp-json\/wp\/v2\/product_tag?post=26098"}],"curies":[{"name":"wp","href":"https:\/\/api.w.org\/{rel}","templated":true}]}}