{"id":26261,"date":"2025-03-26T17:37:12","date_gmt":"2025-03-26T09:37:12","guid":{"rendered":"https:\/\/fizzyvape.eu\/product\/fizzy-pandora-manga-12000-puffs\/"},"modified":"2025-03-26T17:37:12","modified_gmt":"2025-03-26T09:37:12","slug":"fizzy-pandora-manga-12000-puffs","status":"publish","type":"product","link":"https:\/\/fizzyvape.eu\/pt-pt\/produto\/fizzy-pandora-manga-12000-puffs\/","title":{"rendered":"Fizzy Pandora Manga &#8211; 12000 puffs"},"content":{"rendered":"<div>\n<h2><strong>Fizzy Pandora Mango 12000 Puffs &#8211; A derradeira experi\u00eancia de Vape descart\u00e1vel<\/strong><\/h2>\n<p>Delicia-te com o para\u00edso tropical com o <strong>Fizzy Pandora Mango 12000 Puffs<\/strong> &#8211; um vape descart\u00e1vel de primeira qualidade concebido para um sabor duradouro e uma satisfa\u00e7\u00e3o suave. Com <strong>12.000 baforadas<\/strong>, este aparelho elegante e port\u00e1til oferece-te uma explos\u00e3o de manga sumarenta com um toque efervescente, garantindo-te uma experi\u00eancia de vapor inesquec\u00edvel. <\/p>\n<h2><strong>Carater\u00edsticas principais<\/strong><\/h2>\n<p><strong>12.000 baforadas ultra-longas<\/strong> &#8211; Desfruta de uma vaporiza\u00e7\u00e3o prolongada sem substitui\u00e7\u00f5es frequentes.<br \/>\n<strong>Sabor rico e refrescante<\/strong> &#8211; Manga doce e picante com um final efervescente.<br \/>\n<strong>Tiragem suave e consistente<\/strong> &#8211; Tecnologia avan\u00e7ada de bobina de malha para um sabor e produ\u00e7\u00e3o de vapor \u00f3ptimos.<br \/>\n<strong>Elegante e port\u00e1til<\/strong> &#8211; Design leve e de bolso para fumares em qualquer lugar.<br \/>\nN\u00e3o necessita <strong>de manuten\u00e7\u00e3o<\/strong> &#8211; Pronto a utilizar logo que sai da caixa &#8211; n\u00e3o necessita de recarga nem de mudar a bobina.<\/p>\n<h3><strong>Porqu\u00ea escolher Fizzy Pandora Mango 12000 Puffs?<\/strong><\/h3>\n<p>\ud83c\udf34 <strong>Longevidade<\/strong> &#8211; Um dispositivo dura mais tempo do que os descart\u00e1veis normais.<br \/>\n\u26a1 <strong>Potente e recarreg\u00e1vel<\/strong> &#8211; N\u00e3o precisas de te preocupar com a dura\u00e7\u00e3o da bateria.<br \/>\n\ud83c\udf79 <strong>Sabor Ex\u00f3tico<\/strong> &#8211; Um equil\u00edbrio perfeito entre do\u00e7ura e efervesc\u00eancia.<br \/>\n\ud83d\udca8 <strong>Suave e Satisfat\u00f3rio<\/strong> &#8211; Sais de nicotina de alta qualidade para um efeito suave na garganta.<\/p>\n<h3>Conte\u00fado da embalagem<\/h3>\n<p>1 \u00d7 Dispositivo Fizzy Pandora Mango12000 Puffs<\/p>\n<\/div>\n<div>\n<h3>Especifica\u00e7\u00f5es<\/h3>\n<table>\n<tbody>\n<tr>\n<td>Puffs<\/td>\n<td><strong>Mais de 12000 Puffs<\/strong><\/td>\n<\/tr>\n<tr>\n<td>Capacidade do E-l\u00edquido<\/td>\n<td><strong>20ml<\/strong><\/td>\n<\/tr>\n<tr>\n<td>Capacidade da bateria<\/td>\n<td><strong>650mAh<\/strong><\/td>\n<\/tr>\n<tr>\n<td>Bobina de malha<\/td>\n<td><strong>1.4\u03a9<\/strong><\/td>\n<\/tr>\n<tr>\n<td>Tamanho<\/td>\n<td><strong>48*20,6*88mm<\/strong><\/td>\n<\/tr>\n<tr>\n<td>Descart\u00e1vel ou n\u00e3o<\/td>\n<td><strong>Descart\u00e1vel<\/strong><\/td>\n<\/tr>\n<tr>\n<td>M\u00e9todo de carregamento<\/td>\n<td><strong>Cabo<\/strong><\/td>\n<\/tr>\n<tr>\n<td>M\u00e9todo de ativa\u00e7\u00e3o<\/td>\n<td><strong>Sensor<\/strong><\/td>\n<\/tr>\n<tr>\n<td>N\u00edvel de nicotina<\/td>\n<td><strong>5% (50mg\/ml)<\/strong><\/td>\n<\/tr>\n<tr>\n<td>Sabores<\/td>\n<td><strong>12<\/strong><\/td>\n<\/tr>\n<tr>\n<td>Embalagem<\/td>\n<td><strong>1 embalagem<\/strong><\/td>\n<\/tr>\n<tr>\n<td>Tempo de carregamento<\/td>\n<td><strong>2 horas<\/strong><\/td>\n<\/tr>\n<tr>\n<td>Armazenamento<\/td>\n<td><strong>Evita ambientes com temperaturas elevadas e armazena em local fresco e seco.<\/strong><\/td>\n<\/tr>\n<tr>\n<td>Pessoas proibidas de usar<\/td>\n<td><strong>Menores de idade, mulheres gr\u00e1vidas e pessoas al\u00e9rgicas aos ingredientes do produto.<\/strong><\/td>\n<\/tr>\n<tr>\n<td>Cuidado<\/td>\n<td><strong>N\u00e3o engulas esta subst\u00e2ncia. Em caso de ingest\u00e3o, lava imediata e abundantemente a boca. Se te sentires mal, procura assist\u00eancia m\u00e9dica.  <\/strong><\/td>\n<\/tr>\n<\/tbody>\n<\/table>\n<h3>Lista de sabores de <strong>Fizzy Pandora <\/strong>12000 Puffs:<\/h3>\n<ol>\n<li><a href=\"https:\/\/fizzyvape.eu\/product\/fizzy-pandora-watermelon-12000-puffs\/\">Melancia<\/a><\/li>\n<li><a href=\"https:\/\/fizzyvape.eu\/pt-pt\/produto\/fizzy-pandora-manga-12000-puffs\/\">Manga<\/a><\/li>\n<li><a href=\"https:\/\/fizzyvape.eu\/product\/fizzy-pandora-grape-12000-puffs\/\">Uva<\/a><\/li>\n<li><a href=\"https:\/\/fizzyvape.eu\/product\/fizzy-pandora-pomegranate-12000-puffs\/\">Rom\u00e3<\/a><\/li>\n<li><a href=\"https:\/\/fizzyvape.eu\/product\/fizzy-pandora-peach-12000-puffs\/\">P\u00eassego<\/a><\/li>\n<li><a href=\"https:\/\/fizzyvape.eu\/product\/fizzy-pandora-blueberry-raspberry-12000-puffs\/\">Mirtilo Framboesa<\/a><\/li>\n<li><a href=\"https:\/\/fizzyvape.eu\/product\/fizzy-pandora-orange-mango-watermelon-12000-puffs\/\">Laranja Manga Melancia<\/a><\/li>\n<li><a href=\"https:\/\/fizzyvape.eu\/product\/fizzy-pandora-ice-mint-12000-puffs\/\">Menta gelada<\/a><\/li>\n<li><a href=\"https:\/\/fizzyvape.eu\/product\/fizzy-pandora-strawberry-kiwi-pomegranate-12000-puffs\/\">Morango Kiwi Rom\u00e3<\/a><\/li>\n<li><a href=\"https:\/\/fizzyvape.eu\/product\/fizzy-pandora-blueberry-12000-puffs\/\">Mirtilo<\/a><\/li>\n<li><a href=\"https:\/\/fizzyvape.eu\/pt-pt\/produto\/fizzy-pandora-morango-12000-puffs\/\">Morango<\/a><\/li>\n<li><a href=\"https:\/\/fizzyvape.eu\/pt-pt\/produto\/fizzy-pandora-melancia-mirtilo-12000-puffs\/\">Melancia Mirtilo<\/a><\/li>\n<\/ol>\n<h3><strong>Perguntas frequentes sobre <\/strong><strong>Fizzy Pandora Manga 12000 Puffs <\/strong><strong>Vaporizador<\/strong><\/h3>\n<h4><strong>1. Quanto tempo dura o Fizzy Pandora Mango 12000 Puffs?<\/strong><\/h4>\n<p>O dispositivo fornece aproximadamente <strong>12.000 baforadas<\/strong>, dependendo dos teus h\u00e1bitos de utiliza\u00e7\u00e3o. Para os vapers normais, isto pode durar <strong>v\u00e1rias semanas<\/strong>. A <strong>bateria recarreg\u00e1vel de 650mAh<\/strong> incorporada e a <strong>capacidade de 12mL de e-l\u00edquido<\/strong> garantem uma utiliza\u00e7\u00e3o prolongada.  <\/p>\n<h4><strong>2. Este vape \u00e9 recarreg\u00e1vel?<\/strong><\/h4>\n<p>Sim! Ao contr\u00e1rio de muitos descart\u00e1veis, a <strong>Fizzy Pandora Mango 12000 Puffs<\/strong> possui uma <strong>bateria recarreg\u00e1vel USB-C<\/strong>, para que possas desfrutar at\u00e9 \u00e0 \u00faltima gota de e-l\u00edquido sem desperdi\u00e7ar energia. <\/p>\n<h4><strong>3. Qual \u00e9 a concentra\u00e7\u00e3o de nicotina que utiliza?<\/strong><\/h4>\n<p>Este dispositivo cont\u00e9m <strong>5% (50mg) de nicotina em sal e-l\u00edquido<\/strong>, proporcionando um efeito suave e satisfat\u00f3rio na garganta, ideal para ex-fumadores ou entusiastas da nicotina.<\/p>\n<h4><strong>4. Qual \u00e9 o sabor da Fizzy Pandora Manga?<\/strong><\/h4>\n<p>Imagina <strong>mangas maduras e sumarentas com um toque efervescente &#8211; doce<\/strong>, picante e refrescante. A <strong>bobina de malha<\/strong> avan\u00e7ada melhora a consist\u00eancia do sabor desde a primeira at\u00e9 \u00e0 \u00faltima baforada. <\/p>\n<h4><strong>5. Este vape \u00e9 \u00e0 prova de fugas e port\u00e1til?<\/strong><\/h4>\n<p>Podes crer! O <strong>design selado<\/strong> evita fugas, e o seu <strong>corpo compacto e leve<\/strong> cabe facilmente nos bolsos ou nas malas para poderes vaporizar sem problemas em qualquer lugar. <\/p>\n<\/div>\n","protected":false},"excerpt":{"rendered":"<p><strong>Fizzy Pandora Mango 12000 Puffs Vape Descart\u00e1vel<\/strong> &#8211; Experimenta a derradeira escapadela tropical com este vape descart\u00e1vel de longa dura\u00e7\u00e3o de 12.000 puffs, com um suculento sabor a manga e um toque efervescente.<\/p>\n","protected":false},"featured_media":20591,"comment_status":"open","ping_status":"closed","template":"","meta":{"iawp_total_views":0},"product_brand":[],"product_cat":[292],"product_tag":[294,376],"class_list":{"0":"post-26261","1":"product","2":"type-product","3":"status-publish","4":"has-post-thumbnail","6":"product_cat-pandora-pt-pt","7":"product_tag-12000-puffs-pt-pt","8":"product_tag-manga","10":"first","11":"outofstock","12":"shipping-taxable","13":"purchasable","14":"product-type-variable"},"yoast_head":"<!-- This site is optimized with the Yoast SEO Premium plugin v24.8 (Yoast SEO v24.8) - https:\/\/yoast.com\/wordpress\/plugins\/seo\/ -->\n<title>Fizzy Pandora Manga - 12000 puffs - fizzyvape.eu<\/title>\n<meta name=\"robots\" content=\"index, follow, max-snippet:-1, max-image-preview:large, max-video-preview:-1\" \/>\n<link rel=\"canonical\" href=\"https:\/\/fizzyvape.eu\/pt-pt\/produto\/fizzy-pandora-manga-12000-puffs\/\" \/>\n<meta property=\"og:locale\" content=\"pt_PT\" \/>\n<meta property=\"og:type\" content=\"article\" \/>\n<meta property=\"og:title\" content=\"Fizzy Pandora Manga - 12000 puffs\" \/>\n<meta property=\"og:description\" content=\"Fizzy Pandora Mango 12000 Puffs Vape Descart\u00e1vel - Experimenta a derradeira escapadela tropical com este vape descart\u00e1vel de longa dura\u00e7\u00e3o de 12.000 puffs, com um suculento sabor a manga e um toque efervescente.\" \/>\n<meta property=\"og:url\" content=\"https:\/\/fizzyvape.eu\/pt-pt\/produto\/fizzy-pandora-manga-12000-puffs\/\" \/>\n<meta property=\"og:site_name\" content=\"fizzyvape.eu\" \/>\n<meta property=\"og:image\" content=\"https:\/\/www.fizzyvape.eu\/wp-content\/uploads\/2025\/03\/Fizzy-Pandora-MANGO-12000PUFF-1.jpg\" \/>\n\t<meta property=\"og:image:width\" content=\"1057\" \/>\n\t<meta property=\"og:image:height\" content=\"1037\" \/>\n\t<meta property=\"og:image:type\" content=\"image\/jpeg\" \/>\n<meta name=\"twitter:card\" content=\"summary_large_image\" \/>\n<meta name=\"twitter:label1\" content=\"Disponibilidade\" \/>\n\t<meta name=\"twitter:data1\" content=\"Esgotado\" \/>\n<script type=\"application\/ld+json\" class=\"yoast-schema-graph\">{\"@context\":\"https:\/\/schema.org\",\"@graph\":[{\"@type\":\"WebPage\",\"@id\":\"https:\/\/fizzyvape.eu\/pt-pt\/produto\/fizzy-pandora-manga-12000-puffs\/\",\"url\":\"https:\/\/fizzyvape.eu\/pt-pt\/produto\/fizzy-pandora-manga-12000-puffs\/\",\"name\":\"Fizzy Pandora Manga - 12000 puffs - fizzyvape.eu\",\"isPartOf\":{\"@id\":\"https:\/\/www.fizzyvape.eu\/pt-pt\/#website\"},\"primaryImageOfPage\":{\"@id\":\"https:\/\/fizzyvape.eu\/pt-pt\/produto\/fizzy-pandora-manga-12000-puffs\/#primaryimage\"},\"image\":{\"@id\":\"https:\/\/fizzyvape.eu\/pt-pt\/produto\/fizzy-pandora-manga-12000-puffs\/#primaryimage\"},\"thumbnailUrl\":\"https:\/\/fizzyvape.eu\/wp-content\/uploads\/2025\/03\/Fizzy-Pandora-MANGO-12000PUFF-1.jpg\",\"datePublished\":\"2025-03-26T09:37:12+00:00\",\"breadcrumb\":{\"@id\":\"https:\/\/fizzyvape.eu\/pt-pt\/produto\/fizzy-pandora-manga-12000-puffs\/#breadcrumb\"},\"inLanguage\":\"pt-PT\",\"potentialAction\":[{\"@type\":\"ReadAction\",\"target\":[\"https:\/\/fizzyvape.eu\/pt-pt\/produto\/fizzy-pandora-manga-12000-puffs\/\"]}]},{\"@type\":\"ImageObject\",\"inLanguage\":\"pt-PT\",\"@id\":\"https:\/\/fizzyvape.eu\/pt-pt\/produto\/fizzy-pandora-manga-12000-puffs\/#primaryimage\",\"url\":\"https:\/\/fizzyvape.eu\/wp-content\/uploads\/2025\/03\/Fizzy-Pandora-MANGO-12000PUFF-1.jpg\",\"contentUrl\":\"https:\/\/fizzyvape.eu\/wp-content\/uploads\/2025\/03\/Fizzy-Pandora-MANGO-12000PUFF-1.jpg\",\"width\":1057,\"height\":1037,\"caption\":\"Fizzy-Pandora-MANGO- 12000PUFF\"},{\"@type\":\"BreadcrumbList\",\"@id\":\"https:\/\/fizzyvape.eu\/pt-pt\/produto\/fizzy-pandora-manga-12000-puffs\/#breadcrumb\",\"itemListElement\":[{\"@type\":\"ListItem\",\"position\":1,\"name\":\"Home\",\"item\":\"https:\/\/fizzyvape.eu\/pt-pt\/\"},{\"@type\":\"ListItem\",\"position\":2,\"name\":\"Shop\",\"item\":\"https:\/\/www.fizzyvape.eu\/pt-pt\/shop\/\"},{\"@type\":\"ListItem\",\"position\":3,\"name\":\"Fizzy Pandora Manga &#8211; 12000 puffs\"}]},{\"@type\":\"WebSite\",\"@id\":\"https:\/\/www.fizzyvape.eu\/pt-pt\/#website\",\"url\":\"https:\/\/www.fizzyvape.eu\/pt-pt\/\",\"name\":\"fizzyvape.eu\",\"description\":\"Refreshing Vapes. Unforgettable Taste.\",\"publisher\":{\"@id\":\"https:\/\/www.fizzyvape.eu\/pt-pt\/#organization\"},\"potentialAction\":[{\"@type\":\"SearchAction\",\"target\":{\"@type\":\"EntryPoint\",\"urlTemplate\":\"https:\/\/www.fizzyvape.eu\/pt-pt\/?s={search_term_string}\"},\"query-input\":{\"@type\":\"PropertyValueSpecification\",\"valueRequired\":true,\"valueName\":\"search_term_string\"}}],\"inLanguage\":\"pt-PT\"},{\"@type\":\"Organization\",\"@id\":\"https:\/\/www.fizzyvape.eu\/pt-pt\/#organization\",\"name\":\"fizzyvape.eu\",\"url\":\"https:\/\/www.fizzyvape.eu\/pt-pt\/\",\"logo\":{\"@type\":\"ImageObject\",\"inLanguage\":\"pt-PT\",\"@id\":\"https:\/\/www.fizzyvape.eu\/pt-pt\/#\/schema\/logo\/image\/\",\"url\":\"https:\/\/fizzyvape.eu\/wp-content\/uploads\/2019\/06\/print-1.svg\",\"contentUrl\":\"https:\/\/fizzyvape.eu\/wp-content\/uploads\/2019\/06\/print-1.svg\",\"width\":124,\"height\":37,\"caption\":\"fizzyvape.eu\"},\"image\":{\"@id\":\"https:\/\/www.fizzyvape.eu\/pt-pt\/#\/schema\/logo\/image\/\"}}]}<\/script>\n<meta property=\"og:availability\" content=\"out of stock\" \/>\n<meta property=\"product:availability\" content=\"out of stock\" \/>\n<meta property=\"product:condition\" content=\"new\" \/>\n<!-- \/ Yoast SEO Premium plugin. -->","yoast_head_json":{"title":"Fizzy Pandora Manga - 12000 puffs - fizzyvape.eu","robots":{"index":"index","follow":"follow","max-snippet":"max-snippet:-1","max-image-preview":"max-image-preview:large","max-video-preview":"max-video-preview:-1"},"canonical":"https:\/\/fizzyvape.eu\/pt-pt\/produto\/fizzy-pandora-manga-12000-puffs\/","og_locale":"pt_PT","og_type":"article","og_title":"Fizzy Pandora Manga - 12000 puffs","og_description":"Fizzy Pandora Mango 12000 Puffs Vape Descart\u00e1vel - Experimenta a derradeira escapadela tropical com este vape descart\u00e1vel de longa dura\u00e7\u00e3o de 12.000 puffs, com um suculento sabor a manga e um toque efervescente.","og_url":"https:\/\/fizzyvape.eu\/pt-pt\/produto\/fizzy-pandora-manga-12000-puffs\/","og_site_name":"fizzyvape.eu","og_image":[{"width":1057,"height":1037,"url":"https:\/\/www.fizzyvape.eu\/wp-content\/uploads\/2025\/03\/Fizzy-Pandora-MANGO-12000PUFF-1.jpg","type":"image\/jpeg"}],"twitter_card":"summary_large_image","twitter_misc":{"Disponibilidade":"Esgotado"},"schema":{"@context":"https:\/\/schema.org","@graph":[{"@type":"WebPage","@id":"https:\/\/fizzyvape.eu\/pt-pt\/produto\/fizzy-pandora-manga-12000-puffs\/","url":"https:\/\/fizzyvape.eu\/pt-pt\/produto\/fizzy-pandora-manga-12000-puffs\/","name":"Fizzy Pandora Manga - 12000 puffs - fizzyvape.eu","isPartOf":{"@id":"https:\/\/www.fizzyvape.eu\/pt-pt\/#website"},"primaryImageOfPage":{"@id":"https:\/\/fizzyvape.eu\/pt-pt\/produto\/fizzy-pandora-manga-12000-puffs\/#primaryimage"},"image":{"@id":"https:\/\/fizzyvape.eu\/pt-pt\/produto\/fizzy-pandora-manga-12000-puffs\/#primaryimage"},"thumbnailUrl":"https:\/\/fizzyvape.eu\/wp-content\/uploads\/2025\/03\/Fizzy-Pandora-MANGO-12000PUFF-1.jpg","datePublished":"2025-03-26T09:37:12+00:00","breadcrumb":{"@id":"https:\/\/fizzyvape.eu\/pt-pt\/produto\/fizzy-pandora-manga-12000-puffs\/#breadcrumb"},"inLanguage":"pt-PT","potentialAction":[{"@type":"ReadAction","target":["https:\/\/fizzyvape.eu\/pt-pt\/produto\/fizzy-pandora-manga-12000-puffs\/"]}]},{"@type":"ImageObject","inLanguage":"pt-PT","@id":"https:\/\/fizzyvape.eu\/pt-pt\/produto\/fizzy-pandora-manga-12000-puffs\/#primaryimage","url":"https:\/\/fizzyvape.eu\/wp-content\/uploads\/2025\/03\/Fizzy-Pandora-MANGO-12000PUFF-1.jpg","contentUrl":"https:\/\/fizzyvape.eu\/wp-content\/uploads\/2025\/03\/Fizzy-Pandora-MANGO-12000PUFF-1.jpg","width":1057,"height":1037,"caption":"Fizzy-Pandora-MANGO- 12000PUFF"},{"@type":"BreadcrumbList","@id":"https:\/\/fizzyvape.eu\/pt-pt\/produto\/fizzy-pandora-manga-12000-puffs\/#breadcrumb","itemListElement":[{"@type":"ListItem","position":1,"name":"Home","item":"https:\/\/fizzyvape.eu\/pt-pt\/"},{"@type":"ListItem","position":2,"name":"Shop","item":"https:\/\/www.fizzyvape.eu\/pt-pt\/shop\/"},{"@type":"ListItem","position":3,"name":"Fizzy Pandora Manga &#8211; 12000 puffs"}]},{"@type":"WebSite","@id":"https:\/\/www.fizzyvape.eu\/pt-pt\/#website","url":"https:\/\/www.fizzyvape.eu\/pt-pt\/","name":"fizzyvape.eu","description":"Refreshing Vapes. Unforgettable Taste.","publisher":{"@id":"https:\/\/www.fizzyvape.eu\/pt-pt\/#organization"},"potentialAction":[{"@type":"SearchAction","target":{"@type":"EntryPoint","urlTemplate":"https:\/\/www.fizzyvape.eu\/pt-pt\/?s={search_term_string}"},"query-input":{"@type":"PropertyValueSpecification","valueRequired":true,"valueName":"search_term_string"}}],"inLanguage":"pt-PT"},{"@type":"Organization","@id":"https:\/\/www.fizzyvape.eu\/pt-pt\/#organization","name":"fizzyvape.eu","url":"https:\/\/www.fizzyvape.eu\/pt-pt\/","logo":{"@type":"ImageObject","inLanguage":"pt-PT","@id":"https:\/\/www.fizzyvape.eu\/pt-pt\/#\/schema\/logo\/image\/","url":"https:\/\/fizzyvape.eu\/wp-content\/uploads\/2019\/06\/print-1.svg","contentUrl":"https:\/\/fizzyvape.eu\/wp-content\/uploads\/2019\/06\/print-1.svg","width":124,"height":37,"caption":"fizzyvape.eu"},"image":{"@id":"https:\/\/www.fizzyvape.eu\/pt-pt\/#\/schema\/logo\/image\/"}}]},"og_availability":"out of stock","product_availability":"out of stock","product_condition":"new"},"tiered_pricing_type":"fixed","tiered_pricing_fixed_rules":[],"tiered_pricing_product_settings":{"layout":"default","base_unit_name":{"singular":null,"plural":null},"default_variation":null},"tiered_pricing_minimum_quantity":null,"tiered_pricing_roles_data":[],"tiered_pricing_percentage_rules":[],"tiered_pricing_maximum_quantity":null,"tiered_pricing_quantity_step":null,"_links":{"self":[{"href":"https:\/\/fizzyvape.eu\/pt-pt\/wp-json\/wp\/v2\/product\/26261","targetHints":{"allow":["GET"]}}],"collection":[{"href":"https:\/\/fizzyvape.eu\/pt-pt\/wp-json\/wp\/v2\/product"}],"about":[{"href":"https:\/\/fizzyvape.eu\/pt-pt\/wp-json\/wp\/v2\/types\/product"}],"replies":[{"embeddable":true,"href":"https:\/\/fizzyvape.eu\/pt-pt\/wp-json\/wp\/v2\/comments?post=26261"}],"version-history":[{"count":0,"href":"https:\/\/fizzyvape.eu\/pt-pt\/wp-json\/wp\/v2\/product\/26261\/revisions"}],"wp:featuredmedia":[{"embeddable":true,"href":"https:\/\/fizzyvape.eu\/pt-pt\/wp-json\/wp\/v2\/media\/20591"}],"wp:attachment":[{"href":"https:\/\/fizzyvape.eu\/pt-pt\/wp-json\/wp\/v2\/media?parent=26261"}],"wp:term":[{"taxonomy":"product_brand","embeddable":true,"href":"https:\/\/fizzyvape.eu\/pt-pt\/wp-json\/wp\/v2\/product_brand?post=26261"},{"taxonomy":"product_cat","embeddable":true,"href":"https:\/\/fizzyvape.eu\/pt-pt\/wp-json\/wp\/v2\/product_cat?post=26261"},{"taxonomy":"product_tag","embeddable":true,"href":"https:\/\/fizzyvape.eu\/pt-pt\/wp-json\/wp\/v2\/product_tag?post=26261"}],"curies":[{"name":"wp","href":"https:\/\/api.w.org\/{rel}","templated":true}]}}