{"id":26360,"date":"2025-03-27T11:03:29","date_gmt":"2025-03-27T03:03:29","guid":{"rendered":"https:\/\/fizzyvape.eu\/product\/fizzy-pandora-pessego-12000-puffs\/"},"modified":"2025-03-27T11:03:29","modified_gmt":"2025-03-27T03:03:29","slug":"fizzy-pandora-pessego-12000-puffs","status":"publish","type":"product","link":"https:\/\/fizzyvape.eu\/pt-pt\/produto\/fizzy-pandora-pessego-12000-puffs\/","title":{"rendered":"Fizzy Pandora P\u00eassego &#8211; 12000 Puffs"},"content":{"rendered":"<div>\n<h2><strong>Fizzy Pandora Peach 12000 Puffs &#8211; Vape descart\u00e1vel de alta qualidade com sabor a uva<\/strong><\/h2>\n<p>Experimenta o <strong>sabor rico e sumarento das uvas maduras<\/strong> com o <strong>Fizzy Pandora Grape 12000 Puffs &#8211; um<\/strong> <strong>vape descart\u00e1vel de alto desempenho<\/strong> concebido para uma satisfa\u00e7\u00e3o duradoura. Com umas <strong>impressionantes 12.000 baforadas<\/strong>, <strong>20 ml de capacidade de e-l\u00edquido<\/strong> e uma f\u00f3rmula <strong>suave de sal de nicotina a 5%<\/strong>, este vape proporciona <strong>um sabor intenso e um vapor poderoso<\/strong> num design elegante e port\u00e1til. <\/p>\n<h3><strong>Carater\u00edsticas principais<\/strong><\/h3>\n<p><strong>12.000 baforadas ultra-longas<\/strong> &#8211; Capacidade l\u00edder na ind\u00fastria para uma utiliza\u00e7\u00e3o prolongada<br \/>\n<strong>Juicy Peach com Fizzy Twist<\/strong> &#8211; Doce, refrescante e perfeitamente equilibrado<br \/>\n<strong>Bobina de malha de 1,4\u03a9<\/strong> &#8211; Optimizada para o <strong>m\u00e1ximo sabor e produ\u00e7\u00e3o de vapor<\/strong><br \/>\n\u2714 <strong>\u00c0 prova de fugas e port\u00e1til<\/strong> &#8211; Compacta, leve e f\u00e1cil de viajar<br \/>\n<strong>Ativado por desenho<\/strong> &#8211; Sem bot\u00f5es, basta inalares para desfrutares <\/p>\n<h3><strong>Porqu\u00ea escolher Fizzy Pandora?<\/strong><\/h3>\n<p>\ud83c\udf51 <strong>Sabor explosivo a p\u00eassego<\/strong> &#8211; Doce, sumarento e refrescante<br \/>\n\u26a1 <strong>Recarreg\u00e1vel e de longa dura\u00e7\u00e3o<\/strong> &#8211; N\u00e3o tens frustra\u00e7\u00f5es com pilhas gastas<br \/>\n\ud83d\udca8 <strong>Suave e satisfat\u00f3rio<\/strong> &#8211; 5% de sal de nicotina para uma batida perfeita<br \/>\n\ud83d\ude80 <strong>Desempenho Premium<\/strong> &#8211; Bobina de malha para um sabor rico e consistente <\/p>\n<h3>Conte\u00fado da embalagem<\/h3>\n<p>1 \u00d7 Dispositivo Fizzy Pandora Peach 12000 Puffs<\/p>\n<\/div>\n<div>\n<h3>Especifica\u00e7\u00f5es<\/h3>\n<table>\n<tbody>\n<tr>\n<td>Puffs<\/td>\n<td><strong>Mais de 12000 Puffs<\/strong><\/td>\n<\/tr>\n<tr>\n<td>Capacidade do E-l\u00edquido<\/td>\n<td><strong>20ml<\/strong><\/td>\n<\/tr>\n<tr>\n<td>Capacidade da bateria<\/td>\n<td><strong>650mAh<\/strong><\/td>\n<\/tr>\n<tr>\n<td>Bobina de malha<\/td>\n<td><strong>1.4\u03a9<\/strong><\/td>\n<\/tr>\n<tr>\n<td>Tamanho<\/td>\n<td><strong>48*20,6*88mm<\/strong><\/td>\n<\/tr>\n<tr>\n<td>Descart\u00e1vel ou n\u00e3o<\/td>\n<td><strong>Descart\u00e1vel<\/strong><\/td>\n<\/tr>\n<tr>\n<td>M\u00e9todo de carregamento<\/td>\n<td><strong>Cabo<\/strong><\/td>\n<\/tr>\n<tr>\n<td>M\u00e9todo de ativa\u00e7\u00e3o<\/td>\n<td><strong>Sensor<\/strong><\/td>\n<\/tr>\n<tr>\n<td>N\u00edvel de nicotina<\/td>\n<td><strong>5% (50mg\/ml)<\/strong><\/td>\n<\/tr>\n<tr>\n<td>Sabores<\/td>\n<td><strong>12<\/strong><\/td>\n<\/tr>\n<tr>\n<td>Embalagem<\/td>\n<td><strong>1 embalagem<\/strong><\/td>\n<\/tr>\n<tr>\n<td>Tempo de carregamento<\/td>\n<td><strong>2 horas<\/strong><\/td>\n<\/tr>\n<tr>\n<td>Armazenamento<\/td>\n<td><strong>Evita ambientes com temperaturas elevadas e armazena em local fresco e seco.<\/strong><\/td>\n<\/tr>\n<tr>\n<td>Pessoas proibidas de usar<\/td>\n<td><strong>Menores de idade, mulheres gr\u00e1vidas e pessoas al\u00e9rgicas aos ingredientes do produto.<\/strong><\/td>\n<\/tr>\n<tr>\n<td>Cuidado<\/td>\n<td><strong>N\u00e3o engulas esta subst\u00e2ncia. Em caso de ingest\u00e3o, lava imediata e abundantemente a boca. Se te sentires mal, procura assist\u00eancia m\u00e9dica.  <\/strong><\/td>\n<\/tr>\n<\/tbody>\n<\/table>\n<h3>Lista de sabores de <strong>Fizzy Pandora <\/strong>12000 Puffs:<\/h3>\n<ol>\n<li><a href=\"https:\/\/fizzyvape.eu\/pt-pt\/produto\/fizzy-pandora-melancia-12000-puffs\/\">Melancia<\/a><\/li>\n<li><a href=\"https:\/\/fizzyvape.eu\/pt-pt\/produto\/fizzy-pandora-manga-12000-puffs\/\">Manga<\/a><\/li>\n<li><a href=\"https:\/\/fizzyvape.eu\/pt-pt\/produto\/fizzy-pandora-uva-12000-puffs\/\">Uva<\/a><\/li>\n<li><a href=\"https:\/\/fizzyvape.eu\/pt-pt\/produto\/fizzy-pandora-roma-12000-puffs\/\">Rom\u00e3<\/a><\/li>\n<li><a href=\"https:\/\/fizzyvape.eu\/pt-pt\/produto\/fizzy-pandora-pessego-12000-puffs\/\">P\u00eassego<\/a><\/li>\n<li><a href=\"https:\/\/fizzyvape.eu\/pt-pt\/produto\/fizzy-pandora-mirtilo-framboesa-12000-puffs\/\">Mirtilo Framboesa<\/a><\/li>\n<li><a href=\"https:\/\/fizzyvape.eu\/product\/fizzy-pandora-orange-mango-watermelon-12000-puffs\/\">Laranja Manga Melancia<\/a><\/li>\n<li><a href=\"https:\/\/fizzyvape.eu\/product\/fizzy-pandora-ice-mint-12000-puffs\/\">Menta gelada<\/a><\/li>\n<li><a href=\"https:\/\/fizzyvape.eu\/product\/fizzy-pandora-strawberry-kiwi-pomegranate-12000-puffs\/\">Morango Kiwi Rom\u00e3<\/a><\/li>\n<li><a href=\"https:\/\/fizzyvape.eu\/product\/fizzy-pandora-blueberry-12000-puffs\/\">Mirtilo<\/a><\/li>\n<li><a href=\"https:\/\/fizzyvape.eu\/pt-pt\/produto\/fizzy-pandora-morango-12000-puffs\/\">Morango<\/a><\/li>\n<li><a href=\"https:\/\/fizzyvape.eu\/pt-pt\/produto\/fizzy-pandora-melancia-mirtilo-12000-puffs\/\">Melancia Mirtilo<\/a><\/li>\n<\/ol>\n<h3><strong>FAQ sobre <\/strong><strong>Fizzy Pandora Peach 12000 Puffs <\/strong><strong>Vape<\/strong><\/h3>\n<h4><strong>1. Quanto tempo dura o Fizzy Pandora Peach 12000 Puffs?<\/strong><\/h4>\n<p>Com <strong>12.000 baforadas<\/strong>, este dispositivo dura <strong>2 a 3 semanas<\/strong> para os utilizadores m\u00e9dios. A <strong>capacidade de 20 ml de e-l\u00edquido<\/strong> e <strong>a bateria recarreg\u00e1vel<\/strong> garantem que desfrutas de cada gota. <\/p>\n<h4><strong>2. O sabor do p\u00eassego \u00e9 demasiado doce?<\/strong><\/h4>\n<p>N\u00e3o! O nosso sabor a p\u00eassego \u00e9 <strong>perfeitamente equilibrado &#8211; doce<\/strong><strong>e sumarento<\/strong> como um p\u00eassego maduro, com um <strong>final efervescente e refrescante<\/strong> para n\u00e3o ser demasiado a\u00e7ucarado. <\/p>\n<h4><strong>3. Qual \u00e9 a concentra\u00e7\u00e3o de nicotina dispon\u00edvel?<\/strong><\/h4>\n<p>Este dispositivo cont\u00e9m <strong>5% (50 mg) de sal de nicotina<\/strong>, proporcionando um efeito de garganta <strong>suave e satisfat\u00f3rio<\/strong>, ideal para vapers adultos.<\/p>\n<h4><strong>4. \u00c9 \u00e0 prova de fugas e f\u00e1cil de transportar?<\/strong><\/h4>\n<p>Podes crer! O <strong>design selado evita fugas<\/strong> e o seu <strong>tamanho compacto (48\u00d720,6\u00d788 mm)<\/strong> cabe facilmente nos bolsos ou nos sacos para fumares em viagem. <\/p>\n<\/div>\n","protected":false},"excerpt":{"rendered":"<p><strong>Fizzy Pandora Peach 12000 Puffs Vape Descart\u00e1vel<\/strong> &#8211; Desfruta de <strong>12.000 baforadas ultra-suaves<\/strong> de <strong>sabor a p\u00eassego sumarento com um toque efervescente<\/strong> neste <strong>vape descart\u00e1vel recarreg\u00e1vel de alta qualidade<\/strong>. Com uma <strong>capacidade de 20mL de e-l\u00edquido<\/strong>, <strong>5% de sal de nicotina<\/strong> e <strong>tecnologia de bobina de malha<\/strong> para um <strong>sabor rico e nuvens densas &#8211; perfeito<\/strong>para vaporizar durante todo o dia! <\/p>\n","protected":false},"featured_media":20647,"comment_status":"open","ping_status":"closed","template":"","meta":{"iawp_total_views":0},"product_brand":[],"product_cat":[292],"product_tag":[294,380],"class_list":{"0":"post-26360","1":"product","2":"type-product","3":"status-publish","4":"has-post-thumbnail","6":"product_cat-pandora-pt-pt","7":"product_tag-12000-puffs-pt-pt","8":"product_tag-melancia","10":"first","11":"outofstock","12":"shipping-taxable","13":"purchasable","14":"product-type-variable"},"yoast_head":"<!-- This site is optimized with the Yoast SEO Premium plugin v24.8 (Yoast SEO v24.8) - https:\/\/yoast.com\/wordpress\/plugins\/seo\/ -->\n<title>Fizzy Pandora P\u00eassego - 12000 Puffs - fizzyvape.eu<\/title>\n<meta name=\"robots\" content=\"index, follow, max-snippet:-1, max-image-preview:large, max-video-preview:-1\" \/>\n<link rel=\"canonical\" href=\"https:\/\/fizzyvape.eu\/pt-pt\/produto\/fizzy-pandora-pessego-12000-puffs\/\" \/>\n<meta property=\"og:locale\" content=\"pt_PT\" \/>\n<meta property=\"og:type\" content=\"article\" \/>\n<meta property=\"og:title\" content=\"Fizzy Pandora P\u00eassego - 12000 Puffs\" \/>\n<meta property=\"og:description\" content=\"Fizzy Pandora Peach 12000 Puffs Vape Descart\u00e1vel - Desfruta de 12.000 baforadas ultra-suaves de sabor a p\u00eassego sumarento com um toque efervescente neste vape descart\u00e1vel recarreg\u00e1vel de alta qualidade. Com uma capacidade de 20mL de e-l\u00edquido, 5% de sal de nicotina e tecnologia de bobina de malha para um sabor rico e nuvens densas - perfeitopara vaporizar durante todo o dia!\" \/>\n<meta property=\"og:url\" content=\"https:\/\/fizzyvape.eu\/pt-pt\/produto\/fizzy-pandora-pessego-12000-puffs\/\" \/>\n<meta property=\"og:site_name\" content=\"fizzyvape.eu\" \/>\n<meta property=\"og:image\" content=\"https:\/\/www.fizzyvape.eu\/wp-content\/uploads\/2025\/03\/FizzyVape-Pandora-Peach-12000Puff.jpg\" \/>\n\t<meta property=\"og:image:width\" content=\"1057\" \/>\n\t<meta property=\"og:image:height\" content=\"1037\" \/>\n\t<meta property=\"og:image:type\" content=\"image\/jpeg\" \/>\n<meta name=\"twitter:card\" content=\"summary_large_image\" \/>\n<meta name=\"twitter:label1\" content=\"Disponibilidade\" \/>\n\t<meta name=\"twitter:data1\" content=\"Esgotado\" \/>\n<script type=\"application\/ld+json\" class=\"yoast-schema-graph\">{\"@context\":\"https:\/\/schema.org\",\"@graph\":[{\"@type\":\"WebPage\",\"@id\":\"https:\/\/fizzyvape.eu\/pt-pt\/produto\/fizzy-pandora-pessego-12000-puffs\/\",\"url\":\"https:\/\/fizzyvape.eu\/pt-pt\/produto\/fizzy-pandora-pessego-12000-puffs\/\",\"name\":\"Fizzy Pandora P\u00eassego - 12000 Puffs - fizzyvape.eu\",\"isPartOf\":{\"@id\":\"https:\/\/www.fizzyvape.eu\/pt-pt\/#website\"},\"primaryImageOfPage\":{\"@id\":\"https:\/\/fizzyvape.eu\/pt-pt\/produto\/fizzy-pandora-pessego-12000-puffs\/#primaryimage\"},\"image\":{\"@id\":\"https:\/\/fizzyvape.eu\/pt-pt\/produto\/fizzy-pandora-pessego-12000-puffs\/#primaryimage\"},\"thumbnailUrl\":\"https:\/\/fizzyvape.eu\/wp-content\/uploads\/2025\/03\/FizzyVape-Pandora-Peach-12000Puff.jpg\",\"datePublished\":\"2025-03-27T03:03:29+00:00\",\"breadcrumb\":{\"@id\":\"https:\/\/fizzyvape.eu\/pt-pt\/produto\/fizzy-pandora-pessego-12000-puffs\/#breadcrumb\"},\"inLanguage\":\"pt-PT\",\"potentialAction\":[{\"@type\":\"ReadAction\",\"target\":[\"https:\/\/fizzyvape.eu\/pt-pt\/produto\/fizzy-pandora-pessego-12000-puffs\/\"]}]},{\"@type\":\"ImageObject\",\"inLanguage\":\"pt-PT\",\"@id\":\"https:\/\/fizzyvape.eu\/pt-pt\/produto\/fizzy-pandora-pessego-12000-puffs\/#primaryimage\",\"url\":\"https:\/\/fizzyvape.eu\/wp-content\/uploads\/2025\/03\/FizzyVape-Pandora-Peach-12000Puff.jpg\",\"contentUrl\":\"https:\/\/fizzyvape.eu\/wp-content\/uploads\/2025\/03\/FizzyVape-Pandora-Peach-12000Puff.jpg\",\"width\":1057,\"height\":1037,\"caption\":\"FizzyVape-Pandora-P\u00eassego-12000Puff\"},{\"@type\":\"BreadcrumbList\",\"@id\":\"https:\/\/fizzyvape.eu\/pt-pt\/produto\/fizzy-pandora-pessego-12000-puffs\/#breadcrumb\",\"itemListElement\":[{\"@type\":\"ListItem\",\"position\":1,\"name\":\"Home\",\"item\":\"https:\/\/fizzyvape.eu\/pt-pt\/\"},{\"@type\":\"ListItem\",\"position\":2,\"name\":\"Shop\",\"item\":\"https:\/\/www.fizzyvape.eu\/pt-pt\/shop\/\"},{\"@type\":\"ListItem\",\"position\":3,\"name\":\"Fizzy Pandora P\u00eassego &#8211; 12000 Puffs\"}]},{\"@type\":\"WebSite\",\"@id\":\"https:\/\/www.fizzyvape.eu\/pt-pt\/#website\",\"url\":\"https:\/\/www.fizzyvape.eu\/pt-pt\/\",\"name\":\"fizzyvape.eu\",\"description\":\"Refreshing Vapes. Unforgettable Taste.\",\"publisher\":{\"@id\":\"https:\/\/www.fizzyvape.eu\/pt-pt\/#organization\"},\"potentialAction\":[{\"@type\":\"SearchAction\",\"target\":{\"@type\":\"EntryPoint\",\"urlTemplate\":\"https:\/\/www.fizzyvape.eu\/pt-pt\/?s={search_term_string}\"},\"query-input\":{\"@type\":\"PropertyValueSpecification\",\"valueRequired\":true,\"valueName\":\"search_term_string\"}}],\"inLanguage\":\"pt-PT\"},{\"@type\":\"Organization\",\"@id\":\"https:\/\/www.fizzyvape.eu\/pt-pt\/#organization\",\"name\":\"fizzyvape.eu\",\"url\":\"https:\/\/www.fizzyvape.eu\/pt-pt\/\",\"logo\":{\"@type\":\"ImageObject\",\"inLanguage\":\"pt-PT\",\"@id\":\"https:\/\/www.fizzyvape.eu\/pt-pt\/#\/schema\/logo\/image\/\",\"url\":\"https:\/\/fizzyvape.eu\/wp-content\/uploads\/2019\/06\/print-1.svg\",\"contentUrl\":\"https:\/\/fizzyvape.eu\/wp-content\/uploads\/2019\/06\/print-1.svg\",\"width\":124,\"height\":37,\"caption\":\"fizzyvape.eu\"},\"image\":{\"@id\":\"https:\/\/www.fizzyvape.eu\/pt-pt\/#\/schema\/logo\/image\/\"}}]}<\/script>\n<meta property=\"og:availability\" content=\"out of stock\" \/>\n<meta property=\"product:availability\" content=\"out of stock\" \/>\n<meta property=\"product:condition\" content=\"new\" \/>\n<!-- \/ Yoast SEO Premium plugin. -->","yoast_head_json":{"title":"Fizzy Pandora P\u00eassego - 12000 Puffs - fizzyvape.eu","robots":{"index":"index","follow":"follow","max-snippet":"max-snippet:-1","max-image-preview":"max-image-preview:large","max-video-preview":"max-video-preview:-1"},"canonical":"https:\/\/fizzyvape.eu\/pt-pt\/produto\/fizzy-pandora-pessego-12000-puffs\/","og_locale":"pt_PT","og_type":"article","og_title":"Fizzy Pandora P\u00eassego - 12000 Puffs","og_description":"Fizzy Pandora Peach 12000 Puffs Vape Descart\u00e1vel - Desfruta de 12.000 baforadas ultra-suaves de sabor a p\u00eassego sumarento com um toque efervescente neste vape descart\u00e1vel recarreg\u00e1vel de alta qualidade. Com uma capacidade de 20mL de e-l\u00edquido, 5% de sal de nicotina e tecnologia de bobina de malha para um sabor rico e nuvens densas - perfeitopara vaporizar durante todo o dia!","og_url":"https:\/\/fizzyvape.eu\/pt-pt\/produto\/fizzy-pandora-pessego-12000-puffs\/","og_site_name":"fizzyvape.eu","og_image":[{"width":1057,"height":1037,"url":"https:\/\/www.fizzyvape.eu\/wp-content\/uploads\/2025\/03\/FizzyVape-Pandora-Peach-12000Puff.jpg","type":"image\/jpeg"}],"twitter_card":"summary_large_image","twitter_misc":{"Disponibilidade":"Esgotado"},"schema":{"@context":"https:\/\/schema.org","@graph":[{"@type":"WebPage","@id":"https:\/\/fizzyvape.eu\/pt-pt\/produto\/fizzy-pandora-pessego-12000-puffs\/","url":"https:\/\/fizzyvape.eu\/pt-pt\/produto\/fizzy-pandora-pessego-12000-puffs\/","name":"Fizzy Pandora P\u00eassego - 12000 Puffs - fizzyvape.eu","isPartOf":{"@id":"https:\/\/www.fizzyvape.eu\/pt-pt\/#website"},"primaryImageOfPage":{"@id":"https:\/\/fizzyvape.eu\/pt-pt\/produto\/fizzy-pandora-pessego-12000-puffs\/#primaryimage"},"image":{"@id":"https:\/\/fizzyvape.eu\/pt-pt\/produto\/fizzy-pandora-pessego-12000-puffs\/#primaryimage"},"thumbnailUrl":"https:\/\/fizzyvape.eu\/wp-content\/uploads\/2025\/03\/FizzyVape-Pandora-Peach-12000Puff.jpg","datePublished":"2025-03-27T03:03:29+00:00","breadcrumb":{"@id":"https:\/\/fizzyvape.eu\/pt-pt\/produto\/fizzy-pandora-pessego-12000-puffs\/#breadcrumb"},"inLanguage":"pt-PT","potentialAction":[{"@type":"ReadAction","target":["https:\/\/fizzyvape.eu\/pt-pt\/produto\/fizzy-pandora-pessego-12000-puffs\/"]}]},{"@type":"ImageObject","inLanguage":"pt-PT","@id":"https:\/\/fizzyvape.eu\/pt-pt\/produto\/fizzy-pandora-pessego-12000-puffs\/#primaryimage","url":"https:\/\/fizzyvape.eu\/wp-content\/uploads\/2025\/03\/FizzyVape-Pandora-Peach-12000Puff.jpg","contentUrl":"https:\/\/fizzyvape.eu\/wp-content\/uploads\/2025\/03\/FizzyVape-Pandora-Peach-12000Puff.jpg","width":1057,"height":1037,"caption":"FizzyVape-Pandora-P\u00eassego-12000Puff"},{"@type":"BreadcrumbList","@id":"https:\/\/fizzyvape.eu\/pt-pt\/produto\/fizzy-pandora-pessego-12000-puffs\/#breadcrumb","itemListElement":[{"@type":"ListItem","position":1,"name":"Home","item":"https:\/\/fizzyvape.eu\/pt-pt\/"},{"@type":"ListItem","position":2,"name":"Shop","item":"https:\/\/www.fizzyvape.eu\/pt-pt\/shop\/"},{"@type":"ListItem","position":3,"name":"Fizzy Pandora P\u00eassego &#8211; 12000 Puffs"}]},{"@type":"WebSite","@id":"https:\/\/www.fizzyvape.eu\/pt-pt\/#website","url":"https:\/\/www.fizzyvape.eu\/pt-pt\/","name":"fizzyvape.eu","description":"Refreshing Vapes. Unforgettable Taste.","publisher":{"@id":"https:\/\/www.fizzyvape.eu\/pt-pt\/#organization"},"potentialAction":[{"@type":"SearchAction","target":{"@type":"EntryPoint","urlTemplate":"https:\/\/www.fizzyvape.eu\/pt-pt\/?s={search_term_string}"},"query-input":{"@type":"PropertyValueSpecification","valueRequired":true,"valueName":"search_term_string"}}],"inLanguage":"pt-PT"},{"@type":"Organization","@id":"https:\/\/www.fizzyvape.eu\/pt-pt\/#organization","name":"fizzyvape.eu","url":"https:\/\/www.fizzyvape.eu\/pt-pt\/","logo":{"@type":"ImageObject","inLanguage":"pt-PT","@id":"https:\/\/www.fizzyvape.eu\/pt-pt\/#\/schema\/logo\/image\/","url":"https:\/\/fizzyvape.eu\/wp-content\/uploads\/2019\/06\/print-1.svg","contentUrl":"https:\/\/fizzyvape.eu\/wp-content\/uploads\/2019\/06\/print-1.svg","width":124,"height":37,"caption":"fizzyvape.eu"},"image":{"@id":"https:\/\/www.fizzyvape.eu\/pt-pt\/#\/schema\/logo\/image\/"}}]},"og_availability":"out of stock","product_availability":"out of stock","product_condition":"new"},"tiered_pricing_type":"fixed","tiered_pricing_fixed_rules":[],"tiered_pricing_product_settings":{"layout":"default","base_unit_name":{"singular":null,"plural":null},"default_variation":null},"tiered_pricing_minimum_quantity":null,"tiered_pricing_roles_data":[],"tiered_pricing_percentage_rules":[],"tiered_pricing_maximum_quantity":null,"tiered_pricing_quantity_step":null,"_links":{"self":[{"href":"https:\/\/fizzyvape.eu\/pt-pt\/wp-json\/wp\/v2\/product\/26360","targetHints":{"allow":["GET"]}}],"collection":[{"href":"https:\/\/fizzyvape.eu\/pt-pt\/wp-json\/wp\/v2\/product"}],"about":[{"href":"https:\/\/fizzyvape.eu\/pt-pt\/wp-json\/wp\/v2\/types\/product"}],"replies":[{"embeddable":true,"href":"https:\/\/fizzyvape.eu\/pt-pt\/wp-json\/wp\/v2\/comments?post=26360"}],"version-history":[{"count":0,"href":"https:\/\/fizzyvape.eu\/pt-pt\/wp-json\/wp\/v2\/product\/26360\/revisions"}],"wp:featuredmedia":[{"embeddable":true,"href":"https:\/\/fizzyvape.eu\/pt-pt\/wp-json\/wp\/v2\/media\/20647"}],"wp:attachment":[{"href":"https:\/\/fizzyvape.eu\/pt-pt\/wp-json\/wp\/v2\/media?parent=26360"}],"wp:term":[{"taxonomy":"product_brand","embeddable":true,"href":"https:\/\/fizzyvape.eu\/pt-pt\/wp-json\/wp\/v2\/product_brand?post=26360"},{"taxonomy":"product_cat","embeddable":true,"href":"https:\/\/fizzyvape.eu\/pt-pt\/wp-json\/wp\/v2\/product_cat?post=26360"},{"taxonomy":"product_tag","embeddable":true,"href":"https:\/\/fizzyvape.eu\/pt-pt\/wp-json\/wp\/v2\/product_tag?post=26360"}],"curies":[{"name":"wp","href":"https:\/\/api.w.org\/{rel}","templated":true}]}}