{"id":27915,"date":"2025-04-21T11:10:46","date_gmt":"2025-04-21T03:10:46","guid":{"rendered":"https:\/\/fizzyvape.eu\/?post_type=product&#038;p=27915"},"modified":"2025-10-31T18:00:14","modified_gmt":"2025-10-31T10:00:14","slug":"fizzy-nova-plus-40000-puffs-60pcs","status":"publish","type":"product","link":"https:\/\/fizzyvape.eu\/pt-pt\/produto\/fizzy-nova-plus-40000-puffs-60pcs\/","title":{"rendered":"Fizzy Nova Plus 40000 Puffs &#8211; 60pcs"},"content":{"rendered":"<div>\n<h1><strong>Fizzy Nova Plus 40000 Puffs Vape descart\u00e1vel &#8211; O auge da inova\u00e7\u00e3o em vaping<\/strong><\/h1>\n<p>Experimenta a perfei\u00e7\u00e3o da vaporiza\u00e7\u00e3o com o <strong>Fizzy Nova Plus 40.000 Puffs Disposable Vape<\/strong>, onde a tecnologia de ponta encontra um sabor inigual\u00e1vel. Concebido para os vapers que exigem longevidade e desempenho de primeira qualidade, este dispositivo revolucion\u00e1rio fornece <strong>40.000 baforadas ultra-suaves<\/strong> de vapor rico e satisfat\u00f3rio numa embalagem elegante e port\u00e1til.<\/p>\n<h3>Carater\u00edsticas principais:<\/h3>\n<p>\ud83d\udd39 <strong>Pot\u00eancia de vaporiza\u00e7\u00e3o alargada<\/strong> &#8211; Oferece uma pot\u00eancia impressionante <strong>de 40.000 baforadas<\/strong> para um prazer duradouro.<br \/>\n\ud83d\udd39 <strong>Capacidade generosa de e-l\u00edquido<\/strong> &#8211; <strong>40 ml de e-l\u00edquido pr\u00e9-cheio<\/strong> garantem <strong>semanas de vaporiza\u00e7\u00e3o cont\u00ednua<\/strong>.<br \/>\n\ud83d\udd39 <strong>Bobinas de malha dupla avan\u00e7adas<\/strong> &#8211; Experimenta <strong>sabores mais ricos e vapor mais denso<\/strong> com a tecnologia de bobina melhorada.<br \/>\n\ud83d\udd39 <strong>Modos de vaporiza\u00e7\u00e3o personaliz\u00e1veis<\/strong> &#8211; Alterna entre <strong>o modo Eco para uma utiliza\u00e7\u00e3o prolongada<\/strong> ou <strong>o modo Turbo para intensificar o sabor<\/strong>.<br \/>\n\ud83d\udd39 <strong>Indicador LED inteligente<\/strong> &#8211; Controla a <strong>dura\u00e7\u00e3o da bateria e os n\u00edveis de e-l\u00edquido<\/strong> num relance.<br \/>\n\ud83d\udd39 <strong>Carregamento r\u00e1pido por USB-C<\/strong> &#8211; <strong>A bateria de 850mAh<\/strong> recarrega totalmente em apenas <strong>2 horas<\/strong> para uma utiliza\u00e7\u00e3o ininterrupta.<\/p>\n<h3>Porqu\u00ea escolher Fizzy Nova Plus?<\/h3>\n<p>\ud83d\udd25 <strong>Valor inigual\u00e1vel<\/strong> &#8211; Dura semanas mais do que a concorr\u00eancia<br \/>\n\ud83d\udca8 <strong>Dom\u00ednio do sabor<\/strong> &#8211; Concebido por especialistas em sabores de renome mundial<br \/>\n\u26a1 <strong>Experi\u00eancia personaliz\u00e1vel<\/strong> &#8211; Adapta o teu vape ao teu estado de esp\u00edrito<br \/>\n\ud83d\udeeb <strong>Perfeito para viajar<\/strong> &#8211; Tamanho adequado para TSA com um design \u00e0 prova de fugas<br \/>\n\ud83c\udfa8 <strong>Est\u00e9tica de qualidade superior<\/strong> &#8211; Aspeto elegante e moderno com uma constru\u00e7\u00e3o duradoura<\/p>\n<\/div>\n<div>\n<h3><strong>Op\u00e7\u00f5es de nicotina:<\/strong><\/h3>\n<p>&#8211; <strong>2% (20mg\/mL)<\/strong> &#8211; Ideal para uma experi\u00eancia de vaporiza\u00e7\u00e3o suave e saborosa<br \/>\n&#8211; <strong>5% (50mg\/mL)<\/strong> &#8211; Concebido para um efeito de garganta mais forte e satisfat\u00f3rio<\/p>\n<h3>Especifica\u00e7\u00f5es<\/h3>\n<table style=\"height: 449px;\" width=\"1340\">\n<tbody>\n<tr>\n<td>Puffs<\/td>\n<td><strong>Mais de 40000 Puffs<\/strong><\/td>\n<\/tr>\n<tr>\n<td>Capacidade do E-l\u00edquido<\/td>\n<td><strong>40ml<\/strong><\/td>\n<\/tr>\n<tr>\n<td>Capacidade da bateria<\/td>\n<td><strong>850mAh<\/strong><\/td>\n<\/tr>\n<tr>\n<td>Tamanho<\/td>\n<td><strong>52,5*24,5*104,3mm<\/strong><\/td>\n<\/tr>\n<tr>\n<td>Descart\u00e1vel ou n\u00e3o<\/td>\n<td><strong>Descart\u00e1vel<\/strong><\/td>\n<\/tr>\n<tr>\n<td>M\u00e9todo de carregamento<\/td>\n<td><strong>Cabo<\/strong><\/td>\n<\/tr>\n<tr>\n<td>M\u00e9todo de ativa\u00e7\u00e3o<\/td>\n<td><strong>Sensor<\/strong><\/td>\n<\/tr>\n<tr>\n<td>Material<\/td>\n<td><strong>PCTG<\/strong><\/td>\n<\/tr>\n<tr>\n<td>N\u00edvel de nicotina<\/td>\n<td><strong>2% (20mg\/mL) e 5% (50mg\/mL)<\/strong><\/td>\n<\/tr>\n<tr>\n<td>Aromas<\/td>\n<td><strong>12<\/strong><\/td>\n<\/tr>\n<tr>\n<td>Embalagem<\/td>\n<td><strong>1 embalagem<\/strong><\/td>\n<\/tr>\n<tr>\n<td>Tempo de carregamento<\/td>\n<td><strong>2 horas<\/strong><\/td>\n<\/tr>\n<tr>\n<td>Armazenamento<\/td>\n<td><strong>Evita ambientes com temperaturas elevadas e armazena em local fresco e seco.<\/strong><\/td>\n<\/tr>\n<tr>\n<td>Pessoas proibidas de usar<\/td>\n<td><strong>Menores de idade, mulheres gr\u00e1vidas e pessoas al\u00e9rgicas aos ingredientes do produto.<\/strong><\/td>\n<\/tr>\n<tr>\n<td>Cuidado<\/td>\n<td><strong>N\u00e3o engulas esta subst\u00e2ncia. Em caso de ingest\u00e3o, lava imediata e abundantemente a boca. Se te sentires mal, procura assist\u00eancia m\u00e9dica. <\/strong><\/td>\n<\/tr>\n<\/tbody>\n<\/table>\n<h3>Lista de sabores de <strong>Fizzy Nova Plus <\/strong>40000 Puffs:<\/h3>\n<ol>\n<li><a href=\"https:\/\/fizzyvape.eu\/pt-pt\/produto\/fizzy-nova-plus-morango-kiwi-40000-puffs-10pcs\/\">Morango Kiwi<\/a><\/li>\n<li><a href=\"https:\/\/fizzyvape.eu\/pt-pt\/produto\/fizzy-nova-plus-blueberry-ice-40000-puffs-10pcs\/\">Gelo de mirtilo<\/a><\/li>\n<li><a href=\"https:\/\/fizzyvape.eu\/pt-pt\/produto\/fizzy-nova-plus-gelo-de-melancia-40000-puffs-10pcs\/\">Gelo de melancia<\/a><\/li>\n<li><a href=\"https:\/\/fizzyvape.eu\/pt-pt\/produto\/fizzy-nova-plus-pessego-manga-melancia-40000-puffs-10pcs\/\">P\u00eassego Manga Melancia<\/a><\/li>\n<li><a href=\"https:\/\/fizzyvape.eu\/pt-pt\/produto\/fizzy-nova-plus-kiwi-maracuja-goiaba-40000-puffs-10pcs\/\">Kiwi Maracuj\u00e1 Goiaba<\/a><\/li>\n<li><a href=\"https:\/\/fizzyvape.eu\/pt-pt\/produto\/fizzy-nova-plus-framboesa-limao-40000-puffs-10pcs\/\">Framboesa Lim\u00e3o<\/a><\/li>\n<li><a href=\"https:\/\/fizzyvape.eu\/pt-pt\/produto\/fizzy-nova-plus-triple-berry-40000-puffs-10pcs\/\">Baga tripla<\/a><\/li>\n<li><a href=\"https:\/\/fizzyvape.eu\/pt-pt\/produto\/fizzy-nova-plus-peach-ice-40000-puffs-10pcs\/\">Gelo de p\u00eassego<\/a><\/li>\n<li><a href=\"https:\/\/fizzyvape.eu\/pt-pt\/produto\/fizzy-nova-plus-lima-uva-40000-puffs-10pcs\/\">Uva lima<\/a><\/li>\n<li><a href=\"https:\/\/fizzyvape.eu\/pt-pt\/produto\/fizzy-nova-plus-blue-razz-lemonade-40000-puffs-10pcs\/\">Limonada Blue Razz<\/a><\/li>\n<li><a href=\"https:\/\/fizzyvape.eu\/pt-pt\/produto\/fizzy-nova-plus-gelo-de-morango-40000-puffs-10pcs\/\">Gelo de morango<\/a><\/li>\n<li><a href=\"https:\/\/fizzyvape.eu\/pt-pt\/produto\/fizzy-nova-plus-mirtilo-coco-40000-puffs-10pcs\/\">Coco com mirtilo<\/a><\/li>\n<\/ol>\n<h3>Perguntas frequentes sobre o Fizzy Nova Plus 40000 Puffs Vape<\/h3>\n<ol>\n<li><strong>Como \u00e9 que a contagem de 40.000 baforadas se compara a outros vapes descart\u00e1veis?<\/strong><br \/>\nO nosso Fizzy Nova Plus d\u00e1-te 3 a 5 vezes mais baforadas do que os descart\u00e1veis normais, com cada dispositivo equivalente a cerca de 4 a 5 canetas de vapor t\u00edpicas. A capacidade de 40mL de e-l\u00edquido, l\u00edder na ind\u00fastria, garante-te uma utiliza\u00e7\u00e3o prolongada sem substitui\u00e7\u00f5es frequentes.<\/li>\n<li><strong>Qual \u00e9 a diferen\u00e7a entre o modo Eco e o modo Turbo?<\/strong><br \/>\nO modo Eco optimiza a dura\u00e7\u00e3o da bateria para sess\u00f5es mais longas (perfeito para vaporizar durante todo o dia), enquanto o modo Turbo melhora a intensidade do sabor e a produ\u00e7\u00e3o de vapor para uma experi\u00eancia mais potente. O indicador LED inteligente ajuda-te a monitorizar a sele\u00e7\u00e3o do modo.<\/li>\n<li><strong>Quanto tempo dura a bateria entre carregamentos?<\/strong><br \/>\nA bateria de 850mAh dura normalmente toda a capacidade do e-l\u00edquido de 40mL. Quando necess\u00e1rio, o nosso carregamento r\u00e1pido USB-C recarrega totalmente o dispositivo em apenas 2 horas &#8211; cerca de 3 vezes mais r\u00e1pido do que as alternativas micro-USB.<\/li>\n<li><strong>Que concentra\u00e7\u00e3o de nicotina devo escolher?<\/strong><br \/>\nPara um sabor mais suave e nicotina moderada: escolhe 2% (20mg\/mL). Para uma satisfa\u00e7\u00e3o mais forte e um efeito mais pronunciado na garganta: escolhe 5% (50mg\/mL). Ambas as op\u00e7\u00f5es proporcionam-te a mesma experi\u00eancia de sabor premium.<\/li>\n<\/ol>\n<\/div>\n","protected":false},"excerpt":{"rendered":"<p>Experimenta um desempenho de vaporiza\u00e7\u00e3o inigual\u00e1vel com o vaporizador <strong>descart\u00e1vel Fizzy Nova Plus 40.000 Puffs &#8211; agora<\/strong>dispon\u00edvel numa embalagem de 60 unidades com um desconto exclusivo! Desfruta de <strong>12 sabores premium<\/strong>, incluindo Peach Mango Watermelon e Blue Razz Lemonade. Perfeito para retalhistas, grossistas e vapers de peso &#8211; abastece-te agora antes que esta oferta se esgote!<\/p>\n<p><strong style=\"color: red;\">Por favor, toma nota do sabor e da quantidade quando fizeres a encomenda!<\/strong><\/p>\n","protected":false},"featured_media":30100,"comment_status":"open","ping_status":"closed","template":"","meta":{"iawp_total_views":0},"product_brand":[],"product_cat":[674],"product_tag":[349],"class_list":{"0":"post-27915","1":"product","2":"type-product","3":"status-publish","4":"has-post-thumbnail","6":"product_cat-bulk-deals-2-pt-pt","7":"product_tag-40000-puffs-pt-pt","9":"first","10":"outofstock","11":"sale","12":"shipping-taxable","13":"purchasable","14":"product-type-variable"},"yoast_head":"<!-- This site is optimized with the Yoast SEO Premium plugin v24.8 (Yoast SEO v24.8) - https:\/\/yoast.com\/wordpress\/plugins\/seo\/ -->\n<title>Fizzy Nova Plus 40000 Puffs - 60pcs - fizzyvape.eu<\/title>\n<meta name=\"description\" content=\"Encomenda 60pcs Fizzy Nova Plus 40000 Puffs vape descart\u00e1vel - bobinas de malha dupla, 40mL e-liquid, e modos Eco\/Turbo. Compra um vape por atacado de longa dura\u00e7\u00e3o!\" \/>\n<meta name=\"robots\" content=\"index, follow, max-snippet:-1, max-image-preview:large, max-video-preview:-1\" \/>\n<link rel=\"canonical\" href=\"https:\/\/fizzyvape.eu\/pt-pt\/produto\/fizzy-nova-plus-40000-puffs-60pcs\/\" \/>\n<meta property=\"og:locale\" content=\"pt_PT\" \/>\n<meta property=\"og:type\" content=\"article\" \/>\n<meta property=\"og:title\" content=\"Fizzy Nova Plus 40000 Puffs - 60pcs\" \/>\n<meta property=\"og:description\" content=\"Encomenda 60pcs Fizzy Nova Plus 40000 Puffs vape descart\u00e1vel - bobinas de malha dupla, 40mL e-liquid, e modos Eco\/Turbo. Compra um vape por atacado de longa dura\u00e7\u00e3o!\" \/>\n<meta property=\"og:url\" content=\"https:\/\/fizzyvape.eu\/pt-pt\/produto\/fizzy-nova-plus-40000-puffs-60pcs\/\" \/>\n<meta property=\"og:site_name\" content=\"fizzyvape.eu\" \/>\n<meta property=\"article:modified_time\" content=\"2025-10-31T10:00:14+00:00\" \/>\n<meta property=\"og:image\" content=\"https:\/\/www.fizzyvape.eu\/wp-content\/uploads\/2025\/04\/Fizzy-Nova-Plus-40000Puffs-60pcs-2.webp\" \/>\n\t<meta property=\"og:image:width\" content=\"800\" \/>\n\t<meta property=\"og:image:height\" content=\"800\" \/>\n\t<meta property=\"og:image:type\" content=\"image\/webp\" \/>\n<meta name=\"twitter:card\" content=\"summary_large_image\" \/>\n<meta name=\"twitter:label1\" content=\"Disponibilidade\" \/>\n\t<meta name=\"twitter:data1\" content=\"Esgotado\" \/>\n<script type=\"application\/ld+json\" class=\"yoast-schema-graph\">{\"@context\":\"https:\/\/schema.org\",\"@graph\":[{\"@type\":\"WebPage\",\"@id\":\"https:\/\/fizzyvape.eu\/pt-pt\/produto\/fizzy-nova-plus-40000-puffs-60pcs\/\",\"url\":\"https:\/\/fizzyvape.eu\/pt-pt\/produto\/fizzy-nova-plus-40000-puffs-60pcs\/\",\"name\":\"Fizzy Nova Plus 40000 Puffs - 60pcs - fizzyvape.eu\",\"isPartOf\":{\"@id\":\"https:\/\/www.fizzyvape.eu\/pt-pt\/#website\"},\"primaryImageOfPage\":{\"@id\":\"https:\/\/fizzyvape.eu\/pt-pt\/produto\/fizzy-nova-plus-40000-puffs-60pcs\/#primaryimage\"},\"image\":{\"@id\":\"https:\/\/fizzyvape.eu\/pt-pt\/produto\/fizzy-nova-plus-40000-puffs-60pcs\/#primaryimage\"},\"thumbnailUrl\":\"https:\/\/fizzyvape.eu\/wp-content\/uploads\/2025\/04\/Fizzy-Nova-Plus-40000-Puffs-60pcs.webp\",\"datePublished\":\"2025-04-21T03:10:46+00:00\",\"dateModified\":\"2025-10-31T10:00:14+00:00\",\"description\":\"Encomenda 60pcs Fizzy Nova Plus 40000 Puffs vape descart\u00e1vel - bobinas de malha dupla, 40mL e-liquid, e modos Eco\/Turbo. Compra um vape por atacado de longa dura\u00e7\u00e3o!\",\"breadcrumb\":{\"@id\":\"https:\/\/fizzyvape.eu\/pt-pt\/produto\/fizzy-nova-plus-40000-puffs-60pcs\/#breadcrumb\"},\"inLanguage\":\"pt-PT\",\"potentialAction\":[{\"@type\":\"ReadAction\",\"target\":[\"https:\/\/fizzyvape.eu\/pt-pt\/produto\/fizzy-nova-plus-40000-puffs-60pcs\/\"]}]},{\"@type\":\"ImageObject\",\"inLanguage\":\"pt-PT\",\"@id\":\"https:\/\/fizzyvape.eu\/pt-pt\/produto\/fizzy-nova-plus-40000-puffs-60pcs\/#primaryimage\",\"url\":\"https:\/\/fizzyvape.eu\/wp-content\/uploads\/2025\/04\/Fizzy-Nova-Plus-40000-Puffs-60pcs.webp\",\"contentUrl\":\"https:\/\/fizzyvape.eu\/wp-content\/uploads\/2025\/04\/Fizzy-Nova-Plus-40000-Puffs-60pcs.webp\",\"width\":800,\"height\":800,\"caption\":\"Fizzy Nova Plus 40000 Puffs 60pcs\"},{\"@type\":\"BreadcrumbList\",\"@id\":\"https:\/\/fizzyvape.eu\/pt-pt\/produto\/fizzy-nova-plus-40000-puffs-60pcs\/#breadcrumb\",\"itemListElement\":[{\"@type\":\"ListItem\",\"position\":1,\"name\":\"Home\",\"item\":\"https:\/\/fizzyvape.eu\/pt-pt\/\"},{\"@type\":\"ListItem\",\"position\":2,\"name\":\"Shop\",\"item\":\"https:\/\/www.fizzyvape.eu\/pt-pt\/shop\/\"},{\"@type\":\"ListItem\",\"position\":3,\"name\":\"Fizzy Nova Plus 40000 Puffs &#8211; 60pcs\"}]},{\"@type\":\"WebSite\",\"@id\":\"https:\/\/www.fizzyvape.eu\/pt-pt\/#website\",\"url\":\"https:\/\/www.fizzyvape.eu\/pt-pt\/\",\"name\":\"fizzyvape.eu\",\"description\":\"Refreshing Vapes. Unforgettable Taste.\",\"publisher\":{\"@id\":\"https:\/\/www.fizzyvape.eu\/pt-pt\/#organization\"},\"potentialAction\":[{\"@type\":\"SearchAction\",\"target\":{\"@type\":\"EntryPoint\",\"urlTemplate\":\"https:\/\/www.fizzyvape.eu\/pt-pt\/?s={search_term_string}\"},\"query-input\":{\"@type\":\"PropertyValueSpecification\",\"valueRequired\":true,\"valueName\":\"search_term_string\"}}],\"inLanguage\":\"pt-PT\"},{\"@type\":\"Organization\",\"@id\":\"https:\/\/www.fizzyvape.eu\/pt-pt\/#organization\",\"name\":\"fizzyvape.eu\",\"url\":\"https:\/\/www.fizzyvape.eu\/pt-pt\/\",\"logo\":{\"@type\":\"ImageObject\",\"inLanguage\":\"pt-PT\",\"@id\":\"https:\/\/www.fizzyvape.eu\/pt-pt\/#\/schema\/logo\/image\/\",\"url\":\"https:\/\/fizzyvape.eu\/wp-content\/uploads\/2019\/06\/print-1.svg\",\"contentUrl\":\"https:\/\/fizzyvape.eu\/wp-content\/uploads\/2019\/06\/print-1.svg\",\"width\":124,\"height\":37,\"caption\":\"fizzyvape.eu\"},\"image\":{\"@id\":\"https:\/\/www.fizzyvape.eu\/pt-pt\/#\/schema\/logo\/image\/\"}}]}<\/script>\n<meta property=\"og:availability\" content=\"out of stock\" \/>\n<meta property=\"product:availability\" content=\"out of stock\" \/>\n<meta property=\"product:condition\" content=\"new\" \/>\n<!-- \/ Yoast SEO Premium plugin. -->","yoast_head_json":{"title":"Fizzy Nova Plus 40000 Puffs - 60pcs - fizzyvape.eu","description":"Encomenda 60pcs Fizzy Nova Plus 40000 Puffs vape descart\u00e1vel - bobinas de malha dupla, 40mL e-liquid, e modos Eco\/Turbo. Compra um vape por atacado de longa dura\u00e7\u00e3o!","robots":{"index":"index","follow":"follow","max-snippet":"max-snippet:-1","max-image-preview":"max-image-preview:large","max-video-preview":"max-video-preview:-1"},"canonical":"https:\/\/fizzyvape.eu\/pt-pt\/produto\/fizzy-nova-plus-40000-puffs-60pcs\/","og_locale":"pt_PT","og_type":"article","og_title":"Fizzy Nova Plus 40000 Puffs - 60pcs","og_description":"Encomenda 60pcs Fizzy Nova Plus 40000 Puffs vape descart\u00e1vel - bobinas de malha dupla, 40mL e-liquid, e modos Eco\/Turbo. Compra um vape por atacado de longa dura\u00e7\u00e3o!","og_url":"https:\/\/fizzyvape.eu\/pt-pt\/produto\/fizzy-nova-plus-40000-puffs-60pcs\/","og_site_name":"fizzyvape.eu","article_modified_time":"2025-10-31T10:00:14+00:00","og_image":[{"width":800,"height":800,"url":"https:\/\/www.fizzyvape.eu\/wp-content\/uploads\/2025\/04\/Fizzy-Nova-Plus-40000Puffs-60pcs-2.webp","type":"image\/webp"}],"twitter_card":"summary_large_image","twitter_misc":{"Disponibilidade":"Esgotado"},"schema":{"@context":"https:\/\/schema.org","@graph":[{"@type":"WebPage","@id":"https:\/\/fizzyvape.eu\/pt-pt\/produto\/fizzy-nova-plus-40000-puffs-60pcs\/","url":"https:\/\/fizzyvape.eu\/pt-pt\/produto\/fizzy-nova-plus-40000-puffs-60pcs\/","name":"Fizzy Nova Plus 40000 Puffs - 60pcs - fizzyvape.eu","isPartOf":{"@id":"https:\/\/www.fizzyvape.eu\/pt-pt\/#website"},"primaryImageOfPage":{"@id":"https:\/\/fizzyvape.eu\/pt-pt\/produto\/fizzy-nova-plus-40000-puffs-60pcs\/#primaryimage"},"image":{"@id":"https:\/\/fizzyvape.eu\/pt-pt\/produto\/fizzy-nova-plus-40000-puffs-60pcs\/#primaryimage"},"thumbnailUrl":"https:\/\/fizzyvape.eu\/wp-content\/uploads\/2025\/04\/Fizzy-Nova-Plus-40000-Puffs-60pcs.webp","datePublished":"2025-04-21T03:10:46+00:00","dateModified":"2025-10-31T10:00:14+00:00","description":"Encomenda 60pcs Fizzy Nova Plus 40000 Puffs vape descart\u00e1vel - bobinas de malha dupla, 40mL e-liquid, e modos Eco\/Turbo. Compra um vape por atacado de longa dura\u00e7\u00e3o!","breadcrumb":{"@id":"https:\/\/fizzyvape.eu\/pt-pt\/produto\/fizzy-nova-plus-40000-puffs-60pcs\/#breadcrumb"},"inLanguage":"pt-PT","potentialAction":[{"@type":"ReadAction","target":["https:\/\/fizzyvape.eu\/pt-pt\/produto\/fizzy-nova-plus-40000-puffs-60pcs\/"]}]},{"@type":"ImageObject","inLanguage":"pt-PT","@id":"https:\/\/fizzyvape.eu\/pt-pt\/produto\/fizzy-nova-plus-40000-puffs-60pcs\/#primaryimage","url":"https:\/\/fizzyvape.eu\/wp-content\/uploads\/2025\/04\/Fizzy-Nova-Plus-40000-Puffs-60pcs.webp","contentUrl":"https:\/\/fizzyvape.eu\/wp-content\/uploads\/2025\/04\/Fizzy-Nova-Plus-40000-Puffs-60pcs.webp","width":800,"height":800,"caption":"Fizzy Nova Plus 40000 Puffs 60pcs"},{"@type":"BreadcrumbList","@id":"https:\/\/fizzyvape.eu\/pt-pt\/produto\/fizzy-nova-plus-40000-puffs-60pcs\/#breadcrumb","itemListElement":[{"@type":"ListItem","position":1,"name":"Home","item":"https:\/\/fizzyvape.eu\/pt-pt\/"},{"@type":"ListItem","position":2,"name":"Shop","item":"https:\/\/www.fizzyvape.eu\/pt-pt\/shop\/"},{"@type":"ListItem","position":3,"name":"Fizzy Nova Plus 40000 Puffs &#8211; 60pcs"}]},{"@type":"WebSite","@id":"https:\/\/www.fizzyvape.eu\/pt-pt\/#website","url":"https:\/\/www.fizzyvape.eu\/pt-pt\/","name":"fizzyvape.eu","description":"Refreshing Vapes. Unforgettable Taste.","publisher":{"@id":"https:\/\/www.fizzyvape.eu\/pt-pt\/#organization"},"potentialAction":[{"@type":"SearchAction","target":{"@type":"EntryPoint","urlTemplate":"https:\/\/www.fizzyvape.eu\/pt-pt\/?s={search_term_string}"},"query-input":{"@type":"PropertyValueSpecification","valueRequired":true,"valueName":"search_term_string"}}],"inLanguage":"pt-PT"},{"@type":"Organization","@id":"https:\/\/www.fizzyvape.eu\/pt-pt\/#organization","name":"fizzyvape.eu","url":"https:\/\/www.fizzyvape.eu\/pt-pt\/","logo":{"@type":"ImageObject","inLanguage":"pt-PT","@id":"https:\/\/www.fizzyvape.eu\/pt-pt\/#\/schema\/logo\/image\/","url":"https:\/\/fizzyvape.eu\/wp-content\/uploads\/2019\/06\/print-1.svg","contentUrl":"https:\/\/fizzyvape.eu\/wp-content\/uploads\/2019\/06\/print-1.svg","width":124,"height":37,"caption":"fizzyvape.eu"},"image":{"@id":"https:\/\/www.fizzyvape.eu\/pt-pt\/#\/schema\/logo\/image\/"}}]},"og_availability":"out of stock","product_availability":"out of stock","product_condition":"new"},"tiered_pricing_type":"fixed","tiered_pricing_fixed_rules":[],"tiered_pricing_product_settings":{"layout":"default","base_unit_name":{"singular":null,"plural":null},"default_variation":null},"tiered_pricing_minimum_quantity":null,"tiered_pricing_roles_data":[],"tiered_pricing_percentage_rules":[],"tiered_pricing_maximum_quantity":null,"tiered_pricing_quantity_step":null,"_links":{"self":[{"href":"https:\/\/fizzyvape.eu\/pt-pt\/wp-json\/wp\/v2\/product\/27915","targetHints":{"allow":["GET"]}}],"collection":[{"href":"https:\/\/fizzyvape.eu\/pt-pt\/wp-json\/wp\/v2\/product"}],"about":[{"href":"https:\/\/fizzyvape.eu\/pt-pt\/wp-json\/wp\/v2\/types\/product"}],"replies":[{"embeddable":true,"href":"https:\/\/fizzyvape.eu\/pt-pt\/wp-json\/wp\/v2\/comments?post=27915"}],"version-history":[{"count":0,"href":"https:\/\/fizzyvape.eu\/pt-pt\/wp-json\/wp\/v2\/product\/27915\/revisions"}],"wp:featuredmedia":[{"embeddable":true,"href":"https:\/\/fizzyvape.eu\/pt-pt\/wp-json\/wp\/v2\/media\/30100"}],"wp:attachment":[{"href":"https:\/\/fizzyvape.eu\/pt-pt\/wp-json\/wp\/v2\/media?parent=27915"}],"wp:term":[{"taxonomy":"product_brand","embeddable":true,"href":"https:\/\/fizzyvape.eu\/pt-pt\/wp-json\/wp\/v2\/product_brand?post=27915"},{"taxonomy":"product_cat","embeddable":true,"href":"https:\/\/fizzyvape.eu\/pt-pt\/wp-json\/wp\/v2\/product_cat?post=27915"},{"taxonomy":"product_tag","embeddable":true,"href":"https:\/\/fizzyvape.eu\/pt-pt\/wp-json\/wp\/v2\/product_tag?post=27915"}],"curies":[{"name":"wp","href":"https:\/\/api.w.org\/{rel}","templated":true}]}}