{"id":27967,"date":"2025-04-21T11:21:12","date_gmt":"2025-04-21T03:21:12","guid":{"rendered":"https:\/\/fizzyvape.eu\/?post_type=product&#038;p=27967"},"modified":"2025-10-31T17:59:58","modified_gmt":"2025-10-31T09:59:58","slug":"fizzy-nova-plus-40000-puffs-120pcs","status":"publish","type":"product","link":"https:\/\/fizzyvape.eu\/pt-pt\/produto\/fizzy-nova-plus-40000-puffs-120pcs\/","title":{"rendered":"Fizzy Nova Plus 40000 Puffs &#8211; 120pcs"},"content":{"rendered":"<div>\n<h1>Fizzy Nova Plus 40000 Puffs Vape descart\u00e1vel &#8211; O melhor vaporizador de resist\u00eancia<\/h1>\n<p>Experimenta a vaporiza\u00e7\u00e3o sem limites com o <strong>Fizzy Nova Plus 40000 Puffs Disposable Vape<\/strong>. Concebido para uma longevidade sem paralelo, um sabor excecional e uma tecnologia inteligente, este dispositivo redefine a experi\u00eancia do vape descart\u00e1vel. Quer desejes uma satisfa\u00e7\u00e3o suave e consistente ou intensas explos\u00f5es de sabor, o Fizzy Nova Plus oferece um desempenho l\u00edder na ind\u00fastria num design elegante e f\u00e1cil de utilizar.<\/p>\n<h3>Carater\u00edsticas principais:<\/h3>\n<p class=\"\" data-start=\"101\" data-end=\"267\">\u2705 <strong data-start=\"103\" data-end=\"136\">L\u00edder na ind\u00fastria com 40.000 baforadas<\/strong>: Experimenta uma vaporiza\u00e7\u00e3o prolongada com 40.000 baforadas, garantindo uma satisfa\u00e7\u00e3o duradoura e reduzindo a necessidade de substitui\u00e7\u00f5es frequentes.<\/p>\n<p class=\"\" data-start=\"269\" data-end=\"417\">\u2705 <strong data-start=\"271\" data-end=\"299\">Sele\u00e7\u00e3o de sabores de primeira qualidade<\/strong>: Desfruta de uma variedade de sabores de fruta habilmente misturados, oferecendo uma experi\u00eancia de vaporiza\u00e7\u00e3o \u00fanica e excitante em cada tragada.<\/p>\n<p class=\"\" data-start=\"419\" data-end=\"589\">\u2705 <strong data-start=\"421\" data-end=\"450\">Tecnologia de bobina de malha dupla<\/strong>: As avan\u00e7adas bobinas de malha dupla proporcionam um aquecimento uniforme, produzindo sabores mais ricos e intensos e nuvens de vapor mais espessas para uma experi\u00eancia superior.<\/p>\n<p class=\"\" data-start=\"591\" data-end=\"760\">\u2705 <strong data-start=\"593\" data-end=\"619\">Gest\u00e3o de energia inteligente<\/strong>: Escolhe entre o Modo Eco para uma maior dura\u00e7\u00e3o da bateria ou o Modo Turbo para um melhor sabor e produ\u00e7\u00e3o de vapor, optimizando sempre a tua sess\u00e3o.<\/p>\n<p class=\"\" data-start=\"762\" data-end=\"920\">\u2705 <strong data-start=\"764\" data-end=\"787\">Carregamento r\u00e1pido por USB-C<\/strong>: Recarrega totalmente a bateria de 850mAh em apenas 2 horas com o carregamento r\u00e1pido USB-C, reduzindo o tempo de inatividade e maximizando o teu prazer de vaporiza\u00e7\u00e3o.<\/p>\n<p class=\"\" data-start=\"922\" data-end=\"1076\">\u2705 <strong data-start=\"924\" data-end=\"953\">Dur\u00e1vel e f\u00e1cil de viajar<\/strong>: Constru\u00eddo com materiais de qualidade aeroespacial, o Fizzy Nova Plus \u00e9 \u00e0 prova de fugas, port\u00e1til e concebido para resistir ao uso di\u00e1rio.<\/p>\n<p class=\"\" data-start=\"1078\" data-end=\"1245\">\u2705 <strong data-start=\"1080\" data-end=\"1115\">Capacidade generosa de 40 ml de e-l\u00edquido<\/strong>: Desfruta de semanas de prazer vaporizador cont\u00ednuo com o e-l\u00edquido pr\u00e9-cheio de 40 ml do dispositivo, eliminando a necessidade de recargas constantes.<\/p>\n<p class=\"\" data-start=\"1247\" data-end=\"1415\">\u2705 <strong data-start=\"1249\" data-end=\"1270\">Ecr\u00e3 LED inteligente<\/strong>: Monitoriza a dura\u00e7\u00e3o da bateria e os n\u00edveis de e-l\u00edquido sem esfor\u00e7o com o visor LED intuitivo, mantendo-te informado para uma experi\u00eancia de vaporiza\u00e7\u00e3o sem complica\u00e7\u00f5es.<\/p>\n<h3>Porqu\u00ea escolher Fizzy Nova Plus?<\/h3>\n<p>\ud83d\udd25 <strong>Durabilidade incr\u00edvel<\/strong>: Dura at\u00e9 5 vezes mais do que os vapes descart\u00e1veis normais, oferecendo um valor excecional.<br \/>\n\ud83d\udca8 <strong>Sabor e Vapor Superiores<\/strong>: As bobinas de malha dupla libertam todo o potencial de cada e-l\u00edquido, proporcionando um sabor intenso e nuvens satisfat\u00f3rias.<br \/>\n\u26a1 <strong>Vaping personaliz\u00e1vel<\/strong>: Alterna facilmente entre os modos Eco e Turbo para adaptar a tua experi\u00eancia \u00e0s tuas prefer\u00eancias.<br \/>\n\u2708\ufe0f <strong>Perfeito para viajar<\/strong>: O seu design compacto e \u00e0 prova de fugas torna-o o companheiro ideal para o teu estilo de vida em movimento (compat\u00edvel com TSA).<br \/>\n\ud83d\udee1\ufe0f <strong>Qualidade superior<\/strong>: A constru\u00e7\u00e3o de qualidade aeroespacial garante durabilidade e um aspeto sofisticado.<\/p>\n<\/div>\n<div>\n<h3><strong>Op\u00e7\u00f5es de nicotina:<\/strong><\/h3>\n<p>&#8211; <strong>2% (20mg\/mL)<\/strong> &#8211; Ideal para uma experi\u00eancia de vaporiza\u00e7\u00e3o suave e saborosa<br \/>\n&#8211; <strong>5% (50mg\/mL)<\/strong> &#8211; Concebido para um efeito de garganta mais forte e satisfat\u00f3rio<\/p>\n<h3>Especifica\u00e7\u00f5es<\/h3>\n<table style=\"height: 449px;\" width=\"1340\">\n<tbody>\n<tr>\n<td>Puffs<\/td>\n<td><strong>Mais de 40000 Puffs<\/strong><\/td>\n<\/tr>\n<tr>\n<td>Capacidade do E-l\u00edquido<\/td>\n<td><strong>40ml<\/strong><\/td>\n<\/tr>\n<tr>\n<td>Capacidade da bateria<\/td>\n<td><strong>850mAh<\/strong><\/td>\n<\/tr>\n<tr>\n<td>Tamanho<\/td>\n<td><strong>52,5*24,5*104,3mm<\/strong><\/td>\n<\/tr>\n<tr>\n<td>Descart\u00e1vel ou n\u00e3o<\/td>\n<td><strong>Descart\u00e1vel<\/strong><\/td>\n<\/tr>\n<tr>\n<td>M\u00e9todo de carregamento<\/td>\n<td><strong>Cabo<\/strong><\/td>\n<\/tr>\n<tr>\n<td>M\u00e9todo de ativa\u00e7\u00e3o<\/td>\n<td><strong>Sensor<\/strong><\/td>\n<\/tr>\n<tr>\n<td>Material<\/td>\n<td><strong>PCTG<\/strong><\/td>\n<\/tr>\n<tr>\n<td>N\u00edvel de nicotina<\/td>\n<td><strong>2% (20mg\/mL) e 5% (50mg\/mL)<\/strong><\/td>\n<\/tr>\n<tr>\n<td>Aromas<\/td>\n<td><strong>12<\/strong><\/td>\n<\/tr>\n<tr>\n<td>Embalagem<\/td>\n<td><strong>1 embalagem<\/strong><\/td>\n<\/tr>\n<tr>\n<td>Tempo de carregamento<\/td>\n<td><strong>2 horas<\/strong><\/td>\n<\/tr>\n<tr>\n<td>Armazenamento<\/td>\n<td><strong>Evita ambientes com temperaturas elevadas e armazena em local fresco e seco.<\/strong><\/td>\n<\/tr>\n<tr>\n<td>Pessoas proibidas de usar<\/td>\n<td><strong>Menores de idade, mulheres gr\u00e1vidas e pessoas al\u00e9rgicas aos ingredientes do produto.<\/strong><\/td>\n<\/tr>\n<tr>\n<td>Cuidado<\/td>\n<td><strong>N\u00e3o engulas esta subst\u00e2ncia. Em caso de ingest\u00e3o, lava imediata e abundantemente a boca. Se te sentires mal, procura assist\u00eancia m\u00e9dica. <\/strong><\/td>\n<\/tr>\n<\/tbody>\n<\/table>\n<h3>Lista de sabores de <strong>Fizzy Nova Plus <\/strong>40000 Puffs:<\/h3>\n<ol>\n<li><a href=\"https:\/\/fizzyvape.eu\/pt-pt\/produto\/fizzy-nova-plus-morango-kiwi-40000-puffs-10pcs\/\">Morango Kiwi<\/a><\/li>\n<li><a href=\"https:\/\/fizzyvape.eu\/pt-pt\/produto\/fizzy-nova-plus-blueberry-ice-40000-puffs-10pcs\/\">Gelo de mirtilo<\/a><\/li>\n<li><a href=\"https:\/\/fizzyvape.eu\/pt-pt\/produto\/fizzy-nova-plus-gelo-de-melancia-40000-puffs-10pcs\/\">Gelo de melancia<\/a><\/li>\n<li><a href=\"https:\/\/fizzyvape.eu\/pt-pt\/produto\/fizzy-nova-plus-pessego-manga-melancia-40000-puffs-10pcs\/\">P\u00eassego Manga Melancia<\/a><\/li>\n<li><a href=\"https:\/\/fizzyvape.eu\/pt-pt\/produto\/fizzy-nova-plus-kiwi-maracuja-goiaba-40000-puffs-10pcs\/\">Kiwi Maracuj\u00e1 Goiaba<\/a><\/li>\n<li><a href=\"https:\/\/fizzyvape.eu\/pt-pt\/produto\/fizzy-nova-plus-framboesa-limao-40000-puffs-10pcs\/\">Framboesa Lim\u00e3o<\/a><\/li>\n<li><a href=\"https:\/\/fizzyvape.eu\/pt-pt\/produto\/fizzy-nova-plus-triple-berry-40000-puffs-10pcs\/\">Baga tripla<\/a><\/li>\n<li><a href=\"https:\/\/fizzyvape.eu\/pt-pt\/produto\/fizzy-nova-plus-peach-ice-40000-puffs-10pcs\/\">Gelo de p\u00eassego<\/a><\/li>\n<li><a href=\"https:\/\/fizzyvape.eu\/pt-pt\/produto\/fizzy-nova-plus-lima-uva-40000-puffs-10pcs\/\">Uva lima<\/a><\/li>\n<li><a href=\"https:\/\/fizzyvape.eu\/pt-pt\/produto\/fizzy-nova-plus-blue-razz-lemonade-40000-puffs-10pcs\/\">Limonada Blue Razz<\/a><\/li>\n<li><a href=\"https:\/\/fizzyvape.eu\/pt-pt\/produto\/fizzy-nova-plus-gelo-de-morango-40000-puffs-10pcs\/\">Gelo de morango<\/a><\/li>\n<li><a href=\"https:\/\/fizzyvape.eu\/pt-pt\/produto\/fizzy-nova-plus-mirtilo-coco-40000-puffs-10pcs\/\">Coco com mirtilo<\/a><\/li>\n<\/ol>\n<h3>Perguntas frequentes sobre o Fizzy Nova Plus 40000 Puffs Vape<\/h3>\n<p><strong>1. Quantas baforadas posso dar com a Fizzy Nova Plus? <\/strong><br \/>\nO Fizzy Nova Plus foi concebido para dar mais de 40.000 baforadas, o que faz dele um dos vapes descart\u00e1veis mais duradouros que existem. Este elevado n\u00famero de baforadas garante-te um prazer prolongado antes de precisares de o substituir.<\/p>\n<p><strong>2. Qual \u00e9 a vantagem da bobina de malha dupla e do sistema de modo duplo?<\/strong><\/p>\n<ul>\n<li><strong>O<\/strong> sistema <strong>Dual Mesh Coil<\/strong> utiliza tecnologia de bobina avan\u00e7ada para aquecer o e-l\u00edquido de forma mais uniforme, resultando em sabores mais ricos e matizados e nuvens de vapor mais densas. O <strong>sistema inteligente de modo duplo<\/strong> permite-te personalizar a tua vaporiza\u00e7\u00e3o: <strong>O modo Eco<\/strong> ajuda-te a prolongar a dura\u00e7\u00e3o da bateria para uma utiliza\u00e7\u00e3o mais longa, enquanto <strong>o modo Turbo<\/strong> melhora o sabor e a produ\u00e7\u00e3o de vapor para uma experi\u00eancia mais intensa.<\/li>\n<\/ul>\n<p><strong>3. Quanto tempo dura a bateria e como posso recarregar a Fizzy Nova Plus? <\/strong><br \/>\nO Fizzy Nova Plus est\u00e1 equipado com uma bateria recarreg\u00e1vel de 850mAh. Suporta carregamento r\u00e1pido por USB-C, o que lhe permite recarregar totalmente em cerca de 2 horas. Isto garante um tempo de inatividade m\u00ednimo e um desempenho consistente.<\/p>\n<\/div>\n","protected":false},"excerpt":{"rendered":"<p>Obt\u00e9m a melhor experi\u00eancia de vaporiza\u00e7\u00e3o com o <strong>Fizzy Nova Plus 40000 Puffs Disposable Vape<\/strong><strong>(120pcs Bundle<\/strong>). Com <strong>40.000 baforadas<\/strong> por dispositivo, l\u00edder na ind\u00fastria, tecnologia de bobina de malha dupla e carregamento r\u00e1pido por USB-C, este vape premium proporciona um sabor intenso, vapor denso e desempenho duradouro.<\/p>\n<p><strong style=\"color: red;\">Por favor, toma nota do sabor e da quantidade quando fizeres a encomenda!<\/strong><\/p>\n","protected":false},"featured_media":30109,"comment_status":"open","ping_status":"closed","template":"","meta":{"iawp_total_views":0},"product_brand":[],"product_cat":[674],"product_tag":[349],"class_list":{"0":"post-27967","1":"product","2":"type-product","3":"status-publish","4":"has-post-thumbnail","6":"product_cat-bulk-deals-2-pt-pt","7":"product_tag-40000-puffs-pt-pt","9":"first","10":"outofstock","11":"sale","12":"shipping-taxable","13":"purchasable","14":"product-type-variable"},"yoast_head":"<!-- This site is optimized with the Yoast SEO Premium plugin v24.8 (Yoast SEO v24.8) - https:\/\/yoast.com\/wordpress\/plugins\/seo\/ -->\n<title>Fizzy Nova Plus 40000 Puffs - 120pcs - fizzyvape.eu<\/title>\n<meta name=\"description\" content=\"Pacote de 120pcs Fizzy Nova Plus 40000 puffs vape descart\u00e1vel por atacado! Sabores premium, carregamento USB-C, descontos por atacado. Oferta por tempo limitado - encomenda j\u00e1!\" \/>\n<meta name=\"robots\" content=\"index, follow, max-snippet:-1, max-image-preview:large, max-video-preview:-1\" \/>\n<link rel=\"canonical\" href=\"https:\/\/fizzyvape.eu\/pt-pt\/produto\/fizzy-nova-plus-40000-puffs-120pcs\/\" \/>\n<meta property=\"og:locale\" content=\"pt_PT\" \/>\n<meta property=\"og:type\" content=\"article\" \/>\n<meta property=\"og:title\" content=\"Fizzy Nova Plus 40000 Puffs - 120pcs\" \/>\n<meta property=\"og:description\" content=\"Pacote de 120pcs Fizzy Nova Plus 40000 puffs vape descart\u00e1vel por atacado! Sabores premium, carregamento USB-C, descontos por atacado. Oferta por tempo limitado - encomenda j\u00e1!\" \/>\n<meta property=\"og:url\" content=\"https:\/\/fizzyvape.eu\/pt-pt\/produto\/fizzy-nova-plus-40000-puffs-120pcs\/\" \/>\n<meta property=\"og:site_name\" content=\"fizzyvape.eu\" \/>\n<meta property=\"article:modified_time\" content=\"2025-10-31T09:59:58+00:00\" \/>\n<meta property=\"og:image\" content=\"https:\/\/www.fizzyvape.eu\/wp-content\/uploads\/2025\/04\/Fizzy-Nova-Plus-40000Puffs-120pcs-2.webp\" \/>\n\t<meta property=\"og:image:width\" content=\"800\" \/>\n\t<meta property=\"og:image:height\" content=\"800\" \/>\n\t<meta property=\"og:image:type\" content=\"image\/webp\" \/>\n<meta name=\"twitter:card\" content=\"summary_large_image\" \/>\n<meta name=\"twitter:label1\" content=\"Disponibilidade\" \/>\n\t<meta name=\"twitter:data1\" content=\"Esgotado\" \/>\n<script type=\"application\/ld+json\" class=\"yoast-schema-graph\">{\"@context\":\"https:\/\/schema.org\",\"@graph\":[{\"@type\":\"WebPage\",\"@id\":\"https:\/\/fizzyvape.eu\/pt-pt\/produto\/fizzy-nova-plus-40000-puffs-120pcs\/\",\"url\":\"https:\/\/fizzyvape.eu\/pt-pt\/produto\/fizzy-nova-plus-40000-puffs-120pcs\/\",\"name\":\"Fizzy Nova Plus 40000 Puffs - 120pcs - fizzyvape.eu\",\"isPartOf\":{\"@id\":\"https:\/\/www.fizzyvape.eu\/pt-pt\/#website\"},\"primaryImageOfPage\":{\"@id\":\"https:\/\/fizzyvape.eu\/pt-pt\/produto\/fizzy-nova-plus-40000-puffs-120pcs\/#primaryimage\"},\"image\":{\"@id\":\"https:\/\/fizzyvape.eu\/pt-pt\/produto\/fizzy-nova-plus-40000-puffs-120pcs\/#primaryimage\"},\"thumbnailUrl\":\"https:\/\/fizzyvape.eu\/wp-content\/uploads\/2025\/04\/Fizzy-Nova-Plus-40000-Puffs-120pcs.webp\",\"datePublished\":\"2025-04-21T03:21:12+00:00\",\"dateModified\":\"2025-10-31T09:59:58+00:00\",\"description\":\"Pacote de 120pcs Fizzy Nova Plus 40000 puffs vape descart\u00e1vel por atacado! Sabores premium, carregamento USB-C, descontos por atacado. Oferta por tempo limitado - encomenda j\u00e1!\",\"breadcrumb\":{\"@id\":\"https:\/\/fizzyvape.eu\/pt-pt\/produto\/fizzy-nova-plus-40000-puffs-120pcs\/#breadcrumb\"},\"inLanguage\":\"pt-PT\",\"potentialAction\":[{\"@type\":\"ReadAction\",\"target\":[\"https:\/\/fizzyvape.eu\/pt-pt\/produto\/fizzy-nova-plus-40000-puffs-120pcs\/\"]}]},{\"@type\":\"ImageObject\",\"inLanguage\":\"pt-PT\",\"@id\":\"https:\/\/fizzyvape.eu\/pt-pt\/produto\/fizzy-nova-plus-40000-puffs-120pcs\/#primaryimage\",\"url\":\"https:\/\/fizzyvape.eu\/wp-content\/uploads\/2025\/04\/Fizzy-Nova-Plus-40000-Puffs-120pcs.webp\",\"contentUrl\":\"https:\/\/fizzyvape.eu\/wp-content\/uploads\/2025\/04\/Fizzy-Nova-Plus-40000-Puffs-120pcs.webp\",\"width\":800,\"height\":800,\"caption\":\"Fizzy Nova Plus 40000 Puffs 120pcs\"},{\"@type\":\"BreadcrumbList\",\"@id\":\"https:\/\/fizzyvape.eu\/pt-pt\/produto\/fizzy-nova-plus-40000-puffs-120pcs\/#breadcrumb\",\"itemListElement\":[{\"@type\":\"ListItem\",\"position\":1,\"name\":\"Home\",\"item\":\"https:\/\/fizzyvape.eu\/pt-pt\/\"},{\"@type\":\"ListItem\",\"position\":2,\"name\":\"Shop\",\"item\":\"https:\/\/www.fizzyvape.eu\/pt-pt\/shop\/\"},{\"@type\":\"ListItem\",\"position\":3,\"name\":\"Fizzy Nova Plus 40000 Puffs &#8211; 120pcs\"}]},{\"@type\":\"WebSite\",\"@id\":\"https:\/\/www.fizzyvape.eu\/pt-pt\/#website\",\"url\":\"https:\/\/www.fizzyvape.eu\/pt-pt\/\",\"name\":\"fizzyvape.eu\",\"description\":\"Refreshing Vapes. Unforgettable Taste.\",\"publisher\":{\"@id\":\"https:\/\/www.fizzyvape.eu\/pt-pt\/#organization\"},\"potentialAction\":[{\"@type\":\"SearchAction\",\"target\":{\"@type\":\"EntryPoint\",\"urlTemplate\":\"https:\/\/www.fizzyvape.eu\/pt-pt\/?s={search_term_string}\"},\"query-input\":{\"@type\":\"PropertyValueSpecification\",\"valueRequired\":true,\"valueName\":\"search_term_string\"}}],\"inLanguage\":\"pt-PT\"},{\"@type\":\"Organization\",\"@id\":\"https:\/\/www.fizzyvape.eu\/pt-pt\/#organization\",\"name\":\"fizzyvape.eu\",\"url\":\"https:\/\/www.fizzyvape.eu\/pt-pt\/\",\"logo\":{\"@type\":\"ImageObject\",\"inLanguage\":\"pt-PT\",\"@id\":\"https:\/\/www.fizzyvape.eu\/pt-pt\/#\/schema\/logo\/image\/\",\"url\":\"https:\/\/fizzyvape.eu\/wp-content\/uploads\/2019\/06\/print-1.svg\",\"contentUrl\":\"https:\/\/fizzyvape.eu\/wp-content\/uploads\/2019\/06\/print-1.svg\",\"width\":124,\"height\":37,\"caption\":\"fizzyvape.eu\"},\"image\":{\"@id\":\"https:\/\/www.fizzyvape.eu\/pt-pt\/#\/schema\/logo\/image\/\"}}]}<\/script>\n<meta property=\"og:availability\" content=\"out of stock\" \/>\n<meta property=\"product:availability\" content=\"out of stock\" \/>\n<meta property=\"product:condition\" content=\"new\" \/>\n<!-- \/ Yoast SEO Premium plugin. -->","yoast_head_json":{"title":"Fizzy Nova Plus 40000 Puffs - 120pcs - fizzyvape.eu","description":"Pacote de 120pcs Fizzy Nova Plus 40000 puffs vape descart\u00e1vel por atacado! Sabores premium, carregamento USB-C, descontos por atacado. Oferta por tempo limitado - encomenda j\u00e1!","robots":{"index":"index","follow":"follow","max-snippet":"max-snippet:-1","max-image-preview":"max-image-preview:large","max-video-preview":"max-video-preview:-1"},"canonical":"https:\/\/fizzyvape.eu\/pt-pt\/produto\/fizzy-nova-plus-40000-puffs-120pcs\/","og_locale":"pt_PT","og_type":"article","og_title":"Fizzy Nova Plus 40000 Puffs - 120pcs","og_description":"Pacote de 120pcs Fizzy Nova Plus 40000 puffs vape descart\u00e1vel por atacado! Sabores premium, carregamento USB-C, descontos por atacado. Oferta por tempo limitado - encomenda j\u00e1!","og_url":"https:\/\/fizzyvape.eu\/pt-pt\/produto\/fizzy-nova-plus-40000-puffs-120pcs\/","og_site_name":"fizzyvape.eu","article_modified_time":"2025-10-31T09:59:58+00:00","og_image":[{"width":800,"height":800,"url":"https:\/\/www.fizzyvape.eu\/wp-content\/uploads\/2025\/04\/Fizzy-Nova-Plus-40000Puffs-120pcs-2.webp","type":"image\/webp"}],"twitter_card":"summary_large_image","twitter_misc":{"Disponibilidade":"Esgotado"},"schema":{"@context":"https:\/\/schema.org","@graph":[{"@type":"WebPage","@id":"https:\/\/fizzyvape.eu\/pt-pt\/produto\/fizzy-nova-plus-40000-puffs-120pcs\/","url":"https:\/\/fizzyvape.eu\/pt-pt\/produto\/fizzy-nova-plus-40000-puffs-120pcs\/","name":"Fizzy Nova Plus 40000 Puffs - 120pcs - fizzyvape.eu","isPartOf":{"@id":"https:\/\/www.fizzyvape.eu\/pt-pt\/#website"},"primaryImageOfPage":{"@id":"https:\/\/fizzyvape.eu\/pt-pt\/produto\/fizzy-nova-plus-40000-puffs-120pcs\/#primaryimage"},"image":{"@id":"https:\/\/fizzyvape.eu\/pt-pt\/produto\/fizzy-nova-plus-40000-puffs-120pcs\/#primaryimage"},"thumbnailUrl":"https:\/\/fizzyvape.eu\/wp-content\/uploads\/2025\/04\/Fizzy-Nova-Plus-40000-Puffs-120pcs.webp","datePublished":"2025-04-21T03:21:12+00:00","dateModified":"2025-10-31T09:59:58+00:00","description":"Pacote de 120pcs Fizzy Nova Plus 40000 puffs vape descart\u00e1vel por atacado! Sabores premium, carregamento USB-C, descontos por atacado. Oferta por tempo limitado - encomenda j\u00e1!","breadcrumb":{"@id":"https:\/\/fizzyvape.eu\/pt-pt\/produto\/fizzy-nova-plus-40000-puffs-120pcs\/#breadcrumb"},"inLanguage":"pt-PT","potentialAction":[{"@type":"ReadAction","target":["https:\/\/fizzyvape.eu\/pt-pt\/produto\/fizzy-nova-plus-40000-puffs-120pcs\/"]}]},{"@type":"ImageObject","inLanguage":"pt-PT","@id":"https:\/\/fizzyvape.eu\/pt-pt\/produto\/fizzy-nova-plus-40000-puffs-120pcs\/#primaryimage","url":"https:\/\/fizzyvape.eu\/wp-content\/uploads\/2025\/04\/Fizzy-Nova-Plus-40000-Puffs-120pcs.webp","contentUrl":"https:\/\/fizzyvape.eu\/wp-content\/uploads\/2025\/04\/Fizzy-Nova-Plus-40000-Puffs-120pcs.webp","width":800,"height":800,"caption":"Fizzy Nova Plus 40000 Puffs 120pcs"},{"@type":"BreadcrumbList","@id":"https:\/\/fizzyvape.eu\/pt-pt\/produto\/fizzy-nova-plus-40000-puffs-120pcs\/#breadcrumb","itemListElement":[{"@type":"ListItem","position":1,"name":"Home","item":"https:\/\/fizzyvape.eu\/pt-pt\/"},{"@type":"ListItem","position":2,"name":"Shop","item":"https:\/\/www.fizzyvape.eu\/pt-pt\/shop\/"},{"@type":"ListItem","position":3,"name":"Fizzy Nova Plus 40000 Puffs &#8211; 120pcs"}]},{"@type":"WebSite","@id":"https:\/\/www.fizzyvape.eu\/pt-pt\/#website","url":"https:\/\/www.fizzyvape.eu\/pt-pt\/","name":"fizzyvape.eu","description":"Refreshing Vapes. Unforgettable Taste.","publisher":{"@id":"https:\/\/www.fizzyvape.eu\/pt-pt\/#organization"},"potentialAction":[{"@type":"SearchAction","target":{"@type":"EntryPoint","urlTemplate":"https:\/\/www.fizzyvape.eu\/pt-pt\/?s={search_term_string}"},"query-input":{"@type":"PropertyValueSpecification","valueRequired":true,"valueName":"search_term_string"}}],"inLanguage":"pt-PT"},{"@type":"Organization","@id":"https:\/\/www.fizzyvape.eu\/pt-pt\/#organization","name":"fizzyvape.eu","url":"https:\/\/www.fizzyvape.eu\/pt-pt\/","logo":{"@type":"ImageObject","inLanguage":"pt-PT","@id":"https:\/\/www.fizzyvape.eu\/pt-pt\/#\/schema\/logo\/image\/","url":"https:\/\/fizzyvape.eu\/wp-content\/uploads\/2019\/06\/print-1.svg","contentUrl":"https:\/\/fizzyvape.eu\/wp-content\/uploads\/2019\/06\/print-1.svg","width":124,"height":37,"caption":"fizzyvape.eu"},"image":{"@id":"https:\/\/www.fizzyvape.eu\/pt-pt\/#\/schema\/logo\/image\/"}}]},"og_availability":"out of stock","product_availability":"out of stock","product_condition":"new"},"tiered_pricing_type":"fixed","tiered_pricing_fixed_rules":[],"tiered_pricing_product_settings":{"layout":"default","base_unit_name":{"singular":null,"plural":null},"default_variation":null},"tiered_pricing_minimum_quantity":null,"tiered_pricing_roles_data":[],"tiered_pricing_percentage_rules":[],"tiered_pricing_maximum_quantity":null,"tiered_pricing_quantity_step":null,"_links":{"self":[{"href":"https:\/\/fizzyvape.eu\/pt-pt\/wp-json\/wp\/v2\/product\/27967","targetHints":{"allow":["GET"]}}],"collection":[{"href":"https:\/\/fizzyvape.eu\/pt-pt\/wp-json\/wp\/v2\/product"}],"about":[{"href":"https:\/\/fizzyvape.eu\/pt-pt\/wp-json\/wp\/v2\/types\/product"}],"replies":[{"embeddable":true,"href":"https:\/\/fizzyvape.eu\/pt-pt\/wp-json\/wp\/v2\/comments?post=27967"}],"version-history":[{"count":0,"href":"https:\/\/fizzyvape.eu\/pt-pt\/wp-json\/wp\/v2\/product\/27967\/revisions"}],"wp:featuredmedia":[{"embeddable":true,"href":"https:\/\/fizzyvape.eu\/pt-pt\/wp-json\/wp\/v2\/media\/30109"}],"wp:attachment":[{"href":"https:\/\/fizzyvape.eu\/pt-pt\/wp-json\/wp\/v2\/media?parent=27967"}],"wp:term":[{"taxonomy":"product_brand","embeddable":true,"href":"https:\/\/fizzyvape.eu\/pt-pt\/wp-json\/wp\/v2\/product_brand?post=27967"},{"taxonomy":"product_cat","embeddable":true,"href":"https:\/\/fizzyvape.eu\/pt-pt\/wp-json\/wp\/v2\/product_cat?post=27967"},{"taxonomy":"product_tag","embeddable":true,"href":"https:\/\/fizzyvape.eu\/pt-pt\/wp-json\/wp\/v2\/product_tag?post=27967"}],"curies":[{"name":"wp","href":"https:\/\/api.w.org\/{rel}","templated":true}]}}