{"id":28019,"date":"2025-04-21T11:25:17","date_gmt":"2025-04-21T03:25:17","guid":{"rendered":"https:\/\/fizzyvape.eu\/?post_type=product&#038;p=28019"},"modified":"2025-10-31T17:59:44","modified_gmt":"2025-10-31T09:59:44","slug":"fizzy-twins-dual-flavor-50000-puffs-60pcs","status":"publish","type":"product","link":"https:\/\/fizzyvape.eu\/pt-pt\/produto\/fizzy-twins-dual-flavor-50000-puffs-60pcs\/","title":{"rendered":"Fizzy Twins Dual Flavor 50000 Puffs &#8211; 60pcs"},"content":{"rendered":"<div>\n<h2><strong>Fizzy Twins Dual Flavor 50000 Puffs Vape descart\u00e1vel &#8211; Pacote de 60pcs por atacado<\/strong><\/h2>\n<p>Apresentamos o inovador <strong>Fizzy Twins Dual Flavor 50,000 Puffs Disposable Vape &#8211; 60pcs Bundle<\/strong>, a derradeira solu\u00e7\u00e3o grossista para os retalhistas. Este dispositivo inovador revoluciona a vaporiza\u00e7\u00e3o ao combinar <strong>dois sabores premium numa unidade elegante<\/strong>, com capacidade de mudan\u00e7a instant\u00e2nea. Cada dispositivo fornece <strong>50.000 baforadas ultra-suaves<\/strong> a partir de um <strong>sistema de tanque duplo de 50mL<\/strong> (25mL por sabor), alimentado por bobinas de malha dupla e uma <strong>bateria recarreg\u00e1vel de 850mAh<\/strong> com carregamento r\u00e1pido USB-C.<\/p>\n<h3>Carater\u00edsticas principais:<\/h3>\n<p>\ud83d\udd25 <strong>Tecnologia Dual Flavor<\/strong> &#8211; Alterna entre dois sabores distintos instantaneamente<br \/>\n\u26a1 <strong>50.000 baforadas<\/strong> &#8211; Longevidade l\u00edder na ind\u00fastria (5x os descart\u00e1veis normais)<br \/>\n\ud83d\udca7 <strong>Sistema de Tanque Duplo<\/strong> &#8211; C\u00e2maras separadas preservam a pureza do sabor<br \/>\n\ud83d\udd0b <strong>Gest\u00e3o de energia inteligente<\/strong> &#8211; Modo Eco e Modo Boost para uma experi\u00eancia personalizada<br \/>\n\ud83d\udcca <strong>Ecr\u00e3 OLED<\/strong> &#8211; <strong>Monitoriza\u00e7\u00e3o<\/strong> da bateria e do e-l\u00edquido em tempo real<br \/>\n\u26a1 <strong>Carregamento r\u00e1pido USB-C<\/strong> &#8211; Carrega completamente em apenas 2 horas<br \/>\n\ud83d\udee1\ufe0f <strong>Constru\u00e7\u00e3o Premium<\/strong> &#8211; Corpo em liga met\u00e1lica \u00e0 prova de fugas<\/p>\n<h3><strong>Porque escolher Fizzy Twins Dual Flavor 50000 Puffs <\/strong><strong>Vape<\/strong><strong>?<\/strong><\/h3>\n<p>\ud83d\udd25 <strong>Dois sabores num s\u00f3 aparelho<\/strong> &#8211; Desfruta da variedade sem teres de mudar de vaporizador.<br \/>\n\ud83d\udd25 <strong>Capacidade enorme de E-Liquid<\/strong> &#8211; 50ML para uma satisfa\u00e7\u00e3o vaporizadora de longa dura\u00e7\u00e3o.<br \/>\n\ud83d\udd25 <strong>Experi\u00eancia de vaporiza\u00e7\u00e3o personaliz\u00e1vel<\/strong> &#8211; Modos de fluxo de ar e de pot\u00eancia ajust\u00e1veis para obteres o trago perfeito.<br \/>\n\ud83d\udd25 <strong>Constru\u00e7\u00e3o Premium e \u00e0 prova de fugas<\/strong> &#8211; Concebida para uma sess\u00e3o de vaporiza\u00e7\u00e3o suave e sem problemas.<\/p>\n<\/div>\n<div>\n<h3><strong>Op\u00e7\u00f5es de nicotina:<\/strong><\/h3>\n<p>&#8211; <strong>2% (20mg\/mL)<\/strong> &#8211; Ideal para uma experi\u00eancia de vaporiza\u00e7\u00e3o suave e saborosa<br \/>\n&#8211; <strong>5% (50mg\/mL)<\/strong> &#8211; Concebido para um efeito de garganta mais forte e satisfat\u00f3rio<\/p>\n<h3>Especifica\u00e7\u00f5es<\/h3>\n<table style=\"height: 449px;\" width=\"1340\">\n<tbody>\n<tr>\n<td>Puffs<\/td>\n<td><strong>Mais de 50000 Puffs<\/strong><\/td>\n<\/tr>\n<tr>\n<td>Capacidade do E-l\u00edquido<\/td>\n<td><strong>50mL (25mL por sabor)<\/strong><\/td>\n<\/tr>\n<tr>\n<td>Capacidade da bateria<\/td>\n<td><strong>850mAh<\/strong><\/td>\n<\/tr>\n<tr>\n<td>Tamanho<\/td>\n<td><strong>55,9*27,3*119,8mm<\/strong><\/td>\n<\/tr>\n<tr>\n<td>Descart\u00e1vel ou n\u00e3o<\/td>\n<td><strong>Descart\u00e1vel<\/strong><\/td>\n<\/tr>\n<tr>\n<td>Pot\u00eancia ajust\u00e1vel<\/td>\n<td><strong>SIM<\/strong><\/td>\n<\/tr>\n<tr>\n<td>M\u00e9todo de ativa\u00e7\u00e3o<\/td>\n<td><strong>Sensor<\/strong><\/td>\n<\/tr>\n<tr>\n<td>Material<\/td>\n<td><strong>PCTG<\/strong><\/td>\n<\/tr>\n<tr>\n<td>N\u00edvel de nicotina<\/td>\n<td><strong>2% (20mg\/mL) e 5% (50mg\/mL)<\/strong><\/td>\n<\/tr>\n<tr>\n<td>Aromas<\/td>\n<td><strong>12<\/strong><\/td>\n<\/tr>\n<tr>\n<td>Embalagem<\/td>\n<td><strong>1 embalagem<\/strong><\/td>\n<\/tr>\n<tr>\n<td>Tempo de carregamento<\/td>\n<td><strong>2 horas<\/strong><\/td>\n<\/tr>\n<tr>\n<td>Armazenamento<\/td>\n<td><strong>Evita ambientes com temperaturas elevadas e armazena em local fresco e seco.<\/strong><\/td>\n<\/tr>\n<tr>\n<td>Pessoas proibidas de usar<\/td>\n<td><strong>Menores de idade, mulheres gr\u00e1vidas e pessoas al\u00e9rgicas aos ingredientes do produto.<\/strong><\/td>\n<\/tr>\n<tr>\n<td>Cuidado<\/td>\n<td><strong>N\u00e3o engulas esta subst\u00e2ncia. Em caso de ingest\u00e3o, lava imediata e abundantemente a boca. Se te sentires mal, procura assist\u00eancia m\u00e9dica. <\/strong><\/td>\n<\/tr>\n<\/tbody>\n<\/table>\n<h3><strong>Fizzy Twins <\/strong>50000 Dual Flavor Puffs Lista de sabores:<\/h3>\n<ol>\n<li><a href=\"https:\/\/fizzyvape.eu\/pt-pt\/produto\/fizzy-twins-melancia-ice-morango-kiwi-50000-puffs-10pcs\/\">Melancia Ice &amp; Morango Kiwi<\/a><\/li>\n<li><a href=\"https:\/\/fizzyvape.eu\/pt-pt\/produto\/fizzy-twins-morango-kiwi-roma-red-bull-50000-pastilhas-10pcs\/\">Morango, Kiwi, Rom\u00e3 e Red Bull<\/a><\/li>\n<li><a href=\"https:\/\/fizzyvape.eu\/pt-pt\/produto\/fizzy-twins-blueberry-coconut-grape-ice-50000-puffs-10pcs\/\">Gelo de mirtilo, coco e uva<\/a><\/li>\n<li><a href=\"https:\/\/fizzyvape.eu\/pt-pt\/produto\/fizzy-twins-blue-razz-limonada-triple-melon-50000-puffs-10pcs\/\">Limonada Blue Razz e Mel\u00e3o Triplo<\/a><\/li>\n<li><a href=\"https:\/\/fizzyvape.eu\/pt-pt\/produto\/fizzy-twins-morango-melancia-e-mirtilo-ice-50000-puffs-10pcs\/\">Gelado de morango, melancia e mirtilo<\/a><\/li>\n<li><a href=\"https:\/\/fizzyvape.eu\/pt-pt\/produto\/fizzy-twins-pessego-manga-melancia-morango-banana-50000-puffs-10pcs\/\">P\u00eassego, Manga, Melancia e Morango, Banana<\/a><\/li>\n<li><a href=\"https:\/\/fizzyvape.eu\/pt-pt\/produto\/fizzy-twins-framboesa-melancia-kiwi-maracuja-goiaba-50000-puffs-10pcs\/\">Framboesa Melancia e Kiwi Maracuj\u00e1 Goiaba<\/a><\/li>\n<li><a href=\"https:\/\/fizzyvape.eu\/pt-pt\/produto\/fizzy-twins-ananas-pessego-maracuja-mirtilo-framboesa-50000-puffs-10pcs\/\">Anan\u00e1s P\u00eassego Maracuj\u00e1 e mirtilo Framboesa<\/a><\/li>\n<li><a href=\"https:\/\/fizzyvape.eu\/pt-pt\/produto\/fizzy-twins-melancia-ice-lima-limao-50000-puffs-10pcs\/\">Gelo de melancia e lima-lim\u00e3o<\/a><\/li>\n<li><a href=\"https:\/\/fizzyvape.eu\/pt-pt\/produto\/fizzy-twins-gelado-bagas-mistas-e-pessego-50000-puffs-10pcs\/\">Gelado de frutos silvestres e p\u00eassego<\/a><\/li>\n<li><a href=\"https:\/\/fizzyvape.eu\/pt-pt\/produto\/fizzy-twins-morango-gelado-cereja-gelada-50000-puffs-10pcs\/\">Gelo de morango e cereja com g\u00e1s<\/a><\/li>\n<li><a href=\"https:\/\/fizzyvape.eu\/pt-pt\/produto\/fizzy-twins-limonada-de-framboesa-e-gelo-de-morango-50000-puffs-10pcs\/\">Limonada de framboesa e gelo de morango<\/a><\/li>\n<\/ol>\n<h3>Perguntas frequentes sobre o Fizzy Twins Dual Flavor 50000 Puffs Vape<\/h3>\n<ul>\n<li><strong>Podes fazer combina\u00e7\u00f5es de sabores?<\/strong><br \/>\nSim! Personaliza o teu pacote com as combina\u00e7\u00f5es preferidas.<\/li>\n<li><strong>Quanto tempo duram as 50.000 baforadas?<\/strong><br \/>\nCom <strong>50 ml de e-l\u00edquido<\/strong>, a maioria dos utilizadores pode desfrutar de <strong>3-4 semanas<\/strong> de vaporiza\u00e7\u00e3o. Os utilizadores intensivos podem necessitar de uma substitui\u00e7\u00e3o ap\u00f3s <strong>2-3 semanas<\/strong>.<\/li>\n<li><strong>Como \u00e9 que os clientes mudam de sabor?<\/strong><br \/>\nCom um simples toque num bot\u00e3o, alterna instantaneamente entre o Sabor A e o Sabor B.<\/li>\n<li><strong>Quais s\u00e3o as diferen\u00e7as entre os modos de alimenta\u00e7\u00e3o Standard e Boost?<\/strong>\n<ul>\n<li><strong>O modo Standard<\/strong> proporciona-te um sabor e uma sa\u00edda de vapor equilibrados.<\/li>\n<li><strong>O modo Boost<\/strong> intensifica o sabor e produz nuvens de vapor mais densas.<\/li>\n<\/ul>\n<\/li>\n<\/ul>\n<\/div>\n","protected":false},"excerpt":{"rendered":"<p>Compra o <strong>Fizzy Twins Dual Flavor 50000 Puffs Disposable Vape &#8211; 60pcs Wholesale Bundle<\/strong> por um pre\u00e7o imbat\u00edvel a granel! Desfruta de <strong>dois sabores num s\u00f3 dispositivo<\/strong>, <strong>50.000 baforadas ultra-suaves<\/strong> e um <strong>sistema de tanque duplo de 50 ml<\/strong> com <strong>carregamento r\u00e1pido USB-C<\/strong>. Perfeito para retalhistas que procuram <strong>vapes de alta procura e longa dura\u00e7\u00e3o<\/strong> com <strong>qualidade de constru\u00e7\u00e3o premium<\/strong>.<\/p>\n","protected":false},"featured_media":30167,"comment_status":"open","ping_status":"closed","template":"","meta":{"iawp_total_views":0},"product_brand":[],"product_cat":[674],"product_tag":[243],"class_list":{"0":"post-28019","1":"product","2":"type-product","3":"status-publish","4":"has-post-thumbnail","6":"product_cat-bulk-deals-2-pt-pt","7":"product_tag-50000puffs-pt-pt","9":"first","10":"outofstock","11":"sale","12":"shipping-taxable","13":"purchasable","14":"product-type-variable"},"yoast_head":"<!-- This site is optimized with the Yoast SEO Premium plugin v24.8 (Yoast SEO v24.8) - https:\/\/yoast.com\/wordpress\/plugins\/seo\/ -->\n<title>Fizzy Twins Dual Flavor 50000 Puffs - 60pcs - fizzyvape.eu<\/title>\n<meta name=\"description\" content=\"Fizzy Twins 50000 Puffs vape de sabor duplo com carregamento USB-C, agora em 60pcs por atacado - alta capacidade, sabor rico e vaping personaliz\u00e1vel.\" \/>\n<meta name=\"robots\" content=\"index, follow, max-snippet:-1, max-image-preview:large, max-video-preview:-1\" \/>\n<link rel=\"canonical\" href=\"https:\/\/fizzyvape.eu\/pt-pt\/produto\/fizzy-twins-dual-flavor-50000-puffs-60pcs\/\" \/>\n<meta property=\"og:locale\" content=\"pt_PT\" \/>\n<meta property=\"og:type\" content=\"article\" \/>\n<meta property=\"og:title\" content=\"Fizzy Twins Dual Flavor 50000 Puffs - 60pcs\" \/>\n<meta property=\"og:description\" content=\"Fizzy Twins 50000 Puffs vape de sabor duplo com carregamento USB-C, agora em 60pcs por atacado - alta capacidade, sabor rico e vaping personaliz\u00e1vel.\" \/>\n<meta property=\"og:url\" content=\"https:\/\/fizzyvape.eu\/pt-pt\/produto\/fizzy-twins-dual-flavor-50000-puffs-60pcs\/\" \/>\n<meta property=\"og:site_name\" content=\"fizzyvape.eu\" \/>\n<meta property=\"article:modified_time\" content=\"2025-10-31T09:59:44+00:00\" \/>\n<meta property=\"og:image\" content=\"https:\/\/fizzyvape.eu\/wp-content\/uploads\/2025\/04\/Fizzy-Twins-50000Puffs-60pcs-1.webp\" \/>\n\t<meta property=\"og:image:width\" content=\"800\" \/>\n\t<meta property=\"og:image:height\" content=\"800\" \/>\n\t<meta property=\"og:image:type\" content=\"image\/webp\" \/>\n<meta name=\"twitter:card\" content=\"summary_large_image\" \/>\n<meta name=\"twitter:label1\" content=\"Disponibilidade\" \/>\n\t<meta name=\"twitter:data1\" content=\"Esgotado\" \/>\n<script type=\"application\/ld+json\" class=\"yoast-schema-graph\">{\"@context\":\"https:\/\/schema.org\",\"@graph\":[{\"@type\":\"WebPage\",\"@id\":\"https:\/\/fizzyvape.eu\/pt-pt\/produto\/fizzy-twins-dual-flavor-50000-puffs-60pcs\/\",\"url\":\"https:\/\/fizzyvape.eu\/pt-pt\/produto\/fizzy-twins-dual-flavor-50000-puffs-60pcs\/\",\"name\":\"Fizzy Twins Dual Flavor 50000 Puffs - 60pcs - fizzyvape.eu\",\"isPartOf\":{\"@id\":\"https:\/\/www.fizzyvape.eu\/pt-pt\/#website\"},\"primaryImageOfPage\":{\"@id\":\"https:\/\/fizzyvape.eu\/pt-pt\/produto\/fizzy-twins-dual-flavor-50000-puffs-60pcs\/#primaryimage\"},\"image\":{\"@id\":\"https:\/\/fizzyvape.eu\/pt-pt\/produto\/fizzy-twins-dual-flavor-50000-puffs-60pcs\/#primaryimage\"},\"thumbnailUrl\":\"https:\/\/fizzyvape.eu\/wp-content\/uploads\/2025\/04\/Fizzy-Twins-50000-Puffs-Disposable-Vape-60pcs.webp\",\"datePublished\":\"2025-04-21T03:25:17+00:00\",\"dateModified\":\"2025-10-31T09:59:44+00:00\",\"description\":\"Fizzy Twins 50000 Puffs vape de sabor duplo com carregamento USB-C, agora em 60pcs por atacado - alta capacidade, sabor rico e vaping personaliz\u00e1vel.\",\"breadcrumb\":{\"@id\":\"https:\/\/fizzyvape.eu\/pt-pt\/produto\/fizzy-twins-dual-flavor-50000-puffs-60pcs\/#breadcrumb\"},\"inLanguage\":\"pt-PT\",\"potentialAction\":[{\"@type\":\"ReadAction\",\"target\":[\"https:\/\/fizzyvape.eu\/pt-pt\/produto\/fizzy-twins-dual-flavor-50000-puffs-60pcs\/\"]}]},{\"@type\":\"ImageObject\",\"inLanguage\":\"pt-PT\",\"@id\":\"https:\/\/fizzyvape.eu\/pt-pt\/produto\/fizzy-twins-dual-flavor-50000-puffs-60pcs\/#primaryimage\",\"url\":\"https:\/\/fizzyvape.eu\/wp-content\/uploads\/2025\/04\/Fizzy-Twins-50000-Puffs-Disposable-Vape-60pcs.webp\",\"contentUrl\":\"https:\/\/fizzyvape.eu\/wp-content\/uploads\/2025\/04\/Fizzy-Twins-50000-Puffs-Disposable-Vape-60pcs.webp\",\"width\":800,\"height\":800,\"caption\":\"Fizzy Twins 50000 Puffs Disposable Vape 60pcs\"},{\"@type\":\"BreadcrumbList\",\"@id\":\"https:\/\/fizzyvape.eu\/pt-pt\/produto\/fizzy-twins-dual-flavor-50000-puffs-60pcs\/#breadcrumb\",\"itemListElement\":[{\"@type\":\"ListItem\",\"position\":1,\"name\":\"Home\",\"item\":\"https:\/\/fizzyvape.eu\/pt-pt\/\"},{\"@type\":\"ListItem\",\"position\":2,\"name\":\"Shop\",\"item\":\"https:\/\/www.fizzyvape.eu\/pt-pt\/shop\/\"},{\"@type\":\"ListItem\",\"position\":3,\"name\":\"Fizzy Twins Dual Flavor 50000 Puffs &#8211; 60pcs\"}]},{\"@type\":\"WebSite\",\"@id\":\"https:\/\/www.fizzyvape.eu\/pt-pt\/#website\",\"url\":\"https:\/\/www.fizzyvape.eu\/pt-pt\/\",\"name\":\"fizzyvape.eu\",\"description\":\"Refreshing Vapes. Unforgettable Taste.\",\"publisher\":{\"@id\":\"https:\/\/www.fizzyvape.eu\/pt-pt\/#organization\"},\"potentialAction\":[{\"@type\":\"SearchAction\",\"target\":{\"@type\":\"EntryPoint\",\"urlTemplate\":\"https:\/\/www.fizzyvape.eu\/pt-pt\/?s={search_term_string}\"},\"query-input\":{\"@type\":\"PropertyValueSpecification\",\"valueRequired\":true,\"valueName\":\"search_term_string\"}}],\"inLanguage\":\"pt-PT\"},{\"@type\":\"Organization\",\"@id\":\"https:\/\/www.fizzyvape.eu\/pt-pt\/#organization\",\"name\":\"fizzyvape.eu\",\"url\":\"https:\/\/www.fizzyvape.eu\/pt-pt\/\",\"logo\":{\"@type\":\"ImageObject\",\"inLanguage\":\"pt-PT\",\"@id\":\"https:\/\/www.fizzyvape.eu\/pt-pt\/#\/schema\/logo\/image\/\",\"url\":\"https:\/\/fizzyvape.eu\/wp-content\/uploads\/2019\/06\/print-1.svg\",\"contentUrl\":\"https:\/\/fizzyvape.eu\/wp-content\/uploads\/2019\/06\/print-1.svg\",\"width\":124,\"height\":37,\"caption\":\"fizzyvape.eu\"},\"image\":{\"@id\":\"https:\/\/www.fizzyvape.eu\/pt-pt\/#\/schema\/logo\/image\/\"}}]}<\/script>\n<meta property=\"og:availability\" content=\"out of stock\" \/>\n<meta property=\"product:availability\" content=\"out of stock\" \/>\n<meta property=\"product:condition\" content=\"new\" \/>\n<!-- \/ Yoast SEO Premium plugin. -->","yoast_head_json":{"title":"Fizzy Twins Dual Flavor 50000 Puffs - 60pcs - fizzyvape.eu","description":"Fizzy Twins 50000 Puffs vape de sabor duplo com carregamento USB-C, agora em 60pcs por atacado - alta capacidade, sabor rico e vaping personaliz\u00e1vel.","robots":{"index":"index","follow":"follow","max-snippet":"max-snippet:-1","max-image-preview":"max-image-preview:large","max-video-preview":"max-video-preview:-1"},"canonical":"https:\/\/fizzyvape.eu\/pt-pt\/produto\/fizzy-twins-dual-flavor-50000-puffs-60pcs\/","og_locale":"pt_PT","og_type":"article","og_title":"Fizzy Twins Dual Flavor 50000 Puffs - 60pcs","og_description":"Fizzy Twins 50000 Puffs vape de sabor duplo com carregamento USB-C, agora em 60pcs por atacado - alta capacidade, sabor rico e vaping personaliz\u00e1vel.","og_url":"https:\/\/fizzyvape.eu\/pt-pt\/produto\/fizzy-twins-dual-flavor-50000-puffs-60pcs\/","og_site_name":"fizzyvape.eu","article_modified_time":"2025-10-31T09:59:44+00:00","og_image":[{"width":800,"height":800,"url":"https:\/\/fizzyvape.eu\/wp-content\/uploads\/2025\/04\/Fizzy-Twins-50000Puffs-60pcs-1.webp","type":"image\/webp"}],"twitter_card":"summary_large_image","twitter_misc":{"Disponibilidade":"Esgotado"},"schema":{"@context":"https:\/\/schema.org","@graph":[{"@type":"WebPage","@id":"https:\/\/fizzyvape.eu\/pt-pt\/produto\/fizzy-twins-dual-flavor-50000-puffs-60pcs\/","url":"https:\/\/fizzyvape.eu\/pt-pt\/produto\/fizzy-twins-dual-flavor-50000-puffs-60pcs\/","name":"Fizzy Twins Dual Flavor 50000 Puffs - 60pcs - fizzyvape.eu","isPartOf":{"@id":"https:\/\/www.fizzyvape.eu\/pt-pt\/#website"},"primaryImageOfPage":{"@id":"https:\/\/fizzyvape.eu\/pt-pt\/produto\/fizzy-twins-dual-flavor-50000-puffs-60pcs\/#primaryimage"},"image":{"@id":"https:\/\/fizzyvape.eu\/pt-pt\/produto\/fizzy-twins-dual-flavor-50000-puffs-60pcs\/#primaryimage"},"thumbnailUrl":"https:\/\/fizzyvape.eu\/wp-content\/uploads\/2025\/04\/Fizzy-Twins-50000-Puffs-Disposable-Vape-60pcs.webp","datePublished":"2025-04-21T03:25:17+00:00","dateModified":"2025-10-31T09:59:44+00:00","description":"Fizzy Twins 50000 Puffs vape de sabor duplo com carregamento USB-C, agora em 60pcs por atacado - alta capacidade, sabor rico e vaping personaliz\u00e1vel.","breadcrumb":{"@id":"https:\/\/fizzyvape.eu\/pt-pt\/produto\/fizzy-twins-dual-flavor-50000-puffs-60pcs\/#breadcrumb"},"inLanguage":"pt-PT","potentialAction":[{"@type":"ReadAction","target":["https:\/\/fizzyvape.eu\/pt-pt\/produto\/fizzy-twins-dual-flavor-50000-puffs-60pcs\/"]}]},{"@type":"ImageObject","inLanguage":"pt-PT","@id":"https:\/\/fizzyvape.eu\/pt-pt\/produto\/fizzy-twins-dual-flavor-50000-puffs-60pcs\/#primaryimage","url":"https:\/\/fizzyvape.eu\/wp-content\/uploads\/2025\/04\/Fizzy-Twins-50000-Puffs-Disposable-Vape-60pcs.webp","contentUrl":"https:\/\/fizzyvape.eu\/wp-content\/uploads\/2025\/04\/Fizzy-Twins-50000-Puffs-Disposable-Vape-60pcs.webp","width":800,"height":800,"caption":"Fizzy Twins 50000 Puffs Disposable Vape 60pcs"},{"@type":"BreadcrumbList","@id":"https:\/\/fizzyvape.eu\/pt-pt\/produto\/fizzy-twins-dual-flavor-50000-puffs-60pcs\/#breadcrumb","itemListElement":[{"@type":"ListItem","position":1,"name":"Home","item":"https:\/\/fizzyvape.eu\/pt-pt\/"},{"@type":"ListItem","position":2,"name":"Shop","item":"https:\/\/www.fizzyvape.eu\/pt-pt\/shop\/"},{"@type":"ListItem","position":3,"name":"Fizzy Twins Dual Flavor 50000 Puffs &#8211; 60pcs"}]},{"@type":"WebSite","@id":"https:\/\/www.fizzyvape.eu\/pt-pt\/#website","url":"https:\/\/www.fizzyvape.eu\/pt-pt\/","name":"fizzyvape.eu","description":"Refreshing Vapes. Unforgettable Taste.","publisher":{"@id":"https:\/\/www.fizzyvape.eu\/pt-pt\/#organization"},"potentialAction":[{"@type":"SearchAction","target":{"@type":"EntryPoint","urlTemplate":"https:\/\/www.fizzyvape.eu\/pt-pt\/?s={search_term_string}"},"query-input":{"@type":"PropertyValueSpecification","valueRequired":true,"valueName":"search_term_string"}}],"inLanguage":"pt-PT"},{"@type":"Organization","@id":"https:\/\/www.fizzyvape.eu\/pt-pt\/#organization","name":"fizzyvape.eu","url":"https:\/\/www.fizzyvape.eu\/pt-pt\/","logo":{"@type":"ImageObject","inLanguage":"pt-PT","@id":"https:\/\/www.fizzyvape.eu\/pt-pt\/#\/schema\/logo\/image\/","url":"https:\/\/fizzyvape.eu\/wp-content\/uploads\/2019\/06\/print-1.svg","contentUrl":"https:\/\/fizzyvape.eu\/wp-content\/uploads\/2019\/06\/print-1.svg","width":124,"height":37,"caption":"fizzyvape.eu"},"image":{"@id":"https:\/\/www.fizzyvape.eu\/pt-pt\/#\/schema\/logo\/image\/"}}]},"og_availability":"out of stock","product_availability":"out of stock","product_condition":"new"},"tiered_pricing_type":"fixed","tiered_pricing_fixed_rules":[],"tiered_pricing_product_settings":{"layout":"default","base_unit_name":{"singular":null,"plural":null},"default_variation":null},"tiered_pricing_minimum_quantity":null,"tiered_pricing_roles_data":[],"tiered_pricing_percentage_rules":[],"tiered_pricing_maximum_quantity":null,"tiered_pricing_quantity_step":null,"_links":{"self":[{"href":"https:\/\/fizzyvape.eu\/pt-pt\/wp-json\/wp\/v2\/product\/28019","targetHints":{"allow":["GET"]}}],"collection":[{"href":"https:\/\/fizzyvape.eu\/pt-pt\/wp-json\/wp\/v2\/product"}],"about":[{"href":"https:\/\/fizzyvape.eu\/pt-pt\/wp-json\/wp\/v2\/types\/product"}],"replies":[{"embeddable":true,"href":"https:\/\/fizzyvape.eu\/pt-pt\/wp-json\/wp\/v2\/comments?post=28019"}],"version-history":[{"count":0,"href":"https:\/\/fizzyvape.eu\/pt-pt\/wp-json\/wp\/v2\/product\/28019\/revisions"}],"wp:featuredmedia":[{"embeddable":true,"href":"https:\/\/fizzyvape.eu\/pt-pt\/wp-json\/wp\/v2\/media\/30167"}],"wp:attachment":[{"href":"https:\/\/fizzyvape.eu\/pt-pt\/wp-json\/wp\/v2\/media?parent=28019"}],"wp:term":[{"taxonomy":"product_brand","embeddable":true,"href":"https:\/\/fizzyvape.eu\/pt-pt\/wp-json\/wp\/v2\/product_brand?post=28019"},{"taxonomy":"product_cat","embeddable":true,"href":"https:\/\/fizzyvape.eu\/pt-pt\/wp-json\/wp\/v2\/product_cat?post=28019"},{"taxonomy":"product_tag","embeddable":true,"href":"https:\/\/fizzyvape.eu\/pt-pt\/wp-json\/wp\/v2\/product_tag?post=28019"}],"curies":[{"name":"wp","href":"https:\/\/api.w.org\/{rel}","templated":true}]}}