{"id":32944,"date":"2025-06-11T10:33:11","date_gmt":"2025-06-11T02:33:11","guid":{"rendered":"https:\/\/fizzyvape.eu\/product\/fizzy-max-iii-6em1-60k-60000-puffs-vape-descartavel-recarregavel-morango-framboesa-manga-pessego-e-mirtilo-melancia-10-unidades\/"},"modified":"2025-06-11T10:33:11","modified_gmt":"2025-06-11T02:33:11","slug":"fizzy-max-iii-6em1-60k-60000-puffs-vape-descartavel-recarregavel-morango-framboesa-manga-pessego-e-mirtilo-melancia-10-unidades","status":"publish","type":"product","link":"https:\/\/fizzyvape.eu\/pt-pt\/produto\/fizzy-max-iii-6em1-60k-60000-puffs-vape-descartavel-recarregavel-morango-framboesa-manga-pessego-e-mirtilo-melancia-10-unidades\/","title":{"rendered":"Fizzy Max III 6em1 60K 60000 Puffs Vape descart\u00e1vel recarreg\u00e1vel &#8211; Morango, framboesa, manga, p\u00eassego e mirtilo, melancia &#8211; 10 unidades"},"content":{"rendered":"<p><img decoding=\"async\" class=\"aligncenter\" src=\"https:\/\/fizzyvape.eu\/wp-content\/uploads\/2025\/06\/Fizzy-Max-III-6in1-60K-60000-Puffs-10-1.webp\" alt=\"Fizzy Max III 60000 Puffs 6in1 Vape Descart\u00e1vel (10)\"><\/p>\n<h1>Fizzy Max III 6em1 60K 60000 Puffs Vape descart\u00e1vel recarreg\u00e1vel &#8211; Morango, framboesa, manga, p\u00eassego e mirtilo, melancia &#8211; 10 unidades<\/h1>\n<p><strong>Liberta 60.000 baforadas de puro sabor num s\u00f3 dispositivo inteligente<\/strong><\/p>\n<p>Entra no futuro da vaporiza\u00e7\u00e3o com o Fizzy Max III 6em1 &#8211; um vaporizador descart\u00e1vel revolucion\u00e1rio que oferece seis experi\u00eancias de sabor distintas num \u00fanico dispositivo compacto e recarreg\u00e1vel. Com tr\u00eas c\u00e1psulas pr\u00e9-cheias de 20 ml e um bocal rotativo inteligente, este vape permite-te alternar sem esfor\u00e7o entre sabores simples e mistos para uma variedade inigual\u00e1vel. <\/p>\n<h4><strong>Flavor Experience &#8211; 6 sabores em 1<\/strong><\/h4>\n<ul>\n<li><strong>Morango Framboesa (A):<\/strong> Uma fus\u00e3o doce e azeda de bagas sumarentas<\/li>\n<li><strong>Manga P\u00eassego (B):<\/strong> A exuberante manga tropical encontra o p\u00eassego maduro e suave<\/li>\n<li><strong>Melancia com mirtilo (C):<\/strong> Mirtilos frescos com uma camada de melancia refrescante<\/li>\n<li>Mistura <strong>AB:<\/strong> Uma mistura vibrante de bagas e frutos tropicais<\/li>\n<li><strong>Mistura BC:<\/strong> Mistura refrescante de p\u00eassego e melancia<\/li>\n<li><strong>Mix CA:<\/strong> Uma mistura fresca e doce de frutos silvestres e mel\u00e3o<\/li>\n<\/ul>\n<p>A mudan\u00e7a de sabor \u00e9 t\u00e3o f\u00e1cil como rodar a boquilha:<br \/>\n<strong>  A \u2192 Mistura AB \u2192 B \u2192 Mistura BC \u2192 C \u2192 Mistura CA<\/strong><\/p>\n<p>Percorre sem problemas os seis sabores poss\u00edveis com uma simples rota\u00e7\u00e3o da boquilha. Desfruta da m\u00e1xima comodidade do sistema 6 em 1. Est\u00e1s curioso? V\u00ea o nosso <a href=\"https:\/\/www.youtube.com\/watch?v=CoxB_HvaU3k\">v\u00eddeo<\/a> de demonstra\u00e7\u00e3o.   <\/p>\n<h3><strong>  Destaques do produto<\/strong><\/h3>\n<ul>\n<li><strong>At\u00e9 60.000 baforadas:<\/strong> Longevidade excecional com um dispositivo descart\u00e1vel<\/li>\n<li><strong>Sistema de sabores 6 em 1:<\/strong> Tr\u00eas sabores \u00fanicos, tr\u00eas misturas \u00fanicas<\/li>\n<li><strong>Capacidade total de e-l\u00edquido:<\/strong> 60 ml (3 c\u00e1psulas de 20 ml)<\/li>\n<li><strong>Doses de nicotina:<\/strong> Dispon\u00edvel em 2% e 5%<strong>.<\/strong> <\/li>\n<li><strong>Bateria recarreg\u00e1vel de 850mAh:<\/strong> Carregamento r\u00e1pido USB tipo C<\/li>\n<li><strong>Bobina de malha avan\u00e7ada:<\/strong> Vapor suave e saboroso com nuvens densas<\/li>\n<li><strong>Ecr\u00e3 LED:<\/strong> Mostra claramente a dura\u00e7\u00e3o da bateria e o modo de vaporiza\u00e7\u00e3o<\/li>\n<li><strong>Dura\u00e7\u00e3o da conserva\u00e7\u00e3o:<\/strong> At\u00e9 2 anos para uma frescura prolongada<\/li>\n<\/ul>\n<h3><strong>Fizzy Max III 6in1 60000 Puffs Vape descart\u00e1vel Lista de sabores:<\/strong><\/h3>\n<ol>\n<li><a href=\"https:\/\/fizzyvape.eu\/pt-pt\/produto\/fizzy-max-iii-6em1-60k-60000-puffs-vape-descartavel-recarregavel-morango-framboesa-manga-pessego-e-mirtilo-melancia-10-unidades\/\">Morango Framboesa e manga P\u00eassego e mirtilo Melancia<\/a><\/li>\n<li><a href=\"https:\/\/fizzyvape.eu\/pt-pt\/produto\/fizzy-max-iii-6in1-60k-60000-puffs-vape-descartavel-recarregavel-mistura-de-frutos-silvestres-e-kiwi-maracuja-goiaba-e-morango-melancia-10pcs\/\">Mistura de frutos silvestres e kiwi Maracuj\u00e1 Goiaba e morango Melancia<\/a><\/li>\n<li><a href=\"https:\/\/fizzyvape.eu\/pt-pt\/produto\/fizzy-max-iii-6em1-60k-60000-puffs-vape-descartavel-recarregavel-mirtilo-framboesa-melao-triplo-gelo-morango-10pcs\/\">Mirtilo, framboesa, mel\u00e3o triplo e gelo de morango<\/a><\/li>\n<li><a href=\"https:\/\/fizzyvape.eu\/pt-pt\/produto\/fizzy-max-iii-6in1-60k-60000-puffs-vape-descartavel-recarregavel-morango-fruta-do-dragao-red-bull-e-melancia-com-framboesa-10pcs\/\">Morango Dragon Fruit &amp; Red Bull &amp; Melancia Framboesa<\/a><\/li>\n<li><a href=\"https:\/\/fizzyvape.eu\/pt-pt\/produto\/fizzy-max-iii-6em1-60k-60000-puffs-vape-descartavel-recarregavel-morango-kiwi-mirtilo-ice-melancia-ice-10pcs\/\">Gelo de morango, kiwi e mirtilo e gelo de melancia<\/a><\/li>\n<li><a href=\"https:\/\/fizzyvape.eu\/pt-pt\/produto\/fizzy-max-iii-6em1-60k-60000-puffs-vape-descartavel-recarregavel-blueberry-ice-fizzy-cherry-raspberry-lemon-10pcs\/\">Mirtilo Gelado &amp; Cereja Fresca &amp; Framboesa Lim\u00e3o<\/a><\/li>\n<li><a href=\"https:\/\/fizzyvape.eu\/pt-pt\/produto\/fizzy-max-iii-6em1-60k-60000-puffs-vape-descartavel-recarregavel-melancia-gelo-morango-baunilha-coca-cola-e-bagas-mistas-10pcs\/\">Gelado de melancia e morango Coca-Cola de baunilha e mista<\/a><\/li>\n<li><a href=\"https:\/\/fizzyvape.eu\/pt-pt\/produto\/fizzy-max-iii-6em1-60k-60000-puffs-vape-descartavel-recarregavel-morango-uva-mirtilo-coco-pessego-limao-10pcs\/\">Morango Uva e Mirtilo Coco e P\u00eassego Lim\u00e3o<\/a><\/li>\n<li><a href=\"https:\/\/fizzyvape.eu\/pt-pt\/produto\/fizzy-max-iii-6in1-60k-60000-puffs-vape-descartavel-recarregavel-azul-razz-ice-morango-kiwi-laranja-ananas-azedo-10pcs\/\">Blue Razz Ice &amp; Morango Kiwi &amp; Laranja Anan\u00e1s Azedo<\/a><\/li>\n<li><a href=\"https:\/\/fizzyvape.eu\/pt-pt\/produto\/fizzy-max-iii-6in1-60k-60000-puffs-vape-descartavel-recarregavel-morango-melancia-lima-limao-e-mirtilo-coco-10pcs\/\">Melancia com morango e lima-lim\u00e3o e coco com mirtilo<\/a><\/li>\n<\/ol>\n<h3><strong>  Modos de vaporiza\u00e7\u00e3o para todas as prefer\u00eancias<\/strong><\/h3>\n<ul>\n<li>Usa o <strong>modo Single-Flavor<\/strong> para obteres a cl\u00e1ssica satisfa\u00e7\u00e3o MTL (boca-a-pulm\u00e3o) com tragos apertados, tipo cigarro.<\/li>\n<li>Muda para o <strong>modo Mix<\/strong> para obteres batidas diretas nos pulm\u00f5es, proporcionando um sabor mais intenso e um vapor mais cheio.<\/li>\n<\/ul>\n<h3><strong>  Porqu\u00ea escolher Fizzy Max III 6em1?<\/strong><\/h3>\n<ul>\n<li>Seis perfis de sabor num \u00fanico dispositivo de bolso<\/li>\n<li>Troca suave e limpa sem mudar as c\u00e1psulas<\/li>\n<li>Poderoso desempenho recarreg\u00e1vel<\/li>\n<li>Sabor de qualidade superior com e-l\u00edquido de alta capacidade<\/li>\n<li>Entrega r\u00e1pida e fi\u00e1vel a partir do armaz\u00e9m da UE<\/li>\n<\/ul>\n<h3><strong>  Perguntas e Respostas &#8211; Fizzy Max III 6in1 60K Vape Descart\u00e1vel<\/strong><\/h3>\n<p><strong>1. Quantas baforadas d\u00e1 cada Fizzy Max III 6 em 1?<\/strong><br \/>\nCada aparelho d\u00e1 at\u00e9 <strong>60.000 baforadas<\/strong>, gra\u00e7as \u00e0 sua <strong>capacidade de 60mL de e-l\u00edquido<\/strong> e \u00e0 <strong>bateria recarreg\u00e1vel de 850mAh<\/strong>, o que faz dele um dos descart\u00e1veis mais duradouros que existem.<\/p>\n<p><strong>2. Como posso alternar entre sabores no Fizzy Max III?<\/strong><br \/>\nBasta levantares <strong>e rodares o bocal<\/strong> para alternares entre <strong>seis modos de sabor<\/strong> (3 individuais + 3 misturas) num ciclo predefinido. N\u00e3o precisas de c\u00e1psulas extra. <\/p>\n<p><strong>3. Que sabores est\u00e3o inclu\u00eddos neste dispositivo?<\/strong><br \/>\nCada dispositivo inclui tr\u00eas c\u00e1psulas de 20 ml pr\u00e9-cheias (por exemplo, <strong>Morango Framboesa, Manga P\u00eassego e Mirtilo Melancia<\/strong>) e cria tr\u00eas combina\u00e7\u00f5es de sabores para um total de seis perfis \u00fanicos.<\/p>\n<p><strong>4. O Fizzy Max III vape \u00e9 recarreg\u00e1vel?<\/strong><br \/>\nSim. Vem com uma <strong>bateria de 850mAh incorporada<\/strong> e suporta <strong>o carregamento r\u00e1pido Tipo C<\/strong> para uma alimenta\u00e7\u00e3o r\u00e1pida e uma utiliza\u00e7\u00e3o prolongada. <\/p>\n","protected":false},"excerpt":{"rendered":"<p><strong>  Fizzy Max III 6in1 60000 Puffs &#8211; Um aparelho, sabor sem fim<\/strong><\/p>\n<p>D\u00e1 at\u00e9 <strong> 60.000 baforadas<\/strong> com este <strong> vape descart\u00e1vel rec<\/strong>arreg\u00e1vel tudo-em-um. Com <strong> 6 modos de sabor incr\u00edveis<\/strong>, uma <strong> boquilha rotativa<\/strong> inteligente, um <strong> visor LED<\/strong> e uma enorme <strong> capacidade de 60 ml de e-l\u00edquido<\/strong>, foi concebido para uma satisfa\u00e7\u00e3o duradoura. Escolhe a tua dose perfeita com <strong> 2% ou 5% de nicotina<\/strong>. N\u00e3o precisas de recargas. N\u00e3o te preocupes. Basta trocar, dar uma passa e desfrutar.     <\/p>\n","protected":false},"featured_media":32411,"comment_status":"open","ping_status":"closed","template":"","meta":{"iawp_total_views":0},"product_brand":[],"product_cat":[590],"product_tag":[621,618,620,619],"class_list":{"0":"post-32944","1":"product","2":"type-product","3":"status-publish","4":"has-post-thumbnail","6":"product_cat-max-iii-6in1-60k-60000-puffs-rechargeable-disposable-vape-pt-pt","7":"product_tag-6-sabores-num-so-dispositivo","8":"product_tag-60000-puffs-pt-pt","9":"product_tag-recarregavel","10":"product_tag-vape-descartavel","12":"first","13":"outofstock","14":"sale","15":"shipping-taxable","16":"purchasable","17":"product-type-variable"},"yoast_head":"<!-- This site is optimized with the Yoast SEO Premium plugin v24.8 (Yoast SEO v24.8) - https:\/\/yoast.com\/wordpress\/plugins\/seo\/ -->\n<title>Fizzy Max 60000 Puffs - Vape descart\u00e1vel 6 em 1 recarreg\u00e1vel<\/title>\n<meta name=\"description\" content=\"Experimenta o Fizzy Max 60000 com 6 sabores, bateria recarreg\u00e1vel, visor LED e at\u00e9 60.000 baforadas para uma satisfa\u00e7\u00e3o vaporizadora duradoura.\" \/>\n<meta name=\"robots\" content=\"index, follow, max-snippet:-1, max-image-preview:large, max-video-preview:-1\" \/>\n<link rel=\"canonical\" href=\"https:\/\/fizzyvape.eu\/pt-pt\/produto\/fizzy-max-iii-6em1-60k-60000-puffs-vape-descartavel-recarregavel-morango-framboesa-manga-pessego-e-mirtilo-melancia-10-unidades\/\" \/>\n<meta property=\"og:locale\" content=\"pt_PT\" \/>\n<meta property=\"og:type\" content=\"article\" \/>\n<meta property=\"og:title\" content=\"Fizzy Max III 6em1 60K 60000 Puffs Vape descart\u00e1vel recarreg\u00e1vel - Morango, framboesa, manga, p\u00eassego e mirtilo, melancia - 10 unidades\" \/>\n<meta property=\"og:description\" content=\"Experimenta o Fizzy Max 60000 com 6 sabores, bateria recarreg\u00e1vel, visor LED e at\u00e9 60.000 baforadas para uma satisfa\u00e7\u00e3o vaporizadora duradoura.\" \/>\n<meta property=\"og:url\" content=\"https:\/\/fizzyvape.eu\/pt-pt\/produto\/fizzy-max-iii-6em1-60k-60000-puffs-vape-descartavel-recarregavel-morango-framboesa-manga-pessego-e-mirtilo-melancia-10-unidades\/\" \/>\n<meta property=\"og:site_name\" content=\"fizzyvape.eu\" \/>\n<meta property=\"og:image\" content=\"https:\/\/fizzyvape.eu\/wp-content\/uploads\/2025\/06\/Fizzy-Max-60000-Puffs-01.webp\" \/>\n\t<meta property=\"og:image:width\" content=\"800\" \/>\n\t<meta property=\"og:image:height\" content=\"800\" \/>\n\t<meta property=\"og:image:type\" content=\"image\/webp\" \/>\n<meta name=\"twitter:card\" content=\"summary_large_image\" \/>\n<meta name=\"twitter:label1\" content=\"Disponibilidade\" \/>\n\t<meta name=\"twitter:data1\" content=\"Esgotado\" \/>\n<script type=\"application\/ld+json\" class=\"yoast-schema-graph\">{\"@context\":\"https:\/\/schema.org\",\"@graph\":[{\"@type\":\"WebPage\",\"@id\":\"https:\/\/fizzyvape.eu\/pt-pt\/produto\/fizzy-max-iii-6em1-60k-60000-puffs-vape-descartavel-recarregavel-morango-framboesa-manga-pessego-e-mirtilo-melancia-10-unidades\/\",\"url\":\"https:\/\/fizzyvape.eu\/pt-pt\/produto\/fizzy-max-iii-6em1-60k-60000-puffs-vape-descartavel-recarregavel-morango-framboesa-manga-pessego-e-mirtilo-melancia-10-unidades\/\",\"name\":\"Fizzy Max 60000 Puffs - Vape descart\u00e1vel 6 em 1 recarreg\u00e1vel\",\"isPartOf\":{\"@id\":\"https:\/\/www.fizzyvape.eu\/pt-pt\/#website\"},\"primaryImageOfPage\":{\"@id\":\"https:\/\/fizzyvape.eu\/pt-pt\/produto\/fizzy-max-iii-6em1-60k-60000-puffs-vape-descartavel-recarregavel-morango-framboesa-manga-pessego-e-mirtilo-melancia-10-unidades\/#primaryimage\"},\"image\":{\"@id\":\"https:\/\/fizzyvape.eu\/pt-pt\/produto\/fizzy-max-iii-6em1-60k-60000-puffs-vape-descartavel-recarregavel-morango-framboesa-manga-pessego-e-mirtilo-melancia-10-unidades\/#primaryimage\"},\"thumbnailUrl\":\"https:\/\/fizzyvape.eu\/wp-content\/uploads\/2025\/06\/Fizzy-Max-60000-Puffs-01.webp\",\"datePublished\":\"2025-06-11T02:33:11+00:00\",\"description\":\"Experimenta o Fizzy Max 60000 com 6 sabores, bateria recarreg\u00e1vel, visor LED e at\u00e9 60.000 baforadas para uma satisfa\u00e7\u00e3o vaporizadora duradoura.\",\"breadcrumb\":{\"@id\":\"https:\/\/fizzyvape.eu\/pt-pt\/produto\/fizzy-max-iii-6em1-60k-60000-puffs-vape-descartavel-recarregavel-morango-framboesa-manga-pessego-e-mirtilo-melancia-10-unidades\/#breadcrumb\"},\"inLanguage\":\"pt-PT\",\"potentialAction\":[{\"@type\":\"ReadAction\",\"target\":[\"https:\/\/fizzyvape.eu\/pt-pt\/produto\/fizzy-max-iii-6em1-60k-60000-puffs-vape-descartavel-recarregavel-morango-framboesa-manga-pessego-e-mirtilo-melancia-10-unidades\/\"]}]},{\"@type\":\"ImageObject\",\"inLanguage\":\"pt-PT\",\"@id\":\"https:\/\/fizzyvape.eu\/pt-pt\/produto\/fizzy-max-iii-6em1-60k-60000-puffs-vape-descartavel-recarregavel-morango-framboesa-manga-pessego-e-mirtilo-melancia-10-unidades\/#primaryimage\",\"url\":\"https:\/\/fizzyvape.eu\/wp-content\/uploads\/2025\/06\/Fizzy-Max-60000-Puffs-01.webp\",\"contentUrl\":\"https:\/\/fizzyvape.eu\/wp-content\/uploads\/2025\/06\/Fizzy-Max-60000-Puffs-01.webp\",\"width\":800,\"height\":800},{\"@type\":\"BreadcrumbList\",\"@id\":\"https:\/\/fizzyvape.eu\/pt-pt\/produto\/fizzy-max-iii-6em1-60k-60000-puffs-vape-descartavel-recarregavel-morango-framboesa-manga-pessego-e-mirtilo-melancia-10-unidades\/#breadcrumb\",\"itemListElement\":[{\"@type\":\"ListItem\",\"position\":1,\"name\":\"Home\",\"item\":\"https:\/\/fizzyvape.eu\/pt-pt\/\"},{\"@type\":\"ListItem\",\"position\":2,\"name\":\"Shop\",\"item\":\"https:\/\/www.fizzyvape.eu\/pt-pt\/shop\/\"},{\"@type\":\"ListItem\",\"position\":3,\"name\":\"Fizzy Max III 6em1 60K 60000 Puffs Vape descart\u00e1vel recarreg\u00e1vel &#8211; Morango, framboesa, manga, p\u00eassego e mirtilo, melancia &#8211; 10 unidades\"}]},{\"@type\":\"WebSite\",\"@id\":\"https:\/\/www.fizzyvape.eu\/pt-pt\/#website\",\"url\":\"https:\/\/www.fizzyvape.eu\/pt-pt\/\",\"name\":\"fizzyvape.eu\",\"description\":\"Refreshing Vapes. Unforgettable Taste.\",\"publisher\":{\"@id\":\"https:\/\/www.fizzyvape.eu\/pt-pt\/#organization\"},\"potentialAction\":[{\"@type\":\"SearchAction\",\"target\":{\"@type\":\"EntryPoint\",\"urlTemplate\":\"https:\/\/www.fizzyvape.eu\/pt-pt\/?s={search_term_string}\"},\"query-input\":{\"@type\":\"PropertyValueSpecification\",\"valueRequired\":true,\"valueName\":\"search_term_string\"}}],\"inLanguage\":\"pt-PT\"},{\"@type\":\"Organization\",\"@id\":\"https:\/\/www.fizzyvape.eu\/pt-pt\/#organization\",\"name\":\"fizzyvape.eu\",\"url\":\"https:\/\/www.fizzyvape.eu\/pt-pt\/\",\"logo\":{\"@type\":\"ImageObject\",\"inLanguage\":\"pt-PT\",\"@id\":\"https:\/\/www.fizzyvape.eu\/pt-pt\/#\/schema\/logo\/image\/\",\"url\":\"https:\/\/fizzyvape.eu\/wp-content\/uploads\/2019\/06\/print-1.svg\",\"contentUrl\":\"https:\/\/fizzyvape.eu\/wp-content\/uploads\/2019\/06\/print-1.svg\",\"width\":124,\"height\":37,\"caption\":\"fizzyvape.eu\"},\"image\":{\"@id\":\"https:\/\/www.fizzyvape.eu\/pt-pt\/#\/schema\/logo\/image\/\"}}]}<\/script>\n<meta property=\"og:availability\" content=\"out of stock\" \/>\n<meta property=\"product:availability\" content=\"out of stock\" \/>\n<meta property=\"product:condition\" content=\"new\" \/>\n<!-- \/ Yoast SEO Premium plugin. -->","yoast_head_json":{"title":"Fizzy Max 60000 Puffs - Vape descart\u00e1vel 6 em 1 recarreg\u00e1vel","description":"Experimenta o Fizzy Max 60000 com 6 sabores, bateria recarreg\u00e1vel, visor LED e at\u00e9 60.000 baforadas para uma satisfa\u00e7\u00e3o vaporizadora duradoura.","robots":{"index":"index","follow":"follow","max-snippet":"max-snippet:-1","max-image-preview":"max-image-preview:large","max-video-preview":"max-video-preview:-1"},"canonical":"https:\/\/fizzyvape.eu\/pt-pt\/produto\/fizzy-max-iii-6em1-60k-60000-puffs-vape-descartavel-recarregavel-morango-framboesa-manga-pessego-e-mirtilo-melancia-10-unidades\/","og_locale":"pt_PT","og_type":"article","og_title":"Fizzy Max III 6em1 60K 60000 Puffs Vape descart\u00e1vel recarreg\u00e1vel - Morango, framboesa, manga, p\u00eassego e mirtilo, melancia - 10 unidades","og_description":"Experimenta o Fizzy Max 60000 com 6 sabores, bateria recarreg\u00e1vel, visor LED e at\u00e9 60.000 baforadas para uma satisfa\u00e7\u00e3o vaporizadora duradoura.","og_url":"https:\/\/fizzyvape.eu\/pt-pt\/produto\/fizzy-max-iii-6em1-60k-60000-puffs-vape-descartavel-recarregavel-morango-framboesa-manga-pessego-e-mirtilo-melancia-10-unidades\/","og_site_name":"fizzyvape.eu","og_image":[{"width":800,"height":800,"url":"https:\/\/fizzyvape.eu\/wp-content\/uploads\/2025\/06\/Fizzy-Max-60000-Puffs-01.webp","type":"image\/webp"}],"twitter_card":"summary_large_image","twitter_misc":{"Disponibilidade":"Esgotado"},"schema":{"@context":"https:\/\/schema.org","@graph":[{"@type":"WebPage","@id":"https:\/\/fizzyvape.eu\/pt-pt\/produto\/fizzy-max-iii-6em1-60k-60000-puffs-vape-descartavel-recarregavel-morango-framboesa-manga-pessego-e-mirtilo-melancia-10-unidades\/","url":"https:\/\/fizzyvape.eu\/pt-pt\/produto\/fizzy-max-iii-6em1-60k-60000-puffs-vape-descartavel-recarregavel-morango-framboesa-manga-pessego-e-mirtilo-melancia-10-unidades\/","name":"Fizzy Max 60000 Puffs - Vape descart\u00e1vel 6 em 1 recarreg\u00e1vel","isPartOf":{"@id":"https:\/\/www.fizzyvape.eu\/pt-pt\/#website"},"primaryImageOfPage":{"@id":"https:\/\/fizzyvape.eu\/pt-pt\/produto\/fizzy-max-iii-6em1-60k-60000-puffs-vape-descartavel-recarregavel-morango-framboesa-manga-pessego-e-mirtilo-melancia-10-unidades\/#primaryimage"},"image":{"@id":"https:\/\/fizzyvape.eu\/pt-pt\/produto\/fizzy-max-iii-6em1-60k-60000-puffs-vape-descartavel-recarregavel-morango-framboesa-manga-pessego-e-mirtilo-melancia-10-unidades\/#primaryimage"},"thumbnailUrl":"https:\/\/fizzyvape.eu\/wp-content\/uploads\/2025\/06\/Fizzy-Max-60000-Puffs-01.webp","datePublished":"2025-06-11T02:33:11+00:00","description":"Experimenta o Fizzy Max 60000 com 6 sabores, bateria recarreg\u00e1vel, visor LED e at\u00e9 60.000 baforadas para uma satisfa\u00e7\u00e3o vaporizadora duradoura.","breadcrumb":{"@id":"https:\/\/fizzyvape.eu\/pt-pt\/produto\/fizzy-max-iii-6em1-60k-60000-puffs-vape-descartavel-recarregavel-morango-framboesa-manga-pessego-e-mirtilo-melancia-10-unidades\/#breadcrumb"},"inLanguage":"pt-PT","potentialAction":[{"@type":"ReadAction","target":["https:\/\/fizzyvape.eu\/pt-pt\/produto\/fizzy-max-iii-6em1-60k-60000-puffs-vape-descartavel-recarregavel-morango-framboesa-manga-pessego-e-mirtilo-melancia-10-unidades\/"]}]},{"@type":"ImageObject","inLanguage":"pt-PT","@id":"https:\/\/fizzyvape.eu\/pt-pt\/produto\/fizzy-max-iii-6em1-60k-60000-puffs-vape-descartavel-recarregavel-morango-framboesa-manga-pessego-e-mirtilo-melancia-10-unidades\/#primaryimage","url":"https:\/\/fizzyvape.eu\/wp-content\/uploads\/2025\/06\/Fizzy-Max-60000-Puffs-01.webp","contentUrl":"https:\/\/fizzyvape.eu\/wp-content\/uploads\/2025\/06\/Fizzy-Max-60000-Puffs-01.webp","width":800,"height":800},{"@type":"BreadcrumbList","@id":"https:\/\/fizzyvape.eu\/pt-pt\/produto\/fizzy-max-iii-6em1-60k-60000-puffs-vape-descartavel-recarregavel-morango-framboesa-manga-pessego-e-mirtilo-melancia-10-unidades\/#breadcrumb","itemListElement":[{"@type":"ListItem","position":1,"name":"Home","item":"https:\/\/fizzyvape.eu\/pt-pt\/"},{"@type":"ListItem","position":2,"name":"Shop","item":"https:\/\/www.fizzyvape.eu\/pt-pt\/shop\/"},{"@type":"ListItem","position":3,"name":"Fizzy Max III 6em1 60K 60000 Puffs Vape descart\u00e1vel recarreg\u00e1vel &#8211; Morango, framboesa, manga, p\u00eassego e mirtilo, melancia &#8211; 10 unidades"}]},{"@type":"WebSite","@id":"https:\/\/www.fizzyvape.eu\/pt-pt\/#website","url":"https:\/\/www.fizzyvape.eu\/pt-pt\/","name":"fizzyvape.eu","description":"Refreshing Vapes. Unforgettable Taste.","publisher":{"@id":"https:\/\/www.fizzyvape.eu\/pt-pt\/#organization"},"potentialAction":[{"@type":"SearchAction","target":{"@type":"EntryPoint","urlTemplate":"https:\/\/www.fizzyvape.eu\/pt-pt\/?s={search_term_string}"},"query-input":{"@type":"PropertyValueSpecification","valueRequired":true,"valueName":"search_term_string"}}],"inLanguage":"pt-PT"},{"@type":"Organization","@id":"https:\/\/www.fizzyvape.eu\/pt-pt\/#organization","name":"fizzyvape.eu","url":"https:\/\/www.fizzyvape.eu\/pt-pt\/","logo":{"@type":"ImageObject","inLanguage":"pt-PT","@id":"https:\/\/www.fizzyvape.eu\/pt-pt\/#\/schema\/logo\/image\/","url":"https:\/\/fizzyvape.eu\/wp-content\/uploads\/2019\/06\/print-1.svg","contentUrl":"https:\/\/fizzyvape.eu\/wp-content\/uploads\/2019\/06\/print-1.svg","width":124,"height":37,"caption":"fizzyvape.eu"},"image":{"@id":"https:\/\/www.fizzyvape.eu\/pt-pt\/#\/schema\/logo\/image\/"}}]},"og_availability":"out of stock","product_availability":"out of stock","product_condition":"new"},"tiered_pricing_type":"fixed","tiered_pricing_fixed_rules":[],"tiered_pricing_product_settings":{"layout":"default","base_unit_name":{"singular":null,"plural":null},"default_variation":null},"tiered_pricing_minimum_quantity":null,"tiered_pricing_roles_data":[],"tiered_pricing_percentage_rules":[],"tiered_pricing_maximum_quantity":null,"tiered_pricing_quantity_step":null,"_links":{"self":[{"href":"https:\/\/fizzyvape.eu\/pt-pt\/wp-json\/wp\/v2\/product\/32944","targetHints":{"allow":["GET"]}}],"collection":[{"href":"https:\/\/fizzyvape.eu\/pt-pt\/wp-json\/wp\/v2\/product"}],"about":[{"href":"https:\/\/fizzyvape.eu\/pt-pt\/wp-json\/wp\/v2\/types\/product"}],"replies":[{"embeddable":true,"href":"https:\/\/fizzyvape.eu\/pt-pt\/wp-json\/wp\/v2\/comments?post=32944"}],"version-history":[{"count":0,"href":"https:\/\/fizzyvape.eu\/pt-pt\/wp-json\/wp\/v2\/product\/32944\/revisions"}],"wp:featuredmedia":[{"embeddable":true,"href":"https:\/\/fizzyvape.eu\/pt-pt\/wp-json\/wp\/v2\/media\/32411"}],"wp:attachment":[{"href":"https:\/\/fizzyvape.eu\/pt-pt\/wp-json\/wp\/v2\/media?parent=32944"}],"wp:term":[{"taxonomy":"product_brand","embeddable":true,"href":"https:\/\/fizzyvape.eu\/pt-pt\/wp-json\/wp\/v2\/product_brand?post=32944"},{"taxonomy":"product_cat","embeddable":true,"href":"https:\/\/fizzyvape.eu\/pt-pt\/wp-json\/wp\/v2\/product_cat?post=32944"},{"taxonomy":"product_tag","embeddable":true,"href":"https:\/\/fizzyvape.eu\/pt-pt\/wp-json\/wp\/v2\/product_tag?post=32944"}],"curies":[{"name":"wp","href":"https:\/\/api.w.org\/{rel}","templated":true}]}}