{"id":32965,"date":"2025-06-11T10:33:21","date_gmt":"2025-06-11T02:33:21","guid":{"rendered":"https:\/\/fizzyvape.eu\/product\/fizzy-max-iii-6in1-60k-60000-puffs-vape-descartavel-recarregavel-mistura-de-frutos-silvestres-e-kiwi-maracuja-goiaba-e-morango-melancia-10pcs\/"},"modified":"2025-06-11T10:33:21","modified_gmt":"2025-06-11T02:33:21","slug":"fizzy-max-iii-6in1-60k-60000-puffs-vape-descartavel-recarregavel-mistura-de-frutos-silvestres-e-kiwi-maracuja-goiaba-e-morango-melancia-10pcs","status":"publish","type":"product","link":"https:\/\/fizzyvape.eu\/pt-pt\/produto\/fizzy-max-iii-6in1-60k-60000-puffs-vape-descartavel-recarregavel-mistura-de-frutos-silvestres-e-kiwi-maracuja-goiaba-e-morango-melancia-10pcs\/","title":{"rendered":"Fizzy Max III 6in1 60K 60000 Puffs Vape Descart\u00e1vel Recarreg\u00e1vel &#8211; Mistura de Frutos Silvestres e Kiwi Maracuj\u00e1 Goiaba e Morango Melancia &#8211; 10pcs"},"content":{"rendered":"<p><img decoding=\"async\" class=\"aligncenter\" src=\"https:\/\/fizzyvape.eu\/wp-content\/uploads\/2025\/06\/Fizzy-Max-III-6in1-60K-60000-Puffs-9-1.webp\" alt=\"Fizzy Max III 60000 Puffs 6in1 Vape Descart\u00e1vel (9)\"><\/p>\n<h2>Fizzy Max III 6-em-1 60,000 Puffs Vape Descart\u00e1vel Recarreg\u00e1vel &#8211; Bagas Mistas e Kiwi Maracuj\u00e1 Goiaba e Morango Melancia (10 unidades)<\/h2>\n<p>Descobre um mundo de sabores vibrantes com o <strong>Fizzy Max III 6 em 1<\/strong>, um vape descart\u00e1vel verdadeiramente inovador. Este pacote de 10 unidades inclui dispositivos, cada um com tr\u00eas generosas c\u00e1psulas pr\u00e9-cheias de 20 ml: <strong>Mistura de bagas<\/strong>, <strong>Kiwi Maracuj\u00e1 Goiaba<\/strong> e <strong>Morango Melancia<\/strong>. Gra\u00e7as \u00e0 boquilha rotativa inteligente, podes alternar sem esfor\u00e7o entre <strong>seis combina\u00e7\u00f5es de sabores \u00fanicas<\/strong>, proporcionando uma versatilidade inigual\u00e1vel e uma experi\u00eancia de vaporiza\u00e7\u00e3o personalizada, tudo a partir de um \u00fanico dispositivo.  <\/p>\n<h3><strong>Liberta 6 sabores num s\u00f3 vaporizador descart\u00e1vel inovador<\/strong><\/h3>\n<p>Prepara-te para uma viagem deliciosa atrav\u00e9s destes perfis de sabores habilmente elaborados:<\/p>\n<ul>\n<li><strong>Baga mista (A): <\/strong>Mistura de bagas sumarentas, doces e picantes.<\/li>\n<li><strong>Kiwi Maracuj\u00e1 Goiaba (B):<\/strong> Refrescante fus\u00e3o de frutos tropicais.<\/li>\n<li><strong>Morango Melancia (C):<\/strong> Morangos doces com melancia fresca.<\/li>\n<\/ul>\n<p><strong>Experimenta a magia dos sabores misturados:<\/strong><\/p>\n<ul>\n<li><strong>Mistura AB (Sabor Misturado): <\/strong>A do\u00e7ura dos frutos silvestres encontra o sabor tropical.<\/li>\n<li><strong>Mistura BC (Blended Flavor):<\/strong> Frutas tropicais equilibradas com morango e melancia.<\/li>\n<li><strong>Mistura CA (Sabor Misturado):<\/strong> Sabor a morango, melancia e frutos silvestres.<\/li>\n<\/ul>\n<h3><strong>Troca de sabores sem esfor\u00e7o: Basta rodar para explorar!<\/strong><\/h3>\n<p>O design inovador do Fizzy Max III permite-te alternar entre estes incr\u00edveis modos de sabor com uma facilidade sem igual. Basta levantares e rodares a boquilha para alternares entre a sequ\u00eancia de sabores: <\/p>\n<p><strong>A \u2192 Mistura AB \u2192 B \u2192 Mistura BC \u2192 C \u2192 Mistura CA<\/strong><\/p>\n<p>Percorre sem problemas os seis sabores poss\u00edveis com um design rotativo inteligente que torna a mudan\u00e7a de sabores suave e intuitiva. Est\u00e1s curioso para ver em a\u00e7\u00e3o? V\u00ea o nosso <a href=\"https:\/\/www.youtube.com\/watch?v=CoxB_HvaU3k\">v\u00eddeo<\/a> de demonstra\u00e7\u00e3o!  <\/p>\n<h3><strong>Destaques do produto: Projetado para a excel\u00eancia<\/strong><\/h3>\n<ul>\n<li><strong>Enorme 60.000 baforadas:<\/strong> Desfruta de uma longevidade excecionalmente prolongada com umas espantosas <strong>60.000 baforadas<\/strong> por dispositivo, ideal para uma vaporiza\u00e7\u00e3o a longo prazo e sem preocupa\u00e7\u00f5es.<\/li>\n<li><strong>Revolucion\u00e1rio sistema de sabores 6 em 1:<\/strong> Desbloqueia <strong>seis<\/strong> incr\u00edveis <strong>experi\u00eancias de sabor<\/strong> com apenas tr\u00eas c\u00e1psulas pr\u00e9-cheias (3 sabores simples + 3 combina\u00e7\u00f5es \u00fanicas). <strong>Um dispositivo, seis sabores distintos!<\/strong><\/li>\n<li><strong>Capacidade generosa de 60 ml de e-l\u00edquido:<\/strong> Cada dispositivo est\u00e1 equipado com <strong>60 ml de e-l\u00edquido de qualidade superior<\/strong> (atrav\u00e9s de tr\u00eas c\u00e1psulas de 20 ml), garantindo semanas de prazer saboroso sem recargas complicadas.<\/li>\n<li><strong>Poderosa bateria recarreg\u00e1vel de 850mAh (Tipo C):<\/strong> Fornece energia consistente e recarrega rapidamente atrav\u00e9s do pr\u00e1tico <strong>carregamento r\u00e1pido Tipo C<\/strong>, maximizando o teu tempo de funcionamento da vaporiza\u00e7\u00e3o.<\/li>\n<li><strong>Tecnologia de bobina de malha avan\u00e7ada:<\/strong> Experimenta um <strong>vapor<\/strong> consistentemente <strong>mais suave, um sabor mais rico<\/strong> e nuvens impressionantemente densas em cada tragada.<\/li>\n<li><strong>Visor LED inteligente:<\/strong> Monitoriza facilmente o <strong>n\u00edvel da bateria e o modo de vaporiza\u00e7\u00e3o atual<\/strong> em tempo real, colocando-te em total controlo.<\/li>\n<li><strong>For\u00e7as de nicotina optimizadas:<\/strong> Dispon\u00edvel em <strong>2% (20mg\/mL)<\/strong> para uma experi\u00eancia mais suave e satisfat\u00f3ria e <strong>5% (50mg\/mL)<\/strong> para um efeito mais forte e robusto na garganta.<\/li>\n<li><strong>Prazo de validade alargado:<\/strong> Desfruta de um prazo de validade generoso de 2 anos, garantindo frescura e qualidade.<\/li>\n<\/ul>\n<h3><strong>Fizzy Max III 6in1 60000 Puffs Vape descart\u00e1vel Lista de sabores:<\/strong><\/h3>\n<ol>\n<li><a href=\"https:\/\/fizzyvape.eu\/pt-pt\/produto\/fizzy-max-iii-6em1-60k-60000-puffs-vape-descartavel-recarregavel-morango-framboesa-manga-pessego-e-mirtilo-melancia-10-unidades\/\">Morango Framboesa e manga P\u00eassego e mirtilo Melancia<\/a><\/li>\n<li><a href=\"https:\/\/fizzyvape.eu\/pt-pt\/produto\/fizzy-max-iii-6in1-60k-60000-puffs-vape-descartavel-recarregavel-mistura-de-frutos-silvestres-e-kiwi-maracuja-goiaba-e-morango-melancia-10pcs\/\">Mistura de frutos silvestres e kiwi Maracuj\u00e1 Goiaba e morango Melancia<\/a><\/li>\n<li><a href=\"https:\/\/fizzyvape.eu\/pt-pt\/produto\/fizzy-max-iii-6em1-60k-60000-puffs-vape-descartavel-recarregavel-mirtilo-framboesa-melao-triplo-gelo-morango-10pcs\/\">Mirtilo, framboesa, mel\u00e3o triplo e gelo de morango<\/a><\/li>\n<li><a href=\"https:\/\/fizzyvape.eu\/pt-pt\/produto\/fizzy-max-iii-6in1-60k-60000-puffs-vape-descartavel-recarregavel-morango-fruta-do-dragao-red-bull-e-melancia-com-framboesa-10pcs\/\">Morango Dragon Fruit &amp; Red Bull &amp; Melancia Framboesa<\/a><\/li>\n<li><a href=\"https:\/\/fizzyvape.eu\/pt-pt\/produto\/fizzy-max-iii-6em1-60k-60000-puffs-vape-descartavel-recarregavel-morango-kiwi-mirtilo-ice-melancia-ice-10pcs\/\">Gelo de morango, kiwi e mirtilo e gelo de melancia<\/a><\/li>\n<li><a href=\"https:\/\/fizzyvape.eu\/pt-pt\/produto\/fizzy-max-iii-6em1-60k-60000-puffs-vape-descartavel-recarregavel-blueberry-ice-fizzy-cherry-raspberry-lemon-10pcs\/\">Mirtilo Gelado &amp; Cereja Fresca &amp; Framboesa Lim\u00e3o<\/a><\/li>\n<li><a href=\"https:\/\/fizzyvape.eu\/pt-pt\/produto\/fizzy-max-iii-6em1-60k-60000-puffs-vape-descartavel-recarregavel-melancia-gelo-morango-baunilha-coca-cola-e-bagas-mistas-10pcs\/\">Gelado de melancia e morango Coca-Cola de baunilha e mista<\/a><\/li>\n<li><a href=\"https:\/\/fizzyvape.eu\/pt-pt\/produto\/fizzy-max-iii-6em1-60k-60000-puffs-vape-descartavel-recarregavel-morango-uva-mirtilo-coco-pessego-limao-10pcs\/\">Morango Uva e Mirtilo Coco e P\u00eassego Lim\u00e3o<\/a><\/li>\n<li><a href=\"https:\/\/fizzyvape.eu\/pt-pt\/produto\/fizzy-max-iii-6in1-60k-60000-puffs-vape-descartavel-recarregavel-azul-razz-ice-morango-kiwi-laranja-ananas-azedo-10pcs\/\">Blue Razz Ice &amp; Morango Kiwi &amp; Laranja Anan\u00e1s Azedo<\/a><\/li>\n<li><a href=\"https:\/\/fizzyvape.eu\/pt-pt\/produto\/fizzy-max-iii-6in1-60k-60000-puffs-vape-descartavel-recarregavel-morango-melancia-lima-limao-e-mirtilo-coco-10pcs\/\">Melancia com morango e lima-lim\u00e3o e coco com mirtilo<\/a><\/li>\n<\/ol>\n<h3><strong>Estilos de vaporiza\u00e7\u00e3o para todas as prefer\u00eancias: Vape \u00e0 tua maneira!<\/strong><\/h3>\n<ul>\n<li><strong>Modo de um s\u00f3 sabor (MTL &#8211; Mouth-to-Lung):<\/strong> Desfruta de tragos suaves e controlados que imitam perfeitamente um cigarro tradicional, ideal para saborear a pureza de cada sabor individual com um trago apertado.<\/li>\n<li><strong>Modo de mistura de dois sabores (DL &#8211; Diret-Lung):<\/strong> Experimenta um maior fluxo de ar que suporta inala\u00e7\u00f5es arrojadas e de pulm\u00e3o direto com um vapor rico e misturas de sabores complexas e em camadas &#8211; perfeito para os ca\u00e7adores de nuvens e para aqueles que procuram uma batida mais intensa.<\/li>\n<\/ul>\n<h3><strong>Porqu\u00ea escolher Fizzy Max III 6 em 1?<\/strong><\/h3>\n<ul>\n<li><strong>Roda o sabor sem esfor\u00e7o:<\/strong> Alterna entre 6 sabores fant\u00e1sticos instantaneamente com um simples toque, sem necessidade de transportar v\u00e1rios vapes ou c\u00e1psulas.<\/li>\n<li><strong>Longevidade sem igual:<\/strong> Obt\u00e9m um valor e uma conveni\u00eancia incr\u00edveis com um <strong>n\u00famero de baforadas ultra elevado<\/strong> e uma <strong>bateria recarreg\u00e1vel de longa dura\u00e7\u00e3o<\/strong>.<\/li>\n<li><strong>Versatilidade tudo-em-um:<\/strong> Seis sabores \u00fanicos reunidos num dispositivo compacto e recarreg\u00e1vel, oferecendo total flexibilidade de sabores em qualquer lugar.<\/li>\n<li><strong>Envio r\u00e1pido para a Europa:<\/strong> Recebe a tua encomenda rapidamente do nosso armaz\u00e9m na UE, garantindo uma entrega r\u00e1pida e sem atrasos na alf\u00e2ndega.<\/li>\n<\/ul>\n<h3><strong>Perguntas frequentes &#8211; Fizzy Max III 6 em 1 60.000 baforadas Vape descart\u00e1vel<\/strong><\/h3>\n<p><strong>1. Quantas baforadas d\u00e1 o Fizzy Max III 6 em 1?<\/strong> O Fizzy Max III oferece um impressionante n\u00famero <strong>de baforadas de at\u00e9 60.000<\/strong>, gra\u00e7as \u00e0 sua substancial capacidade de 60mL de e-l\u00edquido, ao avan\u00e7ado sistema de bobina de malha e \u00e0 potente bateria recarreg\u00e1vel de 850mAh, tornando-o ideal para uma utiliza\u00e7\u00e3o a longo prazo.<\/p>\n<p><strong>2. Podes alternar entre diferentes sabores com este vape descart\u00e1vel?<\/strong>  Sim, sem d\u00favida! Basta levantares <strong>e rodares o bocal<\/strong> para passares sem esfor\u00e7o por seis combina\u00e7\u00f5es de sabores diferentes &#8211; 3 sabores individuais e 3 misturas \u00fanicas &#8211; tudo sem mudares de c\u00e1psulas. <\/p>\n<p><strong>3. O Fizzy Max III \u00e9 recarreg\u00e1vel?<\/strong>  Podes crer! O dispositivo inclui uma bateria recarreg\u00e1vel de 850mAh com um pr\u00e1tico <strong>carregamento r\u00e1pido Tipo C<\/strong> para uma utiliza\u00e7\u00e3o prolongada e para garantir que desfrutas de cada tragada. <\/p>\n<p><strong>4. O Fizzy Max III \u00e9 adequado para os estilos de vaporiza\u00e7\u00e3o MTL e DL?<\/strong>  Podes crer! Suporta tanto o modo <strong>boca-a-pulm\u00e3o (MTL)<\/strong> para uma extra\u00e7\u00e3o suave e controlada no modo de sabor \u00fanico, como o modo <strong>de pulm\u00e3o direto (DL)<\/strong>, que se ativa com os sabores mistos, para nuvens maiores e sabores mais arrojados e complexos. <\/p>\n","protected":false},"excerpt":{"rendered":"<p>Experimenta a versatilidade dos sabores 6 em 1 e at\u00e9 60.000 baforadas com o Fizzy Max III &#8211; um vape descart\u00e1vel recarreg\u00e1vel com um enorme e-l\u00edquido de 60 ml, uma bobina de rede suave e uma f\u00e1cil rota\u00e7\u00e3o de sabores.<\/p>\n","protected":false},"featured_media":32420,"comment_status":"open","ping_status":"closed","template":"","meta":{"iawp_total_views":1},"product_brand":[],"product_cat":[590],"product_tag":[621,618,620,619],"class_list":{"0":"post-32965","1":"product","2":"type-product","3":"status-publish","4":"has-post-thumbnail","6":"product_cat-max-iii-6in1-60k-60000-puffs-rechargeable-disposable-vape-pt-pt","7":"product_tag-6-sabores-num-so-dispositivo","8":"product_tag-60000-puffs-pt-pt","9":"product_tag-recarregavel","10":"product_tag-vape-descartavel","12":"first","13":"outofstock","14":"sale","15":"shipping-taxable","16":"purchasable","17":"product-type-variable"},"yoast_head":"<!-- This site is optimized with the Yoast SEO Premium plugin v24.8 (Yoast SEO v24.8) - https:\/\/yoast.com\/wordpress\/plugins\/seo\/ -->\n<title>Vape descart\u00e1vel recarreg\u00e1vel - Fizzy 6in1 60000 Puffs Device<\/title>\n<meta name=\"description\" content=\"Explora o Fizzy Max III Rechargeable Disposable Vape com 6 sabores, 60000 baforadas, 60mL de e-l\u00edquido, bobina de malha e bateria Type-C de 850mAh.\" \/>\n<meta name=\"robots\" content=\"index, follow, max-snippet:-1, max-image-preview:large, max-video-preview:-1\" \/>\n<link rel=\"canonical\" href=\"https:\/\/fizzyvape.eu\/pt-pt\/produto\/fizzy-max-iii-6in1-60k-60000-puffs-vape-descartavel-recarregavel-mistura-de-frutos-silvestres-e-kiwi-maracuja-goiaba-e-morango-melancia-10pcs\/\" \/>\n<meta property=\"og:locale\" content=\"pt_PT\" \/>\n<meta property=\"og:type\" content=\"article\" \/>\n<meta property=\"og:title\" content=\"Fizzy Max III 6in1 60K 60000 Puffs Vape Descart\u00e1vel Recarreg\u00e1vel - Mistura de Frutos Silvestres e Kiwi Maracuj\u00e1 Goiaba e Morango Melancia - 10pcs\" \/>\n<meta property=\"og:description\" content=\"Explora o Fizzy Max III Rechargeable Disposable Vape com 6 sabores, 60000 baforadas, 60mL de e-l\u00edquido, bobina de malha e bateria Type-C de 850mAh.\" \/>\n<meta property=\"og:url\" content=\"https:\/\/fizzyvape.eu\/pt-pt\/produto\/fizzy-max-iii-6in1-60k-60000-puffs-vape-descartavel-recarregavel-mistura-de-frutos-silvestres-e-kiwi-maracuja-goiaba-e-morango-melancia-10pcs\/\" \/>\n<meta property=\"og:site_name\" content=\"fizzyvape.eu\" \/>\n<meta property=\"og:image\" content=\"https:\/\/fizzyvape.eu\/wp-content\/uploads\/2025\/06\/Fizzy-Max-60000-Puffs-02.webp\" \/>\n\t<meta property=\"og:image:width\" content=\"800\" \/>\n\t<meta property=\"og:image:height\" content=\"800\" \/>\n\t<meta property=\"og:image:type\" content=\"image\/webp\" \/>\n<meta name=\"twitter:card\" content=\"summary_large_image\" \/>\n<meta name=\"twitter:label1\" content=\"Disponibilidade\" \/>\n\t<meta name=\"twitter:data1\" content=\"Esgotado\" \/>\n<script type=\"application\/ld+json\" class=\"yoast-schema-graph\">{\"@context\":\"https:\/\/schema.org\",\"@graph\":[{\"@type\":\"WebPage\",\"@id\":\"https:\/\/fizzyvape.eu\/pt-pt\/produto\/fizzy-max-iii-6in1-60k-60000-puffs-vape-descartavel-recarregavel-mistura-de-frutos-silvestres-e-kiwi-maracuja-goiaba-e-morango-melancia-10pcs\/\",\"url\":\"https:\/\/fizzyvape.eu\/pt-pt\/produto\/fizzy-max-iii-6in1-60k-60000-puffs-vape-descartavel-recarregavel-mistura-de-frutos-silvestres-e-kiwi-maracuja-goiaba-e-morango-melancia-10pcs\/\",\"name\":\"Vape descart\u00e1vel recarreg\u00e1vel - Fizzy 6in1 60000 Puffs Device\",\"isPartOf\":{\"@id\":\"https:\/\/www.fizzyvape.eu\/pt-pt\/#website\"},\"primaryImageOfPage\":{\"@id\":\"https:\/\/fizzyvape.eu\/pt-pt\/produto\/fizzy-max-iii-6in1-60k-60000-puffs-vape-descartavel-recarregavel-mistura-de-frutos-silvestres-e-kiwi-maracuja-goiaba-e-morango-melancia-10pcs\/#primaryimage\"},\"image\":{\"@id\":\"https:\/\/fizzyvape.eu\/pt-pt\/produto\/fizzy-max-iii-6in1-60k-60000-puffs-vape-descartavel-recarregavel-mistura-de-frutos-silvestres-e-kiwi-maracuja-goiaba-e-morango-melancia-10pcs\/#primaryimage\"},\"thumbnailUrl\":\"https:\/\/fizzyvape.eu\/wp-content\/uploads\/2025\/06\/Fizzy-Max-60000-Puffs-02.webp\",\"datePublished\":\"2025-06-11T02:33:21+00:00\",\"description\":\"Explora o Fizzy Max III Rechargeable Disposable Vape com 6 sabores, 60000 baforadas, 60mL de e-l\u00edquido, bobina de malha e bateria Type-C de 850mAh.\",\"breadcrumb\":{\"@id\":\"https:\/\/fizzyvape.eu\/pt-pt\/produto\/fizzy-max-iii-6in1-60k-60000-puffs-vape-descartavel-recarregavel-mistura-de-frutos-silvestres-e-kiwi-maracuja-goiaba-e-morango-melancia-10pcs\/#breadcrumb\"},\"inLanguage\":\"pt-PT\",\"potentialAction\":[{\"@type\":\"ReadAction\",\"target\":[\"https:\/\/fizzyvape.eu\/pt-pt\/produto\/fizzy-max-iii-6in1-60k-60000-puffs-vape-descartavel-recarregavel-mistura-de-frutos-silvestres-e-kiwi-maracuja-goiaba-e-morango-melancia-10pcs\/\"]}]},{\"@type\":\"ImageObject\",\"inLanguage\":\"pt-PT\",\"@id\":\"https:\/\/fizzyvape.eu\/pt-pt\/produto\/fizzy-max-iii-6in1-60k-60000-puffs-vape-descartavel-recarregavel-mistura-de-frutos-silvestres-e-kiwi-maracuja-goiaba-e-morango-melancia-10pcs\/#primaryimage\",\"url\":\"https:\/\/fizzyvape.eu\/wp-content\/uploads\/2025\/06\/Fizzy-Max-60000-Puffs-02.webp\",\"contentUrl\":\"https:\/\/fizzyvape.eu\/wp-content\/uploads\/2025\/06\/Fizzy-Max-60000-Puffs-02.webp\",\"width\":800,\"height\":800},{\"@type\":\"BreadcrumbList\",\"@id\":\"https:\/\/fizzyvape.eu\/pt-pt\/produto\/fizzy-max-iii-6in1-60k-60000-puffs-vape-descartavel-recarregavel-mistura-de-frutos-silvestres-e-kiwi-maracuja-goiaba-e-morango-melancia-10pcs\/#breadcrumb\",\"itemListElement\":[{\"@type\":\"ListItem\",\"position\":1,\"name\":\"Home\",\"item\":\"https:\/\/fizzyvape.eu\/pt-pt\/\"},{\"@type\":\"ListItem\",\"position\":2,\"name\":\"Shop\",\"item\":\"https:\/\/www.fizzyvape.eu\/pt-pt\/shop\/\"},{\"@type\":\"ListItem\",\"position\":3,\"name\":\"Fizzy Max III 6in1 60K 60000 Puffs Vape Descart\u00e1vel Recarreg\u00e1vel &#8211; Mistura de Frutos Silvestres e Kiwi Maracuj\u00e1 Goiaba e Morango Melancia &#8211; 10pcs\"}]},{\"@type\":\"WebSite\",\"@id\":\"https:\/\/www.fizzyvape.eu\/pt-pt\/#website\",\"url\":\"https:\/\/www.fizzyvape.eu\/pt-pt\/\",\"name\":\"fizzyvape.eu\",\"description\":\"Refreshing Vapes. Unforgettable Taste.\",\"publisher\":{\"@id\":\"https:\/\/www.fizzyvape.eu\/pt-pt\/#organization\"},\"potentialAction\":[{\"@type\":\"SearchAction\",\"target\":{\"@type\":\"EntryPoint\",\"urlTemplate\":\"https:\/\/www.fizzyvape.eu\/pt-pt\/?s={search_term_string}\"},\"query-input\":{\"@type\":\"PropertyValueSpecification\",\"valueRequired\":true,\"valueName\":\"search_term_string\"}}],\"inLanguage\":\"pt-PT\"},{\"@type\":\"Organization\",\"@id\":\"https:\/\/www.fizzyvape.eu\/pt-pt\/#organization\",\"name\":\"fizzyvape.eu\",\"url\":\"https:\/\/www.fizzyvape.eu\/pt-pt\/\",\"logo\":{\"@type\":\"ImageObject\",\"inLanguage\":\"pt-PT\",\"@id\":\"https:\/\/www.fizzyvape.eu\/pt-pt\/#\/schema\/logo\/image\/\",\"url\":\"https:\/\/fizzyvape.eu\/wp-content\/uploads\/2019\/06\/print-1.svg\",\"contentUrl\":\"https:\/\/fizzyvape.eu\/wp-content\/uploads\/2019\/06\/print-1.svg\",\"width\":124,\"height\":37,\"caption\":\"fizzyvape.eu\"},\"image\":{\"@id\":\"https:\/\/www.fizzyvape.eu\/pt-pt\/#\/schema\/logo\/image\/\"}}]}<\/script>\n<meta property=\"og:availability\" content=\"out of stock\" \/>\n<meta property=\"product:availability\" content=\"out of stock\" \/>\n<meta property=\"product:condition\" content=\"new\" \/>\n<!-- \/ Yoast SEO Premium plugin. -->","yoast_head_json":{"title":"Vape descart\u00e1vel recarreg\u00e1vel - Fizzy 6in1 60000 Puffs Device","description":"Explora o Fizzy Max III Rechargeable Disposable Vape com 6 sabores, 60000 baforadas, 60mL de e-l\u00edquido, bobina de malha e bateria Type-C de 850mAh.","robots":{"index":"index","follow":"follow","max-snippet":"max-snippet:-1","max-image-preview":"max-image-preview:large","max-video-preview":"max-video-preview:-1"},"canonical":"https:\/\/fizzyvape.eu\/pt-pt\/produto\/fizzy-max-iii-6in1-60k-60000-puffs-vape-descartavel-recarregavel-mistura-de-frutos-silvestres-e-kiwi-maracuja-goiaba-e-morango-melancia-10pcs\/","og_locale":"pt_PT","og_type":"article","og_title":"Fizzy Max III 6in1 60K 60000 Puffs Vape Descart\u00e1vel Recarreg\u00e1vel - Mistura de Frutos Silvestres e Kiwi Maracuj\u00e1 Goiaba e Morango Melancia - 10pcs","og_description":"Explora o Fizzy Max III Rechargeable Disposable Vape com 6 sabores, 60000 baforadas, 60mL de e-l\u00edquido, bobina de malha e bateria Type-C de 850mAh.","og_url":"https:\/\/fizzyvape.eu\/pt-pt\/produto\/fizzy-max-iii-6in1-60k-60000-puffs-vape-descartavel-recarregavel-mistura-de-frutos-silvestres-e-kiwi-maracuja-goiaba-e-morango-melancia-10pcs\/","og_site_name":"fizzyvape.eu","og_image":[{"width":800,"height":800,"url":"https:\/\/fizzyvape.eu\/wp-content\/uploads\/2025\/06\/Fizzy-Max-60000-Puffs-02.webp","type":"image\/webp"}],"twitter_card":"summary_large_image","twitter_misc":{"Disponibilidade":"Esgotado"},"schema":{"@context":"https:\/\/schema.org","@graph":[{"@type":"WebPage","@id":"https:\/\/fizzyvape.eu\/pt-pt\/produto\/fizzy-max-iii-6in1-60k-60000-puffs-vape-descartavel-recarregavel-mistura-de-frutos-silvestres-e-kiwi-maracuja-goiaba-e-morango-melancia-10pcs\/","url":"https:\/\/fizzyvape.eu\/pt-pt\/produto\/fizzy-max-iii-6in1-60k-60000-puffs-vape-descartavel-recarregavel-mistura-de-frutos-silvestres-e-kiwi-maracuja-goiaba-e-morango-melancia-10pcs\/","name":"Vape descart\u00e1vel recarreg\u00e1vel - Fizzy 6in1 60000 Puffs Device","isPartOf":{"@id":"https:\/\/www.fizzyvape.eu\/pt-pt\/#website"},"primaryImageOfPage":{"@id":"https:\/\/fizzyvape.eu\/pt-pt\/produto\/fizzy-max-iii-6in1-60k-60000-puffs-vape-descartavel-recarregavel-mistura-de-frutos-silvestres-e-kiwi-maracuja-goiaba-e-morango-melancia-10pcs\/#primaryimage"},"image":{"@id":"https:\/\/fizzyvape.eu\/pt-pt\/produto\/fizzy-max-iii-6in1-60k-60000-puffs-vape-descartavel-recarregavel-mistura-de-frutos-silvestres-e-kiwi-maracuja-goiaba-e-morango-melancia-10pcs\/#primaryimage"},"thumbnailUrl":"https:\/\/fizzyvape.eu\/wp-content\/uploads\/2025\/06\/Fizzy-Max-60000-Puffs-02.webp","datePublished":"2025-06-11T02:33:21+00:00","description":"Explora o Fizzy Max III Rechargeable Disposable Vape com 6 sabores, 60000 baforadas, 60mL de e-l\u00edquido, bobina de malha e bateria Type-C de 850mAh.","breadcrumb":{"@id":"https:\/\/fizzyvape.eu\/pt-pt\/produto\/fizzy-max-iii-6in1-60k-60000-puffs-vape-descartavel-recarregavel-mistura-de-frutos-silvestres-e-kiwi-maracuja-goiaba-e-morango-melancia-10pcs\/#breadcrumb"},"inLanguage":"pt-PT","potentialAction":[{"@type":"ReadAction","target":["https:\/\/fizzyvape.eu\/pt-pt\/produto\/fizzy-max-iii-6in1-60k-60000-puffs-vape-descartavel-recarregavel-mistura-de-frutos-silvestres-e-kiwi-maracuja-goiaba-e-morango-melancia-10pcs\/"]}]},{"@type":"ImageObject","inLanguage":"pt-PT","@id":"https:\/\/fizzyvape.eu\/pt-pt\/produto\/fizzy-max-iii-6in1-60k-60000-puffs-vape-descartavel-recarregavel-mistura-de-frutos-silvestres-e-kiwi-maracuja-goiaba-e-morango-melancia-10pcs\/#primaryimage","url":"https:\/\/fizzyvape.eu\/wp-content\/uploads\/2025\/06\/Fizzy-Max-60000-Puffs-02.webp","contentUrl":"https:\/\/fizzyvape.eu\/wp-content\/uploads\/2025\/06\/Fizzy-Max-60000-Puffs-02.webp","width":800,"height":800},{"@type":"BreadcrumbList","@id":"https:\/\/fizzyvape.eu\/pt-pt\/produto\/fizzy-max-iii-6in1-60k-60000-puffs-vape-descartavel-recarregavel-mistura-de-frutos-silvestres-e-kiwi-maracuja-goiaba-e-morango-melancia-10pcs\/#breadcrumb","itemListElement":[{"@type":"ListItem","position":1,"name":"Home","item":"https:\/\/fizzyvape.eu\/pt-pt\/"},{"@type":"ListItem","position":2,"name":"Shop","item":"https:\/\/www.fizzyvape.eu\/pt-pt\/shop\/"},{"@type":"ListItem","position":3,"name":"Fizzy Max III 6in1 60K 60000 Puffs Vape Descart\u00e1vel Recarreg\u00e1vel &#8211; Mistura de Frutos Silvestres e Kiwi Maracuj\u00e1 Goiaba e Morango Melancia &#8211; 10pcs"}]},{"@type":"WebSite","@id":"https:\/\/www.fizzyvape.eu\/pt-pt\/#website","url":"https:\/\/www.fizzyvape.eu\/pt-pt\/","name":"fizzyvape.eu","description":"Refreshing Vapes. Unforgettable Taste.","publisher":{"@id":"https:\/\/www.fizzyvape.eu\/pt-pt\/#organization"},"potentialAction":[{"@type":"SearchAction","target":{"@type":"EntryPoint","urlTemplate":"https:\/\/www.fizzyvape.eu\/pt-pt\/?s={search_term_string}"},"query-input":{"@type":"PropertyValueSpecification","valueRequired":true,"valueName":"search_term_string"}}],"inLanguage":"pt-PT"},{"@type":"Organization","@id":"https:\/\/www.fizzyvape.eu\/pt-pt\/#organization","name":"fizzyvape.eu","url":"https:\/\/www.fizzyvape.eu\/pt-pt\/","logo":{"@type":"ImageObject","inLanguage":"pt-PT","@id":"https:\/\/www.fizzyvape.eu\/pt-pt\/#\/schema\/logo\/image\/","url":"https:\/\/fizzyvape.eu\/wp-content\/uploads\/2019\/06\/print-1.svg","contentUrl":"https:\/\/fizzyvape.eu\/wp-content\/uploads\/2019\/06\/print-1.svg","width":124,"height":37,"caption":"fizzyvape.eu"},"image":{"@id":"https:\/\/www.fizzyvape.eu\/pt-pt\/#\/schema\/logo\/image\/"}}]},"og_availability":"out of stock","product_availability":"out of stock","product_condition":"new"},"tiered_pricing_type":"fixed","tiered_pricing_fixed_rules":[],"tiered_pricing_product_settings":{"layout":"default","base_unit_name":{"singular":null,"plural":null},"default_variation":null},"tiered_pricing_minimum_quantity":null,"tiered_pricing_roles_data":[],"tiered_pricing_percentage_rules":[],"tiered_pricing_maximum_quantity":null,"tiered_pricing_quantity_step":null,"_links":{"self":[{"href":"https:\/\/fizzyvape.eu\/pt-pt\/wp-json\/wp\/v2\/product\/32965","targetHints":{"allow":["GET"]}}],"collection":[{"href":"https:\/\/fizzyvape.eu\/pt-pt\/wp-json\/wp\/v2\/product"}],"about":[{"href":"https:\/\/fizzyvape.eu\/pt-pt\/wp-json\/wp\/v2\/types\/product"}],"replies":[{"embeddable":true,"href":"https:\/\/fizzyvape.eu\/pt-pt\/wp-json\/wp\/v2\/comments?post=32965"}],"version-history":[{"count":0,"href":"https:\/\/fizzyvape.eu\/pt-pt\/wp-json\/wp\/v2\/product\/32965\/revisions"}],"wp:featuredmedia":[{"embeddable":true,"href":"https:\/\/fizzyvape.eu\/pt-pt\/wp-json\/wp\/v2\/media\/32420"}],"wp:attachment":[{"href":"https:\/\/fizzyvape.eu\/pt-pt\/wp-json\/wp\/v2\/media?parent=32965"}],"wp:term":[{"taxonomy":"product_brand","embeddable":true,"href":"https:\/\/fizzyvape.eu\/pt-pt\/wp-json\/wp\/v2\/product_brand?post=32965"},{"taxonomy":"product_cat","embeddable":true,"href":"https:\/\/fizzyvape.eu\/pt-pt\/wp-json\/wp\/v2\/product_cat?post=32965"},{"taxonomy":"product_tag","embeddable":true,"href":"https:\/\/fizzyvape.eu\/pt-pt\/wp-json\/wp\/v2\/product_tag?post=32965"}],"curies":[{"name":"wp","href":"https:\/\/api.w.org\/{rel}","templated":true}]}}