{"id":32992,"date":"2025-06-11T10:33:56","date_gmt":"2025-06-11T02:33:56","guid":{"rendered":"https:\/\/fizzyvape.eu\/product\/fizzy-max-iii-6em1-60k-60000-puffs-vape-descartavel-recarregavel-blueberry-ice-fizzy-cherry-raspberry-lemon-10pcs\/"},"modified":"2025-06-11T10:33:56","modified_gmt":"2025-06-11T02:33:56","slug":"fizzy-max-iii-6em1-60k-60000-puffs-vape-descartavel-recarregavel-blueberry-ice-fizzy-cherry-raspberry-lemon-10pcs","status":"publish","type":"product","link":"https:\/\/fizzyvape.eu\/pt-pt\/produto\/fizzy-max-iii-6em1-60k-60000-puffs-vape-descartavel-recarregavel-blueberry-ice-fizzy-cherry-raspberry-lemon-10pcs\/","title":{"rendered":"Fizzy Max III 6em1 60K 60000 Puffs Vape descart\u00e1vel recarreg\u00e1vel &#8211; Blueberry Ice &amp; Fizzy Cherry &amp; Raspberry Lemon &#8211; 10pcs"},"content":{"rendered":"<h1><img decoding=\"async\" class=\"aligncenter\" src=\"https:\/\/fizzyvape.eu\/wp-content\/uploads\/2025\/06\/Fizzy-Max-III-6in1-60K-60000-Puffs-5-1.webp\" alt=\"Fizzy Max III 60000 Puffs 6in1 Recarreg\u00e1vel Descart\u00e1vel Vape Atacado (5)\"><\/h1>\n<h1>Fizzy Max III 6em1 60K 60000 Puffs Vape descart\u00e1vel recarreg\u00e1vel &#8211; Blueberry Ice &amp; Fizzy Cherry &amp; Raspberry Lemon &#8211; 10pcs<\/h1>\n<h3><strong>60.000 baforadas &#8211; 6 sabores &#8211; Recarreg\u00e1vel &#8211; Descart\u00e1vel<\/strong><\/h3>\n<p><strong>Descobre a pr\u00f3xima gera\u00e7\u00e3o de vaporizadores descart\u00e1veis com uma enorme capacidade de vaporiza\u00e7\u00e3o, rota\u00e7\u00e3o de v\u00e1rios sabores e tecnologia avan\u00e7ada num \u00fanico dispositivo elegante.<\/strong><br \/>\nO Fizzy Max III 6em1 combina tr\u00eas c\u00e1psulas de e-l\u00edquido de 20 ml de qualidade superior &#8211; Blueberry Ice, Fizzy Cherry e Raspberry Lemon &#8211; numa \u00fanica unidade. Gra\u00e7as \u00e0 boquilha rotativa inteligente, podes aceder instantaneamente a seis perfis de sabores sem teres de mudar de c\u00e1psula ou recarregar. <\/p>\n<h2>Modos de sabor:<\/h2>\n<ul>\n<li><strong>A: Blueberry Ice<\/strong> &#8211; Mirtilo doce e gelado com um final crocante<\/li>\n<li><strong>B: Fizzy Cherry<\/strong> &#8211; Refrigerante de cereja com um toque efervescente<\/li>\n<li><strong>C: Raspberry Lemon<\/strong> &#8211; Fus\u00e3o de framboesa e lim\u00e3o, brilhante e picante<\/li>\n<li><strong>Mix AB<\/strong> &#8211; Fervura de mirtilo e cereja com um ponche fresco<\/li>\n<li><strong>Mix BC<\/strong> &#8211; Explos\u00e3o de cereja c\u00edtrica efervescente<\/li>\n<li><strong>Mix CA<\/strong> &#8211; Limonada de frutos silvestres fresca<\/li>\n<\/ul>\n<p>Ordem de troca de sabores:<\/p>\n<p><strong>A \u2192 Mistura AB \u2192 B \u2192 Mistura BC \u2192 C \u2192 Mistura CA<\/strong><\/p>\n<p>Basta levantar e rodar a boquilha para alternar suavemente entre modos. V\u00ea como funciona no nosso <a href=\"https:\/\/www.youtube.com\/watch?v=CoxB_HvaU3k\">v\u00eddeo de demonstra\u00e7\u00e3o<\/a>. <\/p>\n<h2>Destaques do produto<\/h2>\n<ul>\n<li><strong>At\u00e9 60.000 baforadas por dispositivo<\/strong><\/li>\n<li><strong>6 experi\u00eancias de sabor (3 modos simples + 3 modos mistos)<\/strong><\/li>\n<li><strong>Total de l\u00edquido eletr\u00f3nico: 60 ml (3 c\u00e1psulas de 20 ml)<\/strong><\/li>\n<li><strong>Intensidades de nicotina: 2% \/ 5%<\/strong><\/li>\n<li><strong>Bateria: 850mAh Recarreg\u00e1vel atrav\u00e9s de USB Tipo C<\/strong><\/li>\n<li><strong>Bobina de malha: Sabor rico, vapor mais suave<\/strong><\/li>\n<li><strong>Ecr\u00e3 LED: Mostra o estado da bateria e do modo<\/strong><\/li>\n<li><strong>Dura\u00e7\u00e3o da conserva\u00e7\u00e3o: At\u00e9 2 anos<\/strong><\/li>\n<\/ul>\n<h3><strong>Fizzy Max III 6in1 60000 Puffs Vape descart\u00e1vel Lista de sabores:<\/strong><\/h3>\n<ol>\n<li><a href=\"https:\/\/fizzyvape.eu\/pt-pt\/produto\/fizzy-max-iii-6em1-60k-60000-puffs-vape-descartavel-recarregavel-morango-framboesa-manga-pessego-e-mirtilo-melancia-10-unidades\/\">Morango Framboesa e manga P\u00eassego e mirtilo Melancia<\/a><\/li>\n<li><a href=\"https:\/\/fizzyvape.eu\/pt-pt\/produto\/fizzy-max-iii-6in1-60k-60000-puffs-vape-descartavel-recarregavel-mistura-de-frutos-silvestres-e-kiwi-maracuja-goiaba-e-morango-melancia-10pcs\/\">Mistura de frutos silvestres e kiwi Maracuj\u00e1 Goiaba e morango Melancia<\/a><\/li>\n<li><a href=\"https:\/\/fizzyvape.eu\/pt-pt\/produto\/fizzy-max-iii-6em1-60k-60000-puffs-vape-descartavel-recarregavel-mirtilo-framboesa-melao-triplo-gelo-morango-10pcs\/\">Mirtilo, framboesa, mel\u00e3o triplo e gelo de morango<\/a><\/li>\n<li><a href=\"https:\/\/fizzyvape.eu\/pt-pt\/produto\/fizzy-max-iii-6in1-60k-60000-puffs-vape-descartavel-recarregavel-morango-fruta-do-dragao-red-bull-e-melancia-com-framboesa-10pcs\/\">Morango Dragon Fruit &amp; Red Bull &amp; Melancia Framboesa<\/a><\/li>\n<li><a href=\"https:\/\/fizzyvape.eu\/pt-pt\/produto\/fizzy-max-iii-6em1-60k-60000-puffs-vape-descartavel-recarregavel-morango-kiwi-mirtilo-ice-melancia-ice-10pcs\/\">Gelo de morango, kiwi e mirtilo e gelo de melancia<\/a><\/li>\n<li><a href=\"https:\/\/fizzyvape.eu\/pt-pt\/produto\/fizzy-max-iii-6em1-60k-60000-puffs-vape-descartavel-recarregavel-blueberry-ice-fizzy-cherry-raspberry-lemon-10pcs\/\">Mirtilo Gelado &amp; Cereja Fresca &amp; Framboesa Lim\u00e3o<\/a><\/li>\n<li><a href=\"https:\/\/fizzyvape.eu\/pt-pt\/produto\/fizzy-max-iii-6em1-60k-60000-puffs-vape-descartavel-recarregavel-melancia-gelo-morango-baunilha-coca-cola-e-bagas-mistas-10pcs\/\">Gelado de melancia e morango Coca-Cola de baunilha e mista<\/a><\/li>\n<li><a href=\"https:\/\/fizzyvape.eu\/pt-pt\/produto\/fizzy-max-iii-6em1-60k-60000-puffs-vape-descartavel-recarregavel-morango-uva-mirtilo-coco-pessego-limao-10pcs\/\">Morango Uva e Mirtilo Coco e P\u00eassego Lim\u00e3o<\/a><\/li>\n<li><a href=\"https:\/\/fizzyvape.eu\/pt-pt\/produto\/fizzy-max-iii-6in1-60k-60000-puffs-vape-descartavel-recarregavel-azul-razz-ice-morango-kiwi-laranja-ananas-azedo-10pcs\/\">Blue Razz Ice &amp; Morango Kiwi &amp; Laranja Anan\u00e1s Azedo<\/a><\/li>\n<li><a href=\"https:\/\/fizzyvape.eu\/pt-pt\/produto\/fizzy-max-iii-6in1-60k-60000-puffs-vape-descartavel-recarregavel-morango-melancia-lima-limao-e-mirtilo-coco-10pcs\/\">Melancia com morango e lima-lim\u00e3o e coco com mirtilo<\/a><\/li>\n<\/ol>\n<h3><strong>Para todos os estilos de vaporiza\u00e7\u00e3o<\/strong><\/h3>\n<ul>\n<li><strong>MTL &#8211; Mouth-To-Lung (sabor \u00fanico):<\/strong> Tira suavemente com um sabor limpo, \u00f3timo para inalar ao estilo de um cigarro.<\/li>\n<li><strong>DL &#8211; Diret-Lung (modo de mistura dupla):<\/strong> Nuvens arrojadas e camadas de sabor complexas, ideais para um fluxo de ar elevado e inspira\u00e7\u00f5es mais profundas.<\/li>\n<\/ul>\n<h2>Porqu\u00ea escolher Fizzy Max III 6em1?<\/h2>\n<ul>\n<li>Enorme <strong>capacidade de 60.000 puffs<\/strong><\/li>\n<li><strong>6 sabores num s\u00f3 aparelho<\/strong> &#8211; uma variedade imbat\u00edvel<\/li>\n<li>Recarreg\u00e1vel com <strong>Type-C<\/strong> e ecr\u00e3 LED intuitivo<\/li>\n<li><strong>Bocal rotativo inteligente<\/strong> para mudares instantaneamente de sabor<\/li>\n<li>Envio r\u00e1pido da Europa &#8211; <strong>sem problemas com a alf\u00e2ndega<\/strong><\/li>\n<\/ul>\n<h3>O que tens na caixa<\/h3>\n<ul>\n<li>10 Dispositivos descart\u00e1veis por embalagem<\/li>\n<li>Cada dispositivo inclui 3 c\u00e1psulas pr\u00e9-cheias (total 60mL)<\/li>\n<li>Selado individualmente &#8211; \u00e0 prova de fugas e de poeiras<\/li>\n<li>Envio direto da Europa &#8211; <strong>sem atrasos na alf\u00e2ndega<\/strong><\/li>\n<\/ul>\n<h3><strong>Perguntas e Respostas &#8211; Fizzy Max III 6in1 60K Vape Descart\u00e1vel<\/strong><\/h3>\n<p><strong>  Quantos sabores existem em cada dispositivo?<\/strong><br \/>\nCada dispositivo inclui 3 c\u00e1psulas de sabor \u00fanico e 3 modos de mistura, proporcionando-te um total de 6 experi\u00eancias de sabor atrav\u00e9s da rota\u00e7\u00e3o.<\/p>\n<p><strong>Posso recarreg\u00e1-lo?<\/strong><br \/>\nSim. Tem uma bateria de 850mAh incorporada e suporta carregamento r\u00e1pido atrav\u00e9s de USB Type-C. <\/p>\n<p><strong>Como \u00e9 que mudo de sabor?<\/strong><br \/>\nBasta levantar e rodar a boquilha. O mecanismo inteligente percorre os seis modos: A \u2192 mistura AB \u2192 B \u2192 mistura BC \u2192 C \u2192 mistura CA. <\/p>\n<p><strong>\u00c9 f\u00e1cil para os principiantes?<\/strong><br \/>\nPodes crer. N\u00e3o \u00e9 necess\u00e1rio reabastecer, nem trocar c\u00e1psulas &#8211; basta rodar e vaporizar. \u00c9 perfeito tanto para principiantes como para utilizadores experientes.  <\/p>\n","protected":false},"excerpt":{"rendered":"<p>O Fizzy Max III 6in1 \u00e9 um potente vape descart\u00e1vel recarreg\u00e1vel que oferece <strong>6 modos de sabor<\/strong>, <strong>60 ml de e-l\u00edquido<\/strong> e <strong>at\u00e9 60 000 baforadas<\/strong>. Equipado com um <strong>bocal rotativo<\/strong>, <strong>ecr\u00e3 LED<\/strong>, <strong>carregamento USB-C<\/strong>, <strong data-is-only-node=\"\">bobina de malha<\/strong> e <strong>2% ou 5% de nicotina<\/strong>, \u00e9 a derradeira experi\u00eancia de vaporiza\u00e7\u00e3o tudo-em-um. <\/p>\n","protected":false},"featured_media":32456,"comment_status":"open","ping_status":"closed","template":"","meta":{"iawp_total_views":1},"product_brand":[],"product_cat":[590],"product_tag":[621,618,620,619],"class_list":{"0":"post-32992","1":"product","2":"type-product","3":"status-publish","4":"has-post-thumbnail","6":"product_cat-max-iii-6in1-60k-60000-puffs-rechargeable-disposable-vape-pt-pt","7":"product_tag-6-sabores-num-so-dispositivo","8":"product_tag-60000-puffs-pt-pt","9":"product_tag-recarregavel","10":"product_tag-vape-descartavel","12":"first","13":"outofstock","14":"sale","15":"shipping-taxable","16":"purchasable","17":"product-type-variable"},"yoast_head":"<!-- This site is optimized with the Yoast SEO Premium plugin v24.8 (Yoast SEO v24.8) - https:\/\/yoast.com\/wordpress\/plugins\/seo\/ -->\n<title>Premium Disposable Vape Europe - Fizzy Max 60000 Puffs 6 em 1<\/title>\n<meta name=\"description\" content=\"Descobre o vape descart\u00e1vel premium da Europa - Fizzy Max 60000 puffs, 6 sabores, recarreg\u00e1vel, ecr\u00e3 LED e carregamento Tipo C. Compra j\u00e1!\" \/>\n<meta name=\"robots\" content=\"index, follow, max-snippet:-1, max-image-preview:large, max-video-preview:-1\" \/>\n<link rel=\"canonical\" href=\"https:\/\/fizzyvape.eu\/pt-pt\/produto\/fizzy-max-iii-6em1-60k-60000-puffs-vape-descartavel-recarregavel-blueberry-ice-fizzy-cherry-raspberry-lemon-10pcs\/\" \/>\n<meta property=\"og:locale\" content=\"pt_PT\" \/>\n<meta property=\"og:type\" content=\"article\" \/>\n<meta property=\"og:title\" content=\"Fizzy Max III 6em1 60K 60000 Puffs Vape descart\u00e1vel recarreg\u00e1vel - Blueberry Ice &amp; Fizzy Cherry &amp; Raspberry Lemon - 10pcs\" \/>\n<meta property=\"og:description\" content=\"Descobre o vape descart\u00e1vel premium da Europa - Fizzy Max 60000 puffs, 6 sabores, recarreg\u00e1vel, ecr\u00e3 LED e carregamento Tipo C. Compra j\u00e1!\" \/>\n<meta property=\"og:url\" content=\"https:\/\/fizzyvape.eu\/pt-pt\/produto\/fizzy-max-iii-6em1-60k-60000-puffs-vape-descartavel-recarregavel-blueberry-ice-fizzy-cherry-raspberry-lemon-10pcs\/\" \/>\n<meta property=\"og:site_name\" content=\"fizzyvape.eu\" \/>\n<meta property=\"og:image\" content=\"https:\/\/fizzyvape.eu\/wp-content\/uploads\/2025\/06\/Fizzy-Max-60000-Puffs-06.webp\" \/>\n\t<meta property=\"og:image:width\" content=\"800\" \/>\n\t<meta property=\"og:image:height\" content=\"800\" \/>\n\t<meta property=\"og:image:type\" content=\"image\/webp\" \/>\n<meta name=\"twitter:card\" content=\"summary_large_image\" \/>\n<meta name=\"twitter:label1\" content=\"Disponibilidade\" \/>\n\t<meta name=\"twitter:data1\" content=\"Esgotado\" \/>\n<script type=\"application\/ld+json\" class=\"yoast-schema-graph\">{\"@context\":\"https:\/\/schema.org\",\"@graph\":[{\"@type\":\"WebPage\",\"@id\":\"https:\/\/fizzyvape.eu\/pt-pt\/produto\/fizzy-max-iii-6em1-60k-60000-puffs-vape-descartavel-recarregavel-blueberry-ice-fizzy-cherry-raspberry-lemon-10pcs\/\",\"url\":\"https:\/\/fizzyvape.eu\/pt-pt\/produto\/fizzy-max-iii-6em1-60k-60000-puffs-vape-descartavel-recarregavel-blueberry-ice-fizzy-cherry-raspberry-lemon-10pcs\/\",\"name\":\"Premium Disposable Vape Europe - Fizzy Max 60000 Puffs 6 em 1\",\"isPartOf\":{\"@id\":\"https:\/\/www.fizzyvape.eu\/pt-pt\/#website\"},\"primaryImageOfPage\":{\"@id\":\"https:\/\/fizzyvape.eu\/pt-pt\/produto\/fizzy-max-iii-6em1-60k-60000-puffs-vape-descartavel-recarregavel-blueberry-ice-fizzy-cherry-raspberry-lemon-10pcs\/#primaryimage\"},\"image\":{\"@id\":\"https:\/\/fizzyvape.eu\/pt-pt\/produto\/fizzy-max-iii-6em1-60k-60000-puffs-vape-descartavel-recarregavel-blueberry-ice-fizzy-cherry-raspberry-lemon-10pcs\/#primaryimage\"},\"thumbnailUrl\":\"https:\/\/fizzyvape.eu\/wp-content\/uploads\/2025\/06\/Fizzy-Max-60000-Puffs-06.webp\",\"datePublished\":\"2025-06-11T02:33:56+00:00\",\"description\":\"Descobre o vape descart\u00e1vel premium da Europa - Fizzy Max 60000 puffs, 6 sabores, recarreg\u00e1vel, ecr\u00e3 LED e carregamento Tipo C. Compra j\u00e1!\",\"breadcrumb\":{\"@id\":\"https:\/\/fizzyvape.eu\/pt-pt\/produto\/fizzy-max-iii-6em1-60k-60000-puffs-vape-descartavel-recarregavel-blueberry-ice-fizzy-cherry-raspberry-lemon-10pcs\/#breadcrumb\"},\"inLanguage\":\"pt-PT\",\"potentialAction\":[{\"@type\":\"ReadAction\",\"target\":[\"https:\/\/fizzyvape.eu\/pt-pt\/produto\/fizzy-max-iii-6em1-60k-60000-puffs-vape-descartavel-recarregavel-blueberry-ice-fizzy-cherry-raspberry-lemon-10pcs\/\"]}]},{\"@type\":\"ImageObject\",\"inLanguage\":\"pt-PT\",\"@id\":\"https:\/\/fizzyvape.eu\/pt-pt\/produto\/fizzy-max-iii-6em1-60k-60000-puffs-vape-descartavel-recarregavel-blueberry-ice-fizzy-cherry-raspberry-lemon-10pcs\/#primaryimage\",\"url\":\"https:\/\/fizzyvape.eu\/wp-content\/uploads\/2025\/06\/Fizzy-Max-60000-Puffs-06.webp\",\"contentUrl\":\"https:\/\/fizzyvape.eu\/wp-content\/uploads\/2025\/06\/Fizzy-Max-60000-Puffs-06.webp\",\"width\":800,\"height\":800},{\"@type\":\"BreadcrumbList\",\"@id\":\"https:\/\/fizzyvape.eu\/pt-pt\/produto\/fizzy-max-iii-6em1-60k-60000-puffs-vape-descartavel-recarregavel-blueberry-ice-fizzy-cherry-raspberry-lemon-10pcs\/#breadcrumb\",\"itemListElement\":[{\"@type\":\"ListItem\",\"position\":1,\"name\":\"Home\",\"item\":\"https:\/\/fizzyvape.eu\/pt-pt\/\"},{\"@type\":\"ListItem\",\"position\":2,\"name\":\"Shop\",\"item\":\"https:\/\/www.fizzyvape.eu\/pt-pt\/shop\/\"},{\"@type\":\"ListItem\",\"position\":3,\"name\":\"Fizzy Max III 6em1 60K 60000 Puffs Vape descart\u00e1vel recarreg\u00e1vel &#8211; Blueberry Ice &amp; Fizzy Cherry &amp; Raspberry Lemon &#8211; 10pcs\"}]},{\"@type\":\"WebSite\",\"@id\":\"https:\/\/www.fizzyvape.eu\/pt-pt\/#website\",\"url\":\"https:\/\/www.fizzyvape.eu\/pt-pt\/\",\"name\":\"fizzyvape.eu\",\"description\":\"Refreshing Vapes. Unforgettable Taste.\",\"publisher\":{\"@id\":\"https:\/\/www.fizzyvape.eu\/pt-pt\/#organization\"},\"potentialAction\":[{\"@type\":\"SearchAction\",\"target\":{\"@type\":\"EntryPoint\",\"urlTemplate\":\"https:\/\/www.fizzyvape.eu\/pt-pt\/?s={search_term_string}\"},\"query-input\":{\"@type\":\"PropertyValueSpecification\",\"valueRequired\":true,\"valueName\":\"search_term_string\"}}],\"inLanguage\":\"pt-PT\"},{\"@type\":\"Organization\",\"@id\":\"https:\/\/www.fizzyvape.eu\/pt-pt\/#organization\",\"name\":\"fizzyvape.eu\",\"url\":\"https:\/\/www.fizzyvape.eu\/pt-pt\/\",\"logo\":{\"@type\":\"ImageObject\",\"inLanguage\":\"pt-PT\",\"@id\":\"https:\/\/www.fizzyvape.eu\/pt-pt\/#\/schema\/logo\/image\/\",\"url\":\"https:\/\/fizzyvape.eu\/wp-content\/uploads\/2019\/06\/print-1.svg\",\"contentUrl\":\"https:\/\/fizzyvape.eu\/wp-content\/uploads\/2019\/06\/print-1.svg\",\"width\":124,\"height\":37,\"caption\":\"fizzyvape.eu\"},\"image\":{\"@id\":\"https:\/\/www.fizzyvape.eu\/pt-pt\/#\/schema\/logo\/image\/\"}}]}<\/script>\n<meta property=\"og:availability\" content=\"out of stock\" \/>\n<meta property=\"product:availability\" content=\"out of stock\" \/>\n<meta property=\"product:condition\" content=\"new\" \/>\n<!-- \/ Yoast SEO Premium plugin. -->","yoast_head_json":{"title":"Premium Disposable Vape Europe - Fizzy Max 60000 Puffs 6 em 1","description":"Descobre o vape descart\u00e1vel premium da Europa - Fizzy Max 60000 puffs, 6 sabores, recarreg\u00e1vel, ecr\u00e3 LED e carregamento Tipo C. Compra j\u00e1!","robots":{"index":"index","follow":"follow","max-snippet":"max-snippet:-1","max-image-preview":"max-image-preview:large","max-video-preview":"max-video-preview:-1"},"canonical":"https:\/\/fizzyvape.eu\/pt-pt\/produto\/fizzy-max-iii-6em1-60k-60000-puffs-vape-descartavel-recarregavel-blueberry-ice-fizzy-cherry-raspberry-lemon-10pcs\/","og_locale":"pt_PT","og_type":"article","og_title":"Fizzy Max III 6em1 60K 60000 Puffs Vape descart\u00e1vel recarreg\u00e1vel - Blueberry Ice &amp; Fizzy Cherry &amp; Raspberry Lemon - 10pcs","og_description":"Descobre o vape descart\u00e1vel premium da Europa - Fizzy Max 60000 puffs, 6 sabores, recarreg\u00e1vel, ecr\u00e3 LED e carregamento Tipo C. Compra j\u00e1!","og_url":"https:\/\/fizzyvape.eu\/pt-pt\/produto\/fizzy-max-iii-6em1-60k-60000-puffs-vape-descartavel-recarregavel-blueberry-ice-fizzy-cherry-raspberry-lemon-10pcs\/","og_site_name":"fizzyvape.eu","og_image":[{"width":800,"height":800,"url":"https:\/\/fizzyvape.eu\/wp-content\/uploads\/2025\/06\/Fizzy-Max-60000-Puffs-06.webp","type":"image\/webp"}],"twitter_card":"summary_large_image","twitter_misc":{"Disponibilidade":"Esgotado"},"schema":{"@context":"https:\/\/schema.org","@graph":[{"@type":"WebPage","@id":"https:\/\/fizzyvape.eu\/pt-pt\/produto\/fizzy-max-iii-6em1-60k-60000-puffs-vape-descartavel-recarregavel-blueberry-ice-fizzy-cherry-raspberry-lemon-10pcs\/","url":"https:\/\/fizzyvape.eu\/pt-pt\/produto\/fizzy-max-iii-6em1-60k-60000-puffs-vape-descartavel-recarregavel-blueberry-ice-fizzy-cherry-raspberry-lemon-10pcs\/","name":"Premium Disposable Vape Europe - Fizzy Max 60000 Puffs 6 em 1","isPartOf":{"@id":"https:\/\/www.fizzyvape.eu\/pt-pt\/#website"},"primaryImageOfPage":{"@id":"https:\/\/fizzyvape.eu\/pt-pt\/produto\/fizzy-max-iii-6em1-60k-60000-puffs-vape-descartavel-recarregavel-blueberry-ice-fizzy-cherry-raspberry-lemon-10pcs\/#primaryimage"},"image":{"@id":"https:\/\/fizzyvape.eu\/pt-pt\/produto\/fizzy-max-iii-6em1-60k-60000-puffs-vape-descartavel-recarregavel-blueberry-ice-fizzy-cherry-raspberry-lemon-10pcs\/#primaryimage"},"thumbnailUrl":"https:\/\/fizzyvape.eu\/wp-content\/uploads\/2025\/06\/Fizzy-Max-60000-Puffs-06.webp","datePublished":"2025-06-11T02:33:56+00:00","description":"Descobre o vape descart\u00e1vel premium da Europa - Fizzy Max 60000 puffs, 6 sabores, recarreg\u00e1vel, ecr\u00e3 LED e carregamento Tipo C. Compra j\u00e1!","breadcrumb":{"@id":"https:\/\/fizzyvape.eu\/pt-pt\/produto\/fizzy-max-iii-6em1-60k-60000-puffs-vape-descartavel-recarregavel-blueberry-ice-fizzy-cherry-raspberry-lemon-10pcs\/#breadcrumb"},"inLanguage":"pt-PT","potentialAction":[{"@type":"ReadAction","target":["https:\/\/fizzyvape.eu\/pt-pt\/produto\/fizzy-max-iii-6em1-60k-60000-puffs-vape-descartavel-recarregavel-blueberry-ice-fizzy-cherry-raspberry-lemon-10pcs\/"]}]},{"@type":"ImageObject","inLanguage":"pt-PT","@id":"https:\/\/fizzyvape.eu\/pt-pt\/produto\/fizzy-max-iii-6em1-60k-60000-puffs-vape-descartavel-recarregavel-blueberry-ice-fizzy-cherry-raspberry-lemon-10pcs\/#primaryimage","url":"https:\/\/fizzyvape.eu\/wp-content\/uploads\/2025\/06\/Fizzy-Max-60000-Puffs-06.webp","contentUrl":"https:\/\/fizzyvape.eu\/wp-content\/uploads\/2025\/06\/Fizzy-Max-60000-Puffs-06.webp","width":800,"height":800},{"@type":"BreadcrumbList","@id":"https:\/\/fizzyvape.eu\/pt-pt\/produto\/fizzy-max-iii-6em1-60k-60000-puffs-vape-descartavel-recarregavel-blueberry-ice-fizzy-cherry-raspberry-lemon-10pcs\/#breadcrumb","itemListElement":[{"@type":"ListItem","position":1,"name":"Home","item":"https:\/\/fizzyvape.eu\/pt-pt\/"},{"@type":"ListItem","position":2,"name":"Shop","item":"https:\/\/www.fizzyvape.eu\/pt-pt\/shop\/"},{"@type":"ListItem","position":3,"name":"Fizzy Max III 6em1 60K 60000 Puffs Vape descart\u00e1vel recarreg\u00e1vel &#8211; Blueberry Ice &amp; Fizzy Cherry &amp; Raspberry Lemon &#8211; 10pcs"}]},{"@type":"WebSite","@id":"https:\/\/www.fizzyvape.eu\/pt-pt\/#website","url":"https:\/\/www.fizzyvape.eu\/pt-pt\/","name":"fizzyvape.eu","description":"Refreshing Vapes. Unforgettable Taste.","publisher":{"@id":"https:\/\/www.fizzyvape.eu\/pt-pt\/#organization"},"potentialAction":[{"@type":"SearchAction","target":{"@type":"EntryPoint","urlTemplate":"https:\/\/www.fizzyvape.eu\/pt-pt\/?s={search_term_string}"},"query-input":{"@type":"PropertyValueSpecification","valueRequired":true,"valueName":"search_term_string"}}],"inLanguage":"pt-PT"},{"@type":"Organization","@id":"https:\/\/www.fizzyvape.eu\/pt-pt\/#organization","name":"fizzyvape.eu","url":"https:\/\/www.fizzyvape.eu\/pt-pt\/","logo":{"@type":"ImageObject","inLanguage":"pt-PT","@id":"https:\/\/www.fizzyvape.eu\/pt-pt\/#\/schema\/logo\/image\/","url":"https:\/\/fizzyvape.eu\/wp-content\/uploads\/2019\/06\/print-1.svg","contentUrl":"https:\/\/fizzyvape.eu\/wp-content\/uploads\/2019\/06\/print-1.svg","width":124,"height":37,"caption":"fizzyvape.eu"},"image":{"@id":"https:\/\/www.fizzyvape.eu\/pt-pt\/#\/schema\/logo\/image\/"}}]},"og_availability":"out of stock","product_availability":"out of stock","product_condition":"new"},"tiered_pricing_type":"fixed","tiered_pricing_fixed_rules":[],"tiered_pricing_product_settings":{"layout":"default","base_unit_name":{"singular":null,"plural":null},"default_variation":null},"tiered_pricing_minimum_quantity":null,"tiered_pricing_roles_data":[],"tiered_pricing_percentage_rules":[],"tiered_pricing_maximum_quantity":null,"tiered_pricing_quantity_step":null,"_links":{"self":[{"href":"https:\/\/fizzyvape.eu\/pt-pt\/wp-json\/wp\/v2\/product\/32992","targetHints":{"allow":["GET"]}}],"collection":[{"href":"https:\/\/fizzyvape.eu\/pt-pt\/wp-json\/wp\/v2\/product"}],"about":[{"href":"https:\/\/fizzyvape.eu\/pt-pt\/wp-json\/wp\/v2\/types\/product"}],"replies":[{"embeddable":true,"href":"https:\/\/fizzyvape.eu\/pt-pt\/wp-json\/wp\/v2\/comments?post=32992"}],"version-history":[{"count":0,"href":"https:\/\/fizzyvape.eu\/pt-pt\/wp-json\/wp\/v2\/product\/32992\/revisions"}],"wp:featuredmedia":[{"embeddable":true,"href":"https:\/\/fizzyvape.eu\/pt-pt\/wp-json\/wp\/v2\/media\/32456"}],"wp:attachment":[{"href":"https:\/\/fizzyvape.eu\/pt-pt\/wp-json\/wp\/v2\/media?parent=32992"}],"wp:term":[{"taxonomy":"product_brand","embeddable":true,"href":"https:\/\/fizzyvape.eu\/pt-pt\/wp-json\/wp\/v2\/product_brand?post=32992"},{"taxonomy":"product_cat","embeddable":true,"href":"https:\/\/fizzyvape.eu\/pt-pt\/wp-json\/wp\/v2\/product_cat?post=32992"},{"taxonomy":"product_tag","embeddable":true,"href":"https:\/\/fizzyvape.eu\/pt-pt\/wp-json\/wp\/v2\/product_tag?post=32992"}],"curies":[{"name":"wp","href":"https:\/\/api.w.org\/{rel}","templated":true}]}}