{"id":33016,"date":"2025-06-11T10:34:02","date_gmt":"2025-06-11T02:34:02","guid":{"rendered":"https:\/\/fizzyvape.eu\/product\/fizzy-max-iii-6em1-60k-60000-puffs-vape-descartavel-recarregavel-melancia-gelo-morango-baunilha-coca-cola-e-bagas-mistas-10pcs\/"},"modified":"2025-06-11T10:34:02","modified_gmt":"2025-06-11T02:34:02","slug":"fizzy-max-iii-6em1-60k-60000-puffs-vape-descartavel-recarregavel-melancia-gelo-morango-baunilha-coca-cola-e-bagas-mistas-10pcs","status":"publish","type":"product","link":"https:\/\/fizzyvape.eu\/pt-pt\/produto\/fizzy-max-iii-6em1-60k-60000-puffs-vape-descartavel-recarregavel-melancia-gelo-morango-baunilha-coca-cola-e-bagas-mistas-10pcs\/","title":{"rendered":"Fizzy Max III 6em1 60K 60000 Puffs Vape Descart\u00e1vel Recarreg\u00e1vel &#8211; Melancia, Gelo, Morango, Baunilha, Coca-Cola e Bagas Mistas &#8211; 10pcs"},"content":{"rendered":"<p><img decoding=\"async\" class=\"aligncenter\" src=\"https:\/\/fizzyvape.eu\/wp-content\/uploads\/2025\/06\/Fizzy-Max-III-6in1-60K-60000-Puffs-4-1.webp\" alt=\"Fizzy Max III 60000 Puffs 6em1 Vape descart\u00e1vel (4)\"><\/p>\n<h1>Fizzy Max III 6em1 60K 60000 Puffs Vape Descart\u00e1vel Recarreg\u00e1vel &#8211; Melancia, Gelo, Morango, Baunilha, Coca-Cola e Bagas Mistas &#8211; 10pcs<\/h1>\n<p><strong>6 sabores num \u00fanico dispositivo revolucion\u00e1rio<\/strong><br \/>\n<strong>Experimenta a derradeira evolu\u00e7\u00e3o de sabores com o Fizzy Max III 6 em 1, um vape descart\u00e1vel revolucion\u00e1rio concebido para proporcionar uma variedade e satisfa\u00e7\u00e3o sem paralelo!<\/strong>  Este pacote avan\u00e7ado de 10 unidades inclui dispositivos com tr\u00eas c\u00e1psulas pr\u00e9-carregadas de 20 ml cada: a refrescante Watermelon Ice, a exclusiva Strawberry Vanilla Coke e uma vibrante mistura de Mixed Berry. Gra\u00e7as ao seu engenhoso mecanismo de mistura de sabores e \u00e0 inovadora boquilha rotativa, um \u00fanico Fizzy Max III desbloqueia <strong>seis experi\u00eancias de sabor incr\u00edveis<\/strong>, oferecendo pot\u00eancia, conveni\u00eancia e aventuras de sabor sem fim, tudo numa unidade elegante. <\/p>\n<h2>Modos de sabor:<\/h2>\n<ul>\n<li><strong>Melancia Ice (A):<\/strong> Uma pancada refrescante de melancia sumarenta e madura com um final refrescante perfeitamente equilibrado.<\/li>\n<li><strong>Coca-Cola de morango e baunilha (B):<\/strong> Um delicioso refrigerante com g\u00e1s que combina morango doce e baunilha suave para um sabor verdadeiramente \u00fanico.<\/li>\n<li><strong>Baga mista (C):<\/strong> Uma mistura vibrante de bagas maduras e picantes com um sabor aut\u00eantico e sumarento.<\/li>\n<li><strong>Mistura AB (Blended Flavor):<\/strong> Descobre uma fus\u00e3o fresca e intrigante de cola de melancia com um subtil e frutado efervescente.<\/li>\n<li><strong>Mistura BC (Blended Flavor):<\/strong> Saboreia uma mistura de cola de frutos silvestres com deliciosos tons cremosos.<\/li>\n<li><strong>Mistura CA (Sabor Misturado):<\/strong> Desfruta de uma combina\u00e7\u00e3o refrescante de melancia gelada e uma mistura de frutos silvestres.<\/li>\n<\/ul>\n<p>Com um simples <strong>levantar e rodar da boquilha<\/strong>, podes alternar entre os modos de sabor nesta sequ\u00eancia:<br \/>\n<strong>A \u2192 Mistura AB \u2192 B \u2192 Mistura BC \u2192 C \u2192 Mistura CA<\/strong><\/p>\n<p>Explora sem esfor\u00e7o os seis perfis de sabores com um design rotativo inteligente que torna a mudan\u00e7a de sabores suave e perfeita. V\u00ea como funciona no nosso <a href=\"https:\/\/www.youtube.com\/watch?v=CoxB_HvaU3k\">v\u00eddeo de demonstra\u00e7\u00e3o<\/a>. <\/p>\n<h2>Destaques do produto<\/h2>\n<ul>\n<li><strong>Enorme 60.000 baforadas:<\/strong> Experimenta a longevidade prolongada para semanas de prazer consistente a vaporizar.<\/li>\n<li><strong>Revolucion\u00e1rio sistema de sabores 6 em 1:<\/strong> Desfruta de 3 sabores individuais distintos e 3 combina\u00e7\u00f5es mistas \u00fanicas, tudo a partir de um \u00fanico dispositivo.<\/li>\n<li><strong>Capacidade generosa de 60 ml de E-l\u00edquido:<\/strong> Equipado com tr\u00eas c\u00e1psulas pr\u00e9-cheias de 20 ml, garante um prazer duradouro sem necessidade de recargas.<\/li>\n<li><strong>Poderosa bateria recarreg\u00e1vel de 850mAh (Tipo C):<\/strong> Fornece energia consistente e recarrega rapidamente atrav\u00e9s do pr\u00e1tico USB Tipo C.<\/li>\n<li><strong>Tecnologia de bobina de malha avan\u00e7ada:<\/strong> Assegura um vapor mais suave, um sabor mais rico e nuvens de vapor consistentemente densas.<\/li>\n<li><strong>Visor LED inteligente:<\/strong> Monitoriza facilmente o n\u00edvel da bateria e o modo de vaporiza\u00e7\u00e3o atual em tempo real, para que estejas sempre em controlo.<\/li>\n<li><strong>Prazo de validade alargado:<\/strong> Desfruta de um prazo de validade generoso de 2 anos, garantindo a frescura.<\/li>\n<li><strong>Op\u00e7\u00f5es de concentra\u00e7\u00e3o de nicotina:<\/strong> Dispon\u00edvel em <strong>2% (20mg\/mL)<\/strong> e <strong>5% (50mg\/mL)<\/strong> para se adequar \u00e0 tua prefer\u00eancia.<\/li>\n<\/ul>\n<h3><strong>Fizzy Max III 6in1 60000 Puffs Vape descart\u00e1vel Lista de sabores:<\/strong><\/h3>\n<ol>\n<li><a href=\"https:\/\/fizzyvape.eu\/pt-pt\/produto\/fizzy-max-iii-6em1-60k-60000-puffs-vape-descartavel-recarregavel-morango-framboesa-manga-pessego-e-mirtilo-melancia-10-unidades\/\">Morango Framboesa e manga P\u00eassego e mirtilo Melancia<\/a><\/li>\n<li><a href=\"https:\/\/fizzyvape.eu\/pt-pt\/produto\/fizzy-max-iii-6in1-60k-60000-puffs-vape-descartavel-recarregavel-mistura-de-frutos-silvestres-e-kiwi-maracuja-goiaba-e-morango-melancia-10pcs\/\">Mistura de frutos silvestres e kiwi Maracuj\u00e1 Goiaba e morango Melancia<\/a><\/li>\n<li><a href=\"https:\/\/fizzyvape.eu\/pt-pt\/produto\/fizzy-max-iii-6em1-60k-60000-puffs-vape-descartavel-recarregavel-mirtilo-framboesa-melao-triplo-gelo-morango-10pcs\/\">Mirtilo, framboesa, mel\u00e3o triplo e gelo de morango<\/a><\/li>\n<li><a href=\"https:\/\/fizzyvape.eu\/pt-pt\/produto\/fizzy-max-iii-6in1-60k-60000-puffs-vape-descartavel-recarregavel-morango-fruta-do-dragao-red-bull-e-melancia-com-framboesa-10pcs\/\">Morango Dragon Fruit &amp; Red Bull &amp; Melancia Framboesa<\/a><\/li>\n<li><a href=\"https:\/\/fizzyvape.eu\/pt-pt\/produto\/fizzy-max-iii-6em1-60k-60000-puffs-vape-descartavel-recarregavel-morango-kiwi-mirtilo-ice-melancia-ice-10pcs\/\">Gelo de morango, kiwi e mirtilo e gelo de melancia<\/a><\/li>\n<li><a href=\"https:\/\/fizzyvape.eu\/pt-pt\/produto\/fizzy-max-iii-6em1-60k-60000-puffs-vape-descartavel-recarregavel-blueberry-ice-fizzy-cherry-raspberry-lemon-10pcs\/\">Mirtilo Gelado &amp; Cereja Fresca &amp; Framboesa Lim\u00e3o<\/a><\/li>\n<li><a href=\"https:\/\/fizzyvape.eu\/pt-pt\/produto\/fizzy-max-iii-6em1-60k-60000-puffs-vape-descartavel-recarregavel-melancia-gelo-morango-baunilha-coca-cola-e-bagas-mistas-10pcs\/\">Gelado de melancia e morango Coca-Cola de baunilha e mista<\/a><\/li>\n<li><a href=\"https:\/\/fizzyvape.eu\/pt-pt\/produto\/fizzy-max-iii-6em1-60k-60000-puffs-vape-descartavel-recarregavel-morango-uva-mirtilo-coco-pessego-limao-10pcs\/\">Morango Uva e Mirtilo Coco e P\u00eassego Lim\u00e3o<\/a><\/li>\n<li><a href=\"https:\/\/fizzyvape.eu\/pt-pt\/produto\/fizzy-max-iii-6in1-60k-60000-puffs-vape-descartavel-recarregavel-azul-razz-ice-morango-kiwi-laranja-ananas-azedo-10pcs\/\">Blue Razz Ice &amp; Morango Kiwi &amp; Laranja Anan\u00e1s Azedo<\/a><\/li>\n<li><a href=\"https:\/\/fizzyvape.eu\/pt-pt\/produto\/fizzy-max-iii-6in1-60k-60000-puffs-vape-descartavel-recarregavel-morango-melancia-lima-limao-e-mirtilo-coco-10pcs\/\">Melancia com morango e lima-lim\u00e3o e coco com mirtilo<\/a><\/li>\n<\/ol>\n<h3><strong>Vape \u00e0 tua maneira: MTL ou DL &#8211; A escolha \u00e9 tua!<\/strong><\/h3>\n<ul>\n<li><strong>Modo de sabor \u00fanico (MTL &#8211; Mouth-to-Lung):<\/strong> Desfruta de tragos limpos e controlados que imitam perfeitamente um cigarro tradicional, ideal para saborear cada perfil de sabor individual.<\/li>\n<li><strong>Modo de mistura de dois sabores (DL &#8211; Diret-Lung):<\/strong> Experimenta um fluxo de ar melhorado para obteres nuvens arrojadas e encorpadas com um sabor rico e complexo, perfeito para vapers de pulm\u00e3o direto que procuram uma batida mais intensa.<\/li>\n<\/ul>\n<h2>Porqu\u00ea escolher Fizzy Max III 6em1?<\/h2>\n<ul>\n<li><strong>A melhor variedade de sabores:<\/strong> Seis sabores incr\u00edveis num \u00fanico e compacto dispositivo.<\/li>\n<li><strong>Troca de sabor sem esfor\u00e7o:<\/strong> A boquilha rotativa intuitiva permite-te mudar instantaneamente de sabor sem teres de trocar de c\u00e1psulas.<\/li>\n<li><strong>Longevidade sem igual:<\/strong> Com at\u00e9 60.000 baforadas e uma bateria recarreg\u00e1vel, desfruta de uma utiliza\u00e7\u00e3o prolongada e de um valor incr\u00edvel.<\/li>\n<li><strong>Conveni\u00eancia sem falhas:<\/strong> Pr\u00e9-cheio, recarreg\u00e1vel e f\u00e1cil de utilizar &#8211; basta vaporizar e desfrutar.<\/li>\n<li><strong>Envio r\u00e1pido a partir da Europa:<\/strong> Recebe os teus dispositivos rapidamente do nosso armaz\u00e9m na UE, garantindo uma entrega r\u00e1pida sem atrasos na alf\u00e2ndega.<\/li>\n<\/ul>\n<h3><strong>Perguntas e Respostas &#8211; Fizzy Max III 6in1 60000 Vape descart\u00e1vel<\/strong><\/h3>\n<p><strong>1. Quantas baforadas d\u00e1 o Fizzy Max III 6 em 1?<\/strong><\/p>\n<p>O Fizzy Max III oferece-te uma impressionante capacidade de <strong>at\u00e9 60.000 baforadas<\/strong>, gra\u00e7as \u00e0 sua grande capacidade de e-l\u00edquido de 60mL e \u00e0 poderosa bateria recarreg\u00e1vel de 850mAh.<\/p>\n<p><strong>2. Podes alternar entre diferentes sabores com este vape descart\u00e1vel?<\/strong><\/p>\n<p>Sim, sem d\u00favida! Basta levantares <strong>e rodares o bocal<\/strong> para passares sem esfor\u00e7o por seis combina\u00e7\u00f5es de sabores diferentes &#8211; 3 sabores individuais e 3 misturas \u00fanicas &#8211; tudo sem mudares de c\u00e1psulas. <\/p>\n<p><strong>3. O Fizzy Max III \u00e9 recarreg\u00e1vel?<\/strong><\/p>\n<p>Podes crer! O dispositivo inclui uma bateria recarreg\u00e1vel de 850mAh com um pr\u00e1tico <strong>carregamento r\u00e1pido Tipo C<\/strong> para uma utiliza\u00e7\u00e3o prolongada e para garantir que desfrutas de cada tragada. <\/p>\n<p><strong>4. Que dosagens de nicotina est\u00e3o dispon\u00edveis neste vape descart\u00e1vel?<\/strong><\/p>\n<p>Podes escolher entre as op\u00e7\u00f5es de <strong>2% (20mg\/mL<\/strong> ) e <strong>5% (50mg\/mL)<\/strong> de nicotina para te adaptares perfeitamente \u00e0 tua prefer\u00eancia por suavidade ou por uma batida mais forte na garganta.<\/p>\n<p><strong>5. O Fizzy Max III \u00e9 adequado para os estilos de vaporiza\u00e7\u00e3o MTL e DL?<\/strong><\/p>\n<p>Podes crer! Suporta tanto o modo <strong>boca-a-pulm\u00e3o (MTL)<\/strong>, para uma extra\u00e7\u00e3o suave e controlada, como o modo <strong>direto-pulm\u00e3o (DL)<\/strong>, que se ativa com os sabores misturados, para nuvens maiores e sabores mais arrojados e complexos. <\/p>\n","protected":false},"excerpt":{"rendered":"<p><strong>O Fizzy Max III 6 em 1 60000 Puffs Disposable Vape<\/strong> oferece puffs maci\u00e7os, uma bateria <strong>recarreg\u00e1vel<\/strong> e 6 sabores intercambi\u00e1veis<strong>(Melancia Ice, Morango Vanilla Coke, Mixed Berry &amp; mixes<\/strong>). Inclui um <strong>visor LED<\/strong> e est\u00e1 dispon\u00edvel com<strong> 2% ou 5% de nicotina<\/strong>. <\/p>\n","protected":false},"featured_media":32465,"comment_status":"open","ping_status":"closed","template":"","meta":{"iawp_total_views":2},"product_brand":[],"product_cat":[590],"product_tag":[621,618,620,619],"class_list":{"0":"post-33016","1":"product","2":"type-product","3":"status-publish","4":"has-post-thumbnail","6":"product_cat-max-iii-6in1-60k-60000-puffs-rechargeable-disposable-vape-pt-pt","7":"product_tag-6-sabores-num-so-dispositivo","8":"product_tag-60000-puffs-pt-pt","9":"product_tag-recarregavel","10":"product_tag-vape-descartavel","12":"first","13":"outofstock","14":"sale","15":"shipping-taxable","16":"purchasable","17":"product-type-variable"},"yoast_head":"<!-- This site is optimized with the Yoast SEO Premium plugin v24.8 (Yoast SEO v24.8) - https:\/\/yoast.com\/wordpress\/plugins\/seo\/ -->\n<title>Fizzy Max III 60000 Puffs 6-em-1 Vape descart\u00e1vel recarreg\u00e1vel<\/title>\n<meta name=\"description\" content=\"Vape descart\u00e1vel Fizzy Max III 6 em 1: desfruta de 60000 baforadas e 6 sabores. Este dispositivo recarreg\u00e1vel possui um ecr\u00e3 LED e est\u00e1 dispon\u00edvel com 2% ou 5% de nicotina.\" \/>\n<meta name=\"robots\" content=\"index, follow, max-snippet:-1, max-image-preview:large, max-video-preview:-1\" \/>\n<link rel=\"canonical\" href=\"https:\/\/fizzyvape.eu\/pt-pt\/produto\/fizzy-max-iii-6em1-60k-60000-puffs-vape-descartavel-recarregavel-melancia-gelo-morango-baunilha-coca-cola-e-bagas-mistas-10pcs\/\" \/>\n<meta property=\"og:locale\" content=\"pt_PT\" \/>\n<meta property=\"og:type\" content=\"article\" \/>\n<meta property=\"og:title\" content=\"Fizzy Max III 6em1 60K 60000 Puffs Vape Descart\u00e1vel Recarreg\u00e1vel - Melancia, Gelo, Morango, Baunilha, Coca-Cola e Bagas Mistas - 10pcs\" \/>\n<meta property=\"og:description\" content=\"Vape descart\u00e1vel Fizzy Max III 6 em 1: desfruta de 60000 baforadas e 6 sabores. Este dispositivo recarreg\u00e1vel possui um ecr\u00e3 LED e est\u00e1 dispon\u00edvel com 2% ou 5% de nicotina.\" \/>\n<meta property=\"og:url\" content=\"https:\/\/fizzyvape.eu\/pt-pt\/produto\/fizzy-max-iii-6em1-60k-60000-puffs-vape-descartavel-recarregavel-melancia-gelo-morango-baunilha-coca-cola-e-bagas-mistas-10pcs\/\" \/>\n<meta property=\"og:site_name\" content=\"fizzyvape.eu\" \/>\n<meta property=\"og:image\" content=\"https:\/\/fizzyvape.eu\/wp-content\/uploads\/2025\/06\/Fizzy-Max-60000-Puffs-07.webp\" \/>\n\t<meta property=\"og:image:width\" content=\"800\" \/>\n\t<meta property=\"og:image:height\" content=\"800\" \/>\n\t<meta property=\"og:image:type\" content=\"image\/webp\" \/>\n<meta name=\"twitter:card\" content=\"summary_large_image\" \/>\n<meta name=\"twitter:label1\" content=\"Disponibilidade\" \/>\n\t<meta name=\"twitter:data1\" content=\"Esgotado\" \/>\n<script type=\"application\/ld+json\" class=\"yoast-schema-graph\">{\"@context\":\"https:\/\/schema.org\",\"@graph\":[{\"@type\":\"WebPage\",\"@id\":\"https:\/\/fizzyvape.eu\/pt-pt\/produto\/fizzy-max-iii-6em1-60k-60000-puffs-vape-descartavel-recarregavel-melancia-gelo-morango-baunilha-coca-cola-e-bagas-mistas-10pcs\/\",\"url\":\"https:\/\/fizzyvape.eu\/pt-pt\/produto\/fizzy-max-iii-6em1-60k-60000-puffs-vape-descartavel-recarregavel-melancia-gelo-morango-baunilha-coca-cola-e-bagas-mistas-10pcs\/\",\"name\":\"Fizzy Max III 60000 Puffs 6-em-1 Vape descart\u00e1vel recarreg\u00e1vel\",\"isPartOf\":{\"@id\":\"https:\/\/www.fizzyvape.eu\/pt-pt\/#website\"},\"primaryImageOfPage\":{\"@id\":\"https:\/\/fizzyvape.eu\/pt-pt\/produto\/fizzy-max-iii-6em1-60k-60000-puffs-vape-descartavel-recarregavel-melancia-gelo-morango-baunilha-coca-cola-e-bagas-mistas-10pcs\/#primaryimage\"},\"image\":{\"@id\":\"https:\/\/fizzyvape.eu\/pt-pt\/produto\/fizzy-max-iii-6em1-60k-60000-puffs-vape-descartavel-recarregavel-melancia-gelo-morango-baunilha-coca-cola-e-bagas-mistas-10pcs\/#primaryimage\"},\"thumbnailUrl\":\"https:\/\/fizzyvape.eu\/wp-content\/uploads\/2025\/06\/Fizzy-Max-60000-Puffs-07.webp\",\"datePublished\":\"2025-06-11T02:34:02+00:00\",\"description\":\"Vape descart\u00e1vel Fizzy Max III 6 em 1: desfruta de 60000 baforadas e 6 sabores. Este dispositivo recarreg\u00e1vel possui um ecr\u00e3 LED e est\u00e1 dispon\u00edvel com 2% ou 5% de nicotina.\",\"breadcrumb\":{\"@id\":\"https:\/\/fizzyvape.eu\/pt-pt\/produto\/fizzy-max-iii-6em1-60k-60000-puffs-vape-descartavel-recarregavel-melancia-gelo-morango-baunilha-coca-cola-e-bagas-mistas-10pcs\/#breadcrumb\"},\"inLanguage\":\"pt-PT\",\"potentialAction\":[{\"@type\":\"ReadAction\",\"target\":[\"https:\/\/fizzyvape.eu\/pt-pt\/produto\/fizzy-max-iii-6em1-60k-60000-puffs-vape-descartavel-recarregavel-melancia-gelo-morango-baunilha-coca-cola-e-bagas-mistas-10pcs\/\"]}]},{\"@type\":\"ImageObject\",\"inLanguage\":\"pt-PT\",\"@id\":\"https:\/\/fizzyvape.eu\/pt-pt\/produto\/fizzy-max-iii-6em1-60k-60000-puffs-vape-descartavel-recarregavel-melancia-gelo-morango-baunilha-coca-cola-e-bagas-mistas-10pcs\/#primaryimage\",\"url\":\"https:\/\/fizzyvape.eu\/wp-content\/uploads\/2025\/06\/Fizzy-Max-60000-Puffs-07.webp\",\"contentUrl\":\"https:\/\/fizzyvape.eu\/wp-content\/uploads\/2025\/06\/Fizzy-Max-60000-Puffs-07.webp\",\"width\":800,\"height\":800},{\"@type\":\"BreadcrumbList\",\"@id\":\"https:\/\/fizzyvape.eu\/pt-pt\/produto\/fizzy-max-iii-6em1-60k-60000-puffs-vape-descartavel-recarregavel-melancia-gelo-morango-baunilha-coca-cola-e-bagas-mistas-10pcs\/#breadcrumb\",\"itemListElement\":[{\"@type\":\"ListItem\",\"position\":1,\"name\":\"Home\",\"item\":\"https:\/\/fizzyvape.eu\/pt-pt\/\"},{\"@type\":\"ListItem\",\"position\":2,\"name\":\"Shop\",\"item\":\"https:\/\/www.fizzyvape.eu\/pt-pt\/shop\/\"},{\"@type\":\"ListItem\",\"position\":3,\"name\":\"Fizzy Max III 6em1 60K 60000 Puffs Vape Descart\u00e1vel Recarreg\u00e1vel &#8211; Melancia, Gelo, Morango, Baunilha, Coca-Cola e Bagas Mistas &#8211; 10pcs\"}]},{\"@type\":\"WebSite\",\"@id\":\"https:\/\/www.fizzyvape.eu\/pt-pt\/#website\",\"url\":\"https:\/\/www.fizzyvape.eu\/pt-pt\/\",\"name\":\"fizzyvape.eu\",\"description\":\"Refreshing Vapes. Unforgettable Taste.\",\"publisher\":{\"@id\":\"https:\/\/www.fizzyvape.eu\/pt-pt\/#organization\"},\"potentialAction\":[{\"@type\":\"SearchAction\",\"target\":{\"@type\":\"EntryPoint\",\"urlTemplate\":\"https:\/\/www.fizzyvape.eu\/pt-pt\/?s={search_term_string}\"},\"query-input\":{\"@type\":\"PropertyValueSpecification\",\"valueRequired\":true,\"valueName\":\"search_term_string\"}}],\"inLanguage\":\"pt-PT\"},{\"@type\":\"Organization\",\"@id\":\"https:\/\/www.fizzyvape.eu\/pt-pt\/#organization\",\"name\":\"fizzyvape.eu\",\"url\":\"https:\/\/www.fizzyvape.eu\/pt-pt\/\",\"logo\":{\"@type\":\"ImageObject\",\"inLanguage\":\"pt-PT\",\"@id\":\"https:\/\/www.fizzyvape.eu\/pt-pt\/#\/schema\/logo\/image\/\",\"url\":\"https:\/\/fizzyvape.eu\/wp-content\/uploads\/2019\/06\/print-1.svg\",\"contentUrl\":\"https:\/\/fizzyvape.eu\/wp-content\/uploads\/2019\/06\/print-1.svg\",\"width\":124,\"height\":37,\"caption\":\"fizzyvape.eu\"},\"image\":{\"@id\":\"https:\/\/www.fizzyvape.eu\/pt-pt\/#\/schema\/logo\/image\/\"}}]}<\/script>\n<meta property=\"og:availability\" content=\"out of stock\" \/>\n<meta property=\"product:availability\" content=\"out of stock\" \/>\n<meta property=\"product:condition\" content=\"new\" \/>\n<!-- \/ Yoast SEO Premium plugin. -->","yoast_head_json":{"title":"Fizzy Max III 60000 Puffs 6-em-1 Vape descart\u00e1vel recarreg\u00e1vel","description":"Vape descart\u00e1vel Fizzy Max III 6 em 1: desfruta de 60000 baforadas e 6 sabores. Este dispositivo recarreg\u00e1vel possui um ecr\u00e3 LED e est\u00e1 dispon\u00edvel com 2% ou 5% de nicotina.","robots":{"index":"index","follow":"follow","max-snippet":"max-snippet:-1","max-image-preview":"max-image-preview:large","max-video-preview":"max-video-preview:-1"},"canonical":"https:\/\/fizzyvape.eu\/pt-pt\/produto\/fizzy-max-iii-6em1-60k-60000-puffs-vape-descartavel-recarregavel-melancia-gelo-morango-baunilha-coca-cola-e-bagas-mistas-10pcs\/","og_locale":"pt_PT","og_type":"article","og_title":"Fizzy Max III 6em1 60K 60000 Puffs Vape Descart\u00e1vel Recarreg\u00e1vel - Melancia, Gelo, Morango, Baunilha, Coca-Cola e Bagas Mistas - 10pcs","og_description":"Vape descart\u00e1vel Fizzy Max III 6 em 1: desfruta de 60000 baforadas e 6 sabores. Este dispositivo recarreg\u00e1vel possui um ecr\u00e3 LED e est\u00e1 dispon\u00edvel com 2% ou 5% de nicotina.","og_url":"https:\/\/fizzyvape.eu\/pt-pt\/produto\/fizzy-max-iii-6em1-60k-60000-puffs-vape-descartavel-recarregavel-melancia-gelo-morango-baunilha-coca-cola-e-bagas-mistas-10pcs\/","og_site_name":"fizzyvape.eu","og_image":[{"width":800,"height":800,"url":"https:\/\/fizzyvape.eu\/wp-content\/uploads\/2025\/06\/Fizzy-Max-60000-Puffs-07.webp","type":"image\/webp"}],"twitter_card":"summary_large_image","twitter_misc":{"Disponibilidade":"Esgotado"},"schema":{"@context":"https:\/\/schema.org","@graph":[{"@type":"WebPage","@id":"https:\/\/fizzyvape.eu\/pt-pt\/produto\/fizzy-max-iii-6em1-60k-60000-puffs-vape-descartavel-recarregavel-melancia-gelo-morango-baunilha-coca-cola-e-bagas-mistas-10pcs\/","url":"https:\/\/fizzyvape.eu\/pt-pt\/produto\/fizzy-max-iii-6em1-60k-60000-puffs-vape-descartavel-recarregavel-melancia-gelo-morango-baunilha-coca-cola-e-bagas-mistas-10pcs\/","name":"Fizzy Max III 60000 Puffs 6-em-1 Vape descart\u00e1vel recarreg\u00e1vel","isPartOf":{"@id":"https:\/\/www.fizzyvape.eu\/pt-pt\/#website"},"primaryImageOfPage":{"@id":"https:\/\/fizzyvape.eu\/pt-pt\/produto\/fizzy-max-iii-6em1-60k-60000-puffs-vape-descartavel-recarregavel-melancia-gelo-morango-baunilha-coca-cola-e-bagas-mistas-10pcs\/#primaryimage"},"image":{"@id":"https:\/\/fizzyvape.eu\/pt-pt\/produto\/fizzy-max-iii-6em1-60k-60000-puffs-vape-descartavel-recarregavel-melancia-gelo-morango-baunilha-coca-cola-e-bagas-mistas-10pcs\/#primaryimage"},"thumbnailUrl":"https:\/\/fizzyvape.eu\/wp-content\/uploads\/2025\/06\/Fizzy-Max-60000-Puffs-07.webp","datePublished":"2025-06-11T02:34:02+00:00","description":"Vape descart\u00e1vel Fizzy Max III 6 em 1: desfruta de 60000 baforadas e 6 sabores. Este dispositivo recarreg\u00e1vel possui um ecr\u00e3 LED e est\u00e1 dispon\u00edvel com 2% ou 5% de nicotina.","breadcrumb":{"@id":"https:\/\/fizzyvape.eu\/pt-pt\/produto\/fizzy-max-iii-6em1-60k-60000-puffs-vape-descartavel-recarregavel-melancia-gelo-morango-baunilha-coca-cola-e-bagas-mistas-10pcs\/#breadcrumb"},"inLanguage":"pt-PT","potentialAction":[{"@type":"ReadAction","target":["https:\/\/fizzyvape.eu\/pt-pt\/produto\/fizzy-max-iii-6em1-60k-60000-puffs-vape-descartavel-recarregavel-melancia-gelo-morango-baunilha-coca-cola-e-bagas-mistas-10pcs\/"]}]},{"@type":"ImageObject","inLanguage":"pt-PT","@id":"https:\/\/fizzyvape.eu\/pt-pt\/produto\/fizzy-max-iii-6em1-60k-60000-puffs-vape-descartavel-recarregavel-melancia-gelo-morango-baunilha-coca-cola-e-bagas-mistas-10pcs\/#primaryimage","url":"https:\/\/fizzyvape.eu\/wp-content\/uploads\/2025\/06\/Fizzy-Max-60000-Puffs-07.webp","contentUrl":"https:\/\/fizzyvape.eu\/wp-content\/uploads\/2025\/06\/Fizzy-Max-60000-Puffs-07.webp","width":800,"height":800},{"@type":"BreadcrumbList","@id":"https:\/\/fizzyvape.eu\/pt-pt\/produto\/fizzy-max-iii-6em1-60k-60000-puffs-vape-descartavel-recarregavel-melancia-gelo-morango-baunilha-coca-cola-e-bagas-mistas-10pcs\/#breadcrumb","itemListElement":[{"@type":"ListItem","position":1,"name":"Home","item":"https:\/\/fizzyvape.eu\/pt-pt\/"},{"@type":"ListItem","position":2,"name":"Shop","item":"https:\/\/www.fizzyvape.eu\/pt-pt\/shop\/"},{"@type":"ListItem","position":3,"name":"Fizzy Max III 6em1 60K 60000 Puffs Vape Descart\u00e1vel Recarreg\u00e1vel &#8211; Melancia, Gelo, Morango, Baunilha, Coca-Cola e Bagas Mistas &#8211; 10pcs"}]},{"@type":"WebSite","@id":"https:\/\/www.fizzyvape.eu\/pt-pt\/#website","url":"https:\/\/www.fizzyvape.eu\/pt-pt\/","name":"fizzyvape.eu","description":"Refreshing Vapes. Unforgettable Taste.","publisher":{"@id":"https:\/\/www.fizzyvape.eu\/pt-pt\/#organization"},"potentialAction":[{"@type":"SearchAction","target":{"@type":"EntryPoint","urlTemplate":"https:\/\/www.fizzyvape.eu\/pt-pt\/?s={search_term_string}"},"query-input":{"@type":"PropertyValueSpecification","valueRequired":true,"valueName":"search_term_string"}}],"inLanguage":"pt-PT"},{"@type":"Organization","@id":"https:\/\/www.fizzyvape.eu\/pt-pt\/#organization","name":"fizzyvape.eu","url":"https:\/\/www.fizzyvape.eu\/pt-pt\/","logo":{"@type":"ImageObject","inLanguage":"pt-PT","@id":"https:\/\/www.fizzyvape.eu\/pt-pt\/#\/schema\/logo\/image\/","url":"https:\/\/fizzyvape.eu\/wp-content\/uploads\/2019\/06\/print-1.svg","contentUrl":"https:\/\/fizzyvape.eu\/wp-content\/uploads\/2019\/06\/print-1.svg","width":124,"height":37,"caption":"fizzyvape.eu"},"image":{"@id":"https:\/\/www.fizzyvape.eu\/pt-pt\/#\/schema\/logo\/image\/"}}]},"og_availability":"out of stock","product_availability":"out of stock","product_condition":"new"},"tiered_pricing_type":"fixed","tiered_pricing_fixed_rules":[],"tiered_pricing_product_settings":{"layout":"default","base_unit_name":{"singular":null,"plural":null},"default_variation":null},"tiered_pricing_minimum_quantity":null,"tiered_pricing_roles_data":[],"tiered_pricing_percentage_rules":[],"tiered_pricing_maximum_quantity":null,"tiered_pricing_quantity_step":null,"_links":{"self":[{"href":"https:\/\/fizzyvape.eu\/pt-pt\/wp-json\/wp\/v2\/product\/33016","targetHints":{"allow":["GET"]}}],"collection":[{"href":"https:\/\/fizzyvape.eu\/pt-pt\/wp-json\/wp\/v2\/product"}],"about":[{"href":"https:\/\/fizzyvape.eu\/pt-pt\/wp-json\/wp\/v2\/types\/product"}],"replies":[{"embeddable":true,"href":"https:\/\/fizzyvape.eu\/pt-pt\/wp-json\/wp\/v2\/comments?post=33016"}],"version-history":[{"count":0,"href":"https:\/\/fizzyvape.eu\/pt-pt\/wp-json\/wp\/v2\/product\/33016\/revisions"}],"wp:featuredmedia":[{"embeddable":true,"href":"https:\/\/fizzyvape.eu\/pt-pt\/wp-json\/wp\/v2\/media\/32465"}],"wp:attachment":[{"href":"https:\/\/fizzyvape.eu\/pt-pt\/wp-json\/wp\/v2\/media?parent=33016"}],"wp:term":[{"taxonomy":"product_brand","embeddable":true,"href":"https:\/\/fizzyvape.eu\/pt-pt\/wp-json\/wp\/v2\/product_brand?post=33016"},{"taxonomy":"product_cat","embeddable":true,"href":"https:\/\/fizzyvape.eu\/pt-pt\/wp-json\/wp\/v2\/product_cat?post=33016"},{"taxonomy":"product_tag","embeddable":true,"href":"https:\/\/fizzyvape.eu\/pt-pt\/wp-json\/wp\/v2\/product_tag?post=33016"}],"curies":[{"name":"wp","href":"https:\/\/api.w.org\/{rel}","templated":true}]}}