{"id":33050,"date":"2025-06-11T14:32:35","date_gmt":"2025-06-11T06:32:35","guid":{"rendered":"https:\/\/fizzyvape.eu\/product\/fizzy-max-iii-6em1-60k-60000-puffs-vape-descartavel-recarregavel-colecao-de-sabores-surpresa-embalagem-de-6\/"},"modified":"2025-06-17T11:09:59","modified_gmt":"2025-06-17T03:09:59","slug":"fizzy-max-iii-6em1-60k-60000-puffs-vape-descartavel-recarregavel-colecao-de-sabores-surpresa-embalagem-de-6","status":"publish","type":"product","link":"https:\/\/fizzyvape.eu\/pt-pt\/produto\/fizzy-max-iii-6em1-60k-60000-puffs-vape-descartavel-recarregavel-colecao-de-sabores-surpresa-embalagem-de-6\/","title":{"rendered":"Fizzy Max III 6em1 60K 60000 Puffs Vape Descart\u00e1vel Recarreg\u00e1vel &#8211; Cole\u00e7\u00e3o de Sabores Surpresa (embalagem de 6)"},"content":{"rendered":"<h2>Fizzy Max III 6em1 60K 60000 Puffs Vape Descart\u00e1vel &#8211; Cole\u00e7\u00e3o de Sabores Surpresa (embalagem de 6)<\/h2>\n<p>Embarca numa nova e arrojada viagem vaporizadora com o <strong data-start=\"83\" data-end=\"170\">vaporizador descart\u00e1vel recarreg\u00e1vel Fizzy Max III 60000 Puffs &#8211; Surprise Flavor Collection<\/strong>. Este luxuoso conjunto <strong>de 6 pe\u00e7as<\/strong> inclui <strong>seis<\/strong> <strong>vaporizadores descart\u00e1veis rec<\/strong>arreg\u00e1veis <strong>de alta capacidade<\/strong>, cada um oferecendo uma impressionante sele\u00e7\u00e3o de <strong>3 sabores individuais<\/strong> e <strong>3 misturas \u00fanicas<\/strong>. Gra\u00e7as \u00e0 inovadora boquilha rotativa, alternar entre perfis de sabor \u00e9 f\u00e1cil &#8211; n\u00e3o precisas de mudar de c\u00e1psulas ou dispositivos. Concebida para garantir a longevidade e a consist\u00eancia do sabor, cada unidade proporciona at\u00e9 <strong>60.000 baforadas<\/strong>. Prepara-te para um sabor rico, uma funcionalidade avan\u00e7ada e uma variedade de sabores &#8211; tudo num emocionante pacote misterioso.    <\/p>\n<h3>O que est\u00e1 no interior: 6 combina\u00e7\u00f5es de sabores escolhidos a dedo para uma variedade infinita<\/h3>\n<p>Selecion\u00e1mos uma mistura excitante das nossas combina\u00e7\u00f5es de sabores mais vendidas, assegurando que cada dispositivo traz uma nova surpresa. O teu pacote de 6 inclui: <\/p>\n<p><strong><span style=\"color: #000000;\">1<\/span>. Melancia com morango e lima-lim\u00e3o e coco com mirtilo <\/strong><br \/>\n<strong>2. Gelo de mirtilo, cereja com g\u00e1s e lim\u00e3o com framboesa<\/strong><br \/>\n<strong>3. Gelo de melancia e morango Coca-Cola de baunilha e mistura de frutos silvestres<\/strong><br \/>\n<strong>4. Fruta do drag\u00e3o com morango e Red Bull e melancia com framboesa<\/strong><br \/>\n<strong>5. Morango Framboesa e manga P\u00eassego e mirtilo Melancia<\/strong><br \/>\n<strong>6. Mistura de frutos silvestres e kiwi Maracuj\u00e1 Goiaba e morango Melancia<\/strong><\/p>\n<p>Com cada aparelho, roda a boquilha para passar de ciclo:<\/p>\n<p><strong>A \u2192 Mistura AB \u2192 B \u2192 Mistura BC \u2192 C \u2192 Mistura CA<\/strong><\/p>\n<p>Percorre sem problemas os seis sabores poss\u00edveis com uma simples rota\u00e7\u00e3o da boquilha. Desfruta da m\u00e1xima comodidade do sistema 6 em 1. Est\u00e1s curioso? V\u00ea o nosso <a href=\"https:\/\/www.youtube.com\/watch?v=CoxB_HvaU3k\">v\u00eddeo<\/a> de demonstra\u00e7\u00e3o.   <\/p>\n<h3><strong>Destaques do produto<\/strong><\/h3>\n<ul>\n<li><strong>At\u00e9 60.000 baforadas por dispositivo:<\/strong> Cada vape \u00e9 embalado com um sistema de e-l\u00edquido de alta capacidade de 60mL, oferecendo semanas de vaporiza\u00e7\u00e3o consistente.<\/li>\n<li><strong>Sistema de sabores 6 em 1:<\/strong> Desfruta de incr\u00edveis 3 sabores individuais distintos e 3 modos mistos \u00fanicos em cada dispositivo, para a m\u00e1xima variedade.<\/li>\n<li><strong>Bateria recarreg\u00e1vel de 850mAh:<\/strong> Aproveita a energia at\u00e9 \u00e0 \u00faltima gota com a conveni\u00eancia do carregamento r\u00e1pido USB-C.<\/li>\n<li><strong>Ecr\u00e3 LED inteligente:<\/strong> Controla facilmente o estado da bateria em tempo real e o modo de vaporiza\u00e7\u00e3o atual num piscar de olhos.<\/li>\n<li><strong>Tecnologia de bobina de malha avan\u00e7ada:<\/strong> Experimenta um vapor consistentemente suave, um sabor rico e um desempenho m\u00e1ximo em cada tragada.<\/li>\n<li><strong>Dois modos de inala\u00e7\u00e3o:<\/strong> Escolhe o teu estilo de vaporiza\u00e7\u00e3o preferido:\n<ul>\n<li><strong>Modo de Sabor \u00danico (MTL):<\/strong> Proporciona uma tra\u00e7\u00e3o suave e cl\u00e1ssica da boca aos pulm\u00f5es.<\/li>\n<li><strong>Modo de mistura de dois sabores (DL):<\/strong> Fornece um fluxo de ar melhorado para obteres batidas diretas no pulm\u00e3o com mais vapor e misturas de sabores excitantes.<\/li>\n<\/ul>\n<\/li>\n<li><strong>Intensidade da nicotina:<\/strong> Dispon\u00edvel em 2% (20mg\/mL) para uma experi\u00eancia mais suave ou 5% (50mg\/mL) para um efeito mais forte e satisfat\u00f3rio na garganta.<\/li>\n<li><strong>Compacto e f\u00e1cil de viajar:<\/strong> O seu design \u00e0 prova de fugas e o seu tamanho pronto a levar no bolso tornam-no perfeito para andar em qualquer lugar, e \u00e9 seguro para viajar sem preocupa\u00e7\u00f5es.<\/li>\n<\/ul>\n<h3><strong>Fizzy Max III 6in1 60000 Puffs Vape descart\u00e1vel Lista de sabores:<\/strong><\/h3>\n<ol>\n<li><a href=\"https:\/\/fizzyvape.eu\/pt-pt\/produto\/fizzy-max-iii-6em1-60k-60000-puffs-vape-descartavel-recarregavel-morango-framboesa-manga-pessego-e-mirtilo-melancia-10-unidades\/\">Morango Framboesa e manga P\u00eassego e mirtilo Melancia<\/a><\/li>\n<li><a href=\"https:\/\/fizzyvape.eu\/pt-pt\/produto\/fizzy-max-iii-6in1-60k-60000-puffs-vape-descartavel-recarregavel-mistura-de-frutos-silvestres-e-kiwi-maracuja-goiaba-e-morango-melancia-10pcs\/\">Mistura de frutos silvestres e kiwi Maracuj\u00e1 Goiaba e morango Melancia<\/a><\/li>\n<li><a href=\"https:\/\/fizzyvape.eu\/pt-pt\/produto\/fizzy-max-iii-6em1-60k-60000-puffs-vape-descartavel-recarregavel-mirtilo-framboesa-melao-triplo-gelo-morango-10pcs\/\">Mirtilo, framboesa, mel\u00e3o triplo e gelo de morango<\/a><\/li>\n<li><a href=\"https:\/\/fizzyvape.eu\/pt-pt\/produto\/fizzy-max-iii-6in1-60k-60000-puffs-vape-descartavel-recarregavel-morango-fruta-do-dragao-red-bull-e-melancia-com-framboesa-10pcs\/\">Morango Dragon Fruit &amp; Red Bull &amp; Melancia Framboesa<\/a><\/li>\n<li><a href=\"https:\/\/fizzyvape.eu\/pt-pt\/produto\/fizzy-max-iii-6em1-60k-60000-puffs-vape-descartavel-recarregavel-morango-kiwi-mirtilo-ice-melancia-ice-10pcs\/\">Gelo de morango, kiwi e mirtilo e gelo de melancia<\/a><\/li>\n<li><a href=\"https:\/\/fizzyvape.eu\/pt-pt\/produto\/fizzy-max-iii-6em1-60k-60000-puffs-vape-descartavel-recarregavel-blueberry-ice-fizzy-cherry-raspberry-lemon-10pcs\/\">Mirtilo Gelado &amp; Cereja Fresca &amp; Framboesa Lim\u00e3o<\/a><\/li>\n<li><a href=\"https:\/\/fizzyvape.eu\/pt-pt\/produto\/fizzy-max-iii-6em1-60k-60000-puffs-vape-descartavel-recarregavel-melancia-gelo-morango-baunilha-coca-cola-e-bagas-mistas-10pcs\/\">Gelado de melancia e morango Coca-Cola de baunilha e mista<\/a><\/li>\n<li><a href=\"https:\/\/fizzyvape.eu\/pt-pt\/produto\/fizzy-max-iii-6em1-60k-60000-puffs-vape-descartavel-recarregavel-morango-uva-mirtilo-coco-pessego-limao-10pcs\/\">Morango Uva e Mirtilo Coco e P\u00eassego Lim\u00e3o<\/a><\/li>\n<li><a href=\"https:\/\/fizzyvape.eu\/pt-pt\/produto\/fizzy-max-iii-6in1-60k-60000-puffs-vape-descartavel-recarregavel-azul-razz-ice-morango-kiwi-laranja-ananas-azedo-10pcs\/\">Blue Razz Ice &amp; Morango Kiwi &amp; Laranja Anan\u00e1s Azedo<\/a><\/li>\n<li><a href=\"https:\/\/fizzyvape.eu\/pt-pt\/produto\/fizzy-max-iii-6in1-60k-60000-puffs-vape-descartavel-recarregavel-morango-melancia-lima-limao-e-mirtilo-coco-10pcs\/\">Melancia com morango e lima-lim\u00e3o e coco com mirtilo<\/a><\/li>\n<\/ol>\n<p>&nbsp;<\/p>\n<h3>Porque vais adorar o Fizzy Max III 6 em 1<\/h3>\n<ul>\n<li><strong>Variedade sem igual:<\/strong> Seis dispositivos, cada um com seis op\u00e7\u00f5es de sabor, significam possibilidades infinitas num s\u00f3 pacote.<\/li>\n<li><strong>Troca<\/strong> de sabores <strong>sem esfor\u00e7o:<\/strong> A boquilha rotativa torna a troca de sabores incrivelmente simples e intuitiva.<\/li>\n<li><strong>Desfruta durante mais tempo:<\/strong> Com at\u00e9 60.000 baforadas por dispositivo, vais vaporar durante mais tempo sem precisar de substitui\u00e7\u00f5es.<\/li>\n<li><strong>Qualidade consistente:<\/strong> A tecnologia avan\u00e7ada garante-te um sabor rico e nuvens densas do princ\u00edpio ao fim.<\/li>\n<li><strong>Envio r\u00e1pido e fi\u00e1vel:<\/strong> Faz com que a tua aventura de sabores seja entregue rapidamente a partir da Europa, evitando atrasos na alf\u00e2ndega.<\/li>\n<li><strong>Premium e pr\u00e1tico:<\/strong> Um design elegante e duradouro com carregamento r\u00e1pido e um ecr\u00e3 LED n\u00edtido para uma experi\u00eancia verdadeiramente sem complica\u00e7\u00f5es.<\/li>\n<\/ul>\n<h3><strong>  Perguntas e Respostas &#8211; Fizzy Max III 6in1 60K Vape Descart\u00e1vel<\/strong><\/h3>\n<p><strong>1. Quantas baforadas oferece cada aparelho Fizzy Max III?<\/strong><\/p>\n<p>Cada dispositivo proporciona-te umas incr\u00edveis <strong>60.000 baforadas<\/strong>, gra\u00e7as ao seu sistema de e-l\u00edquido de alta capacidade de 60 ml e \u00e0 potente bateria recarreg\u00e1vel.<\/p>\n<p><strong>2. O Fizzy Max III \u00e9 recarreg\u00e1vel?<\/strong><\/p>\n<p>Sim, sem d\u00favida! Possui uma robusta bateria recarreg\u00e1vel de 850mAh com carregamento r\u00e1pido Tipo C. Podes recarreg\u00e1-lo facilmente v\u00e1rias vezes para garantir que desfrutas de cada tragada.  <\/p>\n<p><strong>3. Como \u00e9 que mudo os sabores do dispositivo 6 em 1?<\/strong><\/p>\n<p>\u00c9 muito f\u00e1cil! Basta levantares <strong>e rodares a boquilha<\/strong>. O sistema de rota\u00e7\u00e3o inteligente percorre intuitivamente os 3 sabores individuais e os 3 modos mistos \u00fanicos, proporcionando-te 6 experi\u00eancias de sabor no total.  <\/p>\n<p><strong>4. Quantos sabores existem verdadeiramente num aparelho?<\/strong><\/p>\n<p>Cada dispositivo vem com 3 c\u00e1psulas de sabor independentes pr\u00e9-cheias. Quando combinados com os 3 modos mistos activados pela rota\u00e7\u00e3o do bocal, obt\u00e9ns <strong>6 experi\u00eancias de sabor distintas<\/strong> com um \u00fanico vape! <\/p>\n<p><strong>5. Que dosagens de nicotina est\u00e3o dispon\u00edveis?<\/strong><\/p>\n<p>Os vapes Fizzy Max III est\u00e3o dispon\u00edveis em duas op\u00e7\u00f5es pr\u00e1ticas de concentra\u00e7\u00e3o de nicotina: <strong>2% (20mg\/mL)<\/strong>, ideal para um vape suave e saboroso, e <strong>5% (50mg\/mL)<\/strong>, concebido para um efeito mais forte e satisfat\u00f3rio na garganta.<\/p>\n","protected":false},"excerpt":{"rendered":"<p>Experimenta a derradeira variedade com a <strong>Fizzy Max III 6in1 Surprise Flavor<\/strong> Collection &#8211; <strong>6 vapes descart\u00e1veis<\/strong> recarreg\u00e1veis, cada um com at\u00e9 <strong>60.000 baforadas<\/strong> e <strong>6 modos de sabor \u00fanicos<\/strong>. Desfruta da tecnologia de boquilha rotativa, do <strong>visor LED<\/strong>, do <strong>carregamento USB-C<\/strong>, do <strong>desempenho da bobina de malha<\/strong> e <strong>das op\u00e7\u00f5es de 2% ou 5% de nicotina<\/strong> num pacote misterioso premium. <\/p>\n","protected":false},"featured_media":32789,"comment_status":"open","ping_status":"closed","template":"","meta":{"iawp_total_views":6},"product_brand":[],"product_cat":[950,959,266],"product_tag":[],"class_list":{"0":"post-33050","1":"product","2":"type-product","3":"status-publish","4":"has-post-thumbnail","6":"product_cat-eu-warehouse-pt-pt","7":"product_cat-hot-selling-vape-pt-pt","8":"product_cat-multi-flavor-pack-pt-pt","10":"first","11":"outofstock","12":"sale","13":"shipping-taxable","14":"purchasable","15":"product-type-variable"},"yoast_head":"<!-- This site is optimized with the Yoast SEO Premium plugin v24.8 (Yoast SEO v24.8) - https:\/\/yoast.com\/wordpress\/plugins\/seo\/ -->\n<title>60000 Puffs 6-em-1 Vape Descart\u00e1vel - Caixa Mist\u00e9rio (6pcs)<\/title>\n<meta name=\"description\" content=\"Fizzy Max 6-in-1 60000 puffs vape descart\u00e1vel 6-pack - cada dispositivo recarreg\u00e1vel inclui 6 sabores rotativos para uma variedade inigual\u00e1vel.\" \/>\n<meta name=\"robots\" content=\"index, follow, max-snippet:-1, max-image-preview:large, max-video-preview:-1\" \/>\n<link rel=\"canonical\" href=\"https:\/\/fizzyvape.eu\/pt-pt\/produto\/fizzy-max-iii-6em1-60k-60000-puffs-vape-descartavel-recarregavel-colecao-de-sabores-surpresa-embalagem-de-6\/\" \/>\n<meta property=\"og:locale\" content=\"pt_PT\" \/>\n<meta property=\"og:type\" content=\"article\" \/>\n<meta property=\"og:title\" content=\"Fizzy Max III 6em1 60K 60000 Puffs Vape Descart\u00e1vel Recarreg\u00e1vel - Cole\u00e7\u00e3o de Sabores Surpresa (embalagem de 6)\" \/>\n<meta property=\"og:description\" content=\"Fizzy Max 6-in-1 60000 puffs vape descart\u00e1vel 6-pack - cada dispositivo recarreg\u00e1vel inclui 6 sabores rotativos para uma variedade inigual\u00e1vel.\" \/>\n<meta property=\"og:url\" content=\"https:\/\/fizzyvape.eu\/pt-pt\/produto\/fizzy-max-iii-6em1-60k-60000-puffs-vape-descartavel-recarregavel-colecao-de-sabores-surpresa-embalagem-de-6\/\" \/>\n<meta property=\"og:site_name\" content=\"fizzyvape.eu\" \/>\n<meta property=\"article:modified_time\" content=\"2025-06-17T03:09:59+00:00\" \/>\n<meta property=\"og:image\" content=\"https:\/\/fizzyvape.eu\/wp-content\/uploads\/2025\/06\/Fizzy-Max-III-6in1-60K-60000-Puffs-Disposable-Vape-01.webp\" \/>\n\t<meta property=\"og:image:width\" content=\"800\" \/>\n\t<meta property=\"og:image:height\" content=\"800\" \/>\n\t<meta property=\"og:image:type\" content=\"image\/webp\" \/>\n<meta name=\"twitter:card\" content=\"summary_large_image\" \/>\n<meta name=\"twitter:label1\" content=\"Disponibilidade\" \/>\n\t<meta name=\"twitter:data1\" content=\"Esgotado\" \/>\n<script type=\"application\/ld+json\" class=\"yoast-schema-graph\">{\"@context\":\"https:\/\/schema.org\",\"@graph\":[{\"@type\":\"WebPage\",\"@id\":\"https:\/\/fizzyvape.eu\/pt-pt\/produto\/fizzy-max-iii-6em1-60k-60000-puffs-vape-descartavel-recarregavel-colecao-de-sabores-surpresa-embalagem-de-6\/\",\"url\":\"https:\/\/fizzyvape.eu\/pt-pt\/produto\/fizzy-max-iii-6em1-60k-60000-puffs-vape-descartavel-recarregavel-colecao-de-sabores-surpresa-embalagem-de-6\/\",\"name\":\"60000 Puffs 6-em-1 Vape Descart\u00e1vel - Caixa Mist\u00e9rio (6pcs)\",\"isPartOf\":{\"@id\":\"https:\/\/www.fizzyvape.eu\/pt-pt\/#website\"},\"primaryImageOfPage\":{\"@id\":\"https:\/\/fizzyvape.eu\/pt-pt\/produto\/fizzy-max-iii-6em1-60k-60000-puffs-vape-descartavel-recarregavel-colecao-de-sabores-surpresa-embalagem-de-6\/#primaryimage\"},\"image\":{\"@id\":\"https:\/\/fizzyvape.eu\/pt-pt\/produto\/fizzy-max-iii-6em1-60k-60000-puffs-vape-descartavel-recarregavel-colecao-de-sabores-surpresa-embalagem-de-6\/#primaryimage\"},\"thumbnailUrl\":\"https:\/\/fizzyvape.eu\/wp-content\/uploads\/2025\/06\/Fizzy-Max-III-6in1-60K-60000-Puffs-Disposable-Vape-01.webp\",\"datePublished\":\"2025-06-11T06:32:35+00:00\",\"dateModified\":\"2025-06-17T03:09:59+00:00\",\"description\":\"Fizzy Max 6-in-1 60000 puffs vape descart\u00e1vel 6-pack - cada dispositivo recarreg\u00e1vel inclui 6 sabores rotativos para uma variedade inigual\u00e1vel.\",\"breadcrumb\":{\"@id\":\"https:\/\/fizzyvape.eu\/pt-pt\/produto\/fizzy-max-iii-6em1-60k-60000-puffs-vape-descartavel-recarregavel-colecao-de-sabores-surpresa-embalagem-de-6\/#breadcrumb\"},\"inLanguage\":\"pt-PT\",\"potentialAction\":[{\"@type\":\"ReadAction\",\"target\":[\"https:\/\/fizzyvape.eu\/pt-pt\/produto\/fizzy-max-iii-6em1-60k-60000-puffs-vape-descartavel-recarregavel-colecao-de-sabores-surpresa-embalagem-de-6\/\"]}]},{\"@type\":\"ImageObject\",\"inLanguage\":\"pt-PT\",\"@id\":\"https:\/\/fizzyvape.eu\/pt-pt\/produto\/fizzy-max-iii-6em1-60k-60000-puffs-vape-descartavel-recarregavel-colecao-de-sabores-surpresa-embalagem-de-6\/#primaryimage\",\"url\":\"https:\/\/fizzyvape.eu\/wp-content\/uploads\/2025\/06\/Fizzy-Max-III-6in1-60K-60000-Puffs-Disposable-Vape-01.webp\",\"contentUrl\":\"https:\/\/fizzyvape.eu\/wp-content\/uploads\/2025\/06\/Fizzy-Max-III-6in1-60K-60000-Puffs-Disposable-Vape-01.webp\",\"width\":800,\"height\":800,\"caption\":\"Fizzy Max III 6in1 60K 60000 Puffs Vape descart\u00e1vel 01\"},{\"@type\":\"BreadcrumbList\",\"@id\":\"https:\/\/fizzyvape.eu\/pt-pt\/produto\/fizzy-max-iii-6em1-60k-60000-puffs-vape-descartavel-recarregavel-colecao-de-sabores-surpresa-embalagem-de-6\/#breadcrumb\",\"itemListElement\":[{\"@type\":\"ListItem\",\"position\":1,\"name\":\"Home\",\"item\":\"https:\/\/fizzyvape.eu\/pt-pt\/\"},{\"@type\":\"ListItem\",\"position\":2,\"name\":\"Shop\",\"item\":\"https:\/\/www.fizzyvape.eu\/pt-pt\/shop\/\"},{\"@type\":\"ListItem\",\"position\":3,\"name\":\"Fizzy Max III 6em1 60K 60000 Puffs Vape Descart\u00e1vel Recarreg\u00e1vel &#8211; Cole\u00e7\u00e3o de Sabores Surpresa (embalagem de 6)\"}]},{\"@type\":\"WebSite\",\"@id\":\"https:\/\/www.fizzyvape.eu\/pt-pt\/#website\",\"url\":\"https:\/\/www.fizzyvape.eu\/pt-pt\/\",\"name\":\"fizzyvape.eu\",\"description\":\"Refreshing Vapes. Unforgettable Taste.\",\"publisher\":{\"@id\":\"https:\/\/www.fizzyvape.eu\/pt-pt\/#organization\"},\"potentialAction\":[{\"@type\":\"SearchAction\",\"target\":{\"@type\":\"EntryPoint\",\"urlTemplate\":\"https:\/\/www.fizzyvape.eu\/pt-pt\/?s={search_term_string}\"},\"query-input\":{\"@type\":\"PropertyValueSpecification\",\"valueRequired\":true,\"valueName\":\"search_term_string\"}}],\"inLanguage\":\"pt-PT\"},{\"@type\":\"Organization\",\"@id\":\"https:\/\/www.fizzyvape.eu\/pt-pt\/#organization\",\"name\":\"fizzyvape.eu\",\"url\":\"https:\/\/www.fizzyvape.eu\/pt-pt\/\",\"logo\":{\"@type\":\"ImageObject\",\"inLanguage\":\"pt-PT\",\"@id\":\"https:\/\/www.fizzyvape.eu\/pt-pt\/#\/schema\/logo\/image\/\",\"url\":\"https:\/\/fizzyvape.eu\/wp-content\/uploads\/2019\/06\/print-1.svg\",\"contentUrl\":\"https:\/\/fizzyvape.eu\/wp-content\/uploads\/2019\/06\/print-1.svg\",\"width\":124,\"height\":37,\"caption\":\"fizzyvape.eu\"},\"image\":{\"@id\":\"https:\/\/www.fizzyvape.eu\/pt-pt\/#\/schema\/logo\/image\/\"}}]}<\/script>\n<meta property=\"og:availability\" content=\"out of stock\" \/>\n<meta property=\"product:availability\" content=\"out of stock\" \/>\n<meta property=\"product:condition\" content=\"new\" \/>\n<!-- \/ Yoast SEO Premium plugin. -->","yoast_head_json":{"title":"60000 Puffs 6-em-1 Vape Descart\u00e1vel - Caixa Mist\u00e9rio (6pcs)","description":"Fizzy Max 6-in-1 60000 puffs vape descart\u00e1vel 6-pack - cada dispositivo recarreg\u00e1vel inclui 6 sabores rotativos para uma variedade inigual\u00e1vel.","robots":{"index":"index","follow":"follow","max-snippet":"max-snippet:-1","max-image-preview":"max-image-preview:large","max-video-preview":"max-video-preview:-1"},"canonical":"https:\/\/fizzyvape.eu\/pt-pt\/produto\/fizzy-max-iii-6em1-60k-60000-puffs-vape-descartavel-recarregavel-colecao-de-sabores-surpresa-embalagem-de-6\/","og_locale":"pt_PT","og_type":"article","og_title":"Fizzy Max III 6em1 60K 60000 Puffs Vape Descart\u00e1vel Recarreg\u00e1vel - Cole\u00e7\u00e3o de Sabores Surpresa (embalagem de 6)","og_description":"Fizzy Max 6-in-1 60000 puffs vape descart\u00e1vel 6-pack - cada dispositivo recarreg\u00e1vel inclui 6 sabores rotativos para uma variedade inigual\u00e1vel.","og_url":"https:\/\/fizzyvape.eu\/pt-pt\/produto\/fizzy-max-iii-6em1-60k-60000-puffs-vape-descartavel-recarregavel-colecao-de-sabores-surpresa-embalagem-de-6\/","og_site_name":"fizzyvape.eu","article_modified_time":"2025-06-17T03:09:59+00:00","og_image":[{"width":800,"height":800,"url":"https:\/\/fizzyvape.eu\/wp-content\/uploads\/2025\/06\/Fizzy-Max-III-6in1-60K-60000-Puffs-Disposable-Vape-01.webp","type":"image\/webp"}],"twitter_card":"summary_large_image","twitter_misc":{"Disponibilidade":"Esgotado"},"schema":{"@context":"https:\/\/schema.org","@graph":[{"@type":"WebPage","@id":"https:\/\/fizzyvape.eu\/pt-pt\/produto\/fizzy-max-iii-6em1-60k-60000-puffs-vape-descartavel-recarregavel-colecao-de-sabores-surpresa-embalagem-de-6\/","url":"https:\/\/fizzyvape.eu\/pt-pt\/produto\/fizzy-max-iii-6em1-60k-60000-puffs-vape-descartavel-recarregavel-colecao-de-sabores-surpresa-embalagem-de-6\/","name":"60000 Puffs 6-em-1 Vape Descart\u00e1vel - Caixa Mist\u00e9rio (6pcs)","isPartOf":{"@id":"https:\/\/www.fizzyvape.eu\/pt-pt\/#website"},"primaryImageOfPage":{"@id":"https:\/\/fizzyvape.eu\/pt-pt\/produto\/fizzy-max-iii-6em1-60k-60000-puffs-vape-descartavel-recarregavel-colecao-de-sabores-surpresa-embalagem-de-6\/#primaryimage"},"image":{"@id":"https:\/\/fizzyvape.eu\/pt-pt\/produto\/fizzy-max-iii-6em1-60k-60000-puffs-vape-descartavel-recarregavel-colecao-de-sabores-surpresa-embalagem-de-6\/#primaryimage"},"thumbnailUrl":"https:\/\/fizzyvape.eu\/wp-content\/uploads\/2025\/06\/Fizzy-Max-III-6in1-60K-60000-Puffs-Disposable-Vape-01.webp","datePublished":"2025-06-11T06:32:35+00:00","dateModified":"2025-06-17T03:09:59+00:00","description":"Fizzy Max 6-in-1 60000 puffs vape descart\u00e1vel 6-pack - cada dispositivo recarreg\u00e1vel inclui 6 sabores rotativos para uma variedade inigual\u00e1vel.","breadcrumb":{"@id":"https:\/\/fizzyvape.eu\/pt-pt\/produto\/fizzy-max-iii-6em1-60k-60000-puffs-vape-descartavel-recarregavel-colecao-de-sabores-surpresa-embalagem-de-6\/#breadcrumb"},"inLanguage":"pt-PT","potentialAction":[{"@type":"ReadAction","target":["https:\/\/fizzyvape.eu\/pt-pt\/produto\/fizzy-max-iii-6em1-60k-60000-puffs-vape-descartavel-recarregavel-colecao-de-sabores-surpresa-embalagem-de-6\/"]}]},{"@type":"ImageObject","inLanguage":"pt-PT","@id":"https:\/\/fizzyvape.eu\/pt-pt\/produto\/fizzy-max-iii-6em1-60k-60000-puffs-vape-descartavel-recarregavel-colecao-de-sabores-surpresa-embalagem-de-6\/#primaryimage","url":"https:\/\/fizzyvape.eu\/wp-content\/uploads\/2025\/06\/Fizzy-Max-III-6in1-60K-60000-Puffs-Disposable-Vape-01.webp","contentUrl":"https:\/\/fizzyvape.eu\/wp-content\/uploads\/2025\/06\/Fizzy-Max-III-6in1-60K-60000-Puffs-Disposable-Vape-01.webp","width":800,"height":800,"caption":"Fizzy Max III 6in1 60K 60000 Puffs Vape descart\u00e1vel 01"},{"@type":"BreadcrumbList","@id":"https:\/\/fizzyvape.eu\/pt-pt\/produto\/fizzy-max-iii-6em1-60k-60000-puffs-vape-descartavel-recarregavel-colecao-de-sabores-surpresa-embalagem-de-6\/#breadcrumb","itemListElement":[{"@type":"ListItem","position":1,"name":"Home","item":"https:\/\/fizzyvape.eu\/pt-pt\/"},{"@type":"ListItem","position":2,"name":"Shop","item":"https:\/\/www.fizzyvape.eu\/pt-pt\/shop\/"},{"@type":"ListItem","position":3,"name":"Fizzy Max III 6em1 60K 60000 Puffs Vape Descart\u00e1vel Recarreg\u00e1vel &#8211; Cole\u00e7\u00e3o de Sabores Surpresa (embalagem de 6)"}]},{"@type":"WebSite","@id":"https:\/\/www.fizzyvape.eu\/pt-pt\/#website","url":"https:\/\/www.fizzyvape.eu\/pt-pt\/","name":"fizzyvape.eu","description":"Refreshing Vapes. Unforgettable Taste.","publisher":{"@id":"https:\/\/www.fizzyvape.eu\/pt-pt\/#organization"},"potentialAction":[{"@type":"SearchAction","target":{"@type":"EntryPoint","urlTemplate":"https:\/\/www.fizzyvape.eu\/pt-pt\/?s={search_term_string}"},"query-input":{"@type":"PropertyValueSpecification","valueRequired":true,"valueName":"search_term_string"}}],"inLanguage":"pt-PT"},{"@type":"Organization","@id":"https:\/\/www.fizzyvape.eu\/pt-pt\/#organization","name":"fizzyvape.eu","url":"https:\/\/www.fizzyvape.eu\/pt-pt\/","logo":{"@type":"ImageObject","inLanguage":"pt-PT","@id":"https:\/\/www.fizzyvape.eu\/pt-pt\/#\/schema\/logo\/image\/","url":"https:\/\/fizzyvape.eu\/wp-content\/uploads\/2019\/06\/print-1.svg","contentUrl":"https:\/\/fizzyvape.eu\/wp-content\/uploads\/2019\/06\/print-1.svg","width":124,"height":37,"caption":"fizzyvape.eu"},"image":{"@id":"https:\/\/www.fizzyvape.eu\/pt-pt\/#\/schema\/logo\/image\/"}}]},"og_availability":"out of stock","product_availability":"out of stock","product_condition":"new"},"tiered_pricing_type":"fixed","tiered_pricing_fixed_rules":[],"tiered_pricing_product_settings":{"layout":"default","base_unit_name":{"singular":null,"plural":null},"default_variation":null},"tiered_pricing_minimum_quantity":null,"tiered_pricing_roles_data":[],"tiered_pricing_percentage_rules":[],"tiered_pricing_maximum_quantity":null,"tiered_pricing_quantity_step":null,"_links":{"self":[{"href":"https:\/\/fizzyvape.eu\/pt-pt\/wp-json\/wp\/v2\/product\/33050","targetHints":{"allow":["GET"]}}],"collection":[{"href":"https:\/\/fizzyvape.eu\/pt-pt\/wp-json\/wp\/v2\/product"}],"about":[{"href":"https:\/\/fizzyvape.eu\/pt-pt\/wp-json\/wp\/v2\/types\/product"}],"replies":[{"embeddable":true,"href":"https:\/\/fizzyvape.eu\/pt-pt\/wp-json\/wp\/v2\/comments?post=33050"}],"version-history":[{"count":0,"href":"https:\/\/fizzyvape.eu\/pt-pt\/wp-json\/wp\/v2\/product\/33050\/revisions"}],"wp:featuredmedia":[{"embeddable":true,"href":"https:\/\/fizzyvape.eu\/pt-pt\/wp-json\/wp\/v2\/media\/32789"}],"wp:attachment":[{"href":"https:\/\/fizzyvape.eu\/pt-pt\/wp-json\/wp\/v2\/media?parent=33050"}],"wp:term":[{"taxonomy":"product_brand","embeddable":true,"href":"https:\/\/fizzyvape.eu\/pt-pt\/wp-json\/wp\/v2\/product_brand?post=33050"},{"taxonomy":"product_cat","embeddable":true,"href":"https:\/\/fizzyvape.eu\/pt-pt\/wp-json\/wp\/v2\/product_cat?post=33050"},{"taxonomy":"product_tag","embeddable":true,"href":"https:\/\/fizzyvape.eu\/pt-pt\/wp-json\/wp\/v2\/product_tag?post=33050"}],"curies":[{"name":"wp","href":"https:\/\/api.w.org\/{rel}","templated":true}]}}