{"id":33124,"date":"2025-06-11T10:34:16","date_gmt":"2025-06-11T02:34:16","guid":{"rendered":"https:\/\/fizzyvape.eu\/product\/fizzy-max-iii-6in1-60k-60000-puffs-vape-descartavel-recarregavel-morango-melancia-lima-limao-e-mirtilo-coco-10pcs\/"},"modified":"2025-06-11T10:34:16","modified_gmt":"2025-06-11T02:34:16","slug":"fizzy-max-iii-6in1-60k-60000-puffs-vape-descartavel-recarregavel-morango-melancia-lima-limao-e-mirtilo-coco-10pcs","status":"publish","type":"product","link":"https:\/\/fizzyvape.eu\/pt-pt\/produto\/fizzy-max-iii-6in1-60k-60000-puffs-vape-descartavel-recarregavel-morango-melancia-lima-limao-e-mirtilo-coco-10pcs\/","title":{"rendered":"Fizzy Max III 6in1 60K 60000 Puffs Vape descart\u00e1vel recarreg\u00e1vel &#8211; Morango, melancia, lima-lim\u00e3o e mirtilo, coco &#8211; 10pcs"},"content":{"rendered":"<h1><img decoding=\"async\" class=\"aligncenter\" src=\"https:\/\/fizzyvape.eu\/wp-content\/uploads\/2025\/06\/Fizzy-Max-III-6in1-60K-60000-Puffs-1-1.webp\" alt=\"Fizzy Max III 60000 Puffs 6em1 Vape descart\u00e1vel (1)\"><\/h1>\n<h2>Fizzy Max III 6in1 60000 Puffs Vape descart\u00e1vel recarreg\u00e1vel &#8211; Morango, melancia, lima-lim\u00e3o e mirtilo, coco (10 unidades)<\/h2>\n<h3><strong>At\u00e9 60.000 baforadas &#8211; Recarreg\u00e1vel descart\u00e1vel &#8211; 6 sabores em 1<\/strong><\/h3>\n<p>O <strong>Fizzy Max III 6in1<\/strong> \u00e9 um revolucion\u00e1rio <strong>vape<\/strong> descart\u00e1vel recarreg\u00e1vel que proporciona <strong>at\u00e9 60.000 baforadas<\/strong> num \u00fanico dispositivo. Com <strong>tr\u00eas c\u00e1psulas de 20 ml pr\u00e9-cheias<\/strong> e <strong>seis modos de sabor distintos<\/strong>, combina a m\u00e1xima comodidade com uma versatilidade inigual\u00e1vel. <\/p>\n<h3><strong>Fizzy Max III<\/strong><strong> Carater\u00edsticas principais<\/strong><\/h3>\n<ul>\n<li><strong>Conta as baforadas<\/strong>: At\u00e9 60.000<\/li>\n<li><strong>Design<\/strong>: Recarreg\u00e1vel + Descart\u00e1vel (n\u00e3o necessita de recargas)<\/li>\n<li><strong>Bateria<\/strong>: 850mAh incorporada (carregamento USB tipo C)<\/li>\n<li><strong>Capacidade do l\u00edquido eletr\u00f3nico<\/strong>: 60 ml no total (3 c\u00e1psulas de 20 ml)<\/li>\n<li><strong>For\u00e7a da nicotina<\/strong>: Dispon\u00edvel em 2% ou 5% de nicotina<\/li>\n<li><strong>Sabores<\/strong>: 6 modos de sabor num s\u00f3 dispositivo (3 simples + 3 mistos)<\/li>\n<li><strong>Ecr\u00e3 LED<\/strong>: Mostra o estado da bateria e o modo de sabor<\/li>\n<li><strong>Bocal<\/strong>: Design rotativo para mudares facilmente de sabor<\/li>\n<li><strong>Tipo de bobina<\/strong>: Bobina de malha avan\u00e7ada para um vapor rico e suave<\/li>\n<li><strong>Estilo de utiliza\u00e7\u00e3o<\/strong>: Suporta tanto MTL como DL vaping<\/li>\n<\/ul>\n<h3><strong>6 sabores num s\u00f3 dispositivo<\/strong><\/h3>\n<p>Preenchido com tr\u00eas c\u00e1psulas de 20 ml:<\/p>\n<ul>\n<li>Melancia com morango<\/li>\n<li>Lim\u00e3o e lima<\/li>\n<li>Coco com mirtilo<\/li>\n<\/ul>\n<p>Roda a boquilha para alternar entre:<\/p>\n<ul>\n<li>Sabores simples: A, B, C<\/li>\n<li>Mistura dois sabores: AB, BC, CA<\/li>\n<\/ul>\n<p>Sequ\u00eancia de sabores:<br \/>\nA \u2192 Mistura AB \u2192 B \u2192 Mistura BC \u2192 C \u2192 Mistura CA<\/p>\n<p>Sem bot\u00f5es, sem defini\u00e7\u00f5es. Basta rodar e desfrutar. V\u00ea como funciona no nosso <a href=\"https:\/\/www.youtube.com\/watch?v=CoxB_HvaU3k\">v\u00eddeo de demonstra\u00e7\u00e3o<\/a>.  <\/p>\n<h3><strong>Fizzy Max III 6in1 60000 Puffs Vape descart\u00e1vel Lista de sabores:<\/strong><\/h3>\n<ol>\n<li><a href=\"https:\/\/fizzyvape.eu\/pt-pt\/produto\/fizzy-max-iii-6em1-60k-60000-puffs-vape-descartavel-recarregavel-morango-framboesa-manga-pessego-e-mirtilo-melancia-10-unidades\/\">Morango Framboesa e manga P\u00eassego e mirtilo Melancia<\/a><\/li>\n<li><a href=\"https:\/\/fizzyvape.eu\/pt-pt\/produto\/fizzy-max-iii-6in1-60k-60000-puffs-vape-descartavel-recarregavel-mistura-de-frutos-silvestres-e-kiwi-maracuja-goiaba-e-morango-melancia-10pcs\/\">Mistura de frutos silvestres e kiwi Maracuj\u00e1 Goiaba e morango Melancia<\/a><\/li>\n<li><a href=\"https:\/\/fizzyvape.eu\/pt-pt\/produto\/fizzy-max-iii-6em1-60k-60000-puffs-vape-descartavel-recarregavel-mirtilo-framboesa-melao-triplo-gelo-morango-10pcs\/\">Mirtilo, framboesa, mel\u00e3o triplo e gelo de morango<\/a><\/li>\n<li><a href=\"https:\/\/fizzyvape.eu\/pt-pt\/produto\/fizzy-max-iii-6in1-60k-60000-puffs-vape-descartavel-recarregavel-morango-fruta-do-dragao-red-bull-e-melancia-com-framboesa-10pcs\/\">Morango Dragon Fruit &amp; Red Bull &amp; Melancia Framboesa<\/a><\/li>\n<li><a href=\"https:\/\/fizzyvape.eu\/pt-pt\/produto\/fizzy-max-iii-6em1-60k-60000-puffs-vape-descartavel-recarregavel-morango-kiwi-mirtilo-ice-melancia-ice-10pcs\/\">Gelo de morango, kiwi e mirtilo e gelo de melancia<\/a><\/li>\n<li><a href=\"https:\/\/fizzyvape.eu\/pt-pt\/produto\/fizzy-max-iii-6em1-60k-60000-puffs-vape-descartavel-recarregavel-blueberry-ice-fizzy-cherry-raspberry-lemon-10pcs\/\">Mirtilo Gelado &amp; Cereja Fresca &amp; Framboesa Lim\u00e3o<\/a><\/li>\n<li><a href=\"https:\/\/fizzyvape.eu\/pt-pt\/produto\/fizzy-max-iii-6em1-60k-60000-puffs-vape-descartavel-recarregavel-melancia-gelo-morango-baunilha-coca-cola-e-bagas-mistas-10pcs\/\">Gelado de melancia e morango Coca-Cola de baunilha e mista<\/a><\/li>\n<li><a href=\"https:\/\/fizzyvape.eu\/pt-pt\/produto\/fizzy-max-iii-6em1-60k-60000-puffs-vape-descartavel-recarregavel-morango-uva-mirtilo-coco-pessego-limao-10pcs\/\">Morango Uva e Mirtilo Coco e P\u00eassego Lim\u00e3o<\/a><\/li>\n<li><a href=\"https:\/\/fizzyvape.eu\/pt-pt\/produto\/fizzy-max-iii-6in1-60k-60000-puffs-vape-descartavel-recarregavel-azul-razz-ice-morango-kiwi-laranja-ananas-azedo-10pcs\/\">Blue Razz Ice &amp; Morango Kiwi &amp; Laranja Anan\u00e1s Azedo<\/a><\/li>\n<li><a href=\"https:\/\/fizzyvape.eu\/pt-pt\/produto\/fizzy-max-iii-6in1-60k-60000-puffs-vape-descartavel-recarregavel-morango-melancia-lima-limao-e-mirtilo-coco-10pcs\/\">Melancia com morango e lima-lim\u00e3o e coco com mirtilo<\/a><\/li>\n<\/ol>\n<h2>Modos de vaporiza\u00e7\u00e3o para todos os estilos<\/h2>\n<ul>\n<li><strong>Modo MTL (Sabor \u00danico)<\/strong> &#8211; Tira apertado e suave para uma experi\u00eancia ao estilo de um cigarro<\/li>\n<li><strong>Modo DL (Mistura de sabores)<\/strong> &#8211; Tira arejado, vapor mais cheio, sabor mais intenso<\/li>\n<\/ul>\n<h2>Porqu\u00ea escolher Fizzy Max III 6em1?<\/h2>\n<ul>\n<li><strong>Conta com um n\u00famero ultra-elevado de baforadas<\/strong>: Um dos vapes mais duradouros do mercado<\/li>\n<li><strong>Verdadeiramente descart\u00e1vel + recarreg\u00e1vel<\/strong>: Usa at\u00e9 ficar vazio, recarrega conforme necess\u00e1rio<\/li>\n<li><strong>V\u00e1rios sabores num s\u00f3 dispositivo<\/strong>: Alterna entre seis modos em qualquer altura<\/li>\n<li><strong>Ecr\u00e3 LED inteligente<\/strong>: Conhece o n\u00edvel da bateria e o modo atual num piscar de olhos<\/li>\n<li><strong>Op\u00e7\u00f5es de Nicotina Premium<\/strong>: Escolhe entre 2% e 5% para corresponder \u00e0 tua prefer\u00eancia<\/li>\n<li><strong>60mL de E-liquid<\/strong>: Capacidade enorme para desfrutares a longo prazo<\/li>\n<li><strong>Envio r\u00e1pido para a UE<\/strong>: Sem atrasos na alf\u00e2ndega, processamento r\u00e1pido a partir do nosso armaz\u00e9m na Europa<\/li>\n<\/ul>\n<h3><strong>Perguntas e Respostas &#8211; Fizzy Max III 6in1 60K Vape Descart\u00e1vel<\/strong><\/h3>\n<p><strong>1. \u00c9 realmente descart\u00e1vel, apesar de ser recarreg\u00e1vel?<\/strong><br \/>\nSim. O dispositivo \u00e9 recarreg\u00e1vel para maximizar a utiliza\u00e7\u00e3o de todo o l\u00edquido pr\u00e9-cheio, mas \u00e9 descart\u00e1vel e deve ser deitado fora quando estiver vazio. <\/p>\n<p><strong>2. Como \u00e9 que mudo de sabor?<\/strong><br \/>\nBasta rodares a boquilha. O ecr\u00e3 LED mostra o teu modo atual \u00e0 medida que percorres os seis sabores. <\/p>\n<p><strong>3. \u00c9 adequado para vaporiza\u00e7\u00e3o MTL ou DL?<\/strong><br \/>\nUsa os dois. Usa modos de sabor \u00fanico para MTL e modos de mistura de sabores para DL. O fluxo de ar e a resist\u00eancia \u00e0 tra\u00e7\u00e3o adaptam-se em conformidade.  <\/p>\n<p>&nbsp;<\/p>\n","protected":false},"excerpt":{"rendered":"<p>Experimenta at\u00e9 60.000 baforadas com este vape descart\u00e1vel recarreg\u00e1vel com 60 ml de e-l\u00edquido, bateria de 850 mAh, visor LED e seis modos de sabor num s\u00f3 dispositivo. Preenchido com tr\u00eas c\u00e1psulas e dispon\u00edvel com 2% ou 5% de nicotina. Design de torcer para mudar de sabor sem esfor\u00e7o.  <\/p>\n","protected":false},"featured_media":32483,"comment_status":"open","ping_status":"closed","template":"","meta":{"iawp_total_views":3},"product_brand":[],"product_cat":[590],"product_tag":[621,618,620,619],"class_list":{"0":"post-33124","1":"product","2":"type-product","3":"status-publish","4":"has-post-thumbnail","6":"product_cat-max-iii-6in1-60k-60000-puffs-rechargeable-disposable-vape-pt-pt","7":"product_tag-6-sabores-num-so-dispositivo","8":"product_tag-60000-puffs-pt-pt","9":"product_tag-recarregavel","10":"product_tag-vape-descartavel","12":"first","13":"outofstock","14":"sale","15":"shipping-taxable","16":"purchasable","17":"product-type-variable"},"yoast_head":"<!-- This site is optimized with the Yoast SEO Premium plugin v24.8 (Yoast SEO v24.8) - https:\/\/yoast.com\/wordpress\/plugins\/seo\/ -->\n<title>Fizzy Max 60000 Puffs Vape descart\u00e1vel recarreg\u00e1vel - 6 sabores<\/title>\n<meta name=\"description\" content=\"Fizzy Max III 6in1: 60.000 baforadas, recarreg\u00e1vel, 60mL de e-l\u00edquido, ecr\u00e3 LED, 6 sabores, 2% ou 5% de nicotina. O derradeiro vape descart\u00e1vel.\" \/>\n<meta name=\"robots\" content=\"index, follow, max-snippet:-1, max-image-preview:large, max-video-preview:-1\" \/>\n<link rel=\"canonical\" href=\"https:\/\/fizzyvape.eu\/pt-pt\/produto\/fizzy-max-iii-6in1-60k-60000-puffs-vape-descartavel-recarregavel-morango-melancia-lima-limao-e-mirtilo-coco-10pcs\/\" \/>\n<meta property=\"og:locale\" content=\"pt_PT\" \/>\n<meta property=\"og:type\" content=\"article\" \/>\n<meta property=\"og:title\" content=\"Fizzy Max III 6in1 60K 60000 Puffs Vape descart\u00e1vel recarreg\u00e1vel - Morango, melancia, lima-lim\u00e3o e mirtilo, coco - 10pcs\" \/>\n<meta property=\"og:description\" content=\"Fizzy Max III 6in1: 60.000 baforadas, recarreg\u00e1vel, 60mL de e-l\u00edquido, ecr\u00e3 LED, 6 sabores, 2% ou 5% de nicotina. O derradeiro vape descart\u00e1vel.\" \/>\n<meta property=\"og:url\" content=\"https:\/\/fizzyvape.eu\/pt-pt\/produto\/fizzy-max-iii-6in1-60k-60000-puffs-vape-descartavel-recarregavel-morango-melancia-lima-limao-e-mirtilo-coco-10pcs\/\" \/>\n<meta property=\"og:site_name\" content=\"fizzyvape.eu\" \/>\n<meta property=\"og:image\" content=\"https:\/\/fizzyvape.eu\/wp-content\/uploads\/2025\/06\/Fizzy-Max-60000-Puffs-09.webp\" \/>\n\t<meta property=\"og:image:width\" content=\"800\" \/>\n\t<meta property=\"og:image:height\" content=\"800\" \/>\n\t<meta property=\"og:image:type\" content=\"image\/webp\" \/>\n<meta name=\"twitter:card\" content=\"summary_large_image\" \/>\n<meta name=\"twitter:label1\" content=\"Disponibilidade\" \/>\n\t<meta name=\"twitter:data1\" content=\"Esgotado\" \/>\n<script type=\"application\/ld+json\" class=\"yoast-schema-graph\">{\"@context\":\"https:\/\/schema.org\",\"@graph\":[{\"@type\":\"WebPage\",\"@id\":\"https:\/\/fizzyvape.eu\/pt-pt\/produto\/fizzy-max-iii-6in1-60k-60000-puffs-vape-descartavel-recarregavel-morango-melancia-lima-limao-e-mirtilo-coco-10pcs\/\",\"url\":\"https:\/\/fizzyvape.eu\/pt-pt\/produto\/fizzy-max-iii-6in1-60k-60000-puffs-vape-descartavel-recarregavel-morango-melancia-lima-limao-e-mirtilo-coco-10pcs\/\",\"name\":\"Fizzy Max 60000 Puffs Vape descart\u00e1vel recarreg\u00e1vel - 6 sabores\",\"isPartOf\":{\"@id\":\"https:\/\/www.fizzyvape.eu\/pt-pt\/#website\"},\"primaryImageOfPage\":{\"@id\":\"https:\/\/fizzyvape.eu\/pt-pt\/produto\/fizzy-max-iii-6in1-60k-60000-puffs-vape-descartavel-recarregavel-morango-melancia-lima-limao-e-mirtilo-coco-10pcs\/#primaryimage\"},\"image\":{\"@id\":\"https:\/\/fizzyvape.eu\/pt-pt\/produto\/fizzy-max-iii-6in1-60k-60000-puffs-vape-descartavel-recarregavel-morango-melancia-lima-limao-e-mirtilo-coco-10pcs\/#primaryimage\"},\"thumbnailUrl\":\"https:\/\/fizzyvape.eu\/wp-content\/uploads\/2025\/06\/Fizzy-Max-60000-Puffs-09.webp\",\"datePublished\":\"2025-06-11T02:34:16+00:00\",\"description\":\"Fizzy Max III 6in1: 60.000 baforadas, recarreg\u00e1vel, 60mL de e-l\u00edquido, ecr\u00e3 LED, 6 sabores, 2% ou 5% de nicotina. O derradeiro vape descart\u00e1vel.\",\"breadcrumb\":{\"@id\":\"https:\/\/fizzyvape.eu\/pt-pt\/produto\/fizzy-max-iii-6in1-60k-60000-puffs-vape-descartavel-recarregavel-morango-melancia-lima-limao-e-mirtilo-coco-10pcs\/#breadcrumb\"},\"inLanguage\":\"pt-PT\",\"potentialAction\":[{\"@type\":\"ReadAction\",\"target\":[\"https:\/\/fizzyvape.eu\/pt-pt\/produto\/fizzy-max-iii-6in1-60k-60000-puffs-vape-descartavel-recarregavel-morango-melancia-lima-limao-e-mirtilo-coco-10pcs\/\"]}]},{\"@type\":\"ImageObject\",\"inLanguage\":\"pt-PT\",\"@id\":\"https:\/\/fizzyvape.eu\/pt-pt\/produto\/fizzy-max-iii-6in1-60k-60000-puffs-vape-descartavel-recarregavel-morango-melancia-lima-limao-e-mirtilo-coco-10pcs\/#primaryimage\",\"url\":\"https:\/\/fizzyvape.eu\/wp-content\/uploads\/2025\/06\/Fizzy-Max-60000-Puffs-09.webp\",\"contentUrl\":\"https:\/\/fizzyvape.eu\/wp-content\/uploads\/2025\/06\/Fizzy-Max-60000-Puffs-09.webp\",\"width\":800,\"height\":800},{\"@type\":\"BreadcrumbList\",\"@id\":\"https:\/\/fizzyvape.eu\/pt-pt\/produto\/fizzy-max-iii-6in1-60k-60000-puffs-vape-descartavel-recarregavel-morango-melancia-lima-limao-e-mirtilo-coco-10pcs\/#breadcrumb\",\"itemListElement\":[{\"@type\":\"ListItem\",\"position\":1,\"name\":\"Home\",\"item\":\"https:\/\/fizzyvape.eu\/pt-pt\/\"},{\"@type\":\"ListItem\",\"position\":2,\"name\":\"Shop\",\"item\":\"https:\/\/www.fizzyvape.eu\/pt-pt\/shop\/\"},{\"@type\":\"ListItem\",\"position\":3,\"name\":\"Fizzy Max III 6in1 60K 60000 Puffs Vape descart\u00e1vel recarreg\u00e1vel &#8211; Morango, melancia, lima-lim\u00e3o e mirtilo, coco &#8211; 10pcs\"}]},{\"@type\":\"WebSite\",\"@id\":\"https:\/\/www.fizzyvape.eu\/pt-pt\/#website\",\"url\":\"https:\/\/www.fizzyvape.eu\/pt-pt\/\",\"name\":\"fizzyvape.eu\",\"description\":\"Refreshing Vapes. Unforgettable Taste.\",\"publisher\":{\"@id\":\"https:\/\/www.fizzyvape.eu\/pt-pt\/#organization\"},\"potentialAction\":[{\"@type\":\"SearchAction\",\"target\":{\"@type\":\"EntryPoint\",\"urlTemplate\":\"https:\/\/www.fizzyvape.eu\/pt-pt\/?s={search_term_string}\"},\"query-input\":{\"@type\":\"PropertyValueSpecification\",\"valueRequired\":true,\"valueName\":\"search_term_string\"}}],\"inLanguage\":\"pt-PT\"},{\"@type\":\"Organization\",\"@id\":\"https:\/\/www.fizzyvape.eu\/pt-pt\/#organization\",\"name\":\"fizzyvape.eu\",\"url\":\"https:\/\/www.fizzyvape.eu\/pt-pt\/\",\"logo\":{\"@type\":\"ImageObject\",\"inLanguage\":\"pt-PT\",\"@id\":\"https:\/\/www.fizzyvape.eu\/pt-pt\/#\/schema\/logo\/image\/\",\"url\":\"https:\/\/fizzyvape.eu\/wp-content\/uploads\/2019\/06\/print-1.svg\",\"contentUrl\":\"https:\/\/fizzyvape.eu\/wp-content\/uploads\/2019\/06\/print-1.svg\",\"width\":124,\"height\":37,\"caption\":\"fizzyvape.eu\"},\"image\":{\"@id\":\"https:\/\/www.fizzyvape.eu\/pt-pt\/#\/schema\/logo\/image\/\"}}]}<\/script>\n<meta property=\"og:availability\" content=\"out of stock\" \/>\n<meta property=\"product:availability\" content=\"out of stock\" \/>\n<meta property=\"product:condition\" content=\"new\" \/>\n<!-- \/ Yoast SEO Premium plugin. -->","yoast_head_json":{"title":"Fizzy Max 60000 Puffs Vape descart\u00e1vel recarreg\u00e1vel - 6 sabores","description":"Fizzy Max III 6in1: 60.000 baforadas, recarreg\u00e1vel, 60mL de e-l\u00edquido, ecr\u00e3 LED, 6 sabores, 2% ou 5% de nicotina. O derradeiro vape descart\u00e1vel.","robots":{"index":"index","follow":"follow","max-snippet":"max-snippet:-1","max-image-preview":"max-image-preview:large","max-video-preview":"max-video-preview:-1"},"canonical":"https:\/\/fizzyvape.eu\/pt-pt\/produto\/fizzy-max-iii-6in1-60k-60000-puffs-vape-descartavel-recarregavel-morango-melancia-lima-limao-e-mirtilo-coco-10pcs\/","og_locale":"pt_PT","og_type":"article","og_title":"Fizzy Max III 6in1 60K 60000 Puffs Vape descart\u00e1vel recarreg\u00e1vel - Morango, melancia, lima-lim\u00e3o e mirtilo, coco - 10pcs","og_description":"Fizzy Max III 6in1: 60.000 baforadas, recarreg\u00e1vel, 60mL de e-l\u00edquido, ecr\u00e3 LED, 6 sabores, 2% ou 5% de nicotina. O derradeiro vape descart\u00e1vel.","og_url":"https:\/\/fizzyvape.eu\/pt-pt\/produto\/fizzy-max-iii-6in1-60k-60000-puffs-vape-descartavel-recarregavel-morango-melancia-lima-limao-e-mirtilo-coco-10pcs\/","og_site_name":"fizzyvape.eu","og_image":[{"width":800,"height":800,"url":"https:\/\/fizzyvape.eu\/wp-content\/uploads\/2025\/06\/Fizzy-Max-60000-Puffs-09.webp","type":"image\/webp"}],"twitter_card":"summary_large_image","twitter_misc":{"Disponibilidade":"Esgotado"},"schema":{"@context":"https:\/\/schema.org","@graph":[{"@type":"WebPage","@id":"https:\/\/fizzyvape.eu\/pt-pt\/produto\/fizzy-max-iii-6in1-60k-60000-puffs-vape-descartavel-recarregavel-morango-melancia-lima-limao-e-mirtilo-coco-10pcs\/","url":"https:\/\/fizzyvape.eu\/pt-pt\/produto\/fizzy-max-iii-6in1-60k-60000-puffs-vape-descartavel-recarregavel-morango-melancia-lima-limao-e-mirtilo-coco-10pcs\/","name":"Fizzy Max 60000 Puffs Vape descart\u00e1vel recarreg\u00e1vel - 6 sabores","isPartOf":{"@id":"https:\/\/www.fizzyvape.eu\/pt-pt\/#website"},"primaryImageOfPage":{"@id":"https:\/\/fizzyvape.eu\/pt-pt\/produto\/fizzy-max-iii-6in1-60k-60000-puffs-vape-descartavel-recarregavel-morango-melancia-lima-limao-e-mirtilo-coco-10pcs\/#primaryimage"},"image":{"@id":"https:\/\/fizzyvape.eu\/pt-pt\/produto\/fizzy-max-iii-6in1-60k-60000-puffs-vape-descartavel-recarregavel-morango-melancia-lima-limao-e-mirtilo-coco-10pcs\/#primaryimage"},"thumbnailUrl":"https:\/\/fizzyvape.eu\/wp-content\/uploads\/2025\/06\/Fizzy-Max-60000-Puffs-09.webp","datePublished":"2025-06-11T02:34:16+00:00","description":"Fizzy Max III 6in1: 60.000 baforadas, recarreg\u00e1vel, 60mL de e-l\u00edquido, ecr\u00e3 LED, 6 sabores, 2% ou 5% de nicotina. O derradeiro vape descart\u00e1vel.","breadcrumb":{"@id":"https:\/\/fizzyvape.eu\/pt-pt\/produto\/fizzy-max-iii-6in1-60k-60000-puffs-vape-descartavel-recarregavel-morango-melancia-lima-limao-e-mirtilo-coco-10pcs\/#breadcrumb"},"inLanguage":"pt-PT","potentialAction":[{"@type":"ReadAction","target":["https:\/\/fizzyvape.eu\/pt-pt\/produto\/fizzy-max-iii-6in1-60k-60000-puffs-vape-descartavel-recarregavel-morango-melancia-lima-limao-e-mirtilo-coco-10pcs\/"]}]},{"@type":"ImageObject","inLanguage":"pt-PT","@id":"https:\/\/fizzyvape.eu\/pt-pt\/produto\/fizzy-max-iii-6in1-60k-60000-puffs-vape-descartavel-recarregavel-morango-melancia-lima-limao-e-mirtilo-coco-10pcs\/#primaryimage","url":"https:\/\/fizzyvape.eu\/wp-content\/uploads\/2025\/06\/Fizzy-Max-60000-Puffs-09.webp","contentUrl":"https:\/\/fizzyvape.eu\/wp-content\/uploads\/2025\/06\/Fizzy-Max-60000-Puffs-09.webp","width":800,"height":800},{"@type":"BreadcrumbList","@id":"https:\/\/fizzyvape.eu\/pt-pt\/produto\/fizzy-max-iii-6in1-60k-60000-puffs-vape-descartavel-recarregavel-morango-melancia-lima-limao-e-mirtilo-coco-10pcs\/#breadcrumb","itemListElement":[{"@type":"ListItem","position":1,"name":"Home","item":"https:\/\/fizzyvape.eu\/pt-pt\/"},{"@type":"ListItem","position":2,"name":"Shop","item":"https:\/\/www.fizzyvape.eu\/pt-pt\/shop\/"},{"@type":"ListItem","position":3,"name":"Fizzy Max III 6in1 60K 60000 Puffs Vape descart\u00e1vel recarreg\u00e1vel &#8211; Morango, melancia, lima-lim\u00e3o e mirtilo, coco &#8211; 10pcs"}]},{"@type":"WebSite","@id":"https:\/\/www.fizzyvape.eu\/pt-pt\/#website","url":"https:\/\/www.fizzyvape.eu\/pt-pt\/","name":"fizzyvape.eu","description":"Refreshing Vapes. Unforgettable Taste.","publisher":{"@id":"https:\/\/www.fizzyvape.eu\/pt-pt\/#organization"},"potentialAction":[{"@type":"SearchAction","target":{"@type":"EntryPoint","urlTemplate":"https:\/\/www.fizzyvape.eu\/pt-pt\/?s={search_term_string}"},"query-input":{"@type":"PropertyValueSpecification","valueRequired":true,"valueName":"search_term_string"}}],"inLanguage":"pt-PT"},{"@type":"Organization","@id":"https:\/\/www.fizzyvape.eu\/pt-pt\/#organization","name":"fizzyvape.eu","url":"https:\/\/www.fizzyvape.eu\/pt-pt\/","logo":{"@type":"ImageObject","inLanguage":"pt-PT","@id":"https:\/\/www.fizzyvape.eu\/pt-pt\/#\/schema\/logo\/image\/","url":"https:\/\/fizzyvape.eu\/wp-content\/uploads\/2019\/06\/print-1.svg","contentUrl":"https:\/\/fizzyvape.eu\/wp-content\/uploads\/2019\/06\/print-1.svg","width":124,"height":37,"caption":"fizzyvape.eu"},"image":{"@id":"https:\/\/www.fizzyvape.eu\/pt-pt\/#\/schema\/logo\/image\/"}}]},"og_availability":"out of stock","product_availability":"out of stock","product_condition":"new"},"tiered_pricing_type":"fixed","tiered_pricing_fixed_rules":[],"tiered_pricing_product_settings":{"layout":"default","base_unit_name":{"singular":null,"plural":null},"default_variation":null},"tiered_pricing_minimum_quantity":null,"tiered_pricing_roles_data":[],"tiered_pricing_percentage_rules":[],"tiered_pricing_maximum_quantity":null,"tiered_pricing_quantity_step":null,"_links":{"self":[{"href":"https:\/\/fizzyvape.eu\/pt-pt\/wp-json\/wp\/v2\/product\/33124","targetHints":{"allow":["GET"]}}],"collection":[{"href":"https:\/\/fizzyvape.eu\/pt-pt\/wp-json\/wp\/v2\/product"}],"about":[{"href":"https:\/\/fizzyvape.eu\/pt-pt\/wp-json\/wp\/v2\/types\/product"}],"replies":[{"embeddable":true,"href":"https:\/\/fizzyvape.eu\/pt-pt\/wp-json\/wp\/v2\/comments?post=33124"}],"version-history":[{"count":0,"href":"https:\/\/fizzyvape.eu\/pt-pt\/wp-json\/wp\/v2\/product\/33124\/revisions"}],"wp:featuredmedia":[{"embeddable":true,"href":"https:\/\/fizzyvape.eu\/pt-pt\/wp-json\/wp\/v2\/media\/32483"}],"wp:attachment":[{"href":"https:\/\/fizzyvape.eu\/pt-pt\/wp-json\/wp\/v2\/media?parent=33124"}],"wp:term":[{"taxonomy":"product_brand","embeddable":true,"href":"https:\/\/fizzyvape.eu\/pt-pt\/wp-json\/wp\/v2\/product_brand?post=33124"},{"taxonomy":"product_cat","embeddable":true,"href":"https:\/\/fizzyvape.eu\/pt-pt\/wp-json\/wp\/v2\/product_cat?post=33124"},{"taxonomy":"product_tag","embeddable":true,"href":"https:\/\/fizzyvape.eu\/pt-pt\/wp-json\/wp\/v2\/product_tag?post=33124"}],"curies":[{"name":"wp","href":"https:\/\/api.w.org\/{rel}","templated":true}]}}