{"id":33160,"date":"2025-06-09T13:55:03","date_gmt":"2025-06-09T05:55:03","guid":{"rendered":"https:\/\/fizzyvape.eu\/product\/fizzy-max-iii-6in1-60k-60000-puffs-vape-descartavel-recarregavel-120pcs\/"},"modified":"2025-06-09T13:55:03","modified_gmt":"2025-06-09T05:55:03","slug":"fizzy-max-iii-6in1-60k-60000-puffs-vape-descartavel-recarregavel-120pcs","status":"publish","type":"product","link":"https:\/\/fizzyvape.eu\/pt-pt\/produto\/fizzy-max-iii-6in1-60k-60000-puffs-vape-descartavel-recarregavel-120pcs\/","title":{"rendered":"Fizzy Max III 6in1 60K 60000 Puffs Vape descart\u00e1vel recarreg\u00e1vel &#8211; 120pcs"},"content":{"rendered":"<h1>Fizzy Max III 6in1 60K 60000 Puffs Vape descart\u00e1vel recarreg\u00e1vel Atacado &#8211; 120pcs<\/h1>\n<h3>Um aparelho. Seis sabores. 60.000 baforadas de vaporiza\u00e7\u00e3o de alta qualidade.  <\/h3>\n<p>Descobre a conveni\u00eancia e a variedade da vaporiza\u00e7\u00e3o de n\u00edvel superior com o <strong>Fizzy Max III 6em1<\/strong> &#8211; o vaporizador descart\u00e1vel l\u00edder da ind\u00fastria que oferece <strong>at\u00e9 60.000 baforadas<\/strong> a partir de um \u00fanico dispositivo recarreg\u00e1vel. Concebido para aqueles que anseiam por flexibilidade, sabor e desempenho, este dispositivo est\u00e1 equipado com um <strong>bocal rotativo<\/strong> inteligente que permite aos utilizadores alternar entre <strong>seis experi\u00eancias de sabor \u00fanicas de<\/strong> forma instant\u00e2nea e sem esfor\u00e7o. <\/p>\n<p>Com <strong>tr\u00eas c\u00e1psulas de 20 ml pr\u00e9-cheias<\/strong> no interior (60 ml no total), este vape tudo-em-um combina um <strong>n\u00famero m\u00e1ximo de baforadas<\/strong>, <strong>uma grande diversidade de sabores<\/strong> e <strong>tecnologia de ponta<\/strong> num design elegante e f\u00e1cil de transportar.<\/p>\n<h4><strong>  Modos de sabor:<\/strong><\/h4>\n<ul>\n<li> <strong> Morango e framboesa (A)<\/strong> &#8211; Fus\u00e3o de frutos silvestres doces e azedos, cheia de sabor<\/li>\n<li> <strong> Manga P\u00eassego (B)<\/strong> &#8211; Manga tropical sumarenta combinada com a do\u00e7ura do p\u00eassego maduro<\/li>\n<li> <strong> Blueberry Watermelon (C)<\/strong> &#8211; Mirtilo fresco combinado com melancia refrescante<\/li>\n<\/ul>\n<h4><strong>  Modos de sabores mistos:<\/strong><\/h4>\n<ul>\n<li> <strong> Mix AB<\/strong> &#8211; Uma mistura deliciosa de morango, framboesa e manga e p\u00eassego<\/li>\n<li> <strong> Mix BC<\/strong> &#8211; Mistura refrescante de manga, p\u00eassego e melancia com mirtilo<\/li>\n<li> <strong> Mix CA<\/strong> &#8211; Fus\u00e3o doce e fresca de mirtilo, melancia e morango e framboesa<\/li>\n<\/ul>\n<p>Troca de sabores sem esfor\u00e7o, levantando e rodando a boquilha atrav\u00e9s deste ciclo de sabores:<br \/>\n<strong>  A \u2192 Mistura AB \u2192 B \u2192 Mistura BC \u2192 C \u2192 Mistura CA<\/strong><\/p>\n<p>Percorre sem problemas os seis sabores poss\u00edveis com uma simples rota\u00e7\u00e3o da boquilha. Desfruta da m\u00e1xima comodidade do sistema 6 em 1. Est\u00e1s curioso? V\u00ea o nosso <a href=\"https:\/\/www.youtube.com\/watch?v=CoxB_HvaU3k\">v\u00eddeo<\/a> de demonstra\u00e7\u00e3o.   <\/p>\n<h3><strong>  Destaques do produto<\/strong><\/h3>\n<ul>\n<li><strong>60.000 baforadas por dispositivo<\/strong><br \/>\nConstru\u00eddo com uma capacidade de longa dura\u00e7\u00e3o para reduzir as substitui\u00e7\u00f5es e proporcionar uma satisfa\u00e7\u00e3o consistente.<\/li>\n<li><strong>6 sabores em 1 dispositivo<\/strong><br \/>\n 3<strong>sabores \u00fanicos<\/strong> e <strong>3<\/strong> modos de <strong>mistura de sabores<\/strong> <\/li>\n<li><strong>Recarreg\u00e1vel e eficiente<\/strong><br \/>\nAlimentado por uma <strong>bateria de 850mAh<\/strong> com <strong>carregamento r\u00e1pido Tipo C<\/strong>, oferece uma utiliza\u00e7\u00e3o sustentada e comodidade sem desperd\u00edcio.<\/li>\n<li><strong>Ecr\u00e3 LED<\/strong><br \/>\nMonitoriza a dura\u00e7\u00e3o da bateria e o modo atual com um ecr\u00e3 integrado e n\u00edtido &#8211; sabe o estado do dispositivo num relance.<\/li>\n<li><strong>Sistema de bobina de malha avan\u00e7ada<\/strong><br \/>\nExperimenta um vapor mais suave e completo em cada tragada, gra\u00e7as ao desempenho de aquecimento melhorado.<\/li>\n<li><strong>Op\u00e7\u00f5es de nicotina<\/strong><br \/>\nDispon\u00edvel em <strong>dosagens de 2% e 5% de nicotina<\/strong>, para utilizadores ligeiros e pesados.<\/li>\n<li><strong>Modos de vaporiza\u00e7\u00e3o vers\u00e1teis<\/strong><\/li>\n<li><strong>MTL (Mouth-to-Lung):<\/strong> Tira a sorte grande e cl\u00e1ssica para desfrutares de um \u00fanico sabor<\/li>\n<li><strong>DL (Diret-Lung):<\/strong> Mais arejado, com batidas arrojadas para uma excita\u00e7\u00e3o de sabores mistos<\/li>\n<li><strong>Wholesale Ready<\/strong><br \/>\nOferecido a <strong>granel (120pcs)<\/strong> para retalhistas e revendedores que procuram um produto de alto desempenho e elevada margem de lucro, com forte apelo ao consumidor e longa dura\u00e7\u00e3o (2 anos).<\/li>\n<\/ul>\n<h3><strong>Fizzy Max III 6in1 60000 Puffs Vape descart\u00e1vel Lista de sabores:<\/strong><\/h3>\n<ol>\n<li><a href=\"https:\/\/fizzyvape.eu\/pt-pt\/produto\/fizzy-max-iii-6em1-60k-60000-puffs-vape-descartavel-recarregavel-morango-framboesa-manga-pessego-e-mirtilo-melancia-10-unidades\/\">Morango Framboesa e manga P\u00eassego e mirtilo Melancia<\/a><\/li>\n<li><a href=\"https:\/\/fizzyvape.eu\/pt-pt\/produto\/fizzy-max-iii-6in1-60k-60000-puffs-vape-descartavel-recarregavel-mistura-de-frutos-silvestres-e-kiwi-maracuja-goiaba-e-morango-melancia-10pcs\/\">Mistura de frutos silvestres e kiwi Maracuj\u00e1 Goiaba e morango Melancia<\/a><\/li>\n<li><a href=\"https:\/\/fizzyvape.eu\/pt-pt\/produto\/fizzy-max-iii-6em1-60k-60000-puffs-vape-descartavel-recarregavel-mirtilo-framboesa-melao-triplo-gelo-morango-10pcs\/\">Mirtilo, framboesa, mel\u00e3o triplo e gelo de morango<\/a><\/li>\n<li><a href=\"https:\/\/fizzyvape.eu\/pt-pt\/produto\/fizzy-max-iii-6in1-60k-60000-puffs-vape-descartavel-recarregavel-morango-fruta-do-dragao-red-bull-e-melancia-com-framboesa-10pcs\/\">Morango Dragon Fruit &amp; Red Bull &amp; Melancia Framboesa<\/a><\/li>\n<li><a href=\"https:\/\/fizzyvape.eu\/pt-pt\/produto\/fizzy-max-iii-6em1-60k-60000-puffs-vape-descartavel-recarregavel-morango-kiwi-mirtilo-ice-melancia-ice-10pcs\/\">Gelo de morango, kiwi e mirtilo e gelo de melancia<\/a><\/li>\n<li><a href=\"https:\/\/fizzyvape.eu\/pt-pt\/produto\/fizzy-max-iii-6em1-60k-60000-puffs-vape-descartavel-recarregavel-blueberry-ice-fizzy-cherry-raspberry-lemon-10pcs\/\">Mirtilo Gelado &amp; Cereja Fresca &amp; Framboesa Lim\u00e3o<\/a><\/li>\n<li><a href=\"https:\/\/fizzyvape.eu\/pt-pt\/produto\/fizzy-max-iii-6em1-60k-60000-puffs-vape-descartavel-recarregavel-melancia-gelo-morango-baunilha-coca-cola-e-bagas-mistas-10pcs\/\">Gelado de melancia e morango Coca-Cola de baunilha e mista<\/a><\/li>\n<li><a href=\"https:\/\/fizzyvape.eu\/pt-pt\/produto\/fizzy-max-iii-6em1-60k-60000-puffs-vape-descartavel-recarregavel-morango-uva-mirtilo-coco-pessego-limao-10pcs\/\">Morango Uva e Mirtilo Coco e P\u00eassego Lim\u00e3o<\/a><\/li>\n<li><a href=\"https:\/\/fizzyvape.eu\/pt-pt\/produto\/fizzy-max-iii-6in1-60k-60000-puffs-vape-descartavel-recarregavel-azul-razz-ice-morango-kiwi-laranja-ananas-azedo-10pcs\/\">Blue Razz Ice &amp; Morango Kiwi &amp; Laranja Anan\u00e1s Azedo<\/a><\/li>\n<li><a href=\"https:\/\/fizzyvape.eu\/pt-pt\/produto\/fizzy-max-iii-6in1-60k-60000-puffs-vape-descartavel-recarregavel-morango-melancia-lima-limao-e-mirtilo-coco-10pcs\/\">Melancia com morango e lima-lim\u00e3o e coco com mirtilo<\/a><\/li>\n<\/ol>\n<h3><strong>  Modos de vaporiza\u00e7\u00e3o para todas as prefer\u00eancias<\/strong><\/h3>\n<p><strong>Modo de um s\u00f3 sabor (MTL):<\/strong><br \/>\nDesfruta de uma tra\u00e7\u00e3o suave da boca aos pulm\u00f5es que imita a inala\u00e7\u00e3o cl\u00e1ssica de um cigarro, perfeita para saborear cada sabor distinto.<\/p>\n<p><strong>Modo Dual-Flavor Mix (DL):<\/strong><br \/>\nExperimenta batidas fortes e diretas nos pulm\u00f5es com um fluxo de ar melhorado, produzindo um vapor rico e misturas de sabores vibrantes.<\/p>\n<h3><strong>Porqu\u00ea escolher Fizzy Max III 6em1?<\/strong><\/h3>\n<ul>\n<li>Troca de sabor sem esfor\u00e7o com uma boquilha rotativa inovadora<\/li>\n<li>Desempenho de longa dura\u00e7\u00e3o com at\u00e9 60.000 baforadas por dispositivo<\/li>\n<li>Seis deliciosos sabores combinados num s\u00f3 vaporizador compacto e recarreg\u00e1vel<\/li>\n<li>Envio r\u00e1pido e fi\u00e1vel a partir da Europa, sem atrasos na alf\u00e2ndega<\/li>\n<\/ul>\n<h3><strong>  Perguntas e Respostas &#8211; Fizzy Max III 6in1 60K Vape Descart\u00e1vel<\/strong><\/h3>\n<ul>\n<li><strong>Como \u00e9 que posso alternar entre diferentes sabores?<\/strong><br \/>\nLevanta e roda a boquilha para alternar entre seis modos de sabor: tr\u00eas sabores simples e tr\u00eas misturas.<\/li>\n<li><strong>Quantas baforadas posso obter com um dispositivo?<\/strong><br \/>\nCada dispositivo fornece at\u00e9 60.000 baforadas gra\u00e7as \u00e0 sua grande capacidade de 60 ml de e-l\u00edquido e \u00e0 sua bateria eficiente.<\/li>\n<li><strong>O aparelho \u00e9 recarreg\u00e1vel?<\/strong><br \/>\nSim, possui uma bateria recarreg\u00e1vel de 850mAh com carregamento r\u00e1pido Tipo C.<\/li>\n<li><strong>Que dosagens de nicotina est\u00e3o dispon\u00edveis?<\/strong><br \/>\nPodes escolher entre concentra\u00e7\u00f5es de nicotina de 2% e 5%.<\/li>\n<li><strong>O dispositivo tem um ecr\u00e3?<\/strong><br \/>\nSim, um ecr\u00e3 LED mostra a dura\u00e7\u00e3o da bateria e o modo de sabor atual.<\/li>\n<\/ul>\n","protected":false},"excerpt":{"rendered":"<p>Experimenta uma variedade e comodidade de vaporiza\u00e7\u00e3o inigual\u00e1veis com um \u00fanico <strong>dispositivo recarreg\u00e1vel<\/strong> que inclui <strong>seis modos de sabor<\/strong>, uma grande capacidade de<strong> 60 ml de e-l\u00edquido<\/strong>, <strong>carregamento<\/strong> r\u00e1pido <strong>tipo C<\/strong> e um visor LED. Perfeito para uma <strong>utiliza\u00e7\u00e3o duradoura<\/strong> e <strong>por atacado<\/strong>. <\/p>\n","protected":false},"featured_media":32519,"comment_status":"open","ping_status":"closed","template":"","meta":{"iawp_total_views":0},"product_brand":[],"product_cat":[674],"product_tag":[],"class_list":{"0":"post-33160","1":"product","2":"type-product","3":"status-publish","4":"has-post-thumbnail","6":"product_cat-bulk-deals-2-pt-pt","8":"first","9":"outofstock","10":"sale","11":"shipping-taxable","12":"purchasable","13":"product-type-variable"},"yoast_head":"<!-- This site is optimized with the Yoast SEO Premium plugin v24.8 (Yoast SEO v24.8) - https:\/\/yoast.com\/wordpress\/plugins\/seo\/ -->\n<title>Vaporizador descart\u00e1vel por atacado | Vaporizadores descart\u00e1veis recarreg\u00e1veis a granel<\/title>\n<meta name=\"description\" content=\"Vapes descart\u00e1veis recarreg\u00e1veis por atacado com at\u00e9 60000 baforadas e v\u00e1rios sabores. Envio r\u00e1pido para a UE e \u00f3timo para os retalhistas.\" \/>\n<meta name=\"robots\" content=\"index, follow, max-snippet:-1, max-image-preview:large, max-video-preview:-1\" \/>\n<link rel=\"canonical\" href=\"https:\/\/fizzyvape.eu\/pt-pt\/produto\/fizzy-max-iii-6in1-60k-60000-puffs-vape-descartavel-recarregavel-120pcs\/\" \/>\n<meta property=\"og:locale\" content=\"pt_PT\" \/>\n<meta property=\"og:type\" content=\"article\" \/>\n<meta property=\"og:title\" content=\"Fizzy Max III 6in1 60K 60000 Puffs Vape descart\u00e1vel recarreg\u00e1vel - 120pcs\" \/>\n<meta property=\"og:description\" content=\"Vapes descart\u00e1veis recarreg\u00e1veis por atacado com at\u00e9 60000 baforadas e v\u00e1rios sabores. Envio r\u00e1pido para a UE e \u00f3timo para os retalhistas.\" \/>\n<meta property=\"og:url\" content=\"https:\/\/fizzyvape.eu\/pt-pt\/produto\/fizzy-max-iii-6in1-60k-60000-puffs-vape-descartavel-recarregavel-120pcs\/\" \/>\n<meta property=\"og:site_name\" content=\"fizzyvape.eu\" \/>\n<meta property=\"og:image\" content=\"https:\/\/fizzyvape.eu\/wp-content\/uploads\/2025\/06\/Fizzy-Max-60000-Puffs-120pcs.webp\" \/>\n\t<meta property=\"og:image:width\" content=\"800\" \/>\n\t<meta property=\"og:image:height\" content=\"800\" \/>\n\t<meta property=\"og:image:type\" content=\"image\/webp\" \/>\n<meta name=\"twitter:card\" content=\"summary_large_image\" \/>\n<meta name=\"twitter:label1\" content=\"Disponibilidade\" \/>\n\t<meta name=\"twitter:data1\" content=\"Esgotado\" \/>\n<script type=\"application\/ld+json\" class=\"yoast-schema-graph\">{\"@context\":\"https:\/\/schema.org\",\"@graph\":[{\"@type\":\"WebPage\",\"@id\":\"https:\/\/fizzyvape.eu\/pt-pt\/produto\/fizzy-max-iii-6in1-60k-60000-puffs-vape-descartavel-recarregavel-120pcs\/\",\"url\":\"https:\/\/fizzyvape.eu\/pt-pt\/produto\/fizzy-max-iii-6in1-60k-60000-puffs-vape-descartavel-recarregavel-120pcs\/\",\"name\":\"Vaporizador descart\u00e1vel por atacado | Vaporizadores descart\u00e1veis recarreg\u00e1veis a granel\",\"isPartOf\":{\"@id\":\"https:\/\/www.fizzyvape.eu\/pt-pt\/#website\"},\"primaryImageOfPage\":{\"@id\":\"https:\/\/fizzyvape.eu\/pt-pt\/produto\/fizzy-max-iii-6in1-60k-60000-puffs-vape-descartavel-recarregavel-120pcs\/#primaryimage\"},\"image\":{\"@id\":\"https:\/\/fizzyvape.eu\/pt-pt\/produto\/fizzy-max-iii-6in1-60k-60000-puffs-vape-descartavel-recarregavel-120pcs\/#primaryimage\"},\"thumbnailUrl\":\"https:\/\/fizzyvape.eu\/wp-content\/uploads\/2025\/06\/Fizzy-Max-60000-Puffs-120pcs.webp\",\"datePublished\":\"2025-06-09T05:55:03+00:00\",\"description\":\"Vapes descart\u00e1veis recarreg\u00e1veis por atacado com at\u00e9 60000 baforadas e v\u00e1rios sabores. Envio r\u00e1pido para a UE e \u00f3timo para os retalhistas.\",\"breadcrumb\":{\"@id\":\"https:\/\/fizzyvape.eu\/pt-pt\/produto\/fizzy-max-iii-6in1-60k-60000-puffs-vape-descartavel-recarregavel-120pcs\/#breadcrumb\"},\"inLanguage\":\"pt-PT\",\"potentialAction\":[{\"@type\":\"ReadAction\",\"target\":[\"https:\/\/fizzyvape.eu\/pt-pt\/produto\/fizzy-max-iii-6in1-60k-60000-puffs-vape-descartavel-recarregavel-120pcs\/\"]}]},{\"@type\":\"ImageObject\",\"inLanguage\":\"pt-PT\",\"@id\":\"https:\/\/fizzyvape.eu\/pt-pt\/produto\/fizzy-max-iii-6in1-60k-60000-puffs-vape-descartavel-recarregavel-120pcs\/#primaryimage\",\"url\":\"https:\/\/fizzyvape.eu\/wp-content\/uploads\/2025\/06\/Fizzy-Max-60000-Puffs-120pcs.webp\",\"contentUrl\":\"https:\/\/fizzyvape.eu\/wp-content\/uploads\/2025\/06\/Fizzy-Max-60000-Puffs-120pcs.webp\",\"width\":800,\"height\":800},{\"@type\":\"BreadcrumbList\",\"@id\":\"https:\/\/fizzyvape.eu\/pt-pt\/produto\/fizzy-max-iii-6in1-60k-60000-puffs-vape-descartavel-recarregavel-120pcs\/#breadcrumb\",\"itemListElement\":[{\"@type\":\"ListItem\",\"position\":1,\"name\":\"Home\",\"item\":\"https:\/\/fizzyvape.eu\/pt-pt\/\"},{\"@type\":\"ListItem\",\"position\":2,\"name\":\"Shop\",\"item\":\"https:\/\/www.fizzyvape.eu\/pt-pt\/shop\/\"},{\"@type\":\"ListItem\",\"position\":3,\"name\":\"Fizzy Max III 6in1 60K 60000 Puffs Vape descart\u00e1vel recarreg\u00e1vel &#8211; 120pcs\"}]},{\"@type\":\"WebSite\",\"@id\":\"https:\/\/www.fizzyvape.eu\/pt-pt\/#website\",\"url\":\"https:\/\/www.fizzyvape.eu\/pt-pt\/\",\"name\":\"fizzyvape.eu\",\"description\":\"Refreshing Vapes. Unforgettable Taste.\",\"publisher\":{\"@id\":\"https:\/\/www.fizzyvape.eu\/pt-pt\/#organization\"},\"potentialAction\":[{\"@type\":\"SearchAction\",\"target\":{\"@type\":\"EntryPoint\",\"urlTemplate\":\"https:\/\/www.fizzyvape.eu\/pt-pt\/?s={search_term_string}\"},\"query-input\":{\"@type\":\"PropertyValueSpecification\",\"valueRequired\":true,\"valueName\":\"search_term_string\"}}],\"inLanguage\":\"pt-PT\"},{\"@type\":\"Organization\",\"@id\":\"https:\/\/www.fizzyvape.eu\/pt-pt\/#organization\",\"name\":\"fizzyvape.eu\",\"url\":\"https:\/\/www.fizzyvape.eu\/pt-pt\/\",\"logo\":{\"@type\":\"ImageObject\",\"inLanguage\":\"pt-PT\",\"@id\":\"https:\/\/www.fizzyvape.eu\/pt-pt\/#\/schema\/logo\/image\/\",\"url\":\"https:\/\/fizzyvape.eu\/wp-content\/uploads\/2019\/06\/print-1.svg\",\"contentUrl\":\"https:\/\/fizzyvape.eu\/wp-content\/uploads\/2019\/06\/print-1.svg\",\"width\":124,\"height\":37,\"caption\":\"fizzyvape.eu\"},\"image\":{\"@id\":\"https:\/\/www.fizzyvape.eu\/pt-pt\/#\/schema\/logo\/image\/\"}}]}<\/script>\n<meta property=\"og:availability\" content=\"out of stock\" \/>\n<meta property=\"product:availability\" content=\"out of stock\" \/>\n<meta property=\"product:condition\" content=\"new\" \/>\n<!-- \/ Yoast SEO Premium plugin. -->","yoast_head_json":{"title":"Vaporizador descart\u00e1vel por atacado | Vaporizadores descart\u00e1veis recarreg\u00e1veis a granel","description":"Vapes descart\u00e1veis recarreg\u00e1veis por atacado com at\u00e9 60000 baforadas e v\u00e1rios sabores. Envio r\u00e1pido para a UE e \u00f3timo para os retalhistas.","robots":{"index":"index","follow":"follow","max-snippet":"max-snippet:-1","max-image-preview":"max-image-preview:large","max-video-preview":"max-video-preview:-1"},"canonical":"https:\/\/fizzyvape.eu\/pt-pt\/produto\/fizzy-max-iii-6in1-60k-60000-puffs-vape-descartavel-recarregavel-120pcs\/","og_locale":"pt_PT","og_type":"article","og_title":"Fizzy Max III 6in1 60K 60000 Puffs Vape descart\u00e1vel recarreg\u00e1vel - 120pcs","og_description":"Vapes descart\u00e1veis recarreg\u00e1veis por atacado com at\u00e9 60000 baforadas e v\u00e1rios sabores. Envio r\u00e1pido para a UE e \u00f3timo para os retalhistas.","og_url":"https:\/\/fizzyvape.eu\/pt-pt\/produto\/fizzy-max-iii-6in1-60k-60000-puffs-vape-descartavel-recarregavel-120pcs\/","og_site_name":"fizzyvape.eu","og_image":[{"width":800,"height":800,"url":"https:\/\/fizzyvape.eu\/wp-content\/uploads\/2025\/06\/Fizzy-Max-60000-Puffs-120pcs.webp","type":"image\/webp"}],"twitter_card":"summary_large_image","twitter_misc":{"Disponibilidade":"Esgotado"},"schema":{"@context":"https:\/\/schema.org","@graph":[{"@type":"WebPage","@id":"https:\/\/fizzyvape.eu\/pt-pt\/produto\/fizzy-max-iii-6in1-60k-60000-puffs-vape-descartavel-recarregavel-120pcs\/","url":"https:\/\/fizzyvape.eu\/pt-pt\/produto\/fizzy-max-iii-6in1-60k-60000-puffs-vape-descartavel-recarregavel-120pcs\/","name":"Vaporizador descart\u00e1vel por atacado | Vaporizadores descart\u00e1veis recarreg\u00e1veis a granel","isPartOf":{"@id":"https:\/\/www.fizzyvape.eu\/pt-pt\/#website"},"primaryImageOfPage":{"@id":"https:\/\/fizzyvape.eu\/pt-pt\/produto\/fizzy-max-iii-6in1-60k-60000-puffs-vape-descartavel-recarregavel-120pcs\/#primaryimage"},"image":{"@id":"https:\/\/fizzyvape.eu\/pt-pt\/produto\/fizzy-max-iii-6in1-60k-60000-puffs-vape-descartavel-recarregavel-120pcs\/#primaryimage"},"thumbnailUrl":"https:\/\/fizzyvape.eu\/wp-content\/uploads\/2025\/06\/Fizzy-Max-60000-Puffs-120pcs.webp","datePublished":"2025-06-09T05:55:03+00:00","description":"Vapes descart\u00e1veis recarreg\u00e1veis por atacado com at\u00e9 60000 baforadas e v\u00e1rios sabores. Envio r\u00e1pido para a UE e \u00f3timo para os retalhistas.","breadcrumb":{"@id":"https:\/\/fizzyvape.eu\/pt-pt\/produto\/fizzy-max-iii-6in1-60k-60000-puffs-vape-descartavel-recarregavel-120pcs\/#breadcrumb"},"inLanguage":"pt-PT","potentialAction":[{"@type":"ReadAction","target":["https:\/\/fizzyvape.eu\/pt-pt\/produto\/fizzy-max-iii-6in1-60k-60000-puffs-vape-descartavel-recarregavel-120pcs\/"]}]},{"@type":"ImageObject","inLanguage":"pt-PT","@id":"https:\/\/fizzyvape.eu\/pt-pt\/produto\/fizzy-max-iii-6in1-60k-60000-puffs-vape-descartavel-recarregavel-120pcs\/#primaryimage","url":"https:\/\/fizzyvape.eu\/wp-content\/uploads\/2025\/06\/Fizzy-Max-60000-Puffs-120pcs.webp","contentUrl":"https:\/\/fizzyvape.eu\/wp-content\/uploads\/2025\/06\/Fizzy-Max-60000-Puffs-120pcs.webp","width":800,"height":800},{"@type":"BreadcrumbList","@id":"https:\/\/fizzyvape.eu\/pt-pt\/produto\/fizzy-max-iii-6in1-60k-60000-puffs-vape-descartavel-recarregavel-120pcs\/#breadcrumb","itemListElement":[{"@type":"ListItem","position":1,"name":"Home","item":"https:\/\/fizzyvape.eu\/pt-pt\/"},{"@type":"ListItem","position":2,"name":"Shop","item":"https:\/\/www.fizzyvape.eu\/pt-pt\/shop\/"},{"@type":"ListItem","position":3,"name":"Fizzy Max III 6in1 60K 60000 Puffs Vape descart\u00e1vel recarreg\u00e1vel &#8211; 120pcs"}]},{"@type":"WebSite","@id":"https:\/\/www.fizzyvape.eu\/pt-pt\/#website","url":"https:\/\/www.fizzyvape.eu\/pt-pt\/","name":"fizzyvape.eu","description":"Refreshing Vapes. Unforgettable Taste.","publisher":{"@id":"https:\/\/www.fizzyvape.eu\/pt-pt\/#organization"},"potentialAction":[{"@type":"SearchAction","target":{"@type":"EntryPoint","urlTemplate":"https:\/\/www.fizzyvape.eu\/pt-pt\/?s={search_term_string}"},"query-input":{"@type":"PropertyValueSpecification","valueRequired":true,"valueName":"search_term_string"}}],"inLanguage":"pt-PT"},{"@type":"Organization","@id":"https:\/\/www.fizzyvape.eu\/pt-pt\/#organization","name":"fizzyvape.eu","url":"https:\/\/www.fizzyvape.eu\/pt-pt\/","logo":{"@type":"ImageObject","inLanguage":"pt-PT","@id":"https:\/\/www.fizzyvape.eu\/pt-pt\/#\/schema\/logo\/image\/","url":"https:\/\/fizzyvape.eu\/wp-content\/uploads\/2019\/06\/print-1.svg","contentUrl":"https:\/\/fizzyvape.eu\/wp-content\/uploads\/2019\/06\/print-1.svg","width":124,"height":37,"caption":"fizzyvape.eu"},"image":{"@id":"https:\/\/www.fizzyvape.eu\/pt-pt\/#\/schema\/logo\/image\/"}}]},"og_availability":"out of stock","product_availability":"out of stock","product_condition":"new"},"tiered_pricing_type":"fixed","tiered_pricing_fixed_rules":[],"tiered_pricing_product_settings":{"layout":"default","base_unit_name":{"singular":null,"plural":null},"default_variation":null},"tiered_pricing_minimum_quantity":null,"tiered_pricing_roles_data":[],"tiered_pricing_percentage_rules":[],"tiered_pricing_maximum_quantity":null,"tiered_pricing_quantity_step":null,"_links":{"self":[{"href":"https:\/\/fizzyvape.eu\/pt-pt\/wp-json\/wp\/v2\/product\/33160","targetHints":{"allow":["GET"]}}],"collection":[{"href":"https:\/\/fizzyvape.eu\/pt-pt\/wp-json\/wp\/v2\/product"}],"about":[{"href":"https:\/\/fizzyvape.eu\/pt-pt\/wp-json\/wp\/v2\/types\/product"}],"replies":[{"embeddable":true,"href":"https:\/\/fizzyvape.eu\/pt-pt\/wp-json\/wp\/v2\/comments?post=33160"}],"version-history":[{"count":0,"href":"https:\/\/fizzyvape.eu\/pt-pt\/wp-json\/wp\/v2\/product\/33160\/revisions"}],"wp:featuredmedia":[{"embeddable":true,"href":"https:\/\/fizzyvape.eu\/pt-pt\/wp-json\/wp\/v2\/media\/32519"}],"wp:attachment":[{"href":"https:\/\/fizzyvape.eu\/pt-pt\/wp-json\/wp\/v2\/media?parent=33160"}],"wp:term":[{"taxonomy":"product_brand","embeddable":true,"href":"https:\/\/fizzyvape.eu\/pt-pt\/wp-json\/wp\/v2\/product_brand?post=33160"},{"taxonomy":"product_cat","embeddable":true,"href":"https:\/\/fizzyvape.eu\/pt-pt\/wp-json\/wp\/v2\/product_cat?post=33160"},{"taxonomy":"product_tag","embeddable":true,"href":"https:\/\/fizzyvape.eu\/pt-pt\/wp-json\/wp\/v2\/product_tag?post=33160"}],"curies":[{"name":"wp","href":"https:\/\/api.w.org\/{rel}","templated":true}]}}