{"id":33163,"date":"2025-06-11T14:06:36","date_gmt":"2025-06-11T06:06:36","guid":{"rendered":"https:\/\/fizzyvape.eu\/product\/fizzy-max-iii-6in1-60k-60000-puffs-vape-descartavel-recarregavel-30pcs\/"},"modified":"2025-06-11T14:06:36","modified_gmt":"2025-06-11T06:06:36","slug":"fizzy-max-iii-6in1-60k-60000-puffs-vape-descartavel-recarregavel-30pcs","status":"publish","type":"product","link":"https:\/\/fizzyvape.eu\/pt-pt\/produto\/fizzy-max-iii-6in1-60k-60000-puffs-vape-descartavel-recarregavel-30pcs\/","title":{"rendered":"Fizzy Max III 6in1 60K 60000 Puffs Vape descart\u00e1vel recarreg\u00e1vel &#8211; 30pcs"},"content":{"rendered":"<h1>Fizzy Max III 6in1 60K 60000 Puffs Vape descart\u00e1vel recarreg\u00e1vel &#8211; 30pcs<\/h1>\n<h3>Um aparelho. Seis sabores. 60.000 baforadas de vaporiza\u00e7\u00e3o de alta qualidade.  <\/h3>\n<p>Desbloqueia uma experi\u00eancia de vaporiza\u00e7\u00e3o extraordin\u00e1ria com o Fizzy Max III 6em1 &#8211; o derradeiro vape descart\u00e1vel recarreg\u00e1vel concebido para os entusiastas dos sabores que procuram versatilidade e longevidade. Combina seis sabores excepcionais num dispositivo elegante, com tr\u00eas c\u00e1psulas generosas de 20 ml pr\u00e9-cheias e um bocal rotativo inovador para percorrer sem esfor\u00e7o perfis de sabores ricos e vibrantes. V\u00ea o nosso <a href=\"https:\/\/www.youtube.com\/watch?v=CoxB_HvaU3k\">v\u00eddeo<\/a> de demonstra\u00e7\u00e3o.  <\/p>\n<h3><strong>  Destaques do produto<\/strong><\/h3>\n<ul>\n<li><strong>Enorme 60.000 baforadas por dispositivo:<\/strong> Desfruta de uma utiliza\u00e7\u00e3o duradoura sem substitui\u00e7\u00f5es frequentes &#8211; perfeito para vapers di\u00e1rios que exigem resist\u00eancia e fiabilidade.<\/li>\n<li><strong>Seis sabores num s\u00f3 aparelho:<\/strong> Escolhe entre tr\u00eas sabores \u00fanicos e tr\u00eas misturas exclusivas, proporcionando uma viagem vaporizadora din\u00e2mica e \u00fanica, adaptada \u00e0 tua disposi\u00e7\u00e3o.<\/li>\n<li><strong>E-l\u00edquido de 60 ml de alta capacidade:<\/strong> O generoso volume da c\u00e1psula garante sess\u00f5es ininterruptas de sumo de vapor de qualidade superior.<\/li>\n<li><strong>Bateria recarreg\u00e1vel de 850mAh:<\/strong> O pr\u00e1tico carregamento Tipo C suporta ciclos de recarga r\u00e1pidos, prolongando a vida \u00fatil do teu dispositivo e reduzindo o desperd\u00edcio.<\/li>\n<li><strong>Tecnologia de bobina de malha avan\u00e7ada:<\/strong> Produz nuvens de vapor suaves e densas e intensifica a riqueza do sabor a cada tragada.<\/li>\n<li><strong>Visor LED inteligente:<\/strong> Controla o estado da bateria e o modo de sabor ativo num relance.<\/li>\n<li><strong>Op\u00e7\u00f5es de nicotina \u00e0 tua medida:<\/strong> Dispon\u00edvel em 2% (20mg\/mL) e 5% (50mg\/mL) de nicotina para uma satisfa\u00e7\u00e3o personalizada.<\/li>\n<li><strong>Longa vida \u00fatil:<\/strong> Frescura garantida com um prazo de validade de 2 anos, para que o teu vape saiba bem sempre que estiveres pronto.<\/li>\n<\/ul>\n<h3><strong>Fizzy Max III 6in1 60000 Puffs Vape descart\u00e1vel Lista de sabores:<\/strong><\/h3>\n<ol>\n<li><a href=\"https:\/\/fizzyvape.eu\/pt-pt\/produto\/fizzy-max-iii-6em1-60k-60000-puffs-vape-descartavel-recarregavel-morango-framboesa-manga-pessego-e-mirtilo-melancia-10-unidades\/\">Morango Framboesa e manga P\u00eassego e mirtilo Melancia<\/a><\/li>\n<li><a href=\"https:\/\/fizzyvape.eu\/pt-pt\/produto\/fizzy-max-iii-6in1-60k-60000-puffs-vape-descartavel-recarregavel-mistura-de-frutos-silvestres-e-kiwi-maracuja-goiaba-e-morango-melancia-10pcs\/\">Mistura de frutos silvestres e kiwi Maracuj\u00e1 Goiaba e morango Melancia<\/a><\/li>\n<li><a href=\"https:\/\/fizzyvape.eu\/pt-pt\/produto\/fizzy-max-iii-6em1-60k-60000-puffs-vape-descartavel-recarregavel-mirtilo-framboesa-melao-triplo-gelo-morango-10pcs\/\">Mirtilo, framboesa, mel\u00e3o triplo e gelo de morango<\/a><\/li>\n<li><a href=\"https:\/\/fizzyvape.eu\/pt-pt\/produto\/fizzy-max-iii-6in1-60k-60000-puffs-vape-descartavel-recarregavel-morango-fruta-do-dragao-red-bull-e-melancia-com-framboesa-10pcs\/\">Morango Dragon Fruit &amp; Red Bull &amp; Melancia Framboesa<\/a><\/li>\n<li><a href=\"https:\/\/fizzyvape.eu\/pt-pt\/produto\/fizzy-max-iii-6em1-60k-60000-puffs-vape-descartavel-recarregavel-morango-kiwi-mirtilo-ice-melancia-ice-10pcs\/\">Gelo de morango, kiwi e mirtilo e gelo de melancia<\/a><\/li>\n<li><a href=\"https:\/\/fizzyvape.eu\/pt-pt\/produto\/fizzy-max-iii-6em1-60k-60000-puffs-vape-descartavel-recarregavel-blueberry-ice-fizzy-cherry-raspberry-lemon-10pcs\/\">Mirtilo Gelado &amp; Cereja Fresca &amp; Framboesa Lim\u00e3o<\/a><\/li>\n<li><a href=\"https:\/\/fizzyvape.eu\/pt-pt\/produto\/fizzy-max-iii-6em1-60k-60000-puffs-vape-descartavel-recarregavel-melancia-gelo-morango-baunilha-coca-cola-e-bagas-mistas-10pcs\/\">Gelado de melancia e morango Coca-Cola de baunilha e mista<\/a><\/li>\n<li><a href=\"https:\/\/fizzyvape.eu\/pt-pt\/produto\/fizzy-max-iii-6em1-60k-60000-puffs-vape-descartavel-recarregavel-morango-uva-mirtilo-coco-pessego-limao-10pcs\/\">Morango Uva e Mirtilo Coco e P\u00eassego Lim\u00e3o<\/a><\/li>\n<li><a href=\"https:\/\/fizzyvape.eu\/pt-pt\/produto\/fizzy-max-iii-6in1-60k-60000-puffs-vape-descartavel-recarregavel-azul-razz-ice-morango-kiwi-laranja-ananas-azedo-10pcs\/\">Blue Razz Ice &amp; Morango Kiwi &amp; Laranja Anan\u00e1s Azedo<\/a><\/li>\n<li><a href=\"https:\/\/fizzyvape.eu\/pt-pt\/produto\/fizzy-max-iii-6in1-60k-60000-puffs-vape-descartavel-recarregavel-morango-melancia-lima-limao-e-mirtilo-coco-10pcs\/\">Melancia com morango e lima-lim\u00e3o e coco com mirtilo<\/a><\/li>\n<\/ol>\n<h3>Concebida para todos os estilos de vaporiza\u00e7\u00e3o<\/h3>\n<ul>\n<li><strong>Modo de um s\u00f3 sabor (MTL):<\/strong> Desfruta de tragos suaves, como os de um cigarro, ideais para saborear a ess\u00eancia distinta de cada sabor.<\/li>\n<li><strong>Modo de mistura de dois sabores (DL):<\/strong> Experimenta inala\u00e7\u00f5es arrojadas e de pulm\u00e3o direto com um fluxo de ar melhorado, vapor rico e misturas de sabores complexas, perfeitas para os ca\u00e7adores de nuvens.<\/li>\n<\/ul>\n<h3><strong>  Porqu\u00ea escolher Fizzy Max III 6em1?<\/strong><\/h3>\n<ul>\n<li>Versatilidade incr\u00edvel com seis sabores premium num s\u00f3 aparelho.<\/li>\n<li>Longevidade excecional gra\u00e7as a uma capacidade de 60.000 baforadas e a uma bateria recarreg\u00e1vel.<\/li>\n<li>Design de f\u00e1cil utiliza\u00e7\u00e3o com visor LED inteligente e rota\u00e7\u00e3o de sabores sem esfor\u00e7o.<\/li>\n<li>O envio r\u00e1pido e fi\u00e1vel a partir de armaz\u00e9ns europeus garante uma entrega r\u00e1pida sem atrasos aduaneiros.<\/li>\n<\/ul>\n<h3><strong>  Perguntas e Respostas &#8211; Fizzy Max III 6in1 60K Vape Descart\u00e1vel<\/strong><\/h3>\n<p><strong>1. Quantas baforadas d\u00e1 o Fizzy Max III 6em1?<\/strong><br \/>\nOferece at\u00e9 60.000 baforadas por dispositivo, gra\u00e7as \u00e0 sua grande capacidade de 60 ml de e-l\u00edquido e \u00e0 sua bateria eficiente.<\/p>\n<p><strong>2. Posso alternar entre sabores num s\u00f3 dispositivo?<\/strong><br \/>\nSim! O bocal rotativo inteligente permite-te percorrer facilmente seis perfis de sabor diferentes. <\/p>\n<p><strong>3. O aparelho \u00e9 recarreg\u00e1vel?<\/strong><br \/>\nPodes crer. Possui uma bateria recarreg\u00e1vel de 850mAh com suporte para carregamento r\u00e1pido Tipo C. <\/p>\n<p><strong>4. Que dosagens de nicotina est\u00e3o dispon\u00edveis?<\/strong><br \/>\nO vape est\u00e1 dispon\u00edvel nas op\u00e7\u00f5es de 2% (20mg\/mL) e 5% (50mg\/mL) de nicotina, para se adequar a diferentes prefer\u00eancias.<\/p>\n<p><strong>5. Como \u00e9 que mudo de sabor?<\/strong><br \/>\nBasta levantares e rodares a boquilha para passares pelos seis modos de sabor em sequ\u00eancia.<\/p>\n","protected":false},"excerpt":{"rendered":"<p>O <strong>Fizzy Max III 6in1 Rechargeable Disposable Vape<\/strong> &#8211; pacote de <strong>30 unidades<\/strong> oferece at\u00e9 60.000 baforadas por dispositivo com seis sabores \u00fanicos num s\u00f3. <strong>Perfeito para compras a granel, grossistas e armazenamento<\/strong>. Inclui uma boquilha rotativa inteligente, um <strong>visor LED<\/strong>,<strong> uma bateria recarreg\u00e1vel de 850mAh<\/strong> e est\u00e1 dispon\u00edvel com<strong> 2% e 5% de nicotina<\/strong> para uma <strong>experi\u00eancia de vapor<\/strong> vers\u00e1til e <strong>duradoura.<\/strong> <\/p>\n","protected":false},"featured_media":32501,"comment_status":"open","ping_status":"closed","template":"","meta":{"iawp_total_views":3},"product_brand":[],"product_cat":[674],"product_tag":[],"class_list":{"0":"post-33163","1":"product","2":"type-product","3":"status-publish","4":"has-post-thumbnail","6":"product_cat-bulk-deals-2-pt-pt","8":"first","9":"outofstock","10":"sale","11":"shipping-taxable","12":"purchasable","13":"product-type-variable"},"yoast_head":"<!-- This site is optimized with the Yoast SEO Premium plugin v24.8 (Yoast SEO v24.8) - https:\/\/yoast.com\/wordpress\/plugins\/seo\/ -->\n<title>60000 Puffs Disposable Vape - Dispositivo recarreg\u00e1vel de longa dura\u00e7\u00e3o<\/title>\n<meta name=\"description\" content=\"Desfruta de at\u00e9 60000 baforadas com este vape descart\u00e1vel recarreg\u00e1vel. 6 sabores em 1 dispositivo, ecr\u00e3 LED e bateria potente para a m\u00e1xima satisfa\u00e7\u00e3o com o vaporizador.\" \/>\n<meta name=\"robots\" content=\"index, follow, max-snippet:-1, max-image-preview:large, max-video-preview:-1\" \/>\n<link rel=\"canonical\" href=\"https:\/\/fizzyvape.eu\/pt-pt\/produto\/fizzy-max-iii-6in1-60k-60000-puffs-vape-descartavel-recarregavel-30pcs\/\" \/>\n<meta property=\"og:locale\" content=\"pt_PT\" \/>\n<meta property=\"og:type\" content=\"article\" \/>\n<meta property=\"og:title\" content=\"Fizzy Max III 6in1 60K 60000 Puffs Vape descart\u00e1vel recarreg\u00e1vel - 30pcs\" \/>\n<meta property=\"og:description\" content=\"Desfruta de at\u00e9 60000 baforadas com este vape descart\u00e1vel recarreg\u00e1vel. 6 sabores em 1 dispositivo, ecr\u00e3 LED e bateria potente para a m\u00e1xima satisfa\u00e7\u00e3o com o vaporizador.\" \/>\n<meta property=\"og:url\" content=\"https:\/\/fizzyvape.eu\/pt-pt\/produto\/fizzy-max-iii-6in1-60k-60000-puffs-vape-descartavel-recarregavel-30pcs\/\" \/>\n<meta property=\"og:site_name\" content=\"fizzyvape.eu\" \/>\n<meta property=\"og:image\" content=\"https:\/\/fizzyvape.eu\/wp-content\/uploads\/2025\/06\/Fizzy-Max-60000-Puffs-30pcs.webp\" \/>\n\t<meta property=\"og:image:width\" content=\"800\" \/>\n\t<meta property=\"og:image:height\" content=\"800\" \/>\n\t<meta property=\"og:image:type\" content=\"image\/webp\" \/>\n<meta name=\"twitter:card\" content=\"summary_large_image\" \/>\n<meta name=\"twitter:label1\" content=\"Disponibilidade\" \/>\n\t<meta name=\"twitter:data1\" content=\"Esgotado\" \/>\n<script type=\"application\/ld+json\" class=\"yoast-schema-graph\">{\"@context\":\"https:\/\/schema.org\",\"@graph\":[{\"@type\":\"WebPage\",\"@id\":\"https:\/\/fizzyvape.eu\/pt-pt\/produto\/fizzy-max-iii-6in1-60k-60000-puffs-vape-descartavel-recarregavel-30pcs\/\",\"url\":\"https:\/\/fizzyvape.eu\/pt-pt\/produto\/fizzy-max-iii-6in1-60k-60000-puffs-vape-descartavel-recarregavel-30pcs\/\",\"name\":\"60000 Puffs Disposable Vape - Dispositivo recarreg\u00e1vel de longa dura\u00e7\u00e3o\",\"isPartOf\":{\"@id\":\"https:\/\/www.fizzyvape.eu\/pt-pt\/#website\"},\"primaryImageOfPage\":{\"@id\":\"https:\/\/fizzyvape.eu\/pt-pt\/produto\/fizzy-max-iii-6in1-60k-60000-puffs-vape-descartavel-recarregavel-30pcs\/#primaryimage\"},\"image\":{\"@id\":\"https:\/\/fizzyvape.eu\/pt-pt\/produto\/fizzy-max-iii-6in1-60k-60000-puffs-vape-descartavel-recarregavel-30pcs\/#primaryimage\"},\"thumbnailUrl\":\"https:\/\/fizzyvape.eu\/wp-content\/uploads\/2025\/06\/Fizzy-Max-60000-Puffs-30pcs.webp\",\"datePublished\":\"2025-06-11T06:06:36+00:00\",\"description\":\"Desfruta de at\u00e9 60000 baforadas com este vape descart\u00e1vel recarreg\u00e1vel. 6 sabores em 1 dispositivo, ecr\u00e3 LED e bateria potente para a m\u00e1xima satisfa\u00e7\u00e3o com o vaporizador.\",\"breadcrumb\":{\"@id\":\"https:\/\/fizzyvape.eu\/pt-pt\/produto\/fizzy-max-iii-6in1-60k-60000-puffs-vape-descartavel-recarregavel-30pcs\/#breadcrumb\"},\"inLanguage\":\"pt-PT\",\"potentialAction\":[{\"@type\":\"ReadAction\",\"target\":[\"https:\/\/fizzyvape.eu\/pt-pt\/produto\/fizzy-max-iii-6in1-60k-60000-puffs-vape-descartavel-recarregavel-30pcs\/\"]}]},{\"@type\":\"ImageObject\",\"inLanguage\":\"pt-PT\",\"@id\":\"https:\/\/fizzyvape.eu\/pt-pt\/produto\/fizzy-max-iii-6in1-60k-60000-puffs-vape-descartavel-recarregavel-30pcs\/#primaryimage\",\"url\":\"https:\/\/fizzyvape.eu\/wp-content\/uploads\/2025\/06\/Fizzy-Max-60000-Puffs-30pcs.webp\",\"contentUrl\":\"https:\/\/fizzyvape.eu\/wp-content\/uploads\/2025\/06\/Fizzy-Max-60000-Puffs-30pcs.webp\",\"width\":800,\"height\":800},{\"@type\":\"BreadcrumbList\",\"@id\":\"https:\/\/fizzyvape.eu\/pt-pt\/produto\/fizzy-max-iii-6in1-60k-60000-puffs-vape-descartavel-recarregavel-30pcs\/#breadcrumb\",\"itemListElement\":[{\"@type\":\"ListItem\",\"position\":1,\"name\":\"Home\",\"item\":\"https:\/\/fizzyvape.eu\/pt-pt\/\"},{\"@type\":\"ListItem\",\"position\":2,\"name\":\"Shop\",\"item\":\"https:\/\/www.fizzyvape.eu\/pt-pt\/shop\/\"},{\"@type\":\"ListItem\",\"position\":3,\"name\":\"Fizzy Max III 6in1 60K 60000 Puffs Vape descart\u00e1vel recarreg\u00e1vel &#8211; 30pcs\"}]},{\"@type\":\"WebSite\",\"@id\":\"https:\/\/www.fizzyvape.eu\/pt-pt\/#website\",\"url\":\"https:\/\/www.fizzyvape.eu\/pt-pt\/\",\"name\":\"fizzyvape.eu\",\"description\":\"Refreshing Vapes. Unforgettable Taste.\",\"publisher\":{\"@id\":\"https:\/\/www.fizzyvape.eu\/pt-pt\/#organization\"},\"potentialAction\":[{\"@type\":\"SearchAction\",\"target\":{\"@type\":\"EntryPoint\",\"urlTemplate\":\"https:\/\/www.fizzyvape.eu\/pt-pt\/?s={search_term_string}\"},\"query-input\":{\"@type\":\"PropertyValueSpecification\",\"valueRequired\":true,\"valueName\":\"search_term_string\"}}],\"inLanguage\":\"pt-PT\"},{\"@type\":\"Organization\",\"@id\":\"https:\/\/www.fizzyvape.eu\/pt-pt\/#organization\",\"name\":\"fizzyvape.eu\",\"url\":\"https:\/\/www.fizzyvape.eu\/pt-pt\/\",\"logo\":{\"@type\":\"ImageObject\",\"inLanguage\":\"pt-PT\",\"@id\":\"https:\/\/www.fizzyvape.eu\/pt-pt\/#\/schema\/logo\/image\/\",\"url\":\"https:\/\/fizzyvape.eu\/wp-content\/uploads\/2019\/06\/print-1.svg\",\"contentUrl\":\"https:\/\/fizzyvape.eu\/wp-content\/uploads\/2019\/06\/print-1.svg\",\"width\":124,\"height\":37,\"caption\":\"fizzyvape.eu\"},\"image\":{\"@id\":\"https:\/\/www.fizzyvape.eu\/pt-pt\/#\/schema\/logo\/image\/\"}}]}<\/script>\n<meta property=\"og:availability\" content=\"out of stock\" \/>\n<meta property=\"product:availability\" content=\"out of stock\" \/>\n<meta property=\"product:condition\" content=\"new\" \/>\n<!-- \/ Yoast SEO Premium plugin. -->","yoast_head_json":{"title":"60000 Puffs Disposable Vape - Dispositivo recarreg\u00e1vel de longa dura\u00e7\u00e3o","description":"Desfruta de at\u00e9 60000 baforadas com este vape descart\u00e1vel recarreg\u00e1vel. 6 sabores em 1 dispositivo, ecr\u00e3 LED e bateria potente para a m\u00e1xima satisfa\u00e7\u00e3o com o vaporizador.","robots":{"index":"index","follow":"follow","max-snippet":"max-snippet:-1","max-image-preview":"max-image-preview:large","max-video-preview":"max-video-preview:-1"},"canonical":"https:\/\/fizzyvape.eu\/pt-pt\/produto\/fizzy-max-iii-6in1-60k-60000-puffs-vape-descartavel-recarregavel-30pcs\/","og_locale":"pt_PT","og_type":"article","og_title":"Fizzy Max III 6in1 60K 60000 Puffs Vape descart\u00e1vel recarreg\u00e1vel - 30pcs","og_description":"Desfruta de at\u00e9 60000 baforadas com este vape descart\u00e1vel recarreg\u00e1vel. 6 sabores em 1 dispositivo, ecr\u00e3 LED e bateria potente para a m\u00e1xima satisfa\u00e7\u00e3o com o vaporizador.","og_url":"https:\/\/fizzyvape.eu\/pt-pt\/produto\/fizzy-max-iii-6in1-60k-60000-puffs-vape-descartavel-recarregavel-30pcs\/","og_site_name":"fizzyvape.eu","og_image":[{"width":800,"height":800,"url":"https:\/\/fizzyvape.eu\/wp-content\/uploads\/2025\/06\/Fizzy-Max-60000-Puffs-30pcs.webp","type":"image\/webp"}],"twitter_card":"summary_large_image","twitter_misc":{"Disponibilidade":"Esgotado"},"schema":{"@context":"https:\/\/schema.org","@graph":[{"@type":"WebPage","@id":"https:\/\/fizzyvape.eu\/pt-pt\/produto\/fizzy-max-iii-6in1-60k-60000-puffs-vape-descartavel-recarregavel-30pcs\/","url":"https:\/\/fizzyvape.eu\/pt-pt\/produto\/fizzy-max-iii-6in1-60k-60000-puffs-vape-descartavel-recarregavel-30pcs\/","name":"60000 Puffs Disposable Vape - Dispositivo recarreg\u00e1vel de longa dura\u00e7\u00e3o","isPartOf":{"@id":"https:\/\/www.fizzyvape.eu\/pt-pt\/#website"},"primaryImageOfPage":{"@id":"https:\/\/fizzyvape.eu\/pt-pt\/produto\/fizzy-max-iii-6in1-60k-60000-puffs-vape-descartavel-recarregavel-30pcs\/#primaryimage"},"image":{"@id":"https:\/\/fizzyvape.eu\/pt-pt\/produto\/fizzy-max-iii-6in1-60k-60000-puffs-vape-descartavel-recarregavel-30pcs\/#primaryimage"},"thumbnailUrl":"https:\/\/fizzyvape.eu\/wp-content\/uploads\/2025\/06\/Fizzy-Max-60000-Puffs-30pcs.webp","datePublished":"2025-06-11T06:06:36+00:00","description":"Desfruta de at\u00e9 60000 baforadas com este vape descart\u00e1vel recarreg\u00e1vel. 6 sabores em 1 dispositivo, ecr\u00e3 LED e bateria potente para a m\u00e1xima satisfa\u00e7\u00e3o com o vaporizador.","breadcrumb":{"@id":"https:\/\/fizzyvape.eu\/pt-pt\/produto\/fizzy-max-iii-6in1-60k-60000-puffs-vape-descartavel-recarregavel-30pcs\/#breadcrumb"},"inLanguage":"pt-PT","potentialAction":[{"@type":"ReadAction","target":["https:\/\/fizzyvape.eu\/pt-pt\/produto\/fizzy-max-iii-6in1-60k-60000-puffs-vape-descartavel-recarregavel-30pcs\/"]}]},{"@type":"ImageObject","inLanguage":"pt-PT","@id":"https:\/\/fizzyvape.eu\/pt-pt\/produto\/fizzy-max-iii-6in1-60k-60000-puffs-vape-descartavel-recarregavel-30pcs\/#primaryimage","url":"https:\/\/fizzyvape.eu\/wp-content\/uploads\/2025\/06\/Fizzy-Max-60000-Puffs-30pcs.webp","contentUrl":"https:\/\/fizzyvape.eu\/wp-content\/uploads\/2025\/06\/Fizzy-Max-60000-Puffs-30pcs.webp","width":800,"height":800},{"@type":"BreadcrumbList","@id":"https:\/\/fizzyvape.eu\/pt-pt\/produto\/fizzy-max-iii-6in1-60k-60000-puffs-vape-descartavel-recarregavel-30pcs\/#breadcrumb","itemListElement":[{"@type":"ListItem","position":1,"name":"Home","item":"https:\/\/fizzyvape.eu\/pt-pt\/"},{"@type":"ListItem","position":2,"name":"Shop","item":"https:\/\/www.fizzyvape.eu\/pt-pt\/shop\/"},{"@type":"ListItem","position":3,"name":"Fizzy Max III 6in1 60K 60000 Puffs Vape descart\u00e1vel recarreg\u00e1vel &#8211; 30pcs"}]},{"@type":"WebSite","@id":"https:\/\/www.fizzyvape.eu\/pt-pt\/#website","url":"https:\/\/www.fizzyvape.eu\/pt-pt\/","name":"fizzyvape.eu","description":"Refreshing Vapes. Unforgettable Taste.","publisher":{"@id":"https:\/\/www.fizzyvape.eu\/pt-pt\/#organization"},"potentialAction":[{"@type":"SearchAction","target":{"@type":"EntryPoint","urlTemplate":"https:\/\/www.fizzyvape.eu\/pt-pt\/?s={search_term_string}"},"query-input":{"@type":"PropertyValueSpecification","valueRequired":true,"valueName":"search_term_string"}}],"inLanguage":"pt-PT"},{"@type":"Organization","@id":"https:\/\/www.fizzyvape.eu\/pt-pt\/#organization","name":"fizzyvape.eu","url":"https:\/\/www.fizzyvape.eu\/pt-pt\/","logo":{"@type":"ImageObject","inLanguage":"pt-PT","@id":"https:\/\/www.fizzyvape.eu\/pt-pt\/#\/schema\/logo\/image\/","url":"https:\/\/fizzyvape.eu\/wp-content\/uploads\/2019\/06\/print-1.svg","contentUrl":"https:\/\/fizzyvape.eu\/wp-content\/uploads\/2019\/06\/print-1.svg","width":124,"height":37,"caption":"fizzyvape.eu"},"image":{"@id":"https:\/\/www.fizzyvape.eu\/pt-pt\/#\/schema\/logo\/image\/"}}]},"og_availability":"out of stock","product_availability":"out of stock","product_condition":"new"},"tiered_pricing_type":"fixed","tiered_pricing_fixed_rules":[],"tiered_pricing_product_settings":{"layout":"default","base_unit_name":{"singular":null,"plural":null},"default_variation":null},"tiered_pricing_minimum_quantity":null,"tiered_pricing_roles_data":[],"tiered_pricing_percentage_rules":[],"tiered_pricing_maximum_quantity":null,"tiered_pricing_quantity_step":null,"_links":{"self":[{"href":"https:\/\/fizzyvape.eu\/pt-pt\/wp-json\/wp\/v2\/product\/33163","targetHints":{"allow":["GET"]}}],"collection":[{"href":"https:\/\/fizzyvape.eu\/pt-pt\/wp-json\/wp\/v2\/product"}],"about":[{"href":"https:\/\/fizzyvape.eu\/pt-pt\/wp-json\/wp\/v2\/types\/product"}],"replies":[{"embeddable":true,"href":"https:\/\/fizzyvape.eu\/pt-pt\/wp-json\/wp\/v2\/comments?post=33163"}],"version-history":[{"count":0,"href":"https:\/\/fizzyvape.eu\/pt-pt\/wp-json\/wp\/v2\/product\/33163\/revisions"}],"wp:featuredmedia":[{"embeddable":true,"href":"https:\/\/fizzyvape.eu\/pt-pt\/wp-json\/wp\/v2\/media\/32501"}],"wp:attachment":[{"href":"https:\/\/fizzyvape.eu\/pt-pt\/wp-json\/wp\/v2\/media?parent=33163"}],"wp:term":[{"taxonomy":"product_brand","embeddable":true,"href":"https:\/\/fizzyvape.eu\/pt-pt\/wp-json\/wp\/v2\/product_brand?post=33163"},{"taxonomy":"product_cat","embeddable":true,"href":"https:\/\/fizzyvape.eu\/pt-pt\/wp-json\/wp\/v2\/product_cat?post=33163"},{"taxonomy":"product_tag","embeddable":true,"href":"https:\/\/fizzyvape.eu\/pt-pt\/wp-json\/wp\/v2\/product_tag?post=33163"}],"curies":[{"name":"wp","href":"https:\/\/api.w.org\/{rel}","templated":true}]}}