{"id":33188,"date":"2025-06-11T10:33:48","date_gmt":"2025-06-11T02:33:48","guid":{"rendered":"https:\/\/fizzyvape.eu\/product\/fizzy-max-iii-6em1-60k-60000-puffs-vape-descartavel-recarregavel-morango-kiwi-mirtilo-ice-melancia-ice-10pcs\/"},"modified":"2025-06-11T10:33:48","modified_gmt":"2025-06-11T02:33:48","slug":"fizzy-max-iii-6em1-60k-60000-puffs-vape-descartavel-recarregavel-morango-kiwi-mirtilo-ice-melancia-ice-10pcs","status":"publish","type":"product","link":"https:\/\/fizzyvape.eu\/pt-pt\/produto\/fizzy-max-iii-6em1-60k-60000-puffs-vape-descartavel-recarregavel-morango-kiwi-mirtilo-ice-melancia-ice-10pcs\/","title":{"rendered":"Fizzy Max III 6em1 60K 60000 Puffs Vape descart\u00e1vel recarreg\u00e1vel &#8211; Morango Kiwi &amp; Mirtilo Ice &amp; Melancia Ice &#8211; 10pcs"},"content":{"rendered":"<h1><img decoding=\"async\" class=\"aligncenter\" src=\"https:\/\/fizzyvape.eu\/wp-content\/uploads\/2025\/06\/Fizzy-Max-III-6in1-60K-60000-Puffs-6-1.webp\" alt=\"Fizzy Max III 60000 Puffs 6in1 Vape Descart\u00e1vel Atacado (5)\"><\/h1>\n<h1><strong>Fizzy Max III 6in1 60K 60000 Puffs Vape descart\u00e1vel recarreg\u00e1vel<\/strong><\/h1>\n<p><strong>Gelo de morango, kiwi, mirtilo e melancia &#8211; embalagem com 10 unidades<\/strong><\/p>\n<h2><strong>Um aparelho. Seis sabores. 60.000 baforadas de vaporiza\u00e7\u00e3o de alta qualidade.  <\/strong><\/h2>\n<p>Experimenta o futuro da vaporiza\u00e7\u00e3o descart\u00e1vel com o Fizzy Max III 6em1 &#8211; um dispositivo potente e tudo-em-um que proporciona 60.000 baforadas e 6 experi\u00eancias de sabor \u00fanicas com apenas 3 c\u00e1psulas. N\u00e3o recarrega, n\u00e3o troca, n\u00e3o compromete. <\/p>\n<p>Combinando engenharia de ponta com pura satisfa\u00e7\u00e3o de vaporiza\u00e7\u00e3o, este dispositivo recarreg\u00e1vel foi concebido para utilizadores que pretendem variedade, conveni\u00eancia e desempenho numa embalagem elegante.<\/p>\n<p>Desbloqueia um mundo de misturas de frutas refrescantes com o <strong>Fizzy Max III 6em1<\/strong>, um vape descart\u00e1vel de \u00faltima gera\u00e7\u00e3o que oferece <strong>seis experi\u00eancias de sabor \u00fanicas<\/strong> com apenas <strong>tr\u00eas c\u00e1psulas<\/strong>: <strong>Morango Kiwi<\/strong>, <strong>Blueberry Ice<\/strong> e <strong>Melancia Ice<\/strong>. Gra\u00e7as ao seu sistema de rota\u00e7\u00e3o inteligente, este dispositivo oferece uma variedade, pot\u00eancia e sabor imbat\u00edveis, sem necessidade de mudar de cartucho. <\/p>\n<h4><strong>Modos de sabor:<\/strong><\/h4>\n<ul>\n<li><strong>Morango Kiwi (A)<\/strong> &#8211; Uma mistura doce e picante de morango maduro e kiwi tropical<\/li>\n<li><strong>Blueberry Ice (B)<\/strong> &#8211; Uma pancada gelada de mirtilos sumarentos com um final fresco<\/li>\n<li><strong>Watermelon Ice (C)<\/strong> &#8211; Melancia refrescante combinada com frescura gelada<\/li>\n<li><strong>Mix AB<\/strong> &#8211; Uma fus\u00e3o gelada de frutos silvestres e kiwi com um toque vibrante<\/li>\n<li><strong>Mix BC<\/strong> &#8211; Uma mistura fresca de frutos silvestres e mel\u00e3o com um sabor gelado<\/li>\n<li><strong>Mix CA<\/strong> &#8211; Gelado de morango e melancia com notas tropicais<\/li>\n<\/ul>\n<p>Com um gesto de <strong>levantar e rodar a boquilha<\/strong>, podes alternar os sabores sem esfor\u00e7o por esta ordem:<br \/>\n<strong>A \u2192 Mistura AB \u2192 B \u2192 Mistura BC \u2192 C \u2192 Mistura CA<\/strong><\/p>\n<p>Percorre sem problemas os seis sabores poss\u00edveis com uma simples rota\u00e7\u00e3o da boquilha. Desfruta da m\u00e1xima comodidade do sistema 6 em 1. Est\u00e1s curioso? V\u00ea o nosso <a href=\"https:\/\/www.youtube.com\/watch?v=CoxB_HvaU3k\">v\u00eddeo<\/a> de demonstra\u00e7\u00e3o.   <\/p>\n<h3>Carater\u00edsticas principais<\/h3>\n<ul>\n<li><strong>60,000 Puffs<\/strong><br \/>\nCapacidade enorme com 60mL de e-l\u00edquido e bobina de malha para um desempenho consistente e duradouro.<\/li>\n<li><strong>6 sabores em 1 dispositivo<\/strong><br \/>\nTr\u00eas c\u00e1psulas de sabor \u00fanico (Morango Kiwi, Mirtilo Ice, Melancia Ice) + tr\u00eas modos de mistura = seis experi\u00eancias de sabor.<\/li>\n<li><strong>Sistema de rota\u00e7\u00e3o inteligente<\/strong><br \/>\nMuda facilmente de sabor levantando e rodando a boquilha. Faz a sequ\u00eancia: A \u2192 Mistura AB \u2192 B \u2192 Mistura BC \u2192 C \u2192 Mistura CA. <\/li>\n<li><strong>Recarreg\u00e1vel atrav\u00e9s de USB-C<\/strong><br \/>\nBateria incorporada de 850mAh com carregamento r\u00e1pido tipo C. Mais sustent\u00e1vel do que os descart\u00e1veis tradicionais. <\/li>\n<li><strong>Ecr\u00e3 LED<\/strong><br \/>\nApresenta o n\u00edvel da bateria e o modo de sabor atual para um controlo f\u00e1cil.<\/li>\n<li><strong>Grande capacidade de E-l\u00edquido<\/strong><br \/>\n60mL no total (3 c\u00e1psulas de 20mL) garante-te baforadas ricas e saborosas at\u00e9 \u00e0 \u00faltima tragada.<\/li>\n<li><strong>Op\u00e7\u00f5es de concentra\u00e7\u00e3o de nicotina<\/strong><br \/>\nDispon\u00edvel em 2% ou 5% de nicotina para se adequar \u00e0 tua prefer\u00eancia.<\/li>\n<\/ul>\n<h3><strong>Fizzy Max III 6in1 60000 Puffs Vape descart\u00e1vel Lista de sabores:<\/strong><\/h3>\n<ol>\n<li><a href=\"https:\/\/fizzyvape.eu\/pt-pt\/produto\/fizzy-max-iii-6em1-60k-60000-puffs-vape-descartavel-recarregavel-morango-framboesa-manga-pessego-e-mirtilo-melancia-10-unidades\/\">Morango Framboesa e manga P\u00eassego e mirtilo Melancia<\/a><\/li>\n<li><a href=\"https:\/\/fizzyvape.eu\/pt-pt\/produto\/fizzy-max-iii-6in1-60k-60000-puffs-vape-descartavel-recarregavel-mistura-de-frutos-silvestres-e-kiwi-maracuja-goiaba-e-morango-melancia-10pcs\/\">Mistura de frutos silvestres e kiwi Maracuj\u00e1 Goiaba e morango Melancia<\/a><\/li>\n<li><a href=\"https:\/\/fizzyvape.eu\/pt-pt\/produto\/fizzy-max-iii-6em1-60k-60000-puffs-vape-descartavel-recarregavel-mirtilo-framboesa-melao-triplo-gelo-morango-10pcs\/\">Mirtilo, framboesa, mel\u00e3o triplo e gelo de morango<\/a><\/li>\n<li><a href=\"https:\/\/fizzyvape.eu\/pt-pt\/produto\/fizzy-max-iii-6in1-60k-60000-puffs-vape-descartavel-recarregavel-morango-fruta-do-dragao-red-bull-e-melancia-com-framboesa-10pcs\/\">Morango Dragon Fruit &amp; Red Bull &amp; Melancia Framboesa<\/a><\/li>\n<li><a href=\"https:\/\/fizzyvape.eu\/pt-pt\/produto\/fizzy-max-iii-6em1-60k-60000-puffs-vape-descartavel-recarregavel-morango-kiwi-mirtilo-ice-melancia-ice-10pcs\/\">Gelo de morango, kiwi e mirtilo e gelo de melancia<\/a><\/li>\n<li><a href=\"https:\/\/fizzyvape.eu\/pt-pt\/produto\/fizzy-max-iii-6em1-60k-60000-puffs-vape-descartavel-recarregavel-blueberry-ice-fizzy-cherry-raspberry-lemon-10pcs\/\">Mirtilo Gelado &amp; Cereja Fresca &amp; Framboesa Lim\u00e3o<\/a><\/li>\n<li><a href=\"https:\/\/fizzyvape.eu\/pt-pt\/produto\/fizzy-max-iii-6em1-60k-60000-puffs-vape-descartavel-recarregavel-melancia-gelo-morango-baunilha-coca-cola-e-bagas-mistas-10pcs\/\">Gelado de melancia e morango Coca-Cola de baunilha e mista<\/a><\/li>\n<li><a href=\"https:\/\/fizzyvape.eu\/pt-pt\/produto\/fizzy-max-iii-6em1-60k-60000-puffs-vape-descartavel-recarregavel-morango-uva-mirtilo-coco-pessego-limao-10pcs\/\">Morango Uva e Mirtilo Coco e P\u00eassego Lim\u00e3o<\/a><\/li>\n<li><a href=\"https:\/\/fizzyvape.eu\/pt-pt\/produto\/fizzy-max-iii-6in1-60k-60000-puffs-vape-descartavel-recarregavel-azul-razz-ice-morango-kiwi-laranja-ananas-azedo-10pcs\/\">Blue Razz Ice &amp; Morango Kiwi &amp; Laranja Anan\u00e1s Azedo<\/a><\/li>\n<li><a href=\"https:\/\/fizzyvape.eu\/pt-pt\/produto\/fizzy-max-iii-6in1-60k-60000-puffs-vape-descartavel-recarregavel-morango-melancia-lima-limao-e-mirtilo-coco-10pcs\/\">Melancia com morango e lima-lim\u00e3o e coco com mirtilo<\/a><\/li>\n<\/ol>\n<h2><strong>Vape \u00e0 tua maneira: Compat\u00edvel com MTL ou DL<\/strong><\/h2>\n<ul>\n<li><strong>Sabor \u00fanico (modo MTL):<\/strong> Tira a sorte grande para os inaladores boca-a-pulm\u00e3o que preferem uma vaporiza\u00e7\u00e3o mais suave, ao estilo cl\u00e1ssico.<\/li>\n<li><strong>Modo Mix (Modo DL):<\/strong> Maior fluxo de ar e sabor em camadas para os utilizadores de pulm\u00e3o direto que procuram nuvens ousadas e batidas mais profundas.<\/li>\n<\/ul>\n<h3><strong>Porqu\u00ea escolher Fizzy Max III 6em1?<\/strong><\/h3>\n<ul>\n<li>Grande n\u00famero de baforadas e longa dura\u00e7\u00e3o &#8211; at\u00e9 60.000 baforadas por dispositivo<\/li>\n<li>Sistema inteligente de 6 sabores com rota\u00e7\u00e3o instant\u00e2nea &#8211; sem confus\u00e3o, sem complica\u00e7\u00f5es<\/li>\n<li>Recarreg\u00e1vel atrav\u00e9s de USB Type-C &#8211; eficiente e ecol\u00f3gico<\/li>\n<li>Ecr\u00e3 LED para indica\u00e7\u00e3o da bateria e do modo &#8211; sempre em controlo<\/li>\n<li>Compacto e \u00e0 prova de fugas &#8211; concebido para ser port\u00e1til e pr\u00e1tico<\/li>\n<li>Envio r\u00e1pido a partir do nosso armaz\u00e9m europeu &#8211; sem atrasos na alf\u00e2ndega<\/li>\n<\/ul>\n<h3><strong>Perguntas e Respostas &#8211; Fizzy Max III 6in1 60K Vape Descart\u00e1vel<\/strong><\/h3>\n<p><strong>1. Quantas baforadas oferece?<\/strong><br \/>\nAt\u00e9 60.000 baforadas, alimentado por 60mL de e-l\u00edquido, uma bobina de malha e uma bateria recarreg\u00e1vel de 850mAh.<\/p>\n<p><strong>2. \u00c9s compat\u00edvel com MTL e DL?<\/strong><br \/>\nSim &#8211; utiliza o modo Single-Flavor para batidas MTL suaves, ou o modo Mix para uma vaping DL arrojada e cheia de nuvens.<\/p>\n<p><strong>3. \u00c9 recarreg\u00e1vel?<\/strong><br \/>\nSim, vem com uma bateria de 850mAh incorporada e suporta o carregamento r\u00e1pido Tipo C para um tempo de inatividade m\u00ednimo.<\/p>\n","protected":false},"excerpt":{"rendered":"<p>Experimenta 6 sabores num elegante dispositivo vape. O Fizzy Max III proporciona at\u00e9 60.000 baforadas, possui uma bateria recarreg\u00e1vel de 850mAh, 60mL de e-l\u00edquido de primeira qualidade, um visor LED e uma mudan\u00e7a r\u00e1pida de sabor com rota\u00e7\u00e3o inteligente. Dispon\u00edvel em 2% ou 5% de nicotina.  <\/p>\n","protected":false},"featured_media":32447,"comment_status":"open","ping_status":"closed","template":"","meta":{"iawp_total_views":2},"product_brand":[],"product_cat":[590],"product_tag":[621,618,620,619],"class_list":{"0":"post-33188","1":"product","2":"type-product","3":"status-publish","4":"has-post-thumbnail","6":"product_cat-max-iii-6in1-60k-60000-puffs-rechargeable-disposable-vape-pt-pt","7":"product_tag-6-sabores-num-so-dispositivo","8":"product_tag-60000-puffs-pt-pt","9":"product_tag-recarregavel","10":"product_tag-vape-descartavel","12":"first","13":"outofstock","14":"sale","15":"shipping-taxable","16":"purchasable","17":"product-type-variable"},"yoast_head":"<!-- This site is optimized with the Yoast SEO Premium plugin v24.8 (Yoast SEO v24.8) - https:\/\/yoast.com\/wordpress\/plugins\/seo\/ -->\n<title>Bateria 850mAh Vape - Fizzy Max III 6in1 60K 60000 Puffs<\/title>\n<meta name=\"description\" content=\"Vape recarreg\u00e1vel com bateria de 850mAh, 60K 60000 puffs, 6 sabores em 1 Vape descart\u00e1vel e carregamento USB-C - Fizzy Max III 6in1\" \/>\n<meta name=\"robots\" content=\"index, follow, max-snippet:-1, max-image-preview:large, max-video-preview:-1\" \/>\n<link rel=\"canonical\" href=\"https:\/\/fizzyvape.eu\/pt-pt\/produto\/fizzy-max-iii-6em1-60k-60000-puffs-vape-descartavel-recarregavel-morango-kiwi-mirtilo-ice-melancia-ice-10pcs\/\" \/>\n<meta property=\"og:locale\" content=\"pt_PT\" \/>\n<meta property=\"og:type\" content=\"article\" \/>\n<meta property=\"og:title\" content=\"Fizzy Max III 6em1 60K 60000 Puffs Vape descart\u00e1vel recarreg\u00e1vel - Morango Kiwi &amp; Mirtilo Ice &amp; Melancia Ice - 10pcs\" \/>\n<meta property=\"og:description\" content=\"Vape recarreg\u00e1vel com bateria de 850mAh, 60K 60000 puffs, 6 sabores em 1 Vape descart\u00e1vel e carregamento USB-C - Fizzy Max III 6in1\" \/>\n<meta property=\"og:url\" content=\"https:\/\/fizzyvape.eu\/pt-pt\/produto\/fizzy-max-iii-6em1-60k-60000-puffs-vape-descartavel-recarregavel-morango-kiwi-mirtilo-ice-melancia-ice-10pcs\/\" \/>\n<meta property=\"og:site_name\" content=\"fizzyvape.eu\" \/>\n<meta property=\"og:image\" content=\"https:\/\/fizzyvape.eu\/wp-content\/uploads\/2025\/06\/Fizzy-Max-60000-Puffs-05.webp\" \/>\n\t<meta property=\"og:image:width\" content=\"800\" \/>\n\t<meta property=\"og:image:height\" content=\"800\" \/>\n\t<meta property=\"og:image:type\" content=\"image\/webp\" \/>\n<meta name=\"twitter:card\" content=\"summary_large_image\" \/>\n<meta name=\"twitter:label1\" content=\"Disponibilidade\" \/>\n\t<meta name=\"twitter:data1\" content=\"Esgotado\" \/>\n<script type=\"application\/ld+json\" class=\"yoast-schema-graph\">{\"@context\":\"https:\/\/schema.org\",\"@graph\":[{\"@type\":\"WebPage\",\"@id\":\"https:\/\/fizzyvape.eu\/pt-pt\/produto\/fizzy-max-iii-6em1-60k-60000-puffs-vape-descartavel-recarregavel-morango-kiwi-mirtilo-ice-melancia-ice-10pcs\/\",\"url\":\"https:\/\/fizzyvape.eu\/pt-pt\/produto\/fizzy-max-iii-6em1-60k-60000-puffs-vape-descartavel-recarregavel-morango-kiwi-mirtilo-ice-melancia-ice-10pcs\/\",\"name\":\"Bateria 850mAh Vape - Fizzy Max III 6in1 60K 60000 Puffs\",\"isPartOf\":{\"@id\":\"https:\/\/www.fizzyvape.eu\/pt-pt\/#website\"},\"primaryImageOfPage\":{\"@id\":\"https:\/\/fizzyvape.eu\/pt-pt\/produto\/fizzy-max-iii-6em1-60k-60000-puffs-vape-descartavel-recarregavel-morango-kiwi-mirtilo-ice-melancia-ice-10pcs\/#primaryimage\"},\"image\":{\"@id\":\"https:\/\/fizzyvape.eu\/pt-pt\/produto\/fizzy-max-iii-6em1-60k-60000-puffs-vape-descartavel-recarregavel-morango-kiwi-mirtilo-ice-melancia-ice-10pcs\/#primaryimage\"},\"thumbnailUrl\":\"https:\/\/fizzyvape.eu\/wp-content\/uploads\/2025\/06\/Fizzy-Max-60000-Puffs-05.webp\",\"datePublished\":\"2025-06-11T02:33:48+00:00\",\"description\":\"Vape recarreg\u00e1vel com bateria de 850mAh, 60K 60000 puffs, 6 sabores em 1 Vape descart\u00e1vel e carregamento USB-C - Fizzy Max III 6in1\",\"breadcrumb\":{\"@id\":\"https:\/\/fizzyvape.eu\/pt-pt\/produto\/fizzy-max-iii-6em1-60k-60000-puffs-vape-descartavel-recarregavel-morango-kiwi-mirtilo-ice-melancia-ice-10pcs\/#breadcrumb\"},\"inLanguage\":\"pt-PT\",\"potentialAction\":[{\"@type\":\"ReadAction\",\"target\":[\"https:\/\/fizzyvape.eu\/pt-pt\/produto\/fizzy-max-iii-6em1-60k-60000-puffs-vape-descartavel-recarregavel-morango-kiwi-mirtilo-ice-melancia-ice-10pcs\/\"]}]},{\"@type\":\"ImageObject\",\"inLanguage\":\"pt-PT\",\"@id\":\"https:\/\/fizzyvape.eu\/pt-pt\/produto\/fizzy-max-iii-6em1-60k-60000-puffs-vape-descartavel-recarregavel-morango-kiwi-mirtilo-ice-melancia-ice-10pcs\/#primaryimage\",\"url\":\"https:\/\/fizzyvape.eu\/wp-content\/uploads\/2025\/06\/Fizzy-Max-60000-Puffs-05.webp\",\"contentUrl\":\"https:\/\/fizzyvape.eu\/wp-content\/uploads\/2025\/06\/Fizzy-Max-60000-Puffs-05.webp\",\"width\":800,\"height\":800},{\"@type\":\"BreadcrumbList\",\"@id\":\"https:\/\/fizzyvape.eu\/pt-pt\/produto\/fizzy-max-iii-6em1-60k-60000-puffs-vape-descartavel-recarregavel-morango-kiwi-mirtilo-ice-melancia-ice-10pcs\/#breadcrumb\",\"itemListElement\":[{\"@type\":\"ListItem\",\"position\":1,\"name\":\"Home\",\"item\":\"https:\/\/fizzyvape.eu\/pt-pt\/\"},{\"@type\":\"ListItem\",\"position\":2,\"name\":\"Shop\",\"item\":\"https:\/\/www.fizzyvape.eu\/pt-pt\/shop\/\"},{\"@type\":\"ListItem\",\"position\":3,\"name\":\"Fizzy Max III 6em1 60K 60000 Puffs Vape descart\u00e1vel recarreg\u00e1vel &#8211; Morango Kiwi &amp; Mirtilo Ice &amp; Melancia Ice &#8211; 10pcs\"}]},{\"@type\":\"WebSite\",\"@id\":\"https:\/\/www.fizzyvape.eu\/pt-pt\/#website\",\"url\":\"https:\/\/www.fizzyvape.eu\/pt-pt\/\",\"name\":\"fizzyvape.eu\",\"description\":\"Refreshing Vapes. Unforgettable Taste.\",\"publisher\":{\"@id\":\"https:\/\/www.fizzyvape.eu\/pt-pt\/#organization\"},\"potentialAction\":[{\"@type\":\"SearchAction\",\"target\":{\"@type\":\"EntryPoint\",\"urlTemplate\":\"https:\/\/www.fizzyvape.eu\/pt-pt\/?s={search_term_string}\"},\"query-input\":{\"@type\":\"PropertyValueSpecification\",\"valueRequired\":true,\"valueName\":\"search_term_string\"}}],\"inLanguage\":\"pt-PT\"},{\"@type\":\"Organization\",\"@id\":\"https:\/\/www.fizzyvape.eu\/pt-pt\/#organization\",\"name\":\"fizzyvape.eu\",\"url\":\"https:\/\/www.fizzyvape.eu\/pt-pt\/\",\"logo\":{\"@type\":\"ImageObject\",\"inLanguage\":\"pt-PT\",\"@id\":\"https:\/\/www.fizzyvape.eu\/pt-pt\/#\/schema\/logo\/image\/\",\"url\":\"https:\/\/fizzyvape.eu\/wp-content\/uploads\/2019\/06\/print-1.svg\",\"contentUrl\":\"https:\/\/fizzyvape.eu\/wp-content\/uploads\/2019\/06\/print-1.svg\",\"width\":124,\"height\":37,\"caption\":\"fizzyvape.eu\"},\"image\":{\"@id\":\"https:\/\/www.fizzyvape.eu\/pt-pt\/#\/schema\/logo\/image\/\"}}]}<\/script>\n<meta property=\"og:availability\" content=\"out of stock\" \/>\n<meta property=\"product:availability\" content=\"out of stock\" \/>\n<meta property=\"product:condition\" content=\"new\" \/>\n<!-- \/ Yoast SEO Premium plugin. -->","yoast_head_json":{"title":"Bateria 850mAh Vape - Fizzy Max III 6in1 60K 60000 Puffs","description":"Vape recarreg\u00e1vel com bateria de 850mAh, 60K 60000 puffs, 6 sabores em 1 Vape descart\u00e1vel e carregamento USB-C - Fizzy Max III 6in1","robots":{"index":"index","follow":"follow","max-snippet":"max-snippet:-1","max-image-preview":"max-image-preview:large","max-video-preview":"max-video-preview:-1"},"canonical":"https:\/\/fizzyvape.eu\/pt-pt\/produto\/fizzy-max-iii-6em1-60k-60000-puffs-vape-descartavel-recarregavel-morango-kiwi-mirtilo-ice-melancia-ice-10pcs\/","og_locale":"pt_PT","og_type":"article","og_title":"Fizzy Max III 6em1 60K 60000 Puffs Vape descart\u00e1vel recarreg\u00e1vel - Morango Kiwi &amp; Mirtilo Ice &amp; Melancia Ice - 10pcs","og_description":"Vape recarreg\u00e1vel com bateria de 850mAh, 60K 60000 puffs, 6 sabores em 1 Vape descart\u00e1vel e carregamento USB-C - Fizzy Max III 6in1","og_url":"https:\/\/fizzyvape.eu\/pt-pt\/produto\/fizzy-max-iii-6em1-60k-60000-puffs-vape-descartavel-recarregavel-morango-kiwi-mirtilo-ice-melancia-ice-10pcs\/","og_site_name":"fizzyvape.eu","og_image":[{"width":800,"height":800,"url":"https:\/\/fizzyvape.eu\/wp-content\/uploads\/2025\/06\/Fizzy-Max-60000-Puffs-05.webp","type":"image\/webp"}],"twitter_card":"summary_large_image","twitter_misc":{"Disponibilidade":"Esgotado"},"schema":{"@context":"https:\/\/schema.org","@graph":[{"@type":"WebPage","@id":"https:\/\/fizzyvape.eu\/pt-pt\/produto\/fizzy-max-iii-6em1-60k-60000-puffs-vape-descartavel-recarregavel-morango-kiwi-mirtilo-ice-melancia-ice-10pcs\/","url":"https:\/\/fizzyvape.eu\/pt-pt\/produto\/fizzy-max-iii-6em1-60k-60000-puffs-vape-descartavel-recarregavel-morango-kiwi-mirtilo-ice-melancia-ice-10pcs\/","name":"Bateria 850mAh Vape - Fizzy Max III 6in1 60K 60000 Puffs","isPartOf":{"@id":"https:\/\/www.fizzyvape.eu\/pt-pt\/#website"},"primaryImageOfPage":{"@id":"https:\/\/fizzyvape.eu\/pt-pt\/produto\/fizzy-max-iii-6em1-60k-60000-puffs-vape-descartavel-recarregavel-morango-kiwi-mirtilo-ice-melancia-ice-10pcs\/#primaryimage"},"image":{"@id":"https:\/\/fizzyvape.eu\/pt-pt\/produto\/fizzy-max-iii-6em1-60k-60000-puffs-vape-descartavel-recarregavel-morango-kiwi-mirtilo-ice-melancia-ice-10pcs\/#primaryimage"},"thumbnailUrl":"https:\/\/fizzyvape.eu\/wp-content\/uploads\/2025\/06\/Fizzy-Max-60000-Puffs-05.webp","datePublished":"2025-06-11T02:33:48+00:00","description":"Vape recarreg\u00e1vel com bateria de 850mAh, 60K 60000 puffs, 6 sabores em 1 Vape descart\u00e1vel e carregamento USB-C - Fizzy Max III 6in1","breadcrumb":{"@id":"https:\/\/fizzyvape.eu\/pt-pt\/produto\/fizzy-max-iii-6em1-60k-60000-puffs-vape-descartavel-recarregavel-morango-kiwi-mirtilo-ice-melancia-ice-10pcs\/#breadcrumb"},"inLanguage":"pt-PT","potentialAction":[{"@type":"ReadAction","target":["https:\/\/fizzyvape.eu\/pt-pt\/produto\/fizzy-max-iii-6em1-60k-60000-puffs-vape-descartavel-recarregavel-morango-kiwi-mirtilo-ice-melancia-ice-10pcs\/"]}]},{"@type":"ImageObject","inLanguage":"pt-PT","@id":"https:\/\/fizzyvape.eu\/pt-pt\/produto\/fizzy-max-iii-6em1-60k-60000-puffs-vape-descartavel-recarregavel-morango-kiwi-mirtilo-ice-melancia-ice-10pcs\/#primaryimage","url":"https:\/\/fizzyvape.eu\/wp-content\/uploads\/2025\/06\/Fizzy-Max-60000-Puffs-05.webp","contentUrl":"https:\/\/fizzyvape.eu\/wp-content\/uploads\/2025\/06\/Fizzy-Max-60000-Puffs-05.webp","width":800,"height":800},{"@type":"BreadcrumbList","@id":"https:\/\/fizzyvape.eu\/pt-pt\/produto\/fizzy-max-iii-6em1-60k-60000-puffs-vape-descartavel-recarregavel-morango-kiwi-mirtilo-ice-melancia-ice-10pcs\/#breadcrumb","itemListElement":[{"@type":"ListItem","position":1,"name":"Home","item":"https:\/\/fizzyvape.eu\/pt-pt\/"},{"@type":"ListItem","position":2,"name":"Shop","item":"https:\/\/www.fizzyvape.eu\/pt-pt\/shop\/"},{"@type":"ListItem","position":3,"name":"Fizzy Max III 6em1 60K 60000 Puffs Vape descart\u00e1vel recarreg\u00e1vel &#8211; Morango Kiwi &amp; Mirtilo Ice &amp; Melancia Ice &#8211; 10pcs"}]},{"@type":"WebSite","@id":"https:\/\/www.fizzyvape.eu\/pt-pt\/#website","url":"https:\/\/www.fizzyvape.eu\/pt-pt\/","name":"fizzyvape.eu","description":"Refreshing Vapes. Unforgettable Taste.","publisher":{"@id":"https:\/\/www.fizzyvape.eu\/pt-pt\/#organization"},"potentialAction":[{"@type":"SearchAction","target":{"@type":"EntryPoint","urlTemplate":"https:\/\/www.fizzyvape.eu\/pt-pt\/?s={search_term_string}"},"query-input":{"@type":"PropertyValueSpecification","valueRequired":true,"valueName":"search_term_string"}}],"inLanguage":"pt-PT"},{"@type":"Organization","@id":"https:\/\/www.fizzyvape.eu\/pt-pt\/#organization","name":"fizzyvape.eu","url":"https:\/\/www.fizzyvape.eu\/pt-pt\/","logo":{"@type":"ImageObject","inLanguage":"pt-PT","@id":"https:\/\/www.fizzyvape.eu\/pt-pt\/#\/schema\/logo\/image\/","url":"https:\/\/fizzyvape.eu\/wp-content\/uploads\/2019\/06\/print-1.svg","contentUrl":"https:\/\/fizzyvape.eu\/wp-content\/uploads\/2019\/06\/print-1.svg","width":124,"height":37,"caption":"fizzyvape.eu"},"image":{"@id":"https:\/\/www.fizzyvape.eu\/pt-pt\/#\/schema\/logo\/image\/"}}]},"og_availability":"out of stock","product_availability":"out of stock","product_condition":"new"},"tiered_pricing_type":"fixed","tiered_pricing_fixed_rules":[],"tiered_pricing_product_settings":{"layout":"default","base_unit_name":{"singular":null,"plural":null},"default_variation":null},"tiered_pricing_minimum_quantity":null,"tiered_pricing_roles_data":[],"tiered_pricing_percentage_rules":[],"tiered_pricing_maximum_quantity":null,"tiered_pricing_quantity_step":null,"_links":{"self":[{"href":"https:\/\/fizzyvape.eu\/pt-pt\/wp-json\/wp\/v2\/product\/33188","targetHints":{"allow":["GET"]}}],"collection":[{"href":"https:\/\/fizzyvape.eu\/pt-pt\/wp-json\/wp\/v2\/product"}],"about":[{"href":"https:\/\/fizzyvape.eu\/pt-pt\/wp-json\/wp\/v2\/types\/product"}],"replies":[{"embeddable":true,"href":"https:\/\/fizzyvape.eu\/pt-pt\/wp-json\/wp\/v2\/comments?post=33188"}],"version-history":[{"count":0,"href":"https:\/\/fizzyvape.eu\/pt-pt\/wp-json\/wp\/v2\/product\/33188\/revisions"}],"wp:featuredmedia":[{"embeddable":true,"href":"https:\/\/fizzyvape.eu\/pt-pt\/wp-json\/wp\/v2\/media\/32447"}],"wp:attachment":[{"href":"https:\/\/fizzyvape.eu\/pt-pt\/wp-json\/wp\/v2\/media?parent=33188"}],"wp:term":[{"taxonomy":"product_brand","embeddable":true,"href":"https:\/\/fizzyvape.eu\/pt-pt\/wp-json\/wp\/v2\/product_brand?post=33188"},{"taxonomy":"product_cat","embeddable":true,"href":"https:\/\/fizzyvape.eu\/pt-pt\/wp-json\/wp\/v2\/product_cat?post=33188"},{"taxonomy":"product_tag","embeddable":true,"href":"https:\/\/fizzyvape.eu\/pt-pt\/wp-json\/wp\/v2\/product_tag?post=33188"}],"curies":[{"name":"wp","href":"https:\/\/api.w.org\/{rel}","templated":true}]}}