{"id":33194,"date":"2025-06-11T10:33:42","date_gmt":"2025-06-11T02:33:42","guid":{"rendered":"https:\/\/fizzyvape.eu\/product\/fizzy-max-iii-6em1-60k-60000-puffs-vape-descartavel-recarregavel-mirtilo-framboesa-melao-triplo-gelo-morango-10pcs\/"},"modified":"2025-06-11T10:33:42","modified_gmt":"2025-06-11T02:33:42","slug":"fizzy-max-iii-6em1-60k-60000-puffs-vape-descartavel-recarregavel-mirtilo-framboesa-melao-triplo-gelo-morango-10pcs","status":"publish","type":"product","link":"https:\/\/fizzyvape.eu\/pt-pt\/produto\/fizzy-max-iii-6em1-60k-60000-puffs-vape-descartavel-recarregavel-mirtilo-framboesa-melao-triplo-gelo-morango-10pcs\/","title":{"rendered":"Fizzy Max III 6em1 60K 60000 Puffs Vape Descart\u00e1vel Recarreg\u00e1vel &#8211; Mirtilo Framboesa &amp; Mel\u00e3o Triplo &amp; Gelo Morango &#8211; 10pcs"},"content":{"rendered":"<p><img decoding=\"async\" class=\"aligncenter\" src=\"https:\/\/fizzyvape.eu\/wp-content\/uploads\/2025\/06\/Fizzy-Max-III-6in1-60K-60000-Puffs-8-1.webp\" alt=\"Fizzy Max III 60000 Puffs 6em1 Vape Descart\u00e1vel (8)\"><\/p>\n<h1>Fizzy Max III 6em1 60K 60000 Puffs Vape Descart\u00e1vel Recarreg\u00e1vel &#8211; Mirtilo Framboesa &amp; Mel\u00e3o Triplo &amp; Gelo Morango &#8211; 10pcs<\/h1>\n<h3><strong>6 sabores em 1 inovador Vape descart\u00e1vel<\/strong><\/h3>\n<p>Experimenta uma versatilidade de sabores excecional com o <strong>Fizzy Max III 6in1<\/strong>, um <strong>vape descart\u00e1vel<\/strong> de \u00faltima gera\u00e7\u00e3o com <strong>tr\u00eas c\u00e1psulas de 20 ml pr\u00e9-cheias<\/strong>: <strong>Blueberry Ras<\/strong>pberry, <strong>Triple Melon<\/strong> <strong>e Strawberry Ice<\/strong>. Gra\u00e7as ao seu bocal rotativo inteligente, alterna sem esfor\u00e7o entre seis combina\u00e7\u00f5es de sabores \u00fanicos para uma experi\u00eancia de vaporiza\u00e7\u00e3o tudo-em-um.   <\/p>\n<p><strong>Modos de sabor:<\/strong><\/p>\n<ul>\n<li><strong>Mirtilo Framboesa (A):<\/strong> Mistura sumarenta de mirtilos maduros e framboesas azedas<\/li>\n<li><strong>Mel\u00e3o triplo (B):<\/strong> Mistura refrescante de melancia, mel\u00e3o e meloa<\/li>\n<li><strong>Strawberry Ice (C):<\/strong> Morangos doces com um final fresco e gelado<\/li>\n<\/ul>\n<p><strong>Mistura os sabores:<\/strong><\/p>\n<ul>\n<li>Mistura <strong>AB:<\/strong> Fus\u00e3o de mirtilo, framboesa e mel\u00e3o triplo<\/li>\n<li><strong>Mistura BC:<\/strong> Mistura fresca de mel\u00e3o triplo e gelo de morango<\/li>\n<li><strong>Mistura CA:<\/strong> Mistura refrescante de gelo de morango e framboesa de mirtilo<\/li>\n<\/ul>\n<p>Muda facilmente de sabor levantando e rodando a boquilha por esta ordem:<br \/>\n<strong>A \u2192 Mistura AB \u2192 B \u2192 Mistura BC \u2192 C \u2192 Mistura CA<\/strong><\/p>\n<h3><strong>Destaques do produto<\/strong><\/h3>\n<ul>\n<li><strong>At\u00e9 60.000 baforadas<\/strong> para uma utiliza\u00e7\u00e3o prolongada<\/li>\n<li><strong>Sistema de sabores 6 em 1<\/strong> que combina 3 sabores simples e 3 sabores mistos<\/li>\n<li><strong>Capacidade do e-l\u00edquido:<\/strong> 60 ml no total (3 c\u00e1psulas de 20 ml)<\/li>\n<li><strong>Op\u00e7\u00f5es de concentra\u00e7\u00e3o de nicotina:<\/strong> 2% \/ 5%<\/li>\n<li><strong>Bateria:<\/strong> Potente 850mAh recarreg\u00e1vel via Type-C<\/li>\n<li><strong>Bobina:<\/strong> Bobina de malha avan\u00e7ada para um sabor rico e vapor suave<\/li>\n<li><strong>Ecr\u00e3 LED:<\/strong> Mostra o n\u00edvel da bateria e o estado do modo<\/li>\n<li><strong>Prazo de validade:<\/strong> 2 anos<\/li>\n<\/ul>\n<h3><strong>Fizzy Max III 6in1 60000 Puffs Vape descart\u00e1vel Lista de sabores:<\/strong><\/h3>\n<ol>\n<li><a href=\"https:\/\/fizzyvape.eu\/pt-pt\/produto\/fizzy-max-iii-6em1-60k-60000-puffs-vape-descartavel-recarregavel-morango-framboesa-manga-pessego-e-mirtilo-melancia-10-unidades\/\">Morango Framboesa e manga P\u00eassego e mirtilo Melancia<\/a><\/li>\n<li><a href=\"https:\/\/fizzyvape.eu\/pt-pt\/produto\/fizzy-max-iii-6in1-60k-60000-puffs-vape-descartavel-recarregavel-mistura-de-frutos-silvestres-e-kiwi-maracuja-goiaba-e-morango-melancia-10pcs\/\">Mistura de frutos silvestres e kiwi Maracuj\u00e1 Goiaba e morango Melancia<\/a><\/li>\n<li><a href=\"https:\/\/fizzyvape.eu\/pt-pt\/produto\/fizzy-max-iii-6em1-60k-60000-puffs-vape-descartavel-recarregavel-mirtilo-framboesa-melao-triplo-gelo-morango-10pcs\/\">Mirtilo, framboesa, mel\u00e3o triplo e gelo de morango<\/a><\/li>\n<li><a href=\"https:\/\/fizzyvape.eu\/pt-pt\/produto\/fizzy-max-iii-6in1-60k-60000-puffs-vape-descartavel-recarregavel-morango-fruta-do-dragao-red-bull-e-melancia-com-framboesa-10pcs\/\">Morango Dragon Fruit &amp; Red Bull &amp; Melancia Framboesa<\/a><\/li>\n<li><a href=\"https:\/\/fizzyvape.eu\/pt-pt\/produto\/fizzy-max-iii-6em1-60k-60000-puffs-vape-descartavel-recarregavel-morango-kiwi-mirtilo-ice-melancia-ice-10pcs\/\">Gelo de morango, kiwi e mirtilo e gelo de melancia<\/a><\/li>\n<li><a href=\"https:\/\/fizzyvape.eu\/pt-pt\/produto\/fizzy-max-iii-6em1-60k-60000-puffs-vape-descartavel-recarregavel-blueberry-ice-fizzy-cherry-raspberry-lemon-10pcs\/\">Mirtilo Gelado &amp; Cereja Fresca &amp; Framboesa Lim\u00e3o<\/a><\/li>\n<li><a href=\"https:\/\/fizzyvape.eu\/pt-pt\/produto\/fizzy-max-iii-6em1-60k-60000-puffs-vape-descartavel-recarregavel-melancia-gelo-morango-baunilha-coca-cola-e-bagas-mistas-10pcs\/\">Gelado de melancia e morango Coca-Cola de baunilha e mista<\/a><\/li>\n<li><a href=\"https:\/\/fizzyvape.eu\/pt-pt\/produto\/fizzy-max-iii-6em1-60k-60000-puffs-vape-descartavel-recarregavel-morango-uva-mirtilo-coco-pessego-limao-10pcs\/\">Morango Uva e Mirtilo Coco e P\u00eassego Lim\u00e3o<\/a><\/li>\n<li><a href=\"https:\/\/fizzyvape.eu\/pt-pt\/produto\/fizzy-max-iii-6in1-60k-60000-puffs-vape-descartavel-recarregavel-azul-razz-ice-morango-kiwi-laranja-ananas-azedo-10pcs\/\">Blue Razz Ice &amp; Morango Kiwi &amp; Laranja Anan\u00e1s Azedo<\/a><\/li>\n<li><a href=\"https:\/\/fizzyvape.eu\/pt-pt\/produto\/fizzy-max-iii-6in1-60k-60000-puffs-vape-descartavel-recarregavel-morango-melancia-lima-limao-e-mirtilo-coco-10pcs\/\">Melancia com morango e lima-lim\u00e3o e coco com mirtilo<\/a><\/li>\n<\/ol>\n<h3><strong>Estilos de vaporiza\u00e7\u00e3o \u00e0 tua medida<\/strong><\/h3>\n<ul>\n<li><strong>Modo de um s\u00f3 sabor (MTL):<\/strong> suaves e satisfat\u00f3rios tragos boca a pulm\u00e3o, perfeitos para uma experi\u00eancia de vaporiza\u00e7\u00e3o cl\u00e1ssica<\/li>\n<li><strong>Modo de mistura de dois sabores (DL):<\/strong> Aumenta o fluxo de ar para obteres batidas arrojadas de pulm\u00e3o direto com nuvens mais ricas e camadas de sabor complexas<\/li>\n<\/ul>\n<h3><strong>Porqu\u00ea escolher Fizzy Max III 6em1?<\/strong><\/h3>\n<ul>\n<li>Troca de sabor sem problemas com uma simples rota\u00e7\u00e3o do bocal<\/li>\n<li>Bateria e e-l\u00edquido de longa dura\u00e7\u00e3o para uma utiliza\u00e7\u00e3o durante todo o dia<\/li>\n<li>Dispositivo compacto e recarreg\u00e1vel com seis sabores distintos<\/li>\n<li>Envio r\u00e1pido do <strong>armaz\u00e9m da UE<\/strong>, sem atrasos na alf\u00e2ndega<\/li>\n<\/ul>\n<h3><strong>Perguntas e Respostas &#8211; Fizzy Max III 6in1 60000 Puffs Vape descart\u00e1vel<\/strong><\/h3>\n<ul>\n<li><strong>Quantas baforadas d\u00e1 o Fizzy Max III?<\/strong><br \/>\nAt\u00e9 60.000 baforadas, gra\u00e7as \u00e0 sua grande capacidade de e-l\u00edquido e \u00e0 potente bateria recarreg\u00e1vel.<\/li>\n<li><strong>Como \u00e9 que mudo de sabor?<\/strong><br \/>\nLevanta e roda a boquilha para percorrer os seis modos de sabor.<\/li>\n<li><strong>\u00c9 recarreg\u00e1vel?<\/strong><br \/>\nSim, tem uma bateria de 850mAh incorporada, recarreg\u00e1vel atrav\u00e9s de Type-C.<\/li>\n<li><strong>Que dosagens de nicotina est\u00e3o dispon\u00edveis?<\/strong><br \/>\nOp\u00e7\u00f5es de 2% (20mg) e 5% (50mg) de nicotina.<\/li>\n<li><strong>Suporta a vaporiza\u00e7\u00e3o MTL e DL?<\/strong><br \/>\nSim, usa o modo de sabor \u00fanico para MTL ou o modo de sabor misto com fluxo de ar aberto para vaping DL.<\/li>\n<\/ul>\n","protected":false},"excerpt":{"rendered":"<p><strong>O Fizzy Max III 6in1 60000 Puffs Rechargeable Disposable Vape<\/strong> oferece-te seis sabores num s\u00f3 dispositivo com rota\u00e7\u00e3o f\u00e1cil. Alimentado por uma bateria recarreg\u00e1vel de 850mAh e 60mL de e-l\u00edquido, oferece at\u00e9 60.000 baforadas. Dispon\u00edvel em 2% e 5% de nicotina, com um visor LED da bateria para maior comodidade.  <\/p>\n","protected":false},"featured_media":32429,"comment_status":"open","ping_status":"closed","template":"","meta":{"iawp_total_views":1},"product_brand":[],"product_cat":[590],"product_tag":[621,618,620,619],"class_list":{"0":"post-33194","1":"product","2":"type-product","3":"status-publish","4":"has-post-thumbnail","6":"product_cat-max-iii-6in1-60k-60000-puffs-rechargeable-disposable-vape-pt-pt","7":"product_tag-6-sabores-num-so-dispositivo","8":"product_tag-60000-puffs-pt-pt","9":"product_tag-recarregavel","10":"product_tag-vape-descartavel","12":"first","13":"outofstock","14":"sale","15":"shipping-taxable","16":"purchasable","17":"product-type-variable"},"yoast_head":"<!-- This site is optimized with the Yoast SEO Premium plugin v24.8 (Yoast SEO v24.8) - https:\/\/yoast.com\/wordpress\/plugins\/seo\/ -->\n<title>Fizzy Max III 6em1 60000 Puffs Vape descart\u00e1vel - 6 sabores em 1<\/title>\n<meta name=\"description\" content=\"Experimenta at\u00e9 60.000 baforadas com o vape descart\u00e1vel Fizzy Max III 6em1. Recarreg\u00e1vel, 6 sabores, bateria de 850mAh e op\u00e7\u00f5es de nicotina para uma vaporiza\u00e7\u00e3o perfeita.\" \/>\n<meta name=\"robots\" content=\"index, follow, max-snippet:-1, max-image-preview:large, max-video-preview:-1\" \/>\n<link rel=\"canonical\" href=\"https:\/\/fizzyvape.eu\/pt-pt\/produto\/fizzy-max-iii-6em1-60k-60000-puffs-vape-descartavel-recarregavel-mirtilo-framboesa-melao-triplo-gelo-morango-10pcs\/\" \/>\n<meta property=\"og:locale\" content=\"pt_PT\" \/>\n<meta property=\"og:type\" content=\"article\" \/>\n<meta property=\"og:title\" content=\"Fizzy Max III 6em1 60K 60000 Puffs Vape Descart\u00e1vel Recarreg\u00e1vel - Mirtilo Framboesa &amp; Mel\u00e3o Triplo &amp; Gelo Morango - 10pcs\" \/>\n<meta property=\"og:description\" content=\"Experimenta at\u00e9 60.000 baforadas com o vape descart\u00e1vel Fizzy Max III 6em1. Recarreg\u00e1vel, 6 sabores, bateria de 850mAh e op\u00e7\u00f5es de nicotina para uma vaporiza\u00e7\u00e3o perfeita.\" \/>\n<meta property=\"og:url\" content=\"https:\/\/fizzyvape.eu\/pt-pt\/produto\/fizzy-max-iii-6em1-60k-60000-puffs-vape-descartavel-recarregavel-mirtilo-framboesa-melao-triplo-gelo-morango-10pcs\/\" \/>\n<meta property=\"og:site_name\" content=\"fizzyvape.eu\" \/>\n<meta property=\"og:image\" content=\"https:\/\/fizzyvape.eu\/wp-content\/uploads\/2025\/06\/Fizzy-Max-60000-Puffs-03.webp\" \/>\n\t<meta property=\"og:image:width\" content=\"800\" \/>\n\t<meta property=\"og:image:height\" content=\"800\" \/>\n\t<meta property=\"og:image:type\" content=\"image\/webp\" \/>\n<meta name=\"twitter:card\" content=\"summary_large_image\" \/>\n<meta name=\"twitter:label1\" content=\"Disponibilidade\" \/>\n\t<meta name=\"twitter:data1\" content=\"Esgotado\" \/>\n<script type=\"application\/ld+json\" class=\"yoast-schema-graph\">{\"@context\":\"https:\/\/schema.org\",\"@graph\":[{\"@type\":\"WebPage\",\"@id\":\"https:\/\/fizzyvape.eu\/pt-pt\/produto\/fizzy-max-iii-6em1-60k-60000-puffs-vape-descartavel-recarregavel-mirtilo-framboesa-melao-triplo-gelo-morango-10pcs\/\",\"url\":\"https:\/\/fizzyvape.eu\/pt-pt\/produto\/fizzy-max-iii-6em1-60k-60000-puffs-vape-descartavel-recarregavel-mirtilo-framboesa-melao-triplo-gelo-morango-10pcs\/\",\"name\":\"Fizzy Max III 6em1 60000 Puffs Vape descart\u00e1vel - 6 sabores em 1\",\"isPartOf\":{\"@id\":\"https:\/\/www.fizzyvape.eu\/pt-pt\/#website\"},\"primaryImageOfPage\":{\"@id\":\"https:\/\/fizzyvape.eu\/pt-pt\/produto\/fizzy-max-iii-6em1-60k-60000-puffs-vape-descartavel-recarregavel-mirtilo-framboesa-melao-triplo-gelo-morango-10pcs\/#primaryimage\"},\"image\":{\"@id\":\"https:\/\/fizzyvape.eu\/pt-pt\/produto\/fizzy-max-iii-6em1-60k-60000-puffs-vape-descartavel-recarregavel-mirtilo-framboesa-melao-triplo-gelo-morango-10pcs\/#primaryimage\"},\"thumbnailUrl\":\"https:\/\/fizzyvape.eu\/wp-content\/uploads\/2025\/06\/Fizzy-Max-60000-Puffs-03.webp\",\"datePublished\":\"2025-06-11T02:33:42+00:00\",\"description\":\"Experimenta at\u00e9 60.000 baforadas com o vape descart\u00e1vel Fizzy Max III 6em1. Recarreg\u00e1vel, 6 sabores, bateria de 850mAh e op\u00e7\u00f5es de nicotina para uma vaporiza\u00e7\u00e3o perfeita.\",\"breadcrumb\":{\"@id\":\"https:\/\/fizzyvape.eu\/pt-pt\/produto\/fizzy-max-iii-6em1-60k-60000-puffs-vape-descartavel-recarregavel-mirtilo-framboesa-melao-triplo-gelo-morango-10pcs\/#breadcrumb\"},\"inLanguage\":\"pt-PT\",\"potentialAction\":[{\"@type\":\"ReadAction\",\"target\":[\"https:\/\/fizzyvape.eu\/pt-pt\/produto\/fizzy-max-iii-6em1-60k-60000-puffs-vape-descartavel-recarregavel-mirtilo-framboesa-melao-triplo-gelo-morango-10pcs\/\"]}]},{\"@type\":\"ImageObject\",\"inLanguage\":\"pt-PT\",\"@id\":\"https:\/\/fizzyvape.eu\/pt-pt\/produto\/fizzy-max-iii-6em1-60k-60000-puffs-vape-descartavel-recarregavel-mirtilo-framboesa-melao-triplo-gelo-morango-10pcs\/#primaryimage\",\"url\":\"https:\/\/fizzyvape.eu\/wp-content\/uploads\/2025\/06\/Fizzy-Max-60000-Puffs-03.webp\",\"contentUrl\":\"https:\/\/fizzyvape.eu\/wp-content\/uploads\/2025\/06\/Fizzy-Max-60000-Puffs-03.webp\",\"width\":800,\"height\":800},{\"@type\":\"BreadcrumbList\",\"@id\":\"https:\/\/fizzyvape.eu\/pt-pt\/produto\/fizzy-max-iii-6em1-60k-60000-puffs-vape-descartavel-recarregavel-mirtilo-framboesa-melao-triplo-gelo-morango-10pcs\/#breadcrumb\",\"itemListElement\":[{\"@type\":\"ListItem\",\"position\":1,\"name\":\"Home\",\"item\":\"https:\/\/fizzyvape.eu\/pt-pt\/\"},{\"@type\":\"ListItem\",\"position\":2,\"name\":\"Shop\",\"item\":\"https:\/\/www.fizzyvape.eu\/pt-pt\/shop\/\"},{\"@type\":\"ListItem\",\"position\":3,\"name\":\"Fizzy Max III 6em1 60K 60000 Puffs Vape Descart\u00e1vel Recarreg\u00e1vel &#8211; Mirtilo Framboesa &amp; Mel\u00e3o Triplo &amp; Gelo Morango &#8211; 10pcs\"}]},{\"@type\":\"WebSite\",\"@id\":\"https:\/\/www.fizzyvape.eu\/pt-pt\/#website\",\"url\":\"https:\/\/www.fizzyvape.eu\/pt-pt\/\",\"name\":\"fizzyvape.eu\",\"description\":\"Refreshing Vapes. Unforgettable Taste.\",\"publisher\":{\"@id\":\"https:\/\/www.fizzyvape.eu\/pt-pt\/#organization\"},\"potentialAction\":[{\"@type\":\"SearchAction\",\"target\":{\"@type\":\"EntryPoint\",\"urlTemplate\":\"https:\/\/www.fizzyvape.eu\/pt-pt\/?s={search_term_string}\"},\"query-input\":{\"@type\":\"PropertyValueSpecification\",\"valueRequired\":true,\"valueName\":\"search_term_string\"}}],\"inLanguage\":\"pt-PT\"},{\"@type\":\"Organization\",\"@id\":\"https:\/\/www.fizzyvape.eu\/pt-pt\/#organization\",\"name\":\"fizzyvape.eu\",\"url\":\"https:\/\/www.fizzyvape.eu\/pt-pt\/\",\"logo\":{\"@type\":\"ImageObject\",\"inLanguage\":\"pt-PT\",\"@id\":\"https:\/\/www.fizzyvape.eu\/pt-pt\/#\/schema\/logo\/image\/\",\"url\":\"https:\/\/fizzyvape.eu\/wp-content\/uploads\/2019\/06\/print-1.svg\",\"contentUrl\":\"https:\/\/fizzyvape.eu\/wp-content\/uploads\/2019\/06\/print-1.svg\",\"width\":124,\"height\":37,\"caption\":\"fizzyvape.eu\"},\"image\":{\"@id\":\"https:\/\/www.fizzyvape.eu\/pt-pt\/#\/schema\/logo\/image\/\"}}]}<\/script>\n<meta property=\"og:availability\" content=\"out of stock\" \/>\n<meta property=\"product:availability\" content=\"out of stock\" \/>\n<meta property=\"product:condition\" content=\"new\" \/>\n<!-- \/ Yoast SEO Premium plugin. -->","yoast_head_json":{"title":"Fizzy Max III 6em1 60000 Puffs Vape descart\u00e1vel - 6 sabores em 1","description":"Experimenta at\u00e9 60.000 baforadas com o vape descart\u00e1vel Fizzy Max III 6em1. Recarreg\u00e1vel, 6 sabores, bateria de 850mAh e op\u00e7\u00f5es de nicotina para uma vaporiza\u00e7\u00e3o perfeita.","robots":{"index":"index","follow":"follow","max-snippet":"max-snippet:-1","max-image-preview":"max-image-preview:large","max-video-preview":"max-video-preview:-1"},"canonical":"https:\/\/fizzyvape.eu\/pt-pt\/produto\/fizzy-max-iii-6em1-60k-60000-puffs-vape-descartavel-recarregavel-mirtilo-framboesa-melao-triplo-gelo-morango-10pcs\/","og_locale":"pt_PT","og_type":"article","og_title":"Fizzy Max III 6em1 60K 60000 Puffs Vape Descart\u00e1vel Recarreg\u00e1vel - Mirtilo Framboesa &amp; Mel\u00e3o Triplo &amp; Gelo Morango - 10pcs","og_description":"Experimenta at\u00e9 60.000 baforadas com o vape descart\u00e1vel Fizzy Max III 6em1. Recarreg\u00e1vel, 6 sabores, bateria de 850mAh e op\u00e7\u00f5es de nicotina para uma vaporiza\u00e7\u00e3o perfeita.","og_url":"https:\/\/fizzyvape.eu\/pt-pt\/produto\/fizzy-max-iii-6em1-60k-60000-puffs-vape-descartavel-recarregavel-mirtilo-framboesa-melao-triplo-gelo-morango-10pcs\/","og_site_name":"fizzyvape.eu","og_image":[{"width":800,"height":800,"url":"https:\/\/fizzyvape.eu\/wp-content\/uploads\/2025\/06\/Fizzy-Max-60000-Puffs-03.webp","type":"image\/webp"}],"twitter_card":"summary_large_image","twitter_misc":{"Disponibilidade":"Esgotado"},"schema":{"@context":"https:\/\/schema.org","@graph":[{"@type":"WebPage","@id":"https:\/\/fizzyvape.eu\/pt-pt\/produto\/fizzy-max-iii-6em1-60k-60000-puffs-vape-descartavel-recarregavel-mirtilo-framboesa-melao-triplo-gelo-morango-10pcs\/","url":"https:\/\/fizzyvape.eu\/pt-pt\/produto\/fizzy-max-iii-6em1-60k-60000-puffs-vape-descartavel-recarregavel-mirtilo-framboesa-melao-triplo-gelo-morango-10pcs\/","name":"Fizzy Max III 6em1 60000 Puffs Vape descart\u00e1vel - 6 sabores em 1","isPartOf":{"@id":"https:\/\/www.fizzyvape.eu\/pt-pt\/#website"},"primaryImageOfPage":{"@id":"https:\/\/fizzyvape.eu\/pt-pt\/produto\/fizzy-max-iii-6em1-60k-60000-puffs-vape-descartavel-recarregavel-mirtilo-framboesa-melao-triplo-gelo-morango-10pcs\/#primaryimage"},"image":{"@id":"https:\/\/fizzyvape.eu\/pt-pt\/produto\/fizzy-max-iii-6em1-60k-60000-puffs-vape-descartavel-recarregavel-mirtilo-framboesa-melao-triplo-gelo-morango-10pcs\/#primaryimage"},"thumbnailUrl":"https:\/\/fizzyvape.eu\/wp-content\/uploads\/2025\/06\/Fizzy-Max-60000-Puffs-03.webp","datePublished":"2025-06-11T02:33:42+00:00","description":"Experimenta at\u00e9 60.000 baforadas com o vape descart\u00e1vel Fizzy Max III 6em1. Recarreg\u00e1vel, 6 sabores, bateria de 850mAh e op\u00e7\u00f5es de nicotina para uma vaporiza\u00e7\u00e3o perfeita.","breadcrumb":{"@id":"https:\/\/fizzyvape.eu\/pt-pt\/produto\/fizzy-max-iii-6em1-60k-60000-puffs-vape-descartavel-recarregavel-mirtilo-framboesa-melao-triplo-gelo-morango-10pcs\/#breadcrumb"},"inLanguage":"pt-PT","potentialAction":[{"@type":"ReadAction","target":["https:\/\/fizzyvape.eu\/pt-pt\/produto\/fizzy-max-iii-6em1-60k-60000-puffs-vape-descartavel-recarregavel-mirtilo-framboesa-melao-triplo-gelo-morango-10pcs\/"]}]},{"@type":"ImageObject","inLanguage":"pt-PT","@id":"https:\/\/fizzyvape.eu\/pt-pt\/produto\/fizzy-max-iii-6em1-60k-60000-puffs-vape-descartavel-recarregavel-mirtilo-framboesa-melao-triplo-gelo-morango-10pcs\/#primaryimage","url":"https:\/\/fizzyvape.eu\/wp-content\/uploads\/2025\/06\/Fizzy-Max-60000-Puffs-03.webp","contentUrl":"https:\/\/fizzyvape.eu\/wp-content\/uploads\/2025\/06\/Fizzy-Max-60000-Puffs-03.webp","width":800,"height":800},{"@type":"BreadcrumbList","@id":"https:\/\/fizzyvape.eu\/pt-pt\/produto\/fizzy-max-iii-6em1-60k-60000-puffs-vape-descartavel-recarregavel-mirtilo-framboesa-melao-triplo-gelo-morango-10pcs\/#breadcrumb","itemListElement":[{"@type":"ListItem","position":1,"name":"Home","item":"https:\/\/fizzyvape.eu\/pt-pt\/"},{"@type":"ListItem","position":2,"name":"Shop","item":"https:\/\/www.fizzyvape.eu\/pt-pt\/shop\/"},{"@type":"ListItem","position":3,"name":"Fizzy Max III 6em1 60K 60000 Puffs Vape Descart\u00e1vel Recarreg\u00e1vel &#8211; Mirtilo Framboesa &amp; Mel\u00e3o Triplo &amp; Gelo Morango &#8211; 10pcs"}]},{"@type":"WebSite","@id":"https:\/\/www.fizzyvape.eu\/pt-pt\/#website","url":"https:\/\/www.fizzyvape.eu\/pt-pt\/","name":"fizzyvape.eu","description":"Refreshing Vapes. Unforgettable Taste.","publisher":{"@id":"https:\/\/www.fizzyvape.eu\/pt-pt\/#organization"},"potentialAction":[{"@type":"SearchAction","target":{"@type":"EntryPoint","urlTemplate":"https:\/\/www.fizzyvape.eu\/pt-pt\/?s={search_term_string}"},"query-input":{"@type":"PropertyValueSpecification","valueRequired":true,"valueName":"search_term_string"}}],"inLanguage":"pt-PT"},{"@type":"Organization","@id":"https:\/\/www.fizzyvape.eu\/pt-pt\/#organization","name":"fizzyvape.eu","url":"https:\/\/www.fizzyvape.eu\/pt-pt\/","logo":{"@type":"ImageObject","inLanguage":"pt-PT","@id":"https:\/\/www.fizzyvape.eu\/pt-pt\/#\/schema\/logo\/image\/","url":"https:\/\/fizzyvape.eu\/wp-content\/uploads\/2019\/06\/print-1.svg","contentUrl":"https:\/\/fizzyvape.eu\/wp-content\/uploads\/2019\/06\/print-1.svg","width":124,"height":37,"caption":"fizzyvape.eu"},"image":{"@id":"https:\/\/www.fizzyvape.eu\/pt-pt\/#\/schema\/logo\/image\/"}}]},"og_availability":"out of stock","product_availability":"out of stock","product_condition":"new"},"tiered_pricing_type":"fixed","tiered_pricing_fixed_rules":[],"tiered_pricing_product_settings":{"layout":"default","base_unit_name":{"singular":null,"plural":null},"default_variation":null},"tiered_pricing_minimum_quantity":null,"tiered_pricing_roles_data":[],"tiered_pricing_percentage_rules":[],"tiered_pricing_maximum_quantity":null,"tiered_pricing_quantity_step":null,"_links":{"self":[{"href":"https:\/\/fizzyvape.eu\/pt-pt\/wp-json\/wp\/v2\/product\/33194","targetHints":{"allow":["GET"]}}],"collection":[{"href":"https:\/\/fizzyvape.eu\/pt-pt\/wp-json\/wp\/v2\/product"}],"about":[{"href":"https:\/\/fizzyvape.eu\/pt-pt\/wp-json\/wp\/v2\/types\/product"}],"replies":[{"embeddable":true,"href":"https:\/\/fizzyvape.eu\/pt-pt\/wp-json\/wp\/v2\/comments?post=33194"}],"version-history":[{"count":0,"href":"https:\/\/fizzyvape.eu\/pt-pt\/wp-json\/wp\/v2\/product\/33194\/revisions"}],"wp:featuredmedia":[{"embeddable":true,"href":"https:\/\/fizzyvape.eu\/pt-pt\/wp-json\/wp\/v2\/media\/32429"}],"wp:attachment":[{"href":"https:\/\/fizzyvape.eu\/pt-pt\/wp-json\/wp\/v2\/media?parent=33194"}],"wp:term":[{"taxonomy":"product_brand","embeddable":true,"href":"https:\/\/fizzyvape.eu\/pt-pt\/wp-json\/wp\/v2\/product_brand?post=33194"},{"taxonomy":"product_cat","embeddable":true,"href":"https:\/\/fizzyvape.eu\/pt-pt\/wp-json\/wp\/v2\/product_cat?post=33194"},{"taxonomy":"product_tag","embeddable":true,"href":"https:\/\/fizzyvape.eu\/pt-pt\/wp-json\/wp\/v2\/product_tag?post=33194"}],"curies":[{"name":"wp","href":"https:\/\/api.w.org\/{rel}","templated":true}]}}