{"id":33223,"date":"2025-06-11T10:34:12","date_gmt":"2025-06-11T02:34:12","guid":{"rendered":"https:\/\/fizzyvape.eu\/product\/fizzy-max-iii-6in1-60k-60000-puffs-vape-descartavel-recarregavel-azul-razz-ice-morango-kiwi-laranja-ananas-azedo-10pcs\/"},"modified":"2025-06-11T10:34:12","modified_gmt":"2025-06-11T02:34:12","slug":"fizzy-max-iii-6in1-60k-60000-puffs-vape-descartavel-recarregavel-azul-razz-ice-morango-kiwi-laranja-ananas-azedo-10pcs","status":"publish","type":"product","link":"https:\/\/fizzyvape.eu\/pt-pt\/produto\/fizzy-max-iii-6in1-60k-60000-puffs-vape-descartavel-recarregavel-azul-razz-ice-morango-kiwi-laranja-ananas-azedo-10pcs\/","title":{"rendered":"Fizzy Max III 6in1 60K 60000 Puffs Vape descart\u00e1vel recarreg\u00e1vel &#8211; Azul Razz Ice &amp; Morango Kiwi &amp; Laranja Anan\u00e1s Azedo &#8211; 10pcs"},"content":{"rendered":"<h1><img decoding=\"async\" class=\"aligncenter\" src=\"https:\/\/fizzyvape.eu\/wp-content\/uploads\/2025\/06\/Fizzy-Max-III-6in1-60K-60000-Puffs-2-1.webp\" alt=\"Fizzy Max III 60000 Puffs 6em1 Vape descart\u00e1vel (1)\"><\/h1>\n<h2><strong>Fizzy Max III 6in1 60000 Puffs Vape descart\u00e1vel recarreg\u00e1vel &#8211; Blue Razz Ice &amp; Strawberry Kiwi &amp; Sour Pineapple Orange (10pcs)<\/strong><\/h2>\n<h3>At\u00e9 60.000 baforadas &#8211; Recarreg\u00e1vel &#8211; 6 sabores num s\u00f3 aparelho<\/h3>\n<p>O Fizzy Max III 6em1 \u00e9 um revolucion\u00e1rio vape descart\u00e1vel recarreg\u00e1vel que proporciona at\u00e9 60.000 baforadas num \u00fanico dispositivo compacto. Pr\u00e9-preenchido com 60 ml de e-l\u00edquido de primeira qualidade em tr\u00eas c\u00e1psulas &#8211; Blue Razz Ice, Strawberry Kiwi e Sour Pineapple Orange &#8211; oferece seis modos de sabor excitantes que combinam misturas simples e mistas. Alimentado por uma bateria recarreg\u00e1vel de 850mAh e com um visor LED, este dispositivo oferece versatilidade, pot\u00eancia e comodidade sem necessidade de recarga ou manuten\u00e7\u00e3o.  <\/p>\n<h3>Carater\u00edsticas principais<\/h3>\n<ul>\n<li><strong>Conta as baforadas<\/strong>: At\u00e9 60.000<\/li>\n<li><strong>Bateria<\/strong>: Recarreg\u00e1vel 850mAh (USB Tipo C)<\/li>\n<li><strong>Capacidade do l\u00edquido eletr\u00f3nico<\/strong>: 60 ml (3 c\u00e1psulas de 20 ml)<\/li>\n<li><strong>Teor de nicotina<\/strong>: 2% ou 5% dispon\u00edvel<\/li>\n<li><strong>Ecr\u00e3 LED<\/strong>: Mostra o n\u00edvel da bateria e o modo de sabor<\/li>\n<li><strong>Sabores<\/strong>: 3 sabores simples + 3 modos mistos (6 no total)<\/li>\n<li><strong>Bobina<\/strong>: Bobina de malha avan\u00e7ada para um vapor suave<\/li>\n<li><strong>Usa<\/strong>: Suporta vaping MTL e DL<\/li>\n<li><strong>Desenha<\/strong>: Recarreg\u00e1vel e descart\u00e1vel, n\u00e3o necessita de recargas<\/li>\n<\/ul>\n<h2>Modos de sabor:<\/h2>\n<ul>\n<li><strong>Blue Razz Ice (A)<\/strong> &#8211; Framboesa de mirtilo fresca e picante<\/li>\n<li><strong>Morango Kiwi (B)<\/strong> &#8211; Equil\u00edbrio suave e frutado de bagas e kiwi tropical<\/li>\n<li><strong>Laranja com anan\u00e1s azedo (C)<\/strong> &#8211; Um toque c\u00edtrico com notas agridoces de anan\u00e1s<\/li>\n<li><strong>Mix AB<\/strong> &#8211; Explos\u00e3o gelada de frutos silvestres com um toque de kiwi<\/li>\n<li><strong>Mix BC<\/strong> &#8211; Uma mistura vibrante de kiwi, citrinos e ponche tropical<\/li>\n<li><strong>Mix CA<\/strong> &#8211; Fus\u00e3o de gelo c\u00edtrico doce e azedo com um toque de frutos silvestres<\/li>\n<\/ul>\n<p>Ciclo de sabores: <strong>A \u2192 Mistura AB \u2192 B \u2192 Mistura BC \u2192 C \u2192 Mistura CA<\/strong><\/p>\n<p>Explora sem esfor\u00e7o os seis perfis de sabores com um design rotativo inteligente que torna a mudan\u00e7a de sabores suave e perfeita. V\u00ea como funciona no nosso <a href=\"https:\/\/www.youtube.com\/watch?v=CoxB_HvaU3k\">v\u00eddeo de demonstra\u00e7\u00e3o<\/a>. <\/p>\n<h3><strong>Fizzy Max III 6in1 60000 Puffs Vape descart\u00e1vel Lista de sabores:<\/strong><\/h3>\n<ol>\n<li><a href=\"https:\/\/fizzyvape.eu\/pt-pt\/produto\/fizzy-max-iii-6em1-60k-60000-puffs-vape-descartavel-recarregavel-morango-framboesa-manga-pessego-e-mirtilo-melancia-10-unidades\/\">Morango Framboesa e manga P\u00eassego e mirtilo Melancia<\/a><\/li>\n<li><a href=\"https:\/\/fizzyvape.eu\/pt-pt\/produto\/fizzy-max-iii-6in1-60k-60000-puffs-vape-descartavel-recarregavel-mistura-de-frutos-silvestres-e-kiwi-maracuja-goiaba-e-morango-melancia-10pcs\/\">Mistura de frutos silvestres e kiwi Maracuj\u00e1 Goiaba e morango Melancia<\/a><\/li>\n<li><a href=\"https:\/\/fizzyvape.eu\/pt-pt\/produto\/fizzy-max-iii-6em1-60k-60000-puffs-vape-descartavel-recarregavel-mirtilo-framboesa-melao-triplo-gelo-morango-10pcs\/\">Mirtilo, framboesa, mel\u00e3o triplo e gelo de morango<\/a><\/li>\n<li><a href=\"https:\/\/fizzyvape.eu\/pt-pt\/produto\/fizzy-max-iii-6in1-60k-60000-puffs-vape-descartavel-recarregavel-morango-fruta-do-dragao-red-bull-e-melancia-com-framboesa-10pcs\/\">Morango Dragon Fruit &amp; Red Bull &amp; Melancia Framboesa<\/a><\/li>\n<li><a href=\"https:\/\/fizzyvape.eu\/pt-pt\/produto\/fizzy-max-iii-6em1-60k-60000-puffs-vape-descartavel-recarregavel-morango-kiwi-mirtilo-ice-melancia-ice-10pcs\/\">Gelo de morango, kiwi e mirtilo e gelo de melancia<\/a><\/li>\n<li><a href=\"https:\/\/fizzyvape.eu\/pt-pt\/produto\/fizzy-max-iii-6em1-60k-60000-puffs-vape-descartavel-recarregavel-blueberry-ice-fizzy-cherry-raspberry-lemon-10pcs\/\">Mirtilo Gelado &amp; Cereja Fresca &amp; Framboesa Lim\u00e3o<\/a><\/li>\n<li><a href=\"https:\/\/fizzyvape.eu\/pt-pt\/produto\/fizzy-max-iii-6em1-60k-60000-puffs-vape-descartavel-recarregavel-melancia-gelo-morango-baunilha-coca-cola-e-bagas-mistas-10pcs\/\">Gelado de melancia e morango Coca-Cola de baunilha e mista<\/a><\/li>\n<li><a href=\"https:\/\/fizzyvape.eu\/pt-pt\/produto\/fizzy-max-iii-6em1-60k-60000-puffs-vape-descartavel-recarregavel-morango-uva-mirtilo-coco-pessego-limao-10pcs\/\">Morango Uva e Mirtilo Coco e P\u00eassego Lim\u00e3o<\/a><\/li>\n<li><a href=\"https:\/\/fizzyvape.eu\/pt-pt\/produto\/fizzy-max-iii-6in1-60k-60000-puffs-vape-descartavel-recarregavel-azul-razz-ice-morango-kiwi-laranja-ananas-azedo-10pcs\/\">Blue Razz Ice &amp; Morango Kiwi &amp; Laranja Anan\u00e1s Azedo<\/a><\/li>\n<li><a href=\"https:\/\/fizzyvape.eu\/pt-pt\/produto\/fizzy-max-iii-6in1-60k-60000-puffs-vape-descartavel-recarregavel-morango-melancia-lima-limao-e-mirtilo-coco-10pcs\/\">Melancia com morango e lima-lim\u00e3o e coco com mirtilo<\/a><\/li>\n<\/ol>\n<h3>Modos de vaporiza\u00e7\u00e3o<\/h3>\n<ul>\n<li><strong>Modo de Sabor \u00danico (MTL)<\/strong>: Saca apertado e suave para uma satisfa\u00e7\u00e3o semelhante \u00e0 do cigarro<\/li>\n<li><strong>Modo de Sabor Misto (DL)<\/strong>: Tira o ar com um vapor mais cheio e um sabor arrojado<\/li>\n<\/ul>\n<h3>Porqu\u00ea escolher Fizzy Max III 6em1<\/h3>\n<ul>\n<li>At\u00e9 60.000 baforadas por dispositivo para um prazer duradouro<\/li>\n<li>Recarreg\u00e1vel com USB-C para utiliza\u00e7\u00e3o total do e-l\u00edquido<\/li>\n<li>Seis modos de sabor \u00fanicos num s\u00f3 dispositivo<\/li>\n<li>Ecr\u00e3 LED inteligente para controlo da bateria e do modo<\/li>\n<li>Grande capacidade de 60mL de e-l\u00edquido<\/li>\n<li>Dispon\u00edvel em 2% ou 5% de nicotina<\/li>\n<li>Conveni\u00eancia descart\u00e1vel sem recargas<\/li>\n<li>Envio r\u00e1pido do <strong>armaz\u00e9m da UE<\/strong>, sem atrasos na alf\u00e2ndega<\/li>\n<\/ul>\n<h3>FAQ &#8211; Vape descart\u00e1vel multi-sabor (Fizzy Max III 6in1)<\/h3>\n<ul>\n<li><strong>O Fizzy Max III 6em1 \u00e9 verdadeiramente descart\u00e1vel se for recarreg\u00e1vel?<\/strong><br \/>\nSim, \u00e9 recarreg\u00e1vel para utilizares totalmente o e-l\u00edquido pr\u00e9-carregado, mas uma vez vazio, o dispositivo deve ser deitado fora.<\/li>\n<li><strong>Como \u00e9 que posso alternar entre os seis modos de sabor?<\/strong><br \/>\nBasta rodar a boquilha para percorrer os seis modos de sabor. O LED mostra apenas o estado da bateria, n\u00e3o o sabor atual. <\/li>\n<li><strong>Que dosagens de nicotina est\u00e3o dispon\u00edveis?<\/strong><br \/>\nEste dispositivo est\u00e1 dispon\u00edvel nas op\u00e7\u00f5es de 2% (20 mg) e 5% (50 mg) de nicotina.<\/li>\n<li><strong>Quantas baforadas posso obter com um dispositivo?<\/strong><br \/>\nAt\u00e9 60.000 baforadas por dispositivo, dependendo dos teus h\u00e1bitos de utiliza\u00e7\u00e3o.<\/li>\n<\/ul>\n","protected":false},"excerpt":{"rendered":"<p>O Fizzy Max III 6in1 Rechargeable Disposable Vape proporciona at\u00e9 60.000 baforadas com uma potente bateria de 850mAh e 60mL de e-l\u00edquido pr\u00e9-cheio. Desfruta de seis modos de sabor &#8211; incluindo Blue Razz Ice, Strawberry Kiwi, Sour Pineapple Orange e misturas &#8211; al\u00e9m de um visor LED da bateria e op\u00e7\u00f5es de nicotina de 2% ou 5%. Pr\u00e1tico, duradouro e sem manuten\u00e7\u00e3o.  <\/p>\n","protected":false},"featured_media":32492,"comment_status":"open","ping_status":"closed","template":"","meta":{"iawp_total_views":0},"product_brand":[],"product_cat":[590],"product_tag":[621,618,620,619],"class_list":{"0":"post-33223","1":"product","2":"type-product","3":"status-publish","4":"has-post-thumbnail","6":"product_cat-max-iii-6in1-60k-60000-puffs-rechargeable-disposable-vape-pt-pt","7":"product_tag-6-sabores-num-so-dispositivo","8":"product_tag-60000-puffs-pt-pt","9":"product_tag-recarregavel","10":"product_tag-vape-descartavel","12":"first","13":"outofstock","14":"sale","15":"shipping-taxable","16":"purchasable","17":"product-type-variable"},"yoast_head":"<!-- This site is optimized with the Yoast SEO Premium plugin v24.8 (Yoast SEO v24.8) - https:\/\/yoast.com\/wordpress\/plugins\/seo\/ -->\n<title>Fizzy Max 60000 Puffs Vape descart\u00e1vel recarreg\u00e1vel - 6 sabores<\/title>\n<meta name=\"description\" content=\"Fizzy Max III 6in1 60K vape descart\u00e1vel recarreg\u00e1vel com 60000 baforadas, 6 modos de sabor, bateria de 850mAh, ecr\u00e3 LED, nicotina 2%\/5%.\" \/>\n<meta name=\"robots\" content=\"index, follow, max-snippet:-1, max-image-preview:large, max-video-preview:-1\" \/>\n<link rel=\"canonical\" href=\"https:\/\/fizzyvape.eu\/pt-pt\/produto\/fizzy-max-iii-6in1-60k-60000-puffs-vape-descartavel-recarregavel-azul-razz-ice-morango-kiwi-laranja-ananas-azedo-10pcs\/\" \/>\n<meta property=\"og:locale\" content=\"pt_PT\" \/>\n<meta property=\"og:type\" content=\"article\" \/>\n<meta property=\"og:title\" content=\"Fizzy Max III 6in1 60K 60000 Puffs Vape descart\u00e1vel recarreg\u00e1vel - Azul Razz Ice &amp; Morango Kiwi &amp; Laranja Anan\u00e1s Azedo - 10pcs\" \/>\n<meta property=\"og:description\" content=\"Fizzy Max III 6in1 60K vape descart\u00e1vel recarreg\u00e1vel com 60000 baforadas, 6 modos de sabor, bateria de 850mAh, ecr\u00e3 LED, nicotina 2%\/5%.\" \/>\n<meta property=\"og:url\" content=\"https:\/\/fizzyvape.eu\/pt-pt\/produto\/fizzy-max-iii-6in1-60k-60000-puffs-vape-descartavel-recarregavel-azul-razz-ice-morango-kiwi-laranja-ananas-azedo-10pcs\/\" \/>\n<meta property=\"og:site_name\" content=\"fizzyvape.eu\" \/>\n<meta property=\"og:image\" content=\"https:\/\/fizzyvape.eu\/wp-content\/uploads\/2025\/06\/Fizzy-Max-60000-Puffs-10.webp\" \/>\n\t<meta property=\"og:image:width\" content=\"800\" \/>\n\t<meta property=\"og:image:height\" content=\"800\" \/>\n\t<meta property=\"og:image:type\" content=\"image\/webp\" \/>\n<meta name=\"twitter:card\" content=\"summary_large_image\" \/>\n<meta name=\"twitter:label1\" content=\"Disponibilidade\" \/>\n\t<meta name=\"twitter:data1\" content=\"Esgotado\" \/>\n<script type=\"application\/ld+json\" class=\"yoast-schema-graph\">{\"@context\":\"https:\/\/schema.org\",\"@graph\":[{\"@type\":\"WebPage\",\"@id\":\"https:\/\/fizzyvape.eu\/pt-pt\/produto\/fizzy-max-iii-6in1-60k-60000-puffs-vape-descartavel-recarregavel-azul-razz-ice-morango-kiwi-laranja-ananas-azedo-10pcs\/\",\"url\":\"https:\/\/fizzyvape.eu\/pt-pt\/produto\/fizzy-max-iii-6in1-60k-60000-puffs-vape-descartavel-recarregavel-azul-razz-ice-morango-kiwi-laranja-ananas-azedo-10pcs\/\",\"name\":\"Fizzy Max 60000 Puffs Vape descart\u00e1vel recarreg\u00e1vel - 6 sabores\",\"isPartOf\":{\"@id\":\"https:\/\/www.fizzyvape.eu\/pt-pt\/#website\"},\"primaryImageOfPage\":{\"@id\":\"https:\/\/fizzyvape.eu\/pt-pt\/produto\/fizzy-max-iii-6in1-60k-60000-puffs-vape-descartavel-recarregavel-azul-razz-ice-morango-kiwi-laranja-ananas-azedo-10pcs\/#primaryimage\"},\"image\":{\"@id\":\"https:\/\/fizzyvape.eu\/pt-pt\/produto\/fizzy-max-iii-6in1-60k-60000-puffs-vape-descartavel-recarregavel-azul-razz-ice-morango-kiwi-laranja-ananas-azedo-10pcs\/#primaryimage\"},\"thumbnailUrl\":\"https:\/\/fizzyvape.eu\/wp-content\/uploads\/2025\/06\/Fizzy-Max-60000-Puffs-10.webp\",\"datePublished\":\"2025-06-11T02:34:12+00:00\",\"description\":\"Fizzy Max III 6in1 60K vape descart\u00e1vel recarreg\u00e1vel com 60000 baforadas, 6 modos de sabor, bateria de 850mAh, ecr\u00e3 LED, nicotina 2%\/5%.\",\"breadcrumb\":{\"@id\":\"https:\/\/fizzyvape.eu\/pt-pt\/produto\/fizzy-max-iii-6in1-60k-60000-puffs-vape-descartavel-recarregavel-azul-razz-ice-morango-kiwi-laranja-ananas-azedo-10pcs\/#breadcrumb\"},\"inLanguage\":\"pt-PT\",\"potentialAction\":[{\"@type\":\"ReadAction\",\"target\":[\"https:\/\/fizzyvape.eu\/pt-pt\/produto\/fizzy-max-iii-6in1-60k-60000-puffs-vape-descartavel-recarregavel-azul-razz-ice-morango-kiwi-laranja-ananas-azedo-10pcs\/\"]}]},{\"@type\":\"ImageObject\",\"inLanguage\":\"pt-PT\",\"@id\":\"https:\/\/fizzyvape.eu\/pt-pt\/produto\/fizzy-max-iii-6in1-60k-60000-puffs-vape-descartavel-recarregavel-azul-razz-ice-morango-kiwi-laranja-ananas-azedo-10pcs\/#primaryimage\",\"url\":\"https:\/\/fizzyvape.eu\/wp-content\/uploads\/2025\/06\/Fizzy-Max-60000-Puffs-10.webp\",\"contentUrl\":\"https:\/\/fizzyvape.eu\/wp-content\/uploads\/2025\/06\/Fizzy-Max-60000-Puffs-10.webp\",\"width\":800,\"height\":800,\"caption\":\"Fizzy Max 60000 Puffs Vape descart\u00e1vel recarreg\u00e1vel\"},{\"@type\":\"BreadcrumbList\",\"@id\":\"https:\/\/fizzyvape.eu\/pt-pt\/produto\/fizzy-max-iii-6in1-60k-60000-puffs-vape-descartavel-recarregavel-azul-razz-ice-morango-kiwi-laranja-ananas-azedo-10pcs\/#breadcrumb\",\"itemListElement\":[{\"@type\":\"ListItem\",\"position\":1,\"name\":\"Home\",\"item\":\"https:\/\/fizzyvape.eu\/pt-pt\/\"},{\"@type\":\"ListItem\",\"position\":2,\"name\":\"Shop\",\"item\":\"https:\/\/www.fizzyvape.eu\/pt-pt\/shop\/\"},{\"@type\":\"ListItem\",\"position\":3,\"name\":\"Fizzy Max III 6in1 60K 60000 Puffs Vape descart\u00e1vel recarreg\u00e1vel &#8211; Azul Razz Ice &amp; Morango Kiwi &amp; Laranja Anan\u00e1s Azedo &#8211; 10pcs\"}]},{\"@type\":\"WebSite\",\"@id\":\"https:\/\/www.fizzyvape.eu\/pt-pt\/#website\",\"url\":\"https:\/\/www.fizzyvape.eu\/pt-pt\/\",\"name\":\"fizzyvape.eu\",\"description\":\"Refreshing Vapes. Unforgettable Taste.\",\"publisher\":{\"@id\":\"https:\/\/www.fizzyvape.eu\/pt-pt\/#organization\"},\"potentialAction\":[{\"@type\":\"SearchAction\",\"target\":{\"@type\":\"EntryPoint\",\"urlTemplate\":\"https:\/\/www.fizzyvape.eu\/pt-pt\/?s={search_term_string}\"},\"query-input\":{\"@type\":\"PropertyValueSpecification\",\"valueRequired\":true,\"valueName\":\"search_term_string\"}}],\"inLanguage\":\"pt-PT\"},{\"@type\":\"Organization\",\"@id\":\"https:\/\/www.fizzyvape.eu\/pt-pt\/#organization\",\"name\":\"fizzyvape.eu\",\"url\":\"https:\/\/www.fizzyvape.eu\/pt-pt\/\",\"logo\":{\"@type\":\"ImageObject\",\"inLanguage\":\"pt-PT\",\"@id\":\"https:\/\/www.fizzyvape.eu\/pt-pt\/#\/schema\/logo\/image\/\",\"url\":\"https:\/\/fizzyvape.eu\/wp-content\/uploads\/2019\/06\/print-1.svg\",\"contentUrl\":\"https:\/\/fizzyvape.eu\/wp-content\/uploads\/2019\/06\/print-1.svg\",\"width\":124,\"height\":37,\"caption\":\"fizzyvape.eu\"},\"image\":{\"@id\":\"https:\/\/www.fizzyvape.eu\/pt-pt\/#\/schema\/logo\/image\/\"}}]}<\/script>\n<meta property=\"og:availability\" content=\"out of stock\" \/>\n<meta property=\"product:availability\" content=\"out of stock\" \/>\n<meta property=\"product:condition\" content=\"new\" \/>\n<!-- \/ Yoast SEO Premium plugin. -->","yoast_head_json":{"title":"Fizzy Max 60000 Puffs Vape descart\u00e1vel recarreg\u00e1vel - 6 sabores","description":"Fizzy Max III 6in1 60K vape descart\u00e1vel recarreg\u00e1vel com 60000 baforadas, 6 modos de sabor, bateria de 850mAh, ecr\u00e3 LED, nicotina 2%\/5%.","robots":{"index":"index","follow":"follow","max-snippet":"max-snippet:-1","max-image-preview":"max-image-preview:large","max-video-preview":"max-video-preview:-1"},"canonical":"https:\/\/fizzyvape.eu\/pt-pt\/produto\/fizzy-max-iii-6in1-60k-60000-puffs-vape-descartavel-recarregavel-azul-razz-ice-morango-kiwi-laranja-ananas-azedo-10pcs\/","og_locale":"pt_PT","og_type":"article","og_title":"Fizzy Max III 6in1 60K 60000 Puffs Vape descart\u00e1vel recarreg\u00e1vel - Azul Razz Ice &amp; Morango Kiwi &amp; Laranja Anan\u00e1s Azedo - 10pcs","og_description":"Fizzy Max III 6in1 60K vape descart\u00e1vel recarreg\u00e1vel com 60000 baforadas, 6 modos de sabor, bateria de 850mAh, ecr\u00e3 LED, nicotina 2%\/5%.","og_url":"https:\/\/fizzyvape.eu\/pt-pt\/produto\/fizzy-max-iii-6in1-60k-60000-puffs-vape-descartavel-recarregavel-azul-razz-ice-morango-kiwi-laranja-ananas-azedo-10pcs\/","og_site_name":"fizzyvape.eu","og_image":[{"width":800,"height":800,"url":"https:\/\/fizzyvape.eu\/wp-content\/uploads\/2025\/06\/Fizzy-Max-60000-Puffs-10.webp","type":"image\/webp"}],"twitter_card":"summary_large_image","twitter_misc":{"Disponibilidade":"Esgotado"},"schema":{"@context":"https:\/\/schema.org","@graph":[{"@type":"WebPage","@id":"https:\/\/fizzyvape.eu\/pt-pt\/produto\/fizzy-max-iii-6in1-60k-60000-puffs-vape-descartavel-recarregavel-azul-razz-ice-morango-kiwi-laranja-ananas-azedo-10pcs\/","url":"https:\/\/fizzyvape.eu\/pt-pt\/produto\/fizzy-max-iii-6in1-60k-60000-puffs-vape-descartavel-recarregavel-azul-razz-ice-morango-kiwi-laranja-ananas-azedo-10pcs\/","name":"Fizzy Max 60000 Puffs Vape descart\u00e1vel recarreg\u00e1vel - 6 sabores","isPartOf":{"@id":"https:\/\/www.fizzyvape.eu\/pt-pt\/#website"},"primaryImageOfPage":{"@id":"https:\/\/fizzyvape.eu\/pt-pt\/produto\/fizzy-max-iii-6in1-60k-60000-puffs-vape-descartavel-recarregavel-azul-razz-ice-morango-kiwi-laranja-ananas-azedo-10pcs\/#primaryimage"},"image":{"@id":"https:\/\/fizzyvape.eu\/pt-pt\/produto\/fizzy-max-iii-6in1-60k-60000-puffs-vape-descartavel-recarregavel-azul-razz-ice-morango-kiwi-laranja-ananas-azedo-10pcs\/#primaryimage"},"thumbnailUrl":"https:\/\/fizzyvape.eu\/wp-content\/uploads\/2025\/06\/Fizzy-Max-60000-Puffs-10.webp","datePublished":"2025-06-11T02:34:12+00:00","description":"Fizzy Max III 6in1 60K vape descart\u00e1vel recarreg\u00e1vel com 60000 baforadas, 6 modos de sabor, bateria de 850mAh, ecr\u00e3 LED, nicotina 2%\/5%.","breadcrumb":{"@id":"https:\/\/fizzyvape.eu\/pt-pt\/produto\/fizzy-max-iii-6in1-60k-60000-puffs-vape-descartavel-recarregavel-azul-razz-ice-morango-kiwi-laranja-ananas-azedo-10pcs\/#breadcrumb"},"inLanguage":"pt-PT","potentialAction":[{"@type":"ReadAction","target":["https:\/\/fizzyvape.eu\/pt-pt\/produto\/fizzy-max-iii-6in1-60k-60000-puffs-vape-descartavel-recarregavel-azul-razz-ice-morango-kiwi-laranja-ananas-azedo-10pcs\/"]}]},{"@type":"ImageObject","inLanguage":"pt-PT","@id":"https:\/\/fizzyvape.eu\/pt-pt\/produto\/fizzy-max-iii-6in1-60k-60000-puffs-vape-descartavel-recarregavel-azul-razz-ice-morango-kiwi-laranja-ananas-azedo-10pcs\/#primaryimage","url":"https:\/\/fizzyvape.eu\/wp-content\/uploads\/2025\/06\/Fizzy-Max-60000-Puffs-10.webp","contentUrl":"https:\/\/fizzyvape.eu\/wp-content\/uploads\/2025\/06\/Fizzy-Max-60000-Puffs-10.webp","width":800,"height":800,"caption":"Fizzy Max 60000 Puffs Vape descart\u00e1vel recarreg\u00e1vel"},{"@type":"BreadcrumbList","@id":"https:\/\/fizzyvape.eu\/pt-pt\/produto\/fizzy-max-iii-6in1-60k-60000-puffs-vape-descartavel-recarregavel-azul-razz-ice-morango-kiwi-laranja-ananas-azedo-10pcs\/#breadcrumb","itemListElement":[{"@type":"ListItem","position":1,"name":"Home","item":"https:\/\/fizzyvape.eu\/pt-pt\/"},{"@type":"ListItem","position":2,"name":"Shop","item":"https:\/\/www.fizzyvape.eu\/pt-pt\/shop\/"},{"@type":"ListItem","position":3,"name":"Fizzy Max III 6in1 60K 60000 Puffs Vape descart\u00e1vel recarreg\u00e1vel &#8211; Azul Razz Ice &amp; Morango Kiwi &amp; Laranja Anan\u00e1s Azedo &#8211; 10pcs"}]},{"@type":"WebSite","@id":"https:\/\/www.fizzyvape.eu\/pt-pt\/#website","url":"https:\/\/www.fizzyvape.eu\/pt-pt\/","name":"fizzyvape.eu","description":"Refreshing Vapes. Unforgettable Taste.","publisher":{"@id":"https:\/\/www.fizzyvape.eu\/pt-pt\/#organization"},"potentialAction":[{"@type":"SearchAction","target":{"@type":"EntryPoint","urlTemplate":"https:\/\/www.fizzyvape.eu\/pt-pt\/?s={search_term_string}"},"query-input":{"@type":"PropertyValueSpecification","valueRequired":true,"valueName":"search_term_string"}}],"inLanguage":"pt-PT"},{"@type":"Organization","@id":"https:\/\/www.fizzyvape.eu\/pt-pt\/#organization","name":"fizzyvape.eu","url":"https:\/\/www.fizzyvape.eu\/pt-pt\/","logo":{"@type":"ImageObject","inLanguage":"pt-PT","@id":"https:\/\/www.fizzyvape.eu\/pt-pt\/#\/schema\/logo\/image\/","url":"https:\/\/fizzyvape.eu\/wp-content\/uploads\/2019\/06\/print-1.svg","contentUrl":"https:\/\/fizzyvape.eu\/wp-content\/uploads\/2019\/06\/print-1.svg","width":124,"height":37,"caption":"fizzyvape.eu"},"image":{"@id":"https:\/\/www.fizzyvape.eu\/pt-pt\/#\/schema\/logo\/image\/"}}]},"og_availability":"out of stock","product_availability":"out of stock","product_condition":"new"},"tiered_pricing_type":"fixed","tiered_pricing_fixed_rules":[],"tiered_pricing_product_settings":{"layout":"default","base_unit_name":{"singular":null,"plural":null},"default_variation":null},"tiered_pricing_minimum_quantity":null,"tiered_pricing_roles_data":[],"tiered_pricing_percentage_rules":[],"tiered_pricing_maximum_quantity":null,"tiered_pricing_quantity_step":null,"_links":{"self":[{"href":"https:\/\/fizzyvape.eu\/pt-pt\/wp-json\/wp\/v2\/product\/33223","targetHints":{"allow":["GET"]}}],"collection":[{"href":"https:\/\/fizzyvape.eu\/pt-pt\/wp-json\/wp\/v2\/product"}],"about":[{"href":"https:\/\/fizzyvape.eu\/pt-pt\/wp-json\/wp\/v2\/types\/product"}],"replies":[{"embeddable":true,"href":"https:\/\/fizzyvape.eu\/pt-pt\/wp-json\/wp\/v2\/comments?post=33223"}],"version-history":[{"count":0,"href":"https:\/\/fizzyvape.eu\/pt-pt\/wp-json\/wp\/v2\/product\/33223\/revisions"}],"wp:featuredmedia":[{"embeddable":true,"href":"https:\/\/fizzyvape.eu\/pt-pt\/wp-json\/wp\/v2\/media\/32492"}],"wp:attachment":[{"href":"https:\/\/fizzyvape.eu\/pt-pt\/wp-json\/wp\/v2\/media?parent=33223"}],"wp:term":[{"taxonomy":"product_brand","embeddable":true,"href":"https:\/\/fizzyvape.eu\/pt-pt\/wp-json\/wp\/v2\/product_brand?post=33223"},{"taxonomy":"product_cat","embeddable":true,"href":"https:\/\/fizzyvape.eu\/pt-pt\/wp-json\/wp\/v2\/product_cat?post=33223"},{"taxonomy":"product_tag","embeddable":true,"href":"https:\/\/fizzyvape.eu\/pt-pt\/wp-json\/wp\/v2\/product_tag?post=33223"}],"curies":[{"name":"wp","href":"https:\/\/api.w.org\/{rel}","templated":true}]}}