{"id":33242,"date":"2025-06-11T10:34:07","date_gmt":"2025-06-11T02:34:07","guid":{"rendered":"https:\/\/fizzyvape.eu\/product\/fizzy-max-iii-6em1-60k-60000-puffs-vape-descartavel-recarregavel-morango-uva-mirtilo-coco-pessego-limao-10pcs\/"},"modified":"2025-06-11T10:34:07","modified_gmt":"2025-06-11T02:34:07","slug":"fizzy-max-iii-6em1-60k-60000-puffs-vape-descartavel-recarregavel-morango-uva-mirtilo-coco-pessego-limao-10pcs","status":"publish","type":"product","link":"https:\/\/fizzyvape.eu\/pt-pt\/produto\/fizzy-max-iii-6em1-60k-60000-puffs-vape-descartavel-recarregavel-morango-uva-mirtilo-coco-pessego-limao-10pcs\/","title":{"rendered":"Fizzy Max III 6em1 60K 60000 Puffs Vape Descart\u00e1vel Recarreg\u00e1vel &#8211; Morango Uva &amp; Mirtilo Coco &amp; P\u00eassego Lim\u00e3o &#8211; 10pcs"},"content":{"rendered":"<p><img decoding=\"async\" class=\"aligncenter\" src=\"https:\/\/fizzyvape.eu\/wp-content\/uploads\/2025\/06\/Fizzy-Max-III-6in1-60K-60000-Puffs-3-1.webp\" alt=\"Fizzy Max III 60000 Puffs 6em1 Vape descart\u00e1vel (3)\"><\/p>\n<h3>Fizzy Max III 6in1 60K 60000 Puffs Vape descart\u00e1vel recarreg\u00e1vel<\/h3>\n<p><strong>Morango, uva e mirtilo, coco e p\u00eassego, lim\u00e3o &#8211; 10 unidades<\/strong><\/p>\n<p>Experimenta a derradeira inova\u00e7\u00e3o em vaping com o vaporizador descart\u00e1vel recarreg\u00e1vel Fizzy Max III 6em1, concebido para dar at\u00e9 <strong>60.000 baforadas<\/strong> num \u00fanico dispositivo elegante e potente. Este vape revolucion\u00e1rio inclui <strong>tr\u00eas c\u00e1psulas pr\u00e9-cheias de 20 ml<\/strong> com sabores deliciosos: <strong>Morango Uva, Mirtilo Coco e P\u00eassego Lim\u00e3o<\/strong>, que se combinam para oferecer <strong>seis modos de sabor \u00fanicos<\/strong> atrav\u00e9s de um simples mecanismo de rota\u00e7\u00e3o do bocal. <\/p>\n<h4>Carater\u00edsticas principais:<\/h4>\n<ul>\n<li><strong>Conta as baforadas:<\/strong> At\u00e9 60.000 baforadas para um prazer duradouro<\/li>\n<li><strong>Desenha:<\/strong> Recarreg\u00e1vel e descart\u00e1vel &#8211; n\u00e3o necessita de recargas<\/li>\n<li>Bateria<strong>:<\/strong> Bateria recarreg\u00e1vel de 850mAh incorporada com carregamento USB Tipo C<\/li>\n<li><strong>Capacidade do l\u00edquido eletr\u00f3nico:<\/strong> 60 ml no total (3 c\u00e1psulas de 20 ml)<\/li>\n<li><strong>For\u00e7a da nicotina:<\/strong> Dispon\u00edvel em op\u00e7\u00f5es de 2% e 5% de nicotina<\/li>\n<li><strong>Modos de sabor:<\/strong> 6 combina\u00e7\u00f5es de sabores &#8211; 3 sabores simples e 3 misturas<\/li>\n<li><strong>Ecr\u00e3 LED:<\/strong> Indica o n\u00edvel da bateria para uma monitoriza\u00e7\u00e3o f\u00e1cil<\/li>\n<li><strong>Bocal:<\/strong> Design rotativo para alternar facilmente entre sabores<\/li>\n<li><strong>Bobina:<\/strong> Tecnologia avan\u00e7ada de bobina de malha para um vapor rico e suave<\/li>\n<li><strong>Usa-o:<\/strong> Suporta os estilos de vaporiza\u00e7\u00e3o boca a pulm\u00e3o (MTL) e pulm\u00e3o direto (DL)<\/li>\n<\/ul>\n<h2>Modos de sabor:<\/h2>\n<ul>\n<li><strong>Morango Uva (A):<\/strong> Mistura doce e sumarenta de bagas e uvas<\/li>\n<li><strong>Coco com mirtilo (B):<\/strong> Coco cremoso com mirtilo fresco<\/li>\n<li><strong data-is-only-node=\"\">Peach Lemon (C):<\/strong> Lim\u00e3o picante com p\u00eassego doce<\/li>\n<li>Mistura <strong>AB:<\/strong> Mistura de bagas tropicais e coco<\/li>\n<li>Mistura <strong>BC:<\/strong> Fus\u00e3o suave de citrinos e coco<\/li>\n<li><strong>Mistura CA:<\/strong> Bagas de p\u00eassego com raspa de citrinos<\/li>\n<\/ul>\n<p>Alterna entre os seis perfis de sabor com um simples <strong>levantar e rodar<\/strong> do bocal. O sistema rotativo incorporado permite-te alternar os sabores sem esfor\u00e7o:<br \/>\n<strong>A \u2192 Mistura AB \u2192 B \u2192 Mistura BC \u2192 C \u2192 Mistura CA<\/strong><\/p>\n<p>Explora sem esfor\u00e7o os seis perfis de sabores com um design rotativo inteligente que torna a mudan\u00e7a de sabores suave e perfeita. V\u00ea como funciona no nosso <a href=\"https:\/\/www.youtube.com\/watch?v=CoxB_HvaU3k\">v\u00eddeo de demonstra\u00e7\u00e3o<\/a>. <\/p>\n<h2>Destaques do produto<\/h2>\n<ul>\n<li><strong>Puffs:<\/strong> At\u00e9 <strong>60.000 baforadas<\/strong><\/li>\n<li><strong>Sistema de sabores 6 em 1<\/strong> (3 individuais + 3 misturas)<\/li>\n<li><strong>Capacidade do e-l\u00edquido:<\/strong> 60 ml (3 c\u00e1psulas de 20 ml)<\/li>\n<li><strong>Teor de nicotina:<\/strong> 2% \/ 5%<\/li>\n<li><strong>Bateria:<\/strong> 850mAh Recarreg\u00e1vel via Type-C<\/li>\n<li><strong>Bobina:<\/strong> Bobina em malha para um vapor consistente e um sabor rico<\/li>\n<li><strong>Ecr\u00e3 LED:<\/strong> Indicador de bateria e modo<\/li>\n<li><strong>Prazo de validade:<\/strong> 2 anos<\/li>\n<\/ul>\n<h3><strong>Fizzy Max III 6in1 60000 Puffs Vape descart\u00e1vel Lista de sabores:<\/strong><\/h3>\n<ol>\n<li><a href=\"https:\/\/fizzyvape.eu\/pt-pt\/produto\/fizzy-max-iii-6em1-60k-60000-puffs-vape-descartavel-recarregavel-morango-framboesa-manga-pessego-e-mirtilo-melancia-10-unidades\/\">Morango Framboesa e manga P\u00eassego e mirtilo Melancia<\/a><\/li>\n<li><a href=\"https:\/\/fizzyvape.eu\/pt-pt\/produto\/fizzy-max-iii-6in1-60k-60000-puffs-vape-descartavel-recarregavel-mistura-de-frutos-silvestres-e-kiwi-maracuja-goiaba-e-morango-melancia-10pcs\/\">Mistura de frutos silvestres e kiwi Maracuj\u00e1 Goiaba e morango Melancia<\/a><\/li>\n<li><a href=\"https:\/\/fizzyvape.eu\/pt-pt\/produto\/fizzy-max-iii-6em1-60k-60000-puffs-vape-descartavel-recarregavel-mirtilo-framboesa-melao-triplo-gelo-morango-10pcs\/\">Mirtilo, framboesa, mel\u00e3o triplo e gelo de morango<\/a><\/li>\n<li><a href=\"https:\/\/fizzyvape.eu\/pt-pt\/produto\/fizzy-max-iii-6in1-60k-60000-puffs-vape-descartavel-recarregavel-morango-fruta-do-dragao-red-bull-e-melancia-com-framboesa-10pcs\/\">Morango Dragon Fruit &amp; Red Bull &amp; Melancia Framboesa<\/a><\/li>\n<li><a href=\"https:\/\/fizzyvape.eu\/pt-pt\/produto\/fizzy-max-iii-6em1-60k-60000-puffs-vape-descartavel-recarregavel-morango-kiwi-mirtilo-ice-melancia-ice-10pcs\/\">Gelo de morango, kiwi e mirtilo e gelo de melancia<\/a><\/li>\n<li><a href=\"https:\/\/fizzyvape.eu\/pt-pt\/produto\/fizzy-max-iii-6em1-60k-60000-puffs-vape-descartavel-recarregavel-blueberry-ice-fizzy-cherry-raspberry-lemon-10pcs\/\">Mirtilo Gelado &amp; Cereja Fresca &amp; Framboesa Lim\u00e3o<\/a><\/li>\n<li><a href=\"https:\/\/fizzyvape.eu\/pt-pt\/produto\/fizzy-max-iii-6em1-60k-60000-puffs-vape-descartavel-recarregavel-melancia-gelo-morango-baunilha-coca-cola-e-bagas-mistas-10pcs\/\">Gelado de melancia e morango Coca-Cola de baunilha e mista<\/a><\/li>\n<li><a href=\"https:\/\/fizzyvape.eu\/pt-pt\/produto\/fizzy-max-iii-6em1-60k-60000-puffs-vape-descartavel-recarregavel-morango-uva-mirtilo-coco-pessego-limao-10pcs\/\">Morango Uva e Mirtilo Coco e P\u00eassego Lim\u00e3o<\/a><\/li>\n<li><a href=\"https:\/\/fizzyvape.eu\/pt-pt\/produto\/fizzy-max-iii-6in1-60k-60000-puffs-vape-descartavel-recarregavel-azul-razz-ice-morango-kiwi-laranja-ananas-azedo-10pcs\/\">Blue Razz Ice &amp; Morango Kiwi &amp; Laranja Anan\u00e1s Azedo<\/a><\/li>\n<li><a href=\"https:\/\/fizzyvape.eu\/pt-pt\/produto\/fizzy-max-iii-6in1-60k-60000-puffs-vape-descartavel-recarregavel-morango-melancia-lima-limao-e-mirtilo-coco-10pcs\/\">Melancia com morango e lima-lim\u00e3o e coco com mirtilo<\/a><\/li>\n<\/ol>\n<h3><strong>Adaptado a todos os estilos de vaporiza\u00e7\u00e3o<\/strong><\/h3>\n<p><strong>Modo de um s\u00f3 sabor (MTL):<\/strong><br \/>\nProporciona um tra\u00e7\u00e3o apertada e saborosa, perfeita para vaporiza\u00e7\u00e3o <strong>boca-a-pulm\u00e3o<\/strong> e pureza de sabor.<\/p>\n<p><strong>Modo de mistura de dois sabores (DL):<\/strong><br \/>\nAumenta o fluxo de ar e mistura os sabores para obteres batidas <strong>pulmonares diretas<\/strong> arrojadas e arejadas e nuvens maiores.<\/p>\n<h3>Porqu\u00ea escolher Fizzy Max III 6em1?<\/h3>\n<ul>\n<li>Combina <strong>um elevado n\u00famero de baforadas<\/strong> e <strong>a possibilidade de recarga<\/strong> para um valor m\u00e1ximo<\/li>\n<li><strong>V\u00e1rias op\u00e7\u00f5es de sabores<\/strong> num \u00fanico dispositivo compacto<\/li>\n<li><strong>O indicador LED da bateria<\/strong> mant\u00e9m-te informado<\/li>\n<li>Grande capacidade de e-l\u00edquido e <strong>dosagens de nicotina premium<\/strong> para se adequarem \u00e0s tuas prefer\u00eancias<\/li>\n<li>Carregamento r\u00e1pido com USB Type-C para maior comodidade<\/li>\n<li>Perfeito para vapers que querem variedade, conveni\u00eancia e desempenho duradouro<\/li>\n<\/ul>\n<h3><strong>Perguntas e Respostas &#8211; Fizzy Max III 6in1 60K Vape Recarreg\u00e1vel Descart\u00e1vel<\/strong><\/h3>\n<ul>\n<li><strong>\u00c9 descart\u00e1vel se for recarreg\u00e1vel?<\/strong><br \/>\nSim, recarrega para usar todo o e-l\u00edquido e depois elimina-o de forma respons\u00e1vel quando estiver vazio.<\/li>\n<li><strong>Como mudar de sabor?<\/strong><br \/>\nRoda a boquilha para alternar entre os sabores.<\/li>\n<li><strong>Contaste o puff?<\/strong><br \/>\nAt\u00e9 60.000 baforadas.<\/li>\n<li><strong>Op\u00e7\u00f5es de nicotina?<\/strong><br \/>\n2% e 5% dispon\u00edveis.<\/li>\n<\/ul>\n","protected":false},"excerpt":{"rendered":"<p>Descobre o Fizzy Max III 6in1 &#8211; um vape descart\u00e1vel recarreg\u00e1vel que proporciona at\u00e9 60.000 baforadas e 6 modos de sabor \u00fanicos. Desfruta de Uva Morango, Coco Mirtilo e Lim\u00e3o P\u00eassego num s\u00f3 dispositivo com ecr\u00e3 LED e carregamento Tipo C. <\/p>\n","protected":false},"featured_media":32474,"comment_status":"open","ping_status":"closed","template":"","meta":{"iawp_total_views":2},"product_brand":[],"product_cat":[590],"product_tag":[621,618,620,619],"class_list":{"0":"post-33242","1":"product","2":"type-product","3":"status-publish","4":"has-post-thumbnail","6":"product_cat-max-iii-6in1-60k-60000-puffs-rechargeable-disposable-vape-pt-pt","7":"product_tag-6-sabores-num-so-dispositivo","8":"product_tag-60000-puffs-pt-pt","9":"product_tag-recarregavel","10":"product_tag-vape-descartavel","12":"first","13":"outofstock","14":"sale","15":"shipping-taxable","16":"purchasable","17":"product-type-variable"},"yoast_head":"<!-- This site is optimized with the Yoast SEO Premium plugin v24.8 (Yoast SEO v24.8) - https:\/\/yoast.com\/wordpress\/plugins\/seo\/ -->\n<title>Fizzy Max III 6in1 60K Puffs Vape descart\u00e1vel recarreg\u00e1vel<\/title>\n<meta name=\"description\" content=\"Desfruta de 60 mil baforadas com o vape descart\u00e1vel recarreg\u00e1vel Fizzy Max III 6em1. Inclui 6 modos de sabor, 2%\/5% nicotina, ecr\u00e3 LED e carregamento USB tipo C.\" \/>\n<meta name=\"robots\" content=\"index, follow, max-snippet:-1, max-image-preview:large, max-video-preview:-1\" \/>\n<link rel=\"canonical\" href=\"https:\/\/fizzyvape.eu\/pt-pt\/produto\/fizzy-max-iii-6em1-60k-60000-puffs-vape-descartavel-recarregavel-morango-uva-mirtilo-coco-pessego-limao-10pcs\/\" \/>\n<meta property=\"og:locale\" content=\"pt_PT\" \/>\n<meta property=\"og:type\" content=\"article\" \/>\n<meta property=\"og:title\" content=\"Fizzy Max III 6em1 60K 60000 Puffs Vape Descart\u00e1vel Recarreg\u00e1vel - Morango Uva &amp; Mirtilo Coco &amp; P\u00eassego Lim\u00e3o - 10pcs\" \/>\n<meta property=\"og:description\" content=\"Desfruta de 60 mil baforadas com o vape descart\u00e1vel recarreg\u00e1vel Fizzy Max III 6em1. Inclui 6 modos de sabor, 2%\/5% nicotina, ecr\u00e3 LED e carregamento USB tipo C.\" \/>\n<meta property=\"og:url\" content=\"https:\/\/fizzyvape.eu\/pt-pt\/produto\/fizzy-max-iii-6em1-60k-60000-puffs-vape-descartavel-recarregavel-morango-uva-mirtilo-coco-pessego-limao-10pcs\/\" \/>\n<meta property=\"og:site_name\" content=\"fizzyvape.eu\" \/>\n<meta property=\"og:image\" content=\"https:\/\/fizzyvape.eu\/wp-content\/uploads\/2025\/06\/Fizzy-Max-60000-Puffs-08.webp\" \/>\n\t<meta property=\"og:image:width\" content=\"800\" \/>\n\t<meta property=\"og:image:height\" content=\"800\" \/>\n\t<meta property=\"og:image:type\" content=\"image\/webp\" \/>\n<meta name=\"twitter:card\" content=\"summary_large_image\" \/>\n<meta name=\"twitter:label1\" content=\"Disponibilidade\" \/>\n\t<meta name=\"twitter:data1\" content=\"Esgotado\" \/>\n<script type=\"application\/ld+json\" class=\"yoast-schema-graph\">{\"@context\":\"https:\/\/schema.org\",\"@graph\":[{\"@type\":\"WebPage\",\"@id\":\"https:\/\/fizzyvape.eu\/pt-pt\/produto\/fizzy-max-iii-6em1-60k-60000-puffs-vape-descartavel-recarregavel-morango-uva-mirtilo-coco-pessego-limao-10pcs\/\",\"url\":\"https:\/\/fizzyvape.eu\/pt-pt\/produto\/fizzy-max-iii-6em1-60k-60000-puffs-vape-descartavel-recarregavel-morango-uva-mirtilo-coco-pessego-limao-10pcs\/\",\"name\":\"Fizzy Max III 6in1 60K Puffs Vape descart\u00e1vel recarreg\u00e1vel\",\"isPartOf\":{\"@id\":\"https:\/\/www.fizzyvape.eu\/pt-pt\/#website\"},\"primaryImageOfPage\":{\"@id\":\"https:\/\/fizzyvape.eu\/pt-pt\/produto\/fizzy-max-iii-6em1-60k-60000-puffs-vape-descartavel-recarregavel-morango-uva-mirtilo-coco-pessego-limao-10pcs\/#primaryimage\"},\"image\":{\"@id\":\"https:\/\/fizzyvape.eu\/pt-pt\/produto\/fizzy-max-iii-6em1-60k-60000-puffs-vape-descartavel-recarregavel-morango-uva-mirtilo-coco-pessego-limao-10pcs\/#primaryimage\"},\"thumbnailUrl\":\"https:\/\/fizzyvape.eu\/wp-content\/uploads\/2025\/06\/Fizzy-Max-60000-Puffs-08.webp\",\"datePublished\":\"2025-06-11T02:34:07+00:00\",\"description\":\"Desfruta de 60 mil baforadas com o vape descart\u00e1vel recarreg\u00e1vel Fizzy Max III 6em1. Inclui 6 modos de sabor, 2%\/5% nicotina, ecr\u00e3 LED e carregamento USB tipo C.\",\"breadcrumb\":{\"@id\":\"https:\/\/fizzyvape.eu\/pt-pt\/produto\/fizzy-max-iii-6em1-60k-60000-puffs-vape-descartavel-recarregavel-morango-uva-mirtilo-coco-pessego-limao-10pcs\/#breadcrumb\"},\"inLanguage\":\"pt-PT\",\"potentialAction\":[{\"@type\":\"ReadAction\",\"target\":[\"https:\/\/fizzyvape.eu\/pt-pt\/produto\/fizzy-max-iii-6em1-60k-60000-puffs-vape-descartavel-recarregavel-morango-uva-mirtilo-coco-pessego-limao-10pcs\/\"]}]},{\"@type\":\"ImageObject\",\"inLanguage\":\"pt-PT\",\"@id\":\"https:\/\/fizzyvape.eu\/pt-pt\/produto\/fizzy-max-iii-6em1-60k-60000-puffs-vape-descartavel-recarregavel-morango-uva-mirtilo-coco-pessego-limao-10pcs\/#primaryimage\",\"url\":\"https:\/\/fizzyvape.eu\/wp-content\/uploads\/2025\/06\/Fizzy-Max-60000-Puffs-08.webp\",\"contentUrl\":\"https:\/\/fizzyvape.eu\/wp-content\/uploads\/2025\/06\/Fizzy-Max-60000-Puffs-08.webp\",\"width\":800,\"height\":800},{\"@type\":\"BreadcrumbList\",\"@id\":\"https:\/\/fizzyvape.eu\/pt-pt\/produto\/fizzy-max-iii-6em1-60k-60000-puffs-vape-descartavel-recarregavel-morango-uva-mirtilo-coco-pessego-limao-10pcs\/#breadcrumb\",\"itemListElement\":[{\"@type\":\"ListItem\",\"position\":1,\"name\":\"Home\",\"item\":\"https:\/\/fizzyvape.eu\/pt-pt\/\"},{\"@type\":\"ListItem\",\"position\":2,\"name\":\"Shop\",\"item\":\"https:\/\/www.fizzyvape.eu\/pt-pt\/shop\/\"},{\"@type\":\"ListItem\",\"position\":3,\"name\":\"Fizzy Max III 6em1 60K 60000 Puffs Vape Descart\u00e1vel Recarreg\u00e1vel &#8211; Morango Uva &amp; Mirtilo Coco &amp; P\u00eassego Lim\u00e3o &#8211; 10pcs\"}]},{\"@type\":\"WebSite\",\"@id\":\"https:\/\/www.fizzyvape.eu\/pt-pt\/#website\",\"url\":\"https:\/\/www.fizzyvape.eu\/pt-pt\/\",\"name\":\"fizzyvape.eu\",\"description\":\"Refreshing Vapes. Unforgettable Taste.\",\"publisher\":{\"@id\":\"https:\/\/www.fizzyvape.eu\/pt-pt\/#organization\"},\"potentialAction\":[{\"@type\":\"SearchAction\",\"target\":{\"@type\":\"EntryPoint\",\"urlTemplate\":\"https:\/\/www.fizzyvape.eu\/pt-pt\/?s={search_term_string}\"},\"query-input\":{\"@type\":\"PropertyValueSpecification\",\"valueRequired\":true,\"valueName\":\"search_term_string\"}}],\"inLanguage\":\"pt-PT\"},{\"@type\":\"Organization\",\"@id\":\"https:\/\/www.fizzyvape.eu\/pt-pt\/#organization\",\"name\":\"fizzyvape.eu\",\"url\":\"https:\/\/www.fizzyvape.eu\/pt-pt\/\",\"logo\":{\"@type\":\"ImageObject\",\"inLanguage\":\"pt-PT\",\"@id\":\"https:\/\/www.fizzyvape.eu\/pt-pt\/#\/schema\/logo\/image\/\",\"url\":\"https:\/\/fizzyvape.eu\/wp-content\/uploads\/2019\/06\/print-1.svg\",\"contentUrl\":\"https:\/\/fizzyvape.eu\/wp-content\/uploads\/2019\/06\/print-1.svg\",\"width\":124,\"height\":37,\"caption\":\"fizzyvape.eu\"},\"image\":{\"@id\":\"https:\/\/www.fizzyvape.eu\/pt-pt\/#\/schema\/logo\/image\/\"}}]}<\/script>\n<meta property=\"og:availability\" content=\"out of stock\" \/>\n<meta property=\"product:availability\" content=\"out of stock\" \/>\n<meta property=\"product:condition\" content=\"new\" \/>\n<!-- \/ Yoast SEO Premium plugin. -->","yoast_head_json":{"title":"Fizzy Max III 6in1 60K Puffs Vape descart\u00e1vel recarreg\u00e1vel","description":"Desfruta de 60 mil baforadas com o vape descart\u00e1vel recarreg\u00e1vel Fizzy Max III 6em1. Inclui 6 modos de sabor, 2%\/5% nicotina, ecr\u00e3 LED e carregamento USB tipo C.","robots":{"index":"index","follow":"follow","max-snippet":"max-snippet:-1","max-image-preview":"max-image-preview:large","max-video-preview":"max-video-preview:-1"},"canonical":"https:\/\/fizzyvape.eu\/pt-pt\/produto\/fizzy-max-iii-6em1-60k-60000-puffs-vape-descartavel-recarregavel-morango-uva-mirtilo-coco-pessego-limao-10pcs\/","og_locale":"pt_PT","og_type":"article","og_title":"Fizzy Max III 6em1 60K 60000 Puffs Vape Descart\u00e1vel Recarreg\u00e1vel - Morango Uva &amp; Mirtilo Coco &amp; P\u00eassego Lim\u00e3o - 10pcs","og_description":"Desfruta de 60 mil baforadas com o vape descart\u00e1vel recarreg\u00e1vel Fizzy Max III 6em1. Inclui 6 modos de sabor, 2%\/5% nicotina, ecr\u00e3 LED e carregamento USB tipo C.","og_url":"https:\/\/fizzyvape.eu\/pt-pt\/produto\/fizzy-max-iii-6em1-60k-60000-puffs-vape-descartavel-recarregavel-morango-uva-mirtilo-coco-pessego-limao-10pcs\/","og_site_name":"fizzyvape.eu","og_image":[{"width":800,"height":800,"url":"https:\/\/fizzyvape.eu\/wp-content\/uploads\/2025\/06\/Fizzy-Max-60000-Puffs-08.webp","type":"image\/webp"}],"twitter_card":"summary_large_image","twitter_misc":{"Disponibilidade":"Esgotado"},"schema":{"@context":"https:\/\/schema.org","@graph":[{"@type":"WebPage","@id":"https:\/\/fizzyvape.eu\/pt-pt\/produto\/fizzy-max-iii-6em1-60k-60000-puffs-vape-descartavel-recarregavel-morango-uva-mirtilo-coco-pessego-limao-10pcs\/","url":"https:\/\/fizzyvape.eu\/pt-pt\/produto\/fizzy-max-iii-6em1-60k-60000-puffs-vape-descartavel-recarregavel-morango-uva-mirtilo-coco-pessego-limao-10pcs\/","name":"Fizzy Max III 6in1 60K Puffs Vape descart\u00e1vel recarreg\u00e1vel","isPartOf":{"@id":"https:\/\/www.fizzyvape.eu\/pt-pt\/#website"},"primaryImageOfPage":{"@id":"https:\/\/fizzyvape.eu\/pt-pt\/produto\/fizzy-max-iii-6em1-60k-60000-puffs-vape-descartavel-recarregavel-morango-uva-mirtilo-coco-pessego-limao-10pcs\/#primaryimage"},"image":{"@id":"https:\/\/fizzyvape.eu\/pt-pt\/produto\/fizzy-max-iii-6em1-60k-60000-puffs-vape-descartavel-recarregavel-morango-uva-mirtilo-coco-pessego-limao-10pcs\/#primaryimage"},"thumbnailUrl":"https:\/\/fizzyvape.eu\/wp-content\/uploads\/2025\/06\/Fizzy-Max-60000-Puffs-08.webp","datePublished":"2025-06-11T02:34:07+00:00","description":"Desfruta de 60 mil baforadas com o vape descart\u00e1vel recarreg\u00e1vel Fizzy Max III 6em1. Inclui 6 modos de sabor, 2%\/5% nicotina, ecr\u00e3 LED e carregamento USB tipo C.","breadcrumb":{"@id":"https:\/\/fizzyvape.eu\/pt-pt\/produto\/fizzy-max-iii-6em1-60k-60000-puffs-vape-descartavel-recarregavel-morango-uva-mirtilo-coco-pessego-limao-10pcs\/#breadcrumb"},"inLanguage":"pt-PT","potentialAction":[{"@type":"ReadAction","target":["https:\/\/fizzyvape.eu\/pt-pt\/produto\/fizzy-max-iii-6em1-60k-60000-puffs-vape-descartavel-recarregavel-morango-uva-mirtilo-coco-pessego-limao-10pcs\/"]}]},{"@type":"ImageObject","inLanguage":"pt-PT","@id":"https:\/\/fizzyvape.eu\/pt-pt\/produto\/fizzy-max-iii-6em1-60k-60000-puffs-vape-descartavel-recarregavel-morango-uva-mirtilo-coco-pessego-limao-10pcs\/#primaryimage","url":"https:\/\/fizzyvape.eu\/wp-content\/uploads\/2025\/06\/Fizzy-Max-60000-Puffs-08.webp","contentUrl":"https:\/\/fizzyvape.eu\/wp-content\/uploads\/2025\/06\/Fizzy-Max-60000-Puffs-08.webp","width":800,"height":800},{"@type":"BreadcrumbList","@id":"https:\/\/fizzyvape.eu\/pt-pt\/produto\/fizzy-max-iii-6em1-60k-60000-puffs-vape-descartavel-recarregavel-morango-uva-mirtilo-coco-pessego-limao-10pcs\/#breadcrumb","itemListElement":[{"@type":"ListItem","position":1,"name":"Home","item":"https:\/\/fizzyvape.eu\/pt-pt\/"},{"@type":"ListItem","position":2,"name":"Shop","item":"https:\/\/www.fizzyvape.eu\/pt-pt\/shop\/"},{"@type":"ListItem","position":3,"name":"Fizzy Max III 6em1 60K 60000 Puffs Vape Descart\u00e1vel Recarreg\u00e1vel &#8211; Morango Uva &amp; Mirtilo Coco &amp; P\u00eassego Lim\u00e3o &#8211; 10pcs"}]},{"@type":"WebSite","@id":"https:\/\/www.fizzyvape.eu\/pt-pt\/#website","url":"https:\/\/www.fizzyvape.eu\/pt-pt\/","name":"fizzyvape.eu","description":"Refreshing Vapes. Unforgettable Taste.","publisher":{"@id":"https:\/\/www.fizzyvape.eu\/pt-pt\/#organization"},"potentialAction":[{"@type":"SearchAction","target":{"@type":"EntryPoint","urlTemplate":"https:\/\/www.fizzyvape.eu\/pt-pt\/?s={search_term_string}"},"query-input":{"@type":"PropertyValueSpecification","valueRequired":true,"valueName":"search_term_string"}}],"inLanguage":"pt-PT"},{"@type":"Organization","@id":"https:\/\/www.fizzyvape.eu\/pt-pt\/#organization","name":"fizzyvape.eu","url":"https:\/\/www.fizzyvape.eu\/pt-pt\/","logo":{"@type":"ImageObject","inLanguage":"pt-PT","@id":"https:\/\/www.fizzyvape.eu\/pt-pt\/#\/schema\/logo\/image\/","url":"https:\/\/fizzyvape.eu\/wp-content\/uploads\/2019\/06\/print-1.svg","contentUrl":"https:\/\/fizzyvape.eu\/wp-content\/uploads\/2019\/06\/print-1.svg","width":124,"height":37,"caption":"fizzyvape.eu"},"image":{"@id":"https:\/\/www.fizzyvape.eu\/pt-pt\/#\/schema\/logo\/image\/"}}]},"og_availability":"out of stock","product_availability":"out of stock","product_condition":"new"},"tiered_pricing_type":"fixed","tiered_pricing_fixed_rules":[],"tiered_pricing_product_settings":{"layout":"default","base_unit_name":{"singular":null,"plural":null},"default_variation":null},"tiered_pricing_minimum_quantity":null,"tiered_pricing_roles_data":[],"tiered_pricing_percentage_rules":[],"tiered_pricing_maximum_quantity":null,"tiered_pricing_quantity_step":null,"_links":{"self":[{"href":"https:\/\/fizzyvape.eu\/pt-pt\/wp-json\/wp\/v2\/product\/33242","targetHints":{"allow":["GET"]}}],"collection":[{"href":"https:\/\/fizzyvape.eu\/pt-pt\/wp-json\/wp\/v2\/product"}],"about":[{"href":"https:\/\/fizzyvape.eu\/pt-pt\/wp-json\/wp\/v2\/types\/product"}],"replies":[{"embeddable":true,"href":"https:\/\/fizzyvape.eu\/pt-pt\/wp-json\/wp\/v2\/comments?post=33242"}],"version-history":[{"count":0,"href":"https:\/\/fizzyvape.eu\/pt-pt\/wp-json\/wp\/v2\/product\/33242\/revisions"}],"wp:featuredmedia":[{"embeddable":true,"href":"https:\/\/fizzyvape.eu\/pt-pt\/wp-json\/wp\/v2\/media\/32474"}],"wp:attachment":[{"href":"https:\/\/fizzyvape.eu\/pt-pt\/wp-json\/wp\/v2\/media?parent=33242"}],"wp:term":[{"taxonomy":"product_brand","embeddable":true,"href":"https:\/\/fizzyvape.eu\/pt-pt\/wp-json\/wp\/v2\/product_brand?post=33242"},{"taxonomy":"product_cat","embeddable":true,"href":"https:\/\/fizzyvape.eu\/pt-pt\/wp-json\/wp\/v2\/product_cat?post=33242"},{"taxonomy":"product_tag","embeddable":true,"href":"https:\/\/fizzyvape.eu\/pt-pt\/wp-json\/wp\/v2\/product_tag?post=33242"}],"curies":[{"name":"wp","href":"https:\/\/api.w.org\/{rel}","templated":true}]}}