{"id":34419,"date":"2025-08-20T10:55:59","date_gmt":"2025-08-20T02:55:59","guid":{"rendered":"https:\/\/fizzyvape.eu\/?post_type=product&#038;p=34419"},"modified":"2025-08-29T16:09:32","modified_gmt":"2025-08-29T08:09:32","slug":"fizzy-nova-plus-40k-40000-puffs-vape-descartavel-10pcs-todos-os-sabores","status":"publish","type":"product","link":"https:\/\/fizzyvape.eu\/pt-pt\/produto\/fizzy-nova-plus-40k-40000-puffs-vape-descartavel-10pcs-todos-os-sabores\/","title":{"rendered":"Fizzy Nova Plus 40k 40000 Puffs Vape Descart\u00e1vel &#8211; 10pcs (Todos os sabores)"},"content":{"rendered":"<div>\n<h1>Fizzy Nova Plus 40k 40000 Puffs &#8211; Vape descart\u00e1vel de alta qualidade<\/h1>\n<p>Descobre o <strong>Fizzy Nova Plus 40,000 Puffs<\/strong>, um vape descart\u00e1vel de \u00faltima gera\u00e7\u00e3o concebido para um desempenho duradouro, sabores ricos e a m\u00e1xima conveni\u00eancia. Com <strong>40 ml de capacidade de e-l\u00edquido<\/strong>, <strong>tecnologia de bobina de malha dupla<\/strong> e <strong>modos inteligentes Eco e Turbo<\/strong>, este dispositivo redefine o que um vape descart\u00e1vel pode oferecer. <\/p>\n<p>E a melhor parte?<\/p>\n<p>Todas as encomendas s\u00e3o enviadas <strong>diretamente do nosso armaz\u00e9m europeu<\/strong>, garantindo <strong>uma entrega r\u00e1pida de 2 a 7 dias<\/strong> em toda a Europa.<\/p>\n<h3>Carater\u00edsticas principais:<\/h3>\n<ul>\n<li><strong>Mais de 40.000 baforadas inigual\u00e1veis<\/strong> &#8211; Desfruta de uma maior satisfa\u00e7\u00e3o ao vaporizar<\/li>\n<li><strong>Grande capacidade de 40 ml de E-Liquid<\/strong> &#8211; Semanas de vaporiza\u00e7\u00e3o ininterrupta<\/li>\n<li><strong>Bobinas de malha dupla de \u00faltima gera\u00e7\u00e3o<\/strong> &#8211; M\u00e1ximo sabor e vapor denso<\/li>\n<li><strong>Modos de vaporiza\u00e7\u00e3o duplos<\/strong> &#8211; Eco para uma maior dura\u00e7\u00e3o da bateria, Turbo para um sabor melhorado<\/li>\n<li><strong>Ecr\u00e3 LED inteligente<\/strong> &#8211; <strong>Monitoriza\u00e7\u00e3o<\/strong> da bateria e do e-l\u00edquido em tempo real<\/li>\n<li><strong>Carregamento r\u00e1pido USB-C<\/strong> &#8211; Bateria recarreg\u00e1vel de 850mAh, totalmente carregada em ~2 horas<\/li>\n<li><strong>Envio r\u00e1pido para a Europa<\/strong> &#8211; 2-7 dias \u00fateis a partir do nosso armaz\u00e9m na UE<\/li>\n<\/ul>\n<h3><strong>Porqu\u00ea escolher Fizzy Nova Plus?<\/strong><\/h3>\n<ul>\n<li><strong>Vida \u00fatil 3 vezes mais longa<\/strong> &#8211; Supera o desempenho dos vapes descart\u00e1veis normais<\/li>\n<li><strong>Constru\u00e7\u00e3o Premium<\/strong> &#8211; Liga de qualidade aeroespacial com design ergon\u00f3mico<\/li>\n<li><strong>Desenvolvimento de sabores<\/strong> por especialistas &#8211; Criado por especialistas em sabores de classe mundial<\/li>\n<li><strong>Log\u00edstica de confian\u00e7a na UE<\/strong> &#8211; Entrega r\u00e1pida e fi\u00e1vel em toda a Europa<\/li>\n<\/ul>\n<\/div>\n<div>\n<h3><strong>Op\u00e7\u00f5es de nicotina:<\/strong><\/h3>\n<ul>\n<li><strong>2% (20mg\/mL)<\/strong> &#8211; Experi\u00eancia de vaporiza\u00e7\u00e3o suave e equilibrada<\/li>\n<li><strong>5% (50mg\/mL)<\/strong> &#8211; Mais forte na garganta, concebido para utilizadores intensivos<\/li>\n<\/ul>\n<h3>Especifica\u00e7\u00f5es<\/h3>\n<table style=\"height: 449px;\" width=\"1340\">\n<tbody>\n<tr>\n<td>Puffs<\/td>\n<td><strong>Mais de 40000 Puffs<\/strong><\/td>\n<\/tr>\n<tr>\n<td>Capacidade do E-l\u00edquido<\/td>\n<td><strong>40ml<\/strong><\/td>\n<\/tr>\n<tr>\n<td>Capacidade da bateria<\/td>\n<td><strong>850mAh<\/strong><\/td>\n<\/tr>\n<tr>\n<td>Tamanho<\/td>\n<td><strong>52,5*24,5*104,3mm<\/strong><\/td>\n<\/tr>\n<tr>\n<td>Descart\u00e1vel ou n\u00e3o<\/td>\n<td><strong>Descart\u00e1vel<\/strong><\/td>\n<\/tr>\n<tr>\n<td>M\u00e9todo de carregamento<\/td>\n<td><strong>Cabo<\/strong><\/td>\n<\/tr>\n<tr>\n<td>M\u00e9todo de ativa\u00e7\u00e3o<\/td>\n<td><strong>Sensor<\/strong><\/td>\n<\/tr>\n<tr>\n<td>Material<\/td>\n<td><strong>PCTG<\/strong><\/td>\n<\/tr>\n<tr>\n<td>N\u00edvel de nicotina<\/td>\n<td><strong>2% (20mg\/mL) e 5% (50mg\/mL)<\/strong><\/td>\n<\/tr>\n<tr>\n<td>Aromas<\/td>\n<td><strong>12<\/strong><\/td>\n<\/tr>\n<tr>\n<td>Embalagem<\/td>\n<td><strong>1 embalagem<\/strong><\/td>\n<\/tr>\n<tr>\n<td>Tempo de carregamento<\/td>\n<td><strong>2 horas<\/strong><\/td>\n<\/tr>\n<tr>\n<td>Armazenamento<\/td>\n<td><strong>Evita ambientes com temperaturas elevadas e armazena em local fresco e seco.<\/strong><\/td>\n<\/tr>\n<tr>\n<td>Pessoas proibidas de usar<\/td>\n<td><strong>Menores de idade, mulheres gr\u00e1vidas e pessoas al\u00e9rgicas aos ingredientes do produto.<\/strong><\/td>\n<\/tr>\n<tr>\n<td>Cuidado<\/td>\n<td><strong>N\u00e3o engulas esta subst\u00e2ncia. Em caso de ingest\u00e3o, lava imediata e abundantemente a boca. Se te sentires mal, procura assist\u00eancia m\u00e9dica.  <\/strong><\/td>\n<\/tr>\n<\/tbody>\n<\/table>\n<h3>Lista de sabores de <strong>Fizzy Nova Plus <\/strong>40000 Puffs:<\/h3>\n<ol>\n<li><a href=\"https:\/\/fizzyvape.eu\/pt-pt\/produto\/fizzy-nova-plus-morango-kiwi-40000-puffs-10pcs\/\">Morango Kiwi<\/a><\/li>\n<li><a href=\"https:\/\/fizzyvape.eu\/pt-pt\/produto\/fizzy-nova-plus-blueberry-ice-40000-puffs-10pcs\/\">Gelo de mirtilo<\/a><\/li>\n<li><a href=\"https:\/\/fizzyvape.eu\/pt-pt\/produto\/fizzy-nova-plus-gelo-de-melancia-40000-puffs-10pcs\/\">Gelo de melancia<\/a><\/li>\n<li><a href=\"https:\/\/fizzyvape.eu\/pt-pt\/produto\/fizzy-nova-plus-pessego-manga-melancia-40000-puffs-10pcs\/\">P\u00eassego Manga Melancia<\/a><\/li>\n<li><a href=\"https:\/\/fizzyvape.eu\/pt-pt\/produto\/fizzy-nova-plus-kiwi-maracuja-goiaba-40000-puffs-10pcs\/\">Kiwi Maracuj\u00e1 Goiaba<\/a><\/li>\n<li><a href=\"https:\/\/fizzyvape.eu\/pt-pt\/produto\/fizzy-nova-plus-framboesa-limao-40000-puffs-10pcs\/\">Framboesa Lim\u00e3o<\/a><\/li>\n<li><a href=\"https:\/\/fizzyvape.eu\/pt-pt\/produto\/fizzy-nova-plus-triple-berry-40000-puffs-10pcs\/\">Baga tripla<\/a><\/li>\n<li><a href=\"https:\/\/fizzyvape.eu\/pt-pt\/produto\/fizzy-nova-plus-peach-ice-40000-puffs-10pcs\/\">Gelo de p\u00eassego<\/a><\/li>\n<li><a href=\"https:\/\/fizzyvape.eu\/pt-pt\/produto\/fizzy-nova-plus-lima-uva-40000-puffs-10pcs\/\">Uva lima<\/a><\/li>\n<li><a href=\"https:\/\/fizzyvape.eu\/pt-pt\/produto\/fizzy-nova-plus-blue-razz-lemonade-40000-puffs-10pcs\/\">Limonada Blue Razz<\/a><\/li>\n<li><a href=\"https:\/\/fizzyvape.eu\/pt-pt\/produto\/fizzy-nova-plus-gelo-de-morango-40000-puffs-10pcs\/\">Gelo de morango<\/a><\/li>\n<li><a href=\"https:\/\/fizzyvape.eu\/pt-pt\/produto\/fizzy-nova-plus-mirtilo-coco-40000-puffs-10pcs\/\">Coco com mirtilo<\/a><\/li>\n<\/ol>\n<h3>FAQ &#8211; Sobre o Fizzy Nova Plus 40k 40000 Puffs Vape<\/h3>\n<p><strong>1. Quanto tempo dura o Fizzy Nova Plus?<\/strong><br \/>\nCom at\u00e9 <strong>40.000 baforadas<\/strong>, dura cerca de 3x mais do que os vapes descart\u00e1veis normais, o que faz dele uma das op\u00e7\u00f5es mais duradouras do mercado.<\/p>\n<p><strong>2. Qual \u00e9 a rapidez de envio?<\/strong><br \/>\nTodos os produtos s\u00e3o enviados a partir do nosso <strong>armaz\u00e9m na UE<\/strong>, com uma <strong>entrega de 2-7 dias<\/strong>, dependendo da tua localiza\u00e7\u00e3o.<\/p>\n<p><strong>3. O que o torna diferente de outros vapes descart\u00e1veis?<\/strong><br \/>\nCombina <strong>40mL de e-l\u00edquido<\/strong>, <strong>bobinas de malha dupla<\/strong>, <strong>modos duplos inteligentes<\/strong> e um <strong>visor LED<\/strong>, proporcionando desempenho e conveni\u00eancia.<\/p>\n<p><strong>4. Que dosagens de nicotina est\u00e3o dispon\u00edveis?<\/strong><br \/>\nPodes escolher entre <strong>2% (experi\u00eancia suave)<\/strong> e <strong>5% (forte batida na garganta)<\/strong>, de acordo com a tua prefer\u00eancia.<\/p>\n<\/div>\n","protected":false},"excerpt":{"rendered":"<p>O <strong>Fizzy Nova Plus 40,000 Puffs<\/strong> \u00e9 mais do que um vape descart\u00e1vel &#8211; \u00e9 um <strong>dispositivo duradouro, cheio de sabor e de alto desempenho<\/strong> que garante satisfa\u00e7\u00e3o desde a primeira at\u00e9 \u00e0 \u00faltima passa. Com <strong>uma entrega r\u00e1pida de 2-7 dias na UE<\/strong>, obt\u00e9ns qualidade e conveni\u00eancia de primeira qualidade, mesmo \u00e0 tua porta. <\/p>\n","protected":false},"featured_media":34199,"comment_status":"open","ping_status":"closed","template":"","meta":{"iawp_total_views":1},"product_brand":[],"product_cat":[351],"product_tag":[349,639],"class_list":{"0":"post-34419","1":"product","2":"type-product","3":"status-publish","4":"has-post-thumbnail","6":"product_cat-nova-plus-cigarros-eletronicos-recarregaveis-40000-puffs-pt-pt","7":"product_tag-40000-puffs-pt-pt","8":"product_tag-todos-os-sabores","10":"first","11":"outofstock","12":"sale","13":"shipping-taxable","14":"purchasable","15":"product-type-variable"},"yoast_head":"<!-- This site is optimized with the Yoast SEO Premium plugin v24.8 (Yoast SEO v27.4) - https:\/\/yoast.com\/product\/yoast-seo-premium-wordpress\/ -->\n<title>Fizzy Nova Plus 40000 Puffs Vape descart\u00e1vel | Envio r\u00e1pido para a UE<\/title>\n<meta name=\"description\" content=\"Compra o Fizzy Nova Plus 40000 Puffs com 12 sabores premium, bobinas de rede dupla e visor LED inteligente. Envia do nosso armaz\u00e9m europeu com entrega em 2-7 dias.\" \/>\n<meta name=\"robots\" content=\"index, follow, max-snippet:-1, max-image-preview:large, max-video-preview:-1\" \/>\n<link rel=\"canonical\" href=\"https:\/\/fizzyvape.eu\/pt-pt\/produto\/fizzy-nova-plus-40k-40000-puffs-vape-descartavel-10pcs-todos-os-sabores\/\" \/>\n<meta property=\"og:locale\" content=\"pt_PT\" \/>\n<meta property=\"og:type\" content=\"article\" \/>\n<meta property=\"og:title\" content=\"Fizzy Nova Plus 40k 40000 Puffs Vape Descart\u00e1vel - 10pcs (Todos os sabores)\" \/>\n<meta property=\"og:description\" content=\"Compra o Fizzy Nova Plus 40000 Puffs com 12 sabores premium, bobinas de rede dupla e visor LED inteligente. Envia do nosso armaz\u00e9m europeu com entrega em 2-7 dias.\" \/>\n<meta property=\"og:url\" content=\"https:\/\/fizzyvape.eu\/pt-pt\/produto\/fizzy-nova-plus-40k-40000-puffs-vape-descartavel-10pcs-todos-os-sabores\/\" \/>\n<meta property=\"og:site_name\" content=\"fizzyvape.eu\" \/>\n<meta property=\"article:modified_time\" content=\"2025-08-29T08:09:32+00:00\" \/>\n<meta property=\"og:image\" content=\"https:\/\/fizzyvape.eu\/wp-content\/uploads\/2025\/08\/Fizzy-Nova-Plus-40000-Puffs-Dual-Mode-Dual-Mesh-40K-2-5-Low-Nicotine-22-1.webp\" \/>\n\t<meta property=\"og:image:width\" content=\"600\" \/>\n\t<meta property=\"og:image:height\" content=\"600\" \/>\n\t<meta property=\"og:image:type\" content=\"image\/webp\" \/>\n<meta name=\"twitter:card\" content=\"summary_large_image\" \/>\n<meta name=\"twitter:label1\" content=\"Disponibilidade\" \/>\n\t<meta name=\"twitter:data1\" content=\"Esgotado\" \/>\n<script type=\"application\/ld+json\" class=\"yoast-schema-graph\">{\"@context\":\"https:\\\/\\\/schema.org\",\"@graph\":[{\"@type\":\"WebPage\",\"@id\":\"https:\\\/\\\/fizzyvape.eu\\\/pt-pt\\\/produto\\\/fizzy-nova-plus-40k-40000-puffs-vape-descartavel-10pcs-todos-os-sabores\\\/\",\"url\":\"https:\\\/\\\/fizzyvape.eu\\\/pt-pt\\\/produto\\\/fizzy-nova-plus-40k-40000-puffs-vape-descartavel-10pcs-todos-os-sabores\\\/\",\"name\":\"Fizzy Nova Plus 40000 Puffs Vape descart\u00e1vel | Envio r\u00e1pido para a UE\",\"isPartOf\":{\"@id\":\"https:\\\/\\\/www.fizzyvape.eu\\\/pt-pt\\\/#website\"},\"primaryImageOfPage\":{\"@id\":\"https:\\\/\\\/fizzyvape.eu\\\/pt-pt\\\/produto\\\/fizzy-nova-plus-40k-40000-puffs-vape-descartavel-10pcs-todos-os-sabores\\\/#primaryimage\"},\"image\":{\"@id\":\"https:\\\/\\\/fizzyvape.eu\\\/pt-pt\\\/produto\\\/fizzy-nova-plus-40k-40000-puffs-vape-descartavel-10pcs-todos-os-sabores\\\/#primaryimage\"},\"thumbnailUrl\":\"https:\\\/\\\/fizzyvape.eu\\\/wp-content\\\/uploads\\\/2025\\\/03\\\/fizzy-nova-plus-40000-40k-puffs-main-picture.jpg.webp\",\"datePublished\":\"2025-08-20T02:55:59+00:00\",\"dateModified\":\"2025-08-29T08:09:32+00:00\",\"description\":\"Compra o Fizzy Nova Plus 40000 Puffs com 12 sabores premium, bobinas de rede dupla e visor LED inteligente. Envia do nosso armaz\u00e9m europeu com entrega em 2-7 dias.\",\"breadcrumb\":{\"@id\":\"https:\\\/\\\/fizzyvape.eu\\\/pt-pt\\\/produto\\\/fizzy-nova-plus-40k-40000-puffs-vape-descartavel-10pcs-todos-os-sabores\\\/#breadcrumb\"},\"inLanguage\":\"pt-PT\",\"potentialAction\":[{\"@type\":\"ReadAction\",\"target\":[\"https:\\\/\\\/fizzyvape.eu\\\/pt-pt\\\/produto\\\/fizzy-nova-plus-40k-40000-puffs-vape-descartavel-10pcs-todos-os-sabores\\\/\"]}]},{\"@type\":\"ImageObject\",\"inLanguage\":\"pt-PT\",\"@id\":\"https:\\\/\\\/fizzyvape.eu\\\/pt-pt\\\/produto\\\/fizzy-nova-plus-40k-40000-puffs-vape-descartavel-10pcs-todos-os-sabores\\\/#primaryimage\",\"url\":\"https:\\\/\\\/fizzyvape.eu\\\/wp-content\\\/uploads\\\/2025\\\/03\\\/fizzy-nova-plus-40000-40k-puffs-main-picture.jpg.webp\",\"contentUrl\":\"https:\\\/\\\/fizzyvape.eu\\\/wp-content\\\/uploads\\\/2025\\\/03\\\/fizzy-nova-plus-40000-40k-puffs-main-picture.jpg.webp\",\"width\":1920,\"height\":1920,\"caption\":\"fizzy-nova-plus-40000-40k-puffs-main-picture.jpg\"},{\"@type\":\"BreadcrumbList\",\"@id\":\"https:\\\/\\\/fizzyvape.eu\\\/pt-pt\\\/produto\\\/fizzy-nova-plus-40k-40000-puffs-vape-descartavel-10pcs-todos-os-sabores\\\/#breadcrumb\",\"itemListElement\":[{\"@type\":\"ListItem\",\"position\":1,\"name\":\"Home\",\"item\":\"https:\\\/\\\/fizzyvape.eu\\\/pt-pt\\\/\"},{\"@type\":\"ListItem\",\"position\":2,\"name\":\"Shop\",\"item\":\"https:\\\/\\\/www.fizzyvape.eu\\\/pt-pt\\\/shop\\\/\"},{\"@type\":\"ListItem\",\"position\":3,\"name\":\"Fizzy Nova Plus 40k 40000 Puffs Vape Descart\u00e1vel &#8211; 10pcs (Todos os sabores)\"}]},{\"@type\":\"WebSite\",\"@id\":\"https:\\\/\\\/www.fizzyvape.eu\\\/pt-pt\\\/#website\",\"url\":\"https:\\\/\\\/www.fizzyvape.eu\\\/pt-pt\\\/\",\"name\":\"fizzyvape.eu\",\"description\":\"Refreshing Vapes. Unforgettable Taste.\",\"publisher\":{\"@id\":\"https:\\\/\\\/www.fizzyvape.eu\\\/pt-pt\\\/#organization\"},\"potentialAction\":[{\"@type\":\"SearchAction\",\"target\":{\"@type\":\"EntryPoint\",\"urlTemplate\":\"https:\\\/\\\/www.fizzyvape.eu\\\/pt-pt\\\/?s={search_term_string}\"},\"query-input\":{\"@type\":\"PropertyValueSpecification\",\"valueRequired\":true,\"valueName\":\"search_term_string\"}}],\"inLanguage\":\"pt-PT\"},{\"@type\":\"Organization\",\"@id\":\"https:\\\/\\\/www.fizzyvape.eu\\\/pt-pt\\\/#organization\",\"name\":\"fizzyvape.eu\",\"url\":\"https:\\\/\\\/www.fizzyvape.eu\\\/pt-pt\\\/\",\"logo\":{\"@type\":\"ImageObject\",\"inLanguage\":\"pt-PT\",\"@id\":\"https:\\\/\\\/www.fizzyvape.eu\\\/pt-pt\\\/#\\\/schema\\\/logo\\\/image\\\/\",\"url\":\"https:\\\/\\\/fizzyvape.eu\\\/wp-content\\\/uploads\\\/2019\\\/06\\\/print-1.svg\",\"contentUrl\":\"https:\\\/\\\/fizzyvape.eu\\\/wp-content\\\/uploads\\\/2019\\\/06\\\/print-1.svg\",\"width\":124,\"height\":37,\"caption\":\"fizzyvape.eu\"},\"image\":{\"@id\":\"https:\\\/\\\/www.fizzyvape.eu\\\/pt-pt\\\/#\\\/schema\\\/logo\\\/image\\\/\"}}]}<\/script>\n<meta property=\"og:availability\" content=\"out of stock\" \/>\n<meta property=\"product:availability\" content=\"out of stock\" \/>\n<meta property=\"product:condition\" content=\"new\" \/>\n<!-- \/ Yoast SEO Premium plugin. -->","yoast_head_json":{"title":"Fizzy Nova Plus 40000 Puffs Vape descart\u00e1vel | Envio r\u00e1pido para a UE","description":"Compra o Fizzy Nova Plus 40000 Puffs com 12 sabores premium, bobinas de rede dupla e visor LED inteligente. Envia do nosso armaz\u00e9m europeu com entrega em 2-7 dias.","robots":{"index":"index","follow":"follow","max-snippet":"max-snippet:-1","max-image-preview":"max-image-preview:large","max-video-preview":"max-video-preview:-1"},"canonical":"https:\/\/fizzyvape.eu\/pt-pt\/produto\/fizzy-nova-plus-40k-40000-puffs-vape-descartavel-10pcs-todos-os-sabores\/","og_locale":"pt_PT","og_type":"article","og_title":"Fizzy Nova Plus 40k 40000 Puffs Vape Descart\u00e1vel - 10pcs (Todos os sabores)","og_description":"Compra o Fizzy Nova Plus 40000 Puffs com 12 sabores premium, bobinas de rede dupla e visor LED inteligente. Envia do nosso armaz\u00e9m europeu com entrega em 2-7 dias.","og_url":"https:\/\/fizzyvape.eu\/pt-pt\/produto\/fizzy-nova-plus-40k-40000-puffs-vape-descartavel-10pcs-todos-os-sabores\/","og_site_name":"fizzyvape.eu","article_modified_time":"2025-08-29T08:09:32+00:00","og_image":[{"width":600,"height":600,"url":"https:\/\/fizzyvape.eu\/wp-content\/uploads\/2025\/08\/Fizzy-Nova-Plus-40000-Puffs-Dual-Mode-Dual-Mesh-40K-2-5-Low-Nicotine-22-1.webp","type":"image\/webp"}],"twitter_card":"summary_large_image","twitter_misc":{"Disponibilidade":"Esgotado"},"schema":{"@context":"https:\/\/schema.org","@graph":[{"@type":"WebPage","@id":"https:\/\/fizzyvape.eu\/pt-pt\/produto\/fizzy-nova-plus-40k-40000-puffs-vape-descartavel-10pcs-todos-os-sabores\/","url":"https:\/\/fizzyvape.eu\/pt-pt\/produto\/fizzy-nova-plus-40k-40000-puffs-vape-descartavel-10pcs-todos-os-sabores\/","name":"Fizzy Nova Plus 40000 Puffs Vape descart\u00e1vel | Envio r\u00e1pido para a UE","isPartOf":{"@id":"https:\/\/www.fizzyvape.eu\/pt-pt\/#website"},"primaryImageOfPage":{"@id":"https:\/\/fizzyvape.eu\/pt-pt\/produto\/fizzy-nova-plus-40k-40000-puffs-vape-descartavel-10pcs-todos-os-sabores\/#primaryimage"},"image":{"@id":"https:\/\/fizzyvape.eu\/pt-pt\/produto\/fizzy-nova-plus-40k-40000-puffs-vape-descartavel-10pcs-todos-os-sabores\/#primaryimage"},"thumbnailUrl":"https:\/\/fizzyvape.eu\/wp-content\/uploads\/2025\/03\/fizzy-nova-plus-40000-40k-puffs-main-picture.jpg.webp","datePublished":"2025-08-20T02:55:59+00:00","dateModified":"2025-08-29T08:09:32+00:00","description":"Compra o Fizzy Nova Plus 40000 Puffs com 12 sabores premium, bobinas de rede dupla e visor LED inteligente. Envia do nosso armaz\u00e9m europeu com entrega em 2-7 dias.","breadcrumb":{"@id":"https:\/\/fizzyvape.eu\/pt-pt\/produto\/fizzy-nova-plus-40k-40000-puffs-vape-descartavel-10pcs-todos-os-sabores\/#breadcrumb"},"inLanguage":"pt-PT","potentialAction":[{"@type":"ReadAction","target":["https:\/\/fizzyvape.eu\/pt-pt\/produto\/fizzy-nova-plus-40k-40000-puffs-vape-descartavel-10pcs-todos-os-sabores\/"]}]},{"@type":"ImageObject","inLanguage":"pt-PT","@id":"https:\/\/fizzyvape.eu\/pt-pt\/produto\/fizzy-nova-plus-40k-40000-puffs-vape-descartavel-10pcs-todos-os-sabores\/#primaryimage","url":"https:\/\/fizzyvape.eu\/wp-content\/uploads\/2025\/03\/fizzy-nova-plus-40000-40k-puffs-main-picture.jpg.webp","contentUrl":"https:\/\/fizzyvape.eu\/wp-content\/uploads\/2025\/03\/fizzy-nova-plus-40000-40k-puffs-main-picture.jpg.webp","width":1920,"height":1920,"caption":"fizzy-nova-plus-40000-40k-puffs-main-picture.jpg"},{"@type":"BreadcrumbList","@id":"https:\/\/fizzyvape.eu\/pt-pt\/produto\/fizzy-nova-plus-40k-40000-puffs-vape-descartavel-10pcs-todos-os-sabores\/#breadcrumb","itemListElement":[{"@type":"ListItem","position":1,"name":"Home","item":"https:\/\/fizzyvape.eu\/pt-pt\/"},{"@type":"ListItem","position":2,"name":"Shop","item":"https:\/\/www.fizzyvape.eu\/pt-pt\/shop\/"},{"@type":"ListItem","position":3,"name":"Fizzy Nova Plus 40k 40000 Puffs Vape Descart\u00e1vel &#8211; 10pcs (Todos os sabores)"}]},{"@type":"WebSite","@id":"https:\/\/www.fizzyvape.eu\/pt-pt\/#website","url":"https:\/\/www.fizzyvape.eu\/pt-pt\/","name":"fizzyvape.eu","description":"Refreshing Vapes. Unforgettable Taste.","publisher":{"@id":"https:\/\/www.fizzyvape.eu\/pt-pt\/#organization"},"potentialAction":[{"@type":"SearchAction","target":{"@type":"EntryPoint","urlTemplate":"https:\/\/www.fizzyvape.eu\/pt-pt\/?s={search_term_string}"},"query-input":{"@type":"PropertyValueSpecification","valueRequired":true,"valueName":"search_term_string"}}],"inLanguage":"pt-PT"},{"@type":"Organization","@id":"https:\/\/www.fizzyvape.eu\/pt-pt\/#organization","name":"fizzyvape.eu","url":"https:\/\/www.fizzyvape.eu\/pt-pt\/","logo":{"@type":"ImageObject","inLanguage":"pt-PT","@id":"https:\/\/www.fizzyvape.eu\/pt-pt\/#\/schema\/logo\/image\/","url":"https:\/\/fizzyvape.eu\/wp-content\/uploads\/2019\/06\/print-1.svg","contentUrl":"https:\/\/fizzyvape.eu\/wp-content\/uploads\/2019\/06\/print-1.svg","width":124,"height":37,"caption":"fizzyvape.eu"},"image":{"@id":"https:\/\/www.fizzyvape.eu\/pt-pt\/#\/schema\/logo\/image\/"}}]},"og_availability":"out of stock","product_availability":"out of stock","product_condition":"new"},"tiered_pricing_type":"fixed","tiered_pricing_fixed_rules":[],"tiered_pricing_product_settings":{"layout":"default","base_unit_name":{"singular":null,"plural":null},"default_variation":null},"tiered_pricing_minimum_quantity":null,"tiered_pricing_roles_data":[],"tiered_pricing_percentage_rules":[],"tiered_pricing_maximum_quantity":null,"tiered_pricing_quantity_step":null,"_links":{"self":[{"href":"https:\/\/fizzyvape.eu\/pt-pt\/wp-json\/wp\/v2\/product\/34419","targetHints":{"allow":["GET"]}}],"collection":[{"href":"https:\/\/fizzyvape.eu\/pt-pt\/wp-json\/wp\/v2\/product"}],"about":[{"href":"https:\/\/fizzyvape.eu\/pt-pt\/wp-json\/wp\/v2\/types\/product"}],"replies":[{"embeddable":true,"href":"https:\/\/fizzyvape.eu\/pt-pt\/wp-json\/wp\/v2\/comments?post=34419"}],"version-history":[{"count":1,"href":"https:\/\/fizzyvape.eu\/pt-pt\/wp-json\/wp\/v2\/product\/34419\/revisions"}],"predecessor-version":[{"id":35206,"href":"https:\/\/fizzyvape.eu\/pt-pt\/wp-json\/wp\/v2\/product\/34419\/revisions\/35206"}],"wp:featuredmedia":[{"embeddable":true,"href":"https:\/\/fizzyvape.eu\/pt-pt\/wp-json\/wp\/v2\/media\/34199"}],"wp:attachment":[{"href":"https:\/\/fizzyvape.eu\/pt-pt\/wp-json\/wp\/v2\/media?parent=34419"}],"wp:term":[{"taxonomy":"product_brand","embeddable":true,"href":"https:\/\/fizzyvape.eu\/pt-pt\/wp-json\/wp\/v2\/product_brand?post=34419"},{"taxonomy":"product_cat","embeddable":true,"href":"https:\/\/fizzyvape.eu\/pt-pt\/wp-json\/wp\/v2\/product_cat?post=34419"},{"taxonomy":"product_tag","embeddable":true,"href":"https:\/\/fizzyvape.eu\/pt-pt\/wp-json\/wp\/v2\/product_tag?post=34419"}],"curies":[{"name":"wp","href":"https:\/\/api.w.org\/{rel}","templated":true}]}}