{"id":35358,"date":"2025-08-29T14:32:49","date_gmt":"2025-08-29T06:32:49","guid":{"rendered":"https:\/\/fizzyvape.eu\/product\/fizzy-twins-50000-puffs-vape-descartavel-de-sabor-duplo-todos-os-sabores-10pcs\/"},"modified":"2025-08-29T14:32:49","modified_gmt":"2025-08-29T06:32:49","slug":"fizzy-twins-50000-puffs-vape-descartavel-de-sabor-duplo-todos-os-sabores-10pcs","status":"publish","type":"product","link":"https:\/\/fizzyvape.eu\/pt-pt\/produto\/fizzy-twins-50000-puffs-vape-descartavel-de-sabor-duplo-todos-os-sabores-10pcs\/","title":{"rendered":"Fizzy Twins 50000 Puffs Vape descart\u00e1vel de sabor duplo (todos os sabores) &#8211; 10pcs"},"content":{"rendered":"<div style=\"width: 1280px;\" class=\"wp-video\"><!--[if lt IE 9]><script>document.createElement('video');<\/script><![endif]-->\n<video class=\"wp-video-shortcode\" id=\"video-35358-1\" width=\"1280\" height=\"720\" preload=\"metadata\" controls=\"controls\"><source type=\"video\/mp4\" src=\"https:\/\/fizzyvape.eu\/wp-content\/uploads\/2025\/08\/Fizzy-Twins-50000-Puffs-Disposable-Vape.mp4?_=1\" \/><a href=\"https:\/\/fizzyvape.eu\/wp-content\/uploads\/2025\/08\/Fizzy-Twins-50000-Puffs-Disposable-Vape.mp4\">https:\/\/fizzyvape.eu\/wp-content\/uploads\/2025\/08\/Fizzy-Twins-50000-Puffs-Disposable-Vape.mp4<\/a><\/video><\/div>\n<h1>Fizzy Twins 50000 Puffs &#8211; Vape descart\u00e1vel recarreg\u00e1vel de duplo sabor<\/h1>\n<p><strong>Fizzy Twins 50000 Puffs<\/strong> (tamb\u00e9m conhecido como <strong>Fizzy Twins 50k Puffs<\/strong>) \u00e9 um revolucion\u00e1rio vape descart\u00e1vel concebido para os vapers que querem mais sabor, mais puffs e mais conveni\u00eancia. Com o seu <strong>sistema de comuta\u00e7\u00e3o de dois<\/strong> sabores, podes alternar facilmente entre dois sabores num s\u00f3 dispositivo &#8211; perfeito para aqueles que desejam variedade. <\/p>\n<p>Com uma capacidade de at\u00e9 <strong>50.000 baforadas<\/strong>, este vape premium garante um desempenho duradouro. Equipado com uma <strong>porta Type-C recarreg\u00e1vel<\/strong> e <strong>tecnologia de bobina de malha<\/strong> avan\u00e7ada, garante um vapor suave, um sabor arrojado e uma satisfa\u00e7\u00e3o consistente. <\/p>\n<h3>Carater\u00edsticas principais<\/h3>\n<ul>\n<li><strong>Interruptor de Sabor Duplo<\/strong> &#8211; Desfruta de 2 sabores num s\u00f3 dispositivo<\/li>\n<li><strong>Capacidade maci\u00e7a de 50.000 baforadas<\/strong> &#8211; Constru\u00edda para durar<\/li>\n<li>\ud83d\udd39 <strong>Recarreg\u00e1vel atrav\u00e9s de Type-C<\/strong> &#8211; Amigo do ambiente e de longa dura\u00e7\u00e3o<\/li>\n<li><strong>Tecnologia de bobina em malha<\/strong> &#8211; Sabor rico e nuvens densas<\/li>\n<li><strong>Aut\u00eantico Fizzy Vape<\/strong> &#8211; Enviado do armaz\u00e9m da UE com garantia de qualidade<\/li>\n<\/ul>\n<h3>A quem se destina?<\/h3>\n<ul>\n<li>Vapers que querem v\u00e1rios sabores sem ter de transportar v\u00e1rios dispositivos<\/li>\n<li>Para quem necessita de <strong>uma capacidade de inje\u00e7\u00e3o ultra elevada<\/strong> para uma utiliza\u00e7\u00e3o a longo prazo<\/li>\n<li>Quem procura um vape descart\u00e1vel recarreg\u00e1vel e sem complica\u00e7\u00f5es<\/li>\n<\/ul>\n<h3>Lista de sabores dos <strong>Fizzy Twins <\/strong>50000 Puffs:<\/h3>\n<ol>\n<li><a href=\"https:\/\/fizzyvape.eu\/pt-pt\/produto\/fizzy-twins-melancia-ice-morango-kiwi-50000-puffs-10pcs\/\">Melancia Ice &amp; Morango Kiwi<\/a><\/li>\n<li><a href=\"https:\/\/fizzyvape.eu\/pt-pt\/produto\/fizzy-twins-morango-kiwi-roma-red-bull-50000-pastilhas-10pcs\/\">Morango, Kiwi, Rom\u00e3 e Red Bull<\/a><\/li>\n<li><a href=\"https:\/\/fizzyvape.eu\/pt-pt\/produto\/fizzy-twins-blueberry-coconut-grape-ice-50000-puffs-10pcs\/\">Gelo de mirtilo, coco e uva<\/a><\/li>\n<li><a href=\"https:\/\/fizzyvape.eu\/pt-pt\/produto\/fizzy-twins-blue-razz-limonada-triple-melon-50000-puffs-10pcs\/\">Limonada Blue Razz e Mel\u00e3o Triplo<\/a><\/li>\n<li><a href=\"https:\/\/fizzyvape.eu\/pt-pt\/produto\/fizzy-twins-morango-melancia-e-mirtilo-ice-50000-puffs-10pcs\/\">Gelado de morango, melancia e mirtilo<\/a><\/li>\n<li><a href=\"https:\/\/fizzyvape.eu\/pt-pt\/produto\/fizzy-twins-pessego-manga-melancia-morango-banana-50000-puffs-10pcs\/\">P\u00eassego, Manga, Melancia e Morango, Banana<\/a><\/li>\n<li><a href=\"https:\/\/fizzyvape.eu\/pt-pt\/produto\/fizzy-twins-framboesa-melancia-kiwi-maracuja-goiaba-50000-puffs-10pcs\/\">Framboesa Melancia e Kiwi Maracuj\u00e1 Goiaba<\/a><\/li>\n<li><a href=\"https:\/\/fizzyvape.eu\/pt-pt\/produto\/fizzy-twins-ananas-pessego-maracuja-mirtilo-framboesa-50000-puffs-10pcs\/\">Anan\u00e1s P\u00eassego Maracuj\u00e1 e mirtilo Framboesa<\/a><\/li>\n<li><a href=\"https:\/\/fizzyvape.eu\/pt-pt\/produto\/fizzy-twins-melancia-ice-lima-limao-50000-puffs-10pcs\/\">Gelo de melancia e lima-lim\u00e3o<\/a><\/li>\n<li><a href=\"https:\/\/fizzyvape.eu\/pt-pt\/produto\/fizzy-twins-gelado-bagas-mistas-e-pessego-50000-puffs-10pcs\/\">Gelado de frutos silvestres e p\u00eassego<\/a><\/li>\n<li><a href=\"https:\/\/fizzyvape.eu\/pt-pt\/produto\/fizzy-twins-morango-gelado-cereja-gelada-50000-puffs-10pcs\/\">Gelo de morango e cereja com g\u00e1s<\/a><\/li>\n<li><a href=\"https:\/\/fizzyvape.eu\/pt-pt\/produto\/fizzy-twins-limonada-de-framboesa-e-gelo-de-morango-50000-puffs-10pcs\/\">Limonada de framboesa e gelo de morango<\/a><\/li>\n<\/ol>\n<p><img decoding=\"async\" class=\"alignnone wp-image-34860 size-full\" src=\"https:\/\/fizzyvape.eu\/wp-content\/uploads\/2025\/08\/FIZZY-Twins-50K-50000-puffs-Flavors--scaled.jpg\" alt=\"\" width=\"1354\" height=\"2560\" srcset=\"https:\/\/fizzyvape.eu\/wp-content\/uploads\/2025\/08\/FIZZY-Twins-50K-50000-puffs-Flavors--scaled.jpg 1354w, https:\/\/fizzyvape.eu\/wp-content\/uploads\/2025\/08\/FIZZY-Twins-50K-50000-puffs-Flavors--159x300.jpg 159w, https:\/\/fizzyvape.eu\/wp-content\/uploads\/2025\/08\/FIZZY-Twins-50K-50000-puffs-Flavors--423x800.jpg 423w, https:\/\/fizzyvape.eu\/wp-content\/uploads\/2025\/08\/FIZZY-Twins-50K-50000-puffs-Flavors--768x1452.jpg 768w, https:\/\/fizzyvape.eu\/wp-content\/uploads\/2025\/08\/FIZZY-Twins-50K-50000-puffs-Flavors--812x1536.jpg 812w, https:\/\/fizzyvape.eu\/wp-content\/uploads\/2025\/08\/FIZZY-Twins-50K-50000-puffs-Flavors--1083x2048.jpg 1083w, https:\/\/fizzyvape.eu\/wp-content\/uploads\/2025\/08\/FIZZY-Twins-50K-50000-puffs-Flavors--430x813.jpg 430w, https:\/\/fizzyvape.eu\/wp-content\/uploads\/2025\/08\/FIZZY-Twins-50K-50000-puffs-Flavors--700x1323.jpg 700w, https:\/\/fizzyvape.eu\/wp-content\/uploads\/2025\/08\/FIZZY-Twins-50K-50000-puffs-Flavors--150x284.jpg 150w\" sizes=\"(max-width: 1354px) 100vw, 1354px\" \/><\/p>\n<h3>Porqu\u00ea escolher Fizzy Twins 50000 Puffs?<\/h3>\n<p>Ao contr\u00e1rio dos descart\u00e1veis normais, o <strong>Fizzy Twins 50000 Puffs<\/strong> d\u00e1-te <strong>dois sabores num s\u00f3<\/strong>, uma <strong>enorme quantidade de 50 mil baforadas<\/strong> e <strong>a possibilidade de recarregar &#8211; tornando-o<\/strong>numa das melhores op\u00e7\u00f5es do mercado.<\/p>\n<h3>FAQ<\/h3>\n<p><strong>P: Quanto tempo dura a Fizzy Twins 50000 Puffs?<\/strong><br \/>\nR: D\u00e1 at\u00e9 <strong>50.000 baforadas<\/strong>, que duram semanas, dependendo da utiliza\u00e7\u00e3o.<\/p>\n<p><strong>P: Posso recarreg\u00e1-lo?<\/strong><br \/>\nR: Sim, vem com uma <strong>porta de carregamento Tipo C<\/strong> para uma utiliza\u00e7\u00e3o prolongada.<\/p>\n<p><strong>P: \u00c9 aut\u00eantico?<\/strong><br \/>\nR: Podes crer! S\u00f3 vendemos <strong>produtos Fizzy Vape genu\u00ednos<\/strong>, enviados diretamente do nosso armaz\u00e9m na UE. <\/p>\n","protected":false},"excerpt":{"rendered":"<p>Experimenta o poder do <strong>Fizzy Twins 50000 Puffs <\/strong> &#8211; um vape descart\u00e1vel premium de dois sabores com capacidade para <strong>50 mil baforadas<\/strong>, porta Type-C recarreg\u00e1vel e sabor rico da bobina de malha. Dois sabores, um dispositivo, satisfa\u00e7\u00e3o sem fim. <\/p>\n","protected":false},"featured_media":29220,"comment_status":"open","ping_status":"closed","template":"","meta":{"iawp_total_views":19},"product_brand":[],"product_cat":[950,959,267],"product_tag":[639],"class_list":{"0":"post-35358","1":"product","2":"type-product","3":"status-publish","4":"has-post-thumbnail","6":"product_cat-eu-warehouse-pt-pt","7":"product_cat-hot-selling-vape-pt-pt","8":"product_cat-twins-cigarros-eletronicos-recarregaveis-50000-puffs-pt-pt","9":"product_tag-todos-os-sabores","11":"first","12":"outofstock","13":"sale","14":"shipping-taxable","15":"purchasable","16":"product-type-variable"},"yoast_head":"<!-- This site is optimized with the Yoast SEO Premium plugin v24.8 (Yoast SEO v27.4) - https:\/\/yoast.com\/product\/yoast-seo-premium-wordpress\/ -->\n<title>Fizzy Twins 50000 Puffs - Compra Dual Flavor 50k Puffs Vape | Melhor Pre\u00e7o UE<\/title>\n<meta name=\"description\" content=\"Compra Fizzy Twins 50000 Puffs (50k Puffs) ao melhor pre\u00e7o! Comutador de dois sabores, recarreg\u00e1vel, 50k batidas, envio r\u00e1pido para a UE. Stock limitado - encomenda j\u00e1!\" \/>\n<meta name=\"robots\" content=\"index, follow, max-snippet:-1, max-image-preview:large, max-video-preview:-1\" \/>\n<link rel=\"canonical\" href=\"https:\/\/fizzyvape.eu\/pt-pt\/produto\/fizzy-twins-50000-puffs-vape-descartavel-de-sabor-duplo-todos-os-sabores-10pcs\/\" \/>\n<meta property=\"og:locale\" content=\"pt_PT\" \/>\n<meta property=\"og:type\" content=\"article\" \/>\n<meta property=\"og:title\" content=\"Fizzy Twins 50000 Puffs Vape descart\u00e1vel de sabor duplo (todos os sabores) - 10pcs\" \/>\n<meta property=\"og:description\" content=\"Compra Fizzy Twins 50000 Puffs (50k Puffs) ao melhor pre\u00e7o! Comutador de dois sabores, recarreg\u00e1vel, 50k batidas, envio r\u00e1pido para a UE. Stock limitado - encomenda j\u00e1!\" \/>\n<meta property=\"og:url\" content=\"https:\/\/fizzyvape.eu\/pt-pt\/produto\/fizzy-twins-50000-puffs-vape-descartavel-de-sabor-duplo-todos-os-sabores-10pcs\/\" \/>\n<meta property=\"og:site_name\" content=\"fizzyvape.eu\" \/>\n<meta property=\"og:image\" content=\"https:\/\/fizzyvape.eu\/wp-content\/uploads\/2025\/04\/Fizzy-Twins-50000Puffs-8.webp\" \/>\n\t<meta property=\"og:image:width\" content=\"800\" \/>\n\t<meta property=\"og:image:height\" content=\"800\" \/>\n\t<meta property=\"og:image:type\" content=\"image\/webp\" \/>\n<meta name=\"twitter:card\" content=\"summary_large_image\" \/>\n<meta name=\"twitter:label1\" content=\"Disponibilidade\" \/>\n\t<meta name=\"twitter:data1\" content=\"Esgotado\" \/>\n<script type=\"application\/ld+json\" class=\"yoast-schema-graph\">{\"@context\":\"https:\\\/\\\/schema.org\",\"@graph\":[{\"@type\":\"WebPage\",\"@id\":\"https:\\\/\\\/fizzyvape.eu\\\/pt-pt\\\/produto\\\/fizzy-twins-50000-puffs-vape-descartavel-de-sabor-duplo-todos-os-sabores-10pcs\\\/\",\"url\":\"https:\\\/\\\/fizzyvape.eu\\\/pt-pt\\\/produto\\\/fizzy-twins-50000-puffs-vape-descartavel-de-sabor-duplo-todos-os-sabores-10pcs\\\/\",\"name\":\"Fizzy Twins 50000 Puffs - Compra Dual Flavor 50k Puffs Vape | Melhor Pre\u00e7o UE\",\"isPartOf\":{\"@id\":\"https:\\\/\\\/www.fizzyvape.eu\\\/pt-pt\\\/#website\"},\"primaryImageOfPage\":{\"@id\":\"https:\\\/\\\/fizzyvape.eu\\\/pt-pt\\\/produto\\\/fizzy-twins-50000-puffs-vape-descartavel-de-sabor-duplo-todos-os-sabores-10pcs\\\/#primaryimage\"},\"image\":{\"@id\":\"https:\\\/\\\/fizzyvape.eu\\\/pt-pt\\\/produto\\\/fizzy-twins-50000-puffs-vape-descartavel-de-sabor-duplo-todos-os-sabores-10pcs\\\/#primaryimage\"},\"thumbnailUrl\":\"https:\\\/\\\/fizzyvape.eu\\\/wp-content\\\/uploads\\\/2025\\\/04\\\/Fizzy-Twins-50000Puffs-8.webp\",\"datePublished\":\"2025-08-29T06:32:49+00:00\",\"description\":\"Compra Fizzy Twins 50000 Puffs (50k Puffs) ao melhor pre\u00e7o! Comutador de dois sabores, recarreg\u00e1vel, 50k batidas, envio r\u00e1pido para a UE. Stock limitado - encomenda j\u00e1!\",\"breadcrumb\":{\"@id\":\"https:\\\/\\\/fizzyvape.eu\\\/pt-pt\\\/produto\\\/fizzy-twins-50000-puffs-vape-descartavel-de-sabor-duplo-todos-os-sabores-10pcs\\\/#breadcrumb\"},\"inLanguage\":\"pt-PT\",\"potentialAction\":[{\"@type\":\"ReadAction\",\"target\":[\"https:\\\/\\\/fizzyvape.eu\\\/pt-pt\\\/produto\\\/fizzy-twins-50000-puffs-vape-descartavel-de-sabor-duplo-todos-os-sabores-10pcs\\\/\"]}]},{\"@type\":\"ImageObject\",\"inLanguage\":\"pt-PT\",\"@id\":\"https:\\\/\\\/fizzyvape.eu\\\/pt-pt\\\/produto\\\/fizzy-twins-50000-puffs-vape-descartavel-de-sabor-duplo-todos-os-sabores-10pcs\\\/#primaryimage\",\"url\":\"https:\\\/\\\/fizzyvape.eu\\\/wp-content\\\/uploads\\\/2025\\\/04\\\/Fizzy-Twins-50000Puffs-8.webp\",\"contentUrl\":\"https:\\\/\\\/fizzyvape.eu\\\/wp-content\\\/uploads\\\/2025\\\/04\\\/Fizzy-Twins-50000Puffs-8.webp\",\"width\":800,\"height\":800,\"caption\":\"Fizzy Twins 50000 Puffs Vape descart\u00e1vel\"},{\"@type\":\"BreadcrumbList\",\"@id\":\"https:\\\/\\\/fizzyvape.eu\\\/pt-pt\\\/produto\\\/fizzy-twins-50000-puffs-vape-descartavel-de-sabor-duplo-todos-os-sabores-10pcs\\\/#breadcrumb\",\"itemListElement\":[{\"@type\":\"ListItem\",\"position\":1,\"name\":\"Home\",\"item\":\"https:\\\/\\\/fizzyvape.eu\\\/pt-pt\\\/\"},{\"@type\":\"ListItem\",\"position\":2,\"name\":\"Shop\",\"item\":\"https:\\\/\\\/www.fizzyvape.eu\\\/pt-pt\\\/shop\\\/\"},{\"@type\":\"ListItem\",\"position\":3,\"name\":\"Fizzy Twins 50000 Puffs Vape descart\u00e1vel de sabor duplo (todos os sabores) &#8211; 10pcs\"}]},{\"@type\":\"WebSite\",\"@id\":\"https:\\\/\\\/www.fizzyvape.eu\\\/pt-pt\\\/#website\",\"url\":\"https:\\\/\\\/www.fizzyvape.eu\\\/pt-pt\\\/\",\"name\":\"fizzyvape.eu\",\"description\":\"Refreshing Vapes. Unforgettable Taste.\",\"publisher\":{\"@id\":\"https:\\\/\\\/www.fizzyvape.eu\\\/pt-pt\\\/#organization\"},\"potentialAction\":[{\"@type\":\"SearchAction\",\"target\":{\"@type\":\"EntryPoint\",\"urlTemplate\":\"https:\\\/\\\/www.fizzyvape.eu\\\/pt-pt\\\/?s={search_term_string}\"},\"query-input\":{\"@type\":\"PropertyValueSpecification\",\"valueRequired\":true,\"valueName\":\"search_term_string\"}}],\"inLanguage\":\"pt-PT\"},{\"@type\":\"Organization\",\"@id\":\"https:\\\/\\\/www.fizzyvape.eu\\\/pt-pt\\\/#organization\",\"name\":\"fizzyvape.eu\",\"url\":\"https:\\\/\\\/www.fizzyvape.eu\\\/pt-pt\\\/\",\"logo\":{\"@type\":\"ImageObject\",\"inLanguage\":\"pt-PT\",\"@id\":\"https:\\\/\\\/www.fizzyvape.eu\\\/pt-pt\\\/#\\\/schema\\\/logo\\\/image\\\/\",\"url\":\"https:\\\/\\\/fizzyvape.eu\\\/wp-content\\\/uploads\\\/2019\\\/06\\\/print-1.svg\",\"contentUrl\":\"https:\\\/\\\/fizzyvape.eu\\\/wp-content\\\/uploads\\\/2019\\\/06\\\/print-1.svg\",\"width\":124,\"height\":37,\"caption\":\"fizzyvape.eu\"},\"image\":{\"@id\":\"https:\\\/\\\/www.fizzyvape.eu\\\/pt-pt\\\/#\\\/schema\\\/logo\\\/image\\\/\"}}]}<\/script>\n<meta property=\"og:availability\" content=\"out of stock\" \/>\n<meta property=\"product:availability\" content=\"out of stock\" \/>\n<meta property=\"product:condition\" content=\"new\" \/>\n<!-- \/ Yoast SEO Premium plugin. -->","yoast_head_json":{"title":"Fizzy Twins 50000 Puffs - Compra Dual Flavor 50k Puffs Vape | Melhor Pre\u00e7o UE","description":"Compra Fizzy Twins 50000 Puffs (50k Puffs) ao melhor pre\u00e7o! Comutador de dois sabores, recarreg\u00e1vel, 50k batidas, envio r\u00e1pido para a UE. Stock limitado - encomenda j\u00e1!","robots":{"index":"index","follow":"follow","max-snippet":"max-snippet:-1","max-image-preview":"max-image-preview:large","max-video-preview":"max-video-preview:-1"},"canonical":"https:\/\/fizzyvape.eu\/pt-pt\/produto\/fizzy-twins-50000-puffs-vape-descartavel-de-sabor-duplo-todos-os-sabores-10pcs\/","og_locale":"pt_PT","og_type":"article","og_title":"Fizzy Twins 50000 Puffs Vape descart\u00e1vel de sabor duplo (todos os sabores) - 10pcs","og_description":"Compra Fizzy Twins 50000 Puffs (50k Puffs) ao melhor pre\u00e7o! Comutador de dois sabores, recarreg\u00e1vel, 50k batidas, envio r\u00e1pido para a UE. Stock limitado - encomenda j\u00e1!","og_url":"https:\/\/fizzyvape.eu\/pt-pt\/produto\/fizzy-twins-50000-puffs-vape-descartavel-de-sabor-duplo-todos-os-sabores-10pcs\/","og_site_name":"fizzyvape.eu","og_image":[{"width":800,"height":800,"url":"https:\/\/fizzyvape.eu\/wp-content\/uploads\/2025\/04\/Fizzy-Twins-50000Puffs-8.webp","type":"image\/webp"}],"twitter_card":"summary_large_image","twitter_misc":{"Disponibilidade":"Esgotado"},"schema":{"@context":"https:\/\/schema.org","@graph":[{"@type":"WebPage","@id":"https:\/\/fizzyvape.eu\/pt-pt\/produto\/fizzy-twins-50000-puffs-vape-descartavel-de-sabor-duplo-todos-os-sabores-10pcs\/","url":"https:\/\/fizzyvape.eu\/pt-pt\/produto\/fizzy-twins-50000-puffs-vape-descartavel-de-sabor-duplo-todos-os-sabores-10pcs\/","name":"Fizzy Twins 50000 Puffs - Compra Dual Flavor 50k Puffs Vape | Melhor Pre\u00e7o UE","isPartOf":{"@id":"https:\/\/www.fizzyvape.eu\/pt-pt\/#website"},"primaryImageOfPage":{"@id":"https:\/\/fizzyvape.eu\/pt-pt\/produto\/fizzy-twins-50000-puffs-vape-descartavel-de-sabor-duplo-todos-os-sabores-10pcs\/#primaryimage"},"image":{"@id":"https:\/\/fizzyvape.eu\/pt-pt\/produto\/fizzy-twins-50000-puffs-vape-descartavel-de-sabor-duplo-todos-os-sabores-10pcs\/#primaryimage"},"thumbnailUrl":"https:\/\/fizzyvape.eu\/wp-content\/uploads\/2025\/04\/Fizzy-Twins-50000Puffs-8.webp","datePublished":"2025-08-29T06:32:49+00:00","description":"Compra Fizzy Twins 50000 Puffs (50k Puffs) ao melhor pre\u00e7o! Comutador de dois sabores, recarreg\u00e1vel, 50k batidas, envio r\u00e1pido para a UE. Stock limitado - encomenda j\u00e1!","breadcrumb":{"@id":"https:\/\/fizzyvape.eu\/pt-pt\/produto\/fizzy-twins-50000-puffs-vape-descartavel-de-sabor-duplo-todos-os-sabores-10pcs\/#breadcrumb"},"inLanguage":"pt-PT","potentialAction":[{"@type":"ReadAction","target":["https:\/\/fizzyvape.eu\/pt-pt\/produto\/fizzy-twins-50000-puffs-vape-descartavel-de-sabor-duplo-todos-os-sabores-10pcs\/"]}]},{"@type":"ImageObject","inLanguage":"pt-PT","@id":"https:\/\/fizzyvape.eu\/pt-pt\/produto\/fizzy-twins-50000-puffs-vape-descartavel-de-sabor-duplo-todos-os-sabores-10pcs\/#primaryimage","url":"https:\/\/fizzyvape.eu\/wp-content\/uploads\/2025\/04\/Fizzy-Twins-50000Puffs-8.webp","contentUrl":"https:\/\/fizzyvape.eu\/wp-content\/uploads\/2025\/04\/Fizzy-Twins-50000Puffs-8.webp","width":800,"height":800,"caption":"Fizzy Twins 50000 Puffs Vape descart\u00e1vel"},{"@type":"BreadcrumbList","@id":"https:\/\/fizzyvape.eu\/pt-pt\/produto\/fizzy-twins-50000-puffs-vape-descartavel-de-sabor-duplo-todos-os-sabores-10pcs\/#breadcrumb","itemListElement":[{"@type":"ListItem","position":1,"name":"Home","item":"https:\/\/fizzyvape.eu\/pt-pt\/"},{"@type":"ListItem","position":2,"name":"Shop","item":"https:\/\/www.fizzyvape.eu\/pt-pt\/shop\/"},{"@type":"ListItem","position":3,"name":"Fizzy Twins 50000 Puffs Vape descart\u00e1vel de sabor duplo (todos os sabores) &#8211; 10pcs"}]},{"@type":"WebSite","@id":"https:\/\/www.fizzyvape.eu\/pt-pt\/#website","url":"https:\/\/www.fizzyvape.eu\/pt-pt\/","name":"fizzyvape.eu","description":"Refreshing Vapes. Unforgettable Taste.","publisher":{"@id":"https:\/\/www.fizzyvape.eu\/pt-pt\/#organization"},"potentialAction":[{"@type":"SearchAction","target":{"@type":"EntryPoint","urlTemplate":"https:\/\/www.fizzyvape.eu\/pt-pt\/?s={search_term_string}"},"query-input":{"@type":"PropertyValueSpecification","valueRequired":true,"valueName":"search_term_string"}}],"inLanguage":"pt-PT"},{"@type":"Organization","@id":"https:\/\/www.fizzyvape.eu\/pt-pt\/#organization","name":"fizzyvape.eu","url":"https:\/\/www.fizzyvape.eu\/pt-pt\/","logo":{"@type":"ImageObject","inLanguage":"pt-PT","@id":"https:\/\/www.fizzyvape.eu\/pt-pt\/#\/schema\/logo\/image\/","url":"https:\/\/fizzyvape.eu\/wp-content\/uploads\/2019\/06\/print-1.svg","contentUrl":"https:\/\/fizzyvape.eu\/wp-content\/uploads\/2019\/06\/print-1.svg","width":124,"height":37,"caption":"fizzyvape.eu"},"image":{"@id":"https:\/\/www.fizzyvape.eu\/pt-pt\/#\/schema\/logo\/image\/"}}]},"og_availability":"out of stock","product_availability":"out of stock","product_condition":"new"},"tiered_pricing_type":"fixed","tiered_pricing_fixed_rules":[],"tiered_pricing_product_settings":{"layout":"default","base_unit_name":{"singular":null,"plural":null},"default_variation":null},"tiered_pricing_minimum_quantity":null,"tiered_pricing_roles_data":[],"tiered_pricing_percentage_rules":[],"tiered_pricing_maximum_quantity":null,"tiered_pricing_quantity_step":null,"_links":{"self":[{"href":"https:\/\/fizzyvape.eu\/pt-pt\/wp-json\/wp\/v2\/product\/35358","targetHints":{"allow":["GET"]}}],"collection":[{"href":"https:\/\/fizzyvape.eu\/pt-pt\/wp-json\/wp\/v2\/product"}],"about":[{"href":"https:\/\/fizzyvape.eu\/pt-pt\/wp-json\/wp\/v2\/types\/product"}],"replies":[{"embeddable":true,"href":"https:\/\/fizzyvape.eu\/pt-pt\/wp-json\/wp\/v2\/comments?post=35358"}],"version-history":[{"count":0,"href":"https:\/\/fizzyvape.eu\/pt-pt\/wp-json\/wp\/v2\/product\/35358\/revisions"}],"wp:featuredmedia":[{"embeddable":true,"href":"https:\/\/fizzyvape.eu\/pt-pt\/wp-json\/wp\/v2\/media\/29220"}],"wp:attachment":[{"href":"https:\/\/fizzyvape.eu\/pt-pt\/wp-json\/wp\/v2\/media?parent=35358"}],"wp:term":[{"taxonomy":"product_brand","embeddable":true,"href":"https:\/\/fizzyvape.eu\/pt-pt\/wp-json\/wp\/v2\/product_brand?post=35358"},{"taxonomy":"product_cat","embeddable":true,"href":"https:\/\/fizzyvape.eu\/pt-pt\/wp-json\/wp\/v2\/product_cat?post=35358"},{"taxonomy":"product_tag","embeddable":true,"href":"https:\/\/fizzyvape.eu\/pt-pt\/wp-json\/wp\/v2\/product_tag?post=35358"}],"curies":[{"name":"wp","href":"https:\/\/api.w.org\/{rel}","templated":true}]}}