{"id":35376,"date":"2025-08-29T14:50:08","date_gmt":"2025-08-29T06:50:08","guid":{"rendered":"https:\/\/fizzyvape.eu\/product\/fizzy-max-iii-6-em-1-60000-puffs-vape-descartavel-todos-os-sabores-10pcs\/"},"modified":"2025-08-29T14:50:08","modified_gmt":"2025-08-29T06:50:08","slug":"fizzy-max-iii-6-em-1-60000-puffs-vape-descartavel-todos-os-sabores-10pcs","status":"publish","type":"product","link":"https:\/\/fizzyvape.eu\/pt-pt\/produto\/fizzy-max-iii-6-em-1-60000-puffs-vape-descartavel-todos-os-sabores-10pcs\/","title":{"rendered":"Fizzy Max III 6-em-1 60000 Puffs Vape descart\u00e1vel (Todos os sabores) &#8211; 10pcs"},"content":{"rendered":"<div style=\"width: 853px;\" class=\"wp-video\"><!--[if lt IE 9]><script>document.createElement('video');<\/script><![endif]-->\n<video class=\"wp-video-shortcode\" id=\"video-35376-1\" width=\"853\" height=\"480\" preload=\"metadata\" controls=\"controls\"><source type=\"video\/mp4\" src=\"https:\/\/fizzyvape.eu\/wp-content\/uploads\/2025\/08\/fizzy-max-iii-60000-puff-disposable-vape-wholesal-trusted-pro-disposable-vape-supplier.mp4?_=1\" \/><a href=\"https:\/\/fizzyvape.eu\/wp-content\/uploads\/2025\/08\/fizzy-max-iii-60000-puff-disposable-vape-wholesal-trusted-pro-disposable-vape-supplier.mp4\">https:\/\/fizzyvape.eu\/wp-content\/uploads\/2025\/08\/fizzy-max-iii-60000-puff-disposable-vape-wholesal-trusted-pro-disposable-vape-supplier.mp4<\/a><\/video><\/div>\n<h1>Fizzy Max 60000 Puffs &#8211; 6 sabores em 1 Vape descart\u00e1vel inteligente<\/h1>\n<p>O <strong>Fizzy Max 60000 Puffs<\/strong> (tamb\u00e9m conhecido como <strong>Fizzy Max 60k Puffs<\/strong>) \u00e9 o derradeiro vape descart\u00e1vel para aqueles que exigem variedade e desempenho. Com o seu <strong>sistema de rota\u00e7\u00e3o de sabores 6 em 1<\/strong>, podes alternar entre seis sabores diferentes num s\u00f3 dispositivo, proporcionando um novo sabor sempre que fumas. <\/p>\n<p>Este potente vape oferece at\u00e9 <strong>60.000 baforadas<\/strong>, possui uma <strong>bateria recarreg\u00e1vel Tipo C<\/strong> e vem com um <strong>visor LED<\/strong> que mostra os n\u00edveis da bateria e do e-l\u00edquido. Concebido para uma satisfa\u00e7\u00e3o e conveni\u00eancia duradouras, o <strong>Fizzy Max 60000 Puffs<\/strong> \u00e9 a escolha perfeita para os amantes de vape que querem tudo. <\/p>\n<h3>Carater\u00edsticas principais<\/h3>\n<ul>\n<li>\ud83d\udd39 <strong>6 sabores num s\u00f3 dispositivo<\/strong> &#8211; Alterna entre seis sabores \u00fanicos instantaneamente<\/li>\n<li><strong>60.000 pastilhas<\/strong> &#8211; Uma das pastilhas descart\u00e1veis mais duradouras do mercado<\/li>\n<li>\ud83d\udd39 <strong>Recarreg\u00e1vel com Type-C<\/strong> &#8211; Carregamento r\u00e1pido e f\u00e1cil para uma utiliza\u00e7\u00e3o prolongada<\/li>\n<li><strong>Ecr\u00e3 LED inteligente<\/strong> &#8211; Mostra a dura\u00e7\u00e3o da bateria e o n\u00edvel de e-l\u00edquido em tempo real<\/li>\n<li><strong>Tecnologia de bobina em malha<\/strong> &#8211; Proporciona um vapor suave e um sabor intenso<\/li>\n<li><strong>Envios do armaz\u00e9m da UE<\/strong> &#8211; Aut\u00eantico Fizzy Vape, entrega r\u00e1pida, melhor pre\u00e7o<\/li>\n<\/ul>\n<h3><strong>Lista de sabores do vaporizador descart\u00e1vel Fizzy Max 60K Puffs:<\/strong><\/h3>\n<ol>\n<li><a href=\"https:\/\/fizzyvape.eu\/pt-pt\/produto\/fizzy-max-iii-6em1-60k-60000-puffs-vape-descartavel-recarregavel-morango-framboesa-manga-pessego-e-mirtilo-melancia-10-unidades\/\">Morango Framboesa e manga P\u00eassego e mirtilo Melancia<\/a><\/li>\n<li><a href=\"https:\/\/fizzyvape.eu\/pt-pt\/produto\/fizzy-max-iii-6in1-60k-60000-puffs-vape-descartavel-recarregavel-mistura-de-frutos-silvestres-e-kiwi-maracuja-goiaba-e-morango-melancia-10pcs\/\">Mistura de frutos silvestres e kiwi Maracuj\u00e1 Goiaba e morango Melancia<\/a><\/li>\n<li><a href=\"https:\/\/fizzyvape.eu\/pt-pt\/produto\/fizzy-max-iii-6em1-60k-60000-puffs-vape-descartavel-recarregavel-mirtilo-framboesa-melao-triplo-gelo-morango-10pcs\/\">Mirtilo, framboesa, mel\u00e3o triplo e gelo de morango<\/a><\/li>\n<li><a href=\"https:\/\/fizzyvape.eu\/pt-pt\/produto\/fizzy-max-iii-6in1-60k-60000-puffs-vape-descartavel-recarregavel-morango-fruta-do-dragao-red-bull-e-melancia-com-framboesa-10pcs\/\">Morango Dragon Fruit &amp; Red Bull &amp; Melancia Framboesa<\/a><\/li>\n<li><a href=\"https:\/\/fizzyvape.eu\/pt-pt\/produto\/fizzy-max-iii-6em1-60k-60000-puffs-vape-descartavel-recarregavel-morango-kiwi-mirtilo-ice-melancia-ice-10pcs\/\">Gelo de morango, kiwi e mirtilo e gelo de melancia<\/a><\/li>\n<li><a href=\"https:\/\/fizzyvape.eu\/pt-pt\/produto\/fizzy-max-iii-6em1-60k-60000-puffs-vape-descartavel-recarregavel-blueberry-ice-fizzy-cherry-raspberry-lemon-10pcs\/\">Mirtilo Gelado &amp; Cereja Fresca &amp; Framboesa Lim\u00e3o<\/a><\/li>\n<li><a href=\"https:\/\/fizzyvape.eu\/pt-pt\/produto\/fizzy-max-iii-6em1-60k-60000-puffs-vape-descartavel-recarregavel-melancia-gelo-morango-baunilha-coca-cola-e-bagas-mistas-10pcs\/\">Gelado de melancia e morango Coca-Cola de baunilha e mista<\/a><\/li>\n<li><a href=\"https:\/\/fizzyvape.eu\/pt-pt\/produto\/fizzy-max-iii-6em1-60k-60000-puffs-vape-descartavel-recarregavel-morango-uva-mirtilo-coco-pessego-limao-10pcs\/\">Morango Uva e Mirtilo Coco e P\u00eassego Lim\u00e3o<\/a><\/li>\n<li><a href=\"https:\/\/fizzyvape.eu\/pt-pt\/produto\/fizzy-max-iii-6in1-60k-60000-puffs-vape-descartavel-recarregavel-azul-razz-ice-morango-kiwi-laranja-ananas-azedo-10pcs\/\">Blue Razz Ice &amp; Morango Kiwi &amp; Laranja Anan\u00e1s Azedo<\/a><\/li>\n<li><a href=\"https:\/\/fizzyvape.eu\/pt-pt\/produto\/fizzy-max-iii-6in1-60k-60000-puffs-vape-descartavel-recarregavel-morango-melancia-lima-limao-e-mirtilo-coco-10pcs\/\">Melancia com morango e lima-lim\u00e3o e coco com mirtilo<\/a><\/li>\n<\/ol>\n<p><img decoding=\"async\" class=\"alignnone wp-image-34842 size-full\" src=\"https:\/\/fizzyvape.eu\/wp-content\/uploads\/2025\/08\/FIZZY-Max-III-6-in-60K-60000-puffs-Flavors--scaled.jpg\" alt=\"\" width=\"1168\" height=\"2560\" srcset=\"https:\/\/fizzyvape.eu\/wp-content\/uploads\/2025\/08\/FIZZY-Max-III-6-in-60K-60000-puffs-Flavors--scaled.jpg 1168w, https:\/\/fizzyvape.eu\/wp-content\/uploads\/2025\/08\/FIZZY-Max-III-6-in-60K-60000-puffs-Flavors--137x300.jpg 137w, https:\/\/fizzyvape.eu\/wp-content\/uploads\/2025\/08\/FIZZY-Max-III-6-in-60K-60000-puffs-Flavors--365x800.jpg 365w, https:\/\/fizzyvape.eu\/wp-content\/uploads\/2025\/08\/FIZZY-Max-III-6-in-60K-60000-puffs-Flavors--768x1684.jpg 768w, https:\/\/fizzyvape.eu\/wp-content\/uploads\/2025\/08\/FIZZY-Max-III-6-in-60K-60000-puffs-Flavors--701x1536.jpg 701w, https:\/\/fizzyvape.eu\/wp-content\/uploads\/2025\/08\/FIZZY-Max-III-6-in-60K-60000-puffs-Flavors--934x2048.jpg 934w, https:\/\/fizzyvape.eu\/wp-content\/uploads\/2025\/08\/FIZZY-Max-III-6-in-60K-60000-puffs-Flavors--430x943.jpg 430w, https:\/\/fizzyvape.eu\/wp-content\/uploads\/2025\/08\/FIZZY-Max-III-6-in-60K-60000-puffs-Flavors--700x1535.jpg 700w, https:\/\/fizzyvape.eu\/wp-content\/uploads\/2025\/08\/FIZZY-Max-III-6-in-60K-60000-puffs-Flavors--150x329.jpg 150w\" sizes=\"(max-width: 1168px) 100vw, 1168px\" \/><\/p>\n<h3>Porqu\u00ea escolher Fizzy Max 60000 Puffs?<\/h3>\n<p>Ao contr\u00e1rio dos descart\u00e1veis normais, o <strong>Fizzy Max 60000 Puffs<\/strong> combina <strong>6 sabores num s\u00f3<\/strong>, com uma capacidade de puff extrema. Isto significa que tens variedade, durabilidade e economia num \u00fanico vape. N\u00e3o precisas de levar v\u00e1rios dispositivos &#8211; este tem tudo.  <\/p>\n<h3>A quem se destina?<\/h3>\n<ul>\n<li>Vapers que adoram <strong>uma variedade de sabores num s\u00f3 dispositivo<\/strong><\/li>\n<li>Utilizadores que necessitam de <strong>um n\u00famero de puffs ultra elevado<\/strong> e de fiabilidade<\/li>\n<li>Qualquer pessoa que valorize <strong>a comodidade, a portabilidade e o design de qualidade superior<\/strong><\/li>\n<\/ul>\n<h3>FAQ<\/h3>\n<p><strong>P: Quanto tempo dura a Fizzy Max 60000 Puffs?<\/strong><br \/>\nR: D\u00e1 at\u00e9 <strong>60.000 baforadas<\/strong>, durando semanas ou mesmo meses, dependendo da utiliza\u00e7\u00e3o.<\/p>\n<p><strong>P: Posso recarreg\u00e1-lo?<\/strong><br \/>\nR: Sim, vem com uma <strong>porta de carregamento Tipo C<\/strong> para uma utiliza\u00e7\u00e3o prolongada.<\/p>\n<p><strong>P: Como posso saber o n\u00edvel da bateria e do e-l\u00edquido?<\/strong><br \/>\nR: O dispositivo possui um <strong>visor LED inteligente<\/strong> que mostra os indicadores da bateria e do l\u00edquido.<\/p>\n<p><strong>P: Fizzy Max 60000 Puffs \u00e9 aut\u00eantico?<\/strong><br \/>\nR: 100% sim! S\u00f3 vendemos produtos <strong>Fizzy Vape genu\u00ednos<\/strong>, enviados diretamente do nosso armaz\u00e9m na UE. <\/p>\n","protected":false},"excerpt":{"rendered":"<p>Descobre o <strong>Fizzy Max 60000 Puffs (Fizzy Max 60k Puffs)<\/strong> &#8211; o derradeiro vape descart\u00e1vel 6 em 1. Desfruta de seis sabores altern\u00e1veis num s\u00f3 dispositivo, capacidade de 60k puffs, porta Type-C recarreg\u00e1vel e visor LED inteligente para os n\u00edveis de bateria e l\u00edquido. Desempenho de topo, qualidade Fizzy aut\u00eantica.  <\/p>\n","protected":false},"featured_media":33882,"comment_status":"open","ping_status":"closed","template":"","meta":{"iawp_total_views":1},"product_brand":[],"product_cat":[950,959,590],"product_tag":[639],"class_list":{"0":"post-35376","1":"product","2":"type-product","3":"status-publish","4":"has-post-thumbnail","6":"product_cat-eu-warehouse-pt-pt","7":"product_cat-hot-selling-vape-pt-pt","8":"product_cat-max-iii-6in1-60k-60000-puffs-rechargeable-disposable-vape-pt-pt","9":"product_tag-todos-os-sabores","11":"first","12":"outofstock","13":"sale","14":"shipping-taxable","15":"purchasable","16":"product-type-variable"},"yoast_head":"<!-- This site is optimized with the Yoast SEO Premium plugin v24.8 (Yoast SEO v27.4) - https:\/\/yoast.com\/product\/yoast-seo-premium-wordpress\/ -->\n<title>Fizzy Max 60000 Puffs - Vape descart\u00e1vel 6 em 1 | Melhor neg\u00f3cio da UE<\/title>\n<meta name=\"description\" content=\"Compra Fizzy Max 60000 Puffs (60k Puffs) agora! 6 sabores num s\u00f3 aparelho, 60k baforadas, recarreg\u00e1vel com ecr\u00e3 LED. Envio r\u00e1pido para a UE, stock limitado!\" \/>\n<meta name=\"robots\" content=\"index, follow, max-snippet:-1, max-image-preview:large, max-video-preview:-1\" \/>\n<link rel=\"canonical\" href=\"https:\/\/fizzyvape.eu\/pt-pt\/produto\/fizzy-max-iii-6-em-1-60000-puffs-vape-descartavel-todos-os-sabores-10pcs\/\" \/>\n<meta property=\"og:locale\" content=\"pt_PT\" \/>\n<meta property=\"og:type\" content=\"article\" \/>\n<meta property=\"og:title\" content=\"Fizzy Max III 6-em-1 60000 Puffs Vape descart\u00e1vel (Todos os sabores) - 10pcs\" \/>\n<meta property=\"og:description\" content=\"Compra Fizzy Max 60000 Puffs (60k Puffs) agora! 6 sabores num s\u00f3 aparelho, 60k baforadas, recarreg\u00e1vel com ecr\u00e3 LED. Envio r\u00e1pido para a UE, stock limitado!\" \/>\n<meta property=\"og:url\" content=\"https:\/\/fizzyvape.eu\/pt-pt\/produto\/fizzy-max-iii-6-em-1-60000-puffs-vape-descartavel-todos-os-sabores-10pcs\/\" \/>\n<meta property=\"og:site_name\" content=\"fizzyvape.eu\" \/>\n<meta property=\"og:image\" content=\"https:\/\/fizzyvape.eu\/wp-content\/uploads\/2025\/08\/Fizzy-max-60K-60000-Puffs-Disposable-Vape-3.webp\" \/>\n\t<meta property=\"og:image:width\" content=\"800\" \/>\n\t<meta property=\"og:image:height\" content=\"800\" \/>\n\t<meta property=\"og:image:type\" content=\"image\/webp\" \/>\n<meta name=\"twitter:card\" content=\"summary_large_image\" \/>\n<meta name=\"twitter:label1\" content=\"Disponibilidade\" \/>\n\t<meta name=\"twitter:data1\" content=\"Esgotado\" \/>\n<script type=\"application\/ld+json\" class=\"yoast-schema-graph\">{\"@context\":\"https:\\\/\\\/schema.org\",\"@graph\":[{\"@type\":\"WebPage\",\"@id\":\"https:\\\/\\\/fizzyvape.eu\\\/pt-pt\\\/produto\\\/fizzy-max-iii-6-em-1-60000-puffs-vape-descartavel-todos-os-sabores-10pcs\\\/\",\"url\":\"https:\\\/\\\/fizzyvape.eu\\\/pt-pt\\\/produto\\\/fizzy-max-iii-6-em-1-60000-puffs-vape-descartavel-todos-os-sabores-10pcs\\\/\",\"name\":\"Fizzy Max 60000 Puffs - Vape descart\u00e1vel 6 em 1 | Melhor neg\u00f3cio da UE\",\"isPartOf\":{\"@id\":\"https:\\\/\\\/www.fizzyvape.eu\\\/pt-pt\\\/#website\"},\"primaryImageOfPage\":{\"@id\":\"https:\\\/\\\/fizzyvape.eu\\\/pt-pt\\\/produto\\\/fizzy-max-iii-6-em-1-60000-puffs-vape-descartavel-todos-os-sabores-10pcs\\\/#primaryimage\"},\"image\":{\"@id\":\"https:\\\/\\\/fizzyvape.eu\\\/pt-pt\\\/produto\\\/fizzy-max-iii-6-em-1-60000-puffs-vape-descartavel-todos-os-sabores-10pcs\\\/#primaryimage\"},\"thumbnailUrl\":\"https:\\\/\\\/fizzyvape.eu\\\/wp-content\\\/uploads\\\/2025\\\/08\\\/Fizzy-max-60K-60000-Puffs-Disposable-Vape-40-1.webp\",\"datePublished\":\"2025-08-29T06:50:08+00:00\",\"description\":\"Compra Fizzy Max 60000 Puffs (60k Puffs) agora! 6 sabores num s\u00f3 aparelho, 60k baforadas, recarreg\u00e1vel com ecr\u00e3 LED. Envio r\u00e1pido para a UE, stock limitado!\",\"breadcrumb\":{\"@id\":\"https:\\\/\\\/fizzyvape.eu\\\/pt-pt\\\/produto\\\/fizzy-max-iii-6-em-1-60000-puffs-vape-descartavel-todos-os-sabores-10pcs\\\/#breadcrumb\"},\"inLanguage\":\"pt-PT\",\"potentialAction\":[{\"@type\":\"ReadAction\",\"target\":[\"https:\\\/\\\/fizzyvape.eu\\\/pt-pt\\\/produto\\\/fizzy-max-iii-6-em-1-60000-puffs-vape-descartavel-todos-os-sabores-10pcs\\\/\"]}]},{\"@type\":\"ImageObject\",\"inLanguage\":\"pt-PT\",\"@id\":\"https:\\\/\\\/fizzyvape.eu\\\/pt-pt\\\/produto\\\/fizzy-max-iii-6-em-1-60000-puffs-vape-descartavel-todos-os-sabores-10pcs\\\/#primaryimage\",\"url\":\"https:\\\/\\\/fizzyvape.eu\\\/wp-content\\\/uploads\\\/2025\\\/08\\\/Fizzy-max-60K-60000-Puffs-Disposable-Vape-40-1.webp\",\"contentUrl\":\"https:\\\/\\\/fizzyvape.eu\\\/wp-content\\\/uploads\\\/2025\\\/08\\\/Fizzy-max-60K-60000-Puffs-Disposable-Vape-40-1.webp\",\"width\":800,\"height\":800},{\"@type\":\"BreadcrumbList\",\"@id\":\"https:\\\/\\\/fizzyvape.eu\\\/pt-pt\\\/produto\\\/fizzy-max-iii-6-em-1-60000-puffs-vape-descartavel-todos-os-sabores-10pcs\\\/#breadcrumb\",\"itemListElement\":[{\"@type\":\"ListItem\",\"position\":1,\"name\":\"Home\",\"item\":\"https:\\\/\\\/fizzyvape.eu\\\/pt-pt\\\/\"},{\"@type\":\"ListItem\",\"position\":2,\"name\":\"Shop\",\"item\":\"https:\\\/\\\/www.fizzyvape.eu\\\/pt-pt\\\/shop\\\/\"},{\"@type\":\"ListItem\",\"position\":3,\"name\":\"Fizzy Max III 6-em-1 60000 Puffs Vape descart\u00e1vel (Todos os sabores) &#8211; 10pcs\"}]},{\"@type\":\"WebSite\",\"@id\":\"https:\\\/\\\/www.fizzyvape.eu\\\/pt-pt\\\/#website\",\"url\":\"https:\\\/\\\/www.fizzyvape.eu\\\/pt-pt\\\/\",\"name\":\"fizzyvape.eu\",\"description\":\"Refreshing Vapes. Unforgettable Taste.\",\"publisher\":{\"@id\":\"https:\\\/\\\/www.fizzyvape.eu\\\/pt-pt\\\/#organization\"},\"potentialAction\":[{\"@type\":\"SearchAction\",\"target\":{\"@type\":\"EntryPoint\",\"urlTemplate\":\"https:\\\/\\\/www.fizzyvape.eu\\\/pt-pt\\\/?s={search_term_string}\"},\"query-input\":{\"@type\":\"PropertyValueSpecification\",\"valueRequired\":true,\"valueName\":\"search_term_string\"}}],\"inLanguage\":\"pt-PT\"},{\"@type\":\"Organization\",\"@id\":\"https:\\\/\\\/www.fizzyvape.eu\\\/pt-pt\\\/#organization\",\"name\":\"fizzyvape.eu\",\"url\":\"https:\\\/\\\/www.fizzyvape.eu\\\/pt-pt\\\/\",\"logo\":{\"@type\":\"ImageObject\",\"inLanguage\":\"pt-PT\",\"@id\":\"https:\\\/\\\/www.fizzyvape.eu\\\/pt-pt\\\/#\\\/schema\\\/logo\\\/image\\\/\",\"url\":\"https:\\\/\\\/fizzyvape.eu\\\/wp-content\\\/uploads\\\/2019\\\/06\\\/print-1.svg\",\"contentUrl\":\"https:\\\/\\\/fizzyvape.eu\\\/wp-content\\\/uploads\\\/2019\\\/06\\\/print-1.svg\",\"width\":124,\"height\":37,\"caption\":\"fizzyvape.eu\"},\"image\":{\"@id\":\"https:\\\/\\\/www.fizzyvape.eu\\\/pt-pt\\\/#\\\/schema\\\/logo\\\/image\\\/\"}}]}<\/script>\n<meta property=\"og:availability\" content=\"out of stock\" \/>\n<meta property=\"product:availability\" content=\"out of stock\" \/>\n<meta property=\"product:condition\" content=\"new\" \/>\n<!-- \/ Yoast SEO Premium plugin. -->","yoast_head_json":{"title":"Fizzy Max 60000 Puffs - Vape descart\u00e1vel 6 em 1 | Melhor neg\u00f3cio da UE","description":"Compra Fizzy Max 60000 Puffs (60k Puffs) agora! 6 sabores num s\u00f3 aparelho, 60k baforadas, recarreg\u00e1vel com ecr\u00e3 LED. Envio r\u00e1pido para a UE, stock limitado!","robots":{"index":"index","follow":"follow","max-snippet":"max-snippet:-1","max-image-preview":"max-image-preview:large","max-video-preview":"max-video-preview:-1"},"canonical":"https:\/\/fizzyvape.eu\/pt-pt\/produto\/fizzy-max-iii-6-em-1-60000-puffs-vape-descartavel-todos-os-sabores-10pcs\/","og_locale":"pt_PT","og_type":"article","og_title":"Fizzy Max III 6-em-1 60000 Puffs Vape descart\u00e1vel (Todos os sabores) - 10pcs","og_description":"Compra Fizzy Max 60000 Puffs (60k Puffs) agora! 6 sabores num s\u00f3 aparelho, 60k baforadas, recarreg\u00e1vel com ecr\u00e3 LED. Envio r\u00e1pido para a UE, stock limitado!","og_url":"https:\/\/fizzyvape.eu\/pt-pt\/produto\/fizzy-max-iii-6-em-1-60000-puffs-vape-descartavel-todos-os-sabores-10pcs\/","og_site_name":"fizzyvape.eu","og_image":[{"width":800,"height":800,"url":"https:\/\/fizzyvape.eu\/wp-content\/uploads\/2025\/08\/Fizzy-max-60K-60000-Puffs-Disposable-Vape-3.webp","type":"image\/webp"}],"twitter_card":"summary_large_image","twitter_misc":{"Disponibilidade":"Esgotado"},"schema":{"@context":"https:\/\/schema.org","@graph":[{"@type":"WebPage","@id":"https:\/\/fizzyvape.eu\/pt-pt\/produto\/fizzy-max-iii-6-em-1-60000-puffs-vape-descartavel-todos-os-sabores-10pcs\/","url":"https:\/\/fizzyvape.eu\/pt-pt\/produto\/fizzy-max-iii-6-em-1-60000-puffs-vape-descartavel-todos-os-sabores-10pcs\/","name":"Fizzy Max 60000 Puffs - Vape descart\u00e1vel 6 em 1 | Melhor neg\u00f3cio da UE","isPartOf":{"@id":"https:\/\/www.fizzyvape.eu\/pt-pt\/#website"},"primaryImageOfPage":{"@id":"https:\/\/fizzyvape.eu\/pt-pt\/produto\/fizzy-max-iii-6-em-1-60000-puffs-vape-descartavel-todos-os-sabores-10pcs\/#primaryimage"},"image":{"@id":"https:\/\/fizzyvape.eu\/pt-pt\/produto\/fizzy-max-iii-6-em-1-60000-puffs-vape-descartavel-todos-os-sabores-10pcs\/#primaryimage"},"thumbnailUrl":"https:\/\/fizzyvape.eu\/wp-content\/uploads\/2025\/08\/Fizzy-max-60K-60000-Puffs-Disposable-Vape-40-1.webp","datePublished":"2025-08-29T06:50:08+00:00","description":"Compra Fizzy Max 60000 Puffs (60k Puffs) agora! 6 sabores num s\u00f3 aparelho, 60k baforadas, recarreg\u00e1vel com ecr\u00e3 LED. Envio r\u00e1pido para a UE, stock limitado!","breadcrumb":{"@id":"https:\/\/fizzyvape.eu\/pt-pt\/produto\/fizzy-max-iii-6-em-1-60000-puffs-vape-descartavel-todos-os-sabores-10pcs\/#breadcrumb"},"inLanguage":"pt-PT","potentialAction":[{"@type":"ReadAction","target":["https:\/\/fizzyvape.eu\/pt-pt\/produto\/fizzy-max-iii-6-em-1-60000-puffs-vape-descartavel-todos-os-sabores-10pcs\/"]}]},{"@type":"ImageObject","inLanguage":"pt-PT","@id":"https:\/\/fizzyvape.eu\/pt-pt\/produto\/fizzy-max-iii-6-em-1-60000-puffs-vape-descartavel-todos-os-sabores-10pcs\/#primaryimage","url":"https:\/\/fizzyvape.eu\/wp-content\/uploads\/2025\/08\/Fizzy-max-60K-60000-Puffs-Disposable-Vape-40-1.webp","contentUrl":"https:\/\/fizzyvape.eu\/wp-content\/uploads\/2025\/08\/Fizzy-max-60K-60000-Puffs-Disposable-Vape-40-1.webp","width":800,"height":800},{"@type":"BreadcrumbList","@id":"https:\/\/fizzyvape.eu\/pt-pt\/produto\/fizzy-max-iii-6-em-1-60000-puffs-vape-descartavel-todos-os-sabores-10pcs\/#breadcrumb","itemListElement":[{"@type":"ListItem","position":1,"name":"Home","item":"https:\/\/fizzyvape.eu\/pt-pt\/"},{"@type":"ListItem","position":2,"name":"Shop","item":"https:\/\/www.fizzyvape.eu\/pt-pt\/shop\/"},{"@type":"ListItem","position":3,"name":"Fizzy Max III 6-em-1 60000 Puffs Vape descart\u00e1vel (Todos os sabores) &#8211; 10pcs"}]},{"@type":"WebSite","@id":"https:\/\/www.fizzyvape.eu\/pt-pt\/#website","url":"https:\/\/www.fizzyvape.eu\/pt-pt\/","name":"fizzyvape.eu","description":"Refreshing Vapes. Unforgettable Taste.","publisher":{"@id":"https:\/\/www.fizzyvape.eu\/pt-pt\/#organization"},"potentialAction":[{"@type":"SearchAction","target":{"@type":"EntryPoint","urlTemplate":"https:\/\/www.fizzyvape.eu\/pt-pt\/?s={search_term_string}"},"query-input":{"@type":"PropertyValueSpecification","valueRequired":true,"valueName":"search_term_string"}}],"inLanguage":"pt-PT"},{"@type":"Organization","@id":"https:\/\/www.fizzyvape.eu\/pt-pt\/#organization","name":"fizzyvape.eu","url":"https:\/\/www.fizzyvape.eu\/pt-pt\/","logo":{"@type":"ImageObject","inLanguage":"pt-PT","@id":"https:\/\/www.fizzyvape.eu\/pt-pt\/#\/schema\/logo\/image\/","url":"https:\/\/fizzyvape.eu\/wp-content\/uploads\/2019\/06\/print-1.svg","contentUrl":"https:\/\/fizzyvape.eu\/wp-content\/uploads\/2019\/06\/print-1.svg","width":124,"height":37,"caption":"fizzyvape.eu"},"image":{"@id":"https:\/\/www.fizzyvape.eu\/pt-pt\/#\/schema\/logo\/image\/"}}]},"og_availability":"out of stock","product_availability":"out of stock","product_condition":"new"},"tiered_pricing_type":"fixed","tiered_pricing_fixed_rules":[],"tiered_pricing_product_settings":{"layout":"default","base_unit_name":{"singular":null,"plural":null},"default_variation":null},"tiered_pricing_minimum_quantity":null,"tiered_pricing_roles_data":[],"tiered_pricing_percentage_rules":[],"tiered_pricing_maximum_quantity":null,"tiered_pricing_quantity_step":null,"_links":{"self":[{"href":"https:\/\/fizzyvape.eu\/pt-pt\/wp-json\/wp\/v2\/product\/35376","targetHints":{"allow":["GET"]}}],"collection":[{"href":"https:\/\/fizzyvape.eu\/pt-pt\/wp-json\/wp\/v2\/product"}],"about":[{"href":"https:\/\/fizzyvape.eu\/pt-pt\/wp-json\/wp\/v2\/types\/product"}],"replies":[{"embeddable":true,"href":"https:\/\/fizzyvape.eu\/pt-pt\/wp-json\/wp\/v2\/comments?post=35376"}],"version-history":[{"count":0,"href":"https:\/\/fizzyvape.eu\/pt-pt\/wp-json\/wp\/v2\/product\/35376\/revisions"}],"wp:featuredmedia":[{"embeddable":true,"href":"https:\/\/fizzyvape.eu\/pt-pt\/wp-json\/wp\/v2\/media\/33882"}],"wp:attachment":[{"href":"https:\/\/fizzyvape.eu\/pt-pt\/wp-json\/wp\/v2\/media?parent=35376"}],"wp:term":[{"taxonomy":"product_brand","embeddable":true,"href":"https:\/\/fizzyvape.eu\/pt-pt\/wp-json\/wp\/v2\/product_brand?post=35376"},{"taxonomy":"product_cat","embeddable":true,"href":"https:\/\/fizzyvape.eu\/pt-pt\/wp-json\/wp\/v2\/product_cat?post=35376"},{"taxonomy":"product_tag","embeddable":true,"href":"https:\/\/fizzyvape.eu\/pt-pt\/wp-json\/wp\/v2\/product_tag?post=35376"}],"curies":[{"name":"wp","href":"https:\/\/api.w.org\/{rel}","templated":true}]}}