{"id":36731,"date":"2025-11-24T15:50:11","date_gmt":"2025-11-24T07:50:11","guid":{"rendered":"https:\/\/fizzyvape.eu\/product\/fizzy-twins-50000-puffs-sabor-duplo\/"},"modified":"2025-12-04T15:36:21","modified_gmt":"2025-12-04T07:36:21","slug":"fizzy-twins-50000-puffs-sabor-duplo","status":"publish","type":"product","link":"https:\/\/fizzyvape.eu\/pt-pt\/produto\/fizzy-twins-50000-puffs-sabor-duplo\/","title":{"rendered":"Fizzy Twins 50000 Puffs Sabor Duplo"},"content":{"rendered":"<div style=\"width: 1280px;\" class=\"wp-video\"><!--[if lt IE 9]><script>document.createElement('video');<\/script><![endif]-->\n<video class=\"wp-video-shortcode\" id=\"video-36731-1\" width=\"1280\" height=\"720\" preload=\"metadata\" controls=\"controls\"><source type=\"video\/mp4\" src=\"https:\/\/fizzyvape.eu\/wp-content\/uploads\/2025\/08\/Fizzy-Twins-50000-Puffs-Disposable-Vape.mp4?_=1\" \/><a href=\"https:\/\/fizzyvape.eu\/wp-content\/uploads\/2025\/08\/Fizzy-Twins-50000-Puffs-Disposable-Vape.mp4\">https:\/\/fizzyvape.eu\/wp-content\/uploads\/2025\/08\/Fizzy-Twins-50000-Puffs-Disposable-Vape.mp4<\/a><\/video><\/div>\n<h1>Fizzy Twins 50000 Puffs &#8211; Vape descart\u00e1vel recarreg\u00e1vel de duplo sabor<\/h1>\n<p>O <strong>Fizzy Twins 50000 Puffs<\/strong> (tamb\u00e9m conhecido como <strong>Fizzy Twins 50K<\/strong>) proporciona uma experi\u00eancia inovadora com a sua <strong>tecnologia de comuta\u00e7\u00e3o de dois<\/strong> sabores, permitindo-te desfrutar de dois sabores distintos num \u00fanico dispositivo vape. Se gostas de variedade de sabores sem teres de transportar v\u00e1rios descart\u00e1veis, esta \u00e9 a escolha perfeita.<\/p>\n<p>Concebido para os vapers que exigem um desempenho duradouro, o Fizzy Twins oferece <strong>at\u00e9 50.000 baforadas<\/strong>, uma <strong>bateria recarreg\u00e1vel Tipo C<\/strong> e uma <strong>avan\u00e7ada bobina de aquecimento em malha<\/strong> para um vapor suave, um sabor rico e uma poderosa produ\u00e7\u00e3o de nuvens. \u00c9 um dispositivo fi\u00e1vel e de alta capacidade, concebido tanto para os amantes do sabor como para os utilizadores mais exigentes.<\/p>\n<h3>Carater\u00edsticas principais<\/h3>\n<p>\ud83d\udd39 <strong>Sistema de comuta\u00e7\u00e3o de sabor duplo<\/strong><\/p>\n<p>Alterna instantaneamente entre dois sabores premium com um simples toque.<br \/>\nDois sabores. Um dispositivo. Sem complica\u00e7\u00f5es.<\/p>\n<p><strong>At\u00e9 50.000 baforadas<\/strong><\/p>\n<p>Concebido para resist\u00eancia e utiliza\u00e7\u00e3o a longo prazo.<br \/>\nPerfeito para utilizadores que necessitam de um dispositivo que dure semanas.<\/p>\n<p>\ud83d\udd39 <strong>Recarreg\u00e1vel tipo C<\/strong><\/p>\n<p>Amigo do ambiente e econ\u00f3mico.<br \/>\nCarrega rapidamente e desfruta de um desempenho consistente.<\/p>\n<p><strong>Tecnologia de bobina de malha premium<\/strong><\/p>\n<p>Oferece um sabor rico, vapor suave e nuvens densas.<br \/>\nCada tragada \u00e9 limpa, ousada e satisfat\u00f3ria.<\/p>\n<p><strong>100% aut\u00eantico Fizzy Vape<\/strong><\/p>\n<p>Todos os produtos s\u00e3o originais e enviados a partir do nosso armaz\u00e9m na China para uma entrega mais r\u00e1pida e a melhor garantia de qualidade.<\/p>\n<h3>A quem se destina?<\/h3>\n<ul>\n<li>Vapers que querem v\u00e1rios sabores sem ter de transportar v\u00e1rios dispositivos<\/li>\n<li>Para quem necessita de <strong>uma capacidade de inje\u00e7\u00e3o ultra elevada<\/strong> para uma utiliza\u00e7\u00e3o a longo prazo<\/li>\n<li>Quem procura um vape descart\u00e1vel recarreg\u00e1vel e sem complica\u00e7\u00f5es<\/li>\n<\/ul>\n<p><img decoding=\"async\" class=\"alignnone wp-image-36215 size-full\" src=\"https:\/\/fizzyvape.eu\/wp-content\/uploads\/2025\/08\/Fizzy-Twins-50000-Puffs-Disposable-Vape-Flavors.jpg\" alt=\"Fizzy Twins 50000 Puffs Sabores Vape Descart\u00e1veis\" width=\"1920\" height=\"1920\" srcset=\"https:\/\/fizzyvape.eu\/wp-content\/uploads\/2025\/08\/Fizzy-Twins-50000-Puffs-Disposable-Vape-Flavors.jpg 1920w, https:\/\/fizzyvape.eu\/wp-content\/uploads\/2025\/08\/Fizzy-Twins-50000-Puffs-Disposable-Vape-Flavors-300x300.jpg 300w, https:\/\/fizzyvape.eu\/wp-content\/uploads\/2025\/08\/Fizzy-Twins-50000-Puffs-Disposable-Vape-Flavors-800x800.jpg 800w, https:\/\/fizzyvape.eu\/wp-content\/uploads\/2025\/08\/Fizzy-Twins-50000-Puffs-Disposable-Vape-Flavors-150x150.jpg 150w, https:\/\/fizzyvape.eu\/wp-content\/uploads\/2025\/08\/Fizzy-Twins-50000-Puffs-Disposable-Vape-Flavors-768x768.jpg 768w, https:\/\/fizzyvape.eu\/wp-content\/uploads\/2025\/08\/Fizzy-Twins-50000-Puffs-Disposable-Vape-Flavors-1536x1536.jpg 1536w, https:\/\/fizzyvape.eu\/wp-content\/uploads\/2025\/08\/Fizzy-Twins-50000-Puffs-Disposable-Vape-Flavors-430x430.jpg 430w, https:\/\/fizzyvape.eu\/wp-content\/uploads\/2025\/08\/Fizzy-Twins-50000-Puffs-Disposable-Vape-Flavors-700x700.jpg 700w\" sizes=\"(max-width: 1920px) 100vw, 1920px\" \/><\/p>\n<h3>Lista de sabores dos <strong>Fizzy Twins <\/strong>50000 Puffs:<\/h3>\n<ol>\n<li><a href=\"https:\/\/fizzyvape.eu\/pt-pt\/produto\/fizzy-twins-melancia-ice-morango-kiwi-50000-puffs-10pcs\/\">Melancia Ice &amp; Morango Kiwi<\/a><\/li>\n<li><a href=\"https:\/\/fizzyvape.eu\/pt-pt\/produto\/fizzy-twins-morango-kiwi-roma-red-bull-50000-pastilhas-10pcs\/\">Morango, Kiwi, Rom\u00e3 e Red Bull<\/a><\/li>\n<li><a href=\"https:\/\/fizzyvape.eu\/pt-pt\/produto\/fizzy-twins-blueberry-coconut-grape-ice-50000-puffs-10pcs\/\">Gelo de mirtilo, coco e uva<\/a><\/li>\n<li><a href=\"https:\/\/fizzyvape.eu\/pt-pt\/produto\/fizzy-twins-blue-razz-limonada-triple-melon-50000-puffs-10pcs\/\">Limonada Blue Razz e Mel\u00e3o Triplo<\/a><\/li>\n<li><a href=\"https:\/\/fizzyvape.eu\/pt-pt\/produto\/fizzy-twins-morango-melancia-e-mirtilo-ice-50000-puffs-10pcs\/\">Gelado de morango, melancia e mirtilo<\/a><\/li>\n<li><a href=\"https:\/\/fizzyvape.eu\/pt-pt\/produto\/fizzy-twins-pessego-manga-melancia-morango-banana-50000-puffs-10pcs\/\">P\u00eassego, Manga, Melancia e Morango, Banana<\/a><\/li>\n<li><a href=\"https:\/\/fizzyvape.eu\/pt-pt\/produto\/fizzy-twins-framboesa-melancia-kiwi-maracuja-goiaba-50000-puffs-10pcs\/\">Framboesa Melancia e Kiwi Maracuj\u00e1 Goiaba<\/a><\/li>\n<li><a href=\"https:\/\/fizzyvape.eu\/pt-pt\/produto\/fizzy-twins-ananas-pessego-maracuja-mirtilo-framboesa-50000-puffs-10pcs\/\">Anan\u00e1s P\u00eassego Maracuj\u00e1 e mirtilo Framboesa<\/a><\/li>\n<li><a href=\"https:\/\/fizzyvape.eu\/pt-pt\/produto\/fizzy-twins-melancia-ice-lima-limao-50000-puffs-10pcs\/\">Gelo de melancia e lima-lim\u00e3o<\/a><\/li>\n<li><a href=\"https:\/\/fizzyvape.eu\/pt-pt\/produto\/fizzy-twins-gelado-bagas-mistas-e-pessego-50000-puffs-10pcs\/\">Gelado de frutos silvestres e p\u00eassego<\/a><\/li>\n<li><a href=\"https:\/\/fizzyvape.eu\/pt-pt\/produto\/fizzy-twins-morango-gelado-cereja-gelada-50000-puffs-10pcs\/\">Gelo de morango e cereja com g\u00e1s<\/a><\/li>\n<li><a href=\"https:\/\/fizzyvape.eu\/pt-pt\/produto\/fizzy-twins-limonada-de-framboesa-e-gelo-de-morango-50000-puffs-10pcs\/\">Limonada de framboesa e gelo de morango<\/a><\/li>\n<li>Cola com g\u00e1s e gelo de melancia<\/li>\n<li>Amor 66 e rebu\u00e7ados de morango e framboesa<\/li>\n<li>Pastilhas el\u00e1sticas Red Bull Morango e Melancia<\/li>\n<\/ol>\n<h2><strong>Porqu\u00ea escolher Fizzy Twins 50000 Puffs?<\/strong><\/h2>\n<ul>\n<li>Dois sabores diferentes num s\u00f3 dispositivo<\/li>\n<li>Capacidade de sopro extremamente elevada<\/li>\n<li>Recarreg\u00e1vel e de longa dura\u00e7\u00e3o<\/li>\n<li>Envio r\u00e1pido para a UE e 100% genu\u00edno<\/li>\n<li>Equil\u00edbrio perfeito entre variedade de sabores e conveni\u00eancia<\/li>\n<\/ul>\n<p>Quer sejas um explorador de sabores ou um vaper di\u00e1rio, este dispositivo oferece um valor imbat\u00edvel.<\/p>\n<h2>\ud83d\ude4b\u200d\u2642\ufe0f <strong>FAQ<\/strong><\/h2>\n<p><strong>P: Quanto tempo duram os Fizzy Twins 50000 Puffs?<\/strong><br \/>\nR: At\u00e9 50.000 baforadas, que normalmente duram v\u00e1rias semanas, dependendo da tua utiliza\u00e7\u00e3o.<\/p>\n<p><strong>P: \u00c9 recarreg\u00e1vel?<\/strong><br \/>\nR: Sim, inclui uma porta de carregamento Tipo C para prolongar a sua vida \u00fatil.<\/p>\n<p><strong>P: \u00c9 aut\u00eantico?<\/strong><br \/>\nR: Podes crer. Todos os produtos Fizzy Vape que vendemos s\u00e3o 100% genu\u00ednos e enviados do nosso armaz\u00e9m na China.<\/p>\n<p>&nbsp;<\/p>\n","protected":false},"excerpt":{"rendered":"[html_block id=\"37680\"]\n","protected":false},"featured_media":29445,"comment_status":"open","ping_status":"closed","template":"","meta":{"iawp_total_views":8},"product_brand":[],"product_cat":[832,959],"product_tag":[],"class_list":{"0":"post-36731","1":"product","2":"type-product","3":"status-publish","4":"has-post-thumbnail","6":"product_cat-armazem-da-china","7":"product_cat-hot-selling-vape-pt-pt","9":"first","10":"outofstock","11":"shipping-taxable","12":"purchasable","13":"product-type-variable"},"yoast_head":"<!-- This site is optimized with the Yoast SEO Premium plugin v24.8 (Yoast SEO v27.4) - https:\/\/yoast.com\/product\/yoast-seo-premium-wordpress\/ -->\n<title>Fizzy Twins 50000 Puffs - Vape recarreg\u00e1vel de dois sabores<\/title>\n<meta name=\"description\" content=\"Descobre o vape descart\u00e1vel de dois sabores Fizzy Twins 50000 Puffs. 2 sabores em 1, 50K puffs, bobina de malha, recarreg\u00e1vel tipo C, 100% aut\u00eantico.\" \/>\n<meta name=\"robots\" content=\"index, follow, max-snippet:-1, max-image-preview:large, max-video-preview:-1\" \/>\n<link rel=\"canonical\" href=\"https:\/\/fizzyvape.eu\/pt-pt\/produto\/fizzy-twins-50000-puffs-sabor-duplo\/\" \/>\n<meta property=\"og:locale\" content=\"pt_PT\" \/>\n<meta property=\"og:type\" content=\"article\" \/>\n<meta property=\"og:title\" content=\"Fizzy Twins 50000 Puffs Sabor Duplo\" \/>\n<meta property=\"og:description\" content=\"Descobre o vape descart\u00e1vel de dois sabores Fizzy Twins 50000 Puffs. 2 sabores em 1, 50K puffs, bobina de malha, recarreg\u00e1vel tipo C, 100% aut\u00eantico.\" \/>\n<meta property=\"og:url\" content=\"https:\/\/fizzyvape.eu\/pt-pt\/produto\/fizzy-twins-50000-puffs-sabor-duplo\/\" \/>\n<meta property=\"og:site_name\" content=\"fizzyvape.eu\" \/>\n<meta property=\"article:modified_time\" content=\"2025-12-04T07:36:21+00:00\" \/>\n<meta property=\"og:image\" content=\"https:\/\/fizzyvape.eu\/wp-content\/uploads\/2025\/04\/Fizzy-Twins-50000Puffs-34.webp\" \/>\n\t<meta property=\"og:image:width\" content=\"800\" \/>\n\t<meta property=\"og:image:height\" content=\"800\" \/>\n\t<meta property=\"og:image:type\" content=\"image\/webp\" \/>\n<meta name=\"twitter:card\" content=\"summary_large_image\" \/>\n<meta name=\"twitter:label1\" content=\"Disponibilidade\" \/>\n\t<meta name=\"twitter:data1\" content=\"Esgotado\" \/>\n<script type=\"application\/ld+json\" class=\"yoast-schema-graph\">{\"@context\":\"https:\\\/\\\/schema.org\",\"@graph\":[{\"@type\":\"WebPage\",\"@id\":\"https:\\\/\\\/fizzyvape.eu\\\/pt-pt\\\/produto\\\/fizzy-twins-50000-puffs-sabor-duplo\\\/\",\"url\":\"https:\\\/\\\/fizzyvape.eu\\\/pt-pt\\\/produto\\\/fizzy-twins-50000-puffs-sabor-duplo\\\/\",\"name\":\"Fizzy Twins 50000 Puffs - Vape recarreg\u00e1vel de dois sabores\",\"isPartOf\":{\"@id\":\"https:\\\/\\\/www.fizzyvape.eu\\\/pt-pt\\\/#website\"},\"primaryImageOfPage\":{\"@id\":\"https:\\\/\\\/fizzyvape.eu\\\/pt-pt\\\/produto\\\/fizzy-twins-50000-puffs-sabor-duplo\\\/#primaryimage\"},\"image\":{\"@id\":\"https:\\\/\\\/fizzyvape.eu\\\/pt-pt\\\/produto\\\/fizzy-twins-50000-puffs-sabor-duplo\\\/#primaryimage\"},\"thumbnailUrl\":\"https:\\\/\\\/fizzyvape.eu\\\/wp-content\\\/uploads\\\/2025\\\/04\\\/Fizzy-Twins-50000Puffs-34.webp\",\"datePublished\":\"2025-11-24T07:50:11+00:00\",\"dateModified\":\"2025-12-04T07:36:21+00:00\",\"description\":\"Descobre o vape descart\u00e1vel de dois sabores Fizzy Twins 50000 Puffs. 2 sabores em 1, 50K puffs, bobina de malha, recarreg\u00e1vel tipo C, 100% aut\u00eantico.\",\"breadcrumb\":{\"@id\":\"https:\\\/\\\/fizzyvape.eu\\\/pt-pt\\\/produto\\\/fizzy-twins-50000-puffs-sabor-duplo\\\/#breadcrumb\"},\"inLanguage\":\"pt-PT\",\"potentialAction\":[{\"@type\":\"ReadAction\",\"target\":[\"https:\\\/\\\/fizzyvape.eu\\\/pt-pt\\\/produto\\\/fizzy-twins-50000-puffs-sabor-duplo\\\/\"]}]},{\"@type\":\"ImageObject\",\"inLanguage\":\"pt-PT\",\"@id\":\"https:\\\/\\\/fizzyvape.eu\\\/pt-pt\\\/produto\\\/fizzy-twins-50000-puffs-sabor-duplo\\\/#primaryimage\",\"url\":\"https:\\\/\\\/fizzyvape.eu\\\/wp-content\\\/uploads\\\/2025\\\/04\\\/Fizzy-Twins-50000Puffs-34.webp\",\"contentUrl\":\"https:\\\/\\\/fizzyvape.eu\\\/wp-content\\\/uploads\\\/2025\\\/04\\\/Fizzy-Twins-50000Puffs-34.webp\",\"width\":800,\"height\":800,\"caption\":\"Fizzy Twins 50000 Puffs Vape descart\u00e1vel\"},{\"@type\":\"BreadcrumbList\",\"@id\":\"https:\\\/\\\/fizzyvape.eu\\\/pt-pt\\\/produto\\\/fizzy-twins-50000-puffs-sabor-duplo\\\/#breadcrumb\",\"itemListElement\":[{\"@type\":\"ListItem\",\"position\":1,\"name\":\"Home\",\"item\":\"https:\\\/\\\/fizzyvape.eu\\\/pt-pt\\\/\"},{\"@type\":\"ListItem\",\"position\":2,\"name\":\"Shop\",\"item\":\"https:\\\/\\\/www.fizzyvape.eu\\\/pt-pt\\\/shop\\\/\"},{\"@type\":\"ListItem\",\"position\":3,\"name\":\"Fizzy Twins 50000 Puffs Sabor Duplo\"}]},{\"@type\":\"WebSite\",\"@id\":\"https:\\\/\\\/www.fizzyvape.eu\\\/pt-pt\\\/#website\",\"url\":\"https:\\\/\\\/www.fizzyvape.eu\\\/pt-pt\\\/\",\"name\":\"fizzyvape.eu\",\"description\":\"Refreshing Vapes. Unforgettable Taste.\",\"publisher\":{\"@id\":\"https:\\\/\\\/www.fizzyvape.eu\\\/pt-pt\\\/#organization\"},\"potentialAction\":[{\"@type\":\"SearchAction\",\"target\":{\"@type\":\"EntryPoint\",\"urlTemplate\":\"https:\\\/\\\/www.fizzyvape.eu\\\/pt-pt\\\/?s={search_term_string}\"},\"query-input\":{\"@type\":\"PropertyValueSpecification\",\"valueRequired\":true,\"valueName\":\"search_term_string\"}}],\"inLanguage\":\"pt-PT\"},{\"@type\":\"Organization\",\"@id\":\"https:\\\/\\\/www.fizzyvape.eu\\\/pt-pt\\\/#organization\",\"name\":\"fizzyvape.eu\",\"url\":\"https:\\\/\\\/www.fizzyvape.eu\\\/pt-pt\\\/\",\"logo\":{\"@type\":\"ImageObject\",\"inLanguage\":\"pt-PT\",\"@id\":\"https:\\\/\\\/www.fizzyvape.eu\\\/pt-pt\\\/#\\\/schema\\\/logo\\\/image\\\/\",\"url\":\"https:\\\/\\\/fizzyvape.eu\\\/wp-content\\\/uploads\\\/2019\\\/06\\\/print-1.svg\",\"contentUrl\":\"https:\\\/\\\/fizzyvape.eu\\\/wp-content\\\/uploads\\\/2019\\\/06\\\/print-1.svg\",\"width\":124,\"height\":37,\"caption\":\"fizzyvape.eu\"},\"image\":{\"@id\":\"https:\\\/\\\/www.fizzyvape.eu\\\/pt-pt\\\/#\\\/schema\\\/logo\\\/image\\\/\"}}]}<\/script>\n<meta property=\"og:availability\" content=\"out of stock\" \/>\n<meta property=\"product:availability\" content=\"out of stock\" \/>\n<meta property=\"product:condition\" content=\"new\" \/>\n<!-- \/ Yoast SEO Premium plugin. -->","yoast_head_json":{"title":"Fizzy Twins 50000 Puffs - Vape recarreg\u00e1vel de dois sabores","description":"Descobre o vape descart\u00e1vel de dois sabores Fizzy Twins 50000 Puffs. 2 sabores em 1, 50K puffs, bobina de malha, recarreg\u00e1vel tipo C, 100% aut\u00eantico.","robots":{"index":"index","follow":"follow","max-snippet":"max-snippet:-1","max-image-preview":"max-image-preview:large","max-video-preview":"max-video-preview:-1"},"canonical":"https:\/\/fizzyvape.eu\/pt-pt\/produto\/fizzy-twins-50000-puffs-sabor-duplo\/","og_locale":"pt_PT","og_type":"article","og_title":"Fizzy Twins 50000 Puffs Sabor Duplo","og_description":"Descobre o vape descart\u00e1vel de dois sabores Fizzy Twins 50000 Puffs. 2 sabores em 1, 50K puffs, bobina de malha, recarreg\u00e1vel tipo C, 100% aut\u00eantico.","og_url":"https:\/\/fizzyvape.eu\/pt-pt\/produto\/fizzy-twins-50000-puffs-sabor-duplo\/","og_site_name":"fizzyvape.eu","article_modified_time":"2025-12-04T07:36:21+00:00","og_image":[{"width":800,"height":800,"url":"https:\/\/fizzyvape.eu\/wp-content\/uploads\/2025\/04\/Fizzy-Twins-50000Puffs-34.webp","type":"image\/webp"}],"twitter_card":"summary_large_image","twitter_misc":{"Disponibilidade":"Esgotado"},"schema":{"@context":"https:\/\/schema.org","@graph":[{"@type":"WebPage","@id":"https:\/\/fizzyvape.eu\/pt-pt\/produto\/fizzy-twins-50000-puffs-sabor-duplo\/","url":"https:\/\/fizzyvape.eu\/pt-pt\/produto\/fizzy-twins-50000-puffs-sabor-duplo\/","name":"Fizzy Twins 50000 Puffs - Vape recarreg\u00e1vel de dois sabores","isPartOf":{"@id":"https:\/\/www.fizzyvape.eu\/pt-pt\/#website"},"primaryImageOfPage":{"@id":"https:\/\/fizzyvape.eu\/pt-pt\/produto\/fizzy-twins-50000-puffs-sabor-duplo\/#primaryimage"},"image":{"@id":"https:\/\/fizzyvape.eu\/pt-pt\/produto\/fizzy-twins-50000-puffs-sabor-duplo\/#primaryimage"},"thumbnailUrl":"https:\/\/fizzyvape.eu\/wp-content\/uploads\/2025\/04\/Fizzy-Twins-50000Puffs-34.webp","datePublished":"2025-11-24T07:50:11+00:00","dateModified":"2025-12-04T07:36:21+00:00","description":"Descobre o vape descart\u00e1vel de dois sabores Fizzy Twins 50000 Puffs. 2 sabores em 1, 50K puffs, bobina de malha, recarreg\u00e1vel tipo C, 100% aut\u00eantico.","breadcrumb":{"@id":"https:\/\/fizzyvape.eu\/pt-pt\/produto\/fizzy-twins-50000-puffs-sabor-duplo\/#breadcrumb"},"inLanguage":"pt-PT","potentialAction":[{"@type":"ReadAction","target":["https:\/\/fizzyvape.eu\/pt-pt\/produto\/fizzy-twins-50000-puffs-sabor-duplo\/"]}]},{"@type":"ImageObject","inLanguage":"pt-PT","@id":"https:\/\/fizzyvape.eu\/pt-pt\/produto\/fizzy-twins-50000-puffs-sabor-duplo\/#primaryimage","url":"https:\/\/fizzyvape.eu\/wp-content\/uploads\/2025\/04\/Fizzy-Twins-50000Puffs-34.webp","contentUrl":"https:\/\/fizzyvape.eu\/wp-content\/uploads\/2025\/04\/Fizzy-Twins-50000Puffs-34.webp","width":800,"height":800,"caption":"Fizzy Twins 50000 Puffs Vape descart\u00e1vel"},{"@type":"BreadcrumbList","@id":"https:\/\/fizzyvape.eu\/pt-pt\/produto\/fizzy-twins-50000-puffs-sabor-duplo\/#breadcrumb","itemListElement":[{"@type":"ListItem","position":1,"name":"Home","item":"https:\/\/fizzyvape.eu\/pt-pt\/"},{"@type":"ListItem","position":2,"name":"Shop","item":"https:\/\/www.fizzyvape.eu\/pt-pt\/shop\/"},{"@type":"ListItem","position":3,"name":"Fizzy Twins 50000 Puffs Sabor Duplo"}]},{"@type":"WebSite","@id":"https:\/\/www.fizzyvape.eu\/pt-pt\/#website","url":"https:\/\/www.fizzyvape.eu\/pt-pt\/","name":"fizzyvape.eu","description":"Refreshing Vapes. Unforgettable Taste.","publisher":{"@id":"https:\/\/www.fizzyvape.eu\/pt-pt\/#organization"},"potentialAction":[{"@type":"SearchAction","target":{"@type":"EntryPoint","urlTemplate":"https:\/\/www.fizzyvape.eu\/pt-pt\/?s={search_term_string}"},"query-input":{"@type":"PropertyValueSpecification","valueRequired":true,"valueName":"search_term_string"}}],"inLanguage":"pt-PT"},{"@type":"Organization","@id":"https:\/\/www.fizzyvape.eu\/pt-pt\/#organization","name":"fizzyvape.eu","url":"https:\/\/www.fizzyvape.eu\/pt-pt\/","logo":{"@type":"ImageObject","inLanguage":"pt-PT","@id":"https:\/\/www.fizzyvape.eu\/pt-pt\/#\/schema\/logo\/image\/","url":"https:\/\/fizzyvape.eu\/wp-content\/uploads\/2019\/06\/print-1.svg","contentUrl":"https:\/\/fizzyvape.eu\/wp-content\/uploads\/2019\/06\/print-1.svg","width":124,"height":37,"caption":"fizzyvape.eu"},"image":{"@id":"https:\/\/www.fizzyvape.eu\/pt-pt\/#\/schema\/logo\/image\/"}}]},"og_availability":"out of stock","product_availability":"out of stock","product_condition":"new"},"tiered_pricing_type":"fixed","tiered_pricing_fixed_rules":[],"tiered_pricing_product_settings":{"layout":"default","base_unit_name":{"singular":null,"plural":null},"default_variation":null},"tiered_pricing_minimum_quantity":null,"tiered_pricing_roles_data":[],"tiered_pricing_percentage_rules":[],"tiered_pricing_maximum_quantity":null,"tiered_pricing_quantity_step":null,"_links":{"self":[{"href":"https:\/\/fizzyvape.eu\/pt-pt\/wp-json\/wp\/v2\/product\/36731","targetHints":{"allow":["GET"]}}],"collection":[{"href":"https:\/\/fizzyvape.eu\/pt-pt\/wp-json\/wp\/v2\/product"}],"about":[{"href":"https:\/\/fizzyvape.eu\/pt-pt\/wp-json\/wp\/v2\/types\/product"}],"replies":[{"embeddable":true,"href":"https:\/\/fizzyvape.eu\/pt-pt\/wp-json\/wp\/v2\/comments?post=36731"}],"version-history":[{"count":2,"href":"https:\/\/fizzyvape.eu\/pt-pt\/wp-json\/wp\/v2\/product\/36731\/revisions"}],"predecessor-version":[{"id":37748,"href":"https:\/\/fizzyvape.eu\/pt-pt\/wp-json\/wp\/v2\/product\/36731\/revisions\/37748"}],"wp:featuredmedia":[{"embeddable":true,"href":"https:\/\/fizzyvape.eu\/pt-pt\/wp-json\/wp\/v2\/media\/29445"}],"wp:attachment":[{"href":"https:\/\/fizzyvape.eu\/pt-pt\/wp-json\/wp\/v2\/media?parent=36731"}],"wp:term":[{"taxonomy":"product_brand","embeddable":true,"href":"https:\/\/fizzyvape.eu\/pt-pt\/wp-json\/wp\/v2\/product_brand?post=36731"},{"taxonomy":"product_cat","embeddable":true,"href":"https:\/\/fizzyvape.eu\/pt-pt\/wp-json\/wp\/v2\/product_cat?post=36731"},{"taxonomy":"product_tag","embeddable":true,"href":"https:\/\/fizzyvape.eu\/pt-pt\/wp-json\/wp\/v2\/product_tag?post=36731"}],"curies":[{"name":"wp","href":"https:\/\/api.w.org\/{rel}","templated":true}]}}