{"id":38989,"date":"2026-01-19T17:43:54","date_gmt":"2026-01-19T09:43:54","guid":{"rendered":"https:\/\/fizzyvape.eu\/product\/150k-puffs-gelado-de-morango-e-kiwi-maracuja-goiaba-e-pessego-manga-melancia-e-uva\/"},"modified":"2026-01-19T17:43:54","modified_gmt":"2026-01-19T09:43:54","slug":"150k-puffs-gelado-de-morango-e-kiwi-maracuja-goiaba-e-pessego-manga-melancia-e-uva","status":"publish","type":"product","link":"https:\/\/fizzyvape.eu\/pt-pt\/produto\/150k-puffs-gelado-de-morango-e-kiwi-maracuja-goiaba-e-pessego-manga-melancia-e-uva\/","title":{"rendered":"150K Puffs &#8211; Gelado de Morango e Kiwi Maracuj\u00e1 Goiaba e P\u00eassego Manga Melancia e Uva"},"content":{"rendered":"<p><img decoding=\"async\" class=\"aligncenter wp-image-38932 size-large\" src=\"https:\/\/fizzyvape.eu\/wp-content\/uploads\/2026\/01\/Fizzy-15-in-1-150K-Puffs-Rechargeable-Disposable-Vape-Flavors-2-2-800x800.jpg\" alt=\"\" width=\"800\" height=\"800\" srcset=\"https:\/\/fizzyvape.eu\/wp-content\/uploads\/2026\/01\/Fizzy-15-in-1-150K-Puffs-Rechargeable-Disposable-Vape-Flavors-2-2-800x800.jpg 800w, https:\/\/fizzyvape.eu\/wp-content\/uploads\/2026\/01\/Fizzy-15-in-1-150K-Puffs-Rechargeable-Disposable-Vape-Flavors-2-2-300x300.jpg 300w, https:\/\/fizzyvape.eu\/wp-content\/uploads\/2026\/01\/Fizzy-15-in-1-150K-Puffs-Rechargeable-Disposable-Vape-Flavors-2-2-150x150.jpg 150w, https:\/\/fizzyvape.eu\/wp-content\/uploads\/2026\/01\/Fizzy-15-in-1-150K-Puffs-Rechargeable-Disposable-Vape-Flavors-2-2-768x768.jpg 768w, https:\/\/fizzyvape.eu\/wp-content\/uploads\/2026\/01\/Fizzy-15-in-1-150K-Puffs-Rechargeable-Disposable-Vape-Flavors-2-2-100x100.jpg 100w, https:\/\/fizzyvape.eu\/wp-content\/uploads\/2026\/01\/Fizzy-15-in-1-150K-Puffs-Rechargeable-Disposable-Vape-Flavors-2-2-200x200.jpg 200w, https:\/\/fizzyvape.eu\/wp-content\/uploads\/2026\/01\/Fizzy-15-in-1-150K-Puffs-Rechargeable-Disposable-Vape-Flavors-2-2-400x400.jpg 400w, https:\/\/fizzyvape.eu\/wp-content\/uploads\/2026\/01\/Fizzy-15-in-1-150K-Puffs-Rechargeable-Disposable-Vape-Flavors-2-2-500x500.jpg 500w, https:\/\/fizzyvape.eu\/wp-content\/uploads\/2026\/01\/Fizzy-15-in-1-150K-Puffs-Rechargeable-Disposable-Vape-Flavors-2-2-430x430.jpg 430w, https:\/\/fizzyvape.eu\/wp-content\/uploads\/2026\/01\/Fizzy-15-in-1-150K-Puffs-Rechargeable-Disposable-Vape-Flavors-2-2-700x700.jpg 700w, https:\/\/fizzyvape.eu\/wp-content\/uploads\/2026\/01\/Fizzy-15-in-1-150K-Puffs-Rechargeable-Disposable-Vape-Flavors-2-2.jpg 1000w\" sizes=\"(max-width: 800px) 100vw, 800px\" \/><\/p>\n<h2>Fizzy 150K Puffs &#8211; Gelado de Morango e Kiwi Maracuj\u00e1 Goiaba e P\u00eassego Manga Melancia e Uva<\/h2>\n<p><b>150,000 Puffs. 15 sabores. O melhor centro de vaporiza\u00e7\u00e3o profissional.  <\/b><\/p>\n<p><span class=\"\">O teu <\/span><b>Fizzy 150K Puffs vape descart\u00e1vel<\/b><span class=\"\"> redefiniu oficialmente o que um dispositivo de alta capacidade pode fazer.<\/span><span class=\"\"> Com um enorme reservat\u00f3rio de <\/span><b>reservat\u00f3rio de e-l\u00edquido de 80mL<\/b><span class=\"\"> e um sistema de comuta\u00e7\u00e3o inteligente <\/span><b>sistema de comuta\u00e7\u00e3o inteligente 15 em 1<\/b><span class=\"\">,<\/span><span class=\"\"> este dispositivo \u00e9 a solu\u00e7\u00e3o perfeita para os vapers que querem o m\u00e1ximo valor sem sacrificar a variedade.<\/span><span class=\"\"> Esta edi\u00e7\u00e3o espec\u00edfica \u00e9 uma pot\u00eancia tropical,<\/span><span class=\"\"> mistura cl\u00e1ssicos gelados com profundos<\/span><span class=\"\"> com profundos n\u00e9ctares de fruta.<\/span><\/p>\n<h2 class=\"\"><b>A paleta de sabores de 4 c\u00e1psulas<\/b><\/h2>\n<p><span class=\"\">Dentro deste <\/span><b>150K Puffs vape descart\u00e1vel<\/b><span class=\"\">,<\/span><span class=\"\"> tens quatro c\u00e1psulas independentes de 20 ml.<\/span><span class=\"\"> Desfruta deles como obras-primas independentes,<\/span><span class=\"\"> ou usa o bot\u00e3o inteligente para <\/span><b>mistura-as em 15 combina\u00e7\u00f5es h\u00edbridas \u00fanicas<\/b><span class=\"\">:<\/span><\/p>\n<ul>\n<li><b>\u2744\ufe0f Gelo de morango:<\/b><span class=\"\"> Doce,<\/span><span class=\"\"> morangos frescos, acabados com uma<\/span><span class=\"\"> e refrescante.<\/span><\/li>\n<li><b>Kiwi Maracuj\u00e1 Goiaba:<\/b><span class=\"\"> Uma trifecta tropical azeda e arom\u00e1tica que te d\u00e1 um toque ex\u00f3tico.<\/span><\/li>\n<li><b>P\u00eassego Manga Melancia:<\/b><span class=\"\"> Uma deliciosa,<\/span><span class=\"\"> mistura aveludada de mangas douradas,<\/span><span class=\"\"> p\u00eassegos suaves,<\/span><span class=\"\"> e suculenta melancia.<\/span><\/li>\n<li><b>Grape Burst:<\/b><span class=\"\"> Um profundo,<\/span><span class=\"\"> Um sabor profundo e rico a uva p\u00farpura que &#8220;rebenta&#8221; com do\u00e7ura a\u00e7ucarada e uma pitada de acidez de vinha madura.<\/span><\/li>\n<\/ul>\n<p><img decoding=\"async\" class=\"wp-image-38407 size-full\" src=\"https:\/\/fizzyvape.eu\/wp-content\/uploads\/2025\/12\/Fizzy-150K-Puffs-Disposable-Vape-5-scaled.jpg\" alt=\"Fizzy 150K Puffs Vape descart\u00e1vel - 5\" width=\"1663\" height=\"2560\" srcset=\"https:\/\/fizzyvape.eu\/wp-content\/uploads\/2025\/12\/Fizzy-150K-Puffs-Disposable-Vape-5-scaled.jpg 1663w, https:\/\/fizzyvape.eu\/wp-content\/uploads\/2025\/12\/Fizzy-150K-Puffs-Disposable-Vape-5-195x300.jpg 195w, https:\/\/fizzyvape.eu\/wp-content\/uploads\/2025\/12\/Fizzy-150K-Puffs-Disposable-Vape-5-520x800.jpg 520w, https:\/\/fizzyvape.eu\/wp-content\/uploads\/2025\/12\/Fizzy-150K-Puffs-Disposable-Vape-5-768x1182.jpg 768w, https:\/\/fizzyvape.eu\/wp-content\/uploads\/2025\/12\/Fizzy-150K-Puffs-Disposable-Vape-5-998x1536.jpg 998w, https:\/\/fizzyvape.eu\/wp-content\/uploads\/2025\/12\/Fizzy-150K-Puffs-Disposable-Vape-5-1330x2048.jpg 1330w, https:\/\/fizzyvape.eu\/wp-content\/uploads\/2025\/12\/Fizzy-150K-Puffs-Disposable-Vape-5-430x662.jpg 430w, https:\/\/fizzyvape.eu\/wp-content\/uploads\/2025\/12\/Fizzy-150K-Puffs-Disposable-Vape-5-700x1078.jpg 700w, https:\/\/fizzyvape.eu\/wp-content\/uploads\/2025\/12\/Fizzy-150K-Puffs-Disposable-Vape-5-150x231.jpg 150w\" sizes=\"(max-width: 1663px) 100vw, 1663px\" \/><\/p>\n<h2><b>\ud83d\udce6 Especifica\u00e7\u00f5es<\/b><\/h2>\n<table>\n<thead>\n<tr>\n<td><strong>Carater\u00edsticas<\/strong><\/td>\n<td><strong>Dados t\u00e9cnicos B2B<\/strong><\/td>\n<\/tr>\n<\/thead>\n<tbody>\n<tr>\n<td><b>Contagem de baforadas<\/b><\/td>\n<td>At\u00e9 150.000 baforadas<\/td>\n<\/tr>\n<tr>\n<td><b>Capacidade do E-l\u00edquido<\/b><\/td>\n<td><b>80mL Total (20mL x 4 c\u00e1psulas independentes)<\/b><\/td>\n<\/tr>\n<tr>\n<td><b>Bateria<\/b><\/td>\n<td>1000mAh Cobalto puro (Recarreg\u00e1vel tipo C)<\/td>\n<\/tr>\n<tr>\n<td><b>Modos de sabor<\/b><\/td>\n<td><b>15 combina\u00e7\u00f5es inteligentes (A\/B\/C\/D + h\u00edbridos)<\/b><\/td>\n<\/tr>\n<tr>\n<td><b>Sistema de bobina<\/b><\/td>\n<td>Quad-Mesh 1.0\u03a9 (alta consist\u00eancia de fornecimento)<\/td>\n<\/tr>\n<tr>\n<td><b>Embalagens<\/b><\/td>\n<td>Caixas de exposi\u00e7\u00e3o prontas para venda a retalho<\/td>\n<\/tr>\n<\/tbody>\n<\/table>\n<h2><strong>Lista de sabores de vaporizadores descart<\/strong>\u00e1veis recarreg\u00e1veis 15 em 1 150K Puffs <strong>:<\/strong><\/h2>\n<ol>\n<li><a href=\"https:\/\/fizzyvape.eu\/pt-pt\/produto\/150k-puffs-gelo-de-melancia-red-bull-framboesa-de-morango-gelo-de-melao-triplo\/\">gelo de melancia &amp; red bull &amp; morango framboesa &amp; gelo triplo de mel\u00e3o<\/a><\/li>\n<li><a href=\"https:\/\/fizzyvape.eu\/pt-pt\/produto\/150k-puffs-gelado-de-morango-e-kiwi-maracuja-goiaba-e-pessego-manga-melancia-e-uva\/\">morango ice &amp; kiwi maracuj\u00e1 goiaba &amp; p\u00eassego manga melancia &amp; uva burst<\/a><\/li>\n<li><a href=\"https:\/\/fizzyvape.eu\/produto\/fizzy-150k-puffs-red-bull-berry-ice-set\/\">red bull &amp; morango kiwi rom\u00e3 &amp; mirtilo ice &amp; anan\u00e1s coco<\/a><\/li>\n<li><a href=\"https:\/\/fizzyvape.eu\/produto\/fizzy-150k-puffs-strawberry-kiwi-mixed-berry-set\/\">morango kiwi &amp; mistura de frutos silvestres &amp; melancia bubblegum &amp; p\u00eassego sumarento<\/a><\/li>\n<li><a href=\"https:\/\/fizzyvape.eu\/produto\/fizzy-150k-puffs-blueberry-raspberry-candy-set\/\">mirtilo framboesa &amp; morango ice &amp; blue razz limonada &amp; melancia gummy bear<\/a><\/li>\n<li><a href=\"https:\/\/fizzyvape.eu\/produto\/fizzy-150k-puffs-tropical-fruit-punch-set\/\">ponche de frutas tropicais e melancia framboesa e mirtilo coco e morango skittles<\/a><\/li>\n<li><a href=\"https:\/\/fizzyvape.eu\/produto\/fizzy-150k-puffs-love-66-strawberry-kiwi-set\/\">amor 66 &amp; morango kiwi &amp; melancia mirtilo &amp; framboesa limonada<\/a><\/li>\n<li><a href=\"https:\/\/fizzyvape.eu\/produto\/fizzy-150k-puffs-fizzy-cola-berry-set\/\">mistura de frutos silvestres e anan\u00e1s p\u00eassego maracuj\u00e1 e cola com g\u00e1s e morango framboesa<\/a><\/li>\n<li><a href=\"https:\/\/fizzyvape.eu\/produto\/fizzy-150k-puffs-blue-razz-raspberry-set\/\">blue razz rapsberry &amp; watermelon cherry ice &amp; strawberry grape &amp;passion fruit orange peach<\/a><\/li>\n<li><a href=\"https:\/\/fizzyvape.eu\/produto\/fizzy-150k-puffs-fizzy-cherry-citrus-set\/\">cereja efervescente &amp; morango fruta do drag\u00e3o &amp; lim\u00e3o lima &amp; melancia mirtilo<\/a><\/li>\n<li><a href=\"https:\/\/fizzyvape.eu\/produto\/fizzy-150k-puffs-vanilla-coke-berry-set\/\">Coca-Cola de morango e baunilha e mirtilo framboesa e melancia gelo e cereja<\/a><\/li>\n<li><a href=\"https:\/\/fizzyvape.eu\/produto\/fizzy-150k-puffs-mojito-ice-set\/\">mirtilo ice &amp; morango melancia &amp; mojito &amp; kiwi maracuj\u00e1 goiaba<\/a><\/li>\n<\/ol>\n<h2><b>FAQ r\u00e1pido<\/b><\/h2>\n<p><b>P: O vape descart\u00e1vel Fizzy 150K Puffs \u00e9 f\u00e1cil de usar?<\/b><\/p>\n<p>R: Sim! Tem um interrutor &#8220;Smart Seletor&#8221;. Basta clicares ou alternares para alternares entre as c\u00e1psulas A, B, C ou D. O ecr\u00e3 actualiza-se instantaneamente para te mostrar qual o sabor que est\u00e1 ativo.  <\/p>\n<p><b>P: Como \u00e9 que sei quando um sabor est\u00e1 terminado?<\/b><\/p>\n<p>R: O ecr\u00e3 Smart LED tem quatro barras individuais de e-l\u00edquido. Quando a barra para &#8220;Grape Burst&#8221; chega a zero, essa c\u00e1psula espec\u00edfica de 20 ml est\u00e1 vazia. <\/p>\n<p><b>P: Este aparelho \u00e9 aut\u00eantico?<\/b><\/p>\n<p>R: Sem d\u00favida. Cada unidade tem uma etiqueta de seguran\u00e7a \u00fanica. Podes verificar o teu vape descart\u00e1vel 150K Puffs no site oficial da Fizzy.  <\/p>\n","protected":false},"excerpt":{"rendered":"[html_block id=\"38779\"]\n","protected":false},"featured_media":38938,"comment_status":"open","ping_status":"closed","template":"","meta":{"iawp_total_views":0},"product_brand":[],"product_cat":[999],"product_tag":[],"class_list":{"0":"post-38989","1":"product","2":"type-product","3":"status-publish","4":"has-post-thumbnail","6":"product_cat-efervescente-150k-150000-puffs-15-em-1-vape-descartavel-recarregavel","8":"first","9":"instock","10":"sale","11":"shipping-taxable","12":"purchasable","13":"product-type-variable"},"yoast_head":"<!-- This site is optimized with the Yoast SEO Premium plugin v24.8 (Yoast SEO v27.4) - https:\/\/yoast.com\/product\/yoast-seo-premium-wordpress\/ -->\n<title>Fizzy 150K Puffs Strawberry Ice Vape descart\u00e1vel multi-sabor<\/title>\n<meta name=\"description\" content=\"Desfruta de Strawberry Ice, Kiwi Passion Fruit Guava, Peach Mango Watermelon e Grape Burst num \u00fanico vape descart\u00e1vel recarreg\u00e1vel Fizzy 150K Puffs.\" \/>\n<meta name=\"robots\" content=\"index, follow, max-snippet:-1, max-image-preview:large, max-video-preview:-1\" \/>\n<link rel=\"canonical\" href=\"https:\/\/fizzyvape.eu\/pt-pt\/produto\/150k-puffs-gelado-de-morango-e-kiwi-maracuja-goiaba-e-pessego-manga-melancia-e-uva\/\" \/>\n<meta property=\"og:locale\" content=\"pt_PT\" \/>\n<meta property=\"og:type\" content=\"article\" \/>\n<meta property=\"og:title\" content=\"150K Puffs - Gelado de Morango e Kiwi Maracuj\u00e1 Goiaba e P\u00eassego Manga Melancia e Uva\" \/>\n<meta property=\"og:description\" content=\"Desfruta de Strawberry Ice, Kiwi Passion Fruit Guava, Peach Mango Watermelon e Grape Burst num \u00fanico vape descart\u00e1vel recarreg\u00e1vel Fizzy 150K Puffs.\" \/>\n<meta property=\"og:url\" content=\"https:\/\/fizzyvape.eu\/pt-pt\/produto\/150k-puffs-gelado-de-morango-e-kiwi-maracuja-goiaba-e-pessego-manga-melancia-e-uva\/\" \/>\n<meta property=\"og:site_name\" content=\"fizzyvape.eu\" \/>\n<meta property=\"og:image\" content=\"https:\/\/fizzyvape.eu\/wp-content\/uploads\/2026\/01\/Fizzy-15-in-1-150K-Puffs-Rechargeable-Disposable-Vape-Flavors-2-2.jpg\" \/>\n\t<meta property=\"og:image:width\" content=\"1000\" \/>\n\t<meta property=\"og:image:height\" content=\"1000\" \/>\n\t<meta property=\"og:image:type\" content=\"image\/jpeg\" \/>\n<meta name=\"twitter:card\" content=\"summary_large_image\" \/>\n<meta name=\"twitter:label1\" content=\"Disponibilidade\" \/>\n\t<meta name=\"twitter:data1\" content=\"Em stock\" \/>\n<script type=\"application\/ld+json\" class=\"yoast-schema-graph\">{\"@context\":\"https:\\\/\\\/schema.org\",\"@graph\":[{\"@type\":\"WebPage\",\"@id\":\"https:\\\/\\\/fizzyvape.eu\\\/pt-pt\\\/produto\\\/150k-puffs-gelado-de-morango-e-kiwi-maracuja-goiaba-e-pessego-manga-melancia-e-uva\\\/\",\"url\":\"https:\\\/\\\/fizzyvape.eu\\\/pt-pt\\\/produto\\\/150k-puffs-gelado-de-morango-e-kiwi-maracuja-goiaba-e-pessego-manga-melancia-e-uva\\\/\",\"name\":\"Fizzy 150K Puffs Strawberry Ice Vape descart\u00e1vel multi-sabor\",\"isPartOf\":{\"@id\":\"https:\\\/\\\/www.fizzyvape.eu\\\/pt-pt\\\/#website\"},\"primaryImageOfPage\":{\"@id\":\"https:\\\/\\\/fizzyvape.eu\\\/pt-pt\\\/produto\\\/150k-puffs-gelado-de-morango-e-kiwi-maracuja-goiaba-e-pessego-manga-melancia-e-uva\\\/#primaryimage\"},\"image\":{\"@id\":\"https:\\\/\\\/fizzyvape.eu\\\/pt-pt\\\/produto\\\/150k-puffs-gelado-de-morango-e-kiwi-maracuja-goiaba-e-pessego-manga-melancia-e-uva\\\/#primaryimage\"},\"thumbnailUrl\":\"https:\\\/\\\/fizzyvape.eu\\\/wp-content\\\/uploads\\\/2026\\\/01\\\/Fizzy-15-in-1-150K-Puffs-Rechargeable-Disposable-Vape-Flavors-2-2.jpg\",\"datePublished\":\"2026-01-19T09:43:54+00:00\",\"description\":\"Desfruta de Strawberry Ice, Kiwi Passion Fruit Guava, Peach Mango Watermelon e Grape Burst num \u00fanico vape descart\u00e1vel recarreg\u00e1vel Fizzy 150K Puffs.\",\"breadcrumb\":{\"@id\":\"https:\\\/\\\/fizzyvape.eu\\\/pt-pt\\\/produto\\\/150k-puffs-gelado-de-morango-e-kiwi-maracuja-goiaba-e-pessego-manga-melancia-e-uva\\\/#breadcrumb\"},\"inLanguage\":\"pt-PT\",\"potentialAction\":[{\"@type\":\"ReadAction\",\"target\":[\"https:\\\/\\\/fizzyvape.eu\\\/pt-pt\\\/produto\\\/150k-puffs-gelado-de-morango-e-kiwi-maracuja-goiaba-e-pessego-manga-melancia-e-uva\\\/\"]}]},{\"@type\":\"ImageObject\",\"inLanguage\":\"pt-PT\",\"@id\":\"https:\\\/\\\/fizzyvape.eu\\\/pt-pt\\\/produto\\\/150k-puffs-gelado-de-morango-e-kiwi-maracuja-goiaba-e-pessego-manga-melancia-e-uva\\\/#primaryimage\",\"url\":\"https:\\\/\\\/fizzyvape.eu\\\/wp-content\\\/uploads\\\/2026\\\/01\\\/Fizzy-15-in-1-150K-Puffs-Rechargeable-Disposable-Vape-Flavors-2-2.jpg\",\"contentUrl\":\"https:\\\/\\\/fizzyvape.eu\\\/wp-content\\\/uploads\\\/2026\\\/01\\\/Fizzy-15-in-1-150K-Puffs-Rechargeable-Disposable-Vape-Flavors-2-2.jpg\",\"width\":1000,\"height\":1000,\"caption\":\"Fizzy 15 em 1 150K Puffs Recarreg\u00e1vel Descart\u00e1vel Vape Sabores 2\"},{\"@type\":\"BreadcrumbList\",\"@id\":\"https:\\\/\\\/fizzyvape.eu\\\/pt-pt\\\/produto\\\/150k-puffs-gelado-de-morango-e-kiwi-maracuja-goiaba-e-pessego-manga-melancia-e-uva\\\/#breadcrumb\",\"itemListElement\":[{\"@type\":\"ListItem\",\"position\":1,\"name\":\"Home\",\"item\":\"https:\\\/\\\/fizzyvape.eu\\\/pt-pt\\\/\"},{\"@type\":\"ListItem\",\"position\":2,\"name\":\"Shop\",\"item\":\"https:\\\/\\\/www.fizzyvape.eu\\\/pt-pt\\\/shop\\\/\"},{\"@type\":\"ListItem\",\"position\":3,\"name\":\"150K Puffs &#8211; Gelado de Morango e Kiwi Maracuj\u00e1 Goiaba e P\u00eassego Manga Melancia e Uva\"}]},{\"@type\":\"WebSite\",\"@id\":\"https:\\\/\\\/www.fizzyvape.eu\\\/pt-pt\\\/#website\",\"url\":\"https:\\\/\\\/www.fizzyvape.eu\\\/pt-pt\\\/\",\"name\":\"fizzyvape.eu\",\"description\":\"Refreshing Vapes. Unforgettable Taste.\",\"publisher\":{\"@id\":\"https:\\\/\\\/www.fizzyvape.eu\\\/pt-pt\\\/#organization\"},\"potentialAction\":[{\"@type\":\"SearchAction\",\"target\":{\"@type\":\"EntryPoint\",\"urlTemplate\":\"https:\\\/\\\/www.fizzyvape.eu\\\/pt-pt\\\/?s={search_term_string}\"},\"query-input\":{\"@type\":\"PropertyValueSpecification\",\"valueRequired\":true,\"valueName\":\"search_term_string\"}}],\"inLanguage\":\"pt-PT\"},{\"@type\":\"Organization\",\"@id\":\"https:\\\/\\\/www.fizzyvape.eu\\\/pt-pt\\\/#organization\",\"name\":\"fizzyvape.eu\",\"url\":\"https:\\\/\\\/www.fizzyvape.eu\\\/pt-pt\\\/\",\"logo\":{\"@type\":\"ImageObject\",\"inLanguage\":\"pt-PT\",\"@id\":\"https:\\\/\\\/www.fizzyvape.eu\\\/pt-pt\\\/#\\\/schema\\\/logo\\\/image\\\/\",\"url\":\"https:\\\/\\\/fizzyvape.eu\\\/wp-content\\\/uploads\\\/2019\\\/06\\\/print-1.svg\",\"contentUrl\":\"https:\\\/\\\/fizzyvape.eu\\\/wp-content\\\/uploads\\\/2019\\\/06\\\/print-1.svg\",\"width\":124,\"height\":37,\"caption\":\"fizzyvape.eu\"},\"image\":{\"@id\":\"https:\\\/\\\/www.fizzyvape.eu\\\/pt-pt\\\/#\\\/schema\\\/logo\\\/image\\\/\"}}]}<\/script>\n<meta property=\"og:availability\" content=\"instock\" \/>\n<meta property=\"product:availability\" content=\"instock\" \/>\n<meta property=\"product:condition\" content=\"new\" \/>\n<!-- \/ Yoast SEO Premium plugin. -->","yoast_head_json":{"title":"Fizzy 150K Puffs Strawberry Ice Vape descart\u00e1vel multi-sabor","description":"Desfruta de Strawberry Ice, Kiwi Passion Fruit Guava, Peach Mango Watermelon e Grape Burst num \u00fanico vape descart\u00e1vel recarreg\u00e1vel Fizzy 150K Puffs.","robots":{"index":"index","follow":"follow","max-snippet":"max-snippet:-1","max-image-preview":"max-image-preview:large","max-video-preview":"max-video-preview:-1"},"canonical":"https:\/\/fizzyvape.eu\/pt-pt\/produto\/150k-puffs-gelado-de-morango-e-kiwi-maracuja-goiaba-e-pessego-manga-melancia-e-uva\/","og_locale":"pt_PT","og_type":"article","og_title":"150K Puffs - Gelado de Morango e Kiwi Maracuj\u00e1 Goiaba e P\u00eassego Manga Melancia e Uva","og_description":"Desfruta de Strawberry Ice, Kiwi Passion Fruit Guava, Peach Mango Watermelon e Grape Burst num \u00fanico vape descart\u00e1vel recarreg\u00e1vel Fizzy 150K Puffs.","og_url":"https:\/\/fizzyvape.eu\/pt-pt\/produto\/150k-puffs-gelado-de-morango-e-kiwi-maracuja-goiaba-e-pessego-manga-melancia-e-uva\/","og_site_name":"fizzyvape.eu","og_image":[{"width":1000,"height":1000,"url":"https:\/\/fizzyvape.eu\/wp-content\/uploads\/2026\/01\/Fizzy-15-in-1-150K-Puffs-Rechargeable-Disposable-Vape-Flavors-2-2.jpg","type":"image\/jpeg"}],"twitter_card":"summary_large_image","twitter_misc":{"Disponibilidade":"Em stock"},"schema":{"@context":"https:\/\/schema.org","@graph":[{"@type":"WebPage","@id":"https:\/\/fizzyvape.eu\/pt-pt\/produto\/150k-puffs-gelado-de-morango-e-kiwi-maracuja-goiaba-e-pessego-manga-melancia-e-uva\/","url":"https:\/\/fizzyvape.eu\/pt-pt\/produto\/150k-puffs-gelado-de-morango-e-kiwi-maracuja-goiaba-e-pessego-manga-melancia-e-uva\/","name":"Fizzy 150K Puffs Strawberry Ice Vape descart\u00e1vel multi-sabor","isPartOf":{"@id":"https:\/\/www.fizzyvape.eu\/pt-pt\/#website"},"primaryImageOfPage":{"@id":"https:\/\/fizzyvape.eu\/pt-pt\/produto\/150k-puffs-gelado-de-morango-e-kiwi-maracuja-goiaba-e-pessego-manga-melancia-e-uva\/#primaryimage"},"image":{"@id":"https:\/\/fizzyvape.eu\/pt-pt\/produto\/150k-puffs-gelado-de-morango-e-kiwi-maracuja-goiaba-e-pessego-manga-melancia-e-uva\/#primaryimage"},"thumbnailUrl":"https:\/\/fizzyvape.eu\/wp-content\/uploads\/2026\/01\/Fizzy-15-in-1-150K-Puffs-Rechargeable-Disposable-Vape-Flavors-2-2.jpg","datePublished":"2026-01-19T09:43:54+00:00","description":"Desfruta de Strawberry Ice, Kiwi Passion Fruit Guava, Peach Mango Watermelon e Grape Burst num \u00fanico vape descart\u00e1vel recarreg\u00e1vel Fizzy 150K Puffs.","breadcrumb":{"@id":"https:\/\/fizzyvape.eu\/pt-pt\/produto\/150k-puffs-gelado-de-morango-e-kiwi-maracuja-goiaba-e-pessego-manga-melancia-e-uva\/#breadcrumb"},"inLanguage":"pt-PT","potentialAction":[{"@type":"ReadAction","target":["https:\/\/fizzyvape.eu\/pt-pt\/produto\/150k-puffs-gelado-de-morango-e-kiwi-maracuja-goiaba-e-pessego-manga-melancia-e-uva\/"]}]},{"@type":"ImageObject","inLanguage":"pt-PT","@id":"https:\/\/fizzyvape.eu\/pt-pt\/produto\/150k-puffs-gelado-de-morango-e-kiwi-maracuja-goiaba-e-pessego-manga-melancia-e-uva\/#primaryimage","url":"https:\/\/fizzyvape.eu\/wp-content\/uploads\/2026\/01\/Fizzy-15-in-1-150K-Puffs-Rechargeable-Disposable-Vape-Flavors-2-2.jpg","contentUrl":"https:\/\/fizzyvape.eu\/wp-content\/uploads\/2026\/01\/Fizzy-15-in-1-150K-Puffs-Rechargeable-Disposable-Vape-Flavors-2-2.jpg","width":1000,"height":1000,"caption":"Fizzy 15 em 1 150K Puffs Recarreg\u00e1vel Descart\u00e1vel Vape Sabores 2"},{"@type":"BreadcrumbList","@id":"https:\/\/fizzyvape.eu\/pt-pt\/produto\/150k-puffs-gelado-de-morango-e-kiwi-maracuja-goiaba-e-pessego-manga-melancia-e-uva\/#breadcrumb","itemListElement":[{"@type":"ListItem","position":1,"name":"Home","item":"https:\/\/fizzyvape.eu\/pt-pt\/"},{"@type":"ListItem","position":2,"name":"Shop","item":"https:\/\/www.fizzyvape.eu\/pt-pt\/shop\/"},{"@type":"ListItem","position":3,"name":"150K Puffs &#8211; Gelado de Morango e Kiwi Maracuj\u00e1 Goiaba e P\u00eassego Manga Melancia e Uva"}]},{"@type":"WebSite","@id":"https:\/\/www.fizzyvape.eu\/pt-pt\/#website","url":"https:\/\/www.fizzyvape.eu\/pt-pt\/","name":"fizzyvape.eu","description":"Refreshing Vapes. Unforgettable Taste.","publisher":{"@id":"https:\/\/www.fizzyvape.eu\/pt-pt\/#organization"},"potentialAction":[{"@type":"SearchAction","target":{"@type":"EntryPoint","urlTemplate":"https:\/\/www.fizzyvape.eu\/pt-pt\/?s={search_term_string}"},"query-input":{"@type":"PropertyValueSpecification","valueRequired":true,"valueName":"search_term_string"}}],"inLanguage":"pt-PT"},{"@type":"Organization","@id":"https:\/\/www.fizzyvape.eu\/pt-pt\/#organization","name":"fizzyvape.eu","url":"https:\/\/www.fizzyvape.eu\/pt-pt\/","logo":{"@type":"ImageObject","inLanguage":"pt-PT","@id":"https:\/\/www.fizzyvape.eu\/pt-pt\/#\/schema\/logo\/image\/","url":"https:\/\/fizzyvape.eu\/wp-content\/uploads\/2019\/06\/print-1.svg","contentUrl":"https:\/\/fizzyvape.eu\/wp-content\/uploads\/2019\/06\/print-1.svg","width":124,"height":37,"caption":"fizzyvape.eu"},"image":{"@id":"https:\/\/www.fizzyvape.eu\/pt-pt\/#\/schema\/logo\/image\/"}}]},"og_availability":"instock","product_availability":"instock","product_condition":"new"},"tiered_pricing_type":"fixed","tiered_pricing_fixed_rules":[],"tiered_pricing_product_settings":{"layout":"default","base_unit_name":{"singular":null,"plural":null},"default_variation":null},"tiered_pricing_minimum_quantity":null,"tiered_pricing_roles_data":[],"tiered_pricing_percentage_rules":[],"tiered_pricing_maximum_quantity":null,"tiered_pricing_quantity_step":null,"_links":{"self":[{"href":"https:\/\/fizzyvape.eu\/pt-pt\/wp-json\/wp\/v2\/product\/38989","targetHints":{"allow":["GET"]}}],"collection":[{"href":"https:\/\/fizzyvape.eu\/pt-pt\/wp-json\/wp\/v2\/product"}],"about":[{"href":"https:\/\/fizzyvape.eu\/pt-pt\/wp-json\/wp\/v2\/types\/product"}],"replies":[{"embeddable":true,"href":"https:\/\/fizzyvape.eu\/pt-pt\/wp-json\/wp\/v2\/comments?post=38989"}],"version-history":[{"count":0,"href":"https:\/\/fizzyvape.eu\/pt-pt\/wp-json\/wp\/v2\/product\/38989\/revisions"}],"wp:featuredmedia":[{"embeddable":true,"href":"https:\/\/fizzyvape.eu\/pt-pt\/wp-json\/wp\/v2\/media\/38938"}],"wp:attachment":[{"href":"https:\/\/fizzyvape.eu\/pt-pt\/wp-json\/wp\/v2\/media?parent=38989"}],"wp:term":[{"taxonomy":"product_brand","embeddable":true,"href":"https:\/\/fizzyvape.eu\/pt-pt\/wp-json\/wp\/v2\/product_brand?post=38989"},{"taxonomy":"product_cat","embeddable":true,"href":"https:\/\/fizzyvape.eu\/pt-pt\/wp-json\/wp\/v2\/product_cat?post=38989"},{"taxonomy":"product_tag","embeddable":true,"href":"https:\/\/fizzyvape.eu\/pt-pt\/wp-json\/wp\/v2\/product_tag?post=38989"}],"curies":[{"name":"wp","href":"https:\/\/api.w.org\/{rel}","templated":true}]}}