{"id":39024,"date":"2026-01-19T17:53:48","date_gmt":"2026-01-19T09:53:48","guid":{"rendered":"https:\/\/fizzyvape.eu\/product\/150k-puffs-morango-kiwi-bagas-mistas-pastilha-elastica-de-melancia-pessego-sumarento\/"},"modified":"2026-01-19T17:53:48","modified_gmt":"2026-01-19T09:53:48","slug":"150k-puffs-morango-kiwi-bagas-mistas-pastilha-elastica-de-melancia-pessego-sumarento","status":"publish","type":"product","link":"https:\/\/fizzyvape.eu\/pt-pt\/produto\/150k-puffs-morango-kiwi-bagas-mistas-pastilha-elastica-de-melancia-pessego-sumarento\/","title":{"rendered":"150K Puffs &#8211; Morango Kiwi &amp; Bagas Mistas &amp; Pastilha el\u00e1stica de melancia &amp; P\u00eassego sumarento"},"content":{"rendered":"<p><img decoding=\"async\" class=\"wp-image-38833 size-large\" src=\"https:\/\/fizzyvape.eu\/wp-content\/uploads\/2026\/01\/Fizzy-15-in-1-150K-Puffs-Rechargeable-Disposable-Vape-Flavors-4-1-800x800.jpg\" alt=\"Fizzy 15 em 1 150K Puffs Recarreg\u00e1vel Descart\u00e1vel Vape Sabores 4\" width=\"800\" height=\"800\" srcset=\"https:\/\/fizzyvape.eu\/wp-content\/uploads\/2026\/01\/Fizzy-15-in-1-150K-Puffs-Rechargeable-Disposable-Vape-Flavors-4-1-800x800.jpg 800w, https:\/\/fizzyvape.eu\/wp-content\/uploads\/2026\/01\/Fizzy-15-in-1-150K-Puffs-Rechargeable-Disposable-Vape-Flavors-4-1-300x300.jpg 300w, https:\/\/fizzyvape.eu\/wp-content\/uploads\/2026\/01\/Fizzy-15-in-1-150K-Puffs-Rechargeable-Disposable-Vape-Flavors-4-1-150x150.jpg 150w, https:\/\/fizzyvape.eu\/wp-content\/uploads\/2026\/01\/Fizzy-15-in-1-150K-Puffs-Rechargeable-Disposable-Vape-Flavors-4-1-768x768.jpg 768w, https:\/\/fizzyvape.eu\/wp-content\/uploads\/2026\/01\/Fizzy-15-in-1-150K-Puffs-Rechargeable-Disposable-Vape-Flavors-4-1-100x100.jpg 100w, https:\/\/fizzyvape.eu\/wp-content\/uploads\/2026\/01\/Fizzy-15-in-1-150K-Puffs-Rechargeable-Disposable-Vape-Flavors-4-1-200x200.jpg 200w, https:\/\/fizzyvape.eu\/wp-content\/uploads\/2026\/01\/Fizzy-15-in-1-150K-Puffs-Rechargeable-Disposable-Vape-Flavors-4-1-400x400.jpg 400w, https:\/\/fizzyvape.eu\/wp-content\/uploads\/2026\/01\/Fizzy-15-in-1-150K-Puffs-Rechargeable-Disposable-Vape-Flavors-4-1-500x500.jpg 500w, https:\/\/fizzyvape.eu\/wp-content\/uploads\/2026\/01\/Fizzy-15-in-1-150K-Puffs-Rechargeable-Disposable-Vape-Flavors-4-1-430x430.jpg 430w, https:\/\/fizzyvape.eu\/wp-content\/uploads\/2026\/01\/Fizzy-15-in-1-150K-Puffs-Rechargeable-Disposable-Vape-Flavors-4-1-700x700.jpg 700w, https:\/\/fizzyvape.eu\/wp-content\/uploads\/2026\/01\/Fizzy-15-in-1-150K-Puffs-Rechargeable-Disposable-Vape-Flavors-4-1.jpg 1000w\" sizes=\"(max-width: 800px) 100vw, 800px\" \/><\/p>\n<h2>Fizzy 150K Puffs &#8211; Morango Kiwi &amp; Bagas Mistas &amp; Pastilha el\u00e1stica de melancia &amp; P\u00eassego sumarento<\/h2>\n<p><b>150,000 Puffs. 15 sabores. A derradeira fuga doce.  <\/b><\/p>\n<p>Experimenta o futuro da vaporiza\u00e7\u00e3o com o <b>Fizzy 150K Puffs<\/b>. N\u00e3o \u00e9 apenas um vape; \u00e9 uma esta\u00e7\u00e3o de aromas de alta tecnologia com uma enorme <b>capacidade de 80 ml<\/b> e o primeiro <b>sistema de comuta\u00e7\u00e3o inteligente 15 em 1<\/b> do mundo. Esta edi\u00e7\u00e3o espec\u00edfica foi concebida para os amantes de perfis doces, sumarentos e inspirados em doces, proporcionando semanas de vapor de alta qualidade num dispositivo elegante.  <\/p>\n<h2><b>A paleta de sabores de 4 c\u00e1psulas<\/b><\/h2>\n<p>Esta unidade Fizzy 150K inclui quatro sabores base lend\u00e1rios. Vaporiza-os individualmente ou usa o bot\u00e3o para <b>os misturar em 15 sabores h\u00edbridos diferentes<\/b>: <\/p>\n<ul>\n<li><b>Morango Kiwi:<\/b> O equil\u00edbrio perfeito de morangos amadurecidos ao sol e kiwi picante.<\/li>\n<li><b>Baga mista:<\/b> Uma mistura rica e escura de amoras silvestres, framboesas e mirtilos.<\/li>\n<li><b>Pastilha el\u00e1stica de melancia:<\/b> Uma guloseima nost\u00e1lgica e a\u00e7ucarada com um toque refrescante de melancia.<\/li>\n<li><b>Juicy Peach:<\/b> Suave, aveludado e repleto de n\u00e9ctar de p\u00eassego doce.<\/li>\n<\/ul>\n<p><img decoding=\"async\" class=\"wp-image-38407 size-full\" src=\"https:\/\/fizzyvape.eu\/wp-content\/uploads\/2025\/12\/Fizzy-150K-Puffs-Disposable-Vape-5-scaled.jpg\" alt=\"Fizzy 150K Puffs Vape descart\u00e1vel - 5\" width=\"1663\" height=\"2560\" srcset=\"https:\/\/fizzyvape.eu\/wp-content\/uploads\/2025\/12\/Fizzy-150K-Puffs-Disposable-Vape-5-scaled.jpg 1663w, https:\/\/fizzyvape.eu\/wp-content\/uploads\/2025\/12\/Fizzy-150K-Puffs-Disposable-Vape-5-195x300.jpg 195w, https:\/\/fizzyvape.eu\/wp-content\/uploads\/2025\/12\/Fizzy-150K-Puffs-Disposable-Vape-5-520x800.jpg 520w, https:\/\/fizzyvape.eu\/wp-content\/uploads\/2025\/12\/Fizzy-150K-Puffs-Disposable-Vape-5-768x1182.jpg 768w, https:\/\/fizzyvape.eu\/wp-content\/uploads\/2025\/12\/Fizzy-150K-Puffs-Disposable-Vape-5-998x1536.jpg 998w, https:\/\/fizzyvape.eu\/wp-content\/uploads\/2025\/12\/Fizzy-150K-Puffs-Disposable-Vape-5-1330x2048.jpg 1330w, https:\/\/fizzyvape.eu\/wp-content\/uploads\/2025\/12\/Fizzy-150K-Puffs-Disposable-Vape-5-430x662.jpg 430w, https:\/\/fizzyvape.eu\/wp-content\/uploads\/2025\/12\/Fizzy-150K-Puffs-Disposable-Vape-5-700x1078.jpg 700w, https:\/\/fizzyvape.eu\/wp-content\/uploads\/2025\/12\/Fizzy-150K-Puffs-Disposable-Vape-5-150x231.jpg 150w\" sizes=\"(max-width: 1663px) 100vw, 1663px\" \/><\/p>\n<h2><b>\ud83d\udce6 Especifica\u00e7\u00f5es<\/b><\/h2>\n<table>\n<thead>\n<tr>\n<td><strong>Carater\u00edsticas<\/strong><\/td>\n<td><strong>Dados t\u00e9cnicos B2B<\/strong><\/td>\n<\/tr>\n<\/thead>\n<tbody>\n<tr>\n<td><b>Contagem de baforadas<\/b><\/td>\n<td>At\u00e9 150.000 baforadas<\/td>\n<\/tr>\n<tr>\n<td><b>Capacidade do E-l\u00edquido<\/b><\/td>\n<td><b>80mL Total (20mL x 4 c\u00e1psulas independentes)<\/b><\/td>\n<\/tr>\n<tr>\n<td><b>Bateria<\/b><\/td>\n<td>1000mAh Cobalto puro (Recarreg\u00e1vel tipo C)<\/td>\n<\/tr>\n<tr>\n<td><b>Modos de sabor<\/b><\/td>\n<td><b>15 combina\u00e7\u00f5es inteligentes (A\/B\/C\/D + h\u00edbridos)<\/b><\/td>\n<\/tr>\n<tr>\n<td><b>Sistema de bobina<\/b><\/td>\n<td>Quad-Mesh 1.0\u03a9 (alta consist\u00eancia de fornecimento)<\/td>\n<\/tr>\n<tr>\n<td><b>Embalagens<\/b><\/td>\n<td>Caixas de exposi\u00e7\u00e3o prontas para venda a retalho<\/td>\n<\/tr>\n<\/tbody>\n<\/table>\n<h2><strong>Lista de sabores de vaporizadores descart<\/strong>\u00e1veis recarreg\u00e1veis 15 em 1 150K Puffs <strong>:<\/strong><\/h2>\n<ol>\n<li><a href=\"https:\/\/fizzyvape.eu\/pt-pt\/produto\/150k-puffs-gelo-de-melancia-red-bull-framboesa-de-morango-gelo-de-melao-triplo\/\">gelo de melancia &amp; red bull &amp; morango framboesa &amp; gelo triplo de mel\u00e3o<\/a><\/li>\n<li><a href=\"https:\/\/fizzyvape.eu\/pt-pt\/produto\/150k-puffs-gelado-de-morango-e-kiwi-maracuja-goiaba-e-pessego-manga-melancia-e-uva\/\">morango ice &amp; kiwi maracuj\u00e1 goiaba &amp; p\u00eassego manga melancia &amp; uva burst<\/a><\/li>\n<li><a href=\"https:\/\/fizzyvape.eu\/pt-pt\/produto\/150k-puffs-red-bull-morango-kiwi-roma-mirtilo-ice-ananas-coco\/\">red bull &amp; morango kiwi rom\u00e3 &amp; mirtilo ice &amp; anan\u00e1s coco<\/a><\/li>\n<li><a href=\"https:\/\/fizzyvape.eu\/pt-pt\/produto\/150k-puffs-morango-kiwi-bagas-mistas-pastilha-elastica-de-melancia-pessego-sumarento\/\">morango kiwi &amp; mistura de frutos silvestres &amp; melancia bubblegum &amp; p\u00eassego sumarento<\/a><\/li>\n<li><a href=\"https:\/\/fizzyvape.eu\/pt-pt\/produto\/150k-puffs-blueberry-raspberry-strawberry-ice-blue-razz-lemonade-watermelon-gummy-bear\/\">mirtilo framboesa &amp; morango ice &amp; blue razz limonada &amp; melancia gummy bear<\/a><\/li>\n<li><a href=\"https:\/\/fizzyvape.eu\/produto\/fizzy-150k-puffs-tropical-fruit-punch-set\/\">ponche de frutas tropicais e melancia framboesa e mirtilo coco e morango skittles<\/a><\/li>\n<li><a href=\"https:\/\/fizzyvape.eu\/produto\/fizzy-150k-puffs-love-66-strawberry-kiwi-set\/\">amor 66 &amp; morango kiwi &amp; melancia mirtilo &amp; framboesa limonada<\/a><\/li>\n<li><a href=\"https:\/\/fizzyvape.eu\/produto\/fizzy-150k-puffs-fizzy-cola-berry-set\/\">mistura de frutos silvestres e anan\u00e1s p\u00eassego maracuj\u00e1 e cola com g\u00e1s e morango framboesa<\/a><\/li>\n<li><a href=\"https:\/\/fizzyvape.eu\/produto\/fizzy-150k-puffs-blue-razz-raspberry-set\/\">blue razz rapsberry &amp; watermelon cherry ice &amp; strawberry grape &amp;passion fruit orange peach<\/a><\/li>\n<li><a href=\"https:\/\/fizzyvape.eu\/produto\/fizzy-150k-puffs-fizzy-cherry-citrus-set\/\">cereja efervescente &amp; morango fruta do drag\u00e3o &amp; lim\u00e3o lima &amp; melancia mirtilo<\/a><\/li>\n<li><a href=\"https:\/\/fizzyvape.eu\/produto\/fizzy-150k-puffs-vanilla-coke-berry-set\/\">Coca-Cola de morango e baunilha e mirtilo framboesa e melancia gelo e cereja<\/a><\/li>\n<li><a href=\"https:\/\/fizzyvape.eu\/produto\/fizzy-150k-puffs-mojito-ice-set\/\">mirtilo ice &amp; morango melancia &amp; mojito &amp; kiwi maracuj\u00e1 goiaba<\/a><\/li>\n<\/ol>\n<h2><b>Porque \u00e9 que o Fizzy 150K \u00e9 um divisor de \u00e1guas<\/b><\/h2>\n<ul>\n<li><b>150.000 baforadas:<\/b> O vape mais duradouro do mercado. Um dispositivo substitui semanas de descart\u00e1veis normais. <\/li>\n<li>\ud83d\udd04 <b>Sabores 15 em 1:<\/b> 4 c\u00e1psulas independentes num s\u00f3 dispositivo. Troca de sabores ou cria misturas h\u00edbridas instantaneamente. <\/li>\n<li><b>Ecr\u00e3 inteligente:<\/b> O ecr\u00e3 LED de alta defini\u00e7\u00e3o mostra a tua <b>% de bateria<\/b> e <b>os n\u00edveis de sumo<\/b> para cada uma das 4 c\u00e1psulas.<\/li>\n<li><b>Tecnologia Quad-Mesh:<\/b> 4 bobinas dedicadas garantem que o teu Peach nunca sabe a Berry. Sabor puro do in\u00edcio ao fim. <\/li>\n<li><b>\ud83d\udd0b Carregamento r\u00e1pido:<\/b> bateria de 1000mAh com carregamento r\u00e1pido Tipo C para te manteres a vaporizar sem esperas.<\/li>\n<\/ul>\n<h2><b>FAQ r\u00e1pido<\/b><\/h2>\n<p><b>P: Como \u00e9 que mudo de aroma?<\/b><\/p>\n<p>R: Utiliza o interrutor no dispositivo! Podes selecionar o Pod A, B, C ou D, ou selecionar o modo &#8220;Combo&#8221; para misturar dois ou mais sabores. <\/p>\n<p><b>P: Como \u00e9 que sei que est\u00e1 vazio?<\/b><\/p>\n<p>R: O ecr\u00e3 Smart LED mostra quatro barras individuais para o e-l\u00edquido. Quando uma barra atinge 0%, a c\u00e1psula desse sabor est\u00e1 terminada. <\/p>\n<p><b>P: \u00c9 aut\u00eantico?<\/b><\/p>\n<p>R: Sim! Cada Fizzy 150K vendido na nossa loja tem um c\u00f3digo de seguran\u00e7a \u00fanico para autentica\u00e7\u00e3o oficial. <\/p>\n","protected":false},"excerpt":{"rendered":"[html_block id=\"38779\"]\n","protected":false},"featured_media":38839,"comment_status":"open","ping_status":"closed","template":"","meta":{"iawp_total_views":0},"product_brand":[],"product_cat":[999],"product_tag":[],"class_list":{"0":"post-39024","1":"product","2":"type-product","3":"status-publish","4":"has-post-thumbnail","6":"product_cat-efervescente-150k-150000-puffs-15-em-1-vape-descartavel-recarregavel","8":"first","9":"instock","10":"sale","11":"shipping-taxable","12":"purchasable","13":"product-type-variable"},"yoast_head":"<!-- This site is optimized with the Yoast SEO Premium plugin v24.8 (Yoast SEO v27.4) - https:\/\/yoast.com\/product\/yoast-seo-premium-wordpress\/ -->\n<title>Morango Kiwi &amp; Bagas Mistas | Fizzy 150K Puffs - Sabores 15 em 1<\/title>\n<meta name=\"description\" content=\"Vaporizador descart\u00e1vel Taste Fizzy 150K Puffs com morango kiwi, bagas mistas, chiclete de melancia e p\u00eassego suculento. Recarreg\u00e1vel, batidas suaves, do\u00e7ura ousada.\" \/>\n<meta name=\"robots\" content=\"index, follow, max-snippet:-1, max-image-preview:large, max-video-preview:-1\" \/>\n<link rel=\"canonical\" href=\"https:\/\/fizzyvape.eu\/pt-pt\/produto\/150k-puffs-morango-kiwi-bagas-mistas-pastilha-elastica-de-melancia-pessego-sumarento\/\" \/>\n<meta property=\"og:locale\" content=\"pt_PT\" \/>\n<meta property=\"og:type\" content=\"article\" \/>\n<meta property=\"og:title\" content=\"150K Puffs - Morango Kiwi &amp; Bagas Mistas &amp; Pastilha el\u00e1stica de melancia &amp; P\u00eassego sumarento\" \/>\n<meta property=\"og:description\" content=\"Vaporizador descart\u00e1vel Taste Fizzy 150K Puffs com morango kiwi, bagas mistas, chiclete de melancia e p\u00eassego suculento. Recarreg\u00e1vel, batidas suaves, do\u00e7ura ousada.\" \/>\n<meta property=\"og:url\" content=\"https:\/\/fizzyvape.eu\/pt-pt\/produto\/150k-puffs-morango-kiwi-bagas-mistas-pastilha-elastica-de-melancia-pessego-sumarento\/\" \/>\n<meta property=\"og:site_name\" content=\"fizzyvape.eu\" \/>\n<meta property=\"og:image\" content=\"https:\/\/fizzyvape.eu\/wp-content\/uploads\/2026\/01\/Fizzy-15-in-1-150K-Puffs-Rechargeable-Disposable-Vape-Flavors-4-1.jpg\" \/>\n\t<meta property=\"og:image:width\" content=\"1000\" \/>\n\t<meta property=\"og:image:height\" content=\"1000\" \/>\n\t<meta property=\"og:image:type\" content=\"image\/jpeg\" \/>\n<meta name=\"twitter:card\" content=\"summary_large_image\" \/>\n<meta name=\"twitter:label1\" content=\"Disponibilidade\" \/>\n\t<meta name=\"twitter:data1\" content=\"Em stock\" \/>\n<script type=\"application\/ld+json\" class=\"yoast-schema-graph\">{\"@context\":\"https:\\\/\\\/schema.org\",\"@graph\":[{\"@type\":\"WebPage\",\"@id\":\"https:\\\/\\\/fizzyvape.eu\\\/pt-pt\\\/produto\\\/150k-puffs-morango-kiwi-bagas-mistas-pastilha-elastica-de-melancia-pessego-sumarento\\\/\",\"url\":\"https:\\\/\\\/fizzyvape.eu\\\/pt-pt\\\/produto\\\/150k-puffs-morango-kiwi-bagas-mistas-pastilha-elastica-de-melancia-pessego-sumarento\\\/\",\"name\":\"Morango Kiwi & Bagas Mistas | Fizzy 150K Puffs - Sabores 15 em 1\",\"isPartOf\":{\"@id\":\"https:\\\/\\\/www.fizzyvape.eu\\\/pt-pt\\\/#website\"},\"primaryImageOfPage\":{\"@id\":\"https:\\\/\\\/fizzyvape.eu\\\/pt-pt\\\/produto\\\/150k-puffs-morango-kiwi-bagas-mistas-pastilha-elastica-de-melancia-pessego-sumarento\\\/#primaryimage\"},\"image\":{\"@id\":\"https:\\\/\\\/fizzyvape.eu\\\/pt-pt\\\/produto\\\/150k-puffs-morango-kiwi-bagas-mistas-pastilha-elastica-de-melancia-pessego-sumarento\\\/#primaryimage\"},\"thumbnailUrl\":\"https:\\\/\\\/fizzyvape.eu\\\/wp-content\\\/uploads\\\/2026\\\/01\\\/Fizzy-15-in-1-150K-Puffs-Rechargeable-Disposable-Vape-Flavors-4-1.jpg\",\"datePublished\":\"2026-01-19T09:53:48+00:00\",\"description\":\"Vaporizador descart\u00e1vel Taste Fizzy 150K Puffs com morango kiwi, bagas mistas, chiclete de melancia e p\u00eassego suculento. Recarreg\u00e1vel, batidas suaves, do\u00e7ura ousada.\",\"breadcrumb\":{\"@id\":\"https:\\\/\\\/fizzyvape.eu\\\/pt-pt\\\/produto\\\/150k-puffs-morango-kiwi-bagas-mistas-pastilha-elastica-de-melancia-pessego-sumarento\\\/#breadcrumb\"},\"inLanguage\":\"pt-PT\",\"potentialAction\":[{\"@type\":\"ReadAction\",\"target\":[\"https:\\\/\\\/fizzyvape.eu\\\/pt-pt\\\/produto\\\/150k-puffs-morango-kiwi-bagas-mistas-pastilha-elastica-de-melancia-pessego-sumarento\\\/\"]}]},{\"@type\":\"ImageObject\",\"inLanguage\":\"pt-PT\",\"@id\":\"https:\\\/\\\/fizzyvape.eu\\\/pt-pt\\\/produto\\\/150k-puffs-morango-kiwi-bagas-mistas-pastilha-elastica-de-melancia-pessego-sumarento\\\/#primaryimage\",\"url\":\"https:\\\/\\\/fizzyvape.eu\\\/wp-content\\\/uploads\\\/2026\\\/01\\\/Fizzy-15-in-1-150K-Puffs-Rechargeable-Disposable-Vape-Flavors-4-1.jpg\",\"contentUrl\":\"https:\\\/\\\/fizzyvape.eu\\\/wp-content\\\/uploads\\\/2026\\\/01\\\/Fizzy-15-in-1-150K-Puffs-Rechargeable-Disposable-Vape-Flavors-4-1.jpg\",\"width\":1000,\"height\":1000,\"caption\":\"Fizzy 15 em 1 150K Puffs Recarreg\u00e1vel Descart\u00e1vel Vape Sabores 4\"},{\"@type\":\"BreadcrumbList\",\"@id\":\"https:\\\/\\\/fizzyvape.eu\\\/pt-pt\\\/produto\\\/150k-puffs-morango-kiwi-bagas-mistas-pastilha-elastica-de-melancia-pessego-sumarento\\\/#breadcrumb\",\"itemListElement\":[{\"@type\":\"ListItem\",\"position\":1,\"name\":\"Home\",\"item\":\"https:\\\/\\\/fizzyvape.eu\\\/pt-pt\\\/\"},{\"@type\":\"ListItem\",\"position\":2,\"name\":\"Shop\",\"item\":\"https:\\\/\\\/www.fizzyvape.eu\\\/pt-pt\\\/shop\\\/\"},{\"@type\":\"ListItem\",\"position\":3,\"name\":\"150K Puffs &#8211; Morango Kiwi &amp; Bagas Mistas &amp; Pastilha el\u00e1stica de melancia &amp; P\u00eassego sumarento\"}]},{\"@type\":\"WebSite\",\"@id\":\"https:\\\/\\\/www.fizzyvape.eu\\\/pt-pt\\\/#website\",\"url\":\"https:\\\/\\\/www.fizzyvape.eu\\\/pt-pt\\\/\",\"name\":\"fizzyvape.eu\",\"description\":\"Refreshing Vapes. Unforgettable Taste.\",\"publisher\":{\"@id\":\"https:\\\/\\\/www.fizzyvape.eu\\\/pt-pt\\\/#organization\"},\"potentialAction\":[{\"@type\":\"SearchAction\",\"target\":{\"@type\":\"EntryPoint\",\"urlTemplate\":\"https:\\\/\\\/www.fizzyvape.eu\\\/pt-pt\\\/?s={search_term_string}\"},\"query-input\":{\"@type\":\"PropertyValueSpecification\",\"valueRequired\":true,\"valueName\":\"search_term_string\"}}],\"inLanguage\":\"pt-PT\"},{\"@type\":\"Organization\",\"@id\":\"https:\\\/\\\/www.fizzyvape.eu\\\/pt-pt\\\/#organization\",\"name\":\"fizzyvape.eu\",\"url\":\"https:\\\/\\\/www.fizzyvape.eu\\\/pt-pt\\\/\",\"logo\":{\"@type\":\"ImageObject\",\"inLanguage\":\"pt-PT\",\"@id\":\"https:\\\/\\\/www.fizzyvape.eu\\\/pt-pt\\\/#\\\/schema\\\/logo\\\/image\\\/\",\"url\":\"https:\\\/\\\/fizzyvape.eu\\\/wp-content\\\/uploads\\\/2019\\\/06\\\/print-1.svg\",\"contentUrl\":\"https:\\\/\\\/fizzyvape.eu\\\/wp-content\\\/uploads\\\/2019\\\/06\\\/print-1.svg\",\"width\":124,\"height\":37,\"caption\":\"fizzyvape.eu\"},\"image\":{\"@id\":\"https:\\\/\\\/www.fizzyvape.eu\\\/pt-pt\\\/#\\\/schema\\\/logo\\\/image\\\/\"}}]}<\/script>\n<meta property=\"og:availability\" content=\"instock\" \/>\n<meta property=\"product:availability\" content=\"instock\" \/>\n<meta property=\"product:condition\" content=\"new\" \/>\n<!-- \/ Yoast SEO Premium plugin. -->","yoast_head_json":{"title":"Morango Kiwi & Bagas Mistas | Fizzy 150K Puffs - Sabores 15 em 1","description":"Vaporizador descart\u00e1vel Taste Fizzy 150K Puffs com morango kiwi, bagas mistas, chiclete de melancia e p\u00eassego suculento. Recarreg\u00e1vel, batidas suaves, do\u00e7ura ousada.","robots":{"index":"index","follow":"follow","max-snippet":"max-snippet:-1","max-image-preview":"max-image-preview:large","max-video-preview":"max-video-preview:-1"},"canonical":"https:\/\/fizzyvape.eu\/pt-pt\/produto\/150k-puffs-morango-kiwi-bagas-mistas-pastilha-elastica-de-melancia-pessego-sumarento\/","og_locale":"pt_PT","og_type":"article","og_title":"150K Puffs - Morango Kiwi &amp; Bagas Mistas &amp; Pastilha el\u00e1stica de melancia &amp; P\u00eassego sumarento","og_description":"Vaporizador descart\u00e1vel Taste Fizzy 150K Puffs com morango kiwi, bagas mistas, chiclete de melancia e p\u00eassego suculento. Recarreg\u00e1vel, batidas suaves, do\u00e7ura ousada.","og_url":"https:\/\/fizzyvape.eu\/pt-pt\/produto\/150k-puffs-morango-kiwi-bagas-mistas-pastilha-elastica-de-melancia-pessego-sumarento\/","og_site_name":"fizzyvape.eu","og_image":[{"width":1000,"height":1000,"url":"https:\/\/fizzyvape.eu\/wp-content\/uploads\/2026\/01\/Fizzy-15-in-1-150K-Puffs-Rechargeable-Disposable-Vape-Flavors-4-1.jpg","type":"image\/jpeg"}],"twitter_card":"summary_large_image","twitter_misc":{"Disponibilidade":"Em stock"},"schema":{"@context":"https:\/\/schema.org","@graph":[{"@type":"WebPage","@id":"https:\/\/fizzyvape.eu\/pt-pt\/produto\/150k-puffs-morango-kiwi-bagas-mistas-pastilha-elastica-de-melancia-pessego-sumarento\/","url":"https:\/\/fizzyvape.eu\/pt-pt\/produto\/150k-puffs-morango-kiwi-bagas-mistas-pastilha-elastica-de-melancia-pessego-sumarento\/","name":"Morango Kiwi & Bagas Mistas | Fizzy 150K Puffs - Sabores 15 em 1","isPartOf":{"@id":"https:\/\/www.fizzyvape.eu\/pt-pt\/#website"},"primaryImageOfPage":{"@id":"https:\/\/fizzyvape.eu\/pt-pt\/produto\/150k-puffs-morango-kiwi-bagas-mistas-pastilha-elastica-de-melancia-pessego-sumarento\/#primaryimage"},"image":{"@id":"https:\/\/fizzyvape.eu\/pt-pt\/produto\/150k-puffs-morango-kiwi-bagas-mistas-pastilha-elastica-de-melancia-pessego-sumarento\/#primaryimage"},"thumbnailUrl":"https:\/\/fizzyvape.eu\/wp-content\/uploads\/2026\/01\/Fizzy-15-in-1-150K-Puffs-Rechargeable-Disposable-Vape-Flavors-4-1.jpg","datePublished":"2026-01-19T09:53:48+00:00","description":"Vaporizador descart\u00e1vel Taste Fizzy 150K Puffs com morango kiwi, bagas mistas, chiclete de melancia e p\u00eassego suculento. Recarreg\u00e1vel, batidas suaves, do\u00e7ura ousada.","breadcrumb":{"@id":"https:\/\/fizzyvape.eu\/pt-pt\/produto\/150k-puffs-morango-kiwi-bagas-mistas-pastilha-elastica-de-melancia-pessego-sumarento\/#breadcrumb"},"inLanguage":"pt-PT","potentialAction":[{"@type":"ReadAction","target":["https:\/\/fizzyvape.eu\/pt-pt\/produto\/150k-puffs-morango-kiwi-bagas-mistas-pastilha-elastica-de-melancia-pessego-sumarento\/"]}]},{"@type":"ImageObject","inLanguage":"pt-PT","@id":"https:\/\/fizzyvape.eu\/pt-pt\/produto\/150k-puffs-morango-kiwi-bagas-mistas-pastilha-elastica-de-melancia-pessego-sumarento\/#primaryimage","url":"https:\/\/fizzyvape.eu\/wp-content\/uploads\/2026\/01\/Fizzy-15-in-1-150K-Puffs-Rechargeable-Disposable-Vape-Flavors-4-1.jpg","contentUrl":"https:\/\/fizzyvape.eu\/wp-content\/uploads\/2026\/01\/Fizzy-15-in-1-150K-Puffs-Rechargeable-Disposable-Vape-Flavors-4-1.jpg","width":1000,"height":1000,"caption":"Fizzy 15 em 1 150K Puffs Recarreg\u00e1vel Descart\u00e1vel Vape Sabores 4"},{"@type":"BreadcrumbList","@id":"https:\/\/fizzyvape.eu\/pt-pt\/produto\/150k-puffs-morango-kiwi-bagas-mistas-pastilha-elastica-de-melancia-pessego-sumarento\/#breadcrumb","itemListElement":[{"@type":"ListItem","position":1,"name":"Home","item":"https:\/\/fizzyvape.eu\/pt-pt\/"},{"@type":"ListItem","position":2,"name":"Shop","item":"https:\/\/www.fizzyvape.eu\/pt-pt\/shop\/"},{"@type":"ListItem","position":3,"name":"150K Puffs &#8211; Morango Kiwi &amp; Bagas Mistas &amp; Pastilha el\u00e1stica de melancia &amp; P\u00eassego sumarento"}]},{"@type":"WebSite","@id":"https:\/\/www.fizzyvape.eu\/pt-pt\/#website","url":"https:\/\/www.fizzyvape.eu\/pt-pt\/","name":"fizzyvape.eu","description":"Refreshing Vapes. Unforgettable Taste.","publisher":{"@id":"https:\/\/www.fizzyvape.eu\/pt-pt\/#organization"},"potentialAction":[{"@type":"SearchAction","target":{"@type":"EntryPoint","urlTemplate":"https:\/\/www.fizzyvape.eu\/pt-pt\/?s={search_term_string}"},"query-input":{"@type":"PropertyValueSpecification","valueRequired":true,"valueName":"search_term_string"}}],"inLanguage":"pt-PT"},{"@type":"Organization","@id":"https:\/\/www.fizzyvape.eu\/pt-pt\/#organization","name":"fizzyvape.eu","url":"https:\/\/www.fizzyvape.eu\/pt-pt\/","logo":{"@type":"ImageObject","inLanguage":"pt-PT","@id":"https:\/\/www.fizzyvape.eu\/pt-pt\/#\/schema\/logo\/image\/","url":"https:\/\/fizzyvape.eu\/wp-content\/uploads\/2019\/06\/print-1.svg","contentUrl":"https:\/\/fizzyvape.eu\/wp-content\/uploads\/2019\/06\/print-1.svg","width":124,"height":37,"caption":"fizzyvape.eu"},"image":{"@id":"https:\/\/www.fizzyvape.eu\/pt-pt\/#\/schema\/logo\/image\/"}}]},"og_availability":"instock","product_availability":"instock","product_condition":"new"},"tiered_pricing_type":"fixed","tiered_pricing_fixed_rules":[],"tiered_pricing_product_settings":{"layout":"default","base_unit_name":{"singular":null,"plural":null},"default_variation":null},"tiered_pricing_minimum_quantity":null,"tiered_pricing_roles_data":[],"tiered_pricing_percentage_rules":[],"tiered_pricing_maximum_quantity":null,"tiered_pricing_quantity_step":null,"_links":{"self":[{"href":"https:\/\/fizzyvape.eu\/pt-pt\/wp-json\/wp\/v2\/product\/39024","targetHints":{"allow":["GET"]}}],"collection":[{"href":"https:\/\/fizzyvape.eu\/pt-pt\/wp-json\/wp\/v2\/product"}],"about":[{"href":"https:\/\/fizzyvape.eu\/pt-pt\/wp-json\/wp\/v2\/types\/product"}],"replies":[{"embeddable":true,"href":"https:\/\/fizzyvape.eu\/pt-pt\/wp-json\/wp\/v2\/comments?post=39024"}],"version-history":[{"count":0,"href":"https:\/\/fizzyvape.eu\/pt-pt\/wp-json\/wp\/v2\/product\/39024\/revisions"}],"wp:featuredmedia":[{"embeddable":true,"href":"https:\/\/fizzyvape.eu\/pt-pt\/wp-json\/wp\/v2\/media\/38839"}],"wp:attachment":[{"href":"https:\/\/fizzyvape.eu\/pt-pt\/wp-json\/wp\/v2\/media?parent=39024"}],"wp:term":[{"taxonomy":"product_brand","embeddable":true,"href":"https:\/\/fizzyvape.eu\/pt-pt\/wp-json\/wp\/v2\/product_brand?post=39024"},{"taxonomy":"product_cat","embeddable":true,"href":"https:\/\/fizzyvape.eu\/pt-pt\/wp-json\/wp\/v2\/product_cat?post=39024"},{"taxonomy":"product_tag","embeddable":true,"href":"https:\/\/fizzyvape.eu\/pt-pt\/wp-json\/wp\/v2\/product_tag?post=39024"}],"curies":[{"name":"wp","href":"https:\/\/api.w.org\/{rel}","templated":true}]}}