{"id":39180,"date":"2026-01-19T18:20:45","date_gmt":"2026-01-19T10:20:45","guid":{"rendered":"https:\/\/fizzyvape.eu\/product\/150k-puffs-coca-cola-de-morango-e-baunilha-framboesa-de-mirtilo-gelo-de-melancia-baga-de-cereja\/"},"modified":"2026-01-19T18:20:45","modified_gmt":"2026-01-19T10:20:45","slug":"150k-puffs-coca-cola-de-morango-e-baunilha-framboesa-de-mirtilo-gelo-de-melancia-baga-de-cereja","status":"publish","type":"product","link":"https:\/\/fizzyvape.eu\/pt-pt\/produto\/150k-puffs-coca-cola-de-morango-e-baunilha-framboesa-de-mirtilo-gelo-de-melancia-baga-de-cereja\/","title":{"rendered":"150K Puffs &#8211; Coca-Cola de morango e baunilha &amp; Framboesa de mirtilo &amp; Gelo de melancia &amp; Baga de cereja"},"content":{"rendered":"<p><img decoding=\"async\" class=\"aligncenter wp-image-38896 size-large\" src=\"https:\/\/fizzyvape.eu\/wp-content\/uploads\/2026\/01\/Fizzy-15-in-1-150K-Puffs-Rechargeable-Disposable-Vape-Flavors-11-1-800x800.jpg\" alt=\"Fizzy 15 em 1 150K Puffs Recarreg\u00e1veis Descart\u00e1veis Vape Sabores 11\" width=\"800\" height=\"800\" srcset=\"https:\/\/fizzyvape.eu\/wp-content\/uploads\/2026\/01\/Fizzy-15-in-1-150K-Puffs-Rechargeable-Disposable-Vape-Flavors-11-1-800x800.jpg 800w, https:\/\/fizzyvape.eu\/wp-content\/uploads\/2026\/01\/Fizzy-15-in-1-150K-Puffs-Rechargeable-Disposable-Vape-Flavors-11-1-300x300.jpg 300w, https:\/\/fizzyvape.eu\/wp-content\/uploads\/2026\/01\/Fizzy-15-in-1-150K-Puffs-Rechargeable-Disposable-Vape-Flavors-11-1-150x150.jpg 150w, https:\/\/fizzyvape.eu\/wp-content\/uploads\/2026\/01\/Fizzy-15-in-1-150K-Puffs-Rechargeable-Disposable-Vape-Flavors-11-1-768x768.jpg 768w, https:\/\/fizzyvape.eu\/wp-content\/uploads\/2026\/01\/Fizzy-15-in-1-150K-Puffs-Rechargeable-Disposable-Vape-Flavors-11-1-100x100.jpg 100w, https:\/\/fizzyvape.eu\/wp-content\/uploads\/2026\/01\/Fizzy-15-in-1-150K-Puffs-Rechargeable-Disposable-Vape-Flavors-11-1-200x200.jpg 200w, https:\/\/fizzyvape.eu\/wp-content\/uploads\/2026\/01\/Fizzy-15-in-1-150K-Puffs-Rechargeable-Disposable-Vape-Flavors-11-1-400x400.jpg 400w, https:\/\/fizzyvape.eu\/wp-content\/uploads\/2026\/01\/Fizzy-15-in-1-150K-Puffs-Rechargeable-Disposable-Vape-Flavors-11-1-500x500.jpg 500w, https:\/\/fizzyvape.eu\/wp-content\/uploads\/2026\/01\/Fizzy-15-in-1-150K-Puffs-Rechargeable-Disposable-Vape-Flavors-11-1-430x430.jpg 430w, https:\/\/fizzyvape.eu\/wp-content\/uploads\/2026\/01\/Fizzy-15-in-1-150K-Puffs-Rechargeable-Disposable-Vape-Flavors-11-1-700x700.jpg 700w, https:\/\/fizzyvape.eu\/wp-content\/uploads\/2026\/01\/Fizzy-15-in-1-150K-Puffs-Rechargeable-Disposable-Vape-Flavors-11-1.jpg 1000w\" sizes=\"(max-width: 800px) 100vw, 800px\" \/><\/p>\n<h2>Fizzy 150K Puffs &#8211; Coca-Cola de morango e baunilha &amp; framboesa de mirtilo &amp; gelo de melancia &amp; cereja de baga<\/h2>\n<p>Redefine os teus padr\u00f5es de vaporiza\u00e7\u00e3o com o <b>vape descart\u00e1vel Fizzy 150K Puffs<\/b>, uma esta\u00e7\u00e3o de sabores de alto desempenho que combina uma enorme capacidade com uma variedade sem precedentes. Com um <b>reservat\u00f3rio de e-l\u00edquido de 80 ml<\/b> e um <b>sistema de comuta\u00e7\u00e3o<\/b> patenteado <b>15 em 1<\/b>, este dispositivo foi concebido para aqueles que querem passar de um refrigerante cremoso para uma explos\u00e3o de fruta gelada em segundos. Esta edi\u00e7\u00e3o \u00e9 um destaque, com a rara e deliciosa mistura de <b>Strawberry Vanilla Coke<\/b>.  <\/p>\n<h2><b>A lista de 4 sabores<\/b><\/h2>\n<p>Dentro deste <b>vape descart\u00e1vel 150K Puffs<\/b>, tens quatro c\u00e1psulas independentes de 20 ml. Desfruta delas a solo, ou usa o bot\u00e3o inteligente para <b>as misturar em 15 combina\u00e7\u00f5es h\u00edbridas \u00fanicas<\/b>: <\/p>\n<ul>\n<li>Coca-Cola <b>de morango e baunilha:<\/b> Uma base de cola suave e nost\u00e1lgica, infundida com morangos doces e um acabamento cremoso de baunilha.<\/li>\n<li><b>Mirtilo Framboesa:<\/b> Um duo picante e doce de mirtilos selvagens da montanha e framboesas azedas.<\/li>\n<li><b>Melancia Gelada:<\/b> Melancia de ver\u00e3o crocante e suculenta com uma exala\u00e7\u00e3o \u00e1rtica refrescante.<\/li>\n<li><b>Baga de Cereja:<\/b> Uma mistura deliciosa de cerejas escuras doces e uma variedade de bagas silvestres mistas.<\/li>\n<\/ul>\n<p><img decoding=\"async\" class=\"wp-image-38407 size-full\" src=\"https:\/\/fizzyvape.eu\/wp-content\/uploads\/2025\/12\/Fizzy-150K-Puffs-Disposable-Vape-5-scaled.jpg\" alt=\"Fizzy 150K Puffs Vape descart\u00e1vel - 5\" width=\"1663\" height=\"2560\" srcset=\"https:\/\/fizzyvape.eu\/wp-content\/uploads\/2025\/12\/Fizzy-150K-Puffs-Disposable-Vape-5-scaled.jpg 1663w, https:\/\/fizzyvape.eu\/wp-content\/uploads\/2025\/12\/Fizzy-150K-Puffs-Disposable-Vape-5-195x300.jpg 195w, https:\/\/fizzyvape.eu\/wp-content\/uploads\/2025\/12\/Fizzy-150K-Puffs-Disposable-Vape-5-520x800.jpg 520w, https:\/\/fizzyvape.eu\/wp-content\/uploads\/2025\/12\/Fizzy-150K-Puffs-Disposable-Vape-5-768x1182.jpg 768w, https:\/\/fizzyvape.eu\/wp-content\/uploads\/2025\/12\/Fizzy-150K-Puffs-Disposable-Vape-5-998x1536.jpg 998w, https:\/\/fizzyvape.eu\/wp-content\/uploads\/2025\/12\/Fizzy-150K-Puffs-Disposable-Vape-5-1330x2048.jpg 1330w, https:\/\/fizzyvape.eu\/wp-content\/uploads\/2025\/12\/Fizzy-150K-Puffs-Disposable-Vape-5-430x662.jpg 430w, https:\/\/fizzyvape.eu\/wp-content\/uploads\/2025\/12\/Fizzy-150K-Puffs-Disposable-Vape-5-700x1078.jpg 700w, https:\/\/fizzyvape.eu\/wp-content\/uploads\/2025\/12\/Fizzy-150K-Puffs-Disposable-Vape-5-150x231.jpg 150w\" sizes=\"(max-width: 1663px) 100vw, 1663px\" \/><\/p>\n<h2><b>\ud83d\udce6 Especifica\u00e7\u00f5es<\/b><\/h2>\n<table>\n<thead>\n<tr>\n<td><strong>Carater\u00edsticas<\/strong><\/td>\n<td><strong>Dados t\u00e9cnicos B2B<\/strong><\/td>\n<\/tr>\n<\/thead>\n<tbody>\n<tr>\n<td><b>Contagem de baforadas<\/b><\/td>\n<td>At\u00e9 150.000 baforadas<\/td>\n<\/tr>\n<tr>\n<td><b>Capacidade do E-l\u00edquido<\/b><\/td>\n<td><b>80mL Total (20mL x 4 c\u00e1psulas independentes)<\/b><\/td>\n<\/tr>\n<tr>\n<td><b>Bateria<\/b><\/td>\n<td>1000mAh Cobalto puro (Recarreg\u00e1vel tipo C)<\/td>\n<\/tr>\n<tr>\n<td><b>Modos de sabor<\/b><\/td>\n<td><b>15 combina\u00e7\u00f5es inteligentes (A\/B\/C\/D + h\u00edbridos)<\/b><\/td>\n<\/tr>\n<tr>\n<td><b>Sistema de bobina<\/b><\/td>\n<td>Quad-Mesh 1.0\u03a9 (alta consist\u00eancia de fornecimento)<\/td>\n<\/tr>\n<tr>\n<td><b>Embalagens<\/b><\/td>\n<td>Caixas de exposi\u00e7\u00e3o prontas para venda a retalho<\/td>\n<\/tr>\n<\/tbody>\n<\/table>\n<h2><strong>Lista de sabores de vaporizadores descart<\/strong>\u00e1veis recarreg\u00e1veis 15 em 1 150K Puffs <strong>:<\/strong><\/h2>\n<ol>\n<li><a href=\"https:\/\/fizzyvape.eu\/pt-pt\/produto\/150k-puffs-gelo-de-melancia-red-bull-framboesa-de-morango-gelo-de-melao-triplo\/\">gelo de melancia &amp; red bull &amp; morango framboesa &amp; gelo triplo de mel\u00e3o<\/a><\/li>\n<li><a href=\"https:\/\/fizzyvape.eu\/pt-pt\/produto\/150k-puffs-gelado-de-morango-e-kiwi-maracuja-goiaba-e-pessego-manga-melancia-e-uva\/\">morango ice &amp; kiwi maracuj\u00e1 goiaba &amp; p\u00eassego manga melancia &amp; uva burst<\/a><\/li>\n<li><a href=\"https:\/\/fizzyvape.eu\/pt-pt\/produto\/150k-puffs-red-bull-morango-kiwi-roma-mirtilo-ice-ananas-coco\/\">red bull &amp; morango kiwi rom\u00e3 &amp; mirtilo ice &amp; anan\u00e1s coco<\/a><\/li>\n<li><a href=\"https:\/\/fizzyvape.eu\/pt-pt\/produto\/150k-puffs-morango-kiwi-bagas-mistas-pastilha-elastica-de-melancia-pessego-sumarento\/\">morango kiwi &amp; mistura de frutos silvestres &amp; melancia bubblegum &amp; p\u00eassego sumarento<\/a><\/li>\n<li><a href=\"https:\/\/fizzyvape.eu\/pt-pt\/produto\/150k-puffs-blueberry-raspberry-strawberry-ice-blue-razz-lemonade-watermelon-gummy-bear\/\">mirtilo framboesa &amp; morango ice &amp; blue razz limonada &amp; melancia gummy bear<\/a><\/li>\n<li><a href=\"https:\/\/fizzyvape.eu\/pt-pt\/produto\/150k-puffs-tropical-fruit-punch-watermelon-framboesa-blueberry-coco-strawberry-skittles\/\">ponche de frutas tropicais e melancia framboesa e mirtilo coco e morango skittles<\/a><\/li>\n<li><a href=\"https:\/\/fizzyvape.eu\/pt-pt\/produto\/150k-puffs-amor-66-morango-kiwi-melancia-mirtilo-limonada-de-framboesa\/\">amor 66 &amp; morango kiwi &amp; melancia mirtilo &amp; framboesa limonada<\/a><\/li>\n<li><a href=\"https:\/\/fizzyvape.eu\/pt-pt\/produto\/150k-puffs-mistura-de-frutos-silvestres-e-ananas-pessego-maracuja-e-cola-com-gas-e-morango-framboesa\/\">mistura de frutos silvestres e anan\u00e1s p\u00eassego maracuj\u00e1 e cola com g\u00e1s e morango framboesa<\/a><\/li>\n<li><a href=\"https:\/\/fizzyvape.eu\/pt-pt\/produto\/150k-puffs-blue-razz-rapsberry-watermelon-cherry-ice-strawberry-grape-passion-fruit-orange-peach\/\">blue razz rapsberry &amp; watermelon cherry ice &amp; strawberry grape &amp;passion fruit orange peach<\/a><\/li>\n<li><a href=\"https:\/\/fizzyvape.eu\/pt-pt\/produto\/150k-puffs-cereja-com-gas-morango-fruta-do-dragao-lima-limao-melancia-e-mirtilo\/\">cereja efervescente &amp; morango fruta do drag\u00e3o &amp; lim\u00e3o lima &amp; melancia mirtilo<\/a><\/li>\n<li><a href=\"https:\/\/fizzyvape.eu\/pt-pt\/produto\/150k-puffs-coca-cola-de-morango-e-baunilha-framboesa-de-mirtilo-gelo-de-melancia-baga-de-cereja\/\">Coca-Cola de morango e baunilha e mirtilo framboesa e melancia gelo e cereja<\/a><\/li>\n<li><a href=\"https:\/\/fizzyvape.eu\/produto\/fizzy-150k-puffs-mojito-ice-set\/\">mirtilo ice &amp; morango melancia &amp; mojito &amp; kiwi maracuj\u00e1 goiaba<\/a><\/li>\n<\/ol>\n<h2><b>FAQ r\u00e1pido<\/b><\/h2>\n<p><b>P: Como \u00e9 que mudo para o sabor Coca-Cola de morango e baunilha?<\/b><\/p>\n<p>R: Basta usares o seletor inteligente do dispositivo para rodares para o Pod A. Se quiseres ser criativo, experimenta misturar o Pod A com o Pod C para obteres um toque <i>de morango e baunilha<\/i> e melancia!<\/p>\n<p><b>P: O vape descart\u00e1vel 150K Puffs \u00e9 aut\u00eantico?<\/b><\/p>\n<p>R: Sim. Cada Fizzy 150K vendido aqui inclui um c\u00f3digo de raspadinha de seguran\u00e7a \u00fanico para verifica\u00e7\u00e3o oficial no site da Fizzy. <\/p>\n<p><b>P: Quanto tempo dura o sabor?<\/b><\/p>\n<p>R: Gra\u00e7as ao <b>sistema Quad-Mesh<\/b>, o algod\u00e3o e o elemento de aquecimento em cada c\u00e1psula permanecem frescos, garantindo que o perfil de sabor se mant\u00e9m consistente desde a primeira baforada at\u00e9 \u00e0 150.000\u00aa.<\/p>\n","protected":false},"excerpt":{"rendered":"[html_block id=\"38779\"]\n","protected":false},"featured_media":38902,"comment_status":"open","ping_status":"closed","template":"","meta":{"iawp_total_views":1},"product_brand":[],"product_cat":[999],"product_tag":[],"class_list":{"0":"post-39180","1":"product","2":"type-product","3":"status-publish","4":"has-post-thumbnail","6":"product_cat-efervescente-150k-150000-puffs-15-em-1-vape-descartavel-recarregavel","8":"first","9":"instock","10":"sale","11":"shipping-taxable","12":"purchasable","13":"product-type-variable"},"yoast_head":"<!-- This site is optimized with the Yoast SEO Premium plugin v24.8 (Yoast SEO v27.4) - https:\/\/yoast.com\/product\/yoast-seo-premium-wordpress\/ -->\n<title>Coca-Cola de morango e baunilha | Fizzy 150K Puffs - 15 em 1 sabores<\/title>\n<meta name=\"description\" content=\"Vape descart\u00e1vel Fizzy 150K Puffs com Coca-Cola de morango e baunilha, framboesa de mirtilo, gelo de melancia e cereja. Dispositivo recarreg\u00e1vel e rico em sabores.\" \/>\n<meta name=\"robots\" content=\"index, follow, max-snippet:-1, max-image-preview:large, max-video-preview:-1\" \/>\n<link rel=\"canonical\" href=\"https:\/\/fizzyvape.eu\/pt-pt\/produto\/150k-puffs-coca-cola-de-morango-e-baunilha-framboesa-de-mirtilo-gelo-de-melancia-baga-de-cereja\/\" \/>\n<meta property=\"og:locale\" content=\"pt_PT\" \/>\n<meta property=\"og:type\" content=\"article\" \/>\n<meta property=\"og:title\" content=\"150K Puffs - Coca-Cola de morango e baunilha &amp; Framboesa de mirtilo &amp; Gelo de melancia &amp; Baga de cereja\" \/>\n<meta property=\"og:description\" content=\"Vape descart\u00e1vel Fizzy 150K Puffs com Coca-Cola de morango e baunilha, framboesa de mirtilo, gelo de melancia e cereja. Dispositivo recarreg\u00e1vel e rico em sabores.\" \/>\n<meta property=\"og:url\" content=\"https:\/\/fizzyvape.eu\/pt-pt\/produto\/150k-puffs-coca-cola-de-morango-e-baunilha-framboesa-de-mirtilo-gelo-de-melancia-baga-de-cereja\/\" \/>\n<meta property=\"og:site_name\" content=\"fizzyvape.eu\" \/>\n<meta property=\"og:image\" content=\"https:\/\/fizzyvape.eu\/wp-content\/uploads\/2026\/01\/Fizzy-15-in-1-150K-Puffs-Rechargeable-Disposable-Vape-Flavors-11-1.jpg\" \/>\n\t<meta property=\"og:image:width\" content=\"1000\" \/>\n\t<meta property=\"og:image:height\" content=\"1000\" \/>\n\t<meta property=\"og:image:type\" content=\"image\/jpeg\" \/>\n<meta name=\"twitter:card\" content=\"summary_large_image\" \/>\n<meta name=\"twitter:label1\" content=\"Disponibilidade\" \/>\n\t<meta name=\"twitter:data1\" content=\"Em stock\" \/>\n<script type=\"application\/ld+json\" class=\"yoast-schema-graph\">{\"@context\":\"https:\\\/\\\/schema.org\",\"@graph\":[{\"@type\":\"WebPage\",\"@id\":\"https:\\\/\\\/fizzyvape.eu\\\/pt-pt\\\/produto\\\/150k-puffs-coca-cola-de-morango-e-baunilha-framboesa-de-mirtilo-gelo-de-melancia-baga-de-cereja\\\/\",\"url\":\"https:\\\/\\\/fizzyvape.eu\\\/pt-pt\\\/produto\\\/150k-puffs-coca-cola-de-morango-e-baunilha-framboesa-de-mirtilo-gelo-de-melancia-baga-de-cereja\\\/\",\"name\":\"Coca-Cola de morango e baunilha | Fizzy 150K Puffs - 15 em 1 sabores\",\"isPartOf\":{\"@id\":\"https:\\\/\\\/www.fizzyvape.eu\\\/pt-pt\\\/#website\"},\"primaryImageOfPage\":{\"@id\":\"https:\\\/\\\/fizzyvape.eu\\\/pt-pt\\\/produto\\\/150k-puffs-coca-cola-de-morango-e-baunilha-framboesa-de-mirtilo-gelo-de-melancia-baga-de-cereja\\\/#primaryimage\"},\"image\":{\"@id\":\"https:\\\/\\\/fizzyvape.eu\\\/pt-pt\\\/produto\\\/150k-puffs-coca-cola-de-morango-e-baunilha-framboesa-de-mirtilo-gelo-de-melancia-baga-de-cereja\\\/#primaryimage\"},\"thumbnailUrl\":\"https:\\\/\\\/fizzyvape.eu\\\/wp-content\\\/uploads\\\/2026\\\/01\\\/Fizzy-15-in-1-150K-Puffs-Rechargeable-Disposable-Vape-Flavors-11-1.jpg\",\"datePublished\":\"2026-01-19T10:20:45+00:00\",\"description\":\"Vape descart\u00e1vel Fizzy 150K Puffs com Coca-Cola de morango e baunilha, framboesa de mirtilo, gelo de melancia e cereja. Dispositivo recarreg\u00e1vel e rico em sabores.\",\"breadcrumb\":{\"@id\":\"https:\\\/\\\/fizzyvape.eu\\\/pt-pt\\\/produto\\\/150k-puffs-coca-cola-de-morango-e-baunilha-framboesa-de-mirtilo-gelo-de-melancia-baga-de-cereja\\\/#breadcrumb\"},\"inLanguage\":\"pt-PT\",\"potentialAction\":[{\"@type\":\"ReadAction\",\"target\":[\"https:\\\/\\\/fizzyvape.eu\\\/pt-pt\\\/produto\\\/150k-puffs-coca-cola-de-morango-e-baunilha-framboesa-de-mirtilo-gelo-de-melancia-baga-de-cereja\\\/\"]}]},{\"@type\":\"ImageObject\",\"inLanguage\":\"pt-PT\",\"@id\":\"https:\\\/\\\/fizzyvape.eu\\\/pt-pt\\\/produto\\\/150k-puffs-coca-cola-de-morango-e-baunilha-framboesa-de-mirtilo-gelo-de-melancia-baga-de-cereja\\\/#primaryimage\",\"url\":\"https:\\\/\\\/fizzyvape.eu\\\/wp-content\\\/uploads\\\/2026\\\/01\\\/Fizzy-15-in-1-150K-Puffs-Rechargeable-Disposable-Vape-Flavors-11-1.jpg\",\"contentUrl\":\"https:\\\/\\\/fizzyvape.eu\\\/wp-content\\\/uploads\\\/2026\\\/01\\\/Fizzy-15-in-1-150K-Puffs-Rechargeable-Disposable-Vape-Flavors-11-1.jpg\",\"width\":1000,\"height\":1000,\"caption\":\"Fizzy 15 em 1 150K Puffs Recarreg\u00e1vel Descart\u00e1vel Vape Sabores 11\"},{\"@type\":\"BreadcrumbList\",\"@id\":\"https:\\\/\\\/fizzyvape.eu\\\/pt-pt\\\/produto\\\/150k-puffs-coca-cola-de-morango-e-baunilha-framboesa-de-mirtilo-gelo-de-melancia-baga-de-cereja\\\/#breadcrumb\",\"itemListElement\":[{\"@type\":\"ListItem\",\"position\":1,\"name\":\"Home\",\"item\":\"https:\\\/\\\/fizzyvape.eu\\\/pt-pt\\\/\"},{\"@type\":\"ListItem\",\"position\":2,\"name\":\"Shop\",\"item\":\"https:\\\/\\\/www.fizzyvape.eu\\\/pt-pt\\\/shop\\\/\"},{\"@type\":\"ListItem\",\"position\":3,\"name\":\"150K Puffs &#8211; Coca-Cola de morango e baunilha &amp; Framboesa de mirtilo &amp; Gelo de melancia &amp; Baga de cereja\"}]},{\"@type\":\"WebSite\",\"@id\":\"https:\\\/\\\/www.fizzyvape.eu\\\/pt-pt\\\/#website\",\"url\":\"https:\\\/\\\/www.fizzyvape.eu\\\/pt-pt\\\/\",\"name\":\"fizzyvape.eu\",\"description\":\"Refreshing Vapes. Unforgettable Taste.\",\"publisher\":{\"@id\":\"https:\\\/\\\/www.fizzyvape.eu\\\/pt-pt\\\/#organization\"},\"potentialAction\":[{\"@type\":\"SearchAction\",\"target\":{\"@type\":\"EntryPoint\",\"urlTemplate\":\"https:\\\/\\\/www.fizzyvape.eu\\\/pt-pt\\\/?s={search_term_string}\"},\"query-input\":{\"@type\":\"PropertyValueSpecification\",\"valueRequired\":true,\"valueName\":\"search_term_string\"}}],\"inLanguage\":\"pt-PT\"},{\"@type\":\"Organization\",\"@id\":\"https:\\\/\\\/www.fizzyvape.eu\\\/pt-pt\\\/#organization\",\"name\":\"fizzyvape.eu\",\"url\":\"https:\\\/\\\/www.fizzyvape.eu\\\/pt-pt\\\/\",\"logo\":{\"@type\":\"ImageObject\",\"inLanguage\":\"pt-PT\",\"@id\":\"https:\\\/\\\/www.fizzyvape.eu\\\/pt-pt\\\/#\\\/schema\\\/logo\\\/image\\\/\",\"url\":\"https:\\\/\\\/fizzyvape.eu\\\/wp-content\\\/uploads\\\/2019\\\/06\\\/print-1.svg\",\"contentUrl\":\"https:\\\/\\\/fizzyvape.eu\\\/wp-content\\\/uploads\\\/2019\\\/06\\\/print-1.svg\",\"width\":124,\"height\":37,\"caption\":\"fizzyvape.eu\"},\"image\":{\"@id\":\"https:\\\/\\\/www.fizzyvape.eu\\\/pt-pt\\\/#\\\/schema\\\/logo\\\/image\\\/\"}}]}<\/script>\n<meta property=\"og:availability\" content=\"instock\" \/>\n<meta property=\"product:availability\" content=\"instock\" \/>\n<meta property=\"product:condition\" content=\"new\" \/>\n<!-- \/ Yoast SEO Premium plugin. -->","yoast_head_json":{"title":"Coca-Cola de morango e baunilha | Fizzy 150K Puffs - 15 em 1 sabores","description":"Vape descart\u00e1vel Fizzy 150K Puffs com Coca-Cola de morango e baunilha, framboesa de mirtilo, gelo de melancia e cereja. Dispositivo recarreg\u00e1vel e rico em sabores.","robots":{"index":"index","follow":"follow","max-snippet":"max-snippet:-1","max-image-preview":"max-image-preview:large","max-video-preview":"max-video-preview:-1"},"canonical":"https:\/\/fizzyvape.eu\/pt-pt\/produto\/150k-puffs-coca-cola-de-morango-e-baunilha-framboesa-de-mirtilo-gelo-de-melancia-baga-de-cereja\/","og_locale":"pt_PT","og_type":"article","og_title":"150K Puffs - Coca-Cola de morango e baunilha &amp; Framboesa de mirtilo &amp; Gelo de melancia &amp; Baga de cereja","og_description":"Vape descart\u00e1vel Fizzy 150K Puffs com Coca-Cola de morango e baunilha, framboesa de mirtilo, gelo de melancia e cereja. Dispositivo recarreg\u00e1vel e rico em sabores.","og_url":"https:\/\/fizzyvape.eu\/pt-pt\/produto\/150k-puffs-coca-cola-de-morango-e-baunilha-framboesa-de-mirtilo-gelo-de-melancia-baga-de-cereja\/","og_site_name":"fizzyvape.eu","og_image":[{"width":1000,"height":1000,"url":"https:\/\/fizzyvape.eu\/wp-content\/uploads\/2026\/01\/Fizzy-15-in-1-150K-Puffs-Rechargeable-Disposable-Vape-Flavors-11-1.jpg","type":"image\/jpeg"}],"twitter_card":"summary_large_image","twitter_misc":{"Disponibilidade":"Em stock"},"schema":{"@context":"https:\/\/schema.org","@graph":[{"@type":"WebPage","@id":"https:\/\/fizzyvape.eu\/pt-pt\/produto\/150k-puffs-coca-cola-de-morango-e-baunilha-framboesa-de-mirtilo-gelo-de-melancia-baga-de-cereja\/","url":"https:\/\/fizzyvape.eu\/pt-pt\/produto\/150k-puffs-coca-cola-de-morango-e-baunilha-framboesa-de-mirtilo-gelo-de-melancia-baga-de-cereja\/","name":"Coca-Cola de morango e baunilha | Fizzy 150K Puffs - 15 em 1 sabores","isPartOf":{"@id":"https:\/\/www.fizzyvape.eu\/pt-pt\/#website"},"primaryImageOfPage":{"@id":"https:\/\/fizzyvape.eu\/pt-pt\/produto\/150k-puffs-coca-cola-de-morango-e-baunilha-framboesa-de-mirtilo-gelo-de-melancia-baga-de-cereja\/#primaryimage"},"image":{"@id":"https:\/\/fizzyvape.eu\/pt-pt\/produto\/150k-puffs-coca-cola-de-morango-e-baunilha-framboesa-de-mirtilo-gelo-de-melancia-baga-de-cereja\/#primaryimage"},"thumbnailUrl":"https:\/\/fizzyvape.eu\/wp-content\/uploads\/2026\/01\/Fizzy-15-in-1-150K-Puffs-Rechargeable-Disposable-Vape-Flavors-11-1.jpg","datePublished":"2026-01-19T10:20:45+00:00","description":"Vape descart\u00e1vel Fizzy 150K Puffs com Coca-Cola de morango e baunilha, framboesa de mirtilo, gelo de melancia e cereja. Dispositivo recarreg\u00e1vel e rico em sabores.","breadcrumb":{"@id":"https:\/\/fizzyvape.eu\/pt-pt\/produto\/150k-puffs-coca-cola-de-morango-e-baunilha-framboesa-de-mirtilo-gelo-de-melancia-baga-de-cereja\/#breadcrumb"},"inLanguage":"pt-PT","potentialAction":[{"@type":"ReadAction","target":["https:\/\/fizzyvape.eu\/pt-pt\/produto\/150k-puffs-coca-cola-de-morango-e-baunilha-framboesa-de-mirtilo-gelo-de-melancia-baga-de-cereja\/"]}]},{"@type":"ImageObject","inLanguage":"pt-PT","@id":"https:\/\/fizzyvape.eu\/pt-pt\/produto\/150k-puffs-coca-cola-de-morango-e-baunilha-framboesa-de-mirtilo-gelo-de-melancia-baga-de-cereja\/#primaryimage","url":"https:\/\/fizzyvape.eu\/wp-content\/uploads\/2026\/01\/Fizzy-15-in-1-150K-Puffs-Rechargeable-Disposable-Vape-Flavors-11-1.jpg","contentUrl":"https:\/\/fizzyvape.eu\/wp-content\/uploads\/2026\/01\/Fizzy-15-in-1-150K-Puffs-Rechargeable-Disposable-Vape-Flavors-11-1.jpg","width":1000,"height":1000,"caption":"Fizzy 15 em 1 150K Puffs Recarreg\u00e1vel Descart\u00e1vel Vape Sabores 11"},{"@type":"BreadcrumbList","@id":"https:\/\/fizzyvape.eu\/pt-pt\/produto\/150k-puffs-coca-cola-de-morango-e-baunilha-framboesa-de-mirtilo-gelo-de-melancia-baga-de-cereja\/#breadcrumb","itemListElement":[{"@type":"ListItem","position":1,"name":"Home","item":"https:\/\/fizzyvape.eu\/pt-pt\/"},{"@type":"ListItem","position":2,"name":"Shop","item":"https:\/\/www.fizzyvape.eu\/pt-pt\/shop\/"},{"@type":"ListItem","position":3,"name":"150K Puffs &#8211; Coca-Cola de morango e baunilha &amp; Framboesa de mirtilo &amp; Gelo de melancia &amp; Baga de cereja"}]},{"@type":"WebSite","@id":"https:\/\/www.fizzyvape.eu\/pt-pt\/#website","url":"https:\/\/www.fizzyvape.eu\/pt-pt\/","name":"fizzyvape.eu","description":"Refreshing Vapes. Unforgettable Taste.","publisher":{"@id":"https:\/\/www.fizzyvape.eu\/pt-pt\/#organization"},"potentialAction":[{"@type":"SearchAction","target":{"@type":"EntryPoint","urlTemplate":"https:\/\/www.fizzyvape.eu\/pt-pt\/?s={search_term_string}"},"query-input":{"@type":"PropertyValueSpecification","valueRequired":true,"valueName":"search_term_string"}}],"inLanguage":"pt-PT"},{"@type":"Organization","@id":"https:\/\/www.fizzyvape.eu\/pt-pt\/#organization","name":"fizzyvape.eu","url":"https:\/\/www.fizzyvape.eu\/pt-pt\/","logo":{"@type":"ImageObject","inLanguage":"pt-PT","@id":"https:\/\/www.fizzyvape.eu\/pt-pt\/#\/schema\/logo\/image\/","url":"https:\/\/fizzyvape.eu\/wp-content\/uploads\/2019\/06\/print-1.svg","contentUrl":"https:\/\/fizzyvape.eu\/wp-content\/uploads\/2019\/06\/print-1.svg","width":124,"height":37,"caption":"fizzyvape.eu"},"image":{"@id":"https:\/\/www.fizzyvape.eu\/pt-pt\/#\/schema\/logo\/image\/"}}]},"og_availability":"instock","product_availability":"instock","product_condition":"new"},"tiered_pricing_type":"fixed","tiered_pricing_fixed_rules":[],"tiered_pricing_product_settings":{"layout":"default","base_unit_name":{"singular":null,"plural":null},"default_variation":null},"tiered_pricing_minimum_quantity":null,"tiered_pricing_roles_data":[],"tiered_pricing_percentage_rules":[],"tiered_pricing_maximum_quantity":null,"tiered_pricing_quantity_step":null,"_links":{"self":[{"href":"https:\/\/fizzyvape.eu\/pt-pt\/wp-json\/wp\/v2\/product\/39180","targetHints":{"allow":["GET"]}}],"collection":[{"href":"https:\/\/fizzyvape.eu\/pt-pt\/wp-json\/wp\/v2\/product"}],"about":[{"href":"https:\/\/fizzyvape.eu\/pt-pt\/wp-json\/wp\/v2\/types\/product"}],"replies":[{"embeddable":true,"href":"https:\/\/fizzyvape.eu\/pt-pt\/wp-json\/wp\/v2\/comments?post=39180"}],"version-history":[{"count":0,"href":"https:\/\/fizzyvape.eu\/pt-pt\/wp-json\/wp\/v2\/product\/39180\/revisions"}],"wp:featuredmedia":[{"embeddable":true,"href":"https:\/\/fizzyvape.eu\/pt-pt\/wp-json\/wp\/v2\/media\/38902"}],"wp:attachment":[{"href":"https:\/\/fizzyvape.eu\/pt-pt\/wp-json\/wp\/v2\/media?parent=39180"}],"wp:term":[{"taxonomy":"product_brand","embeddable":true,"href":"https:\/\/fizzyvape.eu\/pt-pt\/wp-json\/wp\/v2\/product_brand?post=39180"},{"taxonomy":"product_cat","embeddable":true,"href":"https:\/\/fizzyvape.eu\/pt-pt\/wp-json\/wp\/v2\/product_cat?post=39180"},{"taxonomy":"product_tag","embeddable":true,"href":"https:\/\/fizzyvape.eu\/pt-pt\/wp-json\/wp\/v2\/product_tag?post=39180"}],"curies":[{"name":"wp","href":"https:\/\/api.w.org\/{rel}","templated":true}]}}