{"id":39366,"date":"2025-12-31T13:39:32","date_gmt":"2025-12-31T05:39:32","guid":{"rendered":"https:\/\/fizzyvape.eu\/product\/fizzy-150k-puffs-15-em-1-sabores-10pcs\/"},"modified":"2025-12-31T13:39:32","modified_gmt":"2025-12-31T05:39:32","slug":"fizzy-150k-puffs-15-em-1-sabores-10pcs","status":"publish","type":"product","link":"https:\/\/fizzyvape.eu\/pt-pt\/produto\/fizzy-150k-puffs-15-em-1-sabores-10pcs\/","title":{"rendered":"Fizzy 150K Puffs 15 em 1 sabores -10pcs"},"content":{"rendered":"<h2>Fizzy 150K Puffs Rechargeable Disposable Vape &#8211; O primeiro dispositivo vape inteligente 15 em 1 do mundo.<\/h2>\n<p>O vaporizador descart\u00e1vel recarreg\u00e1vel <strong>Fizzy 150K Puffs<\/strong> foi concebido para utilizadores que pretendem um <strong>n\u00famero m\u00e1ximo de baforadas, um desempenho duradouro e uma variedade de sabores<\/strong> num dispositivo de qualidade superior. Com at\u00e9 <strong>150.000 baforadas<\/strong>, este modelo destaca-se como um dos vapes descart\u00e1veis de maior capacidade dispon\u00edveis na Europa. <\/p>\n<p>Ao contr\u00e1rio dos descart\u00e1veis tradicionais, o <strong>vape descart\u00e1vel recarreg\u00e1vel Fizzy 150K Puffs<\/strong> combina conveni\u00eancia com durabilidade, tornando-o ideal tanto para utilizadores di\u00e1rios como para compradores por grosso.<\/p>\n<h2>Capacidade de sopro ultra-elevada &#8211; 150.000 sopros<\/h2>\n<p>Com uma impressionante quantidade <strong>de 150.000 baforadas<\/strong>, o <strong>Fizzy 150K Puffs<\/strong> tem uma vida \u00fatil excecionalmente longa. Este n\u00famero ultra elevado de baforadas reduz significativamente a frequ\u00eancia de substitui\u00e7\u00e3o, tornando-o ideal para utilizadores intensivos e clientes que procuram o m\u00e1ximo valor num vape descart\u00e1vel. <\/p>\n<p>Em compara\u00e7\u00e3o com os vapes descart\u00e1veis normais, o <strong>Fizzy 150K Puffs<\/strong> oferece-te uma experi\u00eancia de vaporiza\u00e7\u00e3o mais est\u00e1vel e econ\u00f3mica ao longo do tempo.<\/p>\n<h2>15 sabores num s\u00f3 dispositivo &#8211; n\u00e3o precisas de trocar<\/h2>\n<p>O <strong>sistema de sabores 15 em 1<\/strong> permite aos utilizadores desfrutar de v\u00e1rios perfis de sabores num \u00fanico dispositivo. Em vez de transportares v\u00e1rios vapes, o <strong>Fizzy 150K Puffs<\/strong> permite-te mudar facilmente de sabor, mantendo uma qualidade de vapor consistente. <\/p>\n<p>Esta carater\u00edstica \u00e9 perfeita para os utilizadores que gostam de variedade sem sacrificar a comodidade.<\/p>\n<h2>Tecnologia de bobina de malha &#8211; Sabor mais suave e mais rico<\/h2>\n<p>Equipado com uma <strong>bobina de malha<\/strong> avan\u00e7ada, o vaporizador <strong>descart\u00e1vel recarreg\u00e1vel Fizzy 150K Puffs<\/strong> garante-te:  <\/p>\n<ul>\n<li>Aquecimento mais r\u00e1pido e uniforme<\/li>\n<li>Melhora a clareza do sabor<\/li>\n<li>Produ\u00e7\u00e3o de vapor densa e suave<\/li>\n<\/ul>\n<p>A tecnologia de bobina em malha tamb\u00e9m melhora a efici\u00eancia do e-l\u00edquido, ajudando o dispositivo a manter um desempenho consistente durante toda a sua vida \u00fatil.<\/p>\n<h2>\ud83d\udca7 Capacidade de 80ml de E-Liquid &#8211; Constru\u00eddo para uso a longo prazo<\/h2>\n<p>Com uma grande <strong>capacidade de 80 ml de e-l\u00edquido<\/strong>, o <strong>Fizzy 150K Puffs<\/strong> suporta o seu n\u00famero ultra-elevado de baforadas sem baforadas secas ou perda de sabor. Isto faz com que seja um dos vapes descart\u00e1veis de puff elevado mais dur\u00e1veis dispon\u00edveis no mercado europeu. <\/p>\n<h2>Bateria recarreg\u00e1vel de 1000mAh &#8211; Sa\u00edda de energia est\u00e1vel<\/h2>\n<p>A <strong>bateria recarreg\u00e1vel de 1000mAh<\/strong> incorporada fornece energia forte e fi\u00e1vel durante todo o ciclo de vida do dispositivo. Combinado com o <strong>carregamento r\u00e1pido Tipo C<\/strong>, o <strong>Fizzy 150K Puffs<\/strong> minimiza o tempo de inatividade e maximiza a utiliza\u00e7\u00e3o. <\/p>\n<p>A possibilidade de recarga assegura uma sa\u00edda de vapor consistente desde a primeira at\u00e9 \u00e0 \u00faltima baforada.<\/p>\n<h2>Visor LED inteligente &#8211; Visibilidade da energia e do e-l\u00edquido<\/h2>\n<p>O <strong>visor LED<\/strong> integrado fornece aos utilizadores informa\u00e7\u00f5es em tempo real sobre o estado da bateria e a utiliza\u00e7\u00e3o do dispositivo. Esta carater\u00edstica aumenta o controlo e reduz a incerteza, oferecendo uma experi\u00eancia de vaporiza\u00e7\u00e3o mais premium em compara\u00e7\u00e3o com os descart\u00e1veis tradicionais. <\/p>\n<h2>Op\u00e7\u00f5es de nicotina &#8211; 2% e 5%<\/h2>\n<p>O <strong>Vape Descart\u00e1vel 150K Puffs<\/strong> est\u00e1 dispon\u00edvel com <strong>2% e 5% de nicotina<\/strong>, para satisfazer as diferentes prefer\u00eancias dos utilizadores &#8211; desde uma utiliza\u00e7\u00e3o di\u00e1ria mais suave at\u00e9 uma satisfa\u00e7\u00e3o mais forte.<\/p>\n<h2>Porque \u00e9 que o Fizzy 150K Puffs se destaca<\/h2>\n<ul>\n<li>At\u00e9 <strong>150.000 baforadas<\/strong> para uma vida \u00fatil prolongada<\/li>\n<li><strong>15 sabores num s\u00f3<\/strong> dispositivo para uma variedade m\u00e1xima<\/li>\n<li><strong>4 * Bobina de malha<\/strong> para um melhor desempenho do sabor<\/li>\n<li>Capacidade de <strong>80 ml de e-l\u00edquido<\/strong> para uma utiliza\u00e7\u00e3o a longo prazo<\/li>\n<li><strong>Bateria recarreg\u00e1vel de 1000mAh<\/strong> com carregamento Tipo C<\/li>\n<li><strong>Ecr\u00e3 LED<\/strong> inteligente para um melhor controlo<\/li>\n<li><strong>Loja<\/strong> oficial <strong>da UE e produto Fizzy original<\/strong><\/li>\n<\/ul>\n<p>O <strong>vape descart\u00e1vel recarreg\u00e1vel 150K Puffs<\/strong> foi concebido para utilizadores que pretendem <strong>desempenho, durabilidade e carater\u00edsticas premium<\/strong> num s\u00f3 dispositivo.<\/p>\n<p>&nbsp;<\/p>\n<p><img decoding=\"async\" class=\"wp-image-38407 size-full\" src=\"https:\/\/fizzyvape.eu\/wp-content\/uploads\/2025\/12\/Fizzy-150K-Puffs-Disposable-Vape-5-scaled.jpg\" alt=\"Fizzy 150K Puffs Vape descart\u00e1vel - 5\" width=\"1663\" height=\"2560\" srcset=\"https:\/\/fizzyvape.eu\/wp-content\/uploads\/2025\/12\/Fizzy-150K-Puffs-Disposable-Vape-5-scaled.jpg 1663w, https:\/\/fizzyvape.eu\/wp-content\/uploads\/2025\/12\/Fizzy-150K-Puffs-Disposable-Vape-5-195x300.jpg 195w, https:\/\/fizzyvape.eu\/wp-content\/uploads\/2025\/12\/Fizzy-150K-Puffs-Disposable-Vape-5-520x800.jpg 520w, https:\/\/fizzyvape.eu\/wp-content\/uploads\/2025\/12\/Fizzy-150K-Puffs-Disposable-Vape-5-768x1182.jpg 768w, https:\/\/fizzyvape.eu\/wp-content\/uploads\/2025\/12\/Fizzy-150K-Puffs-Disposable-Vape-5-998x1536.jpg 998w, https:\/\/fizzyvape.eu\/wp-content\/uploads\/2025\/12\/Fizzy-150K-Puffs-Disposable-Vape-5-1330x2048.jpg 1330w, https:\/\/fizzyvape.eu\/wp-content\/uploads\/2025\/12\/Fizzy-150K-Puffs-Disposable-Vape-5-430x662.jpg 430w, https:\/\/fizzyvape.eu\/wp-content\/uploads\/2025\/12\/Fizzy-150K-Puffs-Disposable-Vape-5-700x1078.jpg 700w, https:\/\/fizzyvape.eu\/wp-content\/uploads\/2025\/12\/Fizzy-150K-Puffs-Disposable-Vape-5-150x231.jpg 150w\" sizes=\"(max-width: 1663px) 100vw, 1663px\" \/><\/p>\n<h2><strong>Lista de sabores do vaporizador descart<\/strong>\u00e1vel recarreg\u00e1vel Fizzy 15 em 1 150K Puffs <strong>:<\/strong><\/h2>\n<ol>\n<li>gelo de melancia &amp; red bull &amp; morango framboesa &amp; gelo triplo de mel\u00e3o<\/li>\n<li>morango ice &amp; kiwi maracuj\u00e1 goiaba &amp; p\u00eassego manga melancia &amp; uva burst<\/li>\n<li>red bull &amp; morango kiwi rom\u00e3 &amp; mirtilo ice &amp; anan\u00e1s coco<\/li>\n<li>morango kiwi &amp; mistura de frutos silvestres &amp; melancia bubblegum &amp; p\u00eassego sumarento<\/li>\n<li>mirtilo framboesa &amp; morango ice &amp; blue razz limonada &amp; melancia gummy bear<\/li>\n<li>ponche de frutas tropicais e melancia framboesa e mirtilo coco e morango skittles<\/li>\n<li>amor 66 &amp; morango kiwi &amp; melancia mirtilo &amp; framboesa limonada<\/li>\n<li>mistura de frutos silvestres e anan\u00e1s p\u00eassego maracuj\u00e1 e cola com g\u00e1s e morango framboesa<\/li>\n<li>blue razz rapsberry &amp; watermelon cherry ice &amp; strawberry grape &amp;passion fruit orange peach<\/li>\n<li>cereja efervescente &amp; morango fruta do drag\u00e3o &amp; lim\u00e3o lima &amp; melancia mirtilo<\/li>\n<li>Coca-Cola de morango e baunilha e mirtilo framboesa e melancia gelo e cereja<\/li>\n<li>mirtilo ice &amp; morango melancia &amp; mojito &amp; kiwi maracuj\u00e1 goiaba<\/li>\n<\/ol>\n<h2>Compra Fizzy 150K Puffs na Europa<\/h2>\n<p>Quando compras na <strong>loja oficial da UE Fizzy<\/strong>, recebes: <\/p>\n<ul>\n<li>Produtos com g\u00e1s 100% originais<\/li>\n<li>Pagamento seguro e envio r\u00e1pido para a UE<\/li>\n<li>Apoio p\u00f3s-venda profissional<\/li>\n<\/ul>\n<p>Encomenda hoje o teu <strong>Vape Descart\u00e1vel 150K Puffs<\/strong> e desfruta de uma experi\u00eancia de vaporiza\u00e7\u00e3o duradoura e de alta qualidade.<\/p>\n<h2>Perguntas e Respostas &#8211; Fizzy 150K Puffs Vape descart\u00e1vel recarreg\u00e1vel<\/h2>\n<h3>Como funciona o sistema de 4 c\u00e1psulas no vape descart\u00e1vel 150K Puffs?<\/h3>\n<p>O dispositivo inclui quatro c\u00e1psulas independentes denominadas A, B, C e D. Cada c\u00e1psula cont\u00e9m um sabor diferente, permitindo-te mudar facilmente de sabor sem mudar de dispositivo.<\/p>\n<h3>Quantos sabores est\u00e3o dispon\u00edveis em 150K Puffs?<\/h3>\n<p>Este dispositivo <span style=\"color: #333333; font-size: 16px;\">oferece at\u00e9 <\/span><strong style=\"color: #333333; font-size: 16px;\">15 combina\u00e7\u00f5es de sabores diferentes<\/strong><span style=\"color: #333333; font-size: 16px;\">, dependendo da configura\u00e7\u00e3o selecionada.<\/span> <\/p>\n<h3>Este dispositivo \u00e9 adequado para utilizadores pesados?<\/h3>\n<p>Sim. A sua elevada capacidade de vaporiza\u00e7\u00e3o, a bateria recarreg\u00e1vel e o design multi-sabores tornam-no adequado para utilizadores frequentes e pesados. <\/p>\n<h3>A Fizzy 15 em 1 150000 Puffs \u00e9 recarreg\u00e1vel?<\/h3>\n<p>Sim. Fizzy 150000 Puffs \u00e9 um <strong>vape descart\u00e1vel rec<\/strong>arreg\u00e1vel, concebido para garantir um desempenho est\u00e1vel e a utiliza\u00e7\u00e3o total do e-l\u00edquido. <\/p>\n<h3>Quanto tempo dura um vape descart\u00e1vel de 150K Puffs?<\/h3>\n<p>O tempo de vida depende dos teus h\u00e1bitos de utiliza\u00e7\u00e3o individuais. Com at\u00e9 <strong>150.000 baforadas<\/strong>, foi concebido para durar muito mais tempo do que os vapes descart\u00e1veis normais. <\/p>\n","protected":false},"excerpt":{"rendered":"<p>Fizzy 150K Puffs Rechargeable Disposable Vape &#8211; O primeiro dispositivo vape inteligente 15 em 1 do mundo. O vaporizador descart\u00e1vel<\/p>\n","protected":false},"featured_media":38336,"comment_status":"open","ping_status":"closed","template":"","meta":{"iawp_total_views":10},"product_brand":[],"product_cat":[999],"product_tag":[],"class_list":{"0":"post-39366","1":"product","2":"type-product","3":"status-publish","4":"has-post-thumbnail","6":"product_cat-efervescente-150k-150000-puffs-15-em-1-vape-descartavel-recarregavel","8":"first","9":"instock","10":"sale","11":"shipping-taxable","12":"purchasable","13":"product-type-variable"},"yoast_head":"<!-- This site is optimized with the Yoast SEO Premium plugin v24.8 (Yoast SEO v27.4) - https:\/\/yoast.com\/product\/yoast-seo-premium-wordpress\/ -->\n<title>Fizzy 150K Puffs Vape descart\u00e1vel - Envio para a UE |15 sabores em 1<\/title>\n<meta name=\"description\" content=\"Compra o vape descart\u00e1vel recarreg\u00e1vel Fizzy 150K Puffs com sabores 15 em 1. At\u00e9 150000 puffs, dispositivo Fizzy original, envio r\u00e1pido para a UE.\" \/>\n<meta name=\"robots\" content=\"index, follow, max-snippet:-1, max-image-preview:large, max-video-preview:-1\" \/>\n<link rel=\"canonical\" href=\"https:\/\/fizzyvape.eu\/pt-pt\/produto\/fizzy-150k-puffs-15-em-1-sabores-10pcs\/\" \/>\n<meta property=\"og:locale\" content=\"pt_PT\" \/>\n<meta property=\"og:type\" content=\"article\" \/>\n<meta property=\"og:title\" content=\"Fizzy 150K Puffs 15 em 1 sabores -10pcs\" \/>\n<meta property=\"og:description\" content=\"Compra o vape descart\u00e1vel recarreg\u00e1vel Fizzy 150K Puffs com sabores 15 em 1. At\u00e9 150000 puffs, dispositivo Fizzy original, envio r\u00e1pido para a UE.\" \/>\n<meta property=\"og:url\" content=\"https:\/\/fizzyvape.eu\/pt-pt\/produto\/fizzy-150k-puffs-15-em-1-sabores-10pcs\/\" \/>\n<meta property=\"og:site_name\" content=\"fizzyvape.eu\" \/>\n<meta property=\"og:image\" content=\"https:\/\/fizzyvape.eu\/wp-content\/uploads\/2025\/12\/Fizzy-15-in-1-150K-puffs-rechargeable-disposable-vape-device-8.jpg\" \/>\n\t<meta property=\"og:image:width\" content=\"2000\" \/>\n\t<meta property=\"og:image:height\" content=\"2000\" \/>\n\t<meta property=\"og:image:type\" content=\"image\/jpeg\" \/>\n<meta name=\"twitter:card\" content=\"summary_large_image\" \/>\n<meta name=\"twitter:label1\" content=\"Disponibilidade\" \/>\n\t<meta name=\"twitter:data1\" content=\"Em stock\" \/>\n<script type=\"application\/ld+json\" class=\"yoast-schema-graph\">{\"@context\":\"https:\\\/\\\/schema.org\",\"@graph\":[{\"@type\":\"WebPage\",\"@id\":\"https:\\\/\\\/fizzyvape.eu\\\/pt-pt\\\/produto\\\/fizzy-150k-puffs-15-em-1-sabores-10pcs\\\/\",\"url\":\"https:\\\/\\\/fizzyvape.eu\\\/pt-pt\\\/produto\\\/fizzy-150k-puffs-15-em-1-sabores-10pcs\\\/\",\"name\":\"Fizzy 150K Puffs Vape descart\u00e1vel - Envio para a UE |15 sabores em 1\",\"isPartOf\":{\"@id\":\"https:\\\/\\\/www.fizzyvape.eu\\\/pt-pt\\\/#website\"},\"primaryImageOfPage\":{\"@id\":\"https:\\\/\\\/fizzyvape.eu\\\/pt-pt\\\/produto\\\/fizzy-150k-puffs-15-em-1-sabores-10pcs\\\/#primaryimage\"},\"image\":{\"@id\":\"https:\\\/\\\/fizzyvape.eu\\\/pt-pt\\\/produto\\\/fizzy-150k-puffs-15-em-1-sabores-10pcs\\\/#primaryimage\"},\"thumbnailUrl\":\"https:\\\/\\\/fizzyvape.eu\\\/wp-content\\\/uploads\\\/2025\\\/12\\\/Fizzy-15-in-1-150K-puffs-rechargeable-disposable-vape-device-8.jpg\",\"datePublished\":\"2025-12-31T05:39:32+00:00\",\"description\":\"Compra o vape descart\u00e1vel recarreg\u00e1vel Fizzy 150K Puffs com sabores 15 em 1. At\u00e9 150000 puffs, dispositivo Fizzy original, envio r\u00e1pido para a UE.\",\"breadcrumb\":{\"@id\":\"https:\\\/\\\/fizzyvape.eu\\\/pt-pt\\\/produto\\\/fizzy-150k-puffs-15-em-1-sabores-10pcs\\\/#breadcrumb\"},\"inLanguage\":\"pt-PT\",\"potentialAction\":[{\"@type\":\"ReadAction\",\"target\":[\"https:\\\/\\\/fizzyvape.eu\\\/pt-pt\\\/produto\\\/fizzy-150k-puffs-15-em-1-sabores-10pcs\\\/\"]}]},{\"@type\":\"ImageObject\",\"inLanguage\":\"pt-PT\",\"@id\":\"https:\\\/\\\/fizzyvape.eu\\\/pt-pt\\\/produto\\\/fizzy-150k-puffs-15-em-1-sabores-10pcs\\\/#primaryimage\",\"url\":\"https:\\\/\\\/fizzyvape.eu\\\/wp-content\\\/uploads\\\/2025\\\/12\\\/Fizzy-15-in-1-150K-puffs-rechargeable-disposable-vape-device-8.jpg\",\"contentUrl\":\"https:\\\/\\\/fizzyvape.eu\\\/wp-content\\\/uploads\\\/2025\\\/12\\\/Fizzy-15-in-1-150K-puffs-rechargeable-disposable-vape-device-8.jpg\",\"width\":2000,\"height\":2000,\"caption\":\"Aparelho de vapor descart\u00e1vel recarreg\u00e1vel Fizzy 15 em 1 150K puffs - 8\"},{\"@type\":\"BreadcrumbList\",\"@id\":\"https:\\\/\\\/fizzyvape.eu\\\/pt-pt\\\/produto\\\/fizzy-150k-puffs-15-em-1-sabores-10pcs\\\/#breadcrumb\",\"itemListElement\":[{\"@type\":\"ListItem\",\"position\":1,\"name\":\"Home\",\"item\":\"https:\\\/\\\/fizzyvape.eu\\\/pt-pt\\\/\"},{\"@type\":\"ListItem\",\"position\":2,\"name\":\"Shop\",\"item\":\"https:\\\/\\\/www.fizzyvape.eu\\\/pt-pt\\\/shop\\\/\"},{\"@type\":\"ListItem\",\"position\":3,\"name\":\"Fizzy 150K Puffs 15 em 1 sabores -10pcs\"}]},{\"@type\":\"WebSite\",\"@id\":\"https:\\\/\\\/www.fizzyvape.eu\\\/pt-pt\\\/#website\",\"url\":\"https:\\\/\\\/www.fizzyvape.eu\\\/pt-pt\\\/\",\"name\":\"fizzyvape.eu\",\"description\":\"Refreshing Vapes. Unforgettable Taste.\",\"publisher\":{\"@id\":\"https:\\\/\\\/www.fizzyvape.eu\\\/pt-pt\\\/#organization\"},\"potentialAction\":[{\"@type\":\"SearchAction\",\"target\":{\"@type\":\"EntryPoint\",\"urlTemplate\":\"https:\\\/\\\/www.fizzyvape.eu\\\/pt-pt\\\/?s={search_term_string}\"},\"query-input\":{\"@type\":\"PropertyValueSpecification\",\"valueRequired\":true,\"valueName\":\"search_term_string\"}}],\"inLanguage\":\"pt-PT\"},{\"@type\":\"Organization\",\"@id\":\"https:\\\/\\\/www.fizzyvape.eu\\\/pt-pt\\\/#organization\",\"name\":\"fizzyvape.eu\",\"url\":\"https:\\\/\\\/www.fizzyvape.eu\\\/pt-pt\\\/\",\"logo\":{\"@type\":\"ImageObject\",\"inLanguage\":\"pt-PT\",\"@id\":\"https:\\\/\\\/www.fizzyvape.eu\\\/pt-pt\\\/#\\\/schema\\\/logo\\\/image\\\/\",\"url\":\"https:\\\/\\\/fizzyvape.eu\\\/wp-content\\\/uploads\\\/2019\\\/06\\\/print-1.svg\",\"contentUrl\":\"https:\\\/\\\/fizzyvape.eu\\\/wp-content\\\/uploads\\\/2019\\\/06\\\/print-1.svg\",\"width\":124,\"height\":37,\"caption\":\"fizzyvape.eu\"},\"image\":{\"@id\":\"https:\\\/\\\/www.fizzyvape.eu\\\/pt-pt\\\/#\\\/schema\\\/logo\\\/image\\\/\"}}]}<\/script>\n<meta property=\"og:availability\" content=\"instock\" \/>\n<meta property=\"product:availability\" content=\"instock\" \/>\n<meta property=\"product:condition\" content=\"new\" \/>\n<!-- \/ Yoast SEO Premium plugin. -->","yoast_head_json":{"title":"Fizzy 150K Puffs Vape descart\u00e1vel - Envio para a UE |15 sabores em 1","description":"Compra o vape descart\u00e1vel recarreg\u00e1vel Fizzy 150K Puffs com sabores 15 em 1. At\u00e9 150000 puffs, dispositivo Fizzy original, envio r\u00e1pido para a UE.","robots":{"index":"index","follow":"follow","max-snippet":"max-snippet:-1","max-image-preview":"max-image-preview:large","max-video-preview":"max-video-preview:-1"},"canonical":"https:\/\/fizzyvape.eu\/pt-pt\/produto\/fizzy-150k-puffs-15-em-1-sabores-10pcs\/","og_locale":"pt_PT","og_type":"article","og_title":"Fizzy 150K Puffs 15 em 1 sabores -10pcs","og_description":"Compra o vape descart\u00e1vel recarreg\u00e1vel Fizzy 150K Puffs com sabores 15 em 1. At\u00e9 150000 puffs, dispositivo Fizzy original, envio r\u00e1pido para a UE.","og_url":"https:\/\/fizzyvape.eu\/pt-pt\/produto\/fizzy-150k-puffs-15-em-1-sabores-10pcs\/","og_site_name":"fizzyvape.eu","og_image":[{"width":2000,"height":2000,"url":"https:\/\/fizzyvape.eu\/wp-content\/uploads\/2025\/12\/Fizzy-15-in-1-150K-puffs-rechargeable-disposable-vape-device-8.jpg","type":"image\/jpeg"}],"twitter_card":"summary_large_image","twitter_misc":{"Disponibilidade":"Em stock"},"schema":{"@context":"https:\/\/schema.org","@graph":[{"@type":"WebPage","@id":"https:\/\/fizzyvape.eu\/pt-pt\/produto\/fizzy-150k-puffs-15-em-1-sabores-10pcs\/","url":"https:\/\/fizzyvape.eu\/pt-pt\/produto\/fizzy-150k-puffs-15-em-1-sabores-10pcs\/","name":"Fizzy 150K Puffs Vape descart\u00e1vel - Envio para a UE |15 sabores em 1","isPartOf":{"@id":"https:\/\/www.fizzyvape.eu\/pt-pt\/#website"},"primaryImageOfPage":{"@id":"https:\/\/fizzyvape.eu\/pt-pt\/produto\/fizzy-150k-puffs-15-em-1-sabores-10pcs\/#primaryimage"},"image":{"@id":"https:\/\/fizzyvape.eu\/pt-pt\/produto\/fizzy-150k-puffs-15-em-1-sabores-10pcs\/#primaryimage"},"thumbnailUrl":"https:\/\/fizzyvape.eu\/wp-content\/uploads\/2025\/12\/Fizzy-15-in-1-150K-puffs-rechargeable-disposable-vape-device-8.jpg","datePublished":"2025-12-31T05:39:32+00:00","description":"Compra o vape descart\u00e1vel recarreg\u00e1vel Fizzy 150K Puffs com sabores 15 em 1. At\u00e9 150000 puffs, dispositivo Fizzy original, envio r\u00e1pido para a UE.","breadcrumb":{"@id":"https:\/\/fizzyvape.eu\/pt-pt\/produto\/fizzy-150k-puffs-15-em-1-sabores-10pcs\/#breadcrumb"},"inLanguage":"pt-PT","potentialAction":[{"@type":"ReadAction","target":["https:\/\/fizzyvape.eu\/pt-pt\/produto\/fizzy-150k-puffs-15-em-1-sabores-10pcs\/"]}]},{"@type":"ImageObject","inLanguage":"pt-PT","@id":"https:\/\/fizzyvape.eu\/pt-pt\/produto\/fizzy-150k-puffs-15-em-1-sabores-10pcs\/#primaryimage","url":"https:\/\/fizzyvape.eu\/wp-content\/uploads\/2025\/12\/Fizzy-15-in-1-150K-puffs-rechargeable-disposable-vape-device-8.jpg","contentUrl":"https:\/\/fizzyvape.eu\/wp-content\/uploads\/2025\/12\/Fizzy-15-in-1-150K-puffs-rechargeable-disposable-vape-device-8.jpg","width":2000,"height":2000,"caption":"Aparelho de vapor descart\u00e1vel recarreg\u00e1vel Fizzy 15 em 1 150K puffs - 8"},{"@type":"BreadcrumbList","@id":"https:\/\/fizzyvape.eu\/pt-pt\/produto\/fizzy-150k-puffs-15-em-1-sabores-10pcs\/#breadcrumb","itemListElement":[{"@type":"ListItem","position":1,"name":"Home","item":"https:\/\/fizzyvape.eu\/pt-pt\/"},{"@type":"ListItem","position":2,"name":"Shop","item":"https:\/\/www.fizzyvape.eu\/pt-pt\/shop\/"},{"@type":"ListItem","position":3,"name":"Fizzy 150K Puffs 15 em 1 sabores -10pcs"}]},{"@type":"WebSite","@id":"https:\/\/www.fizzyvape.eu\/pt-pt\/#website","url":"https:\/\/www.fizzyvape.eu\/pt-pt\/","name":"fizzyvape.eu","description":"Refreshing Vapes. Unforgettable Taste.","publisher":{"@id":"https:\/\/www.fizzyvape.eu\/pt-pt\/#organization"},"potentialAction":[{"@type":"SearchAction","target":{"@type":"EntryPoint","urlTemplate":"https:\/\/www.fizzyvape.eu\/pt-pt\/?s={search_term_string}"},"query-input":{"@type":"PropertyValueSpecification","valueRequired":true,"valueName":"search_term_string"}}],"inLanguage":"pt-PT"},{"@type":"Organization","@id":"https:\/\/www.fizzyvape.eu\/pt-pt\/#organization","name":"fizzyvape.eu","url":"https:\/\/www.fizzyvape.eu\/pt-pt\/","logo":{"@type":"ImageObject","inLanguage":"pt-PT","@id":"https:\/\/www.fizzyvape.eu\/pt-pt\/#\/schema\/logo\/image\/","url":"https:\/\/fizzyvape.eu\/wp-content\/uploads\/2019\/06\/print-1.svg","contentUrl":"https:\/\/fizzyvape.eu\/wp-content\/uploads\/2019\/06\/print-1.svg","width":124,"height":37,"caption":"fizzyvape.eu"},"image":{"@id":"https:\/\/www.fizzyvape.eu\/pt-pt\/#\/schema\/logo\/image\/"}}]},"og_availability":"instock","product_availability":"instock","product_condition":"new"},"tiered_pricing_type":"fixed","tiered_pricing_fixed_rules":[],"tiered_pricing_product_settings":{"layout":"default","base_unit_name":{"singular":null,"plural":null},"default_variation":null},"tiered_pricing_minimum_quantity":null,"tiered_pricing_roles_data":[],"tiered_pricing_percentage_rules":[],"tiered_pricing_maximum_quantity":null,"tiered_pricing_quantity_step":null,"_links":{"self":[{"href":"https:\/\/fizzyvape.eu\/pt-pt\/wp-json\/wp\/v2\/product\/39366","targetHints":{"allow":["GET"]}}],"collection":[{"href":"https:\/\/fizzyvape.eu\/pt-pt\/wp-json\/wp\/v2\/product"}],"about":[{"href":"https:\/\/fizzyvape.eu\/pt-pt\/wp-json\/wp\/v2\/types\/product"}],"replies":[{"embeddable":true,"href":"https:\/\/fizzyvape.eu\/pt-pt\/wp-json\/wp\/v2\/comments?post=39366"}],"version-history":[{"count":0,"href":"https:\/\/fizzyvape.eu\/pt-pt\/wp-json\/wp\/v2\/product\/39366\/revisions"}],"wp:featuredmedia":[{"embeddable":true,"href":"https:\/\/fizzyvape.eu\/pt-pt\/wp-json\/wp\/v2\/media\/38336"}],"wp:attachment":[{"href":"https:\/\/fizzyvape.eu\/pt-pt\/wp-json\/wp\/v2\/media?parent=39366"}],"wp:term":[{"taxonomy":"product_brand","embeddable":true,"href":"https:\/\/fizzyvape.eu\/pt-pt\/wp-json\/wp\/v2\/product_brand?post=39366"},{"taxonomy":"product_cat","embeddable":true,"href":"https:\/\/fizzyvape.eu\/pt-pt\/wp-json\/wp\/v2\/product_cat?post=39366"},{"taxonomy":"product_tag","embeddable":true,"href":"https:\/\/fizzyvape.eu\/pt-pt\/wp-json\/wp\/v2\/product_tag?post=39366"}],"curies":[{"name":"wp","href":"https:\/\/api.w.org\/{rel}","templated":true}]}}