{"id":39435,"date":"2026-01-19T11:53:21","date_gmt":"2026-01-19T03:53:21","guid":{"rendered":"https:\/\/fizzyvape.eu\/product\/fizzy-150k-150000-puffs-vape-descartavel-recarregavel-atacado\/"},"modified":"2026-01-19T11:53:21","modified_gmt":"2026-01-19T03:53:21","slug":"fizzy-150k-150000-puffs-vape-descartavel-recarregavel-atacado","status":"publish","type":"product","link":"https:\/\/fizzyvape.eu\/pt-pt\/produto\/fizzy-150k-150000-puffs-vape-descartavel-recarregavel-atacado\/","title":{"rendered":"Fizzy 150K 150000 Puffs Vape descart\u00e1vel recarreg\u00e1vel Atacado"},"content":{"rendered":"<h1><b>Fizzy 150K Puffs 15-em-1 Multi-Flavor Disposable Vape | Fornecimento direto por grosso e a granel<\/b><\/h1>\n<h3><b>A mudan\u00e7a de jogo para os retalhistas de Vape: 150,000 Puffs | 15 Sabores | 1 SKU<\/b><\/h3>\n<p>Queres dominar o mercado dos descart\u00e1veis de grande capacidade? A <b>Fizzy 150K Puffs<\/b> \u00e9 a primeira esta\u00e7\u00e3o inteligente 15 em 1 multi-sabores do mundo, concebida para eliminar o incha\u00e7o do invent\u00e1rio. Em vez de armazenar 15 sabores diferentes, uma \u00fanica unidade Fizzy 150K fornece a variedade que os teus clientes desejam.  <\/p>\n<h2><b>Porqu\u00ea armazenar o Fizzy 150K? Vantagens da venda por grosso <\/b><\/h2>\n<h3><b>1. ROI extremo e dom\u00ednio do mercado<\/b><\/h3>\n<p>Com uma contagem genu\u00edna <b>de 150.000 baforadas<\/b> e um enorme <b>reservat\u00f3rio de e-l\u00edquido de 80 ml<\/b>, este dispositivo oferece o maior valor percebido na ind\u00fastria. Posiciona a tua loja como l\u00edder em hardware de alta qualidade e longa dura\u00e7\u00e3o. <\/p>\n<h3><b>2. Revolucionou a gest\u00e3o de SKU (tecnologia 15 em 1)<\/b><\/h3>\n<p>Reduz a complexidade do teu armaz\u00e9m. O nosso <b>sistema independente<\/b> patenteado <b>de 4 c\u00e1psulas<\/b> permite aos utilizadores alternar entre 4 sabores principais e criar 11 combina\u00e7\u00f5es h\u00edbridas. <b>1 SKU = 15 op\u00e7\u00f5es para o cliente.<\/b> <\/p>\n<h3><b>3. Desempenho do Quad-Mesh: Zero queixas de qualidade<\/b><\/h3>\n<p>Os grossistas detestam devolu\u00e7\u00f5es. O Fizzy 150K utiliza <b>4 bobinas de malha independentes de 1,0\u03a9<\/b>. Uma vez que cada c\u00e1psula tem a sua pr\u00f3pria bobina, o sabor mant\u00e9m-se fresco at\u00e9 \u00e0 \u00faltima baforada, garantindo uma elevada satisfa\u00e7\u00e3o do cliente e a repeti\u00e7\u00e3o das vendas.  <\/p>\n<h3><b>4. Expositor de retalho inteligente<\/b><\/h3>\n<p>O <b>ecr\u00e3 LED inteligente<\/b> a cores monitoriza a dura\u00e7\u00e3o da bateria e os n\u00edveis individuais de e-l\u00edquido para as 4 c\u00e1psulas. Este aspeto de alta tecnologia permite-te ter um &#8220;apelo de prateleira&#8221; e um pre\u00e7o de topo. <\/p>\n<p><img decoding=\"async\" class=\"wp-image-38407 size-full\" src=\"https:\/\/fizzyvape.eu\/wp-content\/uploads\/2025\/12\/Fizzy-150K-Puffs-Disposable-Vape-5-scaled.jpg\" alt=\"Fizzy 150K Puffs Vape descart\u00e1vel - 5\" width=\"1663\" height=\"2560\" srcset=\"https:\/\/fizzyvape.eu\/wp-content\/uploads\/2025\/12\/Fizzy-150K-Puffs-Disposable-Vape-5-scaled.jpg 1663w, https:\/\/fizzyvape.eu\/wp-content\/uploads\/2025\/12\/Fizzy-150K-Puffs-Disposable-Vape-5-195x300.jpg 195w, https:\/\/fizzyvape.eu\/wp-content\/uploads\/2025\/12\/Fizzy-150K-Puffs-Disposable-Vape-5-520x800.jpg 520w, https:\/\/fizzyvape.eu\/wp-content\/uploads\/2025\/12\/Fizzy-150K-Puffs-Disposable-Vape-5-768x1182.jpg 768w, https:\/\/fizzyvape.eu\/wp-content\/uploads\/2025\/12\/Fizzy-150K-Puffs-Disposable-Vape-5-998x1536.jpg 998w, https:\/\/fizzyvape.eu\/wp-content\/uploads\/2025\/12\/Fizzy-150K-Puffs-Disposable-Vape-5-1330x2048.jpg 1330w, https:\/\/fizzyvape.eu\/wp-content\/uploads\/2025\/12\/Fizzy-150K-Puffs-Disposable-Vape-5-430x662.jpg 430w, https:\/\/fizzyvape.eu\/wp-content\/uploads\/2025\/12\/Fizzy-150K-Puffs-Disposable-Vape-5-700x1078.jpg 700w, https:\/\/fizzyvape.eu\/wp-content\/uploads\/2025\/12\/Fizzy-150K-Puffs-Disposable-Vape-5-150x231.jpg 150w\" sizes=\"(max-width: 1663px) 100vw, 1663px\" \/><\/p>\n<h2><b>\ud83d\udce6 Especifica\u00e7\u00f5es de venda por grosso a granel<\/b><\/h2>\n<table>\n<thead>\n<tr>\n<td><strong>Carater\u00edsticas<\/strong><\/td>\n<td><strong>Dados t\u00e9cnicos B2B<\/strong><\/td>\n<\/tr>\n<\/thead>\n<tbody>\n<tr>\n<td><b>Contagem de baforadas<\/b><\/td>\n<td>At\u00e9 150.000 baforadas<\/td>\n<\/tr>\n<tr>\n<td><b>Capacidade do E-l\u00edquido<\/b><\/td>\n<td><b>80mL Total (20mL x 4 c\u00e1psulas independentes)<\/b><\/td>\n<\/tr>\n<tr>\n<td><b>Bateria<\/b><\/td>\n<td>1000mAh Cobalto puro (Recarreg\u00e1vel tipo C)<\/td>\n<\/tr>\n<tr>\n<td><b>Modos de sabor<\/b><\/td>\n<td><b>15 combina\u00e7\u00f5es inteligentes (A\/B\/C\/D + h\u00edbridos)<\/b><\/td>\n<\/tr>\n<tr>\n<td><b>Sistema de bobina<\/b><\/td>\n<td>Quad-Mesh 1.0\u03a9 (alta consist\u00eancia de fornecimento)<\/td>\n<\/tr>\n<tr>\n<td><b>Embalagens<\/b><\/td>\n<td>Caixas de exposi\u00e7\u00e3o prontas para venda a retalho<\/td>\n<\/tr>\n<\/tbody>\n<\/table>\n<h2><strong>Lista de sabores de vaporizadores descart<\/strong>\u00e1veis recarreg\u00e1veis 15 em 1 150K Puffs <strong>:<\/strong><\/h2>\n<ol>\n<li><a href=\"https:\/\/fizzyvape.eu\/pt-pt\/produto\/150k-puffs-gelo-de-melancia-red-bull-framboesa-de-morango-gelo-de-melao-triplo\/\">gelo de melancia &amp; red bull &amp; morango framboesa &amp; gelo triplo de mel\u00e3o<\/a><\/li>\n<li><a href=\"https:\/\/fizzyvape.eu\/pt-pt\/produto\/150k-puffs-gelado-de-morango-e-kiwi-maracuja-goiaba-e-pessego-manga-melancia-e-uva\/\">morango ice &amp; kiwi maracuj\u00e1 goiaba &amp; p\u00eassego manga melancia &amp; uva burst<\/a><\/li>\n<li><a href=\"https:\/\/fizzyvape.eu\/pt-pt\/produto\/150k-puffs-red-bull-morango-kiwi-roma-mirtilo-ice-ananas-coco\/\">red bull &amp; morango kiwi rom\u00e3 &amp; mirtilo ice &amp; anan\u00e1s coco<\/a><\/li>\n<li><a href=\"https:\/\/fizzyvape.eu\/pt-pt\/produto\/150k-puffs-morango-kiwi-bagas-mistas-pastilha-elastica-de-melancia-pessego-sumarento\/\">morango kiwi &amp; mistura de frutos silvestres &amp; melancia bubblegum &amp; p\u00eassego sumarento<\/a><\/li>\n<li><a href=\"https:\/\/fizzyvape.eu\/pt-pt\/produto\/150k-puffs-blueberry-raspberry-strawberry-ice-blue-razz-lemonade-watermelon-gummy-bear\/\">mirtilo framboesa &amp; morango ice &amp; blue razz limonada &amp; melancia gummy bear<\/a><\/li>\n<li><a href=\"https:\/\/fizzyvape.eu\/pt-pt\/produto\/150k-puffs-tropical-fruit-punch-watermelon-framboesa-blueberry-coco-strawberry-skittles\/\">ponche de frutas tropicais e melancia framboesa e mirtilo coco e morango skittles<\/a><\/li>\n<li><a href=\"https:\/\/fizzyvape.eu\/pt-pt\/produto\/150k-puffs-amor-66-morango-kiwi-melancia-mirtilo-limonada-de-framboesa\/\">amor 66 &amp; morango kiwi &amp; melancia mirtilo &amp; framboesa limonada<\/a><\/li>\n<li><a href=\"https:\/\/fizzyvape.eu\/pt-pt\/produto\/150k-puffs-mistura-de-frutos-silvestres-e-ananas-pessego-maracuja-e-cola-com-gas-e-morango-framboesa\/\">mistura de frutos silvestres e anan\u00e1s p\u00eassego maracuj\u00e1 e cola com g\u00e1s e morango framboesa<\/a><\/li>\n<li><a href=\"https:\/\/fizzyvape.eu\/pt-pt\/produto\/150k-puffs-blue-razz-rapsberry-watermelon-cherry-ice-strawberry-grape-passion-fruit-orange-peach\/\">blue razz rapsberry &amp; watermelon cherry ice &amp; strawberry grape &amp;passion fruit orange peach<\/a><\/li>\n<li><a href=\"https:\/\/fizzyvape.eu\/pt-pt\/produto\/150k-puffs-cereja-com-gas-morango-fruta-do-dragao-lima-limao-melancia-e-mirtilo\/\">cereja efervescente &amp; morango fruta do drag\u00e3o &amp; lim\u00e3o lima &amp; melancia mirtilo<\/a><\/li>\n<li><a href=\"https:\/\/fizzyvape.eu\/pt-pt\/produto\/150k-puffs-coca-cola-de-morango-e-baunilha-framboesa-de-mirtilo-gelo-de-melancia-baga-de-cereja\/\">Coca-Cola de morango e baunilha e mirtilo framboesa e melancia gelo e cereja<\/a><\/li>\n<li><a href=\"https:\/\/fizzyvape.eu\/pt-pt\/produto\/150k-puffs-blueberry-ice-strawberry-watermelon-mojito-kiwi-passion-fruit-guava\/\">mirtilo ice &amp; morango melancia &amp; mojito &amp; kiwi maracuj\u00e1 goiaba<\/a><\/li>\n<\/ol>\n<h2><b>Distribui\u00e7\u00e3o global e log\u00edstica<\/b><\/h2>\n<p>Como fonte oficial, fornecemos uma log\u00edstica perfeita para os distribuidores globais de vape:<\/p>\n<ul>\n<li><b>Verifica a autenticidade:<\/b> Cada unidade inclui um c\u00f3digo de seguran\u00e7a \u00fanico.<\/li>\n<li><b>Cumprimento r\u00e1pido:<\/b> Encomendas em massa processadas e enviadas com frete global rastre\u00e1vel.<\/li>\n<li><b>Pre\u00e7os escalonados:<\/b> MOQ (Quantidade M\u00ednima de Encomenda) competitivo para iniciantes e descontos massivos para distribuidores regionais principais.<\/li>\n<\/ul>\n<h2><b>Perguntas frequentes sobre a venda por grosso<\/b><\/h2>\n<p><b>P: Posso personalizar as combina\u00e7\u00f5es de sabores para encomendas em massa?<\/b><\/p>\n<p>R: Para encomendas por grosso OEM\/ODM em grande escala, oferecemos personaliza\u00e7\u00e3o dos perfis de sabor e da marca. Contacta a nossa equipa de vendas para obteres mais informa\u00e7\u00f5es. <\/p>\n<p><b>P: Como \u00e9 que evitas fugas durante o transporte internacional?<\/b><\/p>\n<p>R: O Fizzy 150K utiliza um selo de c\u00e1psula independente de v\u00e1rias camadas e uma caixa interna embalada a v\u00e1cuo para garantir 0% de fugas durante o transporte a\u00e9reo ou mar\u00edtimo.<\/p>\n<p><b>P: Qual \u00e9 a garantia dos lotes por grosso?<\/b><\/p>\n<p>R: Oferecemos uma garantia abrangente para todas as unidades mortas \u00e0 chegada (DOA) e suporte t\u00e9cnico para os teus parceiros retalhistas.<\/p>\n<h3><b>Solicita hoje o pre\u00e7o por grosso<\/b><\/h3>\n<p>Junta-te \u00e0 rede global Fizzy. Reduz os teus custos de invent\u00e1rio e aumenta as tuas margens de lucro com o vape descart\u00e1vel mais avan\u00e7ado do mundo. <\/p>\n<p><b>[<a href=\"https:\/\/fizzyvape.eu\/pt-pt\/contacta-nos\/\">Contacta a equipa de vendas]<\/a><\/b><\/p>\n","protected":false},"excerpt":{"rendered":"[html_block id=\"38473\"]\n","protected":false},"featured_media":38490,"comment_status":"open","ping_status":"closed","template":"","meta":{"iawp_total_views":5},"product_brand":[],"product_cat":[999],"product_tag":[],"class_list":{"0":"post-39435","1":"product","2":"type-product","3":"status-publish","4":"has-post-thumbnail","6":"product_cat-efervescente-150k-150000-puffs-15-em-1-vape-descartavel-recarregavel","8":"first","9":"instock","10":"shipping-taxable","11":"product-type-simple"},"yoast_head":"<!-- This site is optimized with the Yoast SEO Premium plugin v24.8 (Yoast SEO v27.4) - https:\/\/yoast.com\/product\/yoast-seo-premium-wordpress\/ -->\n<title>Fizzy 150K Puffs Wholesale | Vape descart\u00e1vel 15 em 1 multi-sabor a granel<\/title>\n<meta name=\"description\" content=\"Maximiza o ROI com o Fizzy 150K Puffs Descart\u00e1vel. O primeiro vape multi-sabor 15 em 1 do mundo com capacidade de 80 ml e tecnologia Quad-Mesh. O melhor pre\u00e7o a granel para distribuidores globais.\" \/>\n<meta name=\"robots\" content=\"index, follow, max-snippet:-1, max-image-preview:large, max-video-preview:-1\" \/>\n<link rel=\"canonical\" href=\"https:\/\/fizzyvape.eu\/pt-pt\/produto\/fizzy-150k-150000-puffs-vape-descartavel-recarregavel-atacado\/\" \/>\n<meta property=\"og:locale\" content=\"pt_PT\" \/>\n<meta property=\"og:type\" content=\"article\" \/>\n<meta property=\"og:title\" content=\"Fizzy 150K 150000 Puffs Vape descart\u00e1vel recarreg\u00e1vel Atacado\" \/>\n<meta property=\"og:description\" content=\"Maximiza o ROI com o Fizzy 150K Puffs Descart\u00e1vel. O primeiro vape multi-sabor 15 em 1 do mundo com capacidade de 80 ml e tecnologia Quad-Mesh. O melhor pre\u00e7o a granel para distribuidores globais.\" \/>\n<meta property=\"og:url\" content=\"https:\/\/fizzyvape.eu\/pt-pt\/produto\/fizzy-150k-150000-puffs-vape-descartavel-recarregavel-atacado\/\" \/>\n<meta property=\"og:site_name\" content=\"fizzyvape.eu\" \/>\n<meta property=\"og:image\" content=\"https:\/\/fizzyvape.eu\/wp-content\/uploads\/2026\/01\/Fizzy-150K-Puffs-15-in-1-Smart-Multi-Flavor-Rechargeable-Disposable-Vape-23.jpg\" \/>\n\t<meta property=\"og:image:width\" content=\"800\" \/>\n\t<meta property=\"og:image:height\" content=\"800\" \/>\n\t<meta property=\"og:image:type\" content=\"image\/jpeg\" \/>\n<meta name=\"twitter:card\" content=\"summary_large_image\" \/>\n<meta name=\"twitter:label1\" content=\"pre\u00e7o\" \/>\n\t<meta name=\"twitter:data1\" content=\"\" \/>\n\t<meta name=\"twitter:label2\" content=\"Disponibilidade\" \/>\n\t<meta name=\"twitter:data2\" content=\"Em stock\" \/>\n<script type=\"application\/ld+json\" class=\"yoast-schema-graph\">{\"@context\":\"https:\\\/\\\/schema.org\",\"@graph\":[{\"@type\":\"WebPage\",\"@id\":\"https:\\\/\\\/fizzyvape.eu\\\/pt-pt\\\/produto\\\/fizzy-150k-150000-puffs-vape-descartavel-recarregavel-atacado\\\/\",\"url\":\"https:\\\/\\\/fizzyvape.eu\\\/pt-pt\\\/produto\\\/fizzy-150k-150000-puffs-vape-descartavel-recarregavel-atacado\\\/\",\"name\":\"Fizzy 150K Puffs Wholesale | Vape descart\u00e1vel 15 em 1 multi-sabor a granel\",\"isPartOf\":{\"@id\":\"https:\\\/\\\/www.fizzyvape.eu\\\/pt-pt\\\/#website\"},\"primaryImageOfPage\":{\"@id\":\"https:\\\/\\\/fizzyvape.eu\\\/pt-pt\\\/produto\\\/fizzy-150k-150000-puffs-vape-descartavel-recarregavel-atacado\\\/#primaryimage\"},\"image\":{\"@id\":\"https:\\\/\\\/fizzyvape.eu\\\/pt-pt\\\/produto\\\/fizzy-150k-150000-puffs-vape-descartavel-recarregavel-atacado\\\/#primaryimage\"},\"thumbnailUrl\":\"https:\\\/\\\/fizzyvape.eu\\\/wp-content\\\/uploads\\\/2026\\\/01\\\/Fizzy-150K-Puffs-15-in-1-Smart-Multi-Flavor-Rechargeable-Disposable-Vape-23.jpg\",\"datePublished\":\"2026-01-19T03:53:21+00:00\",\"description\":\"Maximiza o ROI com o Fizzy 150K Puffs Descart\u00e1vel. O primeiro vape multi-sabor 15 em 1 do mundo com capacidade de 80 ml e tecnologia Quad-Mesh. O melhor pre\u00e7o a granel para distribuidores globais.\",\"breadcrumb\":{\"@id\":\"https:\\\/\\\/fizzyvape.eu\\\/pt-pt\\\/produto\\\/fizzy-150k-150000-puffs-vape-descartavel-recarregavel-atacado\\\/#breadcrumb\"},\"inLanguage\":\"pt-PT\",\"potentialAction\":[{\"@type\":\"ReadAction\",\"target\":[\"https:\\\/\\\/fizzyvape.eu\\\/pt-pt\\\/produto\\\/fizzy-150k-150000-puffs-vape-descartavel-recarregavel-atacado\\\/\"]}]},{\"@type\":\"ImageObject\",\"inLanguage\":\"pt-PT\",\"@id\":\"https:\\\/\\\/fizzyvape.eu\\\/pt-pt\\\/produto\\\/fizzy-150k-150000-puffs-vape-descartavel-recarregavel-atacado\\\/#primaryimage\",\"url\":\"https:\\\/\\\/fizzyvape.eu\\\/wp-content\\\/uploads\\\/2026\\\/01\\\/Fizzy-150K-Puffs-15-in-1-Smart-Multi-Flavor-Rechargeable-Disposable-Vape-23.jpg\",\"contentUrl\":\"https:\\\/\\\/fizzyvape.eu\\\/wp-content\\\/uploads\\\/2026\\\/01\\\/Fizzy-150K-Puffs-15-in-1-Smart-Multi-Flavor-Rechargeable-Disposable-Vape-23.jpg\",\"width\":800,\"height\":800,\"caption\":\"Fizzy 150K Puffs - Vape descart\u00e1vel recarreg\u00e1vel multi-sabor 15 em 1 inteligente-23\"},{\"@type\":\"BreadcrumbList\",\"@id\":\"https:\\\/\\\/fizzyvape.eu\\\/pt-pt\\\/produto\\\/fizzy-150k-150000-puffs-vape-descartavel-recarregavel-atacado\\\/#breadcrumb\",\"itemListElement\":[{\"@type\":\"ListItem\",\"position\":1,\"name\":\"Home\",\"item\":\"https:\\\/\\\/fizzyvape.eu\\\/pt-pt\\\/\"},{\"@type\":\"ListItem\",\"position\":2,\"name\":\"Shop\",\"item\":\"https:\\\/\\\/www.fizzyvape.eu\\\/pt-pt\\\/shop\\\/\"},{\"@type\":\"ListItem\",\"position\":3,\"name\":\"Fizzy 150K 150000 Puffs Vape descart\u00e1vel recarreg\u00e1vel Atacado\"}]},{\"@type\":\"WebSite\",\"@id\":\"https:\\\/\\\/www.fizzyvape.eu\\\/pt-pt\\\/#website\",\"url\":\"https:\\\/\\\/www.fizzyvape.eu\\\/pt-pt\\\/\",\"name\":\"fizzyvape.eu\",\"description\":\"Refreshing Vapes. Unforgettable Taste.\",\"publisher\":{\"@id\":\"https:\\\/\\\/www.fizzyvape.eu\\\/pt-pt\\\/#organization\"},\"potentialAction\":[{\"@type\":\"SearchAction\",\"target\":{\"@type\":\"EntryPoint\",\"urlTemplate\":\"https:\\\/\\\/www.fizzyvape.eu\\\/pt-pt\\\/?s={search_term_string}\"},\"query-input\":{\"@type\":\"PropertyValueSpecification\",\"valueRequired\":true,\"valueName\":\"search_term_string\"}}],\"inLanguage\":\"pt-PT\"},{\"@type\":\"Organization\",\"@id\":\"https:\\\/\\\/www.fizzyvape.eu\\\/pt-pt\\\/#organization\",\"name\":\"fizzyvape.eu\",\"url\":\"https:\\\/\\\/www.fizzyvape.eu\\\/pt-pt\\\/\",\"logo\":{\"@type\":\"ImageObject\",\"inLanguage\":\"pt-PT\",\"@id\":\"https:\\\/\\\/www.fizzyvape.eu\\\/pt-pt\\\/#\\\/schema\\\/logo\\\/image\\\/\",\"url\":\"https:\\\/\\\/fizzyvape.eu\\\/wp-content\\\/uploads\\\/2019\\\/06\\\/print-1.svg\",\"contentUrl\":\"https:\\\/\\\/fizzyvape.eu\\\/wp-content\\\/uploads\\\/2019\\\/06\\\/print-1.svg\",\"width\":124,\"height\":37,\"caption\":\"fizzyvape.eu\"},\"image\":{\"@id\":\"https:\\\/\\\/www.fizzyvape.eu\\\/pt-pt\\\/#\\\/schema\\\/logo\\\/image\\\/\"}}]}<\/script>\n<meta property=\"product:price:currency\" content=\"EUR\" \/>\n<meta property=\"og:availability\" content=\"instock\" \/>\n<meta property=\"product:availability\" content=\"instock\" \/>\n<meta property=\"product:condition\" content=\"new\" \/>\n<!-- \/ Yoast SEO Premium plugin. -->","yoast_head_json":{"title":"Fizzy 150K Puffs Wholesale | Vape descart\u00e1vel 15 em 1 multi-sabor a granel","description":"Maximiza o ROI com o Fizzy 150K Puffs Descart\u00e1vel. O primeiro vape multi-sabor 15 em 1 do mundo com capacidade de 80 ml e tecnologia Quad-Mesh. O melhor pre\u00e7o a granel para distribuidores globais.","robots":{"index":"index","follow":"follow","max-snippet":"max-snippet:-1","max-image-preview":"max-image-preview:large","max-video-preview":"max-video-preview:-1"},"canonical":"https:\/\/fizzyvape.eu\/pt-pt\/produto\/fizzy-150k-150000-puffs-vape-descartavel-recarregavel-atacado\/","og_locale":"pt_PT","og_type":"article","og_title":"Fizzy 150K 150000 Puffs Vape descart\u00e1vel recarreg\u00e1vel Atacado","og_description":"Maximiza o ROI com o Fizzy 150K Puffs Descart\u00e1vel. O primeiro vape multi-sabor 15 em 1 do mundo com capacidade de 80 ml e tecnologia Quad-Mesh. O melhor pre\u00e7o a granel para distribuidores globais.","og_url":"https:\/\/fizzyvape.eu\/pt-pt\/produto\/fizzy-150k-150000-puffs-vape-descartavel-recarregavel-atacado\/","og_site_name":"fizzyvape.eu","og_image":[{"width":800,"height":800,"url":"https:\/\/fizzyvape.eu\/wp-content\/uploads\/2026\/01\/Fizzy-150K-Puffs-15-in-1-Smart-Multi-Flavor-Rechargeable-Disposable-Vape-23.jpg","type":"image\/jpeg"}],"twitter_card":"summary_large_image","twitter_misc":{"pre\u00e7o":"","Disponibilidade":"Em stock"},"schema":{"@context":"https:\/\/schema.org","@graph":[{"@type":"WebPage","@id":"https:\/\/fizzyvape.eu\/pt-pt\/produto\/fizzy-150k-150000-puffs-vape-descartavel-recarregavel-atacado\/","url":"https:\/\/fizzyvape.eu\/pt-pt\/produto\/fizzy-150k-150000-puffs-vape-descartavel-recarregavel-atacado\/","name":"Fizzy 150K Puffs Wholesale | Vape descart\u00e1vel 15 em 1 multi-sabor a granel","isPartOf":{"@id":"https:\/\/www.fizzyvape.eu\/pt-pt\/#website"},"primaryImageOfPage":{"@id":"https:\/\/fizzyvape.eu\/pt-pt\/produto\/fizzy-150k-150000-puffs-vape-descartavel-recarregavel-atacado\/#primaryimage"},"image":{"@id":"https:\/\/fizzyvape.eu\/pt-pt\/produto\/fizzy-150k-150000-puffs-vape-descartavel-recarregavel-atacado\/#primaryimage"},"thumbnailUrl":"https:\/\/fizzyvape.eu\/wp-content\/uploads\/2026\/01\/Fizzy-150K-Puffs-15-in-1-Smart-Multi-Flavor-Rechargeable-Disposable-Vape-23.jpg","datePublished":"2026-01-19T03:53:21+00:00","description":"Maximiza o ROI com o Fizzy 150K Puffs Descart\u00e1vel. O primeiro vape multi-sabor 15 em 1 do mundo com capacidade de 80 ml e tecnologia Quad-Mesh. O melhor pre\u00e7o a granel para distribuidores globais.","breadcrumb":{"@id":"https:\/\/fizzyvape.eu\/pt-pt\/produto\/fizzy-150k-150000-puffs-vape-descartavel-recarregavel-atacado\/#breadcrumb"},"inLanguage":"pt-PT","potentialAction":[{"@type":"ReadAction","target":["https:\/\/fizzyvape.eu\/pt-pt\/produto\/fizzy-150k-150000-puffs-vape-descartavel-recarregavel-atacado\/"]}]},{"@type":"ImageObject","inLanguage":"pt-PT","@id":"https:\/\/fizzyvape.eu\/pt-pt\/produto\/fizzy-150k-150000-puffs-vape-descartavel-recarregavel-atacado\/#primaryimage","url":"https:\/\/fizzyvape.eu\/wp-content\/uploads\/2026\/01\/Fizzy-150K-Puffs-15-in-1-Smart-Multi-Flavor-Rechargeable-Disposable-Vape-23.jpg","contentUrl":"https:\/\/fizzyvape.eu\/wp-content\/uploads\/2026\/01\/Fizzy-150K-Puffs-15-in-1-Smart-Multi-Flavor-Rechargeable-Disposable-Vape-23.jpg","width":800,"height":800,"caption":"Fizzy 150K Puffs - Vape descart\u00e1vel recarreg\u00e1vel multi-sabor 15 em 1 inteligente-23"},{"@type":"BreadcrumbList","@id":"https:\/\/fizzyvape.eu\/pt-pt\/produto\/fizzy-150k-150000-puffs-vape-descartavel-recarregavel-atacado\/#breadcrumb","itemListElement":[{"@type":"ListItem","position":1,"name":"Home","item":"https:\/\/fizzyvape.eu\/pt-pt\/"},{"@type":"ListItem","position":2,"name":"Shop","item":"https:\/\/www.fizzyvape.eu\/pt-pt\/shop\/"},{"@type":"ListItem","position":3,"name":"Fizzy 150K 150000 Puffs Vape descart\u00e1vel recarreg\u00e1vel Atacado"}]},{"@type":"WebSite","@id":"https:\/\/www.fizzyvape.eu\/pt-pt\/#website","url":"https:\/\/www.fizzyvape.eu\/pt-pt\/","name":"fizzyvape.eu","description":"Refreshing Vapes. Unforgettable Taste.","publisher":{"@id":"https:\/\/www.fizzyvape.eu\/pt-pt\/#organization"},"potentialAction":[{"@type":"SearchAction","target":{"@type":"EntryPoint","urlTemplate":"https:\/\/www.fizzyvape.eu\/pt-pt\/?s={search_term_string}"},"query-input":{"@type":"PropertyValueSpecification","valueRequired":true,"valueName":"search_term_string"}}],"inLanguage":"pt-PT"},{"@type":"Organization","@id":"https:\/\/www.fizzyvape.eu\/pt-pt\/#organization","name":"fizzyvape.eu","url":"https:\/\/www.fizzyvape.eu\/pt-pt\/","logo":{"@type":"ImageObject","inLanguage":"pt-PT","@id":"https:\/\/www.fizzyvape.eu\/pt-pt\/#\/schema\/logo\/image\/","url":"https:\/\/fizzyvape.eu\/wp-content\/uploads\/2019\/06\/print-1.svg","contentUrl":"https:\/\/fizzyvape.eu\/wp-content\/uploads\/2019\/06\/print-1.svg","width":124,"height":37,"caption":"fizzyvape.eu"},"image":{"@id":"https:\/\/www.fizzyvape.eu\/pt-pt\/#\/schema\/logo\/image\/"}}]},"product_price_currency":"EUR","og_availability":"instock","product_availability":"instock","product_condition":"new"},"tiered_pricing_type":"fixed","tiered_pricing_fixed_rules":[],"tiered_pricing_product_settings":{"layout":"default","base_unit_name":{"singular":null,"plural":null},"default_variation":null},"tiered_pricing_minimum_quantity":null,"tiered_pricing_roles_data":[],"tiered_pricing_percentage_rules":[],"tiered_pricing_maximum_quantity":null,"tiered_pricing_quantity_step":null,"_links":{"self":[{"href":"https:\/\/fizzyvape.eu\/pt-pt\/wp-json\/wp\/v2\/product\/39435","targetHints":{"allow":["GET"]}}],"collection":[{"href":"https:\/\/fizzyvape.eu\/pt-pt\/wp-json\/wp\/v2\/product"}],"about":[{"href":"https:\/\/fizzyvape.eu\/pt-pt\/wp-json\/wp\/v2\/types\/product"}],"replies":[{"embeddable":true,"href":"https:\/\/fizzyvape.eu\/pt-pt\/wp-json\/wp\/v2\/comments?post=39435"}],"version-history":[{"count":0,"href":"https:\/\/fizzyvape.eu\/pt-pt\/wp-json\/wp\/v2\/product\/39435\/revisions"}],"wp:featuredmedia":[{"embeddable":true,"href":"https:\/\/fizzyvape.eu\/pt-pt\/wp-json\/wp\/v2\/media\/38490"}],"wp:attachment":[{"href":"https:\/\/fizzyvape.eu\/pt-pt\/wp-json\/wp\/v2\/media?parent=39435"}],"wp:term":[{"taxonomy":"product_brand","embeddable":true,"href":"https:\/\/fizzyvape.eu\/pt-pt\/wp-json\/wp\/v2\/product_brand?post=39435"},{"taxonomy":"product_cat","embeddable":true,"href":"https:\/\/fizzyvape.eu\/pt-pt\/wp-json\/wp\/v2\/product_cat?post=39435"},{"taxonomy":"product_tag","embeddable":true,"href":"https:\/\/fizzyvape.eu\/pt-pt\/wp-json\/wp\/v2\/product_tag?post=39435"}],"curies":[{"name":"wp","href":"https:\/\/api.w.org\/{rel}","templated":true}]}}