{"id":23523,"date":"2025-03-25T14:53:27","date_gmt":"2025-03-25T06:53:27","guid":{"rendered":"https:\/\/fizzyvape.eu\/villkor-och-anvisningar\/"},"modified":"2025-04-14T15:16:24","modified_gmt":"2025-04-14T07:16:24","slug":"villkor-och-anvisningar","status":"publish","type":"page","link":"https:\/\/fizzyvape.eu\/sv\/villkor-och-anvisningar\/","title":{"rendered":"Villkor och anvisningar"},"content":{"rendered":"\n<p><strong>Datum f\u00f6r ikrafttr\u00e4dande: S\u00f6ndagen den 15 december 2024<\/strong><\/p>\n\n<p>V\u00e4lkommen till <a href=\"https:\/\/fizzyvape.eu\/sv\/\">fizzyvape.eu.<\/a> Genom att g\u00e5 in p\u00e5 eller anv\u00e4nda den h\u00e4r webbplatsen samtycker du till att vara bunden av dessa villkor, som inkluderar v\u00e5r integritetspolicy och v\u00e5rt cookiemeddelande, och alla andra villkor som h\u00e4nvisas till h\u00e4ri (tillsammans &#8220;villkoren&#8221;). V\u00e4nligen l\u00e4s dem noggrant. Om du inte samtycker till dessa villkor ska du omedelbart upph\u00f6ra att anv\u00e4nda webbplatsen.   <\/p>\n\n<hr class=\"wp-block-separator has-alpha-channel-opacity\"\/>\n\n<h3 class=\"wp-block-heading\" id=\"h-1-general-terms\"><strong>1. Allm\u00e4nna villkor<\/strong><\/h3>\n\n<ul class=\"wp-block-list\">\n<li>Genom att anv\u00e4nda denna webbplats intygar du att du har uppn\u00e5tt myndighets\u00e5ldern i din jurisdiktion. Det \u00e4r ditt ansvar att se till att du f\u00f6ljer lokala lagar om l\u00e4gsta \u00e5lder f\u00f6r att f\u00e5 tillg\u00e5ng till, k\u00f6pa eller anv\u00e4nda webbplatsen. <\/li>\n\n\n\n<li>Dessa villkor g\u00e4ller f\u00f6r alla anv\u00e4ndare, inklusive webbl\u00e4sare, leverant\u00f6rer, kunder och bidragsgivare av inneh\u00e5ll.<\/li>\n\n\n\n<li>Vi f\u00f6rbeh\u00e5ller oss r\u00e4tten att \u00e4ndra dessa villkor n\u00e4r som helst utan f\u00f6reg\u00e5ende meddelande. Din fortsatta anv\u00e4ndning av webbplatsen utg\u00f6r ett godk\u00e4nnande av s\u00e5dana \u00e4ndringar. <\/li>\n<\/ul>\n\n<hr class=\"wp-block-separator has-alpha-channel-opacity\"\/>\n\n<h3 class=\"wp-block-heading\" id=\"h-2-use-of-the-site\"><strong>2. Anv\u00e4ndning av webbplatsen<\/strong><\/h3>\n\n<p>Du har r\u00e4tt att bl\u00e4ddra i, skriva ut och ladda ner material endast f\u00f6r personligt, icke-kommersiellt bruk, f\u00f6rutsatt att upphovsr\u00e4tt och andra meddelanden inte har tagits bort. Du f\u00e5r inte: <\/p>\n\n<ul class=\"wp-block-list\">\n<li>Kopiera, distribuera eller visa material f\u00f6r kommersiella \u00e4ndam\u00e5l.<\/li>\n\n\n\n<li>\u00c4ndra, \u00f6verf\u00f6ra eller skapa h\u00e4rledda verk fr\u00e5n webbplatsinneh\u00e5ll.<\/li>\n\n\n\n<li>Anv\u00e4nda webbplatsen eller dess inneh\u00e5ll f\u00f6r n\u00e5got olagligt syfte.<\/li>\n<\/ul>\n\n<hr class=\"wp-block-separator has-alpha-channel-opacity\"\/>\n\n<h3 class=\"wp-block-heading\" id=\"h-3-prohibited-activities\"><strong>3. F\u00f6rbjudna aktiviteter<\/strong><\/h3>\n\n<p>Du f\u00e5r inte anv\u00e4nda webbplatsen f\u00f6r att:<\/p>\n\n<ul class=\"wp-block-list\">\n<li>Delta i olagliga aktiviteter.<\/li>\n\n\n\n<li>bryter mot lagar eller f\u00f6rordningar.<\/li>\n\n\n\n<li>\u00d6verf\u00f6ra skadlig kod, virus eller annat skadligt inneh\u00e5ll.<\/li>\n\n\n\n<li>Samla in eller missbruka personlig information.<\/li>\n\n\n\n<li>Trakassera, misshandla eller diskriminera andra.<\/li>\n<\/ul>\n\n<hr class=\"wp-block-separator has-alpha-channel-opacity\"\/>\n\n<h3 class=\"wp-block-heading\" id=\"h-4-links-to-third-party-sites\"><strong>4. L\u00e4nkar till webbplatser fr\u00e5n tredje part<\/strong><\/h3>\n\n<p>Denna webbplats kan inneh\u00e5lla l\u00e4nkar till webbplatser fr\u00e5n tredje part f\u00f6r din bekv\u00e4mlighet. Vi \u00e4r inte ansvariga f\u00f6r: <\/p>\n\n<ul class=\"wp-block-list\">\n<li>Inneh\u00e5ll, produkter eller tj\u00e4nster p\u00e5 dessa webbplatser.<\/li>\n\n\n\n<li>Eventuella \u00e4ndringar eller uppdateringar av l\u00e4nkade webbplatser.<\/li>\n\n\n\n<li>Fr\u00e5gor som uppst\u00e5r vid anv\u00e4ndning av verktyg fr\u00e5n tredje part som n\u00e5s via webbplatsen.<\/li>\n<\/ul>\n\n<p>Anv\u00e4ndning av s\u00e5dana l\u00e4nkar sker p\u00e5 egen risk, och andra villkor kan g\u00e4lla f\u00f6r dessa webbplatser.<\/p>\n\n<hr class=\"wp-block-separator has-alpha-channel-opacity\"\/>\n\n<h3 class=\"wp-block-heading\" id=\"h-5-accuracy-of-information\"><strong>5. Informationens riktighet<\/strong><\/h3>\n\n<ul class=\"wp-block-list\">\n<li>Informationen p\u00e5 denna webbplats tillhandah\u00e5lls endast f\u00f6r allm\u00e4nna \u00e4ndam\u00e5l och \u00e4r kanske inte korrekt, fullst\u00e4ndig eller aktuell.<\/li>\n\n\n\n<li>Historisk information tillhandah\u00e5lls endast som referens och kanske inte \u00e5terspeglar den aktuella situationen.<\/li>\n\n\n\n<li>Vi f\u00f6rbeh\u00e5ller oss r\u00e4tten att uppdatera webbplatsens inneh\u00e5ll utan skyldighet att meddela anv\u00e4ndarna.<\/li>\n<\/ul>\n\n<hr class=\"wp-block-separator has-alpha-channel-opacity\"\/>\n\n<h3 class=\"wp-block-heading\" id=\"h-6-shopping-and-ordering\"><strong>6. Shopping och best\u00e4llning<\/strong><\/h3>\n\n<ul class=\"wp-block-list\">\n<li>Vi f\u00f6rbeh\u00e5ller oss r\u00e4tten att neka service eller annullera best\u00e4llningar av n\u00e5gon anledning.<\/li>\n\n\n\n<li>Priser och produkttillg\u00e4nglighet kan komma att \u00e4ndras utan f\u00f6reg\u00e5ende meddelande.<\/li>\n\n\n\n<li>Produkter som visas kan skilja sig \u00e5t i f\u00e4rg eller utseende beroende p\u00e5 bildsk\u00e4rmens inst\u00e4llningar.<\/li>\n\n\n\n<li>Borttappade eller stulna paket som \u00e4r m\u00e4rkta som levererade \u00e4r kundens ansvar att l\u00f6sa med transport\u00f6ren.<\/li>\n<\/ul>\n\n<p>Du m\u00e5ste tillhandah\u00e5lla korrekt och sanningsenlig faktureringsinformation. Eventuella felaktigheter kan leda till att best\u00e4llningen annulleras eller f\u00f6rsenas. <\/p>\n\n<hr class=\"wp-block-separator has-alpha-channel-opacity\"\/>\n\n<h3 class=\"wp-block-heading\" id=\"h-7-intellectual-property\"><strong>7. Intellektuell egendom<\/strong><\/h3>\n\n<p>Allt inneh\u00e5ll p\u00e5 denna webbplats, inklusive text, bilder och varum\u00e4rken, \u00e4gs av oss eller v\u00e5ra licensgivare. Obeh\u00f6rig anv\u00e4ndning av allt material \u00e4r str\u00e4ngt f\u00f6rbjuden. <\/p>\n\n<hr class=\"wp-block-separator has-alpha-channel-opacity\"\/>\n\n<h3 class=\"wp-block-heading\" id=\"h-8-comments-and-feedback\"><strong>8. Kommentarer och \u00e5terkoppling<\/strong><\/h3>\n\n<p>Genom att skicka in kommentarer, feedback eller id\u00e9er:<\/p>\n\n<ul class=\"wp-block-list\">\n<li>Du ger oss en icke-exklusiv, o\u00e5terkallelig licens att anv\u00e4nda dem.<\/li>\n\n\n\n<li>Vi \u00e4r inte skyldiga att uppr\u00e4tth\u00e5lla sekretess eller ge ers\u00e4ttning.<\/li>\n\n\n\n<li>Du m\u00e5ste se till att dina bidrag inte g\u00f6r intr\u00e5ng i tredje parts r\u00e4ttigheter.<\/li>\n<\/ul>\n\n<hr class=\"wp-block-separator has-alpha-channel-opacity\"\/>\n\n<h3 class=\"wp-block-heading\" id=\"h-9-account-security\"><strong>9. Kontos\u00e4kerhet<\/strong><\/h3>\n\n<p>Om du skapar ett konto p\u00e5 den h\u00e4r webbplatsen:<\/p>\n\n<ul class=\"wp-block-list\">\n<li>Du \u00e4r ansvarig f\u00f6r att h\u00e5lla dina inloggningsuppgifter konfidentiella.<\/li>\n\n\n\n<li>Meddela oss omedelbart om obeh\u00f6rig anv\u00e4ndning av ditt konto.<\/li>\n\n\n\n<li>Vi \u00e4r inte ansvariga f\u00f6r f\u00f6rluster som uppst\u00e5r p\u00e5 grund av obeh\u00f6rig \u00e5tkomst till kontot.<\/li>\n<\/ul>\n\n<hr class=\"wp-block-separator has-alpha-channel-opacity\"\/>\n\n<h3 class=\"wp-block-heading\" id=\"h-10-counterfeiting\"><strong>10. F\u00f6rfalskning<\/strong><\/h3>\n\n<p>Vi \u00e4r fast beslutna att bek\u00e4mpa f\u00f6rfalskade produkter. Vi fr\u00e5ns\u00e4ger oss allt ansvar f\u00f6r k\u00f6p fr\u00e5n obeh\u00f6riga s\u00e4ljare och rekommenderar starkt att du rapporterar f\u00f6rfalskade produkter till oss. <\/p>\n\n<hr class=\"wp-block-separator has-alpha-channel-opacity\"\/>\n\n<h3 class=\"wp-block-heading\" id=\"h-11-use-of-google-analytics\"><strong>11. Anv\u00e4ndning av Google Analytics<\/strong><\/h3>\n\n<p>Denna webbplats anv\u00e4nder Google Analytics f\u00f6r att analysera anv\u00e4ndningen. Genom att anv\u00e4nda denna webbplats samtycker du till insamling och behandling av data enligt vad som anges i v\u00e5rt Cookie-meddelande. <\/p>\n\n<hr class=\"wp-block-separator has-alpha-channel-opacity\"\/>\n\n<h3 class=\"wp-block-heading\" id=\"h-12-disclaimers-and-limitation-of-liability\"><strong>12. Ansvarsfriskrivning och ansvarsbegr\u00e4nsning<\/strong><\/h3>\n\n<ul class=\"wp-block-list\">\n<li>Webbplatsen tillhandah\u00e5lls &#8220;i befintligt skick&#8221; och &#8220;i m\u00e5n av tillg\u00e5ng&#8221; utan n\u00e5gra garantier av n\u00e5got slag.<\/li>\n\n\n\n<li>Vi fr\u00e5ns\u00e4ger oss alla garantier, inklusive men inte begr\u00e4nsat till s\u00e4ljbarhet, l\u00e4mplighet f\u00f6r ett visst \u00e4ndam\u00e5l och icke-intr\u00e5ng.<\/li>\n\n\n\n<li>Vi ansvarar inte f\u00f6r n\u00e5gra skador som uppst\u00e5r till f\u00f6ljd av din anv\u00e4ndning av webbplatsen, inklusive men inte begr\u00e4nsat till dataf\u00f6rlust, serviceavbrott eller obeh\u00f6rig \u00e5tkomst.<\/li>\n<\/ul>\n\n<hr class=\"wp-block-separator has-alpha-channel-opacity\"\/>\n\n<h3 class=\"wp-block-heading\" id=\"h-13-governing-law\"><strong>13. Till\u00e4mplig lag<\/strong><\/h3>\n\n<p>Dessa villkor regleras av lagarna i [Ange jurisdiktion], utan h\u00e4nsyn till principer om lagkonflikt.<\/p>\n\n<hr class=\"wp-block-separator has-alpha-channel-opacity\"\/>\n\n<h3 class=\"wp-block-heading\" id=\"h-14-contact-information\"><strong>14. Kontaktuppgifter<\/strong><\/h3>\n\n<p>Om du har n\u00e5gra fr\u00e5gor om denna <span style=\"margin: 0px; padding: 0px;\">cookiepolicy<\/span>, v\u00e4nligen kontakta oss p\u00e5 sidan Kontakta oss eller kontakta oss via e-post p\u00e5 <a><strong><a>[shop@fizzyvape.com].<\/a><\/strong><\/a><\/p>\n\n<p><\/p>\n","protected":false},"excerpt":{"rendered":"<p>Datum f\u00f6r ikrafttr\u00e4dande: S\u00f6ndagen den 15 december 2024 V\u00e4lkommen till fizzyvape.eu. Genom att g\u00e5 in p\u00e5 eller anv\u00e4nda den h\u00e4r<\/p>\n","protected":false},"author":3,"featured_media":0,"parent":0,"menu_order":0,"comment_status":"closed","ping_status":"closed","template":"","meta":{"iawp_total_views":0,"footnotes":""},"class_list":["post-23523","page","type-page","status-publish","hentry"],"yoast_head":"<!-- This site is optimized with the Yoast SEO Premium plugin v24.8 (Yoast SEO v24.8) - https:\/\/yoast.com\/wordpress\/plugins\/seo\/ -->\n<title>Villkor och anvisningar - fizzyvape.eu<\/title>\n<meta name=\"robots\" content=\"index, follow, max-snippet:-1, max-image-preview:large, max-video-preview:-1\" \/>\n<link rel=\"canonical\" href=\"https:\/\/fizzyvape.eu\/sv\/villkor-och-anvisningar\/\" \/>\n<meta property=\"og:locale\" content=\"sv_SE\" \/>\n<meta property=\"og:type\" content=\"article\" \/>\n<meta property=\"og:title\" content=\"Villkor och anvisningar\" \/>\n<meta property=\"og:description\" content=\"Datum f\u00f6r ikrafttr\u00e4dande: S\u00f6ndagen den 15 december 2024 V\u00e4lkommen till fizzyvape.eu. Genom att g\u00e5 in p\u00e5 eller anv\u00e4nda den h\u00e4r\" \/>\n<meta property=\"og:url\" content=\"https:\/\/fizzyvape.eu\/sv\/villkor-och-anvisningar\/\" \/>\n<meta property=\"og:site_name\" content=\"fizzyvape.eu\" \/>\n<meta property=\"article:modified_time\" content=\"2025-04-14T07:16:24+00:00\" \/>\n<meta name=\"twitter:card\" content=\"summary_large_image\" \/>\n<meta name=\"twitter:label1\" content=\"Ber\u00e4knad l\u00e4stid\" \/>\n\t<meta name=\"twitter:data1\" content=\"4 minuter\" \/>\n<script type=\"application\/ld+json\" class=\"yoast-schema-graph\">{\"@context\":\"https:\/\/schema.org\",\"@graph\":[{\"@type\":\"WebPage\",\"@id\":\"https:\/\/fizzyvape.eu\/sv\/villkor-och-anvisningar\/\",\"url\":\"https:\/\/fizzyvape.eu\/sv\/villkor-och-anvisningar\/\",\"name\":\"Villkor och anvisningar - fizzyvape.eu\",\"isPartOf\":{\"@id\":\"https:\/\/www.fizzyvape.eu\/sv\/#website\"},\"datePublished\":\"2025-03-25T06:53:27+00:00\",\"dateModified\":\"2025-04-14T07:16:24+00:00\",\"breadcrumb\":{\"@id\":\"https:\/\/fizzyvape.eu\/sv\/villkor-och-anvisningar\/#breadcrumb\"},\"inLanguage\":\"sv-SE\",\"potentialAction\":[{\"@type\":\"ReadAction\",\"target\":[\"https:\/\/fizzyvape.eu\/sv\/villkor-och-anvisningar\/\"]}]},{\"@type\":\"BreadcrumbList\",\"@id\":\"https:\/\/fizzyvape.eu\/sv\/villkor-och-anvisningar\/#breadcrumb\",\"itemListElement\":[{\"@type\":\"ListItem\",\"position\":1,\"name\":\"Home\",\"item\":\"https:\/\/fizzyvape.eu\/sv\/\"},{\"@type\":\"ListItem\",\"position\":2,\"name\":\"Villkor och anvisningar\"}]},{\"@type\":\"WebSite\",\"@id\":\"https:\/\/www.fizzyvape.eu\/sv\/#website\",\"url\":\"https:\/\/www.fizzyvape.eu\/sv\/\",\"name\":\"fizzyvape.eu\",\"description\":\"Refreshing Vapes. Unforgettable Taste.\",\"publisher\":{\"@id\":\"https:\/\/www.fizzyvape.eu\/sv\/#organization\"},\"potentialAction\":[{\"@type\":\"SearchAction\",\"target\":{\"@type\":\"EntryPoint\",\"urlTemplate\":\"https:\/\/www.fizzyvape.eu\/sv\/?s={search_term_string}\"},\"query-input\":{\"@type\":\"PropertyValueSpecification\",\"valueRequired\":true,\"valueName\":\"search_term_string\"}}],\"inLanguage\":\"sv-SE\"},{\"@type\":\"Organization\",\"@id\":\"https:\/\/www.fizzyvape.eu\/sv\/#organization\",\"name\":\"fizzyvape.eu\",\"url\":\"https:\/\/www.fizzyvape.eu\/sv\/\",\"logo\":{\"@type\":\"ImageObject\",\"inLanguage\":\"sv-SE\",\"@id\":\"https:\/\/www.fizzyvape.eu\/sv\/#\/schema\/logo\/image\/\",\"url\":\"https:\/\/fizzyvape.eu\/wp-content\/uploads\/2019\/06\/print-1.svg\",\"contentUrl\":\"https:\/\/fizzyvape.eu\/wp-content\/uploads\/2019\/06\/print-1.svg\",\"width\":124,\"height\":37,\"caption\":\"fizzyvape.eu\"},\"image\":{\"@id\":\"https:\/\/www.fizzyvape.eu\/sv\/#\/schema\/logo\/image\/\"}}]}<\/script>\n<!-- \/ Yoast SEO Premium plugin. -->","yoast_head_json":{"title":"Villkor och anvisningar - fizzyvape.eu","robots":{"index":"index","follow":"follow","max-snippet":"max-snippet:-1","max-image-preview":"max-image-preview:large","max-video-preview":"max-video-preview:-1"},"canonical":"https:\/\/fizzyvape.eu\/sv\/villkor-och-anvisningar\/","og_locale":"sv_SE","og_type":"article","og_title":"Villkor och anvisningar","og_description":"Datum f\u00f6r ikrafttr\u00e4dande: S\u00f6ndagen den 15 december 2024 V\u00e4lkommen till fizzyvape.eu. Genom att g\u00e5 in p\u00e5 eller anv\u00e4nda den h\u00e4r","og_url":"https:\/\/fizzyvape.eu\/sv\/villkor-och-anvisningar\/","og_site_name":"fizzyvape.eu","article_modified_time":"2025-04-14T07:16:24+00:00","twitter_card":"summary_large_image","twitter_misc":{"Ber\u00e4knad l\u00e4stid":"4 minuter"},"schema":{"@context":"https:\/\/schema.org","@graph":[{"@type":"WebPage","@id":"https:\/\/fizzyvape.eu\/sv\/villkor-och-anvisningar\/","url":"https:\/\/fizzyvape.eu\/sv\/villkor-och-anvisningar\/","name":"Villkor och anvisningar - fizzyvape.eu","isPartOf":{"@id":"https:\/\/www.fizzyvape.eu\/sv\/#website"},"datePublished":"2025-03-25T06:53:27+00:00","dateModified":"2025-04-14T07:16:24+00:00","breadcrumb":{"@id":"https:\/\/fizzyvape.eu\/sv\/villkor-och-anvisningar\/#breadcrumb"},"inLanguage":"sv-SE","potentialAction":[{"@type":"ReadAction","target":["https:\/\/fizzyvape.eu\/sv\/villkor-och-anvisningar\/"]}]},{"@type":"BreadcrumbList","@id":"https:\/\/fizzyvape.eu\/sv\/villkor-och-anvisningar\/#breadcrumb","itemListElement":[{"@type":"ListItem","position":1,"name":"Home","item":"https:\/\/fizzyvape.eu\/sv\/"},{"@type":"ListItem","position":2,"name":"Villkor och anvisningar"}]},{"@type":"WebSite","@id":"https:\/\/www.fizzyvape.eu\/sv\/#website","url":"https:\/\/www.fizzyvape.eu\/sv\/","name":"fizzyvape.eu","description":"Refreshing Vapes. Unforgettable Taste.","publisher":{"@id":"https:\/\/www.fizzyvape.eu\/sv\/#organization"},"potentialAction":[{"@type":"SearchAction","target":{"@type":"EntryPoint","urlTemplate":"https:\/\/www.fizzyvape.eu\/sv\/?s={search_term_string}"},"query-input":{"@type":"PropertyValueSpecification","valueRequired":true,"valueName":"search_term_string"}}],"inLanguage":"sv-SE"},{"@type":"Organization","@id":"https:\/\/www.fizzyvape.eu\/sv\/#organization","name":"fizzyvape.eu","url":"https:\/\/www.fizzyvape.eu\/sv\/","logo":{"@type":"ImageObject","inLanguage":"sv-SE","@id":"https:\/\/www.fizzyvape.eu\/sv\/#\/schema\/logo\/image\/","url":"https:\/\/fizzyvape.eu\/wp-content\/uploads\/2019\/06\/print-1.svg","contentUrl":"https:\/\/fizzyvape.eu\/wp-content\/uploads\/2019\/06\/print-1.svg","width":124,"height":37,"caption":"fizzyvape.eu"},"image":{"@id":"https:\/\/www.fizzyvape.eu\/sv\/#\/schema\/logo\/image\/"}}]}},"_links":{"self":[{"href":"https:\/\/fizzyvape.eu\/sv\/wp-json\/wp\/v2\/pages\/23523","targetHints":{"allow":["GET"]}}],"collection":[{"href":"https:\/\/fizzyvape.eu\/sv\/wp-json\/wp\/v2\/pages"}],"about":[{"href":"https:\/\/fizzyvape.eu\/sv\/wp-json\/wp\/v2\/types\/page"}],"author":[{"embeddable":true,"href":"https:\/\/fizzyvape.eu\/sv\/wp-json\/wp\/v2\/users\/3"}],"replies":[{"embeddable":true,"href":"https:\/\/fizzyvape.eu\/sv\/wp-json\/wp\/v2\/comments?post=23523"}],"version-history":[{"count":0,"href":"https:\/\/fizzyvape.eu\/sv\/wp-json\/wp\/v2\/pages\/23523\/revisions"}],"wp:attachment":[{"href":"https:\/\/fizzyvape.eu\/sv\/wp-json\/wp\/v2\/media?parent=23523"}],"curies":[{"name":"wp","href":"https:\/\/api.w.org\/{rel}","templated":true}]}}