{"id":23606,"date":"2025-03-25T14:25:53","date_gmt":"2025-03-25T06:25:53","guid":{"rendered":"https:\/\/fizzyvape.eu\/policy-for-aterbetalning-och-returer\/"},"modified":"2025-04-14T15:16:55","modified_gmt":"2025-04-14T07:16:55","slug":"policy-for-aterbetalning-och-returer","status":"publish","type":"page","link":"https:\/\/fizzyvape.eu\/sv\/policy-for-aterbetalning-och-returer\/","title":{"rendered":"Policy f\u00f6r \u00e5terbetalning och returer"},"content":{"rendered":"\n<p><strong>Datum f\u00f6r ikrafttr\u00e4dande:<\/strong> S\u00f6ndagen den 15 december 2024<\/p>\n\n<p>P\u00e5<a href=\"https:\/\/fizzyvape.eu\/sv\/\"> fizzyvape.eu<\/a> str\u00e4var vi efter att tillhandah\u00e5lla kvalitetsprodukter och utm\u00e4rkt kundservice. Om du \u00e4r missn\u00f6jd med ditt k\u00f6p finns vi h\u00e4r f\u00f6r att hj\u00e4lpa dig. V\u00e4nligen l\u00e4s igenom v\u00e5r returpolicy noggrant.<\/p>\n\n<hr class=\"wp-block-separator has-alpha-channel-opacity\" \/>\n\n<h2 class=\"wp-block-heading\" id=\"h-overview\"><strong>\u00d6versikt<\/strong><\/h2>\n\n<p>V\u00e5r \u00e5terbetalnings- och returpolicy g\u00e4ller i 30 dagar. Om det har g\u00e5tt 30 dagar sedan du k\u00f6pte varan kan vi inte erbjuda full \u00e5terbetalning eller byte.<\/p>\n\n<h3 class=\"wp-block-heading\" id=\"h-eligibility-for-returns\"><strong>Ber\u00e4ttigande till \u00e5terbetalning<\/strong><\/h3>\n\n<ul class=\"wp-block-list\">\n<li>Varan m\u00e5ste vara <strong>oanv\u00e4nd<\/strong> och i <strong>samma skick<\/strong> som den mottogs.<\/li>\n\n\n\n<li>Varan m\u00e5ste returneras i sin <strong>originalf\u00f6rpackning<\/strong>.<\/li>\n\n\n\n<li>Kapslar <strong>med \u00f6ppnad inre aluminiumfolie<\/strong> \u00e4r inte ber\u00e4ttigade till retur.<\/li>\n\n\n\n<li><strong>Kvitto eller ink\u00f6psbevis<\/strong> kr\u00e4vs f\u00f6r alla returer.<\/li>\n<\/ul>\n\n<h3 class=\"wp-block-heading\" id=\"h-important-note\"><strong>Viktig anm\u00e4rkning<\/strong><\/h3>\n\n<p>Du <strong>m\u00e5ste kontakta oss<\/strong> innan du returnerar eller byter ut din produkt. Skicka inte tillbaka ditt k\u00f6p till tillverkaren eller till n\u00e5gon adress som anges p\u00e5 v\u00e5r webbplats utan tillst\u00e5nd.<\/p>\n\n<hr class=\"wp-block-separator has-alpha-channel-opacity\" \/>\n\n<h2 class=\"wp-block-heading\" id=\"h-refunds\"><strong>\u00c5terbetalning<\/strong><\/h2>\n\n<h3 class=\"wp-block-heading\" id=\"h-process\"><strong>Process<\/strong><\/h3>\n\n<ol class=\"wp-block-list\">\n<li>N\u00e4r vi har mottagit och inspekterat din returnerade vara meddelar vi dig via e-post om godk\u00e4nnande eller avslag p\u00e5 din \u00e5terbetalning.<\/li>\n\n\n\n<li>Om den godk\u00e4nns kommer din \u00e5terbetalning att behandlas och en kreditering kommer att g\u00f6ras p\u00e5 din ursprungliga betalningsmetod inom en viss tidsram.<\/li>\n<\/ol>\n\n<h3 class=\"wp-block-heading\" id=\"h-late-or-missing-refunds\"><strong>F\u00f6rsenad eller utebliven \u00e5terbetalning<\/strong><\/h3>\n\n<p>Om du inte har f\u00e5tt din \u00e5terbetalning efter godk\u00e4nnande:<\/p>\n\n<ol class=\"wp-block-list\">\n<li><strong>Kolla ditt bankkonto<\/strong> igen.<\/li>\n\n\n\n<li>Kontakta ditt <strong>kreditkortsf\u00f6retag<\/strong>, handl\u00e4ggningstiderna kan variera.<\/li>\n\n\n\n<li>Kontakta din <strong>bank<\/strong>, eftersom det \u00e4r vanligt med f\u00f6rseningar i handl\u00e4ggningen.<\/li>\n<\/ol>\n\n<p>Om du har f\u00f6ljt dessa steg och fortfarande inte har f\u00e5tt din \u00e5terbetalning, v\u00e4nligen kontakta oss p\u00e5 <strong>[Ange e-postadress].<\/strong><\/p>\n\n<hr class=\"wp-block-separator has-alpha-channel-opacity\" \/>\n\n<h2 class=\"wp-block-heading\" id=\"h-sale-items\"><strong>F\u00f6rs\u00e4ljningsvaror<\/strong><\/h2>\n\n<p>Endast <strong>varor till ordinarie pris<\/strong> \u00e4r ber\u00e4ttigade till \u00e5terbetalning. Reavaror \u00e5terbetalas inte.<\/p>\n\n<hr class=\"wp-block-separator has-alpha-channel-opacity\" \/>\n\n<h2 class=\"wp-block-heading\" id=\"h-exchanges\"><strong>Utbyten<\/strong><\/h2>\n\n<p>Vi ers\u00e4tter endast varor om <strong>de \u00e4r defekta eller skadade<\/strong>.<\/p>\n\n<ul class=\"wp-block-list\">\n<li>F\u00f6r att byta en vara, kontakta oss via e-post eller kontaktsidan.<\/li>\n\n\n\n<li>Utbyten kommer endast att behandlas f\u00f6r <strong>samma artikel<\/strong>.<\/li>\n<\/ul>\n\n<hr class=\"wp-block-separator has-alpha-channel-opacity\" \/>\n\n<h2 class=\"wp-block-heading\" id=\"h-gifts\"><strong>G\u00e5vor<\/strong><\/h2>\n\n<p>Om din best\u00e4llning inneh\u00e5ller en g\u00e5va eller ett <strong>presentkort<\/strong> f\u00f6rbeh\u00e5ller vi oss r\u00e4tten att dra tillbaka g\u00e5van eller dra av kostnaden f\u00f6r den om best\u00e4llningen annulleras eller \u00e5terbetalas.<\/p>\n\n<hr class=\"wp-block-separator has-alpha-channel-opacity\" \/>\n\n<h2 class=\"wp-block-heading\" id=\"h-shipping-returns\"><strong>Frakt och retur<\/strong><\/h2>\n\n<ul class=\"wp-block-list\">\n<li>Kontakta oss f\u00f6r att f\u00e5 <strong>returadressen<\/strong> innan du skickar tillbaka din produkt.<\/li>\n\n\n\n<li>Du \u00e4r ansvarig f\u00f6r att t\u00e4cka <strong>fraktkostnaderna<\/strong> f\u00f6r att returnera din vara. Fraktkostnader <strong>\u00e5terbetalas inte.<\/strong> Om du f\u00e5r en \u00e5terbetalning kommer kostnaden f\u00f6r returfrakten att dras av fr\u00e5n din \u00e5terbetalning.<\/li>\n<\/ul>\n\n<h3 class=\"wp-block-heading\" id=\"h-shipping-timeframes\"><strong>Tidsramar f\u00f6r leverans<\/strong><\/h3>\n\n<p>Den tid det tar f\u00f6r utv\u00e4xlade varor att n\u00e5 dig kan variera beroende p\u00e5 var du befinner dig.<\/p>\n\n<hr class=\"wp-block-separator has-alpha-channel-opacity\" \/>\n\n<h2 class=\"wp-block-heading\" id=\"h-need-help\"><strong>Beh\u00f6ver du hj\u00e4lp?<\/strong><\/h2>\n\n<p>Om du har n\u00e5gra fr\u00e5gor om \u00e5terbetalningar, returer eller byten, v\u00e4nligen kontakta oss via <a href=\"https:\/\/fizzyvape.eu\/sv\/kontakta-oss\/\"><strong>Kontaktsidan<\/strong><\/a> eller mejla oss p\u00e5 <strong><a>[shop@fizzyvape.com]<\/a><\/strong>.<\/p>\n\n<p><\/p>\n","protected":false},"excerpt":{"rendered":"<p>Datum f\u00f6r ikrafttr\u00e4dande: S\u00f6ndagen den 15 december 2024 P\u00e5 fizzyvape.eu str\u00e4var vi efter att tillhandah\u00e5lla kvalitetsprodukter och utm\u00e4rkt kundservice. Om<\/p>\n","protected":false},"author":1,"featured_media":0,"parent":0,"menu_order":0,"comment_status":"closed","ping_status":"closed","template":"","meta":{"iawp_total_views":0,"footnotes":""},"class_list":["post-23606","page","type-page","status-publish","hentry"],"yoast_head":"<!-- This site is optimized with the Yoast SEO Premium plugin v24.8 (Yoast SEO v24.8) - https:\/\/yoast.com\/wordpress\/plugins\/seo\/ -->\n<title>Policy f\u00f6r \u00e5terbetalning och returer - fizzyvape.eu<\/title>\n<meta name=\"robots\" content=\"index, follow, max-snippet:-1, max-image-preview:large, max-video-preview:-1\" \/>\n<link rel=\"canonical\" href=\"https:\/\/fizzyvape.eu\/sv\/policy-for-aterbetalning-och-returer\/\" \/>\n<meta property=\"og:locale\" content=\"sv_SE\" \/>\n<meta property=\"og:type\" content=\"article\" \/>\n<meta property=\"og:title\" content=\"Policy f\u00f6r \u00e5terbetalning och returer\" \/>\n<meta property=\"og:description\" content=\"Datum f\u00f6r ikrafttr\u00e4dande: S\u00f6ndagen den 15 december 2024 P\u00e5 fizzyvape.eu str\u00e4var vi efter att tillhandah\u00e5lla kvalitetsprodukter och utm\u00e4rkt kundservice. Om\" \/>\n<meta property=\"og:url\" content=\"https:\/\/fizzyvape.eu\/sv\/policy-for-aterbetalning-och-returer\/\" \/>\n<meta property=\"og:site_name\" content=\"fizzyvape.eu\" \/>\n<meta property=\"article:modified_time\" content=\"2025-04-14T07:16:55+00:00\" \/>\n<meta name=\"twitter:card\" content=\"summary_large_image\" \/>\n<meta name=\"twitter:label1\" content=\"Ber\u00e4knad l\u00e4stid\" \/>\n\t<meta name=\"twitter:data1\" content=\"2 minuter\" \/>\n<script type=\"application\/ld+json\" class=\"yoast-schema-graph\">{\"@context\":\"https:\/\/schema.org\",\"@graph\":[{\"@type\":\"WebPage\",\"@id\":\"https:\/\/fizzyvape.eu\/sv\/policy-for-aterbetalning-och-returer\/\",\"url\":\"https:\/\/fizzyvape.eu\/sv\/policy-for-aterbetalning-och-returer\/\",\"name\":\"Policy f\u00f6r \u00e5terbetalning och returer - fizzyvape.eu\",\"isPartOf\":{\"@id\":\"https:\/\/www.fizzyvape.eu\/sv\/#website\"},\"datePublished\":\"2025-03-25T06:25:53+00:00\",\"dateModified\":\"2025-04-14T07:16:55+00:00\",\"breadcrumb\":{\"@id\":\"https:\/\/fizzyvape.eu\/sv\/policy-for-aterbetalning-och-returer\/#breadcrumb\"},\"inLanguage\":\"sv-SE\",\"potentialAction\":[{\"@type\":\"ReadAction\",\"target\":[\"https:\/\/fizzyvape.eu\/sv\/policy-for-aterbetalning-och-returer\/\"]}]},{\"@type\":\"BreadcrumbList\",\"@id\":\"https:\/\/fizzyvape.eu\/sv\/policy-for-aterbetalning-och-returer\/#breadcrumb\",\"itemListElement\":[{\"@type\":\"ListItem\",\"position\":1,\"name\":\"Home\",\"item\":\"https:\/\/fizzyvape.eu\/sv\/\"},{\"@type\":\"ListItem\",\"position\":2,\"name\":\"Policy f\u00f6r \u00e5terbetalning och returer\"}]},{\"@type\":\"WebSite\",\"@id\":\"https:\/\/www.fizzyvape.eu\/sv\/#website\",\"url\":\"https:\/\/www.fizzyvape.eu\/sv\/\",\"name\":\"fizzyvape.eu\",\"description\":\"Refreshing Vapes. Unforgettable Taste.\",\"publisher\":{\"@id\":\"https:\/\/www.fizzyvape.eu\/sv\/#organization\"},\"potentialAction\":[{\"@type\":\"SearchAction\",\"target\":{\"@type\":\"EntryPoint\",\"urlTemplate\":\"https:\/\/www.fizzyvape.eu\/sv\/?s={search_term_string}\"},\"query-input\":{\"@type\":\"PropertyValueSpecification\",\"valueRequired\":true,\"valueName\":\"search_term_string\"}}],\"inLanguage\":\"sv-SE\"},{\"@type\":\"Organization\",\"@id\":\"https:\/\/www.fizzyvape.eu\/sv\/#organization\",\"name\":\"fizzyvape.eu\",\"url\":\"https:\/\/www.fizzyvape.eu\/sv\/\",\"logo\":{\"@type\":\"ImageObject\",\"inLanguage\":\"sv-SE\",\"@id\":\"https:\/\/www.fizzyvape.eu\/sv\/#\/schema\/logo\/image\/\",\"url\":\"https:\/\/fizzyvape.eu\/wp-content\/uploads\/2019\/06\/print-1.svg\",\"contentUrl\":\"https:\/\/fizzyvape.eu\/wp-content\/uploads\/2019\/06\/print-1.svg\",\"width\":124,\"height\":37,\"caption\":\"fizzyvape.eu\"},\"image\":{\"@id\":\"https:\/\/www.fizzyvape.eu\/sv\/#\/schema\/logo\/image\/\"}}]}<\/script>\n<!-- \/ Yoast SEO Premium plugin. -->","yoast_head_json":{"title":"Policy f\u00f6r \u00e5terbetalning och returer - fizzyvape.eu","robots":{"index":"index","follow":"follow","max-snippet":"max-snippet:-1","max-image-preview":"max-image-preview:large","max-video-preview":"max-video-preview:-1"},"canonical":"https:\/\/fizzyvape.eu\/sv\/policy-for-aterbetalning-och-returer\/","og_locale":"sv_SE","og_type":"article","og_title":"Policy f\u00f6r \u00e5terbetalning och returer","og_description":"Datum f\u00f6r ikrafttr\u00e4dande: S\u00f6ndagen den 15 december 2024 P\u00e5 fizzyvape.eu str\u00e4var vi efter att tillhandah\u00e5lla kvalitetsprodukter och utm\u00e4rkt kundservice. Om","og_url":"https:\/\/fizzyvape.eu\/sv\/policy-for-aterbetalning-och-returer\/","og_site_name":"fizzyvape.eu","article_modified_time":"2025-04-14T07:16:55+00:00","twitter_card":"summary_large_image","twitter_misc":{"Ber\u00e4knad l\u00e4stid":"2 minuter"},"schema":{"@context":"https:\/\/schema.org","@graph":[{"@type":"WebPage","@id":"https:\/\/fizzyvape.eu\/sv\/policy-for-aterbetalning-och-returer\/","url":"https:\/\/fizzyvape.eu\/sv\/policy-for-aterbetalning-och-returer\/","name":"Policy f\u00f6r \u00e5terbetalning och returer - fizzyvape.eu","isPartOf":{"@id":"https:\/\/www.fizzyvape.eu\/sv\/#website"},"datePublished":"2025-03-25T06:25:53+00:00","dateModified":"2025-04-14T07:16:55+00:00","breadcrumb":{"@id":"https:\/\/fizzyvape.eu\/sv\/policy-for-aterbetalning-och-returer\/#breadcrumb"},"inLanguage":"sv-SE","potentialAction":[{"@type":"ReadAction","target":["https:\/\/fizzyvape.eu\/sv\/policy-for-aterbetalning-och-returer\/"]}]},{"@type":"BreadcrumbList","@id":"https:\/\/fizzyvape.eu\/sv\/policy-for-aterbetalning-och-returer\/#breadcrumb","itemListElement":[{"@type":"ListItem","position":1,"name":"Home","item":"https:\/\/fizzyvape.eu\/sv\/"},{"@type":"ListItem","position":2,"name":"Policy f\u00f6r \u00e5terbetalning och returer"}]},{"@type":"WebSite","@id":"https:\/\/www.fizzyvape.eu\/sv\/#website","url":"https:\/\/www.fizzyvape.eu\/sv\/","name":"fizzyvape.eu","description":"Refreshing Vapes. Unforgettable Taste.","publisher":{"@id":"https:\/\/www.fizzyvape.eu\/sv\/#organization"},"potentialAction":[{"@type":"SearchAction","target":{"@type":"EntryPoint","urlTemplate":"https:\/\/www.fizzyvape.eu\/sv\/?s={search_term_string}"},"query-input":{"@type":"PropertyValueSpecification","valueRequired":true,"valueName":"search_term_string"}}],"inLanguage":"sv-SE"},{"@type":"Organization","@id":"https:\/\/www.fizzyvape.eu\/sv\/#organization","name":"fizzyvape.eu","url":"https:\/\/www.fizzyvape.eu\/sv\/","logo":{"@type":"ImageObject","inLanguage":"sv-SE","@id":"https:\/\/www.fizzyvape.eu\/sv\/#\/schema\/logo\/image\/","url":"https:\/\/fizzyvape.eu\/wp-content\/uploads\/2019\/06\/print-1.svg","contentUrl":"https:\/\/fizzyvape.eu\/wp-content\/uploads\/2019\/06\/print-1.svg","width":124,"height":37,"caption":"fizzyvape.eu"},"image":{"@id":"https:\/\/www.fizzyvape.eu\/sv\/#\/schema\/logo\/image\/"}}]}},"_links":{"self":[{"href":"https:\/\/fizzyvape.eu\/sv\/wp-json\/wp\/v2\/pages\/23606","targetHints":{"allow":["GET"]}}],"collection":[{"href":"https:\/\/fizzyvape.eu\/sv\/wp-json\/wp\/v2\/pages"}],"about":[{"href":"https:\/\/fizzyvape.eu\/sv\/wp-json\/wp\/v2\/types\/page"}],"author":[{"embeddable":true,"href":"https:\/\/fizzyvape.eu\/sv\/wp-json\/wp\/v2\/users\/1"}],"replies":[{"embeddable":true,"href":"https:\/\/fizzyvape.eu\/sv\/wp-json\/wp\/v2\/comments?post=23606"}],"version-history":[{"count":0,"href":"https:\/\/fizzyvape.eu\/sv\/wp-json\/wp\/v2\/pages\/23606\/revisions"}],"wp:attachment":[{"href":"https:\/\/fizzyvape.eu\/sv\/wp-json\/wp\/v2\/media?parent=23606"}],"curies":[{"name":"wp","href":"https:\/\/api.w.org\/{rel}","templated":true}]}}