{"id":34247,"date":"2025-08-13T11:54:13","date_gmt":"2025-08-13T03:54:13","guid":{"rendered":"https:\/\/fizzyvape.eu\/fb-intrade\/"},"modified":"2025-08-20T10:48:22","modified_gmt":"2025-08-20T02:48:22","slug":"fb-intrade","status":"publish","type":"page","link":"https:\/\/fizzyvape.eu\/sv\/fb-intrade\/","title":{"rendered":"fb-intr\u00e4de"},"content":{"rendered":"\t\t<div data-elementor-type=\"wp-page\" data-elementor-id=\"34247\" class=\"elementor elementor-34247 elementor-33855\" data-elementor-post-type=\"page\">\n\t\t\t\t<div class=\"elementor-element elementor-element-4ef5854 e-con-full wd-section-stretch e-flex e-con e-parent\" data-id=\"4ef5854\" data-element_type=\"container\">\n\t\t\t\t<div class=\"elementor-element elementor-element-f5a8e4c elementor-hidden-mobile elementor-widget elementor-widget-image\" data-id=\"f5a8e4c\" data-element_type=\"widget\" data-widget_type=\"image.default\">\n\t\t\t\t<div class=\"elementor-widget-container\">\n\t\t\t\t\t\t\t\t\t\t\t\t\t\t\t\t<a href=\"https:\/\/fizzyvape.eu\/sv\/product-category\/multi-flavor-pack-sv\/\">\n\t\t\t\t\t\t\t<img decoding=\"async\" width=\"1920\" height=\"400\" src=\"https:\/\/fizzyvape.eu\/wp-content\/uploads\/2025\/08\/Fizzy-Vape-1.jpg\" class=\"attachment-full size-full wp-image-33866\" alt=\"\" srcset=\"https:\/\/fizzyvape.eu\/wp-content\/uploads\/2025\/08\/Fizzy-Vape-1.jpg 1920w, https:\/\/fizzyvape.eu\/wp-content\/uploads\/2025\/08\/Fizzy-Vape-1-400x83.jpg 400w, https:\/\/fizzyvape.eu\/wp-content\/uploads\/2025\/08\/Fizzy-Vape-1-1300x271.jpg 1300w, https:\/\/fizzyvape.eu\/wp-content\/uploads\/2025\/08\/Fizzy-Vape-1-768x160.jpg 768w, https:\/\/fizzyvape.eu\/wp-content\/uploads\/2025\/08\/Fizzy-Vape-1-1536x320.jpg 1536w, https:\/\/fizzyvape.eu\/wp-content\/uploads\/2025\/08\/Fizzy-Vape-1-430x90.jpg 430w, https:\/\/fizzyvape.eu\/wp-content\/uploads\/2025\/08\/Fizzy-Vape-1-700x146.jpg 700w, https:\/\/fizzyvape.eu\/wp-content\/uploads\/2025\/08\/Fizzy-Vape-1-150x31.jpg 150w\" sizes=\"(max-width: 1920px) 100vw, 1920px\" \/>\t\t\t\t\t\t\t\t<\/a>\n\t\t\t\t\t\t\t\t\t\t\t\t\t\t\t<\/div>\n\t\t\t\t<\/div>\n\t\t\t\t<\/div>\n\t\t<div class=\"wd-negative-gap elementor-element elementor-element-1a0620c e-flex e-con-boxed e-con e-parent\" data-id=\"1a0620c\" data-element_type=\"container\">\n\t\t\t\t\t<div class=\"e-con-inner\">\n\t\t\t\t<div class=\"elementor-element elementor-element-e5a1c15 elementor-hidden-desktop elementor-hidden-tablet elementor-widget elementor-widget-image\" data-id=\"e5a1c15\" data-element_type=\"widget\" data-widget_type=\"image.default\">\n\t\t\t\t<div class=\"elementor-widget-container\">\n\t\t\t\t\t\t\t\t\t\t\t\t\t\t\t\t<a href=\"https:\/\/fizzyvape.eu\/sv\/product-category\/multi-flavor-pack-sv\/\">\n\t\t\t\t\t\t\t<img decoding=\"async\" width=\"800\" height=\"800\" src=\"https:\/\/fizzyvape.eu\/wp-content\/uploads\/2025\/08\/Fizzy-Max-III-6in1-60K-60000-Puffs-Rechargeable-Disposable-Vape-10pcs-1.webp\" class=\"attachment-full size-full wp-image-33875\" alt=\"\" srcset=\"https:\/\/fizzyvape.eu\/wp-content\/uploads\/2025\/08\/Fizzy-Max-III-6in1-60K-60000-Puffs-Rechargeable-Disposable-Vape-10pcs-1.webp 800w, https:\/\/fizzyvape.eu\/wp-content\/uploads\/2025\/08\/Fizzy-Max-III-6in1-60K-60000-Puffs-Rechargeable-Disposable-Vape-10pcs-1-300x300.webp 300w, https:\/\/fizzyvape.eu\/wp-content\/uploads\/2025\/08\/Fizzy-Max-III-6in1-60K-60000-Puffs-Rechargeable-Disposable-Vape-10pcs-1-150x150.webp 150w, https:\/\/fizzyvape.eu\/wp-content\/uploads\/2025\/08\/Fizzy-Max-III-6in1-60K-60000-Puffs-Rechargeable-Disposable-Vape-10pcs-1-768x768.webp 768w, https:\/\/fizzyvape.eu\/wp-content\/uploads\/2025\/08\/Fizzy-Max-III-6in1-60K-60000-Puffs-Rechargeable-Disposable-Vape-10pcs-1-430x430.webp 430w, https:\/\/fizzyvape.eu\/wp-content\/uploads\/2025\/08\/Fizzy-Max-III-6in1-60K-60000-Puffs-Rechargeable-Disposable-Vape-10pcs-1-700x700.webp 700w\" sizes=\"(max-width: 800px) 100vw, 800px\" \/>\t\t\t\t\t\t\t\t<\/a>\n\t\t\t\t\t\t\t\t\t\t\t\t\t\t\t<\/div>\n\t\t\t\t<\/div>\n\t\t\t\t\t<\/div>\n\t\t\t\t<\/div>\n\t\t<div class=\"wd-negative-gap elementor-element elementor-element-b3db520 e-flex e-con-boxed e-con e-parent\" data-id=\"b3db520\" data-element_type=\"container\">\n\t\t\t\t\t<div class=\"e-con-inner\">\n\t\t\t\t<div class=\"elementor-element elementor-element-d84dbbc elementor-widget elementor-widget-heading\" data-id=\"d84dbbc\" data-element_type=\"widget\" data-widget_type=\"heading.default\">\n\t\t\t\t<div class=\"elementor-widget-container\">\n\t\t\t\t\t<h2 class=\"elementor-heading-title elementor-size-default\">Uppt\u00e4ck en ny smakupplevelse<\/h2>\t\t\t\t<\/div>\n\t\t\t\t<\/div>\n\t\t\t\t\t<\/div>\n\t\t\t\t<\/div>\n\t\t<div class=\"wd-negative-gap elementor-element elementor-element-d701dd0 e-flex e-con-boxed e-con e-parent\" data-id=\"d701dd0\" data-element_type=\"container\">\n\t\t\t\t\t<div class=\"e-con-inner\">\n\t\t\t\t<div class=\"elementor-element elementor-element-4016618 color-scheme-inherit text-left elementor-widget elementor-widget-text-editor\" data-id=\"4016618\" data-element_type=\"widget\" data-widget_type=\"text-editor.default\">\n\t\t\t\t<div class=\"elementor-widget-container\">\n\t\t\t\t\t\t\t\t\t<p>Mer \u00e4n 60.000 \u00f6gonblick att njuta av.<br>Exklusiva kombinationer. Utformad f\u00f6r smakuppt\u00e4ckare. <\/p>\t\t\t\t\t\t\t\t<\/div>\n\t\t\t\t<\/div>\n\t\t\t\t\t<\/div>\n\t\t\t\t<\/div>\n\t\t<div class=\"wd-negative-gap elementor-element elementor-element-a88fd77 e-flex e-con-boxed e-con e-parent\" data-id=\"a88fd77\" data-element_type=\"container\">\n\t\t\t\t\t<div class=\"e-con-inner\">\n\t\t<div class=\"elementor-element elementor-element-63550bb e-con-full e-flex e-con e-child\" data-id=\"63550bb\" data-element_type=\"container\">\n\t\t<div class=\"elementor-element elementor-element-082c12f e-grid e-con-full e-con e-child\" data-id=\"082c12f\" data-element_type=\"container\">\n\t\t\t\t<div class=\"elementor-element elementor-element-fa14f12 elementor-widget elementor-widget-image\" data-id=\"fa14f12\" data-element_type=\"widget\" data-widget_type=\"image.default\">\n\t\t\t\t<div class=\"elementor-widget-container\">\n\t\t\t\t\t\t\t\t\t\t\t\t\t\t\t\t<a href=\"https:\/\/fizzyvape.eu\/sv\/product-category\/max-iii-6in1-60k-60000-puffs-rechargeable-disposable-vape-sv\/\">\n\t\t\t\t\t\t\t<img decoding=\"async\" width=\"800\" height=\"800\" src=\"https:\/\/fizzyvape.eu\/wp-content\/uploads\/2025\/08\/Fizzy-max-60K-60000-Puffs-Disposable-Vape-40-1.webp\" class=\"attachment-full size-full wp-image-33884\" alt=\"\" srcset=\"https:\/\/fizzyvape.eu\/wp-content\/uploads\/2025\/08\/Fizzy-max-60K-60000-Puffs-Disposable-Vape-40-1.webp 800w, https:\/\/fizzyvape.eu\/wp-content\/uploads\/2025\/08\/Fizzy-max-60K-60000-Puffs-Disposable-Vape-40-1-300x300.webp 300w, https:\/\/fizzyvape.eu\/wp-content\/uploads\/2025\/08\/Fizzy-max-60K-60000-Puffs-Disposable-Vape-40-1-150x150.webp 150w, https:\/\/fizzyvape.eu\/wp-content\/uploads\/2025\/08\/Fizzy-max-60K-60000-Puffs-Disposable-Vape-40-1-768x768.webp 768w, https:\/\/fizzyvape.eu\/wp-content\/uploads\/2025\/08\/Fizzy-max-60K-60000-Puffs-Disposable-Vape-40-1-430x430.webp 430w, https:\/\/fizzyvape.eu\/wp-content\/uploads\/2025\/08\/Fizzy-max-60K-60000-Puffs-Disposable-Vape-40-1-700x700.webp 700w\" sizes=\"(max-width: 800px) 100vw, 800px\" \/>\t\t\t\t\t\t\t\t<\/a>\n\t\t\t\t\t\t\t\t\t\t\t\t\t\t\t<\/div>\n\t\t\t\t<\/div>\n\t\t\t\t<div class=\"elementor-element elementor-element-28cedbb elementor-widget elementor-widget-image\" data-id=\"28cedbb\" data-element_type=\"widget\" data-widget_type=\"image.default\">\n\t\t\t\t<div class=\"elementor-widget-container\">\n\t\t\t\t\t\t\t\t\t\t\t\t\t\t\t\t<a href=\"https:\/\/fizzyvape.eu\/es\/product-category\/twins-es\/\">\n\t\t\t\t\t\t\t<img decoding=\"async\" width=\"800\" height=\"800\" src=\"https:\/\/fizzyvape.eu\/wp-content\/uploads\/2025\/08\/Fizzy-Twins-50000Puffs-12.webp\" class=\"attachment-large size-large wp-image-33893\" alt=\"\" srcset=\"https:\/\/fizzyvape.eu\/wp-content\/uploads\/2025\/08\/Fizzy-Twins-50000Puffs-12.webp 800w, https:\/\/fizzyvape.eu\/wp-content\/uploads\/2025\/08\/Fizzy-Twins-50000Puffs-12-300x300.webp 300w, https:\/\/fizzyvape.eu\/wp-content\/uploads\/2025\/08\/Fizzy-Twins-50000Puffs-12-150x150.webp 150w, https:\/\/fizzyvape.eu\/wp-content\/uploads\/2025\/08\/Fizzy-Twins-50000Puffs-12-768x768.webp 768w, https:\/\/fizzyvape.eu\/wp-content\/uploads\/2025\/08\/Fizzy-Twins-50000Puffs-12-430x430.webp 430w, https:\/\/fizzyvape.eu\/wp-content\/uploads\/2025\/08\/Fizzy-Twins-50000Puffs-12-700x700.webp 700w\" sizes=\"(max-width: 800px) 100vw, 800px\" \/>\t\t\t\t\t\t\t\t<\/a>\n\t\t\t\t\t\t\t\t\t\t\t\t\t\t\t<\/div>\n\t\t\t\t<\/div>\n\t\t\t\t<div class=\"elementor-element elementor-element-db34781 elementor-widget elementor-widget-image\" data-id=\"db34781\" data-element_type=\"widget\" data-widget_type=\"image.default\">\n\t\t\t\t<div class=\"elementor-widget-container\">\n\t\t\t\t\t\t\t\t\t\t\t\t\t\t\t\t<a href=\"https:\/\/fizzyvape.eu\/sv\/product-category\/nova-plus-40000-puffar-engangs-vape-sv\/\">\n\t\t\t\t\t\t\t<img decoding=\"async\" width=\"600\" height=\"600\" src=\"https:\/\/fizzyvape.eu\/wp-content\/uploads\/2025\/08\/Fizzy-Nova-Plus-40000-Puffs-Dual-Mode-Dual-Mesh-40K-2-5-Low-Nicotine-22-1.webp\" class=\"attachment-large size-large wp-image-33902\" alt=\"Fizzy-Nova-Plus-40000-Puffs-Dual-Mode-Dual-Mesh-40K-2-5-Low-Nicotine-22.webp\" srcset=\"https:\/\/fizzyvape.eu\/wp-content\/uploads\/2025\/08\/Fizzy-Nova-Plus-40000-Puffs-Dual-Mode-Dual-Mesh-40K-2-5-Low-Nicotine-22-1.webp 600w, https:\/\/fizzyvape.eu\/wp-content\/uploads\/2025\/08\/Fizzy-Nova-Plus-40000-Puffs-Dual-Mode-Dual-Mesh-40K-2-5-Low-Nicotine-22-1-300x300.webp 300w, https:\/\/fizzyvape.eu\/wp-content\/uploads\/2025\/08\/Fizzy-Nova-Plus-40000-Puffs-Dual-Mode-Dual-Mesh-40K-2-5-Low-Nicotine-22-1-150x150.webp 150w, https:\/\/fizzyvape.eu\/wp-content\/uploads\/2025\/08\/Fizzy-Nova-Plus-40000-Puffs-Dual-Mode-Dual-Mesh-40K-2-5-Low-Nicotine-22-1-430x430.webp 430w\" sizes=\"(max-width: 600px) 100vw, 600px\" \/>\t\t\t\t\t\t\t\t<\/a>\n\t\t\t\t\t\t\t\t\t\t\t\t\t\t\t<\/div>\n\t\t\t\t<\/div>\n\t\t\t\t<\/div>\n\t\t\t\t<\/div>\n\t\t\t\t\t<\/div>\n\t\t\t\t<\/div>\n\t\t<div class=\"wd-negative-gap elementor-element elementor-element-a76434a e-flex e-con-boxed e-con e-parent\" data-id=\"a76434a\" data-element_type=\"container\">\n\t\t\t\t\t<div class=\"e-con-inner\">\n\t\t\t\t<div class=\"elementor-element elementor-element-b524d11 elementor-widget elementor-widget-heading\" data-id=\"b524d11\" data-element_type=\"widget\" data-widget_type=\"heading.default\">\n\t\t\t\t<div class=\"elementor-widget-container\">\n\t\t\t\t\t<h2 class=\"elementor-heading-title elementor-size-default\">Varf\u00f6r v\u00e4lja v\u00e5ra kombinationer?<\/h2>\t\t\t\t<\/div>\n\t\t\t\t<\/div>\n\t\t\t\t\t<\/div>\n\t\t\t\t<\/div>\n\t\t<div class=\"wd-negative-gap elementor-element elementor-element-453918d e-flex e-con-boxed e-con e-parent\" data-id=\"453918d\" data-element_type=\"container\">\n\t\t\t\t\t<div class=\"e-con-inner\">\n\t\t\t\t<div class=\"elementor-element elementor-element-0e09b62 color-scheme-inherit text-left elementor-widget elementor-widget-text-editor\" data-id=\"0e09b62\" data-element_type=\"widget\" data-widget_type=\"text-editor.default\">\n\t\t\t\t<div class=\"elementor-widget-container\">\n\t\t\t\t\t\t\t\t\t<ul><li><p>\ud83c\udf1f Innovation i varje puff<br>Unika smaker kombineras f\u00f6r en intensiv och l\u00e5ngvarig upplevelse.<\/p><p>\ud83d\ude9a Snabb leverans i hela Europa<br>Leverans fr\u00e5n ett europeiskt lager, ber\u00e4knad leveranstid 2 till 7 dagar.<\/p><p>\ud83d\udd0b Modern, p\u00e5fyllningsbar design<br>Bekv\u00e4mlighet utan kr\u00e5ngel, alltid redo att anv\u00e4ndas.<\/p><\/li><\/ul>\t\t\t\t\t\t\t\t<\/div>\n\t\t\t\t<\/div>\n\t\t\t\t\t<\/div>\n\t\t\t\t<\/div>\n\t\t<div class=\"wd-negative-gap elementor-element elementor-element-1124fc8 e-flex e-con-boxed e-con e-parent\" data-id=\"1124fc8\" data-element_type=\"container\">\n\t\t\t\t\t<div class=\"e-con-inner\">\n\t\t\t\t<div class=\"elementor-element elementor-element-157913f elementor-widget elementor-widget-heading\" data-id=\"157913f\" data-element_type=\"widget\" data-widget_type=\"heading.default\">\n\t\t\t\t<div class=\"elementor-widget-container\">\n\t\t\t\t\t<h2 class=\"elementor-heading-title elementor-size-default\">Vad v\u00e5ra kunder s\u00e4ger<\/h2>\t\t\t\t<\/div>\n\t\t\t\t<\/div>\n\t\t\t\t\t<\/div>\n\t\t\t\t<\/div>\n\t\t<div class=\"wd-negative-gap elementor-element elementor-element-f54cc03 e-flex e-con-boxed e-con e-parent\" data-id=\"f54cc03\" data-element_type=\"container\">\n\t\t\t\t\t<div class=\"e-con-inner\">\n\t\t\t\t<div class=\"elementor-element elementor-element-d8e9250 color-scheme-inherit text-left elementor-widget elementor-widget-text-editor\" data-id=\"d8e9250\" data-element_type=\"widget\" data-widget_type=\"text-editor.default\">\n\t\t\t\t<div class=\"elementor-widget-container\">\n\t\t\t\t\t\t\t\t\t<ul><li><p>\u2b50\u2b50\u2b50\u2b50\u2b50<br><em>&#8220;Jag \u00e4lskar de m\u00e5nga olika smakerna. Otrolig h\u00e5llbarhet!<\/em>&#8220;<br>&#8211; Laura G. (Italien)<\/p><\/li><li><p>\u2b50\u2b50\u2b50\u2b50\u2b50<br><em>&#8220;Perfekt f\u00f6r att uppt\u00e4cka nya smaker. Mycket elegant design.<\/em>&#8220;<br>&#8211; Pedro M. (Ungern)<\/p><\/li><li><p>\u2b50\u2b50\u2b50\u2b50\u2b50<br><em>&#8220;Den kom p\u00e5 bara 3 dagar. Allt var perfekt!<\/em>&#8220;<br>&#8211; Diego F. (Spanien)<\/p><\/li><\/ul>\t\t\t\t\t\t\t\t<\/div>\n\t\t\t\t<\/div>\n\t\t\t\t\t<\/div>\n\t\t\t\t<\/div>\n\t\t<div class=\"wd-negative-gap elementor-element elementor-element-d4918d4 e-flex e-con-boxed e-con e-parent\" data-id=\"d4918d4\" data-element_type=\"container\">\n\t\t\t\t\t<div class=\"e-con-inner\">\n\t\t\t\t<div class=\"elementor-element elementor-element-12bcf77 elementor-widget elementor-widget-heading\" data-id=\"12bcf77\" data-element_type=\"widget\" data-widget_type=\"heading.default\">\n\t\t\t\t<div class=\"elementor-widget-container\">\n\t\t\t\t\t<h2 class=\"elementor-heading-title elementor-size-default\">\u00c4r du redo att uppt\u00e4cka din kombination?<\/h2>\t\t\t\t<\/div>\n\t\t\t\t<\/div>\n\t\t\t\t\t<\/div>\n\t\t\t\t<\/div>\n\t\t<div class=\"wd-negative-gap elementor-element elementor-element-4d65704 e-flex e-con-boxed e-con e-parent\" data-id=\"4d65704\" data-element_type=\"container\">\n\t\t\t\t\t<div class=\"e-con-inner\">\n\t\t\t\t<div class=\"elementor-element elementor-element-089097e color-scheme-inherit text-left elementor-widget elementor-widget-text-editor\" data-id=\"089097e\" data-element_type=\"widget\" data-widget_type=\"text-editor.default\">\n\t\t\t\t<div class=\"elementor-widget-container\">\n\t\t\t\t\t\t\t\t\t<p>V\u00e4lj mellan fruktiga, fr\u00e4scha eller exotiska kombinationer.<br>Din upplevelse b\u00f6rjar nu.<\/p>\t\t\t\t\t\t\t\t<\/div>\n\t\t\t\t<\/div>\n\t\t\t\t\t<\/div>\n\t\t\t\t<\/div>\n\t\t<div class=\"wd-negative-gap elementor-element elementor-element-2798c73 e-flex e-con-boxed e-con e-parent\" data-id=\"2798c73\" data-element_type=\"container\">\n\t\t\t\t\t<div class=\"e-con-inner\">\n\t\t\t\t<div class=\"elementor-element elementor-element-0959ec1 elementor-widget elementor-widget-wd_button\" data-id=\"0959ec1\" data-element_type=\"widget\" data-widget_type=\"wd_button.default\">\n\t\t\t\t<div class=\"elementor-widget-container\">\n\t\t\t\t\t\t\t<div class=\"wd-button-wrapper text-center\" >\n\t\t\t<a class=\"btn btn-style-3d btn-shape-rectangle btn-size-default btn-color-primary btn-icon-pos-right\"  href=\"https:\/\/fizzyvape.eu\/sv\/\">\n\t\t\t\t<span class=\"wd-btn-text\" data-elementor-setting-key=\"text\">\n\t\t\t\t\tSe alla kombinationer\t\t\t\t<\/span>\n\n\t\t\t\t\t\t\t<\/a>\n\t\t<\/div>\n\t\t\t\t\t\t<\/div>\n\t\t\t\t<\/div>\n\t\t\t\t\t<\/div>\n\t\t\t\t<\/div>\n\t\t\t\t<\/div>\n\t\t","protected":false},"excerpt":{"rendered":"<p>Uppt\u00e4ck en ny smakupplevelse Mer \u00e4n 60.000 \u00f6gonblick att njuta av.Exklusiva kombinationer. Utformad f\u00f6r smakuppt\u00e4ckare. Varf\u00f6r v\u00e4lja v\u00e5ra kombinationer? \ud83c\udf1f<\/p>\n","protected":false},"author":1,"featured_media":0,"parent":0,"menu_order":0,"comment_status":"closed","ping_status":"closed","template":"elementor_header_footer","meta":{"iawp_total_views":0,"footnotes":""},"class_list":["post-34247","page","type-page","status-publish","hentry"],"yoast_head":"<!-- This site is optimized with the Yoast SEO Premium plugin v24.8 (Yoast SEO v24.8) - https:\/\/yoast.com\/wordpress\/plugins\/seo\/ -->\n<title>fb-intr\u00e4de - fizzyvape.eu<\/title>\n<meta name=\"robots\" content=\"index, follow, max-snippet:-1, max-image-preview:large, max-video-preview:-1\" \/>\n<link rel=\"canonical\" href=\"https:\/\/fizzyvape.eu\/sv\/fb-intrade\/\" \/>\n<meta property=\"og:locale\" content=\"sv_SE\" \/>\n<meta property=\"og:type\" content=\"article\" \/>\n<meta property=\"og:title\" content=\"fb-intr\u00e4de\" \/>\n<meta property=\"og:description\" content=\"Uppt\u00e4ck en ny smakupplevelse Mer \u00e4n 60.000 \u00f6gonblick att njuta av.Exklusiva kombinationer. Utformad f\u00f6r smakuppt\u00e4ckare. Varf\u00f6r v\u00e4lja v\u00e5ra kombinationer? \ud83c\udf1f\" \/>\n<meta property=\"og:url\" content=\"https:\/\/fizzyvape.eu\/sv\/fb-intrade\/\" \/>\n<meta property=\"og:site_name\" content=\"fizzyvape.eu\" \/>\n<meta property=\"article:modified_time\" content=\"2025-08-20T02:48:22+00:00\" \/>\n<meta property=\"og:image\" content=\"https:\/\/fizzyvape.eu\/wp-content\/uploads\/2025\/08\/Fizzy-Vape-1.jpg\" \/>\n\t<meta property=\"og:image:width\" content=\"1920\" \/>\n\t<meta property=\"og:image:height\" content=\"400\" \/>\n\t<meta property=\"og:image:type\" content=\"image\/jpeg\" \/>\n<meta name=\"twitter:card\" content=\"summary_large_image\" \/>\n<meta name=\"twitter:label1\" content=\"Ber\u00e4knad l\u00e4stid\" \/>\n\t<meta name=\"twitter:data1\" content=\"1 minut\" \/>\n<script type=\"application\/ld+json\" class=\"yoast-schema-graph\">{\"@context\":\"https:\/\/schema.org\",\"@graph\":[{\"@type\":\"WebPage\",\"@id\":\"https:\/\/fizzyvape.eu\/sv\/fb-intrade\/\",\"url\":\"https:\/\/fizzyvape.eu\/sv\/fb-intrade\/\",\"name\":\"fb-intr\u00e4de - fizzyvape.eu\",\"isPartOf\":{\"@id\":\"https:\/\/www.fizzyvape.eu\/sv\/#website\"},\"primaryImageOfPage\":{\"@id\":\"https:\/\/fizzyvape.eu\/sv\/fb-intrade\/#primaryimage\"},\"image\":{\"@id\":\"https:\/\/fizzyvape.eu\/sv\/fb-intrade\/#primaryimage\"},\"thumbnailUrl\":\"https:\/\/fizzyvape.eu\/wp-content\/uploads\/2025\/08\/Fizzy-Vape-1.jpg\",\"datePublished\":\"2025-08-13T03:54:13+00:00\",\"dateModified\":\"2025-08-20T02:48:22+00:00\",\"breadcrumb\":{\"@id\":\"https:\/\/fizzyvape.eu\/sv\/fb-intrade\/#breadcrumb\"},\"inLanguage\":\"sv-SE\",\"potentialAction\":[{\"@type\":\"ReadAction\",\"target\":[\"https:\/\/fizzyvape.eu\/sv\/fb-intrade\/\"]}]},{\"@type\":\"ImageObject\",\"inLanguage\":\"sv-SE\",\"@id\":\"https:\/\/fizzyvape.eu\/sv\/fb-intrade\/#primaryimage\",\"url\":\"https:\/\/fizzyvape.eu\/wp-content\/uploads\/2025\/08\/Fizzy-Vape-1.jpg\",\"contentUrl\":\"https:\/\/fizzyvape.eu\/wp-content\/uploads\/2025\/08\/Fizzy-Vape-1.jpg\"},{\"@type\":\"BreadcrumbList\",\"@id\":\"https:\/\/fizzyvape.eu\/sv\/fb-intrade\/#breadcrumb\",\"itemListElement\":[{\"@type\":\"ListItem\",\"position\":1,\"name\":\"Home\",\"item\":\"https:\/\/fizzyvape.eu\/sv\/\"},{\"@type\":\"ListItem\",\"position\":2,\"name\":\"fb-intr\u00e4de\"}]},{\"@type\":\"WebSite\",\"@id\":\"https:\/\/www.fizzyvape.eu\/sv\/#website\",\"url\":\"https:\/\/www.fizzyvape.eu\/sv\/\",\"name\":\"fizzyvape.eu\",\"description\":\"Refreshing Vapes. Unforgettable Taste.\",\"publisher\":{\"@id\":\"https:\/\/www.fizzyvape.eu\/sv\/#organization\"},\"potentialAction\":[{\"@type\":\"SearchAction\",\"target\":{\"@type\":\"EntryPoint\",\"urlTemplate\":\"https:\/\/www.fizzyvape.eu\/sv\/?s={search_term_string}\"},\"query-input\":{\"@type\":\"PropertyValueSpecification\",\"valueRequired\":true,\"valueName\":\"search_term_string\"}}],\"inLanguage\":\"sv-SE\"},{\"@type\":\"Organization\",\"@id\":\"https:\/\/www.fizzyvape.eu\/sv\/#organization\",\"name\":\"fizzyvape.eu\",\"url\":\"https:\/\/www.fizzyvape.eu\/sv\/\",\"logo\":{\"@type\":\"ImageObject\",\"inLanguage\":\"sv-SE\",\"@id\":\"https:\/\/www.fizzyvape.eu\/sv\/#\/schema\/logo\/image\/\",\"url\":\"https:\/\/fizzyvape.eu\/wp-content\/uploads\/2019\/06\/print-1.svg\",\"contentUrl\":\"https:\/\/fizzyvape.eu\/wp-content\/uploads\/2019\/06\/print-1.svg\",\"width\":124,\"height\":37,\"caption\":\"fizzyvape.eu\"},\"image\":{\"@id\":\"https:\/\/www.fizzyvape.eu\/sv\/#\/schema\/logo\/image\/\"}}]}<\/script>\n<!-- \/ Yoast SEO Premium plugin. -->","yoast_head_json":{"title":"fb-intr\u00e4de - fizzyvape.eu","robots":{"index":"index","follow":"follow","max-snippet":"max-snippet:-1","max-image-preview":"max-image-preview:large","max-video-preview":"max-video-preview:-1"},"canonical":"https:\/\/fizzyvape.eu\/sv\/fb-intrade\/","og_locale":"sv_SE","og_type":"article","og_title":"fb-intr\u00e4de","og_description":"Uppt\u00e4ck en ny smakupplevelse Mer \u00e4n 60.000 \u00f6gonblick att njuta av.Exklusiva kombinationer. Utformad f\u00f6r smakuppt\u00e4ckare. Varf\u00f6r v\u00e4lja v\u00e5ra kombinationer? \ud83c\udf1f","og_url":"https:\/\/fizzyvape.eu\/sv\/fb-intrade\/","og_site_name":"fizzyvape.eu","article_modified_time":"2025-08-20T02:48:22+00:00","og_image":[{"width":1920,"height":400,"url":"https:\/\/fizzyvape.eu\/wp-content\/uploads\/2025\/08\/Fizzy-Vape-1.jpg","type":"image\/jpeg"}],"twitter_card":"summary_large_image","twitter_misc":{"Ber\u00e4knad l\u00e4stid":"1 minut"},"schema":{"@context":"https:\/\/schema.org","@graph":[{"@type":"WebPage","@id":"https:\/\/fizzyvape.eu\/sv\/fb-intrade\/","url":"https:\/\/fizzyvape.eu\/sv\/fb-intrade\/","name":"fb-intr\u00e4de - fizzyvape.eu","isPartOf":{"@id":"https:\/\/www.fizzyvape.eu\/sv\/#website"},"primaryImageOfPage":{"@id":"https:\/\/fizzyvape.eu\/sv\/fb-intrade\/#primaryimage"},"image":{"@id":"https:\/\/fizzyvape.eu\/sv\/fb-intrade\/#primaryimage"},"thumbnailUrl":"https:\/\/fizzyvape.eu\/wp-content\/uploads\/2025\/08\/Fizzy-Vape-1.jpg","datePublished":"2025-08-13T03:54:13+00:00","dateModified":"2025-08-20T02:48:22+00:00","breadcrumb":{"@id":"https:\/\/fizzyvape.eu\/sv\/fb-intrade\/#breadcrumb"},"inLanguage":"sv-SE","potentialAction":[{"@type":"ReadAction","target":["https:\/\/fizzyvape.eu\/sv\/fb-intrade\/"]}]},{"@type":"ImageObject","inLanguage":"sv-SE","@id":"https:\/\/fizzyvape.eu\/sv\/fb-intrade\/#primaryimage","url":"https:\/\/fizzyvape.eu\/wp-content\/uploads\/2025\/08\/Fizzy-Vape-1.jpg","contentUrl":"https:\/\/fizzyvape.eu\/wp-content\/uploads\/2025\/08\/Fizzy-Vape-1.jpg"},{"@type":"BreadcrumbList","@id":"https:\/\/fizzyvape.eu\/sv\/fb-intrade\/#breadcrumb","itemListElement":[{"@type":"ListItem","position":1,"name":"Home","item":"https:\/\/fizzyvape.eu\/sv\/"},{"@type":"ListItem","position":2,"name":"fb-intr\u00e4de"}]},{"@type":"WebSite","@id":"https:\/\/www.fizzyvape.eu\/sv\/#website","url":"https:\/\/www.fizzyvape.eu\/sv\/","name":"fizzyvape.eu","description":"Refreshing Vapes. Unforgettable Taste.","publisher":{"@id":"https:\/\/www.fizzyvape.eu\/sv\/#organization"},"potentialAction":[{"@type":"SearchAction","target":{"@type":"EntryPoint","urlTemplate":"https:\/\/www.fizzyvape.eu\/sv\/?s={search_term_string}"},"query-input":{"@type":"PropertyValueSpecification","valueRequired":true,"valueName":"search_term_string"}}],"inLanguage":"sv-SE"},{"@type":"Organization","@id":"https:\/\/www.fizzyvape.eu\/sv\/#organization","name":"fizzyvape.eu","url":"https:\/\/www.fizzyvape.eu\/sv\/","logo":{"@type":"ImageObject","inLanguage":"sv-SE","@id":"https:\/\/www.fizzyvape.eu\/sv\/#\/schema\/logo\/image\/","url":"https:\/\/fizzyvape.eu\/wp-content\/uploads\/2019\/06\/print-1.svg","contentUrl":"https:\/\/fizzyvape.eu\/wp-content\/uploads\/2019\/06\/print-1.svg","width":124,"height":37,"caption":"fizzyvape.eu"},"image":{"@id":"https:\/\/www.fizzyvape.eu\/sv\/#\/schema\/logo\/image\/"}}]}},"_links":{"self":[{"href":"https:\/\/fizzyvape.eu\/sv\/wp-json\/wp\/v2\/pages\/34247","targetHints":{"allow":["GET"]}}],"collection":[{"href":"https:\/\/fizzyvape.eu\/sv\/wp-json\/wp\/v2\/pages"}],"about":[{"href":"https:\/\/fizzyvape.eu\/sv\/wp-json\/wp\/v2\/types\/page"}],"author":[{"embeddable":true,"href":"https:\/\/fizzyvape.eu\/sv\/wp-json\/wp\/v2\/users\/1"}],"replies":[{"embeddable":true,"href":"https:\/\/fizzyvape.eu\/sv\/wp-json\/wp\/v2\/comments?post=34247"}],"version-history":[{"count":0,"href":"https:\/\/fizzyvape.eu\/sv\/wp-json\/wp\/v2\/pages\/34247\/revisions"}],"wp:attachment":[{"href":"https:\/\/fizzyvape.eu\/sv\/wp-json\/wp\/v2\/media?parent=34247"}],"curies":[{"name":"wp","href":"https:\/\/api.w.org\/{rel}","templated":true}]}}