{"id":24522,"date":"2025-04-09T09:36:02","date_gmt":"2025-04-09T01:36:02","guid":{"rendered":"https:\/\/fizzyvape.eu\/product\/fizzy-great-10000-puffar-50st\/"},"modified":"2025-04-09T09:36:02","modified_gmt":"2025-04-09T01:36:02","slug":"fizzy-great-10000-puffar-50st","status":"publish","type":"product","link":"https:\/\/fizzyvape.eu\/sv\/produkt\/fizzy-great-10000-puffar-50st\/","title":{"rendered":"Fizzy Great 10000 puffar &#8211; 50st"},"content":{"rendered":"<div>\n<h1><strong>Fizzy Great 10000 Puffs &#8211; 50st Mystery Flavor Blind Box<\/strong><\/h1>\n<p>Upplev sp\u00e4nningen med <strong>50 premium eng\u00e5ngsvapor<\/strong> i en begr\u00e4nsad upplaga av <strong>Fizzy Great Mystery Flavor Blind Box<\/strong>! Varje enhet levererar <strong>10 000 ultra-smidiga puffar<\/strong> av labbtillverkad smakperfektion &#8211; slumpm\u00e4ssigt utvald fr\u00e5n Fizzy Greats b\u00e4sts\u00e4ljande sortiment. Kommer du att f\u00e5 <strong>Juicy Watermelon<\/strong>, <strong>Tropical Pineapple Peach<\/strong> eller <strong>Icy Blueberry<\/strong>? Sp\u00e4nningen \u00e4r en del av upplevelsen!  <\/p>\n<h2><strong>Viktiga funktioner<\/strong><\/h2>\n<p>\u2714 <strong>50 x 10.000 puffar<\/strong> &#8211; Massivt v\u00e4rdepaket (totalt 500.000+ puffar!)<br \/>\n\u2714 <strong>10 Premium Flavors<\/strong> &#8211; Slumpm\u00e4ssigt utvalda fr\u00e5n Fizzy Greats b\u00e4sts\u00e4ljare (se hela listan nedan)<br \/>\n\u2714 <strong>Noll underh\u00e5ll<\/strong> &#8211; F\u00f6rfylld, f\u00f6rladdad och klar att anv\u00e4nda<br \/>\n\u2714 <strong>Mesh Coil Technology<\/strong> &#8211; Rik, j\u00e4mn smak och t\u00e4ta moln<br \/>\n\u2714 <strong>Kompakt och resv\u00e4nlig<\/strong> &#8211; TSA-kompatibel (d\u00e4r s\u00e5 till\u00e5ts) <\/p>\n<h3><strong>Varf\u00f6r v\u00e4lja Mystery Blind Box?<\/strong><\/h3>\n<p>\ud83c\udf81 <strong>\u00d6verraskande element<\/strong>: Bli aldrig uttr\u00e5kad &#8211; varje enhet \u00e4r ett smakfullt \u00e4ventyr!<br \/>\n\ud83d\udcb0 <strong>Stora besparingar<\/strong>: 50 enheter till en br\u00e5kdel av detaljhandelskostnaden.<br \/>\n\ud83d\udce6 Redo f\u00f6r <strong>\u00e5terf\u00f6rs\u00e4ljare<\/strong>: Efterfr\u00e5gad produkt med oemotst\u00e5ndlig dragningskraft.<\/p>\n<\/div>\n<div>\n<h3>Specifikationer<\/h3>\n<table>\n<tbody>\n<tr>\n<td>Puffar<\/td>\n<td><strong>10000+ puffar<\/strong><\/td>\n<\/tr>\n<tr>\n<td>Kapacitet f\u00f6r e-v\u00e4tska<\/td>\n<td><strong>18 ml<\/strong><\/td>\n<\/tr>\n<tr>\n<td>Batteriets kapacitet<\/td>\n<td><strong>650 mAh<\/strong><\/td>\n<\/tr>\n<tr>\n<td>N\u00e4tspole<\/td>\n<td><strong>1.4\u03a9<\/strong><\/td>\n<\/tr>\n<tr>\n<td>Storlek<\/td>\n<td><strong>53*30*85,3 mm<\/strong><\/td>\n<\/tr>\n<tr>\n<td>Eng\u00e5ngsbruk eller inte<\/td>\n<td><strong>Eng\u00e5ngsbruk<\/strong><\/td>\n<\/tr>\n<tr>\n<td>Laddningsmetod<\/td>\n<td><strong>Kabel<\/strong><\/td>\n<\/tr>\n<tr>\n<td>Aktiveringsmetod<\/td>\n<td><strong>AcidSensor<\/strong><\/td>\n<\/tr>\n<tr>\n<td>Nikotinniv\u00e5<\/td>\n<td><strong>2%(20mg\/ml) &amp; 5%(50mg\/ml)<\/strong><\/td>\n<\/tr>\n<tr>\n<td>Smak\u00e4mnen<\/td>\n<td><strong>10<\/strong><\/td>\n<\/tr>\n<tr>\n<td>F\u00f6rpackning<\/td>\n<td><strong>1 f\u00f6rpackning<\/strong><\/td>\n<\/tr>\n<tr>\n<td>Laddningstid<\/td>\n<td><strong>2 timmar<\/strong><\/td>\n<\/tr>\n<tr>\n<td>F\u00f6rvaring<\/td>\n<td><strong>Undvik milj\u00f6er med h\u00f6ga temperaturer och f\u00f6rvara p\u00e5 en sval och torr plats.<\/strong><\/td>\n<\/tr>\n<tr>\n<td>Personer som \u00e4r f\u00f6rbjudna att anv\u00e4nda<\/td>\n<td><strong>Minder\u00e5riga, gravida kvinnor och personer som \u00e4r allergiska mot produktens ingredienser.<\/strong><\/td>\n<\/tr>\n<tr>\n<td>F\u00f6rsiktighet<\/td>\n<td><strong>Sv\u00e4lj inte detta \u00e4mne. Vid f\u00f6rt\u00e4ring, sk\u00f6lj munnen noggrant och omedelbart. Upps\u00f6k l\u00e4kare om du k\u00e4nner dig d\u00e5lig.  <\/strong><\/td>\n<\/tr>\n<\/tbody>\n<\/table>\n<h3><strong>Fizzy Great<\/strong> 10000 Puffs Smaklista:<\/h3>\n<ol>\n<li><a href=\"https:\/\/fizzyvape.eu\/sv\/produkt\/fizzy-great-watermelon-10000-puffar\/\">Vattenmelon<\/a><\/li>\n<li><a href=\"https:\/\/fizzyvape.eu\/sv\/produkt\/fizzy-great-blueberry-ice-10000-puffar\/\">Bl\u00e5b\u00e4rsis<\/a><\/li>\n<li><a href=\"https:\/\/fizzyvape.eu\/sv\/produkt\/fizzy-great-grape-ice-10000-puffar\/\">Grape Ice<\/a><\/li>\n<li><a href=\"https:\/\/fizzyvape.eu\/sv\/produkt\/fizzy-great-lychee-lemon-10000-puffar\/\">Lychee Citron<\/a><\/li>\n<li><a href=\"https:\/\/fizzyvape.eu\/sv\/produkt\/fizzy-great-ananas-persika-passionsfrukt-10000-puffar\/\">Ananas Persika Passionsfrukt<\/a><\/li>\n<li><a href=\"https:\/\/fizzyvape.eu\/sv\/produkt\/fizzy-great-raspberry-grape-10000-puffar\/\">Hallon Druva<\/a><\/li>\n<li><a href=\"https:\/\/fizzyvape.eu\/sv\/produkt\/fizzy-great-peach-10000-puffar\/\">Persika<\/a><\/li>\n<li><a href=\"https:\/\/fizzyvape.eu\/sv\/produkt\/fizzy-great-mango-peach-10000-puffar\/\">Mango Persika<\/a><\/li>\n<li><a href=\"https:\/\/fizzyvape.eu\/sv\/produkt\/fizzy-great-mixed-berry-10000-puffar\/\">Blandade b\u00e4r<\/a><\/li>\n<li><a href=\"https:\/\/fizzyvape.eu\/sv\/produkt\/fizzy-great-watermelon-strawberry-lemonade-10000-puffar\/\">Vattenmelon Jordgubbslimonad<\/a><\/li>\n<\/ol>\n<h3><strong>Vanliga fr\u00e5gor om <\/strong><strong>Fizzy Great 10000 Puffs <\/strong><strong>Vape<\/strong><\/h3>\n<p>1.  <strong>Hur slumpm\u00e4ssiga \u00e4r smakerna i blindboxen?<\/strong><br \/>\nVarje Fizzy Great 10000 Puffs-enhet i blindboxen \u00e4r individuellt randomiserad fr\u00e5n v\u00e5ra 10 b\u00e4sts\u00e4ljande smaker &#8211; inga duplikat garanteras i en enda l\u00e5da! Du kan f\u00e5 en blandning av fruktiga, isiga och tropiska smaker f\u00f6r o\u00e4ndlig variation. <\/p>\n<p>2.<strong> \u00c4r den h\u00e4r blindboxen v\u00e4rd priset j\u00e4mf\u00f6rt med att k\u00f6pa enstaka smaker?<\/strong><br \/>\nAbsolut! Detta 50-pack erbjuder 500 000+ totala puffar till en betydande m\u00e4ngdrabatt (upp till 30% rabatt p\u00e5 detaljhandelspriset). Dessutom g\u00f6r mysterieelementet det roligt f\u00f6r personligt bruk eller \u00e5terf\u00f6rs\u00e4ljningsv\u00e4rde.  <\/p>\n<p><strong>3. Kan jag beg\u00e4ra specifika smaker eller undvika vissa?<\/strong><br \/>\nBlindboxen \u00e4r utformad f\u00f6r \u00f6verraskning och uppt\u00e4ckt, s\u00e5 smakf\u00f6rfr\u00e5gningar \u00e4r inte tillg\u00e4ngliga. Alla 10 smakerna \u00e4r dock kundfavoriter &#8211; fr\u00e5n s\u00f6t vattenmelon till uppfriskande bl\u00e5b\u00e4rsis &#8211; s\u00e5 det finns inget &#8220;d\u00e5ligt&#8221; val! <\/p>\n<p><strong>4. Hur l\u00e4nge r\u00e4cker 50 enheter f\u00f6r en person?<\/strong><br \/>\nF\u00f6r m\u00e5ttliga vapers (~500 puffar\/dag) r\u00e4cker det h\u00e4r paketet i 6+ m\u00e5nader. Tunga anv\u00e4ndare (~1 000 puffar\/dag) f\u00e5r 3+ m\u00e5naders njutning &#8211; perfekt f\u00f6r att fylla p\u00e5 lagret eller dela med v\u00e4nner! <\/p>\n<\/div>\n","protected":false},"excerpt":{"rendered":"<p><strong>Fizzy Great 10000 Puffs &#8211; 50pc Mystery Flavor Blind Box<\/strong><br \/>\nPacka upp <strong>50 premium eng\u00e5ngsvapor<\/strong> i denna <strong>begr\u00e4nsade utg\u00e5va av mysteriumpaket &#8211; var och en<\/strong>levererar <strong>10 000 ultra-smidiga puffar<\/strong> av labbtillverkad smakperfektion! F\u00e5 en sp\u00e4nnande blandning av <strong>10 b\u00e4sts\u00e4ljande smaker<\/strong> som <strong>Juicy Watermelon, Icy Blueberry och Tropical Pineapple Peach &#8211; alla<\/strong>slumpm\u00e4ssigt utvalda f\u00f6r \u00f6verraskning och variation. Njut av <strong>500 000+ totala puffar<\/strong>, <strong>inget underh\u00e5ll<\/strong> och <strong>rika mesh coil-moln<\/strong> i en <strong>TSA-v\u00e4nlig<\/strong> design. Perfekt f\u00f6r <strong>smakutforskare, bulkk\u00f6pare och \u00e5terf\u00f6rs\u00e4ljare<\/strong>!   <\/p>\n<p>\ud83d\udd25 <strong>Begr\u00e4nsat erbjudande: F\u00e5 50st till ett speciellt rabatterat pris!<\/strong> \ud83d\udd25<\/p>\n","protected":false},"featured_media":22596,"comment_status":"open","ping_status":"closed","template":"","meta":{"iawp_total_views":0},"product_brand":[],"product_cat":[676,268],"product_tag":[269,270],"class_list":{"0":"post-24522","1":"product","2":"type-product","3":"status-publish","4":"has-post-thumbnail","6":"product_cat-bulk-deals-2-sv","7":"product_cat-great-sv","8":"product_tag-10000-puffar","9":"product_tag-vattenmelon-jordgubbslimonad","11":"first","12":"outofstock","13":"sale","14":"shipping-taxable","15":"purchasable","16":"product-type-variable"},"yoast_head":"<!-- This site is optimized with the Yoast SEO Premium plugin v24.8 (Yoast SEO v24.8) - https:\/\/yoast.com\/wordpress\/plugins\/seo\/ -->\n<title>Fizzy Great 10000 puffar - 50st - fizzyvape.eu<\/title>\n<meta name=\"description\" content=\"Fizzy Great Watermelon Strawberry Lemonade 10000 Puffs - sommar vape med saftig vattenmelon, jordgubbe &amp; syrlig lemonad. 50st Specialpris!\" \/>\n<meta name=\"robots\" content=\"index, follow, max-snippet:-1, max-image-preview:large, max-video-preview:-1\" \/>\n<link rel=\"canonical\" href=\"https:\/\/fizzyvape.eu\/sv\/produkt\/fizzy-great-10000-puffar-50st\/\" \/>\n<meta property=\"og:locale\" content=\"sv_SE\" \/>\n<meta property=\"og:type\" content=\"article\" \/>\n<meta property=\"og:title\" content=\"Fizzy Great 10000 puffar - 50st\" \/>\n<meta property=\"og:description\" content=\"Fizzy Great Watermelon Strawberry Lemonade 10000 Puffs - sommar vape med saftig vattenmelon, jordgubbe &amp; syrlig lemonad. 50st Specialpris!\" \/>\n<meta property=\"og:url\" content=\"https:\/\/fizzyvape.eu\/sv\/produkt\/fizzy-great-10000-puffar-50st\/\" \/>\n<meta property=\"og:site_name\" content=\"fizzyvape.eu\" \/>\n<meta property=\"og:image\" content=\"https:\/\/www.fizzyvape.eu\/wp-content\/uploads\/2025\/04\/FizzyVape-Great-10KPuff-Main08.jpg\" \/>\n\t<meta property=\"og:image:width\" content=\"1057\" \/>\n\t<meta property=\"og:image:height\" content=\"1037\" \/>\n\t<meta property=\"og:image:type\" content=\"image\/jpeg\" \/>\n<meta name=\"twitter:card\" content=\"summary_large_image\" \/>\n<meta name=\"twitter:label1\" content=\"Tillg\u00e4nglig\" \/>\n\t<meta name=\"twitter:data1\" content=\"Slut i lager\" \/>\n<script type=\"application\/ld+json\" class=\"yoast-schema-graph\">{\"@context\":\"https:\/\/schema.org\",\"@graph\":[{\"@type\":\"WebPage\",\"@id\":\"https:\/\/fizzyvape.eu\/sv\/produkt\/fizzy-great-10000-puffar-50st\/\",\"url\":\"https:\/\/fizzyvape.eu\/sv\/produkt\/fizzy-great-10000-puffar-50st\/\",\"name\":\"Fizzy Great 10000 puffar - 50st - fizzyvape.eu\",\"isPartOf\":{\"@id\":\"https:\/\/www.fizzyvape.eu\/sv\/#website\"},\"primaryImageOfPage\":{\"@id\":\"https:\/\/fizzyvape.eu\/sv\/produkt\/fizzy-great-10000-puffar-50st\/#primaryimage\"},\"image\":{\"@id\":\"https:\/\/fizzyvape.eu\/sv\/produkt\/fizzy-great-10000-puffar-50st\/#primaryimage\"},\"thumbnailUrl\":\"https:\/\/fizzyvape.eu\/wp-content\/uploads\/2025\/04\/FizzyVape-Great-10KPuff-Main08.jpg\",\"datePublished\":\"2025-04-09T01:36:02+00:00\",\"description\":\"Fizzy Great Watermelon Strawberry Lemonade 10000 Puffs - sommar vape med saftig vattenmelon, jordgubbe & syrlig lemonad. 50st Specialpris!\",\"breadcrumb\":{\"@id\":\"https:\/\/fizzyvape.eu\/sv\/produkt\/fizzy-great-10000-puffar-50st\/#breadcrumb\"},\"inLanguage\":\"sv-SE\",\"potentialAction\":[{\"@type\":\"ReadAction\",\"target\":[\"https:\/\/fizzyvape.eu\/sv\/produkt\/fizzy-great-10000-puffar-50st\/\"]}]},{\"@type\":\"ImageObject\",\"inLanguage\":\"sv-SE\",\"@id\":\"https:\/\/fizzyvape.eu\/sv\/produkt\/fizzy-great-10000-puffar-50st\/#primaryimage\",\"url\":\"https:\/\/fizzyvape.eu\/wp-content\/uploads\/2025\/04\/FizzyVape-Great-10KPuff-Main08.jpg\",\"contentUrl\":\"https:\/\/fizzyvape.eu\/wp-content\/uploads\/2025\/04\/FizzyVape-Great-10KPuff-Main08.jpg\",\"width\":1057,\"height\":1037},{\"@type\":\"BreadcrumbList\",\"@id\":\"https:\/\/fizzyvape.eu\/sv\/produkt\/fizzy-great-10000-puffar-50st\/#breadcrumb\",\"itemListElement\":[{\"@type\":\"ListItem\",\"position\":1,\"name\":\"Home\",\"item\":\"https:\/\/fizzyvape.eu\/sv\/\"},{\"@type\":\"ListItem\",\"position\":2,\"name\":\"Butik\",\"item\":\"https:\/\/fizzyvape.eu\/sv\/butik\/\"},{\"@type\":\"ListItem\",\"position\":3,\"name\":\"Fizzy Great 10000 puffar &#8211; 50st\"}]},{\"@type\":\"WebSite\",\"@id\":\"https:\/\/www.fizzyvape.eu\/sv\/#website\",\"url\":\"https:\/\/www.fizzyvape.eu\/sv\/\",\"name\":\"fizzyvape.eu\",\"description\":\"Refreshing Vapes. Unforgettable Taste.\",\"publisher\":{\"@id\":\"https:\/\/www.fizzyvape.eu\/sv\/#organization\"},\"potentialAction\":[{\"@type\":\"SearchAction\",\"target\":{\"@type\":\"EntryPoint\",\"urlTemplate\":\"https:\/\/www.fizzyvape.eu\/sv\/?s={search_term_string}\"},\"query-input\":{\"@type\":\"PropertyValueSpecification\",\"valueRequired\":true,\"valueName\":\"search_term_string\"}}],\"inLanguage\":\"sv-SE\"},{\"@type\":\"Organization\",\"@id\":\"https:\/\/www.fizzyvape.eu\/sv\/#organization\",\"name\":\"fizzyvape.eu\",\"url\":\"https:\/\/www.fizzyvape.eu\/sv\/\",\"logo\":{\"@type\":\"ImageObject\",\"inLanguage\":\"sv-SE\",\"@id\":\"https:\/\/www.fizzyvape.eu\/sv\/#\/schema\/logo\/image\/\",\"url\":\"https:\/\/fizzyvape.eu\/wp-content\/uploads\/2019\/06\/print-1.svg\",\"contentUrl\":\"https:\/\/fizzyvape.eu\/wp-content\/uploads\/2019\/06\/print-1.svg\",\"width\":124,\"height\":37,\"caption\":\"fizzyvape.eu\"},\"image\":{\"@id\":\"https:\/\/www.fizzyvape.eu\/sv\/#\/schema\/logo\/image\/\"}}]}<\/script>\n<meta property=\"og:availability\" content=\"out of stock\" \/>\n<meta property=\"product:availability\" content=\"out of stock\" \/>\n<meta property=\"product:condition\" content=\"new\" \/>\n<!-- \/ Yoast SEO Premium plugin. -->","yoast_head_json":{"title":"Fizzy Great 10000 puffar - 50st - fizzyvape.eu","description":"Fizzy Great Watermelon Strawberry Lemonade 10000 Puffs - sommar vape med saftig vattenmelon, jordgubbe & syrlig lemonad. 50st Specialpris!","robots":{"index":"index","follow":"follow","max-snippet":"max-snippet:-1","max-image-preview":"max-image-preview:large","max-video-preview":"max-video-preview:-1"},"canonical":"https:\/\/fizzyvape.eu\/sv\/produkt\/fizzy-great-10000-puffar-50st\/","og_locale":"sv_SE","og_type":"article","og_title":"Fizzy Great 10000 puffar - 50st","og_description":"Fizzy Great Watermelon Strawberry Lemonade 10000 Puffs - sommar vape med saftig vattenmelon, jordgubbe & syrlig lemonad. 50st Specialpris!","og_url":"https:\/\/fizzyvape.eu\/sv\/produkt\/fizzy-great-10000-puffar-50st\/","og_site_name":"fizzyvape.eu","og_image":[{"width":1057,"height":1037,"url":"https:\/\/www.fizzyvape.eu\/wp-content\/uploads\/2025\/04\/FizzyVape-Great-10KPuff-Main08.jpg","type":"image\/jpeg"}],"twitter_card":"summary_large_image","twitter_misc":{"Tillg\u00e4nglig":"Slut i lager"},"schema":{"@context":"https:\/\/schema.org","@graph":[{"@type":"WebPage","@id":"https:\/\/fizzyvape.eu\/sv\/produkt\/fizzy-great-10000-puffar-50st\/","url":"https:\/\/fizzyvape.eu\/sv\/produkt\/fizzy-great-10000-puffar-50st\/","name":"Fizzy Great 10000 puffar - 50st - fizzyvape.eu","isPartOf":{"@id":"https:\/\/www.fizzyvape.eu\/sv\/#website"},"primaryImageOfPage":{"@id":"https:\/\/fizzyvape.eu\/sv\/produkt\/fizzy-great-10000-puffar-50st\/#primaryimage"},"image":{"@id":"https:\/\/fizzyvape.eu\/sv\/produkt\/fizzy-great-10000-puffar-50st\/#primaryimage"},"thumbnailUrl":"https:\/\/fizzyvape.eu\/wp-content\/uploads\/2025\/04\/FizzyVape-Great-10KPuff-Main08.jpg","datePublished":"2025-04-09T01:36:02+00:00","description":"Fizzy Great Watermelon Strawberry Lemonade 10000 Puffs - sommar vape med saftig vattenmelon, jordgubbe & syrlig lemonad. 50st Specialpris!","breadcrumb":{"@id":"https:\/\/fizzyvape.eu\/sv\/produkt\/fizzy-great-10000-puffar-50st\/#breadcrumb"},"inLanguage":"sv-SE","potentialAction":[{"@type":"ReadAction","target":["https:\/\/fizzyvape.eu\/sv\/produkt\/fizzy-great-10000-puffar-50st\/"]}]},{"@type":"ImageObject","inLanguage":"sv-SE","@id":"https:\/\/fizzyvape.eu\/sv\/produkt\/fizzy-great-10000-puffar-50st\/#primaryimage","url":"https:\/\/fizzyvape.eu\/wp-content\/uploads\/2025\/04\/FizzyVape-Great-10KPuff-Main08.jpg","contentUrl":"https:\/\/fizzyvape.eu\/wp-content\/uploads\/2025\/04\/FizzyVape-Great-10KPuff-Main08.jpg","width":1057,"height":1037},{"@type":"BreadcrumbList","@id":"https:\/\/fizzyvape.eu\/sv\/produkt\/fizzy-great-10000-puffar-50st\/#breadcrumb","itemListElement":[{"@type":"ListItem","position":1,"name":"Home","item":"https:\/\/fizzyvape.eu\/sv\/"},{"@type":"ListItem","position":2,"name":"Butik","item":"https:\/\/fizzyvape.eu\/sv\/butik\/"},{"@type":"ListItem","position":3,"name":"Fizzy Great 10000 puffar &#8211; 50st"}]},{"@type":"WebSite","@id":"https:\/\/www.fizzyvape.eu\/sv\/#website","url":"https:\/\/www.fizzyvape.eu\/sv\/","name":"fizzyvape.eu","description":"Refreshing Vapes. Unforgettable Taste.","publisher":{"@id":"https:\/\/www.fizzyvape.eu\/sv\/#organization"},"potentialAction":[{"@type":"SearchAction","target":{"@type":"EntryPoint","urlTemplate":"https:\/\/www.fizzyvape.eu\/sv\/?s={search_term_string}"},"query-input":{"@type":"PropertyValueSpecification","valueRequired":true,"valueName":"search_term_string"}}],"inLanguage":"sv-SE"},{"@type":"Organization","@id":"https:\/\/www.fizzyvape.eu\/sv\/#organization","name":"fizzyvape.eu","url":"https:\/\/www.fizzyvape.eu\/sv\/","logo":{"@type":"ImageObject","inLanguage":"sv-SE","@id":"https:\/\/www.fizzyvape.eu\/sv\/#\/schema\/logo\/image\/","url":"https:\/\/fizzyvape.eu\/wp-content\/uploads\/2019\/06\/print-1.svg","contentUrl":"https:\/\/fizzyvape.eu\/wp-content\/uploads\/2019\/06\/print-1.svg","width":124,"height":37,"caption":"fizzyvape.eu"},"image":{"@id":"https:\/\/www.fizzyvape.eu\/sv\/#\/schema\/logo\/image\/"}}]},"og_availability":"out of stock","product_availability":"out of stock","product_condition":"new"},"tiered_pricing_type":"fixed","tiered_pricing_fixed_rules":[],"tiered_pricing_product_settings":{"layout":"default","base_unit_name":{"singular":null,"plural":null},"default_variation":null},"tiered_pricing_minimum_quantity":null,"tiered_pricing_roles_data":[],"tiered_pricing_percentage_rules":[],"tiered_pricing_maximum_quantity":null,"tiered_pricing_quantity_step":null,"_links":{"self":[{"href":"https:\/\/fizzyvape.eu\/sv\/wp-json\/wp\/v2\/product\/24522","targetHints":{"allow":["GET"]}}],"collection":[{"href":"https:\/\/fizzyvape.eu\/sv\/wp-json\/wp\/v2\/product"}],"about":[{"href":"https:\/\/fizzyvape.eu\/sv\/wp-json\/wp\/v2\/types\/product"}],"replies":[{"embeddable":true,"href":"https:\/\/fizzyvape.eu\/sv\/wp-json\/wp\/v2\/comments?post=24522"}],"version-history":[{"count":0,"href":"https:\/\/fizzyvape.eu\/sv\/wp-json\/wp\/v2\/product\/24522\/revisions"}],"wp:featuredmedia":[{"embeddable":true,"href":"https:\/\/fizzyvape.eu\/sv\/wp-json\/wp\/v2\/media\/22596"}],"wp:attachment":[{"href":"https:\/\/fizzyvape.eu\/sv\/wp-json\/wp\/v2\/media?parent=24522"}],"wp:term":[{"taxonomy":"product_brand","embeddable":true,"href":"https:\/\/fizzyvape.eu\/sv\/wp-json\/wp\/v2\/product_brand?post=24522"},{"taxonomy":"product_cat","embeddable":true,"href":"https:\/\/fizzyvape.eu\/sv\/wp-json\/wp\/v2\/product_cat?post=24522"},{"taxonomy":"product_tag","embeddable":true,"href":"https:\/\/fizzyvape.eu\/sv\/wp-json\/wp\/v2\/product_tag?post=24522"}],"curies":[{"name":"wp","href":"https:\/\/api.w.org\/{rel}","templated":true}]}}