{"id":24557,"date":"2025-04-10T11:10:26","date_gmt":"2025-04-10T03:10:26","guid":{"rendered":"https:\/\/fizzyvape.eu\/product\/fizzy-pandora-12000-puffs-50st\/"},"modified":"2025-04-10T11:10:26","modified_gmt":"2025-04-10T03:10:26","slug":"fizzy-pandora-12000-puffs-50st","status":"publish","type":"product","link":"https:\/\/fizzyvape.eu\/sv\/produkt\/fizzy-pandora-12000-puffs-50st\/","title":{"rendered":"Fizzy Pandora &#8211; 12000 Puffs &#8211; 50st"},"content":{"rendered":"<div>\n<h2>Fizzy Pandora 12000 Puffs Blind Box (50 st) &#8211; Slumpm\u00e4ssiga smaker, premium\u00f6verraskningar<\/h2>\n<p>Uppt\u00e4ck sp\u00e4nningen med <strong>50 premium Fizzy Pandora eng\u00e5ngsvolymer<\/strong> i denna mystery box i begr\u00e4nsad upplaga &#8211; var och en levererar <strong>12 000 ultra-smidiga puffar<\/strong> av lab-perfektionerad smak! Kommer du att f\u00e5 <strong>Tropical Mango<\/strong>, <strong>Berry Blast<\/strong> eller <strong>Crisp Ice Mint<\/strong>? Varje unboxing \u00e4r ett smakfullt \u00e4ventyr.  <\/p>\n<h3><strong>Viktiga funktioner<\/strong><\/h3>\n<p>\ud83d\udd25 <strong>50 x 12.000 puffar<\/strong> &#8211; Massiva <strong>600.000+ puffar totalt<\/strong> (r\u00e4cker i m\u00e5nader!)<br \/>\n\ud83c\udf08 <strong>12 premiumsmaker<\/strong> &#8211; slumpm\u00e4ssigt utvalda fr\u00e5n Fizzy Pandoras b\u00e4sts\u00e4ljande sortiment<br \/>\n\u26a1 <strong>USB-C-laddningsbar<\/strong> &#8211; inget sl\u00f6seri med e-juice (20 ml kapacitet per enhet)<br \/>\n\ud83c\udf00 <strong>Mesh Coil Tech<\/strong> &#8211; Rik, j\u00e4mn smak och t\u00e4ta moln<br \/>\n\u2708\ufe0f <strong>Reseberedd<\/strong> &#8211; Kompakt (48\u00d720,6\u00d788 mm) och l\u00e4ckages\u00e4ker <\/p>\n<h3>Varf\u00f6r v\u00e4lja Fizzy Pandora Blind Box?<\/h3>\n<p>\ud83c\udf81 <strong>50 enheter av \u00f6verraskning:<\/strong> Varje l\u00e5da inneh\u00e5ller en slumpm\u00e4ssig blandning av 50 autentiska Fizzy Pandora-vapor, med <strong>12 unika smaker<\/strong><br \/>\n\ud83c\udf08 <strong>Smak\u00e4ventyr:<\/strong> F\u00f6rv\u00e4nta dig blandningar som Strawberry Kiwi Pomegranate, Blueberry Raspberry och Ice Mint &#8211; varje l\u00e5da \u00e4r en ny upplevelse<br \/>\n\ud83d\udca8 <strong>Massiva 12 000 puffar per enhet:<\/strong> Konstruerad med mesh-spolteknik och ett uppladdningsbart batteri p\u00e5 650 mAh<br \/>\n\ud83d\udd0b <strong>USB-C snabbladdning<\/strong>: Varje enhet ger ca 4 000 puffar per laddning<br \/>\n\ud83d\udeab <strong>L\u00e4cks\u00e4ker, resklar design:<\/strong> Byggd med f\u00f6rseglad konstruktion f\u00f6r s\u00e4kerhet och b\u00e4rbarhet<br \/>\n\ud83e\uddca <strong>Smooth 5% Nicotine Salt:<\/strong> Balanserad f\u00f6r tillfredsst\u00e4llelse utan h\u00e5rda halstr\u00e4ffar    <\/p>\n<\/div>\n<div>\n<h3>Specifikationer<\/h3>\n<table>\n<tbody>\n<tr>\n<td>Puffar<\/td>\n<td><strong>12000+ puffar<\/strong><\/td>\n<\/tr>\n<tr>\n<td>Kapacitet f\u00f6r e-v\u00e4tska<\/td>\n<td><strong>20 ml<\/strong><\/td>\n<\/tr>\n<tr>\n<td>Batteriets kapacitet<\/td>\n<td><strong>650 mAh<\/strong><\/td>\n<\/tr>\n<tr>\n<td>N\u00e4tspole<\/td>\n<td><strong>1.4\u03a9<\/strong><\/td>\n<\/tr>\n<tr>\n<td>storlek<\/td>\n<td><strong>48 * 20,6 * 88 mm<\/strong><\/td>\n<\/tr>\n<tr>\n<td>Eng\u00e5ngsbruk eller inte<\/td>\n<td><strong>Eng\u00e5ngsbruk<\/strong><\/td>\n<\/tr>\n<tr>\n<td>Laddningsmetod<\/td>\n<td><strong>Kabel<\/strong><\/td>\n<\/tr>\n<tr>\n<td>Aktiveringsmetod<\/td>\n<td><strong>Sensor<\/strong><\/td>\n<\/tr>\n<tr>\n<td>Nikotinniv\u00e5<\/td>\n<td><strong>2%(20mg\/ml) &amp; 5%(50mg\/ml)<\/strong><\/td>\n<\/tr>\n<tr>\n<td>Smak\u00e4mnen<\/td>\n<td><strong>12<\/strong><\/td>\n<\/tr>\n<tr>\n<td>F\u00f6rpackning<\/td>\n<td><strong>1 f\u00f6rpackning<\/strong><\/td>\n<\/tr>\n<tr>\n<td>Laddningstid<\/td>\n<td><strong>2 timmar<\/strong><\/td>\n<\/tr>\n<tr>\n<td>F\u00f6rvaring<\/td>\n<td><strong>Undvik milj\u00f6er med h\u00f6ga temperaturer och f\u00f6rvara p\u00e5 en sval och torr plats.<\/strong><\/td>\n<\/tr>\n<tr>\n<td>Personer som \u00e4r f\u00f6rbjudna att anv\u00e4nda<\/td>\n<td><strong>Minder\u00e5riga, gravida kvinnor och personer som \u00e4r allergiska mot produktens ingredienser.<\/strong><\/td>\n<\/tr>\n<tr>\n<td>F\u00f6rsiktighet<\/td>\n<td><strong>Sv\u00e4lj inte detta \u00e4mne. Vid f\u00f6rt\u00e4ring, sk\u00f6lj munnen noggrant och omedelbart. Upps\u00f6k l\u00e4kare om du k\u00e4nner dig d\u00e5lig.  <\/strong><\/td>\n<\/tr>\n<\/tbody>\n<\/table>\n<h3><strong>Fizzy Pandora <\/strong>12000 Puffs Smaklista:<\/h3>\n<ol>\n<li><a href=\"https:\/\/fizzyvape.eu\/sv\/produkt\/fizzy-pandora-vattenmelon-12000-puffar\/\">Vattenmelon<\/a><\/li>\n<li><a href=\"https:\/\/fizzyvape.eu\/sv\/produkt\/fizzy-pandora-mango-12000-puffar\/\">Mango<\/a><\/li>\n<li><a href=\"https:\/\/fizzyvape.eu\/sv\/produkt\/fizzy-pandora-grape-12000-puffar\/\">Druva<\/a><\/li>\n<li><a href=\"https:\/\/fizzyvape.eu\/sv\/produkt\/fizzy-pandora-granatapple-12000-puffar\/\">Granat\u00e4pple<\/a><\/li>\n<li><a href=\"https:\/\/fizzyvape.eu\/sv\/produkt\/fizzy-pandora-peach-12000-puffar\/\">Persika<\/a><\/li>\n<li><a href=\"https:\/\/fizzyvape.eu\/sv\/produkt\/fizzy-pandora-blabar-hallon-12000-puffar\/\">Bl\u00e5b\u00e4r Hallon<\/a><\/li>\n<li><a href=\"https:\/\/fizzyvape.eu\/sv\/produkt\/fizzy-pandora-apelsin-mango-vattenmelon-12000-puffar\/\">Apelsin Mango Vattenmelon<\/a><\/li>\n<li><a href=\"https:\/\/fizzyvape.eu\/sv\/produkt\/fizzy-pandora-ice-mint-12000-puffar\/\">Ismint<\/a><\/li>\n<li><a href=\"https:\/\/fizzyvape.eu\/sv\/produkt\/fizzy-pandora-jordgubb-kiwi-granatapple-12000-puffar\/\">Jordgubb Kiwi Granat\u00e4pple<\/a><\/li>\n<li><a href=\"https:\/\/fizzyvape.eu\/sv\/produkt\/fizzy-pandora-blabar-12000-puffar\/\">Bl\u00e5b\u00e4r<\/a><\/li>\n<li><a href=\"https:\/\/fizzyvape.eu\/sv\/produkt\/fizzy-pandora-jordgubb-12000-puffar\/\">Jordgubbar<\/a><\/li>\n<li><a href=\"https:\/\/fizzyvape.eu\/sv\/produkt\/fizzy-pandora-vattenmelon-blabar-12000-puffar\/\">Vattenmelon Bl\u00e5b\u00e4r<\/a><\/li>\n<\/ol>\n<h3>Vanliga fr\u00e5gor om Fizzy Pandora 12000 Puffs Blind Box (50st)<\/h3>\n<p><strong>Kommer jag att f\u00e5 upprepade smaker i l\u00e5dan?<\/strong><br \/>\nVarje blindbox \u00e4r utvald f\u00f6r att minimera upprepning och maximera variation. F\u00f6rv\u00e4nta dig ett balanserat urval. <\/p>\n<p><strong>\u00c4r enheterna f\u00f6rladdade?<\/strong><br \/>\nJa &#8211; varje enhet levereras redo att anv\u00e4ndas, med USB-C-laddning tillg\u00e4nglig f\u00f6r l\u00e4ngre njutning.<\/p>\n<p><strong>\u00c4r denna blindbox l\u00e4mplig f\u00f6r \u00e5terf\u00f6rs\u00e4ljning?<\/strong><br \/>\nAbsolut. Varje enhet \u00e4r detaljhandelsf\u00f6rpackad, vilket g\u00f6r den idealisk f\u00f6r butikshyllor, kiosker eller onlinef\u00f6rs\u00e4ljning. <\/p>\n<p><strong>\u00c4r detta b\u00e4ttre \u00e4n att k\u00f6pa enstaka smaker<\/strong>?<br \/>\nJa! <strong>50 enheter = 600K+ puffar<\/strong> till en m\u00e4ngdrabatt + det roliga med \u00f6verraskande smaker.<\/p>\n<\/div>\n","protected":false},"excerpt":{"rendered":"<p>F\u00e5 <strong>den ultimata vape-upplevelsen med Fizzy Pandora 12000 Puffs Blind Box (50st)<\/strong> &#8211; en premium mystery mix av 12 publikfavoriter. Varje eng\u00e5ngsbeh\u00e5llare ger hela <strong>12 000 ultrasmidiga p<\/strong>uffar, drivna av <strong>USB-C snabbladdning<\/strong> och <strong>avancerad mesh coil-teknik<\/strong>. Perfekt f\u00f6r bulkk\u00f6pare, \u00e5terf\u00f6rs\u00e4ljare eller smakutforskare &#8211; \u00f6ver <strong>600 000 puffar per l\u00e5da<\/strong>!  <\/p>\n<p>\ud83d\udd25 <strong>Begr\u00e4nsat erbjudande: F\u00e5 50st till ett speciellt rabatterat pris!<\/strong> \ud83d\udd25<\/p>\n","protected":false},"featured_media":22507,"comment_status":"open","ping_status":"closed","template":"","meta":{"iawp_total_views":0},"product_brand":[],"product_cat":[676,283],"product_tag":[284],"class_list":{"0":"post-24557","1":"product","2":"type-product","3":"status-publish","4":"has-post-thumbnail","6":"product_cat-bulk-deals-2-sv","7":"product_cat-pandora-sv","8":"product_tag-12000-puffar","10":"first","11":"outofstock","12":"sale","13":"shipping-taxable","14":"purchasable","15":"product-type-variable"},"yoast_head":"<!-- This site is optimized with the Yoast SEO Premium plugin v24.8 (Yoast SEO v24.8) - https:\/\/yoast.com\/wordpress\/plugins\/seo\/ -->\n<title>Fizzy Pandora - 12000 Puffs - 50st - fizzyvape.eu<\/title>\n<meta name=\"description\" content=\"50 premiumvapes, 12000 puffar vardera. Uppt\u00e4ck 12 \u00f6verraskande smaker i Fizzy Pandora eng\u00e5ngsvape bulk - ett l\u00e5ngvarigt, smakfullt vape-\u00e4ventyr.\" \/>\n<meta name=\"robots\" content=\"index, follow, max-snippet:-1, max-image-preview:large, max-video-preview:-1\" \/>\n<link rel=\"canonical\" href=\"https:\/\/fizzyvape.eu\/sv\/produkt\/fizzy-pandora-12000-puffs-50st\/\" \/>\n<meta property=\"og:locale\" content=\"sv_SE\" \/>\n<meta property=\"og:type\" content=\"article\" \/>\n<meta property=\"og:title\" content=\"Fizzy Pandora - 12000 Puffs - 50st\" \/>\n<meta property=\"og:description\" content=\"50 premiumvapes, 12000 puffar vardera. Uppt\u00e4ck 12 \u00f6verraskande smaker i Fizzy Pandora eng\u00e5ngsvape bulk - ett l\u00e5ngvarigt, smakfullt vape-\u00e4ventyr.\" \/>\n<meta property=\"og:url\" content=\"https:\/\/fizzyvape.eu\/sv\/produkt\/fizzy-pandora-12000-puffs-50st\/\" \/>\n<meta property=\"og:site_name\" content=\"fizzyvape.eu\" \/>\n<meta property=\"og:image\" content=\"https:\/\/www.fizzyvape.eu\/wp-content\/uploads\/2025\/04\/Fizzy-Pandora-12000PUFF.jpg\" \/>\n\t<meta property=\"og:image:width\" content=\"1057\" \/>\n\t<meta property=\"og:image:height\" content=\"1037\" \/>\n\t<meta property=\"og:image:type\" content=\"image\/jpeg\" \/>\n<meta name=\"twitter:card\" content=\"summary_large_image\" \/>\n<meta name=\"twitter:label1\" content=\"Tillg\u00e4nglig\" \/>\n\t<meta name=\"twitter:data1\" content=\"Slut i lager\" \/>\n<script type=\"application\/ld+json\" class=\"yoast-schema-graph\">{\"@context\":\"https:\/\/schema.org\",\"@graph\":[{\"@type\":\"WebPage\",\"@id\":\"https:\/\/fizzyvape.eu\/sv\/produkt\/fizzy-pandora-12000-puffs-50st\/\",\"url\":\"https:\/\/fizzyvape.eu\/sv\/produkt\/fizzy-pandora-12000-puffs-50st\/\",\"name\":\"Fizzy Pandora - 12000 Puffs - 50st - fizzyvape.eu\",\"isPartOf\":{\"@id\":\"https:\/\/www.fizzyvape.eu\/sv\/#website\"},\"primaryImageOfPage\":{\"@id\":\"https:\/\/fizzyvape.eu\/sv\/produkt\/fizzy-pandora-12000-puffs-50st\/#primaryimage\"},\"image\":{\"@id\":\"https:\/\/fizzyvape.eu\/sv\/produkt\/fizzy-pandora-12000-puffs-50st\/#primaryimage\"},\"thumbnailUrl\":\"https:\/\/fizzyvape.eu\/wp-content\/uploads\/2025\/04\/Fizzy-Pandora-12000PUFF.jpg\",\"datePublished\":\"2025-04-10T03:10:26+00:00\",\"description\":\"50 premiumvapes, 12000 puffar vardera. Uppt\u00e4ck 12 \u00f6verraskande smaker i Fizzy Pandora eng\u00e5ngsvape bulk - ett l\u00e5ngvarigt, smakfullt vape-\u00e4ventyr.\",\"breadcrumb\":{\"@id\":\"https:\/\/fizzyvape.eu\/sv\/produkt\/fizzy-pandora-12000-puffs-50st\/#breadcrumb\"},\"inLanguage\":\"sv-SE\",\"potentialAction\":[{\"@type\":\"ReadAction\",\"target\":[\"https:\/\/fizzyvape.eu\/sv\/produkt\/fizzy-pandora-12000-puffs-50st\/\"]}]},{\"@type\":\"ImageObject\",\"inLanguage\":\"sv-SE\",\"@id\":\"https:\/\/fizzyvape.eu\/sv\/produkt\/fizzy-pandora-12000-puffs-50st\/#primaryimage\",\"url\":\"https:\/\/fizzyvape.eu\/wp-content\/uploads\/2025\/04\/Fizzy-Pandora-12000PUFF.jpg\",\"contentUrl\":\"https:\/\/fizzyvape.eu\/wp-content\/uploads\/2025\/04\/Fizzy-Pandora-12000PUFF.jpg\",\"width\":1057,\"height\":1037,\"caption\":\"Fizzy-Pandora-12000PUFF\"},{\"@type\":\"BreadcrumbList\",\"@id\":\"https:\/\/fizzyvape.eu\/sv\/produkt\/fizzy-pandora-12000-puffs-50st\/#breadcrumb\",\"itemListElement\":[{\"@type\":\"ListItem\",\"position\":1,\"name\":\"Home\",\"item\":\"https:\/\/fizzyvape.eu\/sv\/\"},{\"@type\":\"ListItem\",\"position\":2,\"name\":\"Butik\",\"item\":\"https:\/\/fizzyvape.eu\/sv\/butik\/\"},{\"@type\":\"ListItem\",\"position\":3,\"name\":\"Fizzy Pandora &#8211; 12000 Puffs &#8211; 50st\"}]},{\"@type\":\"WebSite\",\"@id\":\"https:\/\/www.fizzyvape.eu\/sv\/#website\",\"url\":\"https:\/\/www.fizzyvape.eu\/sv\/\",\"name\":\"fizzyvape.eu\",\"description\":\"Refreshing Vapes. Unforgettable Taste.\",\"publisher\":{\"@id\":\"https:\/\/www.fizzyvape.eu\/sv\/#organization\"},\"potentialAction\":[{\"@type\":\"SearchAction\",\"target\":{\"@type\":\"EntryPoint\",\"urlTemplate\":\"https:\/\/www.fizzyvape.eu\/sv\/?s={search_term_string}\"},\"query-input\":{\"@type\":\"PropertyValueSpecification\",\"valueRequired\":true,\"valueName\":\"search_term_string\"}}],\"inLanguage\":\"sv-SE\"},{\"@type\":\"Organization\",\"@id\":\"https:\/\/www.fizzyvape.eu\/sv\/#organization\",\"name\":\"fizzyvape.eu\",\"url\":\"https:\/\/www.fizzyvape.eu\/sv\/\",\"logo\":{\"@type\":\"ImageObject\",\"inLanguage\":\"sv-SE\",\"@id\":\"https:\/\/www.fizzyvape.eu\/sv\/#\/schema\/logo\/image\/\",\"url\":\"https:\/\/fizzyvape.eu\/wp-content\/uploads\/2019\/06\/print-1.svg\",\"contentUrl\":\"https:\/\/fizzyvape.eu\/wp-content\/uploads\/2019\/06\/print-1.svg\",\"width\":124,\"height\":37,\"caption\":\"fizzyvape.eu\"},\"image\":{\"@id\":\"https:\/\/www.fizzyvape.eu\/sv\/#\/schema\/logo\/image\/\"}}]}<\/script>\n<meta property=\"og:availability\" content=\"out of stock\" \/>\n<meta property=\"product:availability\" content=\"out of stock\" \/>\n<meta property=\"product:condition\" content=\"new\" \/>\n<!-- \/ Yoast SEO Premium plugin. -->","yoast_head_json":{"title":"Fizzy Pandora - 12000 Puffs - 50st - fizzyvape.eu","description":"50 premiumvapes, 12000 puffar vardera. Uppt\u00e4ck 12 \u00f6verraskande smaker i Fizzy Pandora eng\u00e5ngsvape bulk - ett l\u00e5ngvarigt, smakfullt vape-\u00e4ventyr.","robots":{"index":"index","follow":"follow","max-snippet":"max-snippet:-1","max-image-preview":"max-image-preview:large","max-video-preview":"max-video-preview:-1"},"canonical":"https:\/\/fizzyvape.eu\/sv\/produkt\/fizzy-pandora-12000-puffs-50st\/","og_locale":"sv_SE","og_type":"article","og_title":"Fizzy Pandora - 12000 Puffs - 50st","og_description":"50 premiumvapes, 12000 puffar vardera. Uppt\u00e4ck 12 \u00f6verraskande smaker i Fizzy Pandora eng\u00e5ngsvape bulk - ett l\u00e5ngvarigt, smakfullt vape-\u00e4ventyr.","og_url":"https:\/\/fizzyvape.eu\/sv\/produkt\/fizzy-pandora-12000-puffs-50st\/","og_site_name":"fizzyvape.eu","og_image":[{"width":1057,"height":1037,"url":"https:\/\/www.fizzyvape.eu\/wp-content\/uploads\/2025\/04\/Fizzy-Pandora-12000PUFF.jpg","type":"image\/jpeg"}],"twitter_card":"summary_large_image","twitter_misc":{"Tillg\u00e4nglig":"Slut i lager"},"schema":{"@context":"https:\/\/schema.org","@graph":[{"@type":"WebPage","@id":"https:\/\/fizzyvape.eu\/sv\/produkt\/fizzy-pandora-12000-puffs-50st\/","url":"https:\/\/fizzyvape.eu\/sv\/produkt\/fizzy-pandora-12000-puffs-50st\/","name":"Fizzy Pandora - 12000 Puffs - 50st - fizzyvape.eu","isPartOf":{"@id":"https:\/\/www.fizzyvape.eu\/sv\/#website"},"primaryImageOfPage":{"@id":"https:\/\/fizzyvape.eu\/sv\/produkt\/fizzy-pandora-12000-puffs-50st\/#primaryimage"},"image":{"@id":"https:\/\/fizzyvape.eu\/sv\/produkt\/fizzy-pandora-12000-puffs-50st\/#primaryimage"},"thumbnailUrl":"https:\/\/fizzyvape.eu\/wp-content\/uploads\/2025\/04\/Fizzy-Pandora-12000PUFF.jpg","datePublished":"2025-04-10T03:10:26+00:00","description":"50 premiumvapes, 12000 puffar vardera. Uppt\u00e4ck 12 \u00f6verraskande smaker i Fizzy Pandora eng\u00e5ngsvape bulk - ett l\u00e5ngvarigt, smakfullt vape-\u00e4ventyr.","breadcrumb":{"@id":"https:\/\/fizzyvape.eu\/sv\/produkt\/fizzy-pandora-12000-puffs-50st\/#breadcrumb"},"inLanguage":"sv-SE","potentialAction":[{"@type":"ReadAction","target":["https:\/\/fizzyvape.eu\/sv\/produkt\/fizzy-pandora-12000-puffs-50st\/"]}]},{"@type":"ImageObject","inLanguage":"sv-SE","@id":"https:\/\/fizzyvape.eu\/sv\/produkt\/fizzy-pandora-12000-puffs-50st\/#primaryimage","url":"https:\/\/fizzyvape.eu\/wp-content\/uploads\/2025\/04\/Fizzy-Pandora-12000PUFF.jpg","contentUrl":"https:\/\/fizzyvape.eu\/wp-content\/uploads\/2025\/04\/Fizzy-Pandora-12000PUFF.jpg","width":1057,"height":1037,"caption":"Fizzy-Pandora-12000PUFF"},{"@type":"BreadcrumbList","@id":"https:\/\/fizzyvape.eu\/sv\/produkt\/fizzy-pandora-12000-puffs-50st\/#breadcrumb","itemListElement":[{"@type":"ListItem","position":1,"name":"Home","item":"https:\/\/fizzyvape.eu\/sv\/"},{"@type":"ListItem","position":2,"name":"Butik","item":"https:\/\/fizzyvape.eu\/sv\/butik\/"},{"@type":"ListItem","position":3,"name":"Fizzy Pandora &#8211; 12000 Puffs &#8211; 50st"}]},{"@type":"WebSite","@id":"https:\/\/www.fizzyvape.eu\/sv\/#website","url":"https:\/\/www.fizzyvape.eu\/sv\/","name":"fizzyvape.eu","description":"Refreshing Vapes. Unforgettable Taste.","publisher":{"@id":"https:\/\/www.fizzyvape.eu\/sv\/#organization"},"potentialAction":[{"@type":"SearchAction","target":{"@type":"EntryPoint","urlTemplate":"https:\/\/www.fizzyvape.eu\/sv\/?s={search_term_string}"},"query-input":{"@type":"PropertyValueSpecification","valueRequired":true,"valueName":"search_term_string"}}],"inLanguage":"sv-SE"},{"@type":"Organization","@id":"https:\/\/www.fizzyvape.eu\/sv\/#organization","name":"fizzyvape.eu","url":"https:\/\/www.fizzyvape.eu\/sv\/","logo":{"@type":"ImageObject","inLanguage":"sv-SE","@id":"https:\/\/www.fizzyvape.eu\/sv\/#\/schema\/logo\/image\/","url":"https:\/\/fizzyvape.eu\/wp-content\/uploads\/2019\/06\/print-1.svg","contentUrl":"https:\/\/fizzyvape.eu\/wp-content\/uploads\/2019\/06\/print-1.svg","width":124,"height":37,"caption":"fizzyvape.eu"},"image":{"@id":"https:\/\/www.fizzyvape.eu\/sv\/#\/schema\/logo\/image\/"}}]},"og_availability":"out of stock","product_availability":"out of stock","product_condition":"new"},"tiered_pricing_type":"fixed","tiered_pricing_fixed_rules":[],"tiered_pricing_product_settings":{"layout":"default","base_unit_name":{"singular":null,"plural":null},"default_variation":null},"tiered_pricing_minimum_quantity":null,"tiered_pricing_roles_data":[],"tiered_pricing_percentage_rules":[],"tiered_pricing_maximum_quantity":null,"tiered_pricing_quantity_step":null,"_links":{"self":[{"href":"https:\/\/fizzyvape.eu\/sv\/wp-json\/wp\/v2\/product\/24557","targetHints":{"allow":["GET"]}}],"collection":[{"href":"https:\/\/fizzyvape.eu\/sv\/wp-json\/wp\/v2\/product"}],"about":[{"href":"https:\/\/fizzyvape.eu\/sv\/wp-json\/wp\/v2\/types\/product"}],"replies":[{"embeddable":true,"href":"https:\/\/fizzyvape.eu\/sv\/wp-json\/wp\/v2\/comments?post=24557"}],"version-history":[{"count":0,"href":"https:\/\/fizzyvape.eu\/sv\/wp-json\/wp\/v2\/product\/24557\/revisions"}],"wp:featuredmedia":[{"embeddable":true,"href":"https:\/\/fizzyvape.eu\/sv\/wp-json\/wp\/v2\/media\/22507"}],"wp:attachment":[{"href":"https:\/\/fizzyvape.eu\/sv\/wp-json\/wp\/v2\/media?parent=24557"}],"wp:term":[{"taxonomy":"product_brand","embeddable":true,"href":"https:\/\/fizzyvape.eu\/sv\/wp-json\/wp\/v2\/product_brand?post=24557"},{"taxonomy":"product_cat","embeddable":true,"href":"https:\/\/fizzyvape.eu\/sv\/wp-json\/wp\/v2\/product_cat?post=24557"},{"taxonomy":"product_tag","embeddable":true,"href":"https:\/\/fizzyvape.eu\/sv\/wp-json\/wp\/v2\/product_tag?post=24557"}],"curies":[{"name":"wp","href":"https:\/\/api.w.org\/{rel}","templated":true}]}}