{"id":24605,"date":"2025-04-10T11:48:55","date_gmt":"2025-04-10T03:48:55","guid":{"rendered":"https:\/\/fizzyvape.eu\/product\/fizzy-boom-13000-puffar-50-st\/"},"modified":"2025-10-31T18:02:10","modified_gmt":"2025-10-31T10:02:10","slug":"fizzy-boom-13000-puffar-50-st","status":"publish","type":"product","link":"https:\/\/fizzyvape.eu\/sv\/produkt\/fizzy-boom-13000-puffar-50-st\/","title":{"rendered":"Fizzy Boom &#8211; 13000 puffar &#8211; 50 st"},"content":{"rendered":"<div>\n<h2><strong>Fizzy Boom 13000 Puffs &#8211; 50st Mystery Flavor Blind Box<\/strong><\/h2>\n<p>Upplev sp\u00e4nningen med <strong>50 premium Fizzy Boom eng\u00e5ngsvapor<\/strong> i denna mystery box i begr\u00e4nsad upplaga &#8211; var och en levererar <strong>13 000 ultra-smidiga puffar<\/strong> av labbtillverkad smakperfektion! Kommer du att f\u00e5 <strong>Juicy Peach<\/strong>, <strong>Icy Blueberry<\/strong> eller <strong>Tropical Watermelon Cherry<\/strong>? Varje unboxing \u00e4r ett smak\u00e4ventyr!  <\/p>\n<h3><strong>Viktiga funktioner<\/strong><\/h3>\n<p>\ud83c\udfaa <strong>50 x 13.000 puffar<\/strong> &#8211; Massiva <strong>650.000+ puffar totalt<\/strong> (r\u00e4cker i m\u00e5nader!)<br \/>\n\ud83c\udf08 <strong>12 premiumsmaker<\/strong> &#8211; slumpm\u00e4ssigt utvalda fr\u00e5n Fizzy Booms b\u00e4sts\u00e4ljare<br \/>\n\u26a1 <strong>USB-C-laddningsbar<\/strong> &#8211; inget sl\u00f6seri med e-juice (21 ml kapacitet per enhet)<br \/>\n\ud83c\udf00 <strong>Dual Mesh Coils<\/strong> &#8211; rikare smak och t\u00e4tare moln<br \/>\n\ud83c\udfa1 <strong>Karnevalinspirerad design<\/strong> &#8211; livfulla f\u00e4rger, l\u00e4ckages\u00e4ker konstruktion <\/p>\n<h3><strong>Varf\u00f6r v\u00e4lja Blind Box?<\/strong><\/h3>\n<p>\ud83c\udf81 <strong>\u00d6verraskningsfaktor<\/strong>: Bli aldrig uttr\u00e5kad &#8211; varje enhet \u00e4r en ny smakupplevelse!<br \/>\n\ud83d\udcb0 <strong>Rabatt p\u00e5 bulk<\/strong>: Spara <strong>79% +<\/strong> j\u00e4mf\u00f6rt med att k\u00f6pa singlar<br \/>\n\ud83d\udce6 <strong>\u00c5terf\u00f6rs\u00e4ljare redo<\/strong>: Efterfr\u00e5gad produkt med sp\u00e4nnande uppackning <\/p>\n<h3><strong>Nikotinalternativ:<\/strong><\/h3>\n<p>&#8211; 2% (20mg\/mL) &#8211; Smidig upplevelse f\u00f6r avslappnade vapers<br \/>\n&#8211; 5% (50mg\/mL) &#8211; Tillfredsst\u00e4llande halshit f\u00f6r tidigare r\u00f6kare<\/p>\n<\/div>\n<div>\n<h3>Specifikationer<\/h3>\n<table>\n<tbody>\n<tr>\n<td>Puffar<\/td>\n<td><strong>13000+ Puffar<\/strong><\/td>\n<\/tr>\n<tr>\n<td>Kapacitet f\u00f6r e-v\u00e4tska<\/td>\n<td><strong>21 ml<\/strong><\/td>\n<\/tr>\n<tr>\n<td>Batteriets kapacitet<\/td>\n<td><strong>650 mAh<\/strong><\/td>\n<\/tr>\n<tr>\n<td>N\u00e4tspole<\/td>\n<td><strong>1.4\u03a9<\/strong><\/td>\n<\/tr>\n<tr>\n<td>Storlek<\/td>\n<td><strong>52,8 * 76,5 * 25 mm<\/strong><\/td>\n<\/tr>\n<tr>\n<td>Eng\u00e5ngsbruk eller inte<\/td>\n<td><strong>Eng\u00e5ngsbruk<\/strong><\/td>\n<\/tr>\n<tr>\n<td>Laddningsmetod<\/td>\n<td><strong>Kabel<\/strong><\/td>\n<\/tr>\n<tr>\n<td>Aktiveringsmetod<\/td>\n<td><strong>Sensor<\/strong><\/td>\n<\/tr>\n<tr>\n<td>Nikotinniv\u00e5<\/td>\n<td><strong>2% (20mg\/mL) &amp; 5% (50mg\/mL)<\/strong><\/td>\n<\/tr>\n<tr>\n<td>Smak\u00e4mnen<\/td>\n<td><strong>12<\/strong><\/td>\n<\/tr>\n<tr>\n<td>F\u00f6rpackning<\/td>\n<td><strong>1 f\u00f6rpackning<\/strong><\/td>\n<\/tr>\n<tr>\n<td>Laddningstid<\/td>\n<td><strong>2 timmar<\/strong><\/td>\n<\/tr>\n<tr>\n<td>F\u00f6rvaring<\/td>\n<td><strong>Undvik milj\u00f6er med h\u00f6ga temperaturer och f\u00f6rvara p\u00e5 en sval och torr plats.<\/strong><\/td>\n<\/tr>\n<tr>\n<td>Personer som \u00e4r f\u00f6rbjudna att anv\u00e4nda<\/td>\n<td><strong>Minder\u00e5riga, gravida kvinnor och personer som \u00e4r allergiska mot produktens ingredienser.<\/strong><\/td>\n<\/tr>\n<tr>\n<td>F\u00f6rsiktighet<\/td>\n<td><strong>Sv\u00e4lj inte detta \u00e4mne. Vid f\u00f6rt\u00e4ring, sk\u00f6lj munnen noggrant och omedelbart. Upps\u00f6k l\u00e4kare om du k\u00e4nner dig d\u00e5lig.  <\/strong><\/td>\n<\/tr>\n<\/tbody>\n<\/table>\n<h3><strong>Fizzy Boom <\/strong>13000 Puffs Smaklista:<\/h3>\n<ol>\n<li><a href=\"https:\/\/fizzyvape.eu\/sv\/produkt\/fizzy-boom-peach-13000-puffar\/\">Persika<\/a><\/li>\n<li><a href=\"https:\/\/fizzyvape.eu\/sv\/produkt\/fizzy-boom-blabarsis-13000-puffar\/\">Bl\u00e5b\u00e4rsis<\/a><\/li>\n<li><a href=\"https:\/\/fizzyvape.eu\/sv\/produkt\/fizzy-boom-grape-ice-13000-puffar\/\">Grape Ice<\/a><\/li>\n<li><a href=\"https:\/\/fizzyvape.eu\/sv\/produkt\/fizzy-boom-jordgubb-13000-puffar\/\">Jordgubbar<\/a><\/li>\n<li><a href=\"https:\/\/fizzyvape.eu\/sv\/produkt\/fizzy-boom-vattenmelon-is-13000-puffar\/\">Vattenmelon-is<\/a><\/li>\n<li><a href=\"https:\/\/fizzyvape.eu\/sv\/produkt\/fizzy-boom-blabar-vattenmelon-bubblegum-13000-puffs\/\">Bl\u00e5b\u00e4r Vattenmelon Bubblegum<\/a><\/li>\n<li><a href=\"https:\/\/fizzyvape.eu\/sv\/produkt\/fizzy-boom-sour-apple-13000-puffar\/\">Surt \u00e4pple<\/a><\/li>\n<li><a href=\"https:\/\/fizzyvape.eu\/sv\/produkt\/fizzy-boom-vattenmelon-korsbar-13000-puffar\/\">Vattenmelon K\u00f6rsb\u00e4r<\/a><\/li>\n<li><a href=\"https:\/\/fizzyvape.eu\/sv\/produkt\/fizzy-boom-blabar-melon-13000-puffar\/\">Bl\u00e5b\u00e4r Melon<\/a><\/li>\n<li><a href=\"https:\/\/fizzyvape.eu\/sv\/produkt\/fizzy-boom-kiwi-berry-ice-13000-puffar\/\">Kiwi Berry Ice<\/a><\/li>\n<li><a href=\"https:\/\/fizzyvape.eu\/sv\/produkt\/fizzy-boom-blabar-hallon-citron-13000-puffar\/\">Bl\u00e5b\u00e4r Hallon Citron<\/a><\/li>\n<li><a href=\"https:\/\/fizzyvape.eu\/sv\/produkt\/fizzy-boom-jordgubb-vattenmelon-granatapple-13000-puffar\/\">Jordgubb Vattenmelon Granat\u00e4pple<\/a><\/li>\n<\/ol>\n<h3>Vanliga fr\u00e5gor om Fizzy Boom 13000 Puffs Vape<\/h3>\n<ol>\n<li><strong>Hur m\u00e5nga olika smaker kommer jag att f\u00e5 i blindboxen?<\/strong><br \/>\nVarje Fizzy Boom 13000 Puffs Mystery Box inneh\u00e5ller ett slumpm\u00e4ssigt urval av alla 12 premiumsmaker fr\u00e5n v\u00e5rt b\u00e4sts\u00e4ljande sortiment. \u00c4ven om vi inte kan garantera specifika smakkombinationer i varje l\u00e5da, garanterar vi att du f\u00e5r en sp\u00e4nnande variation av fruktiga och iskalla blandningar. <\/li>\n<li><strong>Hur l\u00e4nge r\u00e4cker paketet med 50 enheter f\u00f6r en person?<\/strong><br \/>\nF\u00f6r genomsnittliga vapers (ca 500 puffar dagligen) ger det h\u00e4r paketet ca 4-5 m\u00e5naders kontinuerlig anv\u00e4ndning. Tunga anv\u00e4ndare (1000+ puffar\/dag) kan f\u00f6rv\u00e4nta sig cirka 2-3 m\u00e5naders njutning av hela 650 000+ puffar. <\/li>\n<li><strong>Kan jag v\u00e4lja min nikotinstyrka f\u00f6r hela boxen?<\/strong><br \/>\nJa! N\u00e4r du best\u00e4ller kan du v\u00e4lja antingen: <\/li>\n<\/ol>\n<ul>\n<li>2% (20mg\/mL) nikotin f\u00f6r en mjukare upplevelse<\/li>\n<li>5% (50mg\/mL) nikotin f\u00f6r en starkare k\u00e4nsla i halsen<br \/>\nAlla 50 enheter i din l\u00e5da kommer att ha samma styrka som du valde.<\/li>\n<\/ul>\n<ol>\n<li><strong>\u00c4r apparaterna verkligen uppladdningsbara? Hur m\u00e5nga g\u00e5nger? <\/strong><br \/>\nAbsolut! Varje uppladdningsbar USB-C-enhet kan laddas flera g\u00e5nger f\u00f6r att fullt ut utnyttja kapaciteten p\u00e5 21 ml e-v\u00e4tska. De flesta anv\u00e4ndare laddar 2-3 g\u00e5nger f\u00f6r att njuta av alla 13 000 puffar per enhet.  <\/li>\n<\/ol>\n<\/div>\n","protected":false},"excerpt":{"rendered":"<p>Uppt\u00e4ck det ov\u00e4ntade med <strong>Fizzy Boom 13000 Puffs Blind Box<\/strong>! F\u00e5 50 USB-C uppladdningsbara vapes i randomiserade b\u00e4sts\u00e4ljande smaker &#8211; \u00f6ver <strong>650 000 totala puffar<\/strong>! Dubbla n\u00e4tspolar ger j\u00e4mna, t\u00e4ta moln och rik smak i varje drag. Perfekt f\u00f6r b\u00e5de vape-\u00e4lskare och \u00e5terf\u00f6rs\u00e4ljare. <\/p>\n<p>\ud83d\udd25 <strong>Begr\u00e4nsat erbjudande: F\u00e5 50st till ett speciellt rabatterat pris!<\/strong> \ud83d\udd25<\/p>\n","protected":false},"featured_media":22534,"comment_status":"open","ping_status":"closed","template":"","meta":{"iawp_total_views":0},"product_brand":[],"product_cat":[318],"product_tag":[319],"class_list":{"0":"post-24605","1":"product","2":"type-product","3":"status-publish","4":"has-post-thumbnail","6":"product_cat-boom-sv","7":"product_tag-13000-puffar","9":"first","10":"outofstock","11":"sale","12":"shipping-taxable","13":"purchasable","14":"product-type-variable"},"yoast_head":"<!-- This site is optimized with the Yoast SEO Premium plugin v24.8 (Yoast SEO v24.8) - https:\/\/yoast.com\/wordpress\/plugins\/seo\/ -->\n<title>Fizzy Boom - 13000 puffar - 50 st - fizzyvape.eu<\/title>\n<meta name=\"description\" content=\"50 x Fizzy Boom 13K Puff mystery vapes - 650K+ puffar, 12 smaker, USB-C uppladdningsbar &amp; dubbla mesh-spolar. Bulkrabatt under begr\u00e4nsad tid! Handla nu.\" \/>\n<meta name=\"robots\" content=\"index, follow, max-snippet:-1, max-image-preview:large, max-video-preview:-1\" \/>\n<link rel=\"canonical\" href=\"https:\/\/fizzyvape.eu\/sv\/produkt\/fizzy-boom-13000-puffar-50-st\/\" \/>\n<meta property=\"og:locale\" content=\"sv_SE\" \/>\n<meta property=\"og:type\" content=\"article\" \/>\n<meta property=\"og:title\" content=\"Fizzy Boom - 13000 puffar - 50 st\" \/>\n<meta property=\"og:description\" content=\"50 x Fizzy Boom 13K Puff mystery vapes - 650K+ puffar, 12 smaker, USB-C uppladdningsbar &amp; dubbla mesh-spolar. Bulkrabatt under begr\u00e4nsad tid! Handla nu.\" \/>\n<meta property=\"og:url\" content=\"https:\/\/fizzyvape.eu\/sv\/produkt\/fizzy-boom-13000-puffar-50-st\/\" \/>\n<meta property=\"og:site_name\" content=\"fizzyvape.eu\" \/>\n<meta property=\"article:modified_time\" content=\"2025-10-31T10:02:10+00:00\" \/>\n<meta property=\"og:image\" content=\"https:\/\/fizzyvape.eu\/wp-content\/uploads\/2025\/04\/FizzyVape-Boom-13000puff-Main030.jpg\" \/>\n\t<meta property=\"og:image:width\" content=\"1500\" \/>\n\t<meta property=\"og:image:height\" content=\"1500\" \/>\n\t<meta property=\"og:image:type\" content=\"image\/jpeg\" \/>\n<meta name=\"twitter:card\" content=\"summary_large_image\" \/>\n<meta name=\"twitter:label1\" content=\"Tillg\u00e4nglig\" \/>\n\t<meta name=\"twitter:data1\" content=\"Slut i lager\" \/>\n<script type=\"application\/ld+json\" class=\"yoast-schema-graph\">{\"@context\":\"https:\/\/schema.org\",\"@graph\":[{\"@type\":\"WebPage\",\"@id\":\"https:\/\/fizzyvape.eu\/sv\/produkt\/fizzy-boom-13000-puffar-50-st\/\",\"url\":\"https:\/\/fizzyvape.eu\/sv\/produkt\/fizzy-boom-13000-puffar-50-st\/\",\"name\":\"Fizzy Boom - 13000 puffar - 50 st - fizzyvape.eu\",\"isPartOf\":{\"@id\":\"https:\/\/www.fizzyvape.eu\/sv\/#website\"},\"primaryImageOfPage\":{\"@id\":\"https:\/\/fizzyvape.eu\/sv\/produkt\/fizzy-boom-13000-puffar-50-st\/#primaryimage\"},\"image\":{\"@id\":\"https:\/\/fizzyvape.eu\/sv\/produkt\/fizzy-boom-13000-puffar-50-st\/#primaryimage\"},\"thumbnailUrl\":\"https:\/\/fizzyvape.eu\/wp-content\/uploads\/2025\/04\/FizzyVape-Boom-13000puff-Main030.jpg\",\"datePublished\":\"2025-04-10T03:48:55+00:00\",\"dateModified\":\"2025-10-31T10:02:10+00:00\",\"description\":\"50 x Fizzy Boom 13K Puff mystery vapes - 650K+ puffar, 12 smaker, USB-C uppladdningsbar & dubbla mesh-spolar. Bulkrabatt under begr\u00e4nsad tid! Handla nu.\",\"breadcrumb\":{\"@id\":\"https:\/\/fizzyvape.eu\/sv\/produkt\/fizzy-boom-13000-puffar-50-st\/#breadcrumb\"},\"inLanguage\":\"sv-SE\",\"potentialAction\":[{\"@type\":\"ReadAction\",\"target\":[\"https:\/\/fizzyvape.eu\/sv\/produkt\/fizzy-boom-13000-puffar-50-st\/\"]}]},{\"@type\":\"ImageObject\",\"inLanguage\":\"sv-SE\",\"@id\":\"https:\/\/fizzyvape.eu\/sv\/produkt\/fizzy-boom-13000-puffar-50-st\/#primaryimage\",\"url\":\"https:\/\/fizzyvape.eu\/wp-content\/uploads\/2025\/04\/FizzyVape-Boom-13000puff-Main030.jpg\",\"contentUrl\":\"https:\/\/fizzyvape.eu\/wp-content\/uploads\/2025\/04\/FizzyVape-Boom-13000puff-Main030.jpg\",\"width\":1500,\"height\":1500,\"caption\":\"FizzyVape-Boom-13000puff\"},{\"@type\":\"BreadcrumbList\",\"@id\":\"https:\/\/fizzyvape.eu\/sv\/produkt\/fizzy-boom-13000-puffar-50-st\/#breadcrumb\",\"itemListElement\":[{\"@type\":\"ListItem\",\"position\":1,\"name\":\"Home\",\"item\":\"https:\/\/fizzyvape.eu\/sv\/\"},{\"@type\":\"ListItem\",\"position\":2,\"name\":\"Butik\",\"item\":\"https:\/\/fizzyvape.eu\/sv\/butik\/\"},{\"@type\":\"ListItem\",\"position\":3,\"name\":\"Fizzy Boom &#8211; 13000 puffar &#8211; 50 st\"}]},{\"@type\":\"WebSite\",\"@id\":\"https:\/\/www.fizzyvape.eu\/sv\/#website\",\"url\":\"https:\/\/www.fizzyvape.eu\/sv\/\",\"name\":\"fizzyvape.eu\",\"description\":\"Refreshing Vapes. Unforgettable Taste.\",\"publisher\":{\"@id\":\"https:\/\/www.fizzyvape.eu\/sv\/#organization\"},\"potentialAction\":[{\"@type\":\"SearchAction\",\"target\":{\"@type\":\"EntryPoint\",\"urlTemplate\":\"https:\/\/www.fizzyvape.eu\/sv\/?s={search_term_string}\"},\"query-input\":{\"@type\":\"PropertyValueSpecification\",\"valueRequired\":true,\"valueName\":\"search_term_string\"}}],\"inLanguage\":\"sv-SE\"},{\"@type\":\"Organization\",\"@id\":\"https:\/\/www.fizzyvape.eu\/sv\/#organization\",\"name\":\"fizzyvape.eu\",\"url\":\"https:\/\/www.fizzyvape.eu\/sv\/\",\"logo\":{\"@type\":\"ImageObject\",\"inLanguage\":\"sv-SE\",\"@id\":\"https:\/\/www.fizzyvape.eu\/sv\/#\/schema\/logo\/image\/\",\"url\":\"https:\/\/fizzyvape.eu\/wp-content\/uploads\/2019\/06\/print-1.svg\",\"contentUrl\":\"https:\/\/fizzyvape.eu\/wp-content\/uploads\/2019\/06\/print-1.svg\",\"width\":124,\"height\":37,\"caption\":\"fizzyvape.eu\"},\"image\":{\"@id\":\"https:\/\/www.fizzyvape.eu\/sv\/#\/schema\/logo\/image\/\"}}]}<\/script>\n<meta property=\"og:availability\" content=\"out of stock\" \/>\n<meta property=\"product:availability\" content=\"out of stock\" \/>\n<meta property=\"product:condition\" content=\"new\" \/>\n<!-- \/ Yoast SEO Premium plugin. -->","yoast_head_json":{"title":"Fizzy Boom - 13000 puffar - 50 st - fizzyvape.eu","description":"50 x Fizzy Boom 13K Puff mystery vapes - 650K+ puffar, 12 smaker, USB-C uppladdningsbar & dubbla mesh-spolar. Bulkrabatt under begr\u00e4nsad tid! Handla nu.","robots":{"index":"index","follow":"follow","max-snippet":"max-snippet:-1","max-image-preview":"max-image-preview:large","max-video-preview":"max-video-preview:-1"},"canonical":"https:\/\/fizzyvape.eu\/sv\/produkt\/fizzy-boom-13000-puffar-50-st\/","og_locale":"sv_SE","og_type":"article","og_title":"Fizzy Boom - 13000 puffar - 50 st","og_description":"50 x Fizzy Boom 13K Puff mystery vapes - 650K+ puffar, 12 smaker, USB-C uppladdningsbar & dubbla mesh-spolar. Bulkrabatt under begr\u00e4nsad tid! Handla nu.","og_url":"https:\/\/fizzyvape.eu\/sv\/produkt\/fizzy-boom-13000-puffar-50-st\/","og_site_name":"fizzyvape.eu","article_modified_time":"2025-10-31T10:02:10+00:00","og_image":[{"width":1500,"height":1500,"url":"https:\/\/fizzyvape.eu\/wp-content\/uploads\/2025\/04\/FizzyVape-Boom-13000puff-Main030.jpg","type":"image\/jpeg"}],"twitter_card":"summary_large_image","twitter_misc":{"Tillg\u00e4nglig":"Slut i lager"},"schema":{"@context":"https:\/\/schema.org","@graph":[{"@type":"WebPage","@id":"https:\/\/fizzyvape.eu\/sv\/produkt\/fizzy-boom-13000-puffar-50-st\/","url":"https:\/\/fizzyvape.eu\/sv\/produkt\/fizzy-boom-13000-puffar-50-st\/","name":"Fizzy Boom - 13000 puffar - 50 st - fizzyvape.eu","isPartOf":{"@id":"https:\/\/www.fizzyvape.eu\/sv\/#website"},"primaryImageOfPage":{"@id":"https:\/\/fizzyvape.eu\/sv\/produkt\/fizzy-boom-13000-puffar-50-st\/#primaryimage"},"image":{"@id":"https:\/\/fizzyvape.eu\/sv\/produkt\/fizzy-boom-13000-puffar-50-st\/#primaryimage"},"thumbnailUrl":"https:\/\/fizzyvape.eu\/wp-content\/uploads\/2025\/04\/FizzyVape-Boom-13000puff-Main030.jpg","datePublished":"2025-04-10T03:48:55+00:00","dateModified":"2025-10-31T10:02:10+00:00","description":"50 x Fizzy Boom 13K Puff mystery vapes - 650K+ puffar, 12 smaker, USB-C uppladdningsbar & dubbla mesh-spolar. Bulkrabatt under begr\u00e4nsad tid! Handla nu.","breadcrumb":{"@id":"https:\/\/fizzyvape.eu\/sv\/produkt\/fizzy-boom-13000-puffar-50-st\/#breadcrumb"},"inLanguage":"sv-SE","potentialAction":[{"@type":"ReadAction","target":["https:\/\/fizzyvape.eu\/sv\/produkt\/fizzy-boom-13000-puffar-50-st\/"]}]},{"@type":"ImageObject","inLanguage":"sv-SE","@id":"https:\/\/fizzyvape.eu\/sv\/produkt\/fizzy-boom-13000-puffar-50-st\/#primaryimage","url":"https:\/\/fizzyvape.eu\/wp-content\/uploads\/2025\/04\/FizzyVape-Boom-13000puff-Main030.jpg","contentUrl":"https:\/\/fizzyvape.eu\/wp-content\/uploads\/2025\/04\/FizzyVape-Boom-13000puff-Main030.jpg","width":1500,"height":1500,"caption":"FizzyVape-Boom-13000puff"},{"@type":"BreadcrumbList","@id":"https:\/\/fizzyvape.eu\/sv\/produkt\/fizzy-boom-13000-puffar-50-st\/#breadcrumb","itemListElement":[{"@type":"ListItem","position":1,"name":"Home","item":"https:\/\/fizzyvape.eu\/sv\/"},{"@type":"ListItem","position":2,"name":"Butik","item":"https:\/\/fizzyvape.eu\/sv\/butik\/"},{"@type":"ListItem","position":3,"name":"Fizzy Boom &#8211; 13000 puffar &#8211; 50 st"}]},{"@type":"WebSite","@id":"https:\/\/www.fizzyvape.eu\/sv\/#website","url":"https:\/\/www.fizzyvape.eu\/sv\/","name":"fizzyvape.eu","description":"Refreshing Vapes. Unforgettable Taste.","publisher":{"@id":"https:\/\/www.fizzyvape.eu\/sv\/#organization"},"potentialAction":[{"@type":"SearchAction","target":{"@type":"EntryPoint","urlTemplate":"https:\/\/www.fizzyvape.eu\/sv\/?s={search_term_string}"},"query-input":{"@type":"PropertyValueSpecification","valueRequired":true,"valueName":"search_term_string"}}],"inLanguage":"sv-SE"},{"@type":"Organization","@id":"https:\/\/www.fizzyvape.eu\/sv\/#organization","name":"fizzyvape.eu","url":"https:\/\/www.fizzyvape.eu\/sv\/","logo":{"@type":"ImageObject","inLanguage":"sv-SE","@id":"https:\/\/www.fizzyvape.eu\/sv\/#\/schema\/logo\/image\/","url":"https:\/\/fizzyvape.eu\/wp-content\/uploads\/2019\/06\/print-1.svg","contentUrl":"https:\/\/fizzyvape.eu\/wp-content\/uploads\/2019\/06\/print-1.svg","width":124,"height":37,"caption":"fizzyvape.eu"},"image":{"@id":"https:\/\/www.fizzyvape.eu\/sv\/#\/schema\/logo\/image\/"}}]},"og_availability":"out of stock","product_availability":"out of stock","product_condition":"new"},"tiered_pricing_type":"fixed","tiered_pricing_fixed_rules":[],"tiered_pricing_product_settings":{"layout":"default","base_unit_name":{"singular":null,"plural":null},"default_variation":null},"tiered_pricing_minimum_quantity":null,"tiered_pricing_roles_data":[],"tiered_pricing_percentage_rules":[],"tiered_pricing_maximum_quantity":null,"tiered_pricing_quantity_step":null,"_links":{"self":[{"href":"https:\/\/fizzyvape.eu\/sv\/wp-json\/wp\/v2\/product\/24605","targetHints":{"allow":["GET"]}}],"collection":[{"href":"https:\/\/fizzyvape.eu\/sv\/wp-json\/wp\/v2\/product"}],"about":[{"href":"https:\/\/fizzyvape.eu\/sv\/wp-json\/wp\/v2\/types\/product"}],"replies":[{"embeddable":true,"href":"https:\/\/fizzyvape.eu\/sv\/wp-json\/wp\/v2\/comments?post=24605"}],"version-history":[{"count":0,"href":"https:\/\/fizzyvape.eu\/sv\/wp-json\/wp\/v2\/product\/24605\/revisions"}],"wp:featuredmedia":[{"embeddable":true,"href":"https:\/\/fizzyvape.eu\/sv\/wp-json\/wp\/v2\/media\/22534"}],"wp:attachment":[{"href":"https:\/\/fizzyvape.eu\/sv\/wp-json\/wp\/v2\/media?parent=24605"}],"wp:term":[{"taxonomy":"product_brand","embeddable":true,"href":"https:\/\/fizzyvape.eu\/sv\/wp-json\/wp\/v2\/product_brand?post=24605"},{"taxonomy":"product_cat","embeddable":true,"href":"https:\/\/fizzyvape.eu\/sv\/wp-json\/wp\/v2\/product_cat?post=24605"},{"taxonomy":"product_tag","embeddable":true,"href":"https:\/\/fizzyvape.eu\/sv\/wp-json\/wp\/v2\/product_tag?post=24605"}],"curies":[{"name":"wp","href":"https:\/\/api.w.org\/{rel}","templated":true}]}}