{"id":24625,"date":"2025-04-10T14:15:15","date_gmt":"2025-04-10T06:15:15","guid":{"rendered":"https:\/\/fizzyvape.eu\/product\/fizzy-luxury-15000-puffar-30-st\/"},"modified":"2025-10-31T18:01:37","modified_gmt":"2025-10-31T10:01:37","slug":"fizzy-luxury-15000-puffar-30-st","status":"publish","type":"product","link":"https:\/\/fizzyvape.eu\/sv\/produkt\/fizzy-luxury-15000-puffar-30-st\/","title":{"rendered":"Fizzy Luxury &#8211; 15000 puffar &#8211; 50 st"},"content":{"rendered":"<div>\n<h2><strong>Fizzy Luxury 15000 Puffs &#8211; 50st Mystery Flavor Blind Box<\/strong><\/h2>\n<p>F\u00f6ryngra dina sinnen med <strong>Fizzy Luxury Lemon Lime 15000 Puffs<\/strong> &#8211; d\u00e4r livlig citronskal (7\/10) m\u00f6ter krispig limefriskhet (5\/10), allt inneslutet i v\u00e5r premiummetallkropp med precisionsluftfl\u00f6deskontroll. Denna elit eng\u00e5ngsbl\u00e5sare levererar <strong>15 000 ultrasmidiga puffar<\/strong> med perfekt balanserad citrussmak, med v\u00e5rt revolutionerande <strong>Dual-Mesh Quartz Coil System<\/strong> f\u00f6r kristallklar smak och sammetslen \u00e5nga. <\/p>\n<h3>Varf\u00f6r v\u00e4lja Fizzy Luxury Blind Box (50 st)?<\/h3>\n<p>\ud83d\udd39 <strong>50 Premium Devices<\/strong> &#8211; Varje blindbox inneh\u00e5ller 50 Fizzy Luxury-apes med slumpm\u00e4ssigt utvalda smaker fr\u00e5n v\u00e5ra b\u00e4sts\u00e4ljare<br \/>\n\ud83d\udd39 <strong>Massiva 450 000+ totala puffar<\/strong> &#8211; 22 ml per enhet, byggd f\u00f6r l\u00e5ngvarig njutning<br \/>\n\ud83d\udd39 <strong>Lyxig konstruktion<\/strong> &#8211; CNC-bearbetad metallkropp i rymdkvalitet med justerbart luftfl\u00f6desreglage<br \/>\n\ud83d\udd39 <strong>SilkFlow Dual Quartz Mesh<\/strong> &#8211; ger 50 % mjukare \u00e5nga och renare smak<br \/>\n\ud83d\udd39 <strong>USB-C-uppladdningsbar<\/strong> &#8211; anv\u00e4nd varje droppe e-juice utan att sl\u00f6sa<br \/>\n\ud83d\udd39 <strong>Smak\u00e4ventyr<\/strong> &#8211; Inneh\u00e5ller dj\u00e4rva profiler som Raspberry Lemonade, Fizzy Cherry, Kiwi Passion Fruit Guava och mer <\/p>\n<h3><strong>Nikotinalternativ:<\/strong><\/h3>\n<p>&#8211; <strong>2% (20mg\/mL)<\/strong> &#8211; Idealisk f\u00f6r en mjuk och smakrik vapingupplevelse<br \/>\n&#8211; <strong>5% (50 mg\/ml)<\/strong> &#8211; Utformad f\u00f6r en starkare och mer tillfredsst\u00e4llande effekt i halsen <\/p>\n<\/div>\n<div>\n<h3>Specifikationer<\/h3>\n<table style=\"height: 449px;\" width=\"1340\">\n<tbody>\n<tr>\n<td>Puffar<\/td>\n<td><strong>15000+ puffar<\/strong><\/td>\n<\/tr>\n<tr>\n<td>Kapacitet f\u00f6r e-v\u00e4tska<\/td>\n<td><strong>22 ml<\/strong><\/td>\n<\/tr>\n<tr>\n<td>Batteriets kapacitet<\/td>\n<td><strong>650 mAh<\/strong><\/td>\n<\/tr>\n<tr>\n<td>N\u00e4tspole<\/td>\n<td><strong>1.4\u03a9<\/strong><\/td>\n<\/tr>\n<tr>\n<td>Storlek<\/td>\n<td><strong>53*30*85,3 mm<\/strong><\/td>\n<\/tr>\n<tr>\n<td>Eng\u00e5ngsbruk eller inte<\/td>\n<td><strong>Eng\u00e5ngsbruk<\/strong><\/td>\n<\/tr>\n<tr>\n<td>Laddningsmetod<\/td>\n<td><strong>Kabel<\/strong><\/td>\n<\/tr>\n<tr>\n<td>Aktiveringsmetod<\/td>\n<td><strong>Sensor<\/strong><\/td>\n<\/tr>\n<tr>\n<td>Material<\/td>\n<td><strong>metall<\/strong><\/td>\n<\/tr>\n<tr>\n<td>Nikotinniv\u00e5<\/td>\n<td><strong>2% (20mg\/mL) &amp; 5% (50mg\/mL)<\/strong><\/td>\n<\/tr>\n<tr>\n<td>Smak\u00e4mnen<\/td>\n<td><strong>15<\/strong><\/td>\n<\/tr>\n<tr>\n<td>F\u00f6rpackning<\/td>\n<td><strong>1 f\u00f6rpackning<\/strong><\/td>\n<\/tr>\n<tr>\n<td>Laddningstid<\/td>\n<td><strong>2 timmar<\/strong><\/td>\n<\/tr>\n<tr>\n<td>F\u00f6rvaring<\/td>\n<td><strong>Undvik milj\u00f6er med h\u00f6ga temperaturer och f\u00f6rvara p\u00e5 en sval och torr plats.<\/strong><\/td>\n<\/tr>\n<tr>\n<td>Personer som \u00e4r f\u00f6rbjudna att anv\u00e4nda<\/td>\n<td><strong>Minder\u00e5riga, gravida kvinnor och personer som \u00e4r allergiska mot produktens ingredienser.<\/strong><\/td>\n<\/tr>\n<tr>\n<td>F\u00f6rsiktighet<\/td>\n<td><strong>Sv\u00e4lj inte detta \u00e4mne. Vid f\u00f6rt\u00e4ring, sk\u00f6lj munnen noggrant och omedelbart. Upps\u00f6k l\u00e4kare om du k\u00e4nner dig d\u00e5lig.  <\/strong><\/td>\n<\/tr>\n<\/tbody>\n<\/table>\n<h3><strong>Fizzy Luxury <\/strong>15000 Puffs Smaklista:<\/h3>\n<ol>\n<li><a href=\"https:\/\/fizzyvape.eu\/sv\/produkt\/fizzy-luxury-blabar-hallon-15000-puffar\/\">Bl\u00e5b\u00e4r Hallon<\/a><\/li>\n<li><a href=\"https:\/\/fizzyvape.eu\/sv\/produkt\/fizzy-luxury-peach-15000-puffar\/\">Persika<\/a><\/li>\n<li><a href=\"https:\/\/fizzyvape.eu\/sv\/produkt\/fizzy-luxury-grape-15000-puffar\/\">Druva<\/a><\/li>\n<li><a href=\"https:\/\/fizzyvape.eu\/sv\/produkt\/fizzy-luxury-blabar-15000-puffar\/\">Bl\u00e5b\u00e4r<\/a><\/li>\n<li><a href=\"https:\/\/fizzyvape.eu\/sv\/produkt\/fizzy-luxury-strawberry-15000-puffar\/\">Jordgubbar<\/a><\/li>\n<li><a href=\"https:\/\/fizzyvape.eu\/sv\/produkt\/fizzy-luxury-fizzy-cherry-15000-puffar\/\">Fizzy Cherry<\/a><\/li>\n<li><a href=\"https:\/\/fizzyvape.eu\/sv\/produkt\/fizzy-luxury-hallon-lemonad-15000-puffar\/\">Hallon Lemonad<\/a><\/li>\n<li><a href=\"https:\/\/fizzyvape.eu\/sv\/produkt\/fizzy-luxury-sour-apple-15000-puffar\/\">Surt \u00e4pple<\/a><\/li>\n<li><a href=\"https:\/\/fizzyvape.eu\/sv\/produkt\/fizzy-luxury-jordgubb-kiwi-granatapple-15000-puffar\/\">Jordgubb Kiwi Granat\u00e4pple<\/a><\/li>\n<li><a href=\"https:\/\/fizzyvape.eu\/sv\/produkt\/fizzy-luxury-lemon-lime-15000-puffar\/\">Citron Lime<\/a><\/li>\n<li><a href=\"https:\/\/fizzyvape.eu\/sv\/produkt\/fizzy-luxury-jordgubb-banan-15000-puffar\/\">Jordgubbar Bananer<\/a><\/li>\n<li><a href=\"https:\/\/fizzyvape.eu\/sv\/produkt\/fizzy-luxury-apelsin-mango-vattenmelon-15000-puffar\/\">Apelsin Mango Vattenmelon<\/a><\/li>\n<li><a href=\"https:\/\/fizzyvape.eu\/sv\/produkt\/fizzy-luxury-red-bull-15000-puffar\/\">Red Bull<\/a><\/li>\n<li><a href=\"https:\/\/fizzyvape.eu\/sv\/produkt\/fizzy-luxury-pink-lemonade-15000-puffar\/\">Rosa lemonad<\/a><\/li>\n<li><a href=\"https:\/\/fizzyvape.eu\/sv\/produkt\/fizzy-luxury-kiwi-passion-fruit-guava-15000-puffar\/\">Kiwi Passionsfrukt Guava<\/a><\/li>\n<\/ol>\n<h3>Vanliga fr\u00e5gor om Fizzy Luxury 15000 Puffs Vape<\/h3>\n<p><strong>1. Vilka smaker kommer jag att f\u00e5 i 50st Mystery Flavor Blind Box?<\/strong><br \/>\nVarje l\u00e5da inneh\u00e5ller en slumpm\u00e4ssig blandning av 50 Fizzy Luxury-vapeer utvalda fr\u00e5n 15 premiumsmaker, s\u00e5som Raspberry Lemonade, Fizzy Cherry, Kiwi Passion Fruit Guava och mer. Varje unboxing \u00e4r ett unikt smak\u00e4ventyr! <\/p>\n<p><strong>2. Har alla 50 enheter samma nikotinstyrka?<\/strong><br \/>\nJa, det g\u00f6r jag. N\u00e4r du best\u00e4ller kan du v\u00e4lja antingen <strong>2% (20mg\/mL)<\/strong> f\u00f6r en mjukare vape eller <strong>5% (50mg\/mL<\/strong> ) f\u00f6r en starkare throat hit. Alla 50 vapes i l\u00e5dan kommer att matcha den valda styrkan.  <\/p>\n<p><strong>3. Hur l\u00e4nge r\u00e4cker 50 Fizzy Luxury-enheter?<\/strong><br \/>\nVarje enhet ger <strong>15 000+ p<\/strong>uffar, totalt <strong>450 000+ puffar per l\u00e5da<\/strong>. F\u00f6r m\u00e5ttliga anv\u00e4ndare (~ 500 puffar\/dag) motsvarar det upp till <strong>2,5-3 m\u00e5naders<\/strong> kontinuerlig anv\u00e4ndning! <\/p>\n<p><strong>4. \u00c4r apparaterna uppladdningsbara?<\/strong><br \/>\nAbsolut! Varje vape har en <strong>USB-C-laddningsport<\/strong> och kan laddas flera g\u00e5nger f\u00f6r att du ska kunna njuta fullt ut av hela <strong>22 ml<\/strong> e-juice inuti. <\/p>\n<p><strong>5. Kan jag s\u00e4lja vidare vapes fr\u00e5n denna blinda l\u00e5da?<\/strong><br \/>\nJa, varje enhet \u00e4r individuellt f\u00f6rpackad och redo f\u00f6r detaljhandeln, vilket g\u00f6r denna blinda l\u00e5da idealisk f\u00f6r <strong>\u00e5terf\u00f6rs\u00e4ljare, butiks\u00e4gare<\/strong> eller <strong>bulkk\u00f6pare<\/strong> som vill erbjuda premium, eng\u00e5ngsvapes med h\u00f6g marginal.<\/p>\n<\/div>\n","protected":false},"excerpt":{"rendered":"<p><strong>Fizzy Luxury 15000 Puffs<\/strong> &#8211; <strong>50pcs<\/strong> Mystery Flavor Blind Box erbjuder 50 premium metal-body vapes, var och en levererar 15 000 puffar av j\u00e4mn, smakrik \u00e5nga. Med slumpm\u00e4ssiga smaker, kvartsspolar med dubbla n\u00e4t, 22 ml kapacitet, USB-C-laddningsbarhet och lyxig design &#8211; detta paket \u00e4r perfekt f\u00f6r b\u00e5de \u00e5terf\u00f6rs\u00e4ljare och vape-entusiaster. <\/p>\n<p>\ud83d\udd25 <strong>Begr\u00e4nsat erbjudande: F\u00e5 50st till ett speciellt rabatterat pris!<\/strong> \ud83d\udd25<\/p>\n","protected":false},"featured_media":22579,"comment_status":"open","ping_status":"closed","template":"","meta":{"iawp_total_views":0},"product_brand":[],"product_cat":[676,330],"product_tag":[331],"class_list":{"0":"post-24625","1":"product","2":"type-product","3":"status-publish","4":"has-post-thumbnail","6":"product_cat-bulk-deals-2-sv","7":"product_cat-luxury-sv","8":"product_tag-15000-puffar","10":"first","11":"outofstock","12":"sale","13":"shipping-taxable","14":"purchasable","15":"product-type-variable"},"yoast_head":"<!-- This site is optimized with the Yoast SEO Premium plugin v24.8 (Yoast SEO v24.8) - https:\/\/yoast.com\/wordpress\/plugins\/seo\/ -->\n<title>Fizzy Luxury - 15000 puffar - 50 st - fizzyvape.eu<\/title>\n<meta name=\"description\" content=\"Explore Fizzy Luxury 15000 Puffs Blind Box (50st) - premium eng\u00e5ngsvapor med dj\u00e4rva smaker, j\u00e4mn \u00e5nga och USB-C-laddning. Perfekt f\u00f6r \u00e5terf\u00f6rs\u00e4ljare!\" \/>\n<meta name=\"robots\" content=\"index, follow, max-snippet:-1, max-image-preview:large, max-video-preview:-1\" \/>\n<link rel=\"canonical\" href=\"https:\/\/fizzyvape.eu\/sv\/produkt\/fizzy-luxury-15000-puffar-30-st\/\" \/>\n<meta property=\"og:locale\" content=\"sv_SE\" \/>\n<meta property=\"og:type\" content=\"article\" \/>\n<meta property=\"og:title\" content=\"Fizzy Luxury - 15000 puffar - 50 st\" \/>\n<meta property=\"og:description\" content=\"Explore Fizzy Luxury 15000 Puffs Blind Box (50st) - premium eng\u00e5ngsvapor med dj\u00e4rva smaker, j\u00e4mn \u00e5nga och USB-C-laddning. Perfekt f\u00f6r \u00e5terf\u00f6rs\u00e4ljare!\" \/>\n<meta property=\"og:url\" content=\"https:\/\/fizzyvape.eu\/sv\/produkt\/fizzy-luxury-15000-puffar-30-st\/\" \/>\n<meta property=\"og:site_name\" content=\"fizzyvape.eu\" \/>\n<meta property=\"article:modified_time\" content=\"2025-10-31T10:01:37+00:00\" \/>\n<meta property=\"og:image\" content=\"https:\/\/fizzyvape.eu\/wp-content\/uploads\/2025\/04\/FizzyVape-Luxury-15Kpuff-Main019.jpg\" \/>\n\t<meta property=\"og:image:width\" content=\"1500\" \/>\n\t<meta property=\"og:image:height\" content=\"1500\" \/>\n\t<meta property=\"og:image:type\" content=\"image\/jpeg\" \/>\n<meta name=\"twitter:card\" content=\"summary_large_image\" \/>\n<meta name=\"twitter:label1\" content=\"Tillg\u00e4nglig\" \/>\n\t<meta name=\"twitter:data1\" content=\"Slut i lager\" \/>\n<script type=\"application\/ld+json\" class=\"yoast-schema-graph\">{\"@context\":\"https:\/\/schema.org\",\"@graph\":[{\"@type\":\"WebPage\",\"@id\":\"https:\/\/fizzyvape.eu\/sv\/produkt\/fizzy-luxury-15000-puffar-30-st\/\",\"url\":\"https:\/\/fizzyvape.eu\/sv\/produkt\/fizzy-luxury-15000-puffar-30-st\/\",\"name\":\"Fizzy Luxury - 15000 puffar - 50 st - fizzyvape.eu\",\"isPartOf\":{\"@id\":\"https:\/\/www.fizzyvape.eu\/sv\/#website\"},\"primaryImageOfPage\":{\"@id\":\"https:\/\/fizzyvape.eu\/sv\/produkt\/fizzy-luxury-15000-puffar-30-st\/#primaryimage\"},\"image\":{\"@id\":\"https:\/\/fizzyvape.eu\/sv\/produkt\/fizzy-luxury-15000-puffar-30-st\/#primaryimage\"},\"thumbnailUrl\":\"https:\/\/fizzyvape.eu\/wp-content\/uploads\/2025\/04\/FizzyVape-Luxury-15Kpuff-Main019.jpg\",\"datePublished\":\"2025-04-10T06:15:15+00:00\",\"dateModified\":\"2025-10-31T10:01:37+00:00\",\"description\":\"Explore Fizzy Luxury 15000 Puffs Blind Box (50st) - premium eng\u00e5ngsvapor med dj\u00e4rva smaker, j\u00e4mn \u00e5nga och USB-C-laddning. Perfekt f\u00f6r \u00e5terf\u00f6rs\u00e4ljare!\",\"breadcrumb\":{\"@id\":\"https:\/\/fizzyvape.eu\/sv\/produkt\/fizzy-luxury-15000-puffar-30-st\/#breadcrumb\"},\"inLanguage\":\"sv-SE\",\"potentialAction\":[{\"@type\":\"ReadAction\",\"target\":[\"https:\/\/fizzyvape.eu\/sv\/produkt\/fizzy-luxury-15000-puffar-30-st\/\"]}]},{\"@type\":\"ImageObject\",\"inLanguage\":\"sv-SE\",\"@id\":\"https:\/\/fizzyvape.eu\/sv\/produkt\/fizzy-luxury-15000-puffar-30-st\/#primaryimage\",\"url\":\"https:\/\/fizzyvape.eu\/wp-content\/uploads\/2025\/04\/FizzyVape-Luxury-15Kpuff-Main019.jpg\",\"contentUrl\":\"https:\/\/fizzyvape.eu\/wp-content\/uploads\/2025\/04\/FizzyVape-Luxury-15Kpuff-Main019.jpg\",\"width\":1500,\"height\":1500,\"caption\":\"FizzyVape-Luxury-15Kpuff\"},{\"@type\":\"BreadcrumbList\",\"@id\":\"https:\/\/fizzyvape.eu\/sv\/produkt\/fizzy-luxury-15000-puffar-30-st\/#breadcrumb\",\"itemListElement\":[{\"@type\":\"ListItem\",\"position\":1,\"name\":\"Home\",\"item\":\"https:\/\/fizzyvape.eu\/sv\/\"},{\"@type\":\"ListItem\",\"position\":2,\"name\":\"Butik\",\"item\":\"https:\/\/fizzyvape.eu\/sv\/butik\/\"},{\"@type\":\"ListItem\",\"position\":3,\"name\":\"Fizzy Luxury &#8211; 15000 puffar &#8211; 50 st\"}]},{\"@type\":\"WebSite\",\"@id\":\"https:\/\/www.fizzyvape.eu\/sv\/#website\",\"url\":\"https:\/\/www.fizzyvape.eu\/sv\/\",\"name\":\"fizzyvape.eu\",\"description\":\"Refreshing Vapes. Unforgettable Taste.\",\"publisher\":{\"@id\":\"https:\/\/www.fizzyvape.eu\/sv\/#organization\"},\"potentialAction\":[{\"@type\":\"SearchAction\",\"target\":{\"@type\":\"EntryPoint\",\"urlTemplate\":\"https:\/\/www.fizzyvape.eu\/sv\/?s={search_term_string}\"},\"query-input\":{\"@type\":\"PropertyValueSpecification\",\"valueRequired\":true,\"valueName\":\"search_term_string\"}}],\"inLanguage\":\"sv-SE\"},{\"@type\":\"Organization\",\"@id\":\"https:\/\/www.fizzyvape.eu\/sv\/#organization\",\"name\":\"fizzyvape.eu\",\"url\":\"https:\/\/www.fizzyvape.eu\/sv\/\",\"logo\":{\"@type\":\"ImageObject\",\"inLanguage\":\"sv-SE\",\"@id\":\"https:\/\/www.fizzyvape.eu\/sv\/#\/schema\/logo\/image\/\",\"url\":\"https:\/\/fizzyvape.eu\/wp-content\/uploads\/2019\/06\/print-1.svg\",\"contentUrl\":\"https:\/\/fizzyvape.eu\/wp-content\/uploads\/2019\/06\/print-1.svg\",\"width\":124,\"height\":37,\"caption\":\"fizzyvape.eu\"},\"image\":{\"@id\":\"https:\/\/www.fizzyvape.eu\/sv\/#\/schema\/logo\/image\/\"}}]}<\/script>\n<meta property=\"og:availability\" content=\"out of stock\" \/>\n<meta property=\"product:availability\" content=\"out of stock\" \/>\n<meta property=\"product:condition\" content=\"new\" \/>\n<!-- \/ Yoast SEO Premium plugin. -->","yoast_head_json":{"title":"Fizzy Luxury - 15000 puffar - 50 st - fizzyvape.eu","description":"Explore Fizzy Luxury 15000 Puffs Blind Box (50st) - premium eng\u00e5ngsvapor med dj\u00e4rva smaker, j\u00e4mn \u00e5nga och USB-C-laddning. Perfekt f\u00f6r \u00e5terf\u00f6rs\u00e4ljare!","robots":{"index":"index","follow":"follow","max-snippet":"max-snippet:-1","max-image-preview":"max-image-preview:large","max-video-preview":"max-video-preview:-1"},"canonical":"https:\/\/fizzyvape.eu\/sv\/produkt\/fizzy-luxury-15000-puffar-30-st\/","og_locale":"sv_SE","og_type":"article","og_title":"Fizzy Luxury - 15000 puffar - 50 st","og_description":"Explore Fizzy Luxury 15000 Puffs Blind Box (50st) - premium eng\u00e5ngsvapor med dj\u00e4rva smaker, j\u00e4mn \u00e5nga och USB-C-laddning. Perfekt f\u00f6r \u00e5terf\u00f6rs\u00e4ljare!","og_url":"https:\/\/fizzyvape.eu\/sv\/produkt\/fizzy-luxury-15000-puffar-30-st\/","og_site_name":"fizzyvape.eu","article_modified_time":"2025-10-31T10:01:37+00:00","og_image":[{"width":1500,"height":1500,"url":"https:\/\/fizzyvape.eu\/wp-content\/uploads\/2025\/04\/FizzyVape-Luxury-15Kpuff-Main019.jpg","type":"image\/jpeg"}],"twitter_card":"summary_large_image","twitter_misc":{"Tillg\u00e4nglig":"Slut i lager"},"schema":{"@context":"https:\/\/schema.org","@graph":[{"@type":"WebPage","@id":"https:\/\/fizzyvape.eu\/sv\/produkt\/fizzy-luxury-15000-puffar-30-st\/","url":"https:\/\/fizzyvape.eu\/sv\/produkt\/fizzy-luxury-15000-puffar-30-st\/","name":"Fizzy Luxury - 15000 puffar - 50 st - fizzyvape.eu","isPartOf":{"@id":"https:\/\/www.fizzyvape.eu\/sv\/#website"},"primaryImageOfPage":{"@id":"https:\/\/fizzyvape.eu\/sv\/produkt\/fizzy-luxury-15000-puffar-30-st\/#primaryimage"},"image":{"@id":"https:\/\/fizzyvape.eu\/sv\/produkt\/fizzy-luxury-15000-puffar-30-st\/#primaryimage"},"thumbnailUrl":"https:\/\/fizzyvape.eu\/wp-content\/uploads\/2025\/04\/FizzyVape-Luxury-15Kpuff-Main019.jpg","datePublished":"2025-04-10T06:15:15+00:00","dateModified":"2025-10-31T10:01:37+00:00","description":"Explore Fizzy Luxury 15000 Puffs Blind Box (50st) - premium eng\u00e5ngsvapor med dj\u00e4rva smaker, j\u00e4mn \u00e5nga och USB-C-laddning. Perfekt f\u00f6r \u00e5terf\u00f6rs\u00e4ljare!","breadcrumb":{"@id":"https:\/\/fizzyvape.eu\/sv\/produkt\/fizzy-luxury-15000-puffar-30-st\/#breadcrumb"},"inLanguage":"sv-SE","potentialAction":[{"@type":"ReadAction","target":["https:\/\/fizzyvape.eu\/sv\/produkt\/fizzy-luxury-15000-puffar-30-st\/"]}]},{"@type":"ImageObject","inLanguage":"sv-SE","@id":"https:\/\/fizzyvape.eu\/sv\/produkt\/fizzy-luxury-15000-puffar-30-st\/#primaryimage","url":"https:\/\/fizzyvape.eu\/wp-content\/uploads\/2025\/04\/FizzyVape-Luxury-15Kpuff-Main019.jpg","contentUrl":"https:\/\/fizzyvape.eu\/wp-content\/uploads\/2025\/04\/FizzyVape-Luxury-15Kpuff-Main019.jpg","width":1500,"height":1500,"caption":"FizzyVape-Luxury-15Kpuff"},{"@type":"BreadcrumbList","@id":"https:\/\/fizzyvape.eu\/sv\/produkt\/fizzy-luxury-15000-puffar-30-st\/#breadcrumb","itemListElement":[{"@type":"ListItem","position":1,"name":"Home","item":"https:\/\/fizzyvape.eu\/sv\/"},{"@type":"ListItem","position":2,"name":"Butik","item":"https:\/\/fizzyvape.eu\/sv\/butik\/"},{"@type":"ListItem","position":3,"name":"Fizzy Luxury &#8211; 15000 puffar &#8211; 50 st"}]},{"@type":"WebSite","@id":"https:\/\/www.fizzyvape.eu\/sv\/#website","url":"https:\/\/www.fizzyvape.eu\/sv\/","name":"fizzyvape.eu","description":"Refreshing Vapes. Unforgettable Taste.","publisher":{"@id":"https:\/\/www.fizzyvape.eu\/sv\/#organization"},"potentialAction":[{"@type":"SearchAction","target":{"@type":"EntryPoint","urlTemplate":"https:\/\/www.fizzyvape.eu\/sv\/?s={search_term_string}"},"query-input":{"@type":"PropertyValueSpecification","valueRequired":true,"valueName":"search_term_string"}}],"inLanguage":"sv-SE"},{"@type":"Organization","@id":"https:\/\/www.fizzyvape.eu\/sv\/#organization","name":"fizzyvape.eu","url":"https:\/\/www.fizzyvape.eu\/sv\/","logo":{"@type":"ImageObject","inLanguage":"sv-SE","@id":"https:\/\/www.fizzyvape.eu\/sv\/#\/schema\/logo\/image\/","url":"https:\/\/fizzyvape.eu\/wp-content\/uploads\/2019\/06\/print-1.svg","contentUrl":"https:\/\/fizzyvape.eu\/wp-content\/uploads\/2019\/06\/print-1.svg","width":124,"height":37,"caption":"fizzyvape.eu"},"image":{"@id":"https:\/\/www.fizzyvape.eu\/sv\/#\/schema\/logo\/image\/"}}]},"og_availability":"out of stock","product_availability":"out of stock","product_condition":"new"},"tiered_pricing_type":"fixed","tiered_pricing_fixed_rules":[],"tiered_pricing_product_settings":{"layout":"default","base_unit_name":{"singular":null,"plural":null},"default_variation":null},"tiered_pricing_minimum_quantity":null,"tiered_pricing_roles_data":[],"tiered_pricing_percentage_rules":[],"tiered_pricing_maximum_quantity":null,"tiered_pricing_quantity_step":null,"_links":{"self":[{"href":"https:\/\/fizzyvape.eu\/sv\/wp-json\/wp\/v2\/product\/24625","targetHints":{"allow":["GET"]}}],"collection":[{"href":"https:\/\/fizzyvape.eu\/sv\/wp-json\/wp\/v2\/product"}],"about":[{"href":"https:\/\/fizzyvape.eu\/sv\/wp-json\/wp\/v2\/types\/product"}],"replies":[{"embeddable":true,"href":"https:\/\/fizzyvape.eu\/sv\/wp-json\/wp\/v2\/comments?post=24625"}],"version-history":[{"count":0,"href":"https:\/\/fizzyvape.eu\/sv\/wp-json\/wp\/v2\/product\/24625\/revisions"}],"wp:featuredmedia":[{"embeddable":true,"href":"https:\/\/fizzyvape.eu\/sv\/wp-json\/wp\/v2\/media\/22579"}],"wp:attachment":[{"href":"https:\/\/fizzyvape.eu\/sv\/wp-json\/wp\/v2\/media?parent=24625"}],"wp:term":[{"taxonomy":"product_brand","embeddable":true,"href":"https:\/\/fizzyvape.eu\/sv\/wp-json\/wp\/v2\/product_brand?post=24625"},{"taxonomy":"product_cat","embeddable":true,"href":"https:\/\/fizzyvape.eu\/sv\/wp-json\/wp\/v2\/product_cat?post=24625"},{"taxonomy":"product_tag","embeddable":true,"href":"https:\/\/fizzyvape.eu\/sv\/wp-json\/wp\/v2\/product_tag?post=24625"}],"curies":[{"name":"wp","href":"https:\/\/api.w.org\/{rel}","templated":true}]}}