{"id":24693,"date":"2025-04-02T11:54:58","date_gmt":"2025-04-02T03:54:58","guid":{"rendered":"https:\/\/fizzyvape.eu\/product\/fizzy-nova-plus-40000-puffar-30-st\/"},"modified":"2025-10-31T18:03:08","modified_gmt":"2025-10-31T10:03:08","slug":"fizzy-nova-plus-40000-puffar-30-st","status":"publish","type":"product","link":"https:\/\/fizzyvape.eu\/sv\/produkt\/fizzy-nova-plus-40000-puffar-30-st\/","title":{"rendered":"Fizzy Nova Plus 40000 puffar &#8211; 30 st"},"content":{"rendered":"<div>\n<h1><strong>Fizzy Nova Plus 40000 Puffs Eng\u00e5ngs Vape &#8211; Premium Vaping Redefined<\/strong><\/h1>\n<p><strong>Fizzy Nova Plus 40000 Puffs Disposable Vape<\/strong> s\u00e4tter en ny standard f\u00f6r premium vaping-teknik. Denna revolutionerande enhet \u00e4r konstruerad f\u00f6r kr\u00e4sna vapare som v\u00e4grar kompromissa och levererar en o\u00f6vertr\u00e4ffad kombination av <strong>f\u00f6rl\u00e4ngd livsl\u00e4ngd, rik smak och banbrytande funktioner<\/strong> i en elegant, b\u00e4rbar design. <\/p>\n<h3>Viktiga egenskaper:<\/h3>\n<p>\ud83d\udd39 <strong>Ultrah\u00f6gt antal puffar<\/strong> &#8211; levererar <strong>40 000 puffar<\/strong>, vilket ger en l\u00e5ngvarig och tillfredsst\u00e4llande vapingupplevelse.<br \/>\n\ud83d\udd39 <strong>Massiv kapacitet<\/strong> <strong>f\u00f6r e-v\u00e4tska &#8211; 40 ml f\u00f6rfylld e-v\u00e4tska<\/strong> ger <strong>flera veckors oavbruten njutning<\/strong>.<br \/>\n\ud83d\udd39 <strong>Avancerad Dual Mesh Coil-teknik<\/strong> &#8211; ger <strong>rikare smaker och t\u00e4tare \u00e5nga<\/strong> f\u00f6r en f\u00f6rb\u00e4ttrad vaping-session.<br \/>\n\ud83d\udd39 <strong>Justerbara Vaping-l\u00e4gen<\/strong> &#8211; V\u00e4lj <strong>Eco-l\u00e4ge f\u00f6r l\u00e4ngre livsl\u00e4ngd<\/strong> eller <strong>Turbo-l\u00e4ge f\u00f6r intensifierad smak och \u00e5ngproduktion<\/strong>.<br \/>\n\ud83d\udd39 <strong>Intelligent LED-display<\/strong> &#8211; Indikerar <strong>batteristatus och e-v\u00e4tskeniv\u00e5er<\/strong> f\u00f6r enkel \u00f6vervakning.<br \/>\n\ud83d\udd39 <strong>Snabb USB-C-laddning<\/strong> &#8211; Utrustad med ett <strong>850 mAh-batteri<\/strong> som <strong>laddas<\/strong> upp helt p\u00e5 <strong>bara 2 timmar<\/strong> f\u00f6r kontinuerlig anv\u00e4ndning.<\/p>\n<h3>Varf\u00f6r v\u00e4lja Fizzy Nova Plus?<\/h3>\n<p>\ud83d\udd25 <strong>Branschledande h\u00e5llbarhet<\/strong> &#8211; Kapaciteten p\u00e5 40 000 puffar \u00f6vertr\u00e4ffar vanliga eng\u00e5ngsartiklar med 300-400 %, vilket ger ett exceptionellt v\u00e4rde<br \/>\n\ud83d\udc8e <strong>Premiumteknik<\/strong> &#8211; Material av flyg- och rymdkvalitet med elegant metallfinish som kombinerar h\u00e5llbarhet med sofistikerad stil<br \/>\n\ud83d\udc51 <strong>Flavor Mastery<\/strong> &#8211; Varje blandning \u00e4r noggrant utformad av m\u00e4stermixologer f\u00f6r att leverera perfekt balanserade, autentiska smakprofiler<br \/>\n\u26a1 <strong>Personlig prestanda<\/strong> &#8211; Med det innovativa dual-mode-systemet kan du anpassa varje session efter ditt hum\u00f6r och dina preferenser <\/p>\n<\/div>\n<div>\n<h3><strong>Nikotinalternativ:<\/strong><\/h3>\n<p>&#8211; <strong>2% (20mg\/mL)<\/strong> &#8211; Idealisk f\u00f6r en mjuk och smakrik vapingupplevelse<br \/>\n&#8211; <strong>5% (50 mg\/ml)<\/strong> &#8211; Utformad f\u00f6r en starkare och mer tillfredsst\u00e4llande effekt i halsen <\/p>\n<h3>Specifikationer<\/h3>\n<table style=\"height: 449px;\" width=\"1340\">\n<tbody>\n<tr>\n<td>Puffar<\/td>\n<td><strong>40000+ Puffar<\/strong><\/td>\n<\/tr>\n<tr>\n<td>Kapacitet f\u00f6r e-v\u00e4tska<\/td>\n<td><strong>40 ml<\/strong><\/td>\n<\/tr>\n<tr>\n<td>Batteriets kapacitet<\/td>\n<td><strong>850 mAh<\/strong><\/td>\n<\/tr>\n<tr>\n<td>Storlek<\/td>\n<td><strong>52,5 * 24,5 * 104,3 mm<\/strong><\/td>\n<\/tr>\n<tr>\n<td>Eng\u00e5ngsbruk eller inte<\/td>\n<td><strong>Eng\u00e5ngsbruk<\/strong><\/td>\n<\/tr>\n<tr>\n<td>Laddningsmetod<\/td>\n<td><strong>Kabel<\/strong><\/td>\n<\/tr>\n<tr>\n<td>Aktiveringsmetod<\/td>\n<td><strong>Sensor<\/strong><\/td>\n<\/tr>\n<tr>\n<td>Material<\/td>\n<td><strong>PCTG<\/strong><\/td>\n<\/tr>\n<tr>\n<td>Nikotinniv\u00e5<\/td>\n<td><strong>2% (20mg\/mL) &amp; 5% (50mg\/mL)<\/strong><\/td>\n<\/tr>\n<tr>\n<td>Smak\u00e4mnen<\/td>\n<td><strong>12<\/strong><\/td>\n<\/tr>\n<tr>\n<td>F\u00f6rpackning<\/td>\n<td><strong>1 f\u00f6rpackning<\/strong><\/td>\n<\/tr>\n<tr>\n<td>Laddningstid<\/td>\n<td><strong>2 timmar<\/strong><\/td>\n<\/tr>\n<tr>\n<td>F\u00f6rvaring<\/td>\n<td><strong>Undvik milj\u00f6er med h\u00f6ga temperaturer och f\u00f6rvara p\u00e5 en sval och torr plats.<\/strong><\/td>\n<\/tr>\n<tr>\n<td>Personer som \u00e4r f\u00f6rbjudna att anv\u00e4nda<\/td>\n<td><strong>Minder\u00e5riga, gravida kvinnor och personer som \u00e4r allergiska mot produktens ingredienser.<\/strong><\/td>\n<\/tr>\n<tr>\n<td>F\u00f6rsiktighet<\/td>\n<td><strong>Sv\u00e4lj inte detta \u00e4mne. Vid f\u00f6rt\u00e4ring, sk\u00f6lj munnen noggrant och omedelbart. Upps\u00f6k l\u00e4kare om du k\u00e4nner dig d\u00e5lig.  <\/strong><\/td>\n<\/tr>\n<\/tbody>\n<\/table>\n<h3><strong>Fizzy Nova Plus <\/strong>40000 Puffs Smaklista:<\/h3>\n<ol>\n<li><a href=\"https:\/\/fizzyvape.eu\/product\/nova-plus-strawberry-kiwi-40000-puffs-10pcs\/\">Jordgubb Kiwi<\/a><\/li>\n<li><a href=\"https:\/\/fizzyvape.eu\/product\/nova-plus-blueberry-ice-40000-puffs-10pcs\/\">Bl\u00e5b\u00e4rsis<\/a><\/li>\n<li><a href=\"https:\/\/fizzyvape.eu\/product\/nova-plus-watermelon-ice-40000-puffs-10pcs\/\">Vattenmelon-is<\/a><\/li>\n<li><a href=\"https:\/\/fizzyvape.eu\/product\/nova-plus-peach-mango-watermelon-40000-puffs-10pcs\/\">Persika Mango Vattenmelon<\/a><\/li>\n<li><a href=\"https:\/\/fizzyvape.eu\/product\/nova-plus-kiwi-passion-fruit-guava-40000-puffs-10pcs\/\">Kiwi Passionsfrukt Guava<\/a><\/li>\n<li><a href=\"https:\/\/fizzyvape.eu\/product\/nova-plus-raspberry-lemon-40000-puffs-10pcs\/\">Hallon Citron<\/a><\/li>\n<li><a href=\"https:\/\/fizzyvape.eu\/product\/nova-plus-triple-berry-40000-puffs-10pcs\/\">Trippelb\u00e4r<\/a><\/li>\n<li><a href=\"https:\/\/fizzyvape.eu\/product\/nova-plus-peach-ice-40000-puffs-10pcs\/\">Persika is<\/a><\/li>\n<li><a href=\"https:\/\/fizzyvape.eu\/product\/nova-plus-grape-lime-40000-puffs-10pcs\/\">Druva Lime<\/a><\/li>\n<li><a href=\"https:\/\/fizzyvape.eu\/product\/nova-plus-blue-razz-lemonade-40000-puffs-10pcs\/\">Blue Razz Lemonade<\/a><\/li>\n<li><a href=\"https:\/\/fizzyvape.eu\/product\/nova-plus-strawberry-ice-40000-puffs-10pcs\/\">Jordgubbsis<\/a><\/li>\n<li><a href=\"https:\/\/fizzyvape.eu\/product\/nova-plus-blueberry-coconut-40000-puffs-10pcs\/\">Bl\u00e5b\u00e4r Kokosn\u00f6t<\/a><\/li>\n<\/ol>\n<h3>Vanliga fr\u00e5gor om Fizzy Nova Plus 40000 Puffs eng\u00e5ngsvape<\/h3>\n<h4>1. <strong>Hur l\u00e4nge h\u00e5ller en Fizzy Nova Plus-enhet?<\/strong><\/h4>\n<p>Varje enhet ger imponerande <strong>40 000 puffar<\/strong>, vilket \u00e4r betydligt l\u00e4ngre \u00e4n vanliga eng\u00e5ngsapparater. Vid regelbunden anv\u00e4ndning kan den h\u00e5lla i <strong>flera veckor<\/strong>, vilket g\u00f6r den till en av de mest l\u00e5nglivade eng\u00e5ngsvapnen som finns. <\/p>\n<h4>2. <strong>Vad g\u00f6r Fizzy Nova Plus annorlunda \u00e4n andra eng\u00e5ngsvapor?<\/strong><\/h4>\n<p><strong>Fizzy Nova Plus<\/strong> sticker ut med sin <strong>dual mesh coil-teknik<\/strong> <strong>, justerbara Eco &amp; Turbo-l\u00e4gen<\/strong>, <strong>massiva 40 ml e-v\u00e4tskekapacitet<\/strong> och <strong>smarta LED-display<\/strong>, vilket ger en <strong>anpassningsbar och premium vaping-upplevelse<\/strong>.  <\/p>\n<h4>3. <strong>Vad \u00e4r skillnaden mellan Eco-l\u00e4ge och Turbo-l\u00e4ge?<\/strong><\/h4>\n<ul>\n<li><strong>Eco-l\u00e4ge<\/strong>: F\u00f6rl\u00e4nger batteritiden och anv\u00e4ndningen av e-juice, perfekt f\u00f6r l\u00e4ngre sessioner.<\/li>\n<li><strong>Turbo-l\u00e4ge<\/strong>: F\u00f6rb\u00e4ttrar <strong>smakintensiteten och \u00e5ngproduktionen<\/strong>, perfekt f\u00f6r dem som f\u00f6redrar en <strong>mer kraftfull tr\u00e4ff.<\/strong><\/li>\n<\/ul>\n<h4>4. <strong>Vilka nikotinstyrkor finns tillg\u00e4ngliga?<\/strong><\/h4>\n<p><strong>Fizzy Nova Plus 40000 Puffs eng\u00e5ngsvape<\/strong> finns tillg\u00e4nglig med tv\u00e5 nikotinalternativ: <\/p>\n<ul data-is-last-node=\"\" data-is-only-node=\"\">\n<li><strong>2% (20mg\/mL)<\/strong> &#8211; Ger en <strong>j\u00e4mn och balanserad<\/strong> vapingupplevelse.<\/li>\n<li><strong>5% (50mg\/mL)<\/strong> &#8211; Ger en <strong>starkare throat hit<\/strong> och en mer intensiv nikotintillfredsst\u00e4llelse.<\/li>\n<\/ul>\n<\/div>\n","protected":false},"excerpt":{"rendered":"<p><strong>Fizzy Nova Plus 40.000 Puffs Eng\u00e5ngs Vape<\/strong> &#8211; <strong>30-pack<\/strong> (begr\u00e4nsat erbjudande)! Njut av premiumvaping med branschledande livsl\u00e4ngd<strong>(40 000 puffar per enhet)<\/strong>, <strong>40 ml e-v\u00e4tskekapacitet<\/strong> och dubbla n\u00e4tspolar f\u00f6r rik smak. Med snabbladdning <strong>via USB-C<\/strong>, smart LED-display och justerbara <strong>Eco\/Turbo-l\u00e4gen<\/strong>. Perfekt f\u00f6r \u00e5terf\u00f6rs\u00e4ljare eller tunga vapers &#8211; bulkbesparingar under en begr\u00e4nsad tid!   <\/p>\n<p><strong style=\"color: red;\">V\u00e4nligen notera smak och kvantitet n\u00e4r du g\u00f6r en best\u00e4llning!<\/strong><\/p>\n","protected":false},"featured_media":30093,"comment_status":"open","ping_status":"closed","template":"","meta":{"iawp_total_views":0},"product_brand":[],"product_cat":[676],"product_tag":[347],"class_list":{"0":"post-24693","1":"product","2":"type-product","3":"status-publish","4":"has-post-thumbnail","6":"product_cat-bulk-deals-2-sv","7":"product_tag-40000-puffar","9":"first","10":"outofstock","11":"sale","12":"shipping-taxable","13":"purchasable","14":"product-type-variable"},"yoast_head":"<!-- This site is optimized with the Yoast SEO Premium plugin v24.8 (Yoast SEO v24.8) - https:\/\/yoast.com\/wordpress\/plugins\/seo\/ -->\n<title>Fizzy Nova Plus 40000 puffar - 30 st - fizzyvape.eu<\/title>\n<meta name=\"description\" content=\"30st Fizzy Nova Plus 40K puffar grossistpaket! Premiumsmaker, USB-C-laddning, m\u00e4ngdrabatter. Erbjudande med begr\u00e4nsad giltighetstid - best\u00e4ll nu!\" \/>\n<meta name=\"robots\" content=\"index, follow, max-snippet:-1, max-image-preview:large, max-video-preview:-1\" \/>\n<link rel=\"canonical\" href=\"https:\/\/fizzyvape.eu\/sv\/produkt\/fizzy-nova-plus-40000-puffar-30-st\/\" \/>\n<meta property=\"og:locale\" content=\"sv_SE\" \/>\n<meta property=\"og:type\" content=\"article\" \/>\n<meta property=\"og:title\" content=\"Fizzy Nova Plus 40000 puffar - 30 st\" \/>\n<meta property=\"og:description\" content=\"30st Fizzy Nova Plus 40K puffar grossistpaket! Premiumsmaker, USB-C-laddning, m\u00e4ngdrabatter. Erbjudande med begr\u00e4nsad giltighetstid - best\u00e4ll nu!\" \/>\n<meta property=\"og:url\" content=\"https:\/\/fizzyvape.eu\/sv\/produkt\/fizzy-nova-plus-40000-puffar-30-st\/\" \/>\n<meta property=\"og:site_name\" content=\"fizzyvape.eu\" \/>\n<meta property=\"article:modified_time\" content=\"2025-10-31T10:03:08+00:00\" \/>\n<meta property=\"og:image\" content=\"https:\/\/fizzyvape.eu\/wp-content\/uploads\/2025\/04\/Fizzy-Nova-Plus-40000Puffs-30pcs-4.webp\" \/>\n\t<meta property=\"og:image:width\" content=\"800\" \/>\n\t<meta property=\"og:image:height\" content=\"800\" \/>\n\t<meta property=\"og:image:type\" content=\"image\/webp\" \/>\n<meta name=\"twitter:card\" content=\"summary_large_image\" \/>\n<meta name=\"twitter:label1\" content=\"Tillg\u00e4nglig\" \/>\n\t<meta name=\"twitter:data1\" content=\"Slut i lager\" \/>\n<script type=\"application\/ld+json\" class=\"yoast-schema-graph\">{\"@context\":\"https:\/\/schema.org\",\"@graph\":[{\"@type\":\"WebPage\",\"@id\":\"https:\/\/fizzyvape.eu\/sv\/produkt\/fizzy-nova-plus-40000-puffar-30-st\/\",\"url\":\"https:\/\/fizzyvape.eu\/sv\/produkt\/fizzy-nova-plus-40000-puffar-30-st\/\",\"name\":\"Fizzy Nova Plus 40000 puffar - 30 st - fizzyvape.eu\",\"isPartOf\":{\"@id\":\"https:\/\/www.fizzyvape.eu\/sv\/#website\"},\"primaryImageOfPage\":{\"@id\":\"https:\/\/fizzyvape.eu\/sv\/produkt\/fizzy-nova-plus-40000-puffar-30-st\/#primaryimage\"},\"image\":{\"@id\":\"https:\/\/fizzyvape.eu\/sv\/produkt\/fizzy-nova-plus-40000-puffar-30-st\/#primaryimage\"},\"thumbnailUrl\":\"https:\/\/fizzyvape.eu\/wp-content\/uploads\/2025\/04\/Fizzy-Nova-Plus-40000-Puffs-30pcs.webp\",\"datePublished\":\"2025-04-02T03:54:58+00:00\",\"dateModified\":\"2025-10-31T10:03:08+00:00\",\"description\":\"30st Fizzy Nova Plus 40K puffar grossistpaket! Premiumsmaker, USB-C-laddning, m\u00e4ngdrabatter. Erbjudande med begr\u00e4nsad giltighetstid - best\u00e4ll nu!\",\"breadcrumb\":{\"@id\":\"https:\/\/fizzyvape.eu\/sv\/produkt\/fizzy-nova-plus-40000-puffar-30-st\/#breadcrumb\"},\"inLanguage\":\"sv-SE\",\"potentialAction\":[{\"@type\":\"ReadAction\",\"target\":[\"https:\/\/fizzyvape.eu\/sv\/produkt\/fizzy-nova-plus-40000-puffar-30-st\/\"]}]},{\"@type\":\"ImageObject\",\"inLanguage\":\"sv-SE\",\"@id\":\"https:\/\/fizzyvape.eu\/sv\/produkt\/fizzy-nova-plus-40000-puffar-30-st\/#primaryimage\",\"url\":\"https:\/\/fizzyvape.eu\/wp-content\/uploads\/2025\/04\/Fizzy-Nova-Plus-40000-Puffs-30pcs.webp\",\"contentUrl\":\"https:\/\/fizzyvape.eu\/wp-content\/uploads\/2025\/04\/Fizzy-Nova-Plus-40000-Puffs-30pcs.webp\",\"width\":800,\"height\":800,\"caption\":\"Fizzy Nova Plus 40000 Puffs 30pcs\"},{\"@type\":\"BreadcrumbList\",\"@id\":\"https:\/\/fizzyvape.eu\/sv\/produkt\/fizzy-nova-plus-40000-puffar-30-st\/#breadcrumb\",\"itemListElement\":[{\"@type\":\"ListItem\",\"position\":1,\"name\":\"Home\",\"item\":\"https:\/\/fizzyvape.eu\/sv\/\"},{\"@type\":\"ListItem\",\"position\":2,\"name\":\"Butik\",\"item\":\"https:\/\/fizzyvape.eu\/sv\/butik\/\"},{\"@type\":\"ListItem\",\"position\":3,\"name\":\"Fizzy Nova Plus 40000 puffar &#8211; 30 st\"}]},{\"@type\":\"WebSite\",\"@id\":\"https:\/\/www.fizzyvape.eu\/sv\/#website\",\"url\":\"https:\/\/www.fizzyvape.eu\/sv\/\",\"name\":\"fizzyvape.eu\",\"description\":\"Refreshing Vapes. Unforgettable Taste.\",\"publisher\":{\"@id\":\"https:\/\/www.fizzyvape.eu\/sv\/#organization\"},\"potentialAction\":[{\"@type\":\"SearchAction\",\"target\":{\"@type\":\"EntryPoint\",\"urlTemplate\":\"https:\/\/www.fizzyvape.eu\/sv\/?s={search_term_string}\"},\"query-input\":{\"@type\":\"PropertyValueSpecification\",\"valueRequired\":true,\"valueName\":\"search_term_string\"}}],\"inLanguage\":\"sv-SE\"},{\"@type\":\"Organization\",\"@id\":\"https:\/\/www.fizzyvape.eu\/sv\/#organization\",\"name\":\"fizzyvape.eu\",\"url\":\"https:\/\/www.fizzyvape.eu\/sv\/\",\"logo\":{\"@type\":\"ImageObject\",\"inLanguage\":\"sv-SE\",\"@id\":\"https:\/\/www.fizzyvape.eu\/sv\/#\/schema\/logo\/image\/\",\"url\":\"https:\/\/fizzyvape.eu\/wp-content\/uploads\/2019\/06\/print-1.svg\",\"contentUrl\":\"https:\/\/fizzyvape.eu\/wp-content\/uploads\/2019\/06\/print-1.svg\",\"width\":124,\"height\":37,\"caption\":\"fizzyvape.eu\"},\"image\":{\"@id\":\"https:\/\/www.fizzyvape.eu\/sv\/#\/schema\/logo\/image\/\"}}]}<\/script>\n<meta property=\"og:availability\" content=\"out of stock\" \/>\n<meta property=\"product:availability\" content=\"out of stock\" \/>\n<meta property=\"product:condition\" content=\"new\" \/>\n<!-- \/ Yoast SEO Premium plugin. -->","yoast_head_json":{"title":"Fizzy Nova Plus 40000 puffar - 30 st - fizzyvape.eu","description":"30st Fizzy Nova Plus 40K puffar grossistpaket! Premiumsmaker, USB-C-laddning, m\u00e4ngdrabatter. Erbjudande med begr\u00e4nsad giltighetstid - best\u00e4ll nu!","robots":{"index":"index","follow":"follow","max-snippet":"max-snippet:-1","max-image-preview":"max-image-preview:large","max-video-preview":"max-video-preview:-1"},"canonical":"https:\/\/fizzyvape.eu\/sv\/produkt\/fizzy-nova-plus-40000-puffar-30-st\/","og_locale":"sv_SE","og_type":"article","og_title":"Fizzy Nova Plus 40000 puffar - 30 st","og_description":"30st Fizzy Nova Plus 40K puffar grossistpaket! Premiumsmaker, USB-C-laddning, m\u00e4ngdrabatter. Erbjudande med begr\u00e4nsad giltighetstid - best\u00e4ll nu!","og_url":"https:\/\/fizzyvape.eu\/sv\/produkt\/fizzy-nova-plus-40000-puffar-30-st\/","og_site_name":"fizzyvape.eu","article_modified_time":"2025-10-31T10:03:08+00:00","og_image":[{"width":800,"height":800,"url":"https:\/\/fizzyvape.eu\/wp-content\/uploads\/2025\/04\/Fizzy-Nova-Plus-40000Puffs-30pcs-4.webp","type":"image\/webp"}],"twitter_card":"summary_large_image","twitter_misc":{"Tillg\u00e4nglig":"Slut i lager"},"schema":{"@context":"https:\/\/schema.org","@graph":[{"@type":"WebPage","@id":"https:\/\/fizzyvape.eu\/sv\/produkt\/fizzy-nova-plus-40000-puffar-30-st\/","url":"https:\/\/fizzyvape.eu\/sv\/produkt\/fizzy-nova-plus-40000-puffar-30-st\/","name":"Fizzy Nova Plus 40000 puffar - 30 st - fizzyvape.eu","isPartOf":{"@id":"https:\/\/www.fizzyvape.eu\/sv\/#website"},"primaryImageOfPage":{"@id":"https:\/\/fizzyvape.eu\/sv\/produkt\/fizzy-nova-plus-40000-puffar-30-st\/#primaryimage"},"image":{"@id":"https:\/\/fizzyvape.eu\/sv\/produkt\/fizzy-nova-plus-40000-puffar-30-st\/#primaryimage"},"thumbnailUrl":"https:\/\/fizzyvape.eu\/wp-content\/uploads\/2025\/04\/Fizzy-Nova-Plus-40000-Puffs-30pcs.webp","datePublished":"2025-04-02T03:54:58+00:00","dateModified":"2025-10-31T10:03:08+00:00","description":"30st Fizzy Nova Plus 40K puffar grossistpaket! Premiumsmaker, USB-C-laddning, m\u00e4ngdrabatter. Erbjudande med begr\u00e4nsad giltighetstid - best\u00e4ll nu!","breadcrumb":{"@id":"https:\/\/fizzyvape.eu\/sv\/produkt\/fizzy-nova-plus-40000-puffar-30-st\/#breadcrumb"},"inLanguage":"sv-SE","potentialAction":[{"@type":"ReadAction","target":["https:\/\/fizzyvape.eu\/sv\/produkt\/fizzy-nova-plus-40000-puffar-30-st\/"]}]},{"@type":"ImageObject","inLanguage":"sv-SE","@id":"https:\/\/fizzyvape.eu\/sv\/produkt\/fizzy-nova-plus-40000-puffar-30-st\/#primaryimage","url":"https:\/\/fizzyvape.eu\/wp-content\/uploads\/2025\/04\/Fizzy-Nova-Plus-40000-Puffs-30pcs.webp","contentUrl":"https:\/\/fizzyvape.eu\/wp-content\/uploads\/2025\/04\/Fizzy-Nova-Plus-40000-Puffs-30pcs.webp","width":800,"height":800,"caption":"Fizzy Nova Plus 40000 Puffs 30pcs"},{"@type":"BreadcrumbList","@id":"https:\/\/fizzyvape.eu\/sv\/produkt\/fizzy-nova-plus-40000-puffar-30-st\/#breadcrumb","itemListElement":[{"@type":"ListItem","position":1,"name":"Home","item":"https:\/\/fizzyvape.eu\/sv\/"},{"@type":"ListItem","position":2,"name":"Butik","item":"https:\/\/fizzyvape.eu\/sv\/butik\/"},{"@type":"ListItem","position":3,"name":"Fizzy Nova Plus 40000 puffar &#8211; 30 st"}]},{"@type":"WebSite","@id":"https:\/\/www.fizzyvape.eu\/sv\/#website","url":"https:\/\/www.fizzyvape.eu\/sv\/","name":"fizzyvape.eu","description":"Refreshing Vapes. Unforgettable Taste.","publisher":{"@id":"https:\/\/www.fizzyvape.eu\/sv\/#organization"},"potentialAction":[{"@type":"SearchAction","target":{"@type":"EntryPoint","urlTemplate":"https:\/\/www.fizzyvape.eu\/sv\/?s={search_term_string}"},"query-input":{"@type":"PropertyValueSpecification","valueRequired":true,"valueName":"search_term_string"}}],"inLanguage":"sv-SE"},{"@type":"Organization","@id":"https:\/\/www.fizzyvape.eu\/sv\/#organization","name":"fizzyvape.eu","url":"https:\/\/www.fizzyvape.eu\/sv\/","logo":{"@type":"ImageObject","inLanguage":"sv-SE","@id":"https:\/\/www.fizzyvape.eu\/sv\/#\/schema\/logo\/image\/","url":"https:\/\/fizzyvape.eu\/wp-content\/uploads\/2019\/06\/print-1.svg","contentUrl":"https:\/\/fizzyvape.eu\/wp-content\/uploads\/2019\/06\/print-1.svg","width":124,"height":37,"caption":"fizzyvape.eu"},"image":{"@id":"https:\/\/www.fizzyvape.eu\/sv\/#\/schema\/logo\/image\/"}}]},"og_availability":"out of stock","product_availability":"out of stock","product_condition":"new"},"tiered_pricing_type":"fixed","tiered_pricing_fixed_rules":[],"tiered_pricing_product_settings":{"layout":"default","base_unit_name":{"singular":null,"plural":null},"default_variation":null},"tiered_pricing_minimum_quantity":null,"tiered_pricing_roles_data":[],"tiered_pricing_percentage_rules":[],"tiered_pricing_maximum_quantity":null,"tiered_pricing_quantity_step":null,"_links":{"self":[{"href":"https:\/\/fizzyvape.eu\/sv\/wp-json\/wp\/v2\/product\/24693","targetHints":{"allow":["GET"]}}],"collection":[{"href":"https:\/\/fizzyvape.eu\/sv\/wp-json\/wp\/v2\/product"}],"about":[{"href":"https:\/\/fizzyvape.eu\/sv\/wp-json\/wp\/v2\/types\/product"}],"replies":[{"embeddable":true,"href":"https:\/\/fizzyvape.eu\/sv\/wp-json\/wp\/v2\/comments?post=24693"}],"version-history":[{"count":0,"href":"https:\/\/fizzyvape.eu\/sv\/wp-json\/wp\/v2\/product\/24693\/revisions"}],"wp:featuredmedia":[{"embeddable":true,"href":"https:\/\/fizzyvape.eu\/sv\/wp-json\/wp\/v2\/media\/30093"}],"wp:attachment":[{"href":"https:\/\/fizzyvape.eu\/sv\/wp-json\/wp\/v2\/media?parent=24693"}],"wp:term":[{"taxonomy":"product_brand","embeddable":true,"href":"https:\/\/fizzyvape.eu\/sv\/wp-json\/wp\/v2\/product_brand?post=24693"},{"taxonomy":"product_cat","embeddable":true,"href":"https:\/\/fizzyvape.eu\/sv\/wp-json\/wp\/v2\/product_cat?post=24693"},{"taxonomy":"product_tag","embeddable":true,"href":"https:\/\/fizzyvape.eu\/sv\/wp-json\/wp\/v2\/product_tag?post=24693"}],"curies":[{"name":"wp","href":"https:\/\/api.w.org\/{rel}","templated":true}]}}