{"id":25054,"date":"2025-04-02T10:37:24","date_gmt":"2025-04-02T02:37:24","guid":{"rendered":"https:\/\/fizzyvape.eu\/product\/fizzy-nova-plus-40000-puffs-berry-zesty-blast-6-smakspaket-6-st\/"},"modified":"2025-11-22T09:56:54","modified_gmt":"2025-11-22T01:56:54","slug":"fizzy-nova-plus-40000-puffs-berry-zesty-blast-6-smakspaket-6-st","status":"publish","type":"product","link":"https:\/\/fizzyvape.eu\/sv\/produkt\/fizzy-nova-plus-40000-puffs-berry-zesty-blast-6-smakspaket-6-st\/","title":{"rendered":"Fizzy Nova Plus 40000 Puffs Berry Zesty Blast 6-smakspaket &#8211; 6 st"},"content":{"rendered":"<div>\n<h1><strong>Fizzy Nova Plus 40000 Puffs Berry Zesty Blast 6-smakspaket<\/strong><\/h1>\n<p>Ge dig ut p\u00e5 en smakresa med <strong>Fizzy Nova Plus 40K Vape Bundle<\/strong> &#8211; din biljett till 6 exotiska fruktupplevelser. Varje <strong>40K vape<\/strong> levererar 40 000 ultra-smidiga puffar (240 000 totalt) av livlig tropisk och b\u00e4rig lycka. <\/p>\n<h2><strong>Uppst\u00e4llning av smaker<\/strong><\/h2>\n<p>1\ufe0f\u20e3 <strong>Kiwi Passionsfrukt Guava<\/strong> \ud83e\udd5d\ud83d\udd25 &#8211; <em>Tropisk smak m\u00f6ter exotisk s\u00f6tma<\/em><br \/>\n2\ufe0f\u20e3 <strong>Hallon Citron<\/strong> \ud83c\udf4b\ud83e\uded0 &#8211; <em>Syrlig<\/em> <strong>citron<\/strong> <em>ger saftiga hallon eufori<\/em><br \/>\n3\ufe0f\u20e3 <strong>Triple Berry<\/strong> \ud83c\udf53\ud83e\uded0 \ud83d\udc8e &#8211; <em>Jordgubbar, bl\u00e5b\u00e4r &amp; bj\u00f6rnb\u00e4r i<\/em> perfekt <em>harmoni<\/em> <em>bj\u00f6rnb\u00e4r i perfekt harmoni<\/em><br \/>\n4\ufe0f\u20e3 <strong>Peach Ice<\/strong> \ud83c\udf51\u2744\ufe0f &#8211; <em>Sammetslen persika som kyssas av isig friskhet<\/em><br \/>\n5\ufe0f\u20e3 <strong>Grape Lime<\/strong> \ud83c\udf47\ud83c\udf48 &#8211; <em>Djup druva sm\u00e4lter samman med ljus citruszest<\/em><br \/>\n6\ufe0f\u20e3            <strong>Blue Razz Lemonade<\/strong> \u26a1\ud83c\udf00 -.  <em>Elektriskt bl\u00e5 hallon m\u00f6ter syrlig lemonad<\/em><\/p>\n<h3>Viktiga egenskaper:<\/h3>\n<p>\ud83d\udd0b <strong>40 000 puffar per enhet<\/strong> &#8211; branschledande livsl\u00e4ngd (6 enheter = <strong>1 m\u00e5nad eller mer av vaping!<\/strong>)<br \/>\n\u2601\ufe0f <strong>Dual Mesh Coil Tech<\/strong> &#8211; Explosiv smak och t\u00e4ta moln vid varje bloss<br \/>\n\u26a1 <strong>Smart Dual-Mode System<\/strong> &#8211; <em>Eco Mode<\/em> f\u00f6r uth\u00e5llighet \/ <em>Turbo Mode<\/em> f\u00f6r smakupplevelser<br \/>\n\ud83d\udd0c <strong>USB-C snabbladdning<\/strong> &#8211; 850 mAh-batteri laddas p\u00e5 <strong>2 timmar<\/strong><br \/>\n\ud83d\udee1\ufe0f <strong>Aerospace-klassad kropp<\/strong> &#8211; Milit\u00e4rklassad legering \u00f6verlever fall och daglig anv\u00e4ndning   <\/p>\n<h2><strong>Varf\u00f6r v\u00e4lja Fizzy Nova Plus 40K Vape?<\/strong><\/h2>\n<p>\u2705 <strong>Bli aldrig uttr\u00e5kad<\/strong> &#8211; Byt mellan 6 l\u00e4ckra smaker varje dag<br \/>\n\u2705 <strong>40K Vape<\/strong> &#8211; Varje enhet h\u00e5ller <strong>5 g\u00e5nger l\u00e4ngre<\/strong> \u00e4n vapes fr\u00e5n bensinstationer<br \/>\n\u2705 <strong>Engineered for Obsession<\/strong> &#8211; Utformad av v\u00e4rldsledande smakkemister<br \/>\n\u2705 <strong>Reseberedd<\/strong> &#8211; TSA-v\u00e4nlig, l\u00e4ckages\u00e4ker, ryms i alla fickor <\/p>\n<\/div>\n<div>\n<h3><strong>Nikotinalternativ:<\/strong><\/h3>\n<p>&#8211; <strong>2% (20mg\/mL)<\/strong> &#8211; Idealisk f\u00f6r en mjuk och smakrik vapingupplevelse<br \/>\n&#8211; <strong>5% (50 mg\/ml)<\/strong> &#8211; Utformad f\u00f6r en starkare och mer tillfredsst\u00e4llande effekt i halsen <\/p>\n<h3>Specifikationer<\/h3>\n<table style=\"height: 449px;\" width=\"1340\">\n<tbody>\n<tr>\n<td>Puffar<\/td>\n<td><strong>40000+ Puffar<\/strong><\/td>\n<\/tr>\n<tr>\n<td>Kapacitet f\u00f6r e-v\u00e4tska<\/td>\n<td><strong>40 ml<\/strong><\/td>\n<\/tr>\n<tr>\n<td>Batteriets kapacitet<\/td>\n<td><strong>850 mAh<\/strong><\/td>\n<\/tr>\n<tr>\n<td>Storlek<\/td>\n<td><strong>52,5 * 24,5 * 104,3 mm<\/strong><\/td>\n<\/tr>\n<tr>\n<td>Eng\u00e5ngsbruk eller inte<\/td>\n<td><strong>Eng\u00e5ngsbruk<\/strong><\/td>\n<\/tr>\n<tr>\n<td>Laddningsmetod<\/td>\n<td><strong>Kabel<\/strong><\/td>\n<\/tr>\n<tr>\n<td>Aktiveringsmetod<\/td>\n<td><strong>Sensor<\/strong><\/td>\n<\/tr>\n<tr>\n<td>Material<\/td>\n<td><strong>PCTG<\/strong><\/td>\n<\/tr>\n<tr>\n<td>Nikotinniv\u00e5<\/td>\n<td><strong>2% (20mg\/mL) &amp; 5% (50mg\/mL)<\/strong><\/td>\n<\/tr>\n<tr>\n<td>Smak\u00e4mnen<\/td>\n<td><strong>12<\/strong><\/td>\n<\/tr>\n<tr>\n<td>F\u00f6rpackning<\/td>\n<td><strong>1 f\u00f6rpackning<\/strong><\/td>\n<\/tr>\n<tr>\n<td>Laddningstid<\/td>\n<td><strong>2 timmar<\/strong><\/td>\n<\/tr>\n<tr>\n<td>F\u00f6rvaring<\/td>\n<td><strong>Undvik milj\u00f6er med h\u00f6ga temperaturer och f\u00f6rvara p\u00e5 en sval och torr plats.<\/strong><\/td>\n<\/tr>\n<tr>\n<td>Personer som \u00e4r f\u00f6rbjudna att anv\u00e4nda<\/td>\n<td><strong>Minder\u00e5riga, gravida kvinnor och personer som \u00e4r allergiska mot produktens ingredienser.<\/strong><\/td>\n<\/tr>\n<tr>\n<td>F\u00f6rsiktighet<\/td>\n<td><strong>Sv\u00e4lj inte detta \u00e4mne. Vid f\u00f6rt\u00e4ring, sk\u00f6lj munnen noggrant och omedelbart. Upps\u00f6k l\u00e4kare om du k\u00e4nner dig d\u00e5lig.  <\/strong><\/td>\n<\/tr>\n<\/tbody>\n<\/table>\n<h3><strong>Fizzy Nova Plus <\/strong>40000 Puffs Smaklista:<\/h3>\n<ol>\n<li><a href=\"https:\/\/fizzyvape.eu\/sv\/produkt\/fizzy-nova-plus-strawberry-kiwi-40000-puffar-10-st\/\">Jordgubb Kiwi<\/a><\/li>\n<li><a href=\"https:\/\/fizzyvape.eu\/sv\/produkt\/fizzy-nova-plus-blabarsis-40000-puffar-10-st\/\">Bl\u00e5b\u00e4rsis<\/a><\/li>\n<li><a href=\"https:\/\/fizzyvape.eu\/sv\/produkt\/fizzy-nova-plus-vattenmelon-is-40000-puffar-10st\/\">Vattenmelon-is<\/a><\/li>\n<li><a href=\"https:\/\/fizzyvape.eu\/sv\/produkt\/fizzy-nova-plus-persika-mango-vattenmelon-40000-puffar-10st\/\">Persika Mango Vattenmelon<\/a><\/li>\n<li><a href=\"https:\/\/fizzyvape.eu\/sv\/produkt\/fizzy-nova-plus-kiwi-passion-fruit-guava-40000-puffar-10-st\/\">Kiwi Passionsfrukt Guava<\/a><\/li>\n<li><a href=\"https:\/\/fizzyvape.eu\/sv\/produkt\/fizzy-nova-plus-hallon-citron-40000-puffar-10-st\/\">Hallon Citron<\/a><\/li>\n<li><a href=\"https:\/\/fizzyvape.eu\/sv\/produkt\/fizzy-nova-plus-triple-berry-40000-puffar-10-st\/\">Trippelb\u00e4r<\/a><\/li>\n<li><a href=\"https:\/\/fizzyvape.eu\/sv\/produkt\/fizzy-nova-plus-peach-ice-40000-puffar-10-st\/\">Persika is<\/a><\/li>\n<li><a href=\"https:\/\/fizzyvape.eu\/sv\/produkt\/fizzy-nova-plus-grape-lime-40000-puffar-10-st\/\">Druva Lime<\/a><\/li>\n<li><a href=\"https:\/\/fizzyvape.eu\/sv\/produkt\/fizzy-nova-plus-blue-razz-lemonade-40000-puffar-10-st\/\">Blue Razz Lemonade<\/a><\/li>\n<li><a href=\"https:\/\/fizzyvape.eu\/sv\/produkt\/fizzy-nova-plus-strawberry-ice-40000-puffar-10-st\/\">Jordgubbsis<\/a><\/li>\n<li><a href=\"https:\/\/fizzyvape.eu\/sv\/produkt\/fizzy-nova-plus-blabar-kokosnot-40000-puffar-10st\/\">Bl\u00e5b\u00e4r Kokosn\u00f6t<\/a><\/li>\n<\/ol>\n<h3>Vanliga fr\u00e5gor om Fizzy Nova Plus 40000 Puffs Berry Zesty Blast 6-smakspaket<\/h3>\n<p><strong>Hur l\u00e4nge r\u00e4cker varje Fizzy Nova Plus-enhet?<\/strong><br \/>\n<strong>40K Vape-tekniken<\/strong> ger <strong>40 000 puffar<\/strong> per enhet<strong>(240 000<\/strong> totalt i det h\u00e4r paketet) &#8211; 5x l\u00e4ngre \u00e4n vanliga eng\u00e5ngsapparater.<\/p>\n<p><strong>Vad g\u00f6r Berry Zesty Blast Bundle unikt?<\/strong><br \/>\nDetta paket inneh\u00e5ller <strong>sex dj\u00e4rva och exotiska fruktsmaker<\/strong>, vilket garanterar en <strong>m\u00e5ngsidig vapingupplevelse<\/strong> med varje bloss. Kombinationen av <strong>dual mesh coil-teknik<\/strong> och <strong>smart dual-mode-system<\/strong> (Eco &amp; Turbo Modes) f\u00f6rb\u00e4ttrar b\u00e5de livsl\u00e4ngd och smakintensitet. <\/p>\n<p><strong>Hur snabbt laddas enheten och vilken typ av laddare anv\u00e4nds?<\/strong><br \/>\n<strong>USB-C-snabbladdningssystemet<\/strong> g\u00f6r att <strong>850 mAh-batteriet<\/strong> kan laddas helt p\u00e5 <strong>bara 2 timmar<\/strong>, s\u00e5 att du alltid \u00e4r redo att r\u00f6ka utan l\u00e5nga driftstopp.<\/p>\n<p><strong>\u00c4r Fizzy Nova Plus l\u00e4mplig f\u00f6r resor?<\/strong><br \/>\nJa, det g\u00f6r den! Den <strong>l\u00e4ckages\u00e4kra, TSA-v\u00e4nliga designen<\/strong> g\u00f6r den perfekt f\u00f6r vaping n\u00e4r du \u00e4r p\u00e5 spr\u00e5ng. Den <strong>aerospace-klassade kroppen<\/strong> garanterar h\u00e5llbarhet, s\u00e5 du beh\u00f6ver inte oroa dig f\u00f6r droppar eller slitage under resan.  <\/p>\n<p><strong>Vilka nikotinstyrkor<\/strong> finns tillg\u00e4ngliga?<br \/>\nFizzy Nova Plus Berry Zesty Blast-paketet finns tillg\u00e4ngligt i <strong>tv\u00e5 nikotinstyrkor<\/strong>:<\/p>\n<ul>\n<li><strong>2% (20mg\/mL)<\/strong> f\u00f6r en j\u00e4mn och smakrik upplevelse<\/li>\n<li><strong>5% (50mg\/mL)<\/strong> f\u00f6r en starkare, mer intensiv halseffekt<\/li>\n<\/ul>\n<\/div>\n","protected":false},"excerpt":{"rendered":"<p><strong>Fizzy Nova Plus 40000 Puffs<\/strong> Berry Zesty Blast <strong>6-Flavor<\/strong> Bundle levererar en explosion av dj\u00e4rva fruktsmaker med branschledande livsl\u00e4ngd. Upplev 6 beg\u00e4rliga smaker<strong>(240 000 puffar totalt)<\/strong><strong> inklusive Kiwi Passion Fruit Guava och Blue Razz Lemonade &#8211; perfekt f\u00f6r vapers som kr\u00e4ver variation och prestanda!<\/strong> <\/p>\n","protected":false},"featured_media":29632,"comment_status":"open","ping_status":"closed","template":"","meta":{"iawp_total_views":0},"product_brand":[],"product_cat":[256],"product_tag":[347],"class_list":{"0":"post-25054","1":"product","2":"type-product","3":"status-publish","4":"has-post-thumbnail","6":"product_cat-multi-flavor-pack-sv","7":"product_tag-40000-puffar","9":"first","10":"outofstock","11":"sale","12":"shipping-taxable","13":"purchasable","14":"product-type-variable"},"yoast_head":"<!-- This site is optimized with the Yoast SEO Premium plugin v24.8 (Yoast SEO v24.8) - https:\/\/yoast.com\/wordpress\/plugins\/seo\/ -->\n<title>Fizzy Nova Plus 40000 Puffs Berry Zesty Blast 6-smakspaket - 6 st - fizzyvape.eu<\/title>\n<meta name=\"description\" content=\"40K Vape 6-smakspaket - 240K puffar totalt! Tropiska frukter, saftiga b\u00e4r och kryddig citrus i l\u00e5ngvariga eng\u00e5ngsbeh\u00e5llare. Prova alla smaker idag!\" \/>\n<meta name=\"robots\" content=\"index, follow, max-snippet:-1, max-image-preview:large, max-video-preview:-1\" \/>\n<link rel=\"canonical\" href=\"https:\/\/fizzyvape.eu\/sv\/produkt\/fizzy-nova-plus-40000-puffs-berry-zesty-blast-6-smakspaket-6-st\/\" \/>\n<meta property=\"og:locale\" content=\"sv_SE\" \/>\n<meta property=\"og:type\" content=\"article\" \/>\n<meta property=\"og:title\" content=\"Fizzy Nova Plus 40000 Puffs Berry Zesty Blast 6-smakspaket - 6 st\" \/>\n<meta property=\"og:description\" content=\"40K Vape 6-smakspaket - 240K puffar totalt! Tropiska frukter, saftiga b\u00e4r och kryddig citrus i l\u00e5ngvariga eng\u00e5ngsbeh\u00e5llare. Prova alla smaker idag!\" \/>\n<meta property=\"og:url\" content=\"https:\/\/fizzyvape.eu\/sv\/produkt\/fizzy-nova-plus-40000-puffs-berry-zesty-blast-6-smakspaket-6-st\/\" \/>\n<meta property=\"og:site_name\" content=\"fizzyvape.eu\" \/>\n<meta property=\"article:modified_time\" content=\"2025-11-22T01:56:54+00:00\" \/>\n<meta property=\"og:image\" content=\"https:\/\/fizzyvape.eu\/wp-content\/uploads\/2025\/04\/Fizzy-Nova-Plus-40000-Puffs-1.webp\" \/>\n\t<meta property=\"og:image:width\" content=\"800\" \/>\n\t<meta property=\"og:image:height\" content=\"800\" \/>\n\t<meta property=\"og:image:type\" content=\"image\/webp\" \/>\n<meta name=\"twitter:card\" content=\"summary_large_image\" \/>\n<meta name=\"twitter:label1\" content=\"Tillg\u00e4nglig\" \/>\n\t<meta name=\"twitter:data1\" content=\"Slut i lager\" \/>\n<script type=\"application\/ld+json\" class=\"yoast-schema-graph\">{\"@context\":\"https:\/\/schema.org\",\"@graph\":[{\"@type\":\"WebPage\",\"@id\":\"https:\/\/fizzyvape.eu\/sv\/produkt\/fizzy-nova-plus-40000-puffs-berry-zesty-blast-6-smakspaket-6-st\/\",\"url\":\"https:\/\/fizzyvape.eu\/sv\/produkt\/fizzy-nova-plus-40000-puffs-berry-zesty-blast-6-smakspaket-6-st\/\",\"name\":\"Fizzy Nova Plus 40000 Puffs Berry Zesty Blast 6-smakspaket - 6 st - fizzyvape.eu\",\"isPartOf\":{\"@id\":\"https:\/\/www.fizzyvape.eu\/sv\/#website\"},\"primaryImageOfPage\":{\"@id\":\"https:\/\/fizzyvape.eu\/sv\/produkt\/fizzy-nova-plus-40000-puffs-berry-zesty-blast-6-smakspaket-6-st\/#primaryimage\"},\"image\":{\"@id\":\"https:\/\/fizzyvape.eu\/sv\/produkt\/fizzy-nova-plus-40000-puffs-berry-zesty-blast-6-smakspaket-6-st\/#primaryimage\"},\"thumbnailUrl\":\"https:\/\/fizzyvape.eu\/wp-content\/uploads\/2025\/04\/Fizzy-Nova-Plus-40000-Puffs-2.webp\",\"datePublished\":\"2025-04-02T02:37:24+00:00\",\"dateModified\":\"2025-11-22T01:56:54+00:00\",\"description\":\"40K Vape 6-smakspaket - 240K puffar totalt! Tropiska frukter, saftiga b\u00e4r och kryddig citrus i l\u00e5ngvariga eng\u00e5ngsbeh\u00e5llare. Prova alla smaker idag!\",\"breadcrumb\":{\"@id\":\"https:\/\/fizzyvape.eu\/sv\/produkt\/fizzy-nova-plus-40000-puffs-berry-zesty-blast-6-smakspaket-6-st\/#breadcrumb\"},\"inLanguage\":\"sv-SE\",\"potentialAction\":[{\"@type\":\"ReadAction\",\"target\":[\"https:\/\/fizzyvape.eu\/sv\/produkt\/fizzy-nova-plus-40000-puffs-berry-zesty-blast-6-smakspaket-6-st\/\"]}]},{\"@type\":\"ImageObject\",\"inLanguage\":\"sv-SE\",\"@id\":\"https:\/\/fizzyvape.eu\/sv\/produkt\/fizzy-nova-plus-40000-puffs-berry-zesty-blast-6-smakspaket-6-st\/#primaryimage\",\"url\":\"https:\/\/fizzyvape.eu\/wp-content\/uploads\/2025\/04\/Fizzy-Nova-Plus-40000-Puffs-2.webp\",\"contentUrl\":\"https:\/\/fizzyvape.eu\/wp-content\/uploads\/2025\/04\/Fizzy-Nova-Plus-40000-Puffs-2.webp\",\"width\":800,\"height\":800,\"caption\":\"Fizzy Nova Plus 40000 Puffs\"},{\"@type\":\"BreadcrumbList\",\"@id\":\"https:\/\/fizzyvape.eu\/sv\/produkt\/fizzy-nova-plus-40000-puffs-berry-zesty-blast-6-smakspaket-6-st\/#breadcrumb\",\"itemListElement\":[{\"@type\":\"ListItem\",\"position\":1,\"name\":\"Home\",\"item\":\"https:\/\/fizzyvape.eu\/sv\/\"},{\"@type\":\"ListItem\",\"position\":2,\"name\":\"Butik\",\"item\":\"https:\/\/fizzyvape.eu\/sv\/butik\/\"},{\"@type\":\"ListItem\",\"position\":3,\"name\":\"Fizzy Nova Plus 40000 Puffs Berry Zesty Blast 6-smakspaket &#8211; 6 st\"}]},{\"@type\":\"WebSite\",\"@id\":\"https:\/\/www.fizzyvape.eu\/sv\/#website\",\"url\":\"https:\/\/www.fizzyvape.eu\/sv\/\",\"name\":\"fizzyvape.eu\",\"description\":\"Refreshing Vapes. Unforgettable Taste.\",\"publisher\":{\"@id\":\"https:\/\/www.fizzyvape.eu\/sv\/#organization\"},\"potentialAction\":[{\"@type\":\"SearchAction\",\"target\":{\"@type\":\"EntryPoint\",\"urlTemplate\":\"https:\/\/www.fizzyvape.eu\/sv\/?s={search_term_string}\"},\"query-input\":{\"@type\":\"PropertyValueSpecification\",\"valueRequired\":true,\"valueName\":\"search_term_string\"}}],\"inLanguage\":\"sv-SE\"},{\"@type\":\"Organization\",\"@id\":\"https:\/\/www.fizzyvape.eu\/sv\/#organization\",\"name\":\"fizzyvape.eu\",\"url\":\"https:\/\/www.fizzyvape.eu\/sv\/\",\"logo\":{\"@type\":\"ImageObject\",\"inLanguage\":\"sv-SE\",\"@id\":\"https:\/\/www.fizzyvape.eu\/sv\/#\/schema\/logo\/image\/\",\"url\":\"https:\/\/fizzyvape.eu\/wp-content\/uploads\/2019\/06\/print-1.svg\",\"contentUrl\":\"https:\/\/fizzyvape.eu\/wp-content\/uploads\/2019\/06\/print-1.svg\",\"width\":124,\"height\":37,\"caption\":\"fizzyvape.eu\"},\"image\":{\"@id\":\"https:\/\/www.fizzyvape.eu\/sv\/#\/schema\/logo\/image\/\"}}]}<\/script>\n<meta property=\"og:availability\" content=\"out of stock\" \/>\n<meta property=\"product:availability\" content=\"out of stock\" \/>\n<meta property=\"product:condition\" content=\"new\" \/>\n<!-- \/ Yoast SEO Premium plugin. -->","yoast_head_json":{"title":"Fizzy Nova Plus 40000 Puffs Berry Zesty Blast 6-smakspaket - 6 st - fizzyvape.eu","description":"40K Vape 6-smakspaket - 240K puffar totalt! Tropiska frukter, saftiga b\u00e4r och kryddig citrus i l\u00e5ngvariga eng\u00e5ngsbeh\u00e5llare. Prova alla smaker idag!","robots":{"index":"index","follow":"follow","max-snippet":"max-snippet:-1","max-image-preview":"max-image-preview:large","max-video-preview":"max-video-preview:-1"},"canonical":"https:\/\/fizzyvape.eu\/sv\/produkt\/fizzy-nova-plus-40000-puffs-berry-zesty-blast-6-smakspaket-6-st\/","og_locale":"sv_SE","og_type":"article","og_title":"Fizzy Nova Plus 40000 Puffs Berry Zesty Blast 6-smakspaket - 6 st","og_description":"40K Vape 6-smakspaket - 240K puffar totalt! Tropiska frukter, saftiga b\u00e4r och kryddig citrus i l\u00e5ngvariga eng\u00e5ngsbeh\u00e5llare. Prova alla smaker idag!","og_url":"https:\/\/fizzyvape.eu\/sv\/produkt\/fizzy-nova-plus-40000-puffs-berry-zesty-blast-6-smakspaket-6-st\/","og_site_name":"fizzyvape.eu","article_modified_time":"2025-11-22T01:56:54+00:00","og_image":[{"width":800,"height":800,"url":"https:\/\/fizzyvape.eu\/wp-content\/uploads\/2025\/04\/Fizzy-Nova-Plus-40000-Puffs-1.webp","type":"image\/webp"}],"twitter_card":"summary_large_image","twitter_misc":{"Tillg\u00e4nglig":"Slut i lager"},"schema":{"@context":"https:\/\/schema.org","@graph":[{"@type":"WebPage","@id":"https:\/\/fizzyvape.eu\/sv\/produkt\/fizzy-nova-plus-40000-puffs-berry-zesty-blast-6-smakspaket-6-st\/","url":"https:\/\/fizzyvape.eu\/sv\/produkt\/fizzy-nova-plus-40000-puffs-berry-zesty-blast-6-smakspaket-6-st\/","name":"Fizzy Nova Plus 40000 Puffs Berry Zesty Blast 6-smakspaket - 6 st - fizzyvape.eu","isPartOf":{"@id":"https:\/\/www.fizzyvape.eu\/sv\/#website"},"primaryImageOfPage":{"@id":"https:\/\/fizzyvape.eu\/sv\/produkt\/fizzy-nova-plus-40000-puffs-berry-zesty-blast-6-smakspaket-6-st\/#primaryimage"},"image":{"@id":"https:\/\/fizzyvape.eu\/sv\/produkt\/fizzy-nova-plus-40000-puffs-berry-zesty-blast-6-smakspaket-6-st\/#primaryimage"},"thumbnailUrl":"https:\/\/fizzyvape.eu\/wp-content\/uploads\/2025\/04\/Fizzy-Nova-Plus-40000-Puffs-2.webp","datePublished":"2025-04-02T02:37:24+00:00","dateModified":"2025-11-22T01:56:54+00:00","description":"40K Vape 6-smakspaket - 240K puffar totalt! Tropiska frukter, saftiga b\u00e4r och kryddig citrus i l\u00e5ngvariga eng\u00e5ngsbeh\u00e5llare. Prova alla smaker idag!","breadcrumb":{"@id":"https:\/\/fizzyvape.eu\/sv\/produkt\/fizzy-nova-plus-40000-puffs-berry-zesty-blast-6-smakspaket-6-st\/#breadcrumb"},"inLanguage":"sv-SE","potentialAction":[{"@type":"ReadAction","target":["https:\/\/fizzyvape.eu\/sv\/produkt\/fizzy-nova-plus-40000-puffs-berry-zesty-blast-6-smakspaket-6-st\/"]}]},{"@type":"ImageObject","inLanguage":"sv-SE","@id":"https:\/\/fizzyvape.eu\/sv\/produkt\/fizzy-nova-plus-40000-puffs-berry-zesty-blast-6-smakspaket-6-st\/#primaryimage","url":"https:\/\/fizzyvape.eu\/wp-content\/uploads\/2025\/04\/Fizzy-Nova-Plus-40000-Puffs-2.webp","contentUrl":"https:\/\/fizzyvape.eu\/wp-content\/uploads\/2025\/04\/Fizzy-Nova-Plus-40000-Puffs-2.webp","width":800,"height":800,"caption":"Fizzy Nova Plus 40000 Puffs"},{"@type":"BreadcrumbList","@id":"https:\/\/fizzyvape.eu\/sv\/produkt\/fizzy-nova-plus-40000-puffs-berry-zesty-blast-6-smakspaket-6-st\/#breadcrumb","itemListElement":[{"@type":"ListItem","position":1,"name":"Home","item":"https:\/\/fizzyvape.eu\/sv\/"},{"@type":"ListItem","position":2,"name":"Butik","item":"https:\/\/fizzyvape.eu\/sv\/butik\/"},{"@type":"ListItem","position":3,"name":"Fizzy Nova Plus 40000 Puffs Berry Zesty Blast 6-smakspaket &#8211; 6 st"}]},{"@type":"WebSite","@id":"https:\/\/www.fizzyvape.eu\/sv\/#website","url":"https:\/\/www.fizzyvape.eu\/sv\/","name":"fizzyvape.eu","description":"Refreshing Vapes. Unforgettable Taste.","publisher":{"@id":"https:\/\/www.fizzyvape.eu\/sv\/#organization"},"potentialAction":[{"@type":"SearchAction","target":{"@type":"EntryPoint","urlTemplate":"https:\/\/www.fizzyvape.eu\/sv\/?s={search_term_string}"},"query-input":{"@type":"PropertyValueSpecification","valueRequired":true,"valueName":"search_term_string"}}],"inLanguage":"sv-SE"},{"@type":"Organization","@id":"https:\/\/www.fizzyvape.eu\/sv\/#organization","name":"fizzyvape.eu","url":"https:\/\/www.fizzyvape.eu\/sv\/","logo":{"@type":"ImageObject","inLanguage":"sv-SE","@id":"https:\/\/www.fizzyvape.eu\/sv\/#\/schema\/logo\/image\/","url":"https:\/\/fizzyvape.eu\/wp-content\/uploads\/2019\/06\/print-1.svg","contentUrl":"https:\/\/fizzyvape.eu\/wp-content\/uploads\/2019\/06\/print-1.svg","width":124,"height":37,"caption":"fizzyvape.eu"},"image":{"@id":"https:\/\/www.fizzyvape.eu\/sv\/#\/schema\/logo\/image\/"}}]},"og_availability":"out of stock","product_availability":"out of stock","product_condition":"new"},"tiered_pricing_type":"fixed","tiered_pricing_fixed_rules":[],"tiered_pricing_product_settings":{"layout":"default","base_unit_name":{"singular":null,"plural":null},"default_variation":null},"tiered_pricing_minimum_quantity":null,"tiered_pricing_roles_data":[],"tiered_pricing_percentage_rules":[],"tiered_pricing_maximum_quantity":null,"tiered_pricing_quantity_step":null,"_links":{"self":[{"href":"https:\/\/fizzyvape.eu\/sv\/wp-json\/wp\/v2\/product\/25054","targetHints":{"allow":["GET"]}}],"collection":[{"href":"https:\/\/fizzyvape.eu\/sv\/wp-json\/wp\/v2\/product"}],"about":[{"href":"https:\/\/fizzyvape.eu\/sv\/wp-json\/wp\/v2\/types\/product"}],"replies":[{"embeddable":true,"href":"https:\/\/fizzyvape.eu\/sv\/wp-json\/wp\/v2\/comments?post=25054"}],"version-history":[{"count":0,"href":"https:\/\/fizzyvape.eu\/sv\/wp-json\/wp\/v2\/product\/25054\/revisions"}],"wp:featuredmedia":[{"embeddable":true,"href":"https:\/\/fizzyvape.eu\/sv\/wp-json\/wp\/v2\/media\/29632"}],"wp:attachment":[{"href":"https:\/\/fizzyvape.eu\/sv\/wp-json\/wp\/v2\/media?parent=25054"}],"wp:term":[{"taxonomy":"product_brand","embeddable":true,"href":"https:\/\/fizzyvape.eu\/sv\/wp-json\/wp\/v2\/product_brand?post=25054"},{"taxonomy":"product_cat","embeddable":true,"href":"https:\/\/fizzyvape.eu\/sv\/wp-json\/wp\/v2\/product_cat?post=25054"},{"taxonomy":"product_tag","embeddable":true,"href":"https:\/\/fizzyvape.eu\/sv\/wp-json\/wp\/v2\/product_tag?post=25054"}],"curies":[{"name":"wp","href":"https:\/\/api.w.org\/{rel}","templated":true}]}}