{"id":25102,"date":"2025-03-31T00:53:42","date_gmt":"2025-03-30T16:53:42","guid":{"rendered":"https:\/\/fizzyvape.eu\/product\/fizzy-nova-plus-blabar-kokosnot-40000-puffar-10st\/"},"modified":"2025-12-31T14:05:01","modified_gmt":"2025-12-31T06:05:01","slug":"fizzy-nova-plus-blabar-kokosnot-40000-puffar-10st","status":"publish","type":"product","link":"https:\/\/fizzyvape.eu\/sv\/produkt\/fizzy-nova-plus-blabar-kokosnot-40000-puffar-10st\/","title":{"rendered":"Fizzy Nova Plus Bl\u00e5b\u00e4r Kokosn\u00f6t &#8211; 40000 Puffar &#8211; 10st"},"content":{"rendered":"<div>\n<h1><strong>Fizzy Nova Plus Bl\u00e5b\u00e4r Kokosn\u00f6t 40000 Puffs &#8211; Premium Tropical Fusion Eng\u00e5ngs Vape<\/strong><\/h1>\n<p>Ge dig ut p\u00e5 en tropisk smakresa med <strong>Fizzy Nova Plus Blueberry Coconut 40 000 Puffs<\/strong>. Denna premium eng\u00e5ngs vape kombinerar saftiga vilda bl\u00e5b\u00e4r med kr\u00e4mig kokosn\u00f6t f\u00f6r en exotisk, sammetslen och mjuk vapingupplevelse. Njut av <strong>40 000 puffar<\/strong> av denna perfekt balanserade tropiska fusion, vilket ger konsekvent rika och tillfredsst\u00e4llande moln med varje drag.  <\/p>\n<h3>Viktiga egenskaper:<\/h3>\n<p>\ud83d\udd39 <strong>O\u00f6vertr\u00e4ffade 40.000 puffar<\/strong> &#8211; Upplev l\u00e5ngvarig tillfredsst\u00e4llelse med v\u00e5r branschledande kapacitet<br \/>\n\ud83d\udd39 <strong>Gener\u00f6s kapacitet p\u00e5 40 ml e-juice<\/strong> &#8211; njut av veckor av oavbruten vapingnjutning<br \/>\n\ud83d\udd39 <strong>N\u00e4sta generations Dual Mesh Coils<\/strong> &#8211; konstruerade f\u00f6r maximal smakutvinning och molnproduktion<br \/>\n\ud83d\udd39 <strong>Intelligenta dubbla vapingl\u00e4gen<\/strong> &#8211; optimera din upplevelse med batterisparande <strong>Eco<\/strong> eller smakf\u00f6rst\u00e4rkande <strong>Turbo<\/strong><br \/>\n\ud83d\udd39 <strong>Smart str\u00f6m\u00f6vervakning<\/strong> &#8211; LED-display ger omedelbara statusuppdateringar f\u00f6r batteri och e-juice<br \/>\n\ud83d\udd39 <strong>Ultrasnabb USB-C-laddning<\/strong> &#8211; 850 mAh-batteriet laddas upp helt p\u00e5 bara 120 minuter <\/p>\n<h3><strong>Varf\u00f6r v\u00e4lja Fizzy Nova Plus?<\/strong><\/h3>\n<p>\ud83d\udd25 <strong>O\u00f6vertr\u00e4ffad h\u00e5llbarhet<\/strong> &#8211; \u00f6vertr\u00e4ffar vanliga eng\u00e5ngsartiklar med <strong>300%<\/strong><br \/>\n\ud83d\udc8e <strong>Premiumteknik<\/strong> &#8211; Aerospace-klassad legeringskonstruktion med ergonomisk elegans<br \/>\n\ud83d\udc51 <strong>Smakperfektion<\/strong> &#8211; Noggrant utvecklad av v\u00e4rldsber\u00f6mda smakhantverkare <\/p>\n<\/div>\n<div>\n<h3><strong>Nikotinalternativ:<\/strong><\/h3>\n<p>&#8211; <strong>2% (20mg\/mL)<\/strong> &#8211; Idealisk f\u00f6r en mjuk och smakrik vapingupplevelse<br \/>\n&#8211; <strong>5% (50 mg\/ml)<\/strong> &#8211; Utformad f\u00f6r en starkare och mer tillfredsst\u00e4llande effekt i halsen <\/p>\n<h3>Specifikationer<\/h3>\n<table style=\"height: 449px;\" width=\"1340\">\n<tbody>\n<tr>\n<td>Puffar<\/td>\n<td><strong>40000+ Puffar<\/strong><\/td>\n<\/tr>\n<tr>\n<td>Kapacitet f\u00f6r e-v\u00e4tska<\/td>\n<td><strong>40 ml<\/strong><\/td>\n<\/tr>\n<tr>\n<td>Batteriets kapacitet<\/td>\n<td><strong>850 mAh<\/strong><\/td>\n<\/tr>\n<tr>\n<td>Storlek<\/td>\n<td><strong>52,5 * 24,5 * 104,3 mm<\/strong><\/td>\n<\/tr>\n<tr>\n<td>Eng\u00e5ngsbruk eller inte<\/td>\n<td><strong>Eng\u00e5ngsbruk<\/strong><\/td>\n<\/tr>\n<tr>\n<td>Laddningsmetod<\/td>\n<td><strong>Kabel<\/strong><\/td>\n<\/tr>\n<tr>\n<td>Aktiveringsmetod<\/td>\n<td><strong>Sensor<\/strong><\/td>\n<\/tr>\n<tr>\n<td>Material<\/td>\n<td><strong>PCTG<\/strong><\/td>\n<\/tr>\n<tr>\n<td>Nikotinniv\u00e5<\/td>\n<td><strong>2% (20mg\/mL) &amp; 5% (50mg\/mL)<\/strong><\/td>\n<\/tr>\n<tr>\n<td>Smak\u00e4mnen<\/td>\n<td><strong>12<\/strong><\/td>\n<\/tr>\n<tr>\n<td>F\u00f6rpackning<\/td>\n<td><strong>1 f\u00f6rpackning<\/strong><\/td>\n<\/tr>\n<tr>\n<td>Laddningstid<\/td>\n<td><strong>2 timmar<\/strong><\/td>\n<\/tr>\n<tr>\n<td>F\u00f6rvaring<\/td>\n<td><strong>Undvik milj\u00f6er med h\u00f6ga temperaturer och f\u00f6rvara p\u00e5 en sval och torr plats.<\/strong><\/td>\n<\/tr>\n<tr>\n<td>Personer som \u00e4r f\u00f6rbjudna att anv\u00e4nda<\/td>\n<td><strong>Minder\u00e5riga, gravida kvinnor och personer som \u00e4r allergiska mot produktens ingredienser.<\/strong><\/td>\n<\/tr>\n<tr>\n<td>F\u00f6rsiktighet<\/td>\n<td><strong>Sv\u00e4lj inte detta \u00e4mne. Vid f\u00f6rt\u00e4ring, sk\u00f6lj munnen noggrant och omedelbart. Upps\u00f6k l\u00e4kare om du k\u00e4nner dig d\u00e5lig.  <\/strong><\/td>\n<\/tr>\n<\/tbody>\n<\/table>\n<h3><strong>Fizzy Nova Plus <\/strong>40000 Puffs Smaklista:<\/h3>\n<ol>\n<li><a href=\"https:\/\/fizzyvape.eu\/sv\/produkt\/fizzy-nova-plus-strawberry-kiwi-40000-puffar-10-st\/\">Jordgubb Kiwi<\/a><\/li>\n<li><a href=\"https:\/\/fizzyvape.eu\/sv\/produkt\/fizzy-nova-plus-blabarsis-40000-puffar-10-st\/\">Bl\u00e5b\u00e4rsis<\/a><\/li>\n<li><a href=\"https:\/\/fizzyvape.eu\/sv\/produkt\/fizzy-nova-plus-vattenmelon-is-40000-puffar-10st\/\">Vattenmelon-is<\/a><\/li>\n<li><a href=\"https:\/\/fizzyvape.eu\/sv\/produkt\/fizzy-nova-plus-persika-mango-vattenmelon-40000-puffar-10st\/\">Persika Mango Vattenmelon<\/a><\/li>\n<li><a href=\"https:\/\/fizzyvape.eu\/sv\/produkt\/fizzy-nova-plus-kiwi-passion-fruit-guava-40000-puffar-10-st\/\">Kiwi Passionsfrukt Guava<\/a><\/li>\n<li><a href=\"https:\/\/fizzyvape.eu\/sv\/produkt\/fizzy-nova-plus-hallon-citron-40000-puffar-10-st\/\">Hallon Citron<\/a><\/li>\n<li><a href=\"https:\/\/fizzyvape.eu\/sv\/produkt\/fizzy-nova-plus-triple-berry-40000-puffar-10-st\/\">Trippelb\u00e4r<\/a><\/li>\n<li><a href=\"https:\/\/fizzyvape.eu\/sv\/produkt\/fizzy-nova-plus-peach-ice-40000-puffar-10-st\/\">Persika is<\/a><\/li>\n<li><a href=\"https:\/\/fizzyvape.eu\/sv\/produkt\/fizzy-nova-plus-grape-lime-40000-puffar-10-st\/\">Druva Lime<\/a><\/li>\n<li><a href=\"https:\/\/fizzyvape.eu\/sv\/produkt\/fizzy-nova-plus-blue-razz-lemonade-40000-puffar-10-st\/\">Blue Razz Lemonade<\/a><\/li>\n<li><a href=\"https:\/\/fizzyvape.eu\/sv\/produkt\/fizzy-nova-plus-strawberry-ice-40000-puffar-10-st\/\">Jordgubbsis<\/a><\/li>\n<li><a href=\"https:\/\/fizzyvape.eu\/sv\/produkt\/fizzy-nova-plus-blabar-kokosnot-40000-puffar-10st\/\">Bl\u00e5b\u00e4r Kokosn\u00f6t<\/a><\/li>\n<\/ol>\n<h3>Vanliga fr\u00e5gor om Fizzy Nova Plus Blueberry Coconut 40000 Puffs Vape<\/h3>\n<p><strong>1. Hur l\u00e4nge h\u00e5ller Fizzy Nova Plus Blueberry Coconut?<\/strong><br \/>\nMed <strong>40 000 puffar<\/strong> h\u00e5ller denna vape <strong>upp till 3 g\u00e5nger l\u00e4ngre<\/strong> \u00e4n vanliga eng\u00e5ngsapparater, vilket garanterar l\u00e5ngvarig njutning utan frekventa byten.<\/p>\n<p><strong>2. Hur smakar smaken Blueberry Coconut?<\/strong><br \/>\nDen erbjuder en <strong>unik tropisk fusion<\/strong>, som kombinerar <strong>s\u00f6tman hos vilda bl\u00e5b\u00e4r<\/strong> med den <strong>mjuka, kr\u00e4miga essensen av kokosn\u00f6t<\/strong> f\u00f6r en rik och exotisk vapingupplevelse.<\/p>\n<p><strong>3. Vad skiljer Fizzy Nova Plus fr\u00e5n andra eng\u00e5ngsvapor?<\/strong><br \/>\nDenna enhet har en <strong>40 ml e-v\u00e4tskekapacitet, avancerad dual mesh coil-teknik, intelligenta dubbla vapingl\u00e4gen (Eco &amp; Turbo) och en LED-str\u00f6mdisplay<\/strong> utformad f\u00f6r att f\u00f6rb\u00e4ttra smak, livsl\u00e4ngd och bekv\u00e4mlighet.<\/p>\n<p><strong>4. Vilka nikotinstyrkor finns tillg\u00e4ngliga?<\/strong><br \/>\nFizzy Nova Plus Blueberry Coconut finns i tv\u00e5 alternativ:<\/p>\n<ul>\n<li><strong>2% (20mg\/mL)<\/strong> &#8211; En mjuk och smakrik upplevelse<\/li>\n<li><strong>5% (50mg\/mL)<\/strong> &#8211; En mer potent nikotintr\u00e4ff f\u00f6r en mer intensiv halstr\u00e4ff<\/li>\n<\/ul>\n<\/div>\n","protected":false},"excerpt":{"rendered":"<p>Upplev en lyxig tropisk fusion med <strong>Fizzy Nova Plus Blueberry Coconut 40.000 Puffs<\/strong>. Denna premium eng\u00e5ngsvape kombinerar s\u00f6tman fr\u00e5n vilda bl\u00e5b\u00e4r med kr\u00e4mig kokosn\u00f6t f\u00f6r en exotisk, sammetslen och smidig vapingupplevelse. <\/p>\n","protected":false},"featured_media":29981,"comment_status":"open","ping_status":"closed","template":"","meta":{"iawp_total_views":12},"product_brand":[],"product_cat":[353],"product_tag":[347],"class_list":{"0":"post-25102","1":"product","2":"type-product","3":"status-publish","4":"has-post-thumbnail","6":"product_cat-nova-plus-40000-puffar-engangs-vape-sv","7":"product_tag-40000-puffar","9":"first","10":"outofstock","11":"sale","12":"shipping-taxable","13":"purchasable","14":"product-type-variable"},"yoast_head":"<!-- This site is optimized with the Yoast SEO Premium plugin v24.8 (Yoast SEO v24.8) - https:\/\/yoast.com\/wordpress\/plugins\/seo\/ -->\n<title>Fizzy Nova Plus Bl\u00e5b\u00e4r Kokosn\u00f6t - 40000 Puffar - 10st - fizzyvape.eu<\/title>\n<meta name=\"description\" content=\"Fizzy Nova Plus Blueberry Coconut 40,000 Puffs Disposable Vape - Tropisk fusionsmak, 40 ml e-juice, dubbla n\u00e4tspolar. Njut av l\u00e5ngvarig tillfredsst\u00e4llelse!\" \/>\n<meta name=\"robots\" content=\"index, follow, max-snippet:-1, max-image-preview:large, max-video-preview:-1\" \/>\n<link rel=\"canonical\" href=\"https:\/\/fizzyvape.eu\/sv\/produkt\/fizzy-nova-plus-blabar-kokosnot-40000-puffar-10st\/\" \/>\n<meta property=\"og:locale\" content=\"sv_SE\" \/>\n<meta property=\"og:type\" content=\"article\" \/>\n<meta property=\"og:title\" content=\"Fizzy Nova Plus Bl\u00e5b\u00e4r Kokosn\u00f6t - 40000 Puffar - 10st\" \/>\n<meta property=\"og:description\" content=\"Fizzy Nova Plus Blueberry Coconut 40,000 Puffs Disposable Vape - Tropisk fusionsmak, 40 ml e-juice, dubbla n\u00e4tspolar. Njut av l\u00e5ngvarig tillfredsst\u00e4llelse!\" \/>\n<meta property=\"og:url\" content=\"https:\/\/fizzyvape.eu\/sv\/produkt\/fizzy-nova-plus-blabar-kokosnot-40000-puffar-10st\/\" \/>\n<meta property=\"og:site_name\" content=\"fizzyvape.eu\" \/>\n<meta property=\"article:modified_time\" content=\"2025-12-31T06:05:01+00:00\" \/>\n<meta property=\"og:image\" content=\"https:\/\/www.fizzyvape.eu\/wp-content\/uploads\/2025\/04\/Fizzy-Nova-Plus-Blueberry-Coconut-40000Puffs-1.webp\" \/>\n\t<meta property=\"og:image:width\" content=\"800\" \/>\n\t<meta property=\"og:image:height\" content=\"800\" \/>\n\t<meta property=\"og:image:type\" content=\"image\/webp\" \/>\n<meta name=\"twitter:card\" content=\"summary_large_image\" \/>\n<meta name=\"twitter:label1\" content=\"Tillg\u00e4nglig\" \/>\n\t<meta name=\"twitter:data1\" content=\"Slut i lager\" \/>\n<script type=\"application\/ld+json\" class=\"yoast-schema-graph\">{\"@context\":\"https:\/\/schema.org\",\"@graph\":[{\"@type\":\"WebPage\",\"@id\":\"https:\/\/fizzyvape.eu\/sv\/produkt\/fizzy-nova-plus-blabar-kokosnot-40000-puffar-10st\/\",\"url\":\"https:\/\/fizzyvape.eu\/sv\/produkt\/fizzy-nova-plus-blabar-kokosnot-40000-puffar-10st\/\",\"name\":\"Fizzy Nova Plus Bl\u00e5b\u00e4r Kokosn\u00f6t - 40000 Puffar - 10st - fizzyvape.eu\",\"isPartOf\":{\"@id\":\"https:\/\/www.fizzyvape.eu\/sv\/#website\"},\"primaryImageOfPage\":{\"@id\":\"https:\/\/fizzyvape.eu\/sv\/produkt\/fizzy-nova-plus-blabar-kokosnot-40000-puffar-10st\/#primaryimage\"},\"image\":{\"@id\":\"https:\/\/fizzyvape.eu\/sv\/produkt\/fizzy-nova-plus-blabar-kokosnot-40000-puffar-10st\/#primaryimage\"},\"thumbnailUrl\":\"https:\/\/fizzyvape.eu\/wp-content\/uploads\/2025\/03\/Fizzy-Nova-Plus-40000-Puffs-Blueberry-Coconut-10pcs.webp\",\"datePublished\":\"2025-03-30T16:53:42+00:00\",\"dateModified\":\"2025-12-31T06:05:01+00:00\",\"description\":\"Fizzy Nova Plus Blueberry Coconut 40,000 Puffs Disposable Vape - Tropisk fusionsmak, 40 ml e-juice, dubbla n\u00e4tspolar. Njut av l\u00e5ngvarig tillfredsst\u00e4llelse!\",\"breadcrumb\":{\"@id\":\"https:\/\/fizzyvape.eu\/sv\/produkt\/fizzy-nova-plus-blabar-kokosnot-40000-puffar-10st\/#breadcrumb\"},\"inLanguage\":\"sv-SE\",\"potentialAction\":[{\"@type\":\"ReadAction\",\"target\":[\"https:\/\/fizzyvape.eu\/sv\/produkt\/fizzy-nova-plus-blabar-kokosnot-40000-puffar-10st\/\"]}]},{\"@type\":\"ImageObject\",\"inLanguage\":\"sv-SE\",\"@id\":\"https:\/\/fizzyvape.eu\/sv\/produkt\/fizzy-nova-plus-blabar-kokosnot-40000-puffar-10st\/#primaryimage\",\"url\":\"https:\/\/fizzyvape.eu\/wp-content\/uploads\/2025\/03\/Fizzy-Nova-Plus-40000-Puffs-Blueberry-Coconut-10pcs.webp\",\"contentUrl\":\"https:\/\/fizzyvape.eu\/wp-content\/uploads\/2025\/03\/Fizzy-Nova-Plus-40000-Puffs-Blueberry-Coconut-10pcs.webp\",\"width\":800,\"height\":800,\"caption\":\"Fizzy Nova Plus 40000 Puffs Bl\u00e5b\u00e4r Kokosn\u00f6t 10st\"},{\"@type\":\"BreadcrumbList\",\"@id\":\"https:\/\/fizzyvape.eu\/sv\/produkt\/fizzy-nova-plus-blabar-kokosnot-40000-puffar-10st\/#breadcrumb\",\"itemListElement\":[{\"@type\":\"ListItem\",\"position\":1,\"name\":\"Home\",\"item\":\"https:\/\/fizzyvape.eu\/sv\/\"},{\"@type\":\"ListItem\",\"position\":2,\"name\":\"Butik\",\"item\":\"https:\/\/fizzyvape.eu\/sv\/butik\/\"},{\"@type\":\"ListItem\",\"position\":3,\"name\":\"Fizzy Nova Plus Bl\u00e5b\u00e4r Kokosn\u00f6t &#8211; 40000 Puffar &#8211; 10st\"}]},{\"@type\":\"WebSite\",\"@id\":\"https:\/\/www.fizzyvape.eu\/sv\/#website\",\"url\":\"https:\/\/www.fizzyvape.eu\/sv\/\",\"name\":\"fizzyvape.eu\",\"description\":\"Refreshing Vapes. Unforgettable Taste.\",\"publisher\":{\"@id\":\"https:\/\/www.fizzyvape.eu\/sv\/#organization\"},\"potentialAction\":[{\"@type\":\"SearchAction\",\"target\":{\"@type\":\"EntryPoint\",\"urlTemplate\":\"https:\/\/www.fizzyvape.eu\/sv\/?s={search_term_string}\"},\"query-input\":{\"@type\":\"PropertyValueSpecification\",\"valueRequired\":true,\"valueName\":\"search_term_string\"}}],\"inLanguage\":\"sv-SE\"},{\"@type\":\"Organization\",\"@id\":\"https:\/\/www.fizzyvape.eu\/sv\/#organization\",\"name\":\"fizzyvape.eu\",\"url\":\"https:\/\/www.fizzyvape.eu\/sv\/\",\"logo\":{\"@type\":\"ImageObject\",\"inLanguage\":\"sv-SE\",\"@id\":\"https:\/\/www.fizzyvape.eu\/sv\/#\/schema\/logo\/image\/\",\"url\":\"https:\/\/fizzyvape.eu\/wp-content\/uploads\/2019\/06\/print-1.svg\",\"contentUrl\":\"https:\/\/fizzyvape.eu\/wp-content\/uploads\/2019\/06\/print-1.svg\",\"width\":124,\"height\":37,\"caption\":\"fizzyvape.eu\"},\"image\":{\"@id\":\"https:\/\/www.fizzyvape.eu\/sv\/#\/schema\/logo\/image\/\"}}]}<\/script>\n<meta property=\"og:availability\" content=\"out of stock\" \/>\n<meta property=\"product:availability\" content=\"out of stock\" \/>\n<meta property=\"product:condition\" content=\"new\" \/>\n<!-- \/ Yoast SEO Premium plugin. -->","yoast_head_json":{"title":"Fizzy Nova Plus Bl\u00e5b\u00e4r Kokosn\u00f6t - 40000 Puffar - 10st - fizzyvape.eu","description":"Fizzy Nova Plus Blueberry Coconut 40,000 Puffs Disposable Vape - Tropisk fusionsmak, 40 ml e-juice, dubbla n\u00e4tspolar. Njut av l\u00e5ngvarig tillfredsst\u00e4llelse!","robots":{"index":"index","follow":"follow","max-snippet":"max-snippet:-1","max-image-preview":"max-image-preview:large","max-video-preview":"max-video-preview:-1"},"canonical":"https:\/\/fizzyvape.eu\/sv\/produkt\/fizzy-nova-plus-blabar-kokosnot-40000-puffar-10st\/","og_locale":"sv_SE","og_type":"article","og_title":"Fizzy Nova Plus Bl\u00e5b\u00e4r Kokosn\u00f6t - 40000 Puffar - 10st","og_description":"Fizzy Nova Plus Blueberry Coconut 40,000 Puffs Disposable Vape - Tropisk fusionsmak, 40 ml e-juice, dubbla n\u00e4tspolar. Njut av l\u00e5ngvarig tillfredsst\u00e4llelse!","og_url":"https:\/\/fizzyvape.eu\/sv\/produkt\/fizzy-nova-plus-blabar-kokosnot-40000-puffar-10st\/","og_site_name":"fizzyvape.eu","article_modified_time":"2025-12-31T06:05:01+00:00","og_image":[{"width":800,"height":800,"url":"https:\/\/www.fizzyvape.eu\/wp-content\/uploads\/2025\/04\/Fizzy-Nova-Plus-Blueberry-Coconut-40000Puffs-1.webp","type":"image\/webp"}],"twitter_card":"summary_large_image","twitter_misc":{"Tillg\u00e4nglig":"Slut i lager"},"schema":{"@context":"https:\/\/schema.org","@graph":[{"@type":"WebPage","@id":"https:\/\/fizzyvape.eu\/sv\/produkt\/fizzy-nova-plus-blabar-kokosnot-40000-puffar-10st\/","url":"https:\/\/fizzyvape.eu\/sv\/produkt\/fizzy-nova-plus-blabar-kokosnot-40000-puffar-10st\/","name":"Fizzy Nova Plus Bl\u00e5b\u00e4r Kokosn\u00f6t - 40000 Puffar - 10st - fizzyvape.eu","isPartOf":{"@id":"https:\/\/www.fizzyvape.eu\/sv\/#website"},"primaryImageOfPage":{"@id":"https:\/\/fizzyvape.eu\/sv\/produkt\/fizzy-nova-plus-blabar-kokosnot-40000-puffar-10st\/#primaryimage"},"image":{"@id":"https:\/\/fizzyvape.eu\/sv\/produkt\/fizzy-nova-plus-blabar-kokosnot-40000-puffar-10st\/#primaryimage"},"thumbnailUrl":"https:\/\/fizzyvape.eu\/wp-content\/uploads\/2025\/03\/Fizzy-Nova-Plus-40000-Puffs-Blueberry-Coconut-10pcs.webp","datePublished":"2025-03-30T16:53:42+00:00","dateModified":"2025-12-31T06:05:01+00:00","description":"Fizzy Nova Plus Blueberry Coconut 40,000 Puffs Disposable Vape - Tropisk fusionsmak, 40 ml e-juice, dubbla n\u00e4tspolar. Njut av l\u00e5ngvarig tillfredsst\u00e4llelse!","breadcrumb":{"@id":"https:\/\/fizzyvape.eu\/sv\/produkt\/fizzy-nova-plus-blabar-kokosnot-40000-puffar-10st\/#breadcrumb"},"inLanguage":"sv-SE","potentialAction":[{"@type":"ReadAction","target":["https:\/\/fizzyvape.eu\/sv\/produkt\/fizzy-nova-plus-blabar-kokosnot-40000-puffar-10st\/"]}]},{"@type":"ImageObject","inLanguage":"sv-SE","@id":"https:\/\/fizzyvape.eu\/sv\/produkt\/fizzy-nova-plus-blabar-kokosnot-40000-puffar-10st\/#primaryimage","url":"https:\/\/fizzyvape.eu\/wp-content\/uploads\/2025\/03\/Fizzy-Nova-Plus-40000-Puffs-Blueberry-Coconut-10pcs.webp","contentUrl":"https:\/\/fizzyvape.eu\/wp-content\/uploads\/2025\/03\/Fizzy-Nova-Plus-40000-Puffs-Blueberry-Coconut-10pcs.webp","width":800,"height":800,"caption":"Fizzy Nova Plus 40000 Puffs Bl\u00e5b\u00e4r Kokosn\u00f6t 10st"},{"@type":"BreadcrumbList","@id":"https:\/\/fizzyvape.eu\/sv\/produkt\/fizzy-nova-plus-blabar-kokosnot-40000-puffar-10st\/#breadcrumb","itemListElement":[{"@type":"ListItem","position":1,"name":"Home","item":"https:\/\/fizzyvape.eu\/sv\/"},{"@type":"ListItem","position":2,"name":"Butik","item":"https:\/\/fizzyvape.eu\/sv\/butik\/"},{"@type":"ListItem","position":3,"name":"Fizzy Nova Plus Bl\u00e5b\u00e4r Kokosn\u00f6t &#8211; 40000 Puffar &#8211; 10st"}]},{"@type":"WebSite","@id":"https:\/\/www.fizzyvape.eu\/sv\/#website","url":"https:\/\/www.fizzyvape.eu\/sv\/","name":"fizzyvape.eu","description":"Refreshing Vapes. Unforgettable Taste.","publisher":{"@id":"https:\/\/www.fizzyvape.eu\/sv\/#organization"},"potentialAction":[{"@type":"SearchAction","target":{"@type":"EntryPoint","urlTemplate":"https:\/\/www.fizzyvape.eu\/sv\/?s={search_term_string}"},"query-input":{"@type":"PropertyValueSpecification","valueRequired":true,"valueName":"search_term_string"}}],"inLanguage":"sv-SE"},{"@type":"Organization","@id":"https:\/\/www.fizzyvape.eu\/sv\/#organization","name":"fizzyvape.eu","url":"https:\/\/www.fizzyvape.eu\/sv\/","logo":{"@type":"ImageObject","inLanguage":"sv-SE","@id":"https:\/\/www.fizzyvape.eu\/sv\/#\/schema\/logo\/image\/","url":"https:\/\/fizzyvape.eu\/wp-content\/uploads\/2019\/06\/print-1.svg","contentUrl":"https:\/\/fizzyvape.eu\/wp-content\/uploads\/2019\/06\/print-1.svg","width":124,"height":37,"caption":"fizzyvape.eu"},"image":{"@id":"https:\/\/www.fizzyvape.eu\/sv\/#\/schema\/logo\/image\/"}}]},"og_availability":"out of stock","product_availability":"out of stock","product_condition":"new"},"tiered_pricing_type":"fixed","tiered_pricing_fixed_rules":[],"tiered_pricing_product_settings":{"layout":"default","base_unit_name":{"singular":null,"plural":null},"default_variation":null},"tiered_pricing_minimum_quantity":null,"tiered_pricing_roles_data":[],"tiered_pricing_percentage_rules":[],"tiered_pricing_maximum_quantity":null,"tiered_pricing_quantity_step":null,"_links":{"self":[{"href":"https:\/\/fizzyvape.eu\/sv\/wp-json\/wp\/v2\/product\/25102","targetHints":{"allow":["GET"]}}],"collection":[{"href":"https:\/\/fizzyvape.eu\/sv\/wp-json\/wp\/v2\/product"}],"about":[{"href":"https:\/\/fizzyvape.eu\/sv\/wp-json\/wp\/v2\/types\/product"}],"replies":[{"embeddable":true,"href":"https:\/\/fizzyvape.eu\/sv\/wp-json\/wp\/v2\/comments?post=25102"}],"version-history":[{"count":0,"href":"https:\/\/fizzyvape.eu\/sv\/wp-json\/wp\/v2\/product\/25102\/revisions"}],"wp:featuredmedia":[{"embeddable":true,"href":"https:\/\/fizzyvape.eu\/sv\/wp-json\/wp\/v2\/media\/29981"}],"wp:attachment":[{"href":"https:\/\/fizzyvape.eu\/sv\/wp-json\/wp\/v2\/media?parent=25102"}],"wp:term":[{"taxonomy":"product_brand","embeddable":true,"href":"https:\/\/fizzyvape.eu\/sv\/wp-json\/wp\/v2\/product_brand?post=25102"},{"taxonomy":"product_cat","embeddable":true,"href":"https:\/\/fizzyvape.eu\/sv\/wp-json\/wp\/v2\/product_cat?post=25102"},{"taxonomy":"product_tag","embeddable":true,"href":"https:\/\/fizzyvape.eu\/sv\/wp-json\/wp\/v2\/product_tag?post=25102"}],"curies":[{"name":"wp","href":"https:\/\/api.w.org\/{rel}","templated":true}]}}