{"id":25279,"date":"2025-03-31T00:10:12","date_gmt":"2025-03-30T16:10:12","guid":{"rendered":"https:\/\/fizzyvape.eu\/product\/fizzy-nova-plus-triple-berry-40000-puffar-10-st\/"},"modified":"2025-12-23T14:43:54","modified_gmt":"2025-12-23T06:43:54","slug":"fizzy-nova-plus-triple-berry-40000-puffar-10-st","status":"publish","type":"product","link":"https:\/\/fizzyvape.eu\/sv\/produkt\/fizzy-nova-plus-triple-berry-40000-puffar-10-st\/","title":{"rendered":"Fizzy Nova Plus Triple Berry &#8211; 40000 puffar &#8211; 10 st"},"content":{"rendered":"<div>\n<h1><strong>Fizzy Nova Plus Triple Berry 40000 puffar &#8211; Premium Berry Medley eng\u00e5ngsvape<\/strong><\/h1>\n<p>Ge dig ut p\u00e5 en b\u00e4rig resa med <strong>Fizzy Nova Plus Triple Berry 40000 Puffs<\/strong> &#8211; d\u00e4r saftiga jordgubbar (40%), saftiga bl\u00e5b\u00e4r (30%) och syrliga hallon (30%) blandas i perfekt harmoni. Denna premium eng\u00e5ngsvape levererar <strong>40 000 ultramjuka puffar<\/strong> av v\u00e5r mest livfulla b\u00e4rfusion, som f\u00e5ngar essensen av en solmogen b\u00e4rlapp i varje moln. <\/p>\n<h3>Viktiga egenskaper:<\/h3>\n<p>\ud83d\udd25 <strong>O\u00f6vertr\u00e4ffad prestanda<\/strong> &#8211; 40 000 puffar ger 3x l\u00e4ngre livsl\u00e4ngd \u00e4n vanliga eng\u00e5ngsartiklar<br \/>\n\ud83d\udc8e <strong>Premiumkonstruktion<\/strong> &#8211; PCTG-kropp av luftrumskvalitet med ergonomiskt munstycke<br \/>\n\ud83d\udc51 <strong>Flavor Mastery<\/strong> &#8211; Utvecklad av prisbel\u00f6nta mixologer f\u00f6r autentisk smak<br \/>\n\u26a1 <strong>Adaptive Technology<\/strong> &#8211; Intelligent chipset uppr\u00e4tth\u00e5ller j\u00e4mn smak till sista puffen <\/p>\n<h3>Varf\u00f6r v\u00e4lja Fizzy Nova Plus?<\/h3>\n<p>\ud83d\udd25 <strong>Prestanda omdefinierad<\/strong> &#8211; Upplev 3 g\u00e5nger s\u00e5 l\u00e5ng livsl\u00e4ngd med 40 000 premiumpuffar som \u00f6vertr\u00e4ffar vanliga eng\u00e5ngsprodukter.<br \/>\n\ud83d\udc8e <strong>Engineered Excellence<\/strong> &#8211; Premium PCTG-h\u00f6lje i flyg- och rymdkvalitet med komfortoptimerad munstycksdesign<br \/>\n\ud83d\udc51 <strong>M\u00e4sterligt smakskapande<\/strong> &#8211; Precisionsformulerad av elitsmakspecialister f\u00f6r \u00e4kta fruktsmak<br \/>\n\u26a1 <strong>Smart Vaping Technology<\/strong> &#8211; Avancerad chipset s\u00e4kerst\u00e4ller smakkonsistens fr\u00e5n f\u00f6rsta till sista blosset <\/p>\n<\/div>\n<div>\n<h3><strong>Nikotinalternativ:<\/strong><\/h3>\n<p>&#8211; <strong>2% (20mg\/mL)<\/strong> &#8211; Idealisk f\u00f6r en mjuk och smakrik vapingupplevelse<br \/>\n&#8211; <strong>5% (50 mg\/ml)<\/strong> &#8211; Utformad f\u00f6r en starkare och mer tillfredsst\u00e4llande effekt i halsen <\/p>\n<h3>Specifikationer<\/h3>\n<table style=\"height: 449px;\" width=\"1340\">\n<tbody>\n<tr>\n<td>Puffar<\/td>\n<td><strong>40000+ Puffar<\/strong><\/td>\n<\/tr>\n<tr>\n<td>Kapacitet f\u00f6r e-v\u00e4tska<\/td>\n<td><strong>40 ml<\/strong><\/td>\n<\/tr>\n<tr>\n<td>Batteriets kapacitet<\/td>\n<td><strong>850 mAh<\/strong><\/td>\n<\/tr>\n<tr>\n<td>Storlek<\/td>\n<td><strong>52,5 * 24,5 * 104,3 mm<\/strong><\/td>\n<\/tr>\n<tr>\n<td>Eng\u00e5ngsbruk eller inte<\/td>\n<td><strong>Eng\u00e5ngsbruk<\/strong><\/td>\n<\/tr>\n<tr>\n<td>Laddningsmetod<\/td>\n<td><strong>Kabel<\/strong><\/td>\n<\/tr>\n<tr>\n<td>Aktiveringsmetod<\/td>\n<td><strong>Sensor<\/strong><\/td>\n<\/tr>\n<tr>\n<td>Material<\/td>\n<td><strong>PCTG<\/strong><\/td>\n<\/tr>\n<tr>\n<td>Nikotinniv\u00e5<\/td>\n<td><strong>2% (20mg\/mL) &amp; 5% (50mg\/mL)<\/strong><\/td>\n<\/tr>\n<tr>\n<td>Smak\u00e4mnen<\/td>\n<td><strong>12<\/strong><\/td>\n<\/tr>\n<tr>\n<td>F\u00f6rpackning<\/td>\n<td><strong>1 f\u00f6rpackning<\/strong><\/td>\n<\/tr>\n<tr>\n<td>Laddningstid<\/td>\n<td><strong>2 timmar<\/strong><\/td>\n<\/tr>\n<tr>\n<td>F\u00f6rvaring<\/td>\n<td><strong>Undvik milj\u00f6er med h\u00f6ga temperaturer och f\u00f6rvara p\u00e5 en sval och torr plats.<\/strong><\/td>\n<\/tr>\n<tr>\n<td>Personer som \u00e4r f\u00f6rbjudna att anv\u00e4nda<\/td>\n<td><strong>Minder\u00e5riga, gravida kvinnor och personer som \u00e4r allergiska mot produktens ingredienser.<\/strong><\/td>\n<\/tr>\n<tr>\n<td>F\u00f6rsiktighet<\/td>\n<td><strong>Sv\u00e4lj inte detta \u00e4mne. Vid f\u00f6rt\u00e4ring, sk\u00f6lj munnen noggrant och omedelbart. Upps\u00f6k l\u00e4kare om du k\u00e4nner dig d\u00e5lig.  <\/strong><\/td>\n<\/tr>\n<\/tbody>\n<\/table>\n<h3><strong>Fizzy Nova Plus <\/strong>40000 Puffs Smaklista:<\/h3>\n<ol>\n<li><a href=\"https:\/\/fizzyvape.eu\/sv\/produkt\/fizzy-nova-plus-strawberry-kiwi-40000-puffar-10-st\/\">Jordgubb Kiwi<\/a><\/li>\n<li><a href=\"https:\/\/fizzyvape.eu\/sv\/produkt\/fizzy-nova-plus-blabarsis-40000-puffar-10-st\/\">Bl\u00e5b\u00e4rsis<\/a><\/li>\n<li><a href=\"https:\/\/fizzyvape.eu\/sv\/produkt\/fizzy-nova-plus-vattenmelon-is-40000-puffar-10st\/\">Vattenmelon-is<\/a><\/li>\n<li><a href=\"https:\/\/fizzyvape.eu\/sv\/produkt\/fizzy-nova-plus-persika-mango-vattenmelon-40000-puffar-10st\/\">Persika Mango Vattenmelon<\/a><\/li>\n<li><a href=\"https:\/\/fizzyvape.eu\/sv\/produkt\/fizzy-nova-plus-kiwi-passion-fruit-guava-40000-puffar-10-st\/\">Kiwi Passionsfrukt Guava<\/a><\/li>\n<li><a href=\"https:\/\/fizzyvape.eu\/sv\/produkt\/fizzy-nova-plus-hallon-citron-40000-puffar-10-st\/\">Hallon Citron<\/a><\/li>\n<li><a href=\"https:\/\/fizzyvape.eu\/sv\/produkt\/fizzy-nova-plus-triple-berry-40000-puffar-10-st\/\">Trippelb\u00e4r<\/a><\/li>\n<li><a href=\"https:\/\/fizzyvape.eu\/sv\/produkt\/fizzy-nova-plus-peach-ice-40000-puffar-10-st\/\">Persika is<\/a><\/li>\n<li><a href=\"https:\/\/fizzyvape.eu\/sv\/produkt\/fizzy-nova-plus-grape-lime-40000-puffar-10-st\/\">Druva Lime<\/a><\/li>\n<li><a href=\"https:\/\/fizzyvape.eu\/sv\/produkt\/fizzy-nova-plus-blue-razz-lemonade-40000-puffar-10-st\/\">Blue Razz Lemonade<\/a><\/li>\n<li><a href=\"https:\/\/fizzyvape.eu\/sv\/produkt\/fizzy-nova-plus-strawberry-ice-40000-puffar-10-st\/\">Jordgubbsis<\/a><\/li>\n<li><a href=\"https:\/\/fizzyvape.eu\/sv\/produkt\/fizzy-nova-plus-blabar-kokosnot-40000-puffar-10st\/\">Bl\u00e5b\u00e4r Kokosn\u00f6t<\/a><\/li>\n<\/ol>\n<h3>Vanliga fr\u00e5gor om Fizzy Nova Plus Triple Berry 40000 Puffs Vape<\/h3>\n<ol start=\"1\">\n<li><strong>Vad \u00e4r det som m\u00f6jligg\u00f6r en kapacitet p\u00e5 40.000 puffar i den h\u00e4r apparaten?<\/strong><br \/>\nGenom v\u00e5rt avancerade Dual Mesh Coil System och 40 ml e-v\u00e4tskekapacitet i kombination med ett 850 mAh uppladdningsbart batteri uppn\u00e5r vi 3 g\u00e5nger l\u00e4ngre livsl\u00e4ngd \u00e4n vanliga eng\u00e5ngsapparater. Det smarta chipsetet optimerar str\u00f6mf\u00f6rbrukningen f\u00f6r maximal effektivitet. <\/li>\n<li><strong>Hur v\u00e4xlar jag mellan Eco- och Turbo-l\u00e4gena?<\/strong><br \/>\nTryck bara snabbt tre g\u00e5nger p\u00e5 str\u00f6mknappen f\u00f6r att v\u00e4xla mellan l\u00e4gena. Eco ger l\u00e4ngre batteritid f\u00f6r avslappnad vaping, medan Turbo intensifierar smak- och \u00e5ngproduktionen f\u00f6r en kraftfullare upplevelse. <\/li>\n<li><strong>Hur l\u00e4nge h\u00e5ller Fizzy Nova Plus Triple Berry 40 000 puffar?<\/strong><br \/>\nKapaciteten p\u00e5 <strong>40 000 puffar<\/strong> garanterar <strong>3 g\u00e5nger l\u00e4ngre livsl\u00e4ngd<\/strong> \u00e4n vanliga eng\u00e5ngsprodukter, vilket g\u00f6r den idealisk f\u00f6r l\u00e5ngvarig anv\u00e4ndning utan frekventa byten. Faktisk varaktighet beror p\u00e5 anv\u00e4ndningsvanor. <\/li>\n<\/ol>\n<\/div>\n","protected":false},"excerpt":{"rendered":"<p><strong>Fizzy Nova Plus Triple Berry 40000 Puffs<\/strong> &#8211; Njut av en rik blandning av saftiga jordgubbar, saftiga bl\u00e5b\u00e4r och syrliga hallon i denna premium eng\u00e5ngsvape.<\/p>\n","protected":false},"featured_media":30062,"comment_status":"open","ping_status":"closed","template":"","meta":{"iawp_total_views":1},"product_brand":[],"product_cat":[353],"product_tag":[347],"class_list":{"0":"post-25279","1":"product","2":"type-product","3":"status-publish","4":"has-post-thumbnail","6":"product_cat-nova-plus-40000-puffar-engangs-vape-sv","7":"product_tag-40000-puffar","9":"first","10":"outofstock","11":"sale","12":"shipping-taxable","13":"purchasable","14":"product-type-variable"},"yoast_head":"<!-- This site is optimized with the Yoast SEO Premium plugin v24.8 (Yoast SEO v24.8) - https:\/\/yoast.com\/wordpress\/plugins\/seo\/ -->\n<title>Fizzy Nova Plus Triple Berry - 40000 puffar - 10 st - fizzyvape.eu<\/title>\n<meta name=\"description\" content=\"10st Fizzy Nova Plus Triple Berry 40K puffar vape! Blandning av jordgubbar, bl\u00e5b\u00e4r och hallon, USB-C uppladdningsbar. Premium eng\u00e5ngsartiklar. Handla nu!\" \/>\n<meta name=\"robots\" content=\"index, follow, max-snippet:-1, max-image-preview:large, max-video-preview:-1\" \/>\n<link rel=\"canonical\" href=\"https:\/\/fizzyvape.eu\/sv\/produkt\/fizzy-nova-plus-triple-berry-40000-puffar-10-st\/\" \/>\n<meta property=\"og:locale\" content=\"sv_SE\" \/>\n<meta property=\"og:type\" content=\"article\" \/>\n<meta property=\"og:title\" content=\"Fizzy Nova Plus Triple Berry - 40000 puffar - 10 st\" \/>\n<meta property=\"og:description\" content=\"10st Fizzy Nova Plus Triple Berry 40K puffar vape! Blandning av jordgubbar, bl\u00e5b\u00e4r och hallon, USB-C uppladdningsbar. Premium eng\u00e5ngsartiklar. Handla nu!\" \/>\n<meta property=\"og:url\" content=\"https:\/\/fizzyvape.eu\/sv\/produkt\/fizzy-nova-plus-triple-berry-40000-puffar-10-st\/\" \/>\n<meta property=\"og:site_name\" content=\"fizzyvape.eu\" \/>\n<meta property=\"article:modified_time\" content=\"2025-12-23T06:43:54+00:00\" \/>\n<meta property=\"og:image\" content=\"https:\/\/www.fizzyvape.eu\/wp-content\/uploads\/2025\/04\/Fizzy-Nova-Plus-Triple-Berry-40000Puffs-1.webp\" \/>\n\t<meta property=\"og:image:width\" content=\"800\" \/>\n\t<meta property=\"og:image:height\" content=\"800\" \/>\n\t<meta property=\"og:image:type\" content=\"image\/webp\" \/>\n<meta name=\"twitter:card\" content=\"summary_large_image\" \/>\n<meta name=\"twitter:label1\" content=\"Tillg\u00e4nglig\" \/>\n\t<meta name=\"twitter:data1\" content=\"Slut i lager\" \/>\n<script type=\"application\/ld+json\" class=\"yoast-schema-graph\">{\"@context\":\"https:\/\/schema.org\",\"@graph\":[{\"@type\":\"WebPage\",\"@id\":\"https:\/\/fizzyvape.eu\/sv\/produkt\/fizzy-nova-plus-triple-berry-40000-puffar-10-st\/\",\"url\":\"https:\/\/fizzyvape.eu\/sv\/produkt\/fizzy-nova-plus-triple-berry-40000-puffar-10-st\/\",\"name\":\"Fizzy Nova Plus Triple Berry - 40000 puffar - 10 st - fizzyvape.eu\",\"isPartOf\":{\"@id\":\"https:\/\/www.fizzyvape.eu\/sv\/#website\"},\"primaryImageOfPage\":{\"@id\":\"https:\/\/fizzyvape.eu\/sv\/produkt\/fizzy-nova-plus-triple-berry-40000-puffar-10-st\/#primaryimage\"},\"image\":{\"@id\":\"https:\/\/fizzyvape.eu\/sv\/produkt\/fizzy-nova-plus-triple-berry-40000-puffar-10-st\/#primaryimage\"},\"thumbnailUrl\":\"https:\/\/fizzyvape.eu\/wp-content\/uploads\/2025\/03\/Fizzy-Nova-Plus-40000-Puffs-Triple-Berry-10pcs.webp\",\"datePublished\":\"2025-03-30T16:10:12+00:00\",\"dateModified\":\"2025-12-23T06:43:54+00:00\",\"description\":\"10st Fizzy Nova Plus Triple Berry 40K puffar vape! Blandning av jordgubbar, bl\u00e5b\u00e4r och hallon, USB-C uppladdningsbar. Premium eng\u00e5ngsartiklar. Handla nu!\",\"breadcrumb\":{\"@id\":\"https:\/\/fizzyvape.eu\/sv\/produkt\/fizzy-nova-plus-triple-berry-40000-puffar-10-st\/#breadcrumb\"},\"inLanguage\":\"sv-SE\",\"potentialAction\":[{\"@type\":\"ReadAction\",\"target\":[\"https:\/\/fizzyvape.eu\/sv\/produkt\/fizzy-nova-plus-triple-berry-40000-puffar-10-st\/\"]}]},{\"@type\":\"ImageObject\",\"inLanguage\":\"sv-SE\",\"@id\":\"https:\/\/fizzyvape.eu\/sv\/produkt\/fizzy-nova-plus-triple-berry-40000-puffar-10-st\/#primaryimage\",\"url\":\"https:\/\/fizzyvape.eu\/wp-content\/uploads\/2025\/03\/Fizzy-Nova-Plus-40000-Puffs-Triple-Berry-10pcs.webp\",\"contentUrl\":\"https:\/\/fizzyvape.eu\/wp-content\/uploads\/2025\/03\/Fizzy-Nova-Plus-40000-Puffs-Triple-Berry-10pcs.webp\",\"width\":800,\"height\":800,\"caption\":\"Fizzy Nova Plus 40000 Puffs Triple Berry 10st\"},{\"@type\":\"BreadcrumbList\",\"@id\":\"https:\/\/fizzyvape.eu\/sv\/produkt\/fizzy-nova-plus-triple-berry-40000-puffar-10-st\/#breadcrumb\",\"itemListElement\":[{\"@type\":\"ListItem\",\"position\":1,\"name\":\"Home\",\"item\":\"https:\/\/fizzyvape.eu\/sv\/\"},{\"@type\":\"ListItem\",\"position\":2,\"name\":\"Butik\",\"item\":\"https:\/\/fizzyvape.eu\/sv\/butik\/\"},{\"@type\":\"ListItem\",\"position\":3,\"name\":\"Fizzy Nova Plus Triple Berry &#8211; 40000 puffar &#8211; 10 st\"}]},{\"@type\":\"WebSite\",\"@id\":\"https:\/\/www.fizzyvape.eu\/sv\/#website\",\"url\":\"https:\/\/www.fizzyvape.eu\/sv\/\",\"name\":\"fizzyvape.eu\",\"description\":\"Refreshing Vapes. Unforgettable Taste.\",\"publisher\":{\"@id\":\"https:\/\/www.fizzyvape.eu\/sv\/#organization\"},\"potentialAction\":[{\"@type\":\"SearchAction\",\"target\":{\"@type\":\"EntryPoint\",\"urlTemplate\":\"https:\/\/www.fizzyvape.eu\/sv\/?s={search_term_string}\"},\"query-input\":{\"@type\":\"PropertyValueSpecification\",\"valueRequired\":true,\"valueName\":\"search_term_string\"}}],\"inLanguage\":\"sv-SE\"},{\"@type\":\"Organization\",\"@id\":\"https:\/\/www.fizzyvape.eu\/sv\/#organization\",\"name\":\"fizzyvape.eu\",\"url\":\"https:\/\/www.fizzyvape.eu\/sv\/\",\"logo\":{\"@type\":\"ImageObject\",\"inLanguage\":\"sv-SE\",\"@id\":\"https:\/\/www.fizzyvape.eu\/sv\/#\/schema\/logo\/image\/\",\"url\":\"https:\/\/fizzyvape.eu\/wp-content\/uploads\/2019\/06\/print-1.svg\",\"contentUrl\":\"https:\/\/fizzyvape.eu\/wp-content\/uploads\/2019\/06\/print-1.svg\",\"width\":124,\"height\":37,\"caption\":\"fizzyvape.eu\"},\"image\":{\"@id\":\"https:\/\/www.fizzyvape.eu\/sv\/#\/schema\/logo\/image\/\"}}]}<\/script>\n<meta property=\"og:availability\" content=\"out of stock\" \/>\n<meta property=\"product:availability\" content=\"out of stock\" \/>\n<meta property=\"product:condition\" content=\"new\" \/>\n<!-- \/ Yoast SEO Premium plugin. -->","yoast_head_json":{"title":"Fizzy Nova Plus Triple Berry - 40000 puffar - 10 st - fizzyvape.eu","description":"10st Fizzy Nova Plus Triple Berry 40K puffar vape! Blandning av jordgubbar, bl\u00e5b\u00e4r och hallon, USB-C uppladdningsbar. Premium eng\u00e5ngsartiklar. Handla nu!","robots":{"index":"index","follow":"follow","max-snippet":"max-snippet:-1","max-image-preview":"max-image-preview:large","max-video-preview":"max-video-preview:-1"},"canonical":"https:\/\/fizzyvape.eu\/sv\/produkt\/fizzy-nova-plus-triple-berry-40000-puffar-10-st\/","og_locale":"sv_SE","og_type":"article","og_title":"Fizzy Nova Plus Triple Berry - 40000 puffar - 10 st","og_description":"10st Fizzy Nova Plus Triple Berry 40K puffar vape! Blandning av jordgubbar, bl\u00e5b\u00e4r och hallon, USB-C uppladdningsbar. Premium eng\u00e5ngsartiklar. Handla nu!","og_url":"https:\/\/fizzyvape.eu\/sv\/produkt\/fizzy-nova-plus-triple-berry-40000-puffar-10-st\/","og_site_name":"fizzyvape.eu","article_modified_time":"2025-12-23T06:43:54+00:00","og_image":[{"width":800,"height":800,"url":"https:\/\/www.fizzyvape.eu\/wp-content\/uploads\/2025\/04\/Fizzy-Nova-Plus-Triple-Berry-40000Puffs-1.webp","type":"image\/webp"}],"twitter_card":"summary_large_image","twitter_misc":{"Tillg\u00e4nglig":"Slut i lager"},"schema":{"@context":"https:\/\/schema.org","@graph":[{"@type":"WebPage","@id":"https:\/\/fizzyvape.eu\/sv\/produkt\/fizzy-nova-plus-triple-berry-40000-puffar-10-st\/","url":"https:\/\/fizzyvape.eu\/sv\/produkt\/fizzy-nova-plus-triple-berry-40000-puffar-10-st\/","name":"Fizzy Nova Plus Triple Berry - 40000 puffar - 10 st - fizzyvape.eu","isPartOf":{"@id":"https:\/\/www.fizzyvape.eu\/sv\/#website"},"primaryImageOfPage":{"@id":"https:\/\/fizzyvape.eu\/sv\/produkt\/fizzy-nova-plus-triple-berry-40000-puffar-10-st\/#primaryimage"},"image":{"@id":"https:\/\/fizzyvape.eu\/sv\/produkt\/fizzy-nova-plus-triple-berry-40000-puffar-10-st\/#primaryimage"},"thumbnailUrl":"https:\/\/fizzyvape.eu\/wp-content\/uploads\/2025\/03\/Fizzy-Nova-Plus-40000-Puffs-Triple-Berry-10pcs.webp","datePublished":"2025-03-30T16:10:12+00:00","dateModified":"2025-12-23T06:43:54+00:00","description":"10st Fizzy Nova Plus Triple Berry 40K puffar vape! Blandning av jordgubbar, bl\u00e5b\u00e4r och hallon, USB-C uppladdningsbar. Premium eng\u00e5ngsartiklar. Handla nu!","breadcrumb":{"@id":"https:\/\/fizzyvape.eu\/sv\/produkt\/fizzy-nova-plus-triple-berry-40000-puffar-10-st\/#breadcrumb"},"inLanguage":"sv-SE","potentialAction":[{"@type":"ReadAction","target":["https:\/\/fizzyvape.eu\/sv\/produkt\/fizzy-nova-plus-triple-berry-40000-puffar-10-st\/"]}]},{"@type":"ImageObject","inLanguage":"sv-SE","@id":"https:\/\/fizzyvape.eu\/sv\/produkt\/fizzy-nova-plus-triple-berry-40000-puffar-10-st\/#primaryimage","url":"https:\/\/fizzyvape.eu\/wp-content\/uploads\/2025\/03\/Fizzy-Nova-Plus-40000-Puffs-Triple-Berry-10pcs.webp","contentUrl":"https:\/\/fizzyvape.eu\/wp-content\/uploads\/2025\/03\/Fizzy-Nova-Plus-40000-Puffs-Triple-Berry-10pcs.webp","width":800,"height":800,"caption":"Fizzy Nova Plus 40000 Puffs Triple Berry 10st"},{"@type":"BreadcrumbList","@id":"https:\/\/fizzyvape.eu\/sv\/produkt\/fizzy-nova-plus-triple-berry-40000-puffar-10-st\/#breadcrumb","itemListElement":[{"@type":"ListItem","position":1,"name":"Home","item":"https:\/\/fizzyvape.eu\/sv\/"},{"@type":"ListItem","position":2,"name":"Butik","item":"https:\/\/fizzyvape.eu\/sv\/butik\/"},{"@type":"ListItem","position":3,"name":"Fizzy Nova Plus Triple Berry &#8211; 40000 puffar &#8211; 10 st"}]},{"@type":"WebSite","@id":"https:\/\/www.fizzyvape.eu\/sv\/#website","url":"https:\/\/www.fizzyvape.eu\/sv\/","name":"fizzyvape.eu","description":"Refreshing Vapes. Unforgettable Taste.","publisher":{"@id":"https:\/\/www.fizzyvape.eu\/sv\/#organization"},"potentialAction":[{"@type":"SearchAction","target":{"@type":"EntryPoint","urlTemplate":"https:\/\/www.fizzyvape.eu\/sv\/?s={search_term_string}"},"query-input":{"@type":"PropertyValueSpecification","valueRequired":true,"valueName":"search_term_string"}}],"inLanguage":"sv-SE"},{"@type":"Organization","@id":"https:\/\/www.fizzyvape.eu\/sv\/#organization","name":"fizzyvape.eu","url":"https:\/\/www.fizzyvape.eu\/sv\/","logo":{"@type":"ImageObject","inLanguage":"sv-SE","@id":"https:\/\/www.fizzyvape.eu\/sv\/#\/schema\/logo\/image\/","url":"https:\/\/fizzyvape.eu\/wp-content\/uploads\/2019\/06\/print-1.svg","contentUrl":"https:\/\/fizzyvape.eu\/wp-content\/uploads\/2019\/06\/print-1.svg","width":124,"height":37,"caption":"fizzyvape.eu"},"image":{"@id":"https:\/\/www.fizzyvape.eu\/sv\/#\/schema\/logo\/image\/"}}]},"og_availability":"out of stock","product_availability":"out of stock","product_condition":"new"},"tiered_pricing_type":"fixed","tiered_pricing_fixed_rules":[],"tiered_pricing_product_settings":{"layout":"default","base_unit_name":{"singular":null,"plural":null},"default_variation":null},"tiered_pricing_minimum_quantity":null,"tiered_pricing_roles_data":[],"tiered_pricing_percentage_rules":[],"tiered_pricing_maximum_quantity":null,"tiered_pricing_quantity_step":null,"_links":{"self":[{"href":"https:\/\/fizzyvape.eu\/sv\/wp-json\/wp\/v2\/product\/25279","targetHints":{"allow":["GET"]}}],"collection":[{"href":"https:\/\/fizzyvape.eu\/sv\/wp-json\/wp\/v2\/product"}],"about":[{"href":"https:\/\/fizzyvape.eu\/sv\/wp-json\/wp\/v2\/types\/product"}],"replies":[{"embeddable":true,"href":"https:\/\/fizzyvape.eu\/sv\/wp-json\/wp\/v2\/comments?post=25279"}],"version-history":[{"count":0,"href":"https:\/\/fizzyvape.eu\/sv\/wp-json\/wp\/v2\/product\/25279\/revisions"}],"wp:featuredmedia":[{"embeddable":true,"href":"https:\/\/fizzyvape.eu\/sv\/wp-json\/wp\/v2\/media\/30062"}],"wp:attachment":[{"href":"https:\/\/fizzyvape.eu\/sv\/wp-json\/wp\/v2\/media?parent=25279"}],"wp:term":[{"taxonomy":"product_brand","embeddable":true,"href":"https:\/\/fizzyvape.eu\/sv\/wp-json\/wp\/v2\/product_brand?post=25279"},{"taxonomy":"product_cat","embeddable":true,"href":"https:\/\/fizzyvape.eu\/sv\/wp-json\/wp\/v2\/product_cat?post=25279"},{"taxonomy":"product_tag","embeddable":true,"href":"https:\/\/fizzyvape.eu\/sv\/wp-json\/wp\/v2\/product_tag?post=25279"}],"curies":[{"name":"wp","href":"https:\/\/api.w.org\/{rel}","templated":true}]}}