{"id":25445,"date":"2025-03-28T18:42:05","date_gmt":"2025-03-28T10:42:05","guid":{"rendered":"https:\/\/fizzyvape.eu\/product\/fizzy-luxury-kiwi-passion-fruit-guava-15000-puffar\/"},"modified":"2025-03-28T18:42:05","modified_gmt":"2025-03-28T10:42:05","slug":"fizzy-luxury-kiwi-passion-fruit-guava-15000-puffar","status":"publish","type":"product","link":"https:\/\/fizzyvape.eu\/sv\/produkt\/fizzy-luxury-kiwi-passion-fruit-guava-15000-puffar\/","title":{"rendered":"Fizzy Luxury Kiwi Passion Fruit Guava &#8211; 15000 puffar"},"content":{"rendered":"<div>\n<h2 data-start=\"0\" data-end=\"82\"><strong>Fizzy Luxury Kiwi Passion Fruit Guava 15000 Puffs &#8211; Premium Tropical Trio Eng\u00e5ngs Vape<\/strong><\/h2>\n<p>F\u00f6rdjupa dig i ett tropiskt paradis med Fizzy Luxury Kiwi Passion Fruit Guava 15000 Puffs &#8211; d\u00e4r syrlig kiwi (6\/10) m\u00f6ter aromatisk passionsfrukts\u00f6tma (5\/10) och kr\u00e4mig guava (4\/10), allt inneslutet i v\u00e5r premium smaragdgr\u00f6na metallkropp med precisionsluftfl\u00f6deskontroll. Denna elit eng\u00e5ngsbl\u00e5sare levererar <strong>15 000 ultramjuka puffar<\/strong> med perfekt balanserad smak, med v\u00e5rt revolutionerande <strong>Dual-Mesh Quartz Coil System<\/strong> f\u00f6r levande smak och sammetslen \u00e5nga. <\/p>\n<h3><strong>Varf\u00f6r v\u00e4lja Fizzy Luxury Kiwi Passion Fruit Guava 15000 Puffs Vape?<\/strong><\/h3>\n<p>\ud83e\udd5d <strong>Tropical Flavor Mastery<\/strong> &#8211; 50% syrlig kiwi, 30% s\u00f6t passionsfrukt, 20% kr\u00e4mig guava f\u00f6r exotisk harmoni<br \/>\n\ud83c\udf9b\ufe0f <strong>Smart luftfl\u00f6deskontroll<\/strong> &#8211; justerbar ratt med 5 inst\u00e4llningar fr\u00e5n tight MTL till mjuk RDL<br \/>\n\ud83d\udc8e <strong>Luxury Emerald Metal<\/strong> &#8211; CNC-bearbetad flyg- och rymdaluminium med juveltonad finish<br \/>\n\u26a1 <strong>Extended 15.000 Puffs<\/strong> &#8211; 22 ml e-v\u00e4tskekapacitet r\u00e4cker 25 % l\u00e4ngre \u00e4n konkurrenternas<br \/>\n\ud83e\uddca <strong>SilkFlow-teknik<\/strong> &#8211; kvartsspolar ger 50% j\u00e4mnare \u00e5nga \u00e4n standardn\u00e4t <\/p>\n<p><strong>Nikotinalternativ:<\/strong><\/p>\n<h3><strong>Nikotinalternativ:<\/strong><\/h3>\n<p>&#8211; <strong data-start=\"1200\" data-end=\"1216\">2% (20mg\/mL)<\/strong> &#8211; Idealisk f\u00f6r en mjuk och smakrik vapingupplevelse <br data-start=\"1269\" data-end=\"1272\">&#8211; <strong data-start=\"1274\" data-end=\"1290\">5% (50 mg\/ml)<\/strong> &#8211; Utformad f\u00f6r en starkare och mer tillfredsst\u00e4llande effekt i halsen <\/p>\n<\/div>\n<div>\n<h3>Specifikationer<\/h3>\n<table style=\"height: 449px;\" width=\"1340\">\n<tbody>\n<tr>\n<td>Puffar<\/td>\n<td><strong>15000+ puffar<\/strong><\/td>\n<\/tr>\n<tr>\n<td>Kapacitet f\u00f6r e-v\u00e4tska<\/td>\n<td><strong>22 ml<\/strong><\/td>\n<\/tr>\n<tr>\n<td>Batteriets kapacitet<\/td>\n<td><strong>650 mAh<\/strong><\/td>\n<\/tr>\n<tr>\n<td>N\u00e4tspole<\/td>\n<td><strong>1.4\u03a9<\/strong><\/td>\n<\/tr>\n<tr>\n<td>Storlek<\/td>\n<td><strong>53*30*85,3 mm<\/strong><\/td>\n<\/tr>\n<tr>\n<td>Eng\u00e5ngsbruk eller inte<\/td>\n<td><strong>Eng\u00e5ngsbruk<\/strong><\/td>\n<\/tr>\n<tr>\n<td>Laddningsmetod<\/td>\n<td><strong>Kabel<\/strong><\/td>\n<\/tr>\n<tr>\n<td>Aktiveringsmetod<\/td>\n<td><strong>Sensor<\/strong><\/td>\n<\/tr>\n<tr>\n<td>Material<\/td>\n<td><strong>metall<\/strong><\/td>\n<\/tr>\n<tr>\n<td>Nikotinniv\u00e5<\/td>\n<td><strong>2% (20mg\/mL) &amp; 5% (50mg\/mL)<\/strong><\/td>\n<\/tr>\n<tr>\n<td>Smaker<\/td>\n<td><strong>15<\/strong><\/td>\n<\/tr>\n<tr>\n<td>F\u00f6rpackning<\/td>\n<td><strong>1 f\u00f6rpackning<\/strong><\/td>\n<\/tr>\n<tr>\n<td>Laddningstid<\/td>\n<td><strong>2 timmar<\/strong><\/td>\n<\/tr>\n<tr>\n<td>F\u00f6rvaring<\/td>\n<td><strong>Undvik milj\u00f6er med h\u00f6ga temperaturer och f\u00f6rvara p\u00e5 en sval och torr plats.<\/strong><\/td>\n<\/tr>\n<tr>\n<td>Personer som \u00e4r f\u00f6rbjudna att anv\u00e4nda<\/td>\n<td><strong>Minder\u00e5riga, gravida kvinnor och personer som \u00e4r allergiska mot produktens ingredienser.<\/strong><\/td>\n<\/tr>\n<tr>\n<td>F\u00f6rsiktighet<\/td>\n<td><strong>Sv\u00e4lj inte detta \u00e4mne. Vid f\u00f6rt\u00e4ring, sk\u00f6lj munnen noggrant och omedelbart. Upps\u00f6k l\u00e4kare om du k\u00e4nner dig d\u00e5lig.  <\/strong><\/td>\n<\/tr>\n<\/tbody>\n<\/table>\n<h3><strong>Fizzy Luxury <\/strong>15000 Puffs Smaklista:<\/h3>\n<ol>\n<li><a href=\"https:\/\/fizzyvape.eu\/product\/fizzy-luxury-blueberry-raspberry-15000-puffs\/\">Bl\u00e5b\u00e4r Hallon<\/a><\/li>\n<li><a href=\"https:\/\/fizzyvape.eu\/product\/fizzy-luxury-peach-15000-puffs\/\">Persika<\/a><\/li>\n<li><a href=\"https:\/\/fizzyvape.eu\/product\/fizzy-luxury-grape-15000-puffs\/\">Druva<\/a><\/li>\n<li><a href=\"https:\/\/fizzyvape.eu\/product\/fizzy-luxury-blueberry-15000-puffs\/\">Bl\u00e5b\u00e4r<\/a><\/li>\n<li><a href=\"https:\/\/fizzyvape.eu\/product\/fizzy-luxury-strawberry-15000-puffs\/\">Jordgubbar<\/a><\/li>\n<li><a href=\"https:\/\/fizzyvape.eu\/product\/fizzy-luxury-fizzy-cherry-15000-puffs\/\">Fizzy Cherry<\/a><\/li>\n<li><a href=\"https:\/\/fizzyvape.eu\/product\/fizzy-luxury-raspberry-lemonade-15000-puffs\/\">Hallon Lemonad<\/a><\/li>\n<li><a href=\"https:\/\/fizzyvape.eu\/product\/fizzy-luxury-sour-apple-15000-puffs\/\">Surt \u00e4pple<\/a><\/li>\n<li><a href=\"https:\/\/fizzyvape.eu\/product\/fizzy-luxury-strawberry-kiwi-pomegranate-15000-puffs\/\">Jordgubb Kiwi Granat\u00e4pple<\/a><\/li>\n<li><a href=\"https:\/\/fizzyvape.eu\/product\/fizzy-luxury-lemon-lime-15000-puffs\/\">Citron Lime<\/a><\/li>\n<li><a href=\"https:\/\/fizzyvape.eu\/product\/fizzy-luxury-strawberry-banana-15000-puffs\/\">Jordgubbar Bananer<\/a><\/li>\n<li><a href=\"https:\/\/fizzyvape.eu\/product\/fizzy-luxury-orange-mango-watermelon-15000-puffs\/\">Apelsin Mango Vattenmelon<\/a><\/li>\n<li><a href=\"https:\/\/fizzyvape.eu\/sv\/produkt\/fizzy-luxury-red-bull-15000-puffar\/\">Red Bull<\/a><\/li>\n<li><a href=\"https:\/\/fizzyvape.eu\/sv\/produkt\/fizzy-luxury-pink-lemonade-15000-puffar\/\">Rosa lemonad<\/a><\/li>\n<li><a href=\"https:\/\/fizzyvape.eu\/sv\/produkt\/fizzy-luxury-kiwi-passion-fruit-guava-15000-puffar\/\">Kiwi Passionsfrukt Guava<\/a><\/li>\n<\/ol>\n<h3>Vanliga fr\u00e5gor om Fizzy Luxury Kiwi Passion Fruit Guava 15000 Puffs Vape<\/h3>\n<ul>\n<li class=\"\" data-start=\"74\" data-end=\"378\">\n<p class=\"\" data-start=\"77\" data-end=\"378\"><strong data-start=\"77\" data-end=\"163\">Vilken smak erbjuder Fizzy Luxury Kiwi Passion Fruit Guava 15000 Puffs vape?<\/strong><br data-start=\"163\" data-end=\"166\"><strong data-start=\"173\" data-end=\"226\">Fizzy Luxury Kiwi Passion Fruit Guava 15000 Puffs<\/strong> levererar en tropisk fusion av <strong data-start=\"257\" data-end=\"271\">s\u00f6t kiwi<\/strong>, <strong data-start=\"273\" data-end=\"297\">exotisk passionsfrukt<\/strong> och <strong data-start=\"303\" data-end=\"319\">mjuk guava<\/strong>, vilket skapar en perfekt balans mellan uppfriskande, fruktiga smaker.<\/p>\n<\/li>\n<li class=\"\" data-start=\"380\" data-end=\"642\">\n<p class=\"\" data-start=\"383\" data-end=\"642\"><strong data-start=\"383\" data-end=\"460\">Hur l\u00e4nge h\u00e5ller Fizzy Luxury Kiwi Passion Fruit Guava 15000 Puffs?<\/strong><br data-start=\"460\" data-end=\"463\">Med sin <strong data-start=\"475\" data-end=\"501\">22 ml e-v\u00e4tskekapacitet<\/strong> ger denna vape <strong data-start=\"522\" data-end=\"539\">15 000+ p<\/strong>uffar, vilket r\u00e4cker i cirka <strong data-start=\"563\" data-end=\"576\">4-5 veckor<\/strong>, beroende p\u00e5 din anv\u00e4ndning, f\u00f6r en l\u00e5ngvarig tropisk upplevelse.<\/p>\n<\/li>\n<li data-start=\"380\" data-end=\"642\">\n<p data-start=\"598\" data-end=\"699\"><strong data-start=\"605\" data-end=\"699\">Vilken nikotinstyrka \u00e4r r\u00e4tt f\u00f6r mig?<\/strong><\/p>\n<p class=\"\" data-start=\"703\" data-end=\"771\">&#8211; <strong>2% (20mg\/mL):<\/strong> Perfekt f\u00f6r vaping hela dagen och f\u00f6r smak\u00e4lskare<br \/>\n&#8211; <strong>5% (50mg\/mL<\/strong> ): Perfekt f\u00f6r tidigare r\u00f6kare som beh\u00f6ver starkare tillfredsst\u00e4llelse<\/p>\n<\/li>\n<\/ul>\n<\/div>\n","protected":false},"excerpt":{"rendered":"<p>Fly till ett tropiskt paradis med <strong data-start=\"68\" data-end=\"121\" data-is-only-node=\"\">Fizzy Luxury Kiwi Passion Fruit Guava 15000 Puffs<\/strong>. Denna premium eng\u00e5ngsbl\u00e5sare erbjuder en perfekt blandning av <strong data-start=\"173\" data-end=\"190\">kiwi<\/strong> syrlighet, <strong data-start=\"192\" data-end=\"219\">passionsfrukt s\u00f6tma<\/strong> och <strong data-start=\"225\" data-end=\"245\">guava kr\u00e4mighet<\/strong>, vilket ger <strong data-start=\"258\" data-end=\"281\">15 000 smidiga puffar<\/strong> av livlig smak i en elegant <strong data-start=\"311\" data-end=\"339\">smaragdgr\u00f6n metallkropp<\/strong>. <\/p>\n","protected":false},"featured_media":21249,"comment_status":"open","ping_status":"closed","template":"","meta":{"iawp_total_views":0},"product_brand":[],"product_cat":[330],"product_tag":[331],"class_list":{"0":"post-25445","1":"product","2":"type-product","3":"status-publish","4":"has-post-thumbnail","6":"product_cat-luxury-sv","7":"product_tag-15000-puffar","9":"first","10":"outofstock","11":"shipping-taxable","12":"purchasable","13":"product-type-variable"},"yoast_head":"<!-- This site is optimized with the Yoast SEO Premium plugin v24.8 (Yoast SEO v24.8) - https:\/\/yoast.com\/wordpress\/plugins\/seo\/ -->\n<title>Fizzy Luxury Kiwi Passion Fruit Guava - 15000 puffar - fizzyvape.eu<\/title>\n<meta name=\"robots\" content=\"index, follow, max-snippet:-1, max-image-preview:large, max-video-preview:-1\" \/>\n<link rel=\"canonical\" href=\"https:\/\/fizzyvape.eu\/sv\/produkt\/fizzy-luxury-kiwi-passion-fruit-guava-15000-puffar\/\" \/>\n<meta property=\"og:locale\" content=\"sv_SE\" \/>\n<meta property=\"og:type\" content=\"article\" \/>\n<meta property=\"og:title\" content=\"Fizzy Luxury Kiwi Passion Fruit Guava - 15000 puffar\" \/>\n<meta property=\"og:description\" content=\"Fly till ett tropiskt paradis med Fizzy Luxury Kiwi Passion Fruit Guava 15000 Puffs. Denna premium eng\u00e5ngsbl\u00e5sare erbjuder en perfekt blandning av kiwi syrlighet, passionsfrukt s\u00f6tma och guava kr\u00e4mighet, vilket ger 15 000 smidiga puffar av livlig smak i en elegant smaragdgr\u00f6n metallkropp.\" \/>\n<meta property=\"og:url\" content=\"https:\/\/fizzyvape.eu\/sv\/produkt\/fizzy-luxury-kiwi-passion-fruit-guava-15000-puffar\/\" \/>\n<meta property=\"og:site_name\" content=\"fizzyvape.eu\" \/>\n<meta property=\"og:image\" content=\"https:\/\/fizzyvape.eu\/wp-content\/uploads\/2025\/03\/Fizzy-Luxury-Kiwi-Passion-Fruit-Guava-15000puff.jpg\" \/>\n\t<meta property=\"og:image:width\" content=\"1500\" \/>\n\t<meta property=\"og:image:height\" content=\"1500\" \/>\n\t<meta property=\"og:image:type\" content=\"image\/jpeg\" \/>\n<meta name=\"twitter:card\" content=\"summary_large_image\" \/>\n<meta name=\"twitter:label1\" content=\"Tillg\u00e4nglig\" \/>\n\t<meta name=\"twitter:data1\" content=\"Slut i lager\" \/>\n<script type=\"application\/ld+json\" class=\"yoast-schema-graph\">{\"@context\":\"https:\/\/schema.org\",\"@graph\":[{\"@type\":\"WebPage\",\"@id\":\"https:\/\/fizzyvape.eu\/sv\/produkt\/fizzy-luxury-kiwi-passion-fruit-guava-15000-puffar\/\",\"url\":\"https:\/\/fizzyvape.eu\/sv\/produkt\/fizzy-luxury-kiwi-passion-fruit-guava-15000-puffar\/\",\"name\":\"Fizzy Luxury Kiwi Passion Fruit Guava - 15000 puffar - fizzyvape.eu\",\"isPartOf\":{\"@id\":\"https:\/\/www.fizzyvape.eu\/sv\/#website\"},\"primaryImageOfPage\":{\"@id\":\"https:\/\/fizzyvape.eu\/sv\/produkt\/fizzy-luxury-kiwi-passion-fruit-guava-15000-puffar\/#primaryimage\"},\"image\":{\"@id\":\"https:\/\/fizzyvape.eu\/sv\/produkt\/fizzy-luxury-kiwi-passion-fruit-guava-15000-puffar\/#primaryimage\"},\"thumbnailUrl\":\"https:\/\/fizzyvape.eu\/wp-content\/uploads\/2025\/03\/Fizzy-Luxury-Kiwi-Passion-Fruit-Guava-15000puff.jpg\",\"datePublished\":\"2025-03-28T10:42:05+00:00\",\"breadcrumb\":{\"@id\":\"https:\/\/fizzyvape.eu\/sv\/produkt\/fizzy-luxury-kiwi-passion-fruit-guava-15000-puffar\/#breadcrumb\"},\"inLanguage\":\"sv-SE\",\"potentialAction\":[{\"@type\":\"ReadAction\",\"target\":[\"https:\/\/fizzyvape.eu\/sv\/produkt\/fizzy-luxury-kiwi-passion-fruit-guava-15000-puffar\/\"]}]},{\"@type\":\"ImageObject\",\"inLanguage\":\"sv-SE\",\"@id\":\"https:\/\/fizzyvape.eu\/sv\/produkt\/fizzy-luxury-kiwi-passion-fruit-guava-15000-puffar\/#primaryimage\",\"url\":\"https:\/\/fizzyvape.eu\/wp-content\/uploads\/2025\/03\/Fizzy-Luxury-Kiwi-Passion-Fruit-Guava-15000puff.jpg\",\"contentUrl\":\"https:\/\/fizzyvape.eu\/wp-content\/uploads\/2025\/03\/Fizzy-Luxury-Kiwi-Passion-Fruit-Guava-15000puff.jpg\",\"width\":1500,\"height\":1500,\"caption\":\"Fizzy-Luxury-Kiwi-Passionsfrukt-Guava-15000puff\"},{\"@type\":\"BreadcrumbList\",\"@id\":\"https:\/\/fizzyvape.eu\/sv\/produkt\/fizzy-luxury-kiwi-passion-fruit-guava-15000-puffar\/#breadcrumb\",\"itemListElement\":[{\"@type\":\"ListItem\",\"position\":1,\"name\":\"Home\",\"item\":\"https:\/\/fizzyvape.eu\/sv\/\"},{\"@type\":\"ListItem\",\"position\":2,\"name\":\"Butik\",\"item\":\"https:\/\/fizzyvape.eu\/sv\/butik\/\"},{\"@type\":\"ListItem\",\"position\":3,\"name\":\"Fizzy Luxury Kiwi Passion Fruit Guava &#8211; 15000 puffar\"}]},{\"@type\":\"WebSite\",\"@id\":\"https:\/\/www.fizzyvape.eu\/sv\/#website\",\"url\":\"https:\/\/www.fizzyvape.eu\/sv\/\",\"name\":\"fizzyvape.eu\",\"description\":\"Refreshing Vapes. Unforgettable Taste.\",\"publisher\":{\"@id\":\"https:\/\/www.fizzyvape.eu\/sv\/#organization\"},\"potentialAction\":[{\"@type\":\"SearchAction\",\"target\":{\"@type\":\"EntryPoint\",\"urlTemplate\":\"https:\/\/www.fizzyvape.eu\/sv\/?s={search_term_string}\"},\"query-input\":{\"@type\":\"PropertyValueSpecification\",\"valueRequired\":true,\"valueName\":\"search_term_string\"}}],\"inLanguage\":\"sv-SE\"},{\"@type\":\"Organization\",\"@id\":\"https:\/\/www.fizzyvape.eu\/sv\/#organization\",\"name\":\"fizzyvape.eu\",\"url\":\"https:\/\/www.fizzyvape.eu\/sv\/\",\"logo\":{\"@type\":\"ImageObject\",\"inLanguage\":\"sv-SE\",\"@id\":\"https:\/\/www.fizzyvape.eu\/sv\/#\/schema\/logo\/image\/\",\"url\":\"https:\/\/fizzyvape.eu\/wp-content\/uploads\/2019\/06\/print-1.svg\",\"contentUrl\":\"https:\/\/fizzyvape.eu\/wp-content\/uploads\/2019\/06\/print-1.svg\",\"width\":124,\"height\":37,\"caption\":\"fizzyvape.eu\"},\"image\":{\"@id\":\"https:\/\/www.fizzyvape.eu\/sv\/#\/schema\/logo\/image\/\"}}]}<\/script>\n<meta property=\"og:availability\" content=\"out of stock\" \/>\n<meta property=\"product:availability\" content=\"out of stock\" \/>\n<meta property=\"product:condition\" content=\"new\" \/>\n<!-- \/ Yoast SEO Premium plugin. -->","yoast_head_json":{"title":"Fizzy Luxury Kiwi Passion Fruit Guava - 15000 puffar - fizzyvape.eu","robots":{"index":"index","follow":"follow","max-snippet":"max-snippet:-1","max-image-preview":"max-image-preview:large","max-video-preview":"max-video-preview:-1"},"canonical":"https:\/\/fizzyvape.eu\/sv\/produkt\/fizzy-luxury-kiwi-passion-fruit-guava-15000-puffar\/","og_locale":"sv_SE","og_type":"article","og_title":"Fizzy Luxury Kiwi Passion Fruit Guava - 15000 puffar","og_description":"Fly till ett tropiskt paradis med Fizzy Luxury Kiwi Passion Fruit Guava 15000 Puffs. Denna premium eng\u00e5ngsbl\u00e5sare erbjuder en perfekt blandning av kiwi syrlighet, passionsfrukt s\u00f6tma och guava kr\u00e4mighet, vilket ger 15 000 smidiga puffar av livlig smak i en elegant smaragdgr\u00f6n metallkropp.","og_url":"https:\/\/fizzyvape.eu\/sv\/produkt\/fizzy-luxury-kiwi-passion-fruit-guava-15000-puffar\/","og_site_name":"fizzyvape.eu","og_image":[{"width":1500,"height":1500,"url":"https:\/\/fizzyvape.eu\/wp-content\/uploads\/2025\/03\/Fizzy-Luxury-Kiwi-Passion-Fruit-Guava-15000puff.jpg","type":"image\/jpeg"}],"twitter_card":"summary_large_image","twitter_misc":{"Tillg\u00e4nglig":"Slut i lager"},"schema":{"@context":"https:\/\/schema.org","@graph":[{"@type":"WebPage","@id":"https:\/\/fizzyvape.eu\/sv\/produkt\/fizzy-luxury-kiwi-passion-fruit-guava-15000-puffar\/","url":"https:\/\/fizzyvape.eu\/sv\/produkt\/fizzy-luxury-kiwi-passion-fruit-guava-15000-puffar\/","name":"Fizzy Luxury Kiwi Passion Fruit Guava - 15000 puffar - fizzyvape.eu","isPartOf":{"@id":"https:\/\/www.fizzyvape.eu\/sv\/#website"},"primaryImageOfPage":{"@id":"https:\/\/fizzyvape.eu\/sv\/produkt\/fizzy-luxury-kiwi-passion-fruit-guava-15000-puffar\/#primaryimage"},"image":{"@id":"https:\/\/fizzyvape.eu\/sv\/produkt\/fizzy-luxury-kiwi-passion-fruit-guava-15000-puffar\/#primaryimage"},"thumbnailUrl":"https:\/\/fizzyvape.eu\/wp-content\/uploads\/2025\/03\/Fizzy-Luxury-Kiwi-Passion-Fruit-Guava-15000puff.jpg","datePublished":"2025-03-28T10:42:05+00:00","breadcrumb":{"@id":"https:\/\/fizzyvape.eu\/sv\/produkt\/fizzy-luxury-kiwi-passion-fruit-guava-15000-puffar\/#breadcrumb"},"inLanguage":"sv-SE","potentialAction":[{"@type":"ReadAction","target":["https:\/\/fizzyvape.eu\/sv\/produkt\/fizzy-luxury-kiwi-passion-fruit-guava-15000-puffar\/"]}]},{"@type":"ImageObject","inLanguage":"sv-SE","@id":"https:\/\/fizzyvape.eu\/sv\/produkt\/fizzy-luxury-kiwi-passion-fruit-guava-15000-puffar\/#primaryimage","url":"https:\/\/fizzyvape.eu\/wp-content\/uploads\/2025\/03\/Fizzy-Luxury-Kiwi-Passion-Fruit-Guava-15000puff.jpg","contentUrl":"https:\/\/fizzyvape.eu\/wp-content\/uploads\/2025\/03\/Fizzy-Luxury-Kiwi-Passion-Fruit-Guava-15000puff.jpg","width":1500,"height":1500,"caption":"Fizzy-Luxury-Kiwi-Passionsfrukt-Guava-15000puff"},{"@type":"BreadcrumbList","@id":"https:\/\/fizzyvape.eu\/sv\/produkt\/fizzy-luxury-kiwi-passion-fruit-guava-15000-puffar\/#breadcrumb","itemListElement":[{"@type":"ListItem","position":1,"name":"Home","item":"https:\/\/fizzyvape.eu\/sv\/"},{"@type":"ListItem","position":2,"name":"Butik","item":"https:\/\/fizzyvape.eu\/sv\/butik\/"},{"@type":"ListItem","position":3,"name":"Fizzy Luxury Kiwi Passion Fruit Guava &#8211; 15000 puffar"}]},{"@type":"WebSite","@id":"https:\/\/www.fizzyvape.eu\/sv\/#website","url":"https:\/\/www.fizzyvape.eu\/sv\/","name":"fizzyvape.eu","description":"Refreshing Vapes. Unforgettable Taste.","publisher":{"@id":"https:\/\/www.fizzyvape.eu\/sv\/#organization"},"potentialAction":[{"@type":"SearchAction","target":{"@type":"EntryPoint","urlTemplate":"https:\/\/www.fizzyvape.eu\/sv\/?s={search_term_string}"},"query-input":{"@type":"PropertyValueSpecification","valueRequired":true,"valueName":"search_term_string"}}],"inLanguage":"sv-SE"},{"@type":"Organization","@id":"https:\/\/www.fizzyvape.eu\/sv\/#organization","name":"fizzyvape.eu","url":"https:\/\/www.fizzyvape.eu\/sv\/","logo":{"@type":"ImageObject","inLanguage":"sv-SE","@id":"https:\/\/www.fizzyvape.eu\/sv\/#\/schema\/logo\/image\/","url":"https:\/\/fizzyvape.eu\/wp-content\/uploads\/2019\/06\/print-1.svg","contentUrl":"https:\/\/fizzyvape.eu\/wp-content\/uploads\/2019\/06\/print-1.svg","width":124,"height":37,"caption":"fizzyvape.eu"},"image":{"@id":"https:\/\/www.fizzyvape.eu\/sv\/#\/schema\/logo\/image\/"}}]},"og_availability":"out of stock","product_availability":"out of stock","product_condition":"new"},"tiered_pricing_type":"fixed","tiered_pricing_fixed_rules":[],"tiered_pricing_product_settings":{"layout":"default","base_unit_name":{"singular":null,"plural":null},"default_variation":null},"tiered_pricing_minimum_quantity":null,"tiered_pricing_roles_data":[],"tiered_pricing_percentage_rules":[],"tiered_pricing_maximum_quantity":null,"tiered_pricing_quantity_step":null,"_links":{"self":[{"href":"https:\/\/fizzyvape.eu\/sv\/wp-json\/wp\/v2\/product\/25445","targetHints":{"allow":["GET"]}}],"collection":[{"href":"https:\/\/fizzyvape.eu\/sv\/wp-json\/wp\/v2\/product"}],"about":[{"href":"https:\/\/fizzyvape.eu\/sv\/wp-json\/wp\/v2\/types\/product"}],"replies":[{"embeddable":true,"href":"https:\/\/fizzyvape.eu\/sv\/wp-json\/wp\/v2\/comments?post=25445"}],"version-history":[{"count":0,"href":"https:\/\/fizzyvape.eu\/sv\/wp-json\/wp\/v2\/product\/25445\/revisions"}],"wp:featuredmedia":[{"embeddable":true,"href":"https:\/\/fizzyvape.eu\/sv\/wp-json\/wp\/v2\/media\/21249"}],"wp:attachment":[{"href":"https:\/\/fizzyvape.eu\/sv\/wp-json\/wp\/v2\/media?parent=25445"}],"wp:term":[{"taxonomy":"product_brand","embeddable":true,"href":"https:\/\/fizzyvape.eu\/sv\/wp-json\/wp\/v2\/product_brand?post=25445"},{"taxonomy":"product_cat","embeddable":true,"href":"https:\/\/fizzyvape.eu\/sv\/wp-json\/wp\/v2\/product_cat?post=25445"},{"taxonomy":"product_tag","embeddable":true,"href":"https:\/\/fizzyvape.eu\/sv\/wp-json\/wp\/v2\/product_tag?post=25445"}],"curies":[{"name":"wp","href":"https:\/\/api.w.org\/{rel}","templated":true}]}}