{"id":25738,"date":"2025-03-28T17:03:46","date_gmt":"2025-03-28T09:03:46","guid":{"rendered":"https:\/\/fizzyvape.eu\/product\/fizzy-luxury-fizzy-cherry-15000-puffar\/"},"modified":"2025-03-28T17:03:46","modified_gmt":"2025-03-28T09:03:46","slug":"fizzy-luxury-fizzy-cherry-15000-puffar","status":"publish","type":"product","link":"https:\/\/fizzyvape.eu\/sv\/produkt\/fizzy-luxury-fizzy-cherry-15000-puffar\/","title":{"rendered":"Fizzy Luxury Fizzy Cherry &#8211; 15000 puffar"},"content":{"rendered":"<div>\n<h2 data-start=\"0\" data-end=\"82\"><strong>Fizzy Luxury Fizzy Cherry 15000 Puffs &#8211; Premium mousserande k\u00f6rsb\u00e4r Eng\u00e5ngs Vape<\/strong><\/h2>\n<p>Sk\u00e4m bort dig med den ultimata k\u00f6rsb\u00e4rssensationen med <strong>Fizzy Luxury Fizzy Cherry 15000 Puffs<\/strong> &#8211; d\u00e4r dj\u00e4rv svart k\u00f6rsb\u00e4rsrikedom (7,5\/10) m\u00f6ter en gnistrande brusighet (2,5\/10), allt inneslutet i v\u00e5r premiummetallkropp med precisionsluftfl\u00f6deskontroll. Denna lyxiga eng\u00e5ngsbl\u00e5sare ger <strong>15 000 ultraj\u00e4mna puffar<\/strong> av sp\u00e4nnande smak, med v\u00e5rt revolutionerande <strong>Dual-Mesh Quartz Coil System<\/strong> f\u00f6r o\u00f6vertr\u00e4ffad smakklarhet och sammetslen \u00e5nga. <\/p>\n<h3><strong>Varf\u00f6r v\u00e4lja Fizzy Luxury Fizzy Cherry 15000 Puffs?<\/strong><\/h3>\n<p>\ud83c\udf53 <strong>M\u00e4sterlig jordgubbssmak<\/strong> &#8211; 85% mogen jordgubbss\u00f6tma med 15% blommiga undertoner f\u00f6r tr\u00e4dg\u00e5rdsfr\u00e4sch \u00e4kthet<br \/>\n\ud83c\udf9b\ufe0f <strong>Precisionsstyrning av luftfl\u00f6det<\/strong> &#8211; justerbar ratt med 5 inst\u00e4llningar fr\u00e5n tight MTL till mjuk RDL<br \/>\n\ud83d\udd36 <strong>Lyxigt metallchassi<\/strong> &#8211; CNC-tillverkat flyg- och rymdaluminium med borstad finish<br \/>\n\u26a1 <strong>Extended 15.000 Puffs<\/strong> &#8211; 22 ml e-v\u00e4tskekapacitet r\u00e4cker 25 % l\u00e4ngre \u00e4n konkurrenternas<br \/>\n\ud83e\uddca <strong>SilkFlow-teknik<\/strong> &#8211; kvartsspole ger 50% j\u00e4mnare \u00e5nga \u00e4n standardn\u00e4t <\/p>\n<h3><strong>Nikotinalternativ:<\/strong><\/h3>\n<p>&#8211; <strong data-start=\"1200\" data-end=\"1216\">2% (20mg\/mL)<\/strong> &#8211; Idealisk f\u00f6r en mjuk och smakrik vapingupplevelse <br data-start=\"1269\" data-end=\"1272\">&#8211; <strong data-start=\"1274\" data-end=\"1290\">5% (50 mg\/ml)<\/strong> &#8211; Utformad f\u00f6r en starkare och mer tillfredsst\u00e4llande effekt i halsen <\/p>\n<\/div>\n<div>\n<h3>Specifikationer<\/h3>\n<table style=\"height: 449px;\" width=\"1340\">\n<tbody>\n<tr>\n<td>Puffar<\/td>\n<td><strong>15000+ puffar<\/strong><\/td>\n<\/tr>\n<tr>\n<td>Kapacitet f\u00f6r e-v\u00e4tska<\/td>\n<td><strong>22 ml<\/strong><\/td>\n<\/tr>\n<tr>\n<td>Batteriets kapacitet<\/td>\n<td><strong>650 mAh<\/strong><\/td>\n<\/tr>\n<tr>\n<td>N\u00e4tspole<\/td>\n<td><strong>1.4\u03a9<\/strong><\/td>\n<\/tr>\n<tr>\n<td>Storlek<\/td>\n<td><strong>53*30*85,3 mm<\/strong><\/td>\n<\/tr>\n<tr>\n<td>Eng\u00e5ngsbruk eller inte<\/td>\n<td><strong>Eng\u00e5ngsbruk<\/strong><\/td>\n<\/tr>\n<tr>\n<td>Laddningsmetod<\/td>\n<td><strong>Kabel<\/strong><\/td>\n<\/tr>\n<tr>\n<td>Aktiveringsmetod<\/td>\n<td><strong>Sensor<\/strong><\/td>\n<\/tr>\n<tr>\n<td>Material<\/td>\n<td><strong>metall<\/strong><\/td>\n<\/tr>\n<tr>\n<td>Nikotinniv\u00e5<\/td>\n<td><strong>2% (20mg\/mL) &amp; 5% (50mg\/mL)<\/strong><\/td>\n<\/tr>\n<tr>\n<td>Smaker<\/td>\n<td><strong>15<\/strong><\/td>\n<\/tr>\n<tr>\n<td>F\u00f6rpackning<\/td>\n<td><strong>1 f\u00f6rpackning<\/strong><\/td>\n<\/tr>\n<tr>\n<td>Laddningstid<\/td>\n<td><strong>2 timmar<\/strong><\/td>\n<\/tr>\n<tr>\n<td>F\u00f6rvaring<\/td>\n<td><strong>Undvik milj\u00f6er med h\u00f6ga temperaturer och f\u00f6rvara p\u00e5 en sval och torr plats.<\/strong><\/td>\n<\/tr>\n<tr>\n<td>Personer som \u00e4r f\u00f6rbjudna att anv\u00e4nda<\/td>\n<td><strong>Minder\u00e5riga, gravida kvinnor och personer som \u00e4r allergiska mot produktens ingredienser.<\/strong><\/td>\n<\/tr>\n<tr>\n<td>F\u00f6rsiktighet<\/td>\n<td><strong>Sv\u00e4lj inte detta \u00e4mne. Vid f\u00f6rt\u00e4ring, sk\u00f6lj munnen noggrant och omedelbart. Upps\u00f6k l\u00e4kare om du k\u00e4nner dig d\u00e5lig.  <\/strong><\/td>\n<\/tr>\n<\/tbody>\n<\/table>\n<h3><strong>Fizzy Luxury <\/strong>15000 Puffs Smaklista:<\/h3>\n<ol>\n<li><a href=\"https:\/\/fizzyvape.eu\/product\/fizzy-luxury-blueberry-raspberry-15000-puffs\/\">Bl\u00e5b\u00e4r Hallon<\/a><\/li>\n<li><a href=\"https:\/\/fizzyvape.eu\/product\/fizzy-luxury-peach-15000-puffs\/\">Persika<\/a><\/li>\n<li><a href=\"https:\/\/fizzyvape.eu\/sv\/produkt\/fizzy-luxury-grape-15000-puffar\/\">Druva<\/a><\/li>\n<li><a href=\"https:\/\/fizzyvape.eu\/sv\/produkt\/fizzy-luxury-blabar-15000-puffar\/\">Bl\u00e5b\u00e4r<\/a><\/li>\n<li><a href=\"https:\/\/fizzyvape.eu\/sv\/produkt\/fizzy-luxury-strawberry-15000-puffar\/\">Jordgubbar<\/a><\/li>\n<li><a href=\"https:\/\/fizzyvape.eu\/sv\/produkt\/fizzy-luxury-fizzy-cherry-15000-puffar\/\">Fizzy Cherry<\/a><\/li>\n<li><a href=\"https:\/\/fizzyvape.eu\/sv\/produkt\/fizzy-luxury-hallon-lemonad-15000-puffar\/\">Hallon Lemonad<\/a><\/li>\n<li><a href=\"https:\/\/fizzyvape.eu\/product\/fizzy-luxury-sour-apple-15000-puffs\/\">Surt \u00e4pple<\/a><\/li>\n<li><a href=\"https:\/\/fizzyvape.eu\/product\/fizzy-luxury-strawberry-kiwi-pomegranate-15000-puffs\/\">Jordgubb Kiwi Granat\u00e4pple<\/a><\/li>\n<li><a href=\"https:\/\/fizzyvape.eu\/sv\/produkt\/fizzy-luxury-lemon-lime-15000-puffar\/\">Citron Lime<\/a><\/li>\n<li><a href=\"https:\/\/fizzyvape.eu\/product\/fizzy-luxury-strawberry-banana-15000-puffs\/\">Jordgubbar Bananer<\/a><\/li>\n<li><a href=\"https:\/\/fizzyvape.eu\/product\/fizzy-luxury-orange-mango-watermelon-15000-puffs\/\">Apelsin Mango Vattenmelon<\/a><\/li>\n<li><a href=\"https:\/\/fizzyvape.eu\/sv\/produkt\/fizzy-luxury-red-bull-15000-puffar\/\">Red Bull<\/a><\/li>\n<li><a href=\"https:\/\/fizzyvape.eu\/sv\/produkt\/fizzy-luxury-pink-lemonade-15000-puffar\/\">Rosa lemonad<\/a><\/li>\n<li><a href=\"https:\/\/fizzyvape.eu\/sv\/produkt\/fizzy-luxury-kiwi-passion-fruit-guava-15000-puffar\/\">Kiwi Passionsfrukt Guava<\/a><\/li>\n<\/ol>\n<h3>Vanliga fr\u00e5gor om Fizzy Luxury Fizzy Cherry 15000 Puffs Vape<\/h3>\n<ol start=\"1\">\n<li><strong>Hur l\u00e4nge r\u00e4cker de 15.000 puffarna?<\/strong><br \/>\nVid m\u00e5ttlig anv\u00e4ndning (ca 300-400 puffar\/dag) kommer din enhet att h\u00e5lla i ca 5 veckor &#8211; 30% l\u00e4ngre \u00e4n vanliga eng\u00e5ngsapparater med 12 000 puffar. Batteriet p\u00e5 700 mAh garanterar full anv\u00e4ndning av 22 ml e-v\u00e4tska med bara 2-3 laddningar. <\/li>\n<li><strong>Vad g\u00f6r Fizzy Cherry-smaken unik?<\/strong><br \/>\nV\u00e5r signaturblandning kombinerar 75% fylliga svarta k\u00f6rsb\u00e4r (7,5\/10 intensitet) med 25% mousserande brus (2,5\/10), vilket skapar en sofistikerad smakprofil som varken \u00e4r f\u00f6r s\u00f6t eller konstgjord. 93% av testarna bekr\u00e4ftade att det \u00e4r den mest autentiska k\u00f6rsb\u00e4rsvape de har provat. <\/li>\n<li><strong>Hur v\u00e4ljer jag mellan 2 % och 5 % nikotin<\/strong>?<br \/>\n&#8211; <strong>2 % (20 mg\/ml<\/strong> ): Perfekt f\u00f6r smakfokuserad vaping eller tillf\u00e4lliga anv\u00e4ndare<br \/>\n&#8211; <strong>5% (50mg\/mL<\/strong> ): Rekommenderas f\u00f6r tidigare r\u00f6kare som beh\u00f6ver starkare tillfredsst\u00e4llelse<br \/>\nB\u00e5da styrkorna levererar samma exceptionella k\u00f6rsb\u00e4rssmak genom v\u00e5ra dubbla kvartsspolar.<\/li>\n<\/ol>\n<\/div>\n","protected":false},"excerpt":{"rendered":"<p>Upplev det ultimata mousserande k\u00f6rsb\u00e4rsbl\u00e5set med <strong>Fizzy Luxury Fizzy Cherry 15000 Puffs<\/strong> &#8211; med dj\u00e4rv svart k\u00f6rsb\u00e4rsrikedom (7,5\/10) och mousserande glitter (2,5\/10). Njut av 15 000 ultramjuka bloss fr\u00e5n v\u00e5r premium eng\u00e5ngsbl\u00e5sare med metallkropp, justerbart luftfl\u00f6de och dubbla kvartsspolar. <\/p>\n","protected":false},"featured_media":21233,"comment_status":"open","ping_status":"closed","template":"","meta":{"iawp_total_views":0},"product_brand":[],"product_cat":[330],"product_tag":[331],"class_list":{"0":"post-25738","1":"product","2":"type-product","3":"status-publish","4":"has-post-thumbnail","6":"product_cat-luxury-sv","7":"product_tag-15000-puffar","9":"first","10":"outofstock","11":"shipping-taxable","12":"purchasable","13":"product-type-variable"},"yoast_head":"<!-- This site is optimized with the Yoast SEO Premium plugin v24.8 (Yoast SEO v24.8) - https:\/\/yoast.com\/wordpress\/plugins\/seo\/ -->\n<title>Fizzy Luxury Fizzy Cherry - 15000 puffar - fizzyvape.eu<\/title>\n<meta name=\"robots\" content=\"index, follow, max-snippet:-1, max-image-preview:large, max-video-preview:-1\" \/>\n<link rel=\"canonical\" href=\"https:\/\/fizzyvape.eu\/sv\/produkt\/fizzy-luxury-fizzy-cherry-15000-puffar\/\" \/>\n<meta property=\"og:locale\" content=\"sv_SE\" \/>\n<meta property=\"og:type\" content=\"article\" \/>\n<meta property=\"og:title\" content=\"Fizzy Luxury Fizzy Cherry - 15000 puffar\" \/>\n<meta property=\"og:description\" content=\"Upplev det ultimata mousserande k\u00f6rsb\u00e4rsbl\u00e5set med Fizzy Luxury Fizzy Cherry 15000 Puffs - med dj\u00e4rv svart k\u00f6rsb\u00e4rsrikedom (7,5\/10) och mousserande glitter (2,5\/10). Njut av 15 000 ultramjuka bloss fr\u00e5n v\u00e5r premium eng\u00e5ngsbl\u00e5sare med metallkropp, justerbart luftfl\u00f6de och dubbla kvartsspolar.\" \/>\n<meta property=\"og:url\" content=\"https:\/\/fizzyvape.eu\/sv\/produkt\/fizzy-luxury-fizzy-cherry-15000-puffar\/\" \/>\n<meta property=\"og:site_name\" content=\"fizzyvape.eu\" \/>\n<meta property=\"og:image\" content=\"https:\/\/www.fizzyvape.eu\/wp-content\/uploads\/2025\/03\/Fizzy-Luxury-Fizzy-Cherry-15000puff.jpg\" \/>\n\t<meta property=\"og:image:width\" content=\"1500\" \/>\n\t<meta property=\"og:image:height\" content=\"1500\" \/>\n\t<meta property=\"og:image:type\" content=\"image\/jpeg\" \/>\n<meta name=\"twitter:card\" content=\"summary_large_image\" \/>\n<meta name=\"twitter:label1\" content=\"Tillg\u00e4nglig\" \/>\n\t<meta name=\"twitter:data1\" content=\"Slut i lager\" \/>\n<script type=\"application\/ld+json\" class=\"yoast-schema-graph\">{\"@context\":\"https:\/\/schema.org\",\"@graph\":[{\"@type\":\"WebPage\",\"@id\":\"https:\/\/fizzyvape.eu\/sv\/produkt\/fizzy-luxury-fizzy-cherry-15000-puffar\/\",\"url\":\"https:\/\/fizzyvape.eu\/sv\/produkt\/fizzy-luxury-fizzy-cherry-15000-puffar\/\",\"name\":\"Fizzy Luxury Fizzy Cherry - 15000 puffar - fizzyvape.eu\",\"isPartOf\":{\"@id\":\"https:\/\/www.fizzyvape.eu\/sv\/#website\"},\"primaryImageOfPage\":{\"@id\":\"https:\/\/fizzyvape.eu\/sv\/produkt\/fizzy-luxury-fizzy-cherry-15000-puffar\/#primaryimage\"},\"image\":{\"@id\":\"https:\/\/fizzyvape.eu\/sv\/produkt\/fizzy-luxury-fizzy-cherry-15000-puffar\/#primaryimage\"},\"thumbnailUrl\":\"https:\/\/fizzyvape.eu\/wp-content\/uploads\/2025\/03\/Fizzy-Luxury-Fizzy-Cherry-15000puff.jpg\",\"datePublished\":\"2025-03-28T09:03:46+00:00\",\"breadcrumb\":{\"@id\":\"https:\/\/fizzyvape.eu\/sv\/produkt\/fizzy-luxury-fizzy-cherry-15000-puffar\/#breadcrumb\"},\"inLanguage\":\"sv-SE\",\"potentialAction\":[{\"@type\":\"ReadAction\",\"target\":[\"https:\/\/fizzyvape.eu\/sv\/produkt\/fizzy-luxury-fizzy-cherry-15000-puffar\/\"]}]},{\"@type\":\"ImageObject\",\"inLanguage\":\"sv-SE\",\"@id\":\"https:\/\/fizzyvape.eu\/sv\/produkt\/fizzy-luxury-fizzy-cherry-15000-puffar\/#primaryimage\",\"url\":\"https:\/\/fizzyvape.eu\/wp-content\/uploads\/2025\/03\/Fizzy-Luxury-Fizzy-Cherry-15000puff.jpg\",\"contentUrl\":\"https:\/\/fizzyvape.eu\/wp-content\/uploads\/2025\/03\/Fizzy-Luxury-Fizzy-Cherry-15000puff.jpg\",\"width\":1500,\"height\":1500,\"caption\":\"Fizzy-Luxury-Fizzy-Cherry-15000puff\"},{\"@type\":\"BreadcrumbList\",\"@id\":\"https:\/\/fizzyvape.eu\/sv\/produkt\/fizzy-luxury-fizzy-cherry-15000-puffar\/#breadcrumb\",\"itemListElement\":[{\"@type\":\"ListItem\",\"position\":1,\"name\":\"Home\",\"item\":\"https:\/\/fizzyvape.eu\/sv\/\"},{\"@type\":\"ListItem\",\"position\":2,\"name\":\"Butik\",\"item\":\"https:\/\/fizzyvape.eu\/sv\/butik\/\"},{\"@type\":\"ListItem\",\"position\":3,\"name\":\"Fizzy Luxury Fizzy Cherry &#8211; 15000 puffar\"}]},{\"@type\":\"WebSite\",\"@id\":\"https:\/\/www.fizzyvape.eu\/sv\/#website\",\"url\":\"https:\/\/www.fizzyvape.eu\/sv\/\",\"name\":\"fizzyvape.eu\",\"description\":\"Refreshing Vapes. Unforgettable Taste.\",\"publisher\":{\"@id\":\"https:\/\/www.fizzyvape.eu\/sv\/#organization\"},\"potentialAction\":[{\"@type\":\"SearchAction\",\"target\":{\"@type\":\"EntryPoint\",\"urlTemplate\":\"https:\/\/www.fizzyvape.eu\/sv\/?s={search_term_string}\"},\"query-input\":{\"@type\":\"PropertyValueSpecification\",\"valueRequired\":true,\"valueName\":\"search_term_string\"}}],\"inLanguage\":\"sv-SE\"},{\"@type\":\"Organization\",\"@id\":\"https:\/\/www.fizzyvape.eu\/sv\/#organization\",\"name\":\"fizzyvape.eu\",\"url\":\"https:\/\/www.fizzyvape.eu\/sv\/\",\"logo\":{\"@type\":\"ImageObject\",\"inLanguage\":\"sv-SE\",\"@id\":\"https:\/\/www.fizzyvape.eu\/sv\/#\/schema\/logo\/image\/\",\"url\":\"https:\/\/fizzyvape.eu\/wp-content\/uploads\/2019\/06\/print-1.svg\",\"contentUrl\":\"https:\/\/fizzyvape.eu\/wp-content\/uploads\/2019\/06\/print-1.svg\",\"width\":124,\"height\":37,\"caption\":\"fizzyvape.eu\"},\"image\":{\"@id\":\"https:\/\/www.fizzyvape.eu\/sv\/#\/schema\/logo\/image\/\"}}]}<\/script>\n<meta property=\"og:availability\" content=\"out of stock\" \/>\n<meta property=\"product:availability\" content=\"out of stock\" \/>\n<meta property=\"product:condition\" content=\"new\" \/>\n<!-- \/ Yoast SEO Premium plugin. -->","yoast_head_json":{"title":"Fizzy Luxury Fizzy Cherry - 15000 puffar - fizzyvape.eu","robots":{"index":"index","follow":"follow","max-snippet":"max-snippet:-1","max-image-preview":"max-image-preview:large","max-video-preview":"max-video-preview:-1"},"canonical":"https:\/\/fizzyvape.eu\/sv\/produkt\/fizzy-luxury-fizzy-cherry-15000-puffar\/","og_locale":"sv_SE","og_type":"article","og_title":"Fizzy Luxury Fizzy Cherry - 15000 puffar","og_description":"Upplev det ultimata mousserande k\u00f6rsb\u00e4rsbl\u00e5set med Fizzy Luxury Fizzy Cherry 15000 Puffs - med dj\u00e4rv svart k\u00f6rsb\u00e4rsrikedom (7,5\/10) och mousserande glitter (2,5\/10). Njut av 15 000 ultramjuka bloss fr\u00e5n v\u00e5r premium eng\u00e5ngsbl\u00e5sare med metallkropp, justerbart luftfl\u00f6de och dubbla kvartsspolar.","og_url":"https:\/\/fizzyvape.eu\/sv\/produkt\/fizzy-luxury-fizzy-cherry-15000-puffar\/","og_site_name":"fizzyvape.eu","og_image":[{"width":1500,"height":1500,"url":"https:\/\/www.fizzyvape.eu\/wp-content\/uploads\/2025\/03\/Fizzy-Luxury-Fizzy-Cherry-15000puff.jpg","type":"image\/jpeg"}],"twitter_card":"summary_large_image","twitter_misc":{"Tillg\u00e4nglig":"Slut i lager"},"schema":{"@context":"https:\/\/schema.org","@graph":[{"@type":"WebPage","@id":"https:\/\/fizzyvape.eu\/sv\/produkt\/fizzy-luxury-fizzy-cherry-15000-puffar\/","url":"https:\/\/fizzyvape.eu\/sv\/produkt\/fizzy-luxury-fizzy-cherry-15000-puffar\/","name":"Fizzy Luxury Fizzy Cherry - 15000 puffar - fizzyvape.eu","isPartOf":{"@id":"https:\/\/www.fizzyvape.eu\/sv\/#website"},"primaryImageOfPage":{"@id":"https:\/\/fizzyvape.eu\/sv\/produkt\/fizzy-luxury-fizzy-cherry-15000-puffar\/#primaryimage"},"image":{"@id":"https:\/\/fizzyvape.eu\/sv\/produkt\/fizzy-luxury-fizzy-cherry-15000-puffar\/#primaryimage"},"thumbnailUrl":"https:\/\/fizzyvape.eu\/wp-content\/uploads\/2025\/03\/Fizzy-Luxury-Fizzy-Cherry-15000puff.jpg","datePublished":"2025-03-28T09:03:46+00:00","breadcrumb":{"@id":"https:\/\/fizzyvape.eu\/sv\/produkt\/fizzy-luxury-fizzy-cherry-15000-puffar\/#breadcrumb"},"inLanguage":"sv-SE","potentialAction":[{"@type":"ReadAction","target":["https:\/\/fizzyvape.eu\/sv\/produkt\/fizzy-luxury-fizzy-cherry-15000-puffar\/"]}]},{"@type":"ImageObject","inLanguage":"sv-SE","@id":"https:\/\/fizzyvape.eu\/sv\/produkt\/fizzy-luxury-fizzy-cherry-15000-puffar\/#primaryimage","url":"https:\/\/fizzyvape.eu\/wp-content\/uploads\/2025\/03\/Fizzy-Luxury-Fizzy-Cherry-15000puff.jpg","contentUrl":"https:\/\/fizzyvape.eu\/wp-content\/uploads\/2025\/03\/Fizzy-Luxury-Fizzy-Cherry-15000puff.jpg","width":1500,"height":1500,"caption":"Fizzy-Luxury-Fizzy-Cherry-15000puff"},{"@type":"BreadcrumbList","@id":"https:\/\/fizzyvape.eu\/sv\/produkt\/fizzy-luxury-fizzy-cherry-15000-puffar\/#breadcrumb","itemListElement":[{"@type":"ListItem","position":1,"name":"Home","item":"https:\/\/fizzyvape.eu\/sv\/"},{"@type":"ListItem","position":2,"name":"Butik","item":"https:\/\/fizzyvape.eu\/sv\/butik\/"},{"@type":"ListItem","position":3,"name":"Fizzy Luxury Fizzy Cherry &#8211; 15000 puffar"}]},{"@type":"WebSite","@id":"https:\/\/www.fizzyvape.eu\/sv\/#website","url":"https:\/\/www.fizzyvape.eu\/sv\/","name":"fizzyvape.eu","description":"Refreshing Vapes. Unforgettable Taste.","publisher":{"@id":"https:\/\/www.fizzyvape.eu\/sv\/#organization"},"potentialAction":[{"@type":"SearchAction","target":{"@type":"EntryPoint","urlTemplate":"https:\/\/www.fizzyvape.eu\/sv\/?s={search_term_string}"},"query-input":{"@type":"PropertyValueSpecification","valueRequired":true,"valueName":"search_term_string"}}],"inLanguage":"sv-SE"},{"@type":"Organization","@id":"https:\/\/www.fizzyvape.eu\/sv\/#organization","name":"fizzyvape.eu","url":"https:\/\/www.fizzyvape.eu\/sv\/","logo":{"@type":"ImageObject","inLanguage":"sv-SE","@id":"https:\/\/www.fizzyvape.eu\/sv\/#\/schema\/logo\/image\/","url":"https:\/\/fizzyvape.eu\/wp-content\/uploads\/2019\/06\/print-1.svg","contentUrl":"https:\/\/fizzyvape.eu\/wp-content\/uploads\/2019\/06\/print-1.svg","width":124,"height":37,"caption":"fizzyvape.eu"},"image":{"@id":"https:\/\/www.fizzyvape.eu\/sv\/#\/schema\/logo\/image\/"}}]},"og_availability":"out of stock","product_availability":"out of stock","product_condition":"new"},"tiered_pricing_type":"fixed","tiered_pricing_fixed_rules":[],"tiered_pricing_product_settings":{"layout":"default","base_unit_name":{"singular":null,"plural":null},"default_variation":null},"tiered_pricing_minimum_quantity":null,"tiered_pricing_roles_data":[],"tiered_pricing_percentage_rules":[],"tiered_pricing_maximum_quantity":null,"tiered_pricing_quantity_step":null,"_links":{"self":[{"href":"https:\/\/fizzyvape.eu\/sv\/wp-json\/wp\/v2\/product\/25738","targetHints":{"allow":["GET"]}}],"collection":[{"href":"https:\/\/fizzyvape.eu\/sv\/wp-json\/wp\/v2\/product"}],"about":[{"href":"https:\/\/fizzyvape.eu\/sv\/wp-json\/wp\/v2\/types\/product"}],"replies":[{"embeddable":true,"href":"https:\/\/fizzyvape.eu\/sv\/wp-json\/wp\/v2\/comments?post=25738"}],"version-history":[{"count":0,"href":"https:\/\/fizzyvape.eu\/sv\/wp-json\/wp\/v2\/product\/25738\/revisions"}],"wp:featuredmedia":[{"embeddable":true,"href":"https:\/\/fizzyvape.eu\/sv\/wp-json\/wp\/v2\/media\/21233"}],"wp:attachment":[{"href":"https:\/\/fizzyvape.eu\/sv\/wp-json\/wp\/v2\/media?parent=25738"}],"wp:term":[{"taxonomy":"product_brand","embeddable":true,"href":"https:\/\/fizzyvape.eu\/sv\/wp-json\/wp\/v2\/product_brand?post=25738"},{"taxonomy":"product_cat","embeddable":true,"href":"https:\/\/fizzyvape.eu\/sv\/wp-json\/wp\/v2\/product_cat?post=25738"},{"taxonomy":"product_tag","embeddable":true,"href":"https:\/\/fizzyvape.eu\/sv\/wp-json\/wp\/v2\/product_tag?post=25738"}],"curies":[{"name":"wp","href":"https:\/\/api.w.org\/{rel}","templated":true}]}}