{"id":25840,"date":"2025-03-28T18:06:39","date_gmt":"2025-03-28T10:06:39","guid":{"rendered":"https:\/\/fizzyvape.eu\/product\/fizzy-luxury-jordgubb-banan-15000-puffar\/"},"modified":"2025-03-28T18:06:39","modified_gmt":"2025-03-28T10:06:39","slug":"fizzy-luxury-jordgubb-banan-15000-puffar","status":"publish","type":"product","link":"https:\/\/fizzyvape.eu\/sv\/produkt\/fizzy-luxury-jordgubb-banan-15000-puffar\/","title":{"rendered":"Fizzy Luxury Jordgubb Banan &#8211; 15000 puffar"},"content":{"rendered":"<div>\n<h2 data-start=\"0\" data-end=\"82\"><strong>Fizzy Luxury Strawberry Banana 15000 Puffs &#8211; Premium kr\u00e4mig frukt eng\u00e5ngsvape<\/strong><\/h2>\n<p>Upplev den perfekta fruktharmonin med <strong>Fizzy Luxury Strawberry Banana 15000 Puffs<\/strong> &#8211; d\u00e4r ljuvlig jordgubbss\u00f6tma (7\/10) m\u00f6ter kr\u00e4mig banans\u00f6tma (6\/10), allt inkapslat i v\u00e5r premiummetallkropp med precisionsluftfl\u00f6deskontroll. Denna elit eng\u00e5ngsbl\u00e5sare levererar <strong>15 000 ultramjuka puffar<\/strong> av dekadent smak, med v\u00e5rt revolutionerande <strong>Dual-Mesh Quartz Coil System<\/strong> f\u00f6r sammetslen \u00e5nga och rik smak. <\/p>\n<h3><strong>Varf\u00f6r v\u00e4lja Fizzy Luxury Strawberry Banana 15000 Puffs Vape?<\/strong><\/h3>\n<p>\ud83c\udf53\ud83c\udf4c <strong>Perfect Fruit Duo<\/strong> &#8211; 60% mogen jordgubbss\u00f6tma blandad med 40% kr\u00e4mig bananrikedom<br \/>\n\ud83c\udf9b\ufe0f <strong>Smart luftfl\u00f6deskontroll<\/strong> &#8211; justerbar ratt med 5 inst\u00e4llningar fr\u00e5n tight MTL till mjuk RDL<br \/>\n\ud83d\udd36 <strong>Lyxig metallkonstruktion<\/strong> &#8211; CNC-bearbetad flyg- och rymdaluminium med satinfinish<br \/>\n\u26a1 <strong>Extended 15.000 Puffs<\/strong> &#8211; 22 ml e-v\u00e4tskekapacitet r\u00e4cker 25 % l\u00e4ngre \u00e4n konkurrenternas<br \/>\n\ud83e\uddca <strong>SilkFlow-teknik<\/strong> &#8211; kvartsspolar ger 50% j\u00e4mnare \u00e5nga \u00e4n standardn\u00e4t <\/p>\n<h3><strong>Nikotinalternativ:<\/strong><\/h3>\n<p>&#8211; <strong data-start=\"1200\" data-end=\"1216\">2% (20mg\/mL)<\/strong> &#8211; Idealisk f\u00f6r en mjuk och smakrik vapingupplevelse <br data-start=\"1269\" data-end=\"1272\">&#8211; <strong data-start=\"1274\" data-end=\"1290\">5% (50 mg\/ml)<\/strong> &#8211; Utformad f\u00f6r en starkare och mer tillfredsst\u00e4llande effekt i halsen <\/p>\n<\/div>\n<div>\n<h3>Specifikationer<\/h3>\n<table style=\"height: 449px;\" width=\"1340\">\n<tbody>\n<tr>\n<td>Puffar<\/td>\n<td><strong>15000+ puffar<\/strong><\/td>\n<\/tr>\n<tr>\n<td>Kapacitet f\u00f6r e-v\u00e4tska<\/td>\n<td><strong>22 ml<\/strong><\/td>\n<\/tr>\n<tr>\n<td>Batteriets kapacitet<\/td>\n<td><strong>650 mAh<\/strong><\/td>\n<\/tr>\n<tr>\n<td>N\u00e4tspole<\/td>\n<td><strong>1.4\u03a9<\/strong><\/td>\n<\/tr>\n<tr>\n<td>Storlek<\/td>\n<td><strong>53*30*85,3 mm<\/strong><\/td>\n<\/tr>\n<tr>\n<td>Eng\u00e5ngsbruk eller inte<\/td>\n<td><strong>Eng\u00e5ngsbruk<\/strong><\/td>\n<\/tr>\n<tr>\n<td>Laddningsmetod<\/td>\n<td><strong>Kabel<\/strong><\/td>\n<\/tr>\n<tr>\n<td>Aktiveringsmetod<\/td>\n<td><strong>Sensor<\/strong><\/td>\n<\/tr>\n<tr>\n<td>Material<\/td>\n<td><strong>metall<\/strong><\/td>\n<\/tr>\n<tr>\n<td>Nikotinniv\u00e5<\/td>\n<td><strong>2% (20mg\/mL) &amp; 5% (50mg\/mL)<\/strong><\/td>\n<\/tr>\n<tr>\n<td>Smaker<\/td>\n<td><strong>15<\/strong><\/td>\n<\/tr>\n<tr>\n<td>F\u00f6rpackning<\/td>\n<td><strong>1 f\u00f6rpackning<\/strong><\/td>\n<\/tr>\n<tr>\n<td>Laddningstid<\/td>\n<td><strong>2 timmar<\/strong><\/td>\n<\/tr>\n<tr>\n<td>F\u00f6rvaring<\/td>\n<td><strong>Undvik milj\u00f6er med h\u00f6ga temperaturer och f\u00f6rvara p\u00e5 en sval och torr plats.<\/strong><\/td>\n<\/tr>\n<tr>\n<td>Personer som \u00e4r f\u00f6rbjudna att anv\u00e4nda<\/td>\n<td><strong>Minder\u00e5riga, gravida kvinnor och personer som \u00e4r allergiska mot produktens ingredienser.<\/strong><\/td>\n<\/tr>\n<tr>\n<td>F\u00f6rsiktighet<\/td>\n<td><strong>Sv\u00e4lj inte detta \u00e4mne. Vid f\u00f6rt\u00e4ring, sk\u00f6lj munnen noggrant och omedelbart. Upps\u00f6k l\u00e4kare om du k\u00e4nner dig d\u00e5lig.  <\/strong><\/td>\n<\/tr>\n<\/tbody>\n<\/table>\n<h3><strong>Fizzy Luxury <\/strong>15000 Puffs Smaklista:<\/h3>\n<ol>\n<li><a href=\"https:\/\/fizzyvape.eu\/product\/fizzy-luxury-blueberry-raspberry-15000-puffs\/\">Bl\u00e5b\u00e4r Hallon<\/a><\/li>\n<li><a href=\"https:\/\/fizzyvape.eu\/product\/fizzy-luxury-peach-15000-puffs\/\">Persika<\/a><\/li>\n<li><a href=\"https:\/\/fizzyvape.eu\/sv\/produkt\/fizzy-luxury-grape-15000-puffar\/\">Druva<\/a><\/li>\n<li><a href=\"https:\/\/fizzyvape.eu\/sv\/produkt\/fizzy-luxury-blabar-15000-puffar\/\">Bl\u00e5b\u00e4r<\/a><\/li>\n<li><a href=\"https:\/\/fizzyvape.eu\/sv\/produkt\/fizzy-luxury-strawberry-15000-puffar\/\">Jordgubbar<\/a><\/li>\n<li><a href=\"https:\/\/fizzyvape.eu\/sv\/produkt\/fizzy-luxury-fizzy-cherry-15000-puffar\/\">Fizzy Cherry<\/a><\/li>\n<li><a href=\"https:\/\/fizzyvape.eu\/sv\/produkt\/fizzy-luxury-hallon-lemonad-15000-puffar\/\">Hallon Lemonad<\/a><\/li>\n<li><a href=\"https:\/\/fizzyvape.eu\/sv\/produkt\/fizzy-luxury-sour-apple-15000-puffar\/\">Surt \u00e4pple<\/a><\/li>\n<li><a href=\"https:\/\/fizzyvape.eu\/sv\/produkt\/fizzy-luxury-jordgubb-kiwi-granatapple-15000-puffar\/\">Jordgubb Kiwi Granat\u00e4pple<\/a><\/li>\n<li><a href=\"https:\/\/fizzyvape.eu\/sv\/produkt\/fizzy-luxury-lemon-lime-15000-puffar\/\">Citron Lime<\/a><\/li>\n<li><a href=\"https:\/\/fizzyvape.eu\/sv\/produkt\/fizzy-luxury-jordgubb-banan-15000-puffar\/\">Jordgubbar Bananer<\/a><\/li>\n<li><a href=\"https:\/\/fizzyvape.eu\/product\/fizzy-luxury-orange-mango-watermelon-15000-puffs\/\">Apelsin Mango Vattenmelon<\/a><\/li>\n<li><a href=\"https:\/\/fizzyvape.eu\/sv\/produkt\/fizzy-luxury-red-bull-15000-puffar\/\">Red Bull<\/a><\/li>\n<li><a href=\"https:\/\/fizzyvape.eu\/sv\/produkt\/fizzy-luxury-pink-lemonade-15000-puffar\/\">Rosa lemonad<\/a><\/li>\n<li><a href=\"https:\/\/fizzyvape.eu\/sv\/produkt\/fizzy-luxury-kiwi-passion-fruit-guava-15000-puffar\/\">Kiwi Passionsfrukt Guava<\/a><\/li>\n<\/ol>\n<h3>Vanliga fr\u00e5gor om Fizzy Luxury Strawberry Banana 15000 Puffs Vape<\/h3>\n<ul>\n<li class=\"\" data-start=\"67\" data-end=\"370\">\n<p class=\"\" data-start=\"70\" data-end=\"370\"><strong data-start=\"70\" data-end=\"149\">Vilken smak erbjuder Fizzy Luxury Strawberry Banana 15000 Puffs vape?<\/strong><br data-start=\"149\" data-end=\"152\"><strong data-start=\"159\" data-end=\"205\">Fizzy Luxury Strawberry Banana 15000 Puffs<\/strong> levererar en <strong data-start=\"217\" data-end=\"267\">perfekt balanserad blandning av s\u00f6ta jordgubbar<\/strong> och <strong data-start=\"272\" data-end=\"290\">kr\u00e4miga bananer<\/strong>, vilket ger en mjuk och fruktig upplevelse som \u00e4r b\u00e5de tillfredsst\u00e4llande och uppfriskande.<\/p>\n<\/li>\n<li class=\"\" data-start=\"372\" data-end=\"632\">\n<p class=\"\" data-start=\"375\" data-end=\"632\"><strong data-start=\"375\" data-end=\"445\">Hur l\u00e4nge h\u00e5ller Fizzy Luxury Strawberry Banana 15000 Puffs?<\/strong><br data-start=\"445\" data-end=\"448\">Med en <strong data-start=\"458\" data-end=\"484\">22 ml e-v\u00e4tskekapacitet<\/strong> erbjuder denna vape <strong data-start=\"503\" data-end=\"520\">15 000+ p<\/strong>uffar, som h\u00e5ller i cirka <strong data-start=\"544\" data-end=\"557\">4-5 veckor<\/strong> beroende p\u00e5 anv\u00e4ndning, vilket ger en l\u00e5ngvarig, trevlig vapingupplevelse.<\/p>\n<\/li>\n<li class=\"\" data-start=\"349\" data-end=\"617\">\n<p class=\"\" data-start=\"352\" data-end=\"617\"><strong>Vilken nikotinstyrka passar mig?<\/strong><br \/>\n&#8211; <strong>2% (20mg\/mL)<\/strong>: Perfekt f\u00f6r vaping hela dagen och f\u00f6r smak\u00e4lskare<br \/>\n&#8211; <strong>5% (50mg\/mL<\/strong> ): Perfekt f\u00f6r f\u00f6re detta r\u00f6kare som beh\u00f6ver en starkare tillfredsst\u00e4llelse<\/p>\n<\/li>\n<\/ul>\n<\/div>\n","protected":false},"excerpt":{"rendered":"<p>Sk\u00e4m bort dig med den perfekta blandningen av <strong data-start=\"57\" data-end=\"77\" data-is-only-node=\"\">s\u00f6t jordgubbe<\/strong> och <strong data-start=\"82\" data-end=\"99\">kr\u00e4mig<\/strong> <strong data-start=\"105\" data-end=\"151\">banan med Fizzy Luxury Strawberry Banana 15000 Puffs<\/strong>. Denna premium vape erbjuder <strong data-start=\"178\" data-end=\"201\">15 000 smidiga puffar<\/strong>, f\u00f6rb\u00e4ttrade med <strong data-start=\"215\" data-end=\"251\">Dual-Mesh Quartz Coil Technology<\/strong> f\u00f6r sammetslen \u00e5nga och rik smak i en elegant metallkropp. <\/p>\n","protected":false},"featured_media":21321,"comment_status":"open","ping_status":"closed","template":"","meta":{"iawp_total_views":1},"product_brand":[],"product_cat":[330],"product_tag":[331],"class_list":{"0":"post-25840","1":"product","2":"type-product","3":"status-publish","4":"has-post-thumbnail","6":"product_cat-luxury-sv","7":"product_tag-15000-puffar","9":"first","10":"outofstock","11":"shipping-taxable","12":"purchasable","13":"product-type-variable"},"yoast_head":"<!-- This site is optimized with the Yoast SEO Premium plugin v24.8 (Yoast SEO v24.8) - https:\/\/yoast.com\/wordpress\/plugins\/seo\/ -->\n<title>Fizzy Luxury Jordgubb Banan - 15000 puffar - fizzyvape.eu<\/title>\n<meta name=\"robots\" content=\"index, follow, max-snippet:-1, max-image-preview:large, max-video-preview:-1\" \/>\n<link rel=\"canonical\" href=\"https:\/\/fizzyvape.eu\/sv\/produkt\/fizzy-luxury-jordgubb-banan-15000-puffar\/\" \/>\n<meta property=\"og:locale\" content=\"sv_SE\" \/>\n<meta property=\"og:type\" content=\"article\" \/>\n<meta property=\"og:title\" content=\"Fizzy Luxury Jordgubb Banan - 15000 puffar\" \/>\n<meta property=\"og:description\" content=\"Sk\u00e4m bort dig med den perfekta blandningen av s\u00f6t jordgubbe och kr\u00e4mig banan med Fizzy Luxury Strawberry Banana 15000 Puffs. Denna premium vape erbjuder 15 000 smidiga puffar, f\u00f6rb\u00e4ttrade med Dual-Mesh Quartz Coil Technology f\u00f6r sammetslen \u00e5nga och rik smak i en elegant metallkropp.\" \/>\n<meta property=\"og:url\" content=\"https:\/\/fizzyvape.eu\/sv\/produkt\/fizzy-luxury-jordgubb-banan-15000-puffar\/\" \/>\n<meta property=\"og:site_name\" content=\"fizzyvape.eu\" \/>\n<meta property=\"og:image\" content=\"https:\/\/www.fizzyvape.eu\/wp-content\/uploads\/2025\/03\/Fizzy-Luxury-Strawberry-Banana-15000puff.jpg\" \/>\n\t<meta property=\"og:image:width\" content=\"1500\" \/>\n\t<meta property=\"og:image:height\" content=\"1500\" \/>\n\t<meta property=\"og:image:type\" content=\"image\/jpeg\" \/>\n<meta name=\"twitter:card\" content=\"summary_large_image\" \/>\n<meta name=\"twitter:label1\" content=\"Tillg\u00e4nglig\" \/>\n\t<meta name=\"twitter:data1\" content=\"Slut i lager\" \/>\n<script type=\"application\/ld+json\" class=\"yoast-schema-graph\">{\"@context\":\"https:\/\/schema.org\",\"@graph\":[{\"@type\":\"WebPage\",\"@id\":\"https:\/\/fizzyvape.eu\/sv\/produkt\/fizzy-luxury-jordgubb-banan-15000-puffar\/\",\"url\":\"https:\/\/fizzyvape.eu\/sv\/produkt\/fizzy-luxury-jordgubb-banan-15000-puffar\/\",\"name\":\"Fizzy Luxury Jordgubb Banan - 15000 puffar - fizzyvape.eu\",\"isPartOf\":{\"@id\":\"https:\/\/www.fizzyvape.eu\/sv\/#website\"},\"primaryImageOfPage\":{\"@id\":\"https:\/\/fizzyvape.eu\/sv\/produkt\/fizzy-luxury-jordgubb-banan-15000-puffar\/#primaryimage\"},\"image\":{\"@id\":\"https:\/\/fizzyvape.eu\/sv\/produkt\/fizzy-luxury-jordgubb-banan-15000-puffar\/#primaryimage\"},\"thumbnailUrl\":\"https:\/\/fizzyvape.eu\/wp-content\/uploads\/2025\/03\/Fizzy-Luxury-Strawberry-Banana-15000puff.jpg\",\"datePublished\":\"2025-03-28T10:06:39+00:00\",\"breadcrumb\":{\"@id\":\"https:\/\/fizzyvape.eu\/sv\/produkt\/fizzy-luxury-jordgubb-banan-15000-puffar\/#breadcrumb\"},\"inLanguage\":\"sv-SE\",\"potentialAction\":[{\"@type\":\"ReadAction\",\"target\":[\"https:\/\/fizzyvape.eu\/sv\/produkt\/fizzy-luxury-jordgubb-banan-15000-puffar\/\"]}]},{\"@type\":\"ImageObject\",\"inLanguage\":\"sv-SE\",\"@id\":\"https:\/\/fizzyvape.eu\/sv\/produkt\/fizzy-luxury-jordgubb-banan-15000-puffar\/#primaryimage\",\"url\":\"https:\/\/fizzyvape.eu\/wp-content\/uploads\/2025\/03\/Fizzy-Luxury-Strawberry-Banana-15000puff.jpg\",\"contentUrl\":\"https:\/\/fizzyvape.eu\/wp-content\/uploads\/2025\/03\/Fizzy-Luxury-Strawberry-Banana-15000puff.jpg\",\"width\":1500,\"height\":1500,\"caption\":\"Fizzy-Luxury-jordgubbe-banan-15000puff\"},{\"@type\":\"BreadcrumbList\",\"@id\":\"https:\/\/fizzyvape.eu\/sv\/produkt\/fizzy-luxury-jordgubb-banan-15000-puffar\/#breadcrumb\",\"itemListElement\":[{\"@type\":\"ListItem\",\"position\":1,\"name\":\"Home\",\"item\":\"https:\/\/fizzyvape.eu\/sv\/\"},{\"@type\":\"ListItem\",\"position\":2,\"name\":\"Butik\",\"item\":\"https:\/\/fizzyvape.eu\/sv\/butik\/\"},{\"@type\":\"ListItem\",\"position\":3,\"name\":\"Fizzy Luxury Jordgubb Banan &#8211; 15000 puffar\"}]},{\"@type\":\"WebSite\",\"@id\":\"https:\/\/www.fizzyvape.eu\/sv\/#website\",\"url\":\"https:\/\/www.fizzyvape.eu\/sv\/\",\"name\":\"fizzyvape.eu\",\"description\":\"Refreshing Vapes. Unforgettable Taste.\",\"publisher\":{\"@id\":\"https:\/\/www.fizzyvape.eu\/sv\/#organization\"},\"potentialAction\":[{\"@type\":\"SearchAction\",\"target\":{\"@type\":\"EntryPoint\",\"urlTemplate\":\"https:\/\/www.fizzyvape.eu\/sv\/?s={search_term_string}\"},\"query-input\":{\"@type\":\"PropertyValueSpecification\",\"valueRequired\":true,\"valueName\":\"search_term_string\"}}],\"inLanguage\":\"sv-SE\"},{\"@type\":\"Organization\",\"@id\":\"https:\/\/www.fizzyvape.eu\/sv\/#organization\",\"name\":\"fizzyvape.eu\",\"url\":\"https:\/\/www.fizzyvape.eu\/sv\/\",\"logo\":{\"@type\":\"ImageObject\",\"inLanguage\":\"sv-SE\",\"@id\":\"https:\/\/www.fizzyvape.eu\/sv\/#\/schema\/logo\/image\/\",\"url\":\"https:\/\/fizzyvape.eu\/wp-content\/uploads\/2019\/06\/print-1.svg\",\"contentUrl\":\"https:\/\/fizzyvape.eu\/wp-content\/uploads\/2019\/06\/print-1.svg\",\"width\":124,\"height\":37,\"caption\":\"fizzyvape.eu\"},\"image\":{\"@id\":\"https:\/\/www.fizzyvape.eu\/sv\/#\/schema\/logo\/image\/\"}}]}<\/script>\n<meta property=\"og:availability\" content=\"out of stock\" \/>\n<meta property=\"product:availability\" content=\"out of stock\" \/>\n<meta property=\"product:condition\" content=\"new\" \/>\n<!-- \/ Yoast SEO Premium plugin. -->","yoast_head_json":{"title":"Fizzy Luxury Jordgubb Banan - 15000 puffar - fizzyvape.eu","robots":{"index":"index","follow":"follow","max-snippet":"max-snippet:-1","max-image-preview":"max-image-preview:large","max-video-preview":"max-video-preview:-1"},"canonical":"https:\/\/fizzyvape.eu\/sv\/produkt\/fizzy-luxury-jordgubb-banan-15000-puffar\/","og_locale":"sv_SE","og_type":"article","og_title":"Fizzy Luxury Jordgubb Banan - 15000 puffar","og_description":"Sk\u00e4m bort dig med den perfekta blandningen av s\u00f6t jordgubbe och kr\u00e4mig banan med Fizzy Luxury Strawberry Banana 15000 Puffs. Denna premium vape erbjuder 15 000 smidiga puffar, f\u00f6rb\u00e4ttrade med Dual-Mesh Quartz Coil Technology f\u00f6r sammetslen \u00e5nga och rik smak i en elegant metallkropp.","og_url":"https:\/\/fizzyvape.eu\/sv\/produkt\/fizzy-luxury-jordgubb-banan-15000-puffar\/","og_site_name":"fizzyvape.eu","og_image":[{"width":1500,"height":1500,"url":"https:\/\/www.fizzyvape.eu\/wp-content\/uploads\/2025\/03\/Fizzy-Luxury-Strawberry-Banana-15000puff.jpg","type":"image\/jpeg"}],"twitter_card":"summary_large_image","twitter_misc":{"Tillg\u00e4nglig":"Slut i lager"},"schema":{"@context":"https:\/\/schema.org","@graph":[{"@type":"WebPage","@id":"https:\/\/fizzyvape.eu\/sv\/produkt\/fizzy-luxury-jordgubb-banan-15000-puffar\/","url":"https:\/\/fizzyvape.eu\/sv\/produkt\/fizzy-luxury-jordgubb-banan-15000-puffar\/","name":"Fizzy Luxury Jordgubb Banan - 15000 puffar - fizzyvape.eu","isPartOf":{"@id":"https:\/\/www.fizzyvape.eu\/sv\/#website"},"primaryImageOfPage":{"@id":"https:\/\/fizzyvape.eu\/sv\/produkt\/fizzy-luxury-jordgubb-banan-15000-puffar\/#primaryimage"},"image":{"@id":"https:\/\/fizzyvape.eu\/sv\/produkt\/fizzy-luxury-jordgubb-banan-15000-puffar\/#primaryimage"},"thumbnailUrl":"https:\/\/fizzyvape.eu\/wp-content\/uploads\/2025\/03\/Fizzy-Luxury-Strawberry-Banana-15000puff.jpg","datePublished":"2025-03-28T10:06:39+00:00","breadcrumb":{"@id":"https:\/\/fizzyvape.eu\/sv\/produkt\/fizzy-luxury-jordgubb-banan-15000-puffar\/#breadcrumb"},"inLanguage":"sv-SE","potentialAction":[{"@type":"ReadAction","target":["https:\/\/fizzyvape.eu\/sv\/produkt\/fizzy-luxury-jordgubb-banan-15000-puffar\/"]}]},{"@type":"ImageObject","inLanguage":"sv-SE","@id":"https:\/\/fizzyvape.eu\/sv\/produkt\/fizzy-luxury-jordgubb-banan-15000-puffar\/#primaryimage","url":"https:\/\/fizzyvape.eu\/wp-content\/uploads\/2025\/03\/Fizzy-Luxury-Strawberry-Banana-15000puff.jpg","contentUrl":"https:\/\/fizzyvape.eu\/wp-content\/uploads\/2025\/03\/Fizzy-Luxury-Strawberry-Banana-15000puff.jpg","width":1500,"height":1500,"caption":"Fizzy-Luxury-jordgubbe-banan-15000puff"},{"@type":"BreadcrumbList","@id":"https:\/\/fizzyvape.eu\/sv\/produkt\/fizzy-luxury-jordgubb-banan-15000-puffar\/#breadcrumb","itemListElement":[{"@type":"ListItem","position":1,"name":"Home","item":"https:\/\/fizzyvape.eu\/sv\/"},{"@type":"ListItem","position":2,"name":"Butik","item":"https:\/\/fizzyvape.eu\/sv\/butik\/"},{"@type":"ListItem","position":3,"name":"Fizzy Luxury Jordgubb Banan &#8211; 15000 puffar"}]},{"@type":"WebSite","@id":"https:\/\/www.fizzyvape.eu\/sv\/#website","url":"https:\/\/www.fizzyvape.eu\/sv\/","name":"fizzyvape.eu","description":"Refreshing Vapes. Unforgettable Taste.","publisher":{"@id":"https:\/\/www.fizzyvape.eu\/sv\/#organization"},"potentialAction":[{"@type":"SearchAction","target":{"@type":"EntryPoint","urlTemplate":"https:\/\/www.fizzyvape.eu\/sv\/?s={search_term_string}"},"query-input":{"@type":"PropertyValueSpecification","valueRequired":true,"valueName":"search_term_string"}}],"inLanguage":"sv-SE"},{"@type":"Organization","@id":"https:\/\/www.fizzyvape.eu\/sv\/#organization","name":"fizzyvape.eu","url":"https:\/\/www.fizzyvape.eu\/sv\/","logo":{"@type":"ImageObject","inLanguage":"sv-SE","@id":"https:\/\/www.fizzyvape.eu\/sv\/#\/schema\/logo\/image\/","url":"https:\/\/fizzyvape.eu\/wp-content\/uploads\/2019\/06\/print-1.svg","contentUrl":"https:\/\/fizzyvape.eu\/wp-content\/uploads\/2019\/06\/print-1.svg","width":124,"height":37,"caption":"fizzyvape.eu"},"image":{"@id":"https:\/\/www.fizzyvape.eu\/sv\/#\/schema\/logo\/image\/"}}]},"og_availability":"out of stock","product_availability":"out of stock","product_condition":"new"},"tiered_pricing_type":"fixed","tiered_pricing_fixed_rules":[],"tiered_pricing_product_settings":{"layout":"default","base_unit_name":{"singular":null,"plural":null},"default_variation":null},"tiered_pricing_minimum_quantity":null,"tiered_pricing_roles_data":[],"tiered_pricing_percentage_rules":[],"tiered_pricing_maximum_quantity":null,"tiered_pricing_quantity_step":null,"_links":{"self":[{"href":"https:\/\/fizzyvape.eu\/sv\/wp-json\/wp\/v2\/product\/25840","targetHints":{"allow":["GET"]}}],"collection":[{"href":"https:\/\/fizzyvape.eu\/sv\/wp-json\/wp\/v2\/product"}],"about":[{"href":"https:\/\/fizzyvape.eu\/sv\/wp-json\/wp\/v2\/types\/product"}],"replies":[{"embeddable":true,"href":"https:\/\/fizzyvape.eu\/sv\/wp-json\/wp\/v2\/comments?post=25840"}],"version-history":[{"count":0,"href":"https:\/\/fizzyvape.eu\/sv\/wp-json\/wp\/v2\/product\/25840\/revisions"}],"wp:featuredmedia":[{"embeddable":true,"href":"https:\/\/fizzyvape.eu\/sv\/wp-json\/wp\/v2\/media\/21321"}],"wp:attachment":[{"href":"https:\/\/fizzyvape.eu\/sv\/wp-json\/wp\/v2\/media?parent=25840"}],"wp:term":[{"taxonomy":"product_brand","embeddable":true,"href":"https:\/\/fizzyvape.eu\/sv\/wp-json\/wp\/v2\/product_brand?post=25840"},{"taxonomy":"product_cat","embeddable":true,"href":"https:\/\/fizzyvape.eu\/sv\/wp-json\/wp\/v2\/product_cat?post=25840"},{"taxonomy":"product_tag","embeddable":true,"href":"https:\/\/fizzyvape.eu\/sv\/wp-json\/wp\/v2\/product_tag?post=25840"}],"curies":[{"name":"wp","href":"https:\/\/api.w.org\/{rel}","templated":true}]}}