{"id":25891,"date":"2025-03-27T14:26:42","date_gmt":"2025-03-27T06:26:42","guid":{"rendered":"https:\/\/fizzyvape.eu\/product\/fizzy-pandora-vattenmelon-blabar-12000-puffar\/"},"modified":"2025-03-27T14:26:42","modified_gmt":"2025-03-27T06:26:42","slug":"fizzy-pandora-vattenmelon-blabar-12000-puffar","status":"publish","type":"product","link":"https:\/\/fizzyvape.eu\/sv\/produkt\/fizzy-pandora-vattenmelon-blabar-12000-puffar\/","title":{"rendered":"Fizzy Pandora Vattenmelon Bl\u00e5b\u00e4r &#8211; 12000 puffar"},"content":{"rendered":"<div>\n<h2><strong>Fizzy Pandora Vattenmelon Bl\u00e5b\u00e4r 12000 puffar &#8211; Premium Dual Fruit eng\u00e5ngsvape<\/strong><\/h2>\n<p>Upplev den perfekta sommarblandningen med<strong> Fizzy Pandora Watermelon Blueberry 12000 Puffs<\/strong> &#8211; en uppfriskande blandning av saftig vattenmelon och fylliga bl\u00e5b\u00e4r med en gnistrande finish. Njut av 12 000 ultrasmidiga puffar av 5% nikotinsalt e-juice i en elegant, USB-C-uppladdningsbar design med avancerad mesh coil-teknik. <\/p>\n<h3><strong>Varf\u00f6r v\u00e4lja Fizzy Pandora Vattenmelon Bl\u00e5b\u00e4r?<\/strong><\/h3>\n<p>\ud83c\udf49\ud83e\uded0 <strong>Dubbel fruktharmoni<\/strong>: Perfekt 60\/40-f\u00f6rh\u00e5llande mellan vattenmelon och bl\u00e5b\u00e4r <\/p>\n<p>\u26a1 <strong>F\u00f6rl\u00e4ngd 12.000 puffar<\/strong>: Varar 2-3 veckor vid regelbunden anv\u00e4ndning<\/p>\n<p>\ud83d\udca7 <strong>20 ml E-v\u00e4tskekapacitet<\/strong>: 5% premium nikotinsalt<\/p>\n<p>\ud83d\udee1 <strong>L\u00e4ckages\u00e4ker design<\/strong>: Avancerad f\u00f6rseglad konstruktion<\/p>\n<p>\ud83d\udccf <strong>Kompakt storlek<\/strong>: 48\u00d720,6\u00d788 mm resev\u00e4nliga m\u00e5tt<\/p>\n<h3>Paketets inneh\u00e5ll<\/h3>\n<p>1 \u00d7 Fizzy Pandora Vattenmelon Bl\u00e5b\u00e4r 12000 Puffs enhet<\/p>\n<\/div>\n<div>\n<h3>Specifikationer<\/h3>\n<table>\n<tbody>\n<tr>\n<td>Puffar<\/td>\n<td><strong>12000+ puffar<\/strong><\/td>\n<\/tr>\n<tr>\n<td>Kapacitet f\u00f6r e-v\u00e4tska<\/td>\n<td><strong>20 ml<\/strong><\/td>\n<\/tr>\n<tr>\n<td>Batteriets kapacitet<\/td>\n<td><strong>650 mAh<\/strong><\/td>\n<\/tr>\n<tr>\n<td>N\u00e4tspole<\/td>\n<td><strong>1.4\u03a9<\/strong><\/td>\n<\/tr>\n<tr>\n<td>storlek<\/td>\n<td><strong>48 * 20,6 * 88 mm<\/strong><\/td>\n<\/tr>\n<tr>\n<td>Eng\u00e5ngsbruk eller inte<\/td>\n<td><strong>Eng\u00e5ngsbruk<\/strong><\/td>\n<\/tr>\n<tr>\n<td>Laddningsmetod<\/td>\n<td><strong>Kabel<\/strong><\/td>\n<\/tr>\n<tr>\n<td>Aktiveringsmetod<\/td>\n<td><strong>Sensor<\/strong><\/td>\n<\/tr>\n<tr>\n<td>Nikotinniv\u00e5<\/td>\n<td><strong>5%(50mg\/ml)<\/strong><\/td>\n<\/tr>\n<tr>\n<td>Smak\u00e4mnen<\/td>\n<td><strong>12<\/strong><\/td>\n<\/tr>\n<tr>\n<td>F\u00f6rpackning<\/td>\n<td><strong>1 f\u00f6rpackning<\/strong><\/td>\n<\/tr>\n<tr>\n<td>Laddningstid<\/td>\n<td><strong>2 timmar<\/strong><\/td>\n<\/tr>\n<tr>\n<td>F\u00f6rvaring<\/td>\n<td><strong>Undvik milj\u00f6er med h\u00f6ga temperaturer och f\u00f6rvara p\u00e5 en sval och torr plats.<\/strong><\/td>\n<\/tr>\n<tr>\n<td>Personer som \u00e4r f\u00f6rbjudna att anv\u00e4nda<\/td>\n<td><strong>Minder\u00e5riga, gravida kvinnor och personer som \u00e4r allergiska mot produktens ingredienser.<\/strong><\/td>\n<\/tr>\n<tr>\n<td>F\u00f6rsiktighet<\/td>\n<td><strong>Sv\u00e4lj inte detta \u00e4mne. Vid f\u00f6rt\u00e4ring, sk\u00f6lj munnen noggrant och omedelbart. Upps\u00f6k l\u00e4kare om du k\u00e4nner dig d\u00e5lig.  <\/strong><\/td>\n<\/tr>\n<\/tbody>\n<\/table>\n<h3><strong>Fizzy Pandora <\/strong>12000 Puffs Smaklista:<\/h3>\n<ol>\n<li><a href=\"https:\/\/fizzyvape.eu\/product\/fizzy-pandora-watermelon-12000-puffs\/\">Vattenmelon<\/a><\/li>\n<li><a href=\"https:\/\/fizzyvape.eu\/product\/fizzy-pandora-mango-12000-puffs\/\">Mango<\/a><\/li>\n<li><a href=\"https:\/\/fizzyvape.eu\/product\/fizzy-pandora-grape-12000-puffs\/\">Druva<\/a><\/li>\n<li><a href=\"https:\/\/fizzyvape.eu\/product\/fizzy-pandora-pomegranate-12000-puffs\/\">Granat\u00e4pple<\/a><\/li>\n<li><a href=\"https:\/\/fizzyvape.eu\/product\/fizzy-pandora-peach-12000-puffs\/\">Persika<\/a><\/li>\n<li><a href=\"https:\/\/fizzyvape.eu\/product\/fizzy-pandora-blueberry-raspberry-12000-puffs\/\">Bl\u00e5b\u00e4r Hallon<\/a><\/li>\n<li><a href=\"https:\/\/fizzyvape.eu\/product\/fizzy-pandora-orange-mango-watermelon-12000-puffs\/\">Apelsin Mango Vattenmelon<\/a><\/li>\n<li><a href=\"https:\/\/fizzyvape.eu\/product\/fizzy-pandora-ice-mint-12000-puffs\/\">Ismint<\/a><\/li>\n<li><a href=\"https:\/\/fizzyvape.eu\/product\/fizzy-pandora-strawberry-kiwi-pomegranate-12000-puffs\/\">Jordgubb Kiwi Granat\u00e4pple<\/a><\/li>\n<li><a href=\"https:\/\/fizzyvape.eu\/product\/fizzy-pandora-blueberry-12000-puffs\/\">Bl\u00e5b\u00e4r<\/a><\/li>\n<li><a href=\"https:\/\/fizzyvape.eu\/sv\/produkt\/fizzy-pandora-jordgubb-12000-puffar\/\">Jordgubbar<\/a><\/li>\n<li><a href=\"https:\/\/fizzyvape.eu\/sv\/produkt\/fizzy-pandora-vattenmelon-blabar-12000-puffar\/\">Vattenmelon Bl\u00e5b\u00e4r<\/a><\/li>\n<\/ol>\n<h3>Vanliga fr\u00e5gor om Fizzy Pandora Vattenmelon Bl\u00e5b\u00e4r 12000 Puffs Vape<\/h3>\n<ol start=\"1\">\n<li><strong>Hur \u00e4r smaken j\u00e4mf\u00f6rt med vapes med en frukt?<\/strong><br \/>\nV\u00e5r blandning av tv\u00e5 frukter ger en komplexitet i flera lager &#8211; fr\u00e5n vattenmelon till bl\u00e5b\u00e4rss\u00f6tma, vilket ger en mer sofistikerad upplevelse \u00e4n smaker med bara en ton.<\/li>\n<li><strong>\u00c4r den kylande effekten f\u00f6r stark?<\/strong><br \/>\nVattenmelonen ger en mild kylniv\u00e5 p\u00e5 4\/10 &#8211; precis tillr\u00e4ckligt f\u00f6r att vara uppfriskande utan den intensiva frysningen av mentolsmaker.<\/li>\n<li><strong>Hur ofta beh\u00f6ver jag ladda den?<\/strong><br \/>\nDe flesta anv\u00e4ndare laddar 2-3 g\u00e5nger f\u00f6r att fullt ut anv\u00e4nda 20 ml e-v\u00e4tska (varje laddning ger ~4 000 puffar).<\/li>\n<li><strong>Tar den ena smaken \u00f6ver den andra?<\/strong><br \/>\nNej &#8211; v\u00e5ra smakingenj\u00f6rer har uppn\u00e5tt en perfekt balans (kundunders\u00f6kningar visar att 58% k\u00e4nner b\u00e5da smakerna lika mycket under hela anv\u00e4ndningen).<\/li>\n<li><strong>\u00c4r detta l\u00e4mpligt f\u00f6r att vaping hela dagen?<\/strong><br \/>\nAbsolut! Nikotinsaltet p\u00e5 5% ger tillfredsst\u00e4llande men mjuka tr\u00e4ffar, medan den balanserade smakprofilen f\u00f6rhindrar smakutmattning. <\/li>\n<\/ol>\n<\/div>\n","protected":false},"excerpt":{"rendered":"<p><strong>Fizzy Pandora Vattenmelon Bl\u00e5b\u00e4r 12000 Puffs<\/strong>: Upplev den perfekta sommarfusionen av saftig vattenmelon och s\u00f6ta bl\u00e5b\u00e4r med en uppfriskande fizzy finish i denna l\u00e5ngvariga, uppladdningsbara eng\u00e5ngs vape.<\/p>\n","protected":false},"featured_media":20601,"comment_status":"open","ping_status":"closed","template":"","meta":{"iawp_total_views":0},"product_brand":[],"product_cat":[283],"product_tag":[284],"class_list":{"0":"post-25891","1":"product","2":"type-product","3":"status-publish","4":"has-post-thumbnail","6":"product_cat-pandora-sv","7":"product_tag-12000-puffar","9":"first","10":"outofstock","11":"shipping-taxable","12":"purchasable","13":"product-type-variable"},"yoast_head":"<!-- This site is optimized with the Yoast SEO Premium plugin v24.8 (Yoast SEO v24.8) - https:\/\/yoast.com\/wordpress\/plugins\/seo\/ -->\n<title>Fizzy Pandora Vattenmelon Bl\u00e5b\u00e4r - 12000 puffar - fizzyvape.eu<\/title>\n<meta name=\"robots\" content=\"index, follow, max-snippet:-1, max-image-preview:large, max-video-preview:-1\" \/>\n<link rel=\"canonical\" href=\"https:\/\/fizzyvape.eu\/sv\/produkt\/fizzy-pandora-vattenmelon-blabar-12000-puffar\/\" \/>\n<meta property=\"og:locale\" content=\"sv_SE\" \/>\n<meta property=\"og:type\" content=\"article\" \/>\n<meta property=\"og:title\" content=\"Fizzy Pandora Vattenmelon Bl\u00e5b\u00e4r - 12000 puffar\" \/>\n<meta property=\"og:description\" content=\"Fizzy Pandora Vattenmelon Bl\u00e5b\u00e4r 12000 Puffs: Upplev den perfekta sommarfusionen av saftig vattenmelon och s\u00f6ta bl\u00e5b\u00e4r med en uppfriskande fizzy finish i denna l\u00e5ngvariga, uppladdningsbara eng\u00e5ngs vape.\" \/>\n<meta property=\"og:url\" content=\"https:\/\/fizzyvape.eu\/sv\/produkt\/fizzy-pandora-vattenmelon-blabar-12000-puffar\/\" \/>\n<meta property=\"og:site_name\" content=\"fizzyvape.eu\" \/>\n<meta property=\"og:image\" content=\"https:\/\/fizzyvape.eu\/wp-content\/uploads\/2025\/03\/Fizzy-Pandora-WATERMELON-BLUEBERRY-12000PUFF-2.jpg\" \/>\n\t<meta property=\"og:image:width\" content=\"1057\" \/>\n\t<meta property=\"og:image:height\" content=\"1037\" \/>\n\t<meta property=\"og:image:type\" content=\"image\/jpeg\" \/>\n<meta name=\"twitter:card\" content=\"summary_large_image\" \/>\n<meta name=\"twitter:label1\" content=\"Tillg\u00e4nglig\" \/>\n\t<meta name=\"twitter:data1\" content=\"Slut i lager\" \/>\n<script type=\"application\/ld+json\" class=\"yoast-schema-graph\">{\"@context\":\"https:\/\/schema.org\",\"@graph\":[{\"@type\":\"WebPage\",\"@id\":\"https:\/\/fizzyvape.eu\/sv\/produkt\/fizzy-pandora-vattenmelon-blabar-12000-puffar\/\",\"url\":\"https:\/\/fizzyvape.eu\/sv\/produkt\/fizzy-pandora-vattenmelon-blabar-12000-puffar\/\",\"name\":\"Fizzy Pandora Vattenmelon Bl\u00e5b\u00e4r - 12000 puffar - fizzyvape.eu\",\"isPartOf\":{\"@id\":\"https:\/\/www.fizzyvape.eu\/sv\/#website\"},\"primaryImageOfPage\":{\"@id\":\"https:\/\/fizzyvape.eu\/sv\/produkt\/fizzy-pandora-vattenmelon-blabar-12000-puffar\/#primaryimage\"},\"image\":{\"@id\":\"https:\/\/fizzyvape.eu\/sv\/produkt\/fizzy-pandora-vattenmelon-blabar-12000-puffar\/#primaryimage\"},\"thumbnailUrl\":\"https:\/\/fizzyvape.eu\/wp-content\/uploads\/2025\/03\/Fizzy-Pandora-WATERMELON-BLUEBERRY-12000PUFF-2.jpg\",\"datePublished\":\"2025-03-27T06:26:42+00:00\",\"breadcrumb\":{\"@id\":\"https:\/\/fizzyvape.eu\/sv\/produkt\/fizzy-pandora-vattenmelon-blabar-12000-puffar\/#breadcrumb\"},\"inLanguage\":\"sv-SE\",\"potentialAction\":[{\"@type\":\"ReadAction\",\"target\":[\"https:\/\/fizzyvape.eu\/sv\/produkt\/fizzy-pandora-vattenmelon-blabar-12000-puffar\/\"]}]},{\"@type\":\"ImageObject\",\"inLanguage\":\"sv-SE\",\"@id\":\"https:\/\/fizzyvape.eu\/sv\/produkt\/fizzy-pandora-vattenmelon-blabar-12000-puffar\/#primaryimage\",\"url\":\"https:\/\/fizzyvape.eu\/wp-content\/uploads\/2025\/03\/Fizzy-Pandora-WATERMELON-BLUEBERRY-12000PUFF-2.jpg\",\"contentUrl\":\"https:\/\/fizzyvape.eu\/wp-content\/uploads\/2025\/03\/Fizzy-Pandora-WATERMELON-BLUEBERRY-12000PUFF-2.jpg\",\"width\":1057,\"height\":1037,\"caption\":\"Fizzy-Pandora-WATERMELON BLUEBERRY-12000PUFF\"},{\"@type\":\"BreadcrumbList\",\"@id\":\"https:\/\/fizzyvape.eu\/sv\/produkt\/fizzy-pandora-vattenmelon-blabar-12000-puffar\/#breadcrumb\",\"itemListElement\":[{\"@type\":\"ListItem\",\"position\":1,\"name\":\"Home\",\"item\":\"https:\/\/fizzyvape.eu\/sv\/\"},{\"@type\":\"ListItem\",\"position\":2,\"name\":\"Butik\",\"item\":\"https:\/\/fizzyvape.eu\/sv\/butik\/\"},{\"@type\":\"ListItem\",\"position\":3,\"name\":\"Fizzy Pandora Vattenmelon Bl\u00e5b\u00e4r &#8211; 12000 puffar\"}]},{\"@type\":\"WebSite\",\"@id\":\"https:\/\/www.fizzyvape.eu\/sv\/#website\",\"url\":\"https:\/\/www.fizzyvape.eu\/sv\/\",\"name\":\"fizzyvape.eu\",\"description\":\"Refreshing Vapes. Unforgettable Taste.\",\"publisher\":{\"@id\":\"https:\/\/www.fizzyvape.eu\/sv\/#organization\"},\"potentialAction\":[{\"@type\":\"SearchAction\",\"target\":{\"@type\":\"EntryPoint\",\"urlTemplate\":\"https:\/\/www.fizzyvape.eu\/sv\/?s={search_term_string}\"},\"query-input\":{\"@type\":\"PropertyValueSpecification\",\"valueRequired\":true,\"valueName\":\"search_term_string\"}}],\"inLanguage\":\"sv-SE\"},{\"@type\":\"Organization\",\"@id\":\"https:\/\/www.fizzyvape.eu\/sv\/#organization\",\"name\":\"fizzyvape.eu\",\"url\":\"https:\/\/www.fizzyvape.eu\/sv\/\",\"logo\":{\"@type\":\"ImageObject\",\"inLanguage\":\"sv-SE\",\"@id\":\"https:\/\/www.fizzyvape.eu\/sv\/#\/schema\/logo\/image\/\",\"url\":\"https:\/\/fizzyvape.eu\/wp-content\/uploads\/2019\/06\/print-1.svg\",\"contentUrl\":\"https:\/\/fizzyvape.eu\/wp-content\/uploads\/2019\/06\/print-1.svg\",\"width\":124,\"height\":37,\"caption\":\"fizzyvape.eu\"},\"image\":{\"@id\":\"https:\/\/www.fizzyvape.eu\/sv\/#\/schema\/logo\/image\/\"}}]}<\/script>\n<meta property=\"og:availability\" content=\"out of stock\" \/>\n<meta property=\"product:availability\" content=\"out of stock\" \/>\n<meta property=\"product:condition\" content=\"new\" \/>\n<!-- \/ Yoast SEO Premium plugin. -->","yoast_head_json":{"title":"Fizzy Pandora Vattenmelon Bl\u00e5b\u00e4r - 12000 puffar - fizzyvape.eu","robots":{"index":"index","follow":"follow","max-snippet":"max-snippet:-1","max-image-preview":"max-image-preview:large","max-video-preview":"max-video-preview:-1"},"canonical":"https:\/\/fizzyvape.eu\/sv\/produkt\/fizzy-pandora-vattenmelon-blabar-12000-puffar\/","og_locale":"sv_SE","og_type":"article","og_title":"Fizzy Pandora Vattenmelon Bl\u00e5b\u00e4r - 12000 puffar","og_description":"Fizzy Pandora Vattenmelon Bl\u00e5b\u00e4r 12000 Puffs: Upplev den perfekta sommarfusionen av saftig vattenmelon och s\u00f6ta bl\u00e5b\u00e4r med en uppfriskande fizzy finish i denna l\u00e5ngvariga, uppladdningsbara eng\u00e5ngs vape.","og_url":"https:\/\/fizzyvape.eu\/sv\/produkt\/fizzy-pandora-vattenmelon-blabar-12000-puffar\/","og_site_name":"fizzyvape.eu","og_image":[{"width":1057,"height":1037,"url":"https:\/\/fizzyvape.eu\/wp-content\/uploads\/2025\/03\/Fizzy-Pandora-WATERMELON-BLUEBERRY-12000PUFF-2.jpg","type":"image\/jpeg"}],"twitter_card":"summary_large_image","twitter_misc":{"Tillg\u00e4nglig":"Slut i lager"},"schema":{"@context":"https:\/\/schema.org","@graph":[{"@type":"WebPage","@id":"https:\/\/fizzyvape.eu\/sv\/produkt\/fizzy-pandora-vattenmelon-blabar-12000-puffar\/","url":"https:\/\/fizzyvape.eu\/sv\/produkt\/fizzy-pandora-vattenmelon-blabar-12000-puffar\/","name":"Fizzy Pandora Vattenmelon Bl\u00e5b\u00e4r - 12000 puffar - fizzyvape.eu","isPartOf":{"@id":"https:\/\/www.fizzyvape.eu\/sv\/#website"},"primaryImageOfPage":{"@id":"https:\/\/fizzyvape.eu\/sv\/produkt\/fizzy-pandora-vattenmelon-blabar-12000-puffar\/#primaryimage"},"image":{"@id":"https:\/\/fizzyvape.eu\/sv\/produkt\/fizzy-pandora-vattenmelon-blabar-12000-puffar\/#primaryimage"},"thumbnailUrl":"https:\/\/fizzyvape.eu\/wp-content\/uploads\/2025\/03\/Fizzy-Pandora-WATERMELON-BLUEBERRY-12000PUFF-2.jpg","datePublished":"2025-03-27T06:26:42+00:00","breadcrumb":{"@id":"https:\/\/fizzyvape.eu\/sv\/produkt\/fizzy-pandora-vattenmelon-blabar-12000-puffar\/#breadcrumb"},"inLanguage":"sv-SE","potentialAction":[{"@type":"ReadAction","target":["https:\/\/fizzyvape.eu\/sv\/produkt\/fizzy-pandora-vattenmelon-blabar-12000-puffar\/"]}]},{"@type":"ImageObject","inLanguage":"sv-SE","@id":"https:\/\/fizzyvape.eu\/sv\/produkt\/fizzy-pandora-vattenmelon-blabar-12000-puffar\/#primaryimage","url":"https:\/\/fizzyvape.eu\/wp-content\/uploads\/2025\/03\/Fizzy-Pandora-WATERMELON-BLUEBERRY-12000PUFF-2.jpg","contentUrl":"https:\/\/fizzyvape.eu\/wp-content\/uploads\/2025\/03\/Fizzy-Pandora-WATERMELON-BLUEBERRY-12000PUFF-2.jpg","width":1057,"height":1037,"caption":"Fizzy-Pandora-WATERMELON BLUEBERRY-12000PUFF"},{"@type":"BreadcrumbList","@id":"https:\/\/fizzyvape.eu\/sv\/produkt\/fizzy-pandora-vattenmelon-blabar-12000-puffar\/#breadcrumb","itemListElement":[{"@type":"ListItem","position":1,"name":"Home","item":"https:\/\/fizzyvape.eu\/sv\/"},{"@type":"ListItem","position":2,"name":"Butik","item":"https:\/\/fizzyvape.eu\/sv\/butik\/"},{"@type":"ListItem","position":3,"name":"Fizzy Pandora Vattenmelon Bl\u00e5b\u00e4r &#8211; 12000 puffar"}]},{"@type":"WebSite","@id":"https:\/\/www.fizzyvape.eu\/sv\/#website","url":"https:\/\/www.fizzyvape.eu\/sv\/","name":"fizzyvape.eu","description":"Refreshing Vapes. Unforgettable Taste.","publisher":{"@id":"https:\/\/www.fizzyvape.eu\/sv\/#organization"},"potentialAction":[{"@type":"SearchAction","target":{"@type":"EntryPoint","urlTemplate":"https:\/\/www.fizzyvape.eu\/sv\/?s={search_term_string}"},"query-input":{"@type":"PropertyValueSpecification","valueRequired":true,"valueName":"search_term_string"}}],"inLanguage":"sv-SE"},{"@type":"Organization","@id":"https:\/\/www.fizzyvape.eu\/sv\/#organization","name":"fizzyvape.eu","url":"https:\/\/www.fizzyvape.eu\/sv\/","logo":{"@type":"ImageObject","inLanguage":"sv-SE","@id":"https:\/\/www.fizzyvape.eu\/sv\/#\/schema\/logo\/image\/","url":"https:\/\/fizzyvape.eu\/wp-content\/uploads\/2019\/06\/print-1.svg","contentUrl":"https:\/\/fizzyvape.eu\/wp-content\/uploads\/2019\/06\/print-1.svg","width":124,"height":37,"caption":"fizzyvape.eu"},"image":{"@id":"https:\/\/www.fizzyvape.eu\/sv\/#\/schema\/logo\/image\/"}}]},"og_availability":"out of stock","product_availability":"out of stock","product_condition":"new"},"tiered_pricing_type":"fixed","tiered_pricing_fixed_rules":[],"tiered_pricing_product_settings":{"layout":"default","base_unit_name":{"singular":null,"plural":null},"default_variation":null},"tiered_pricing_minimum_quantity":null,"tiered_pricing_roles_data":[],"tiered_pricing_percentage_rules":[],"tiered_pricing_maximum_quantity":null,"tiered_pricing_quantity_step":null,"_links":{"self":[{"href":"https:\/\/fizzyvape.eu\/sv\/wp-json\/wp\/v2\/product\/25891","targetHints":{"allow":["GET"]}}],"collection":[{"href":"https:\/\/fizzyvape.eu\/sv\/wp-json\/wp\/v2\/product"}],"about":[{"href":"https:\/\/fizzyvape.eu\/sv\/wp-json\/wp\/v2\/types\/product"}],"replies":[{"embeddable":true,"href":"https:\/\/fizzyvape.eu\/sv\/wp-json\/wp\/v2\/comments?post=25891"}],"version-history":[{"count":0,"href":"https:\/\/fizzyvape.eu\/sv\/wp-json\/wp\/v2\/product\/25891\/revisions"}],"wp:featuredmedia":[{"embeddable":true,"href":"https:\/\/fizzyvape.eu\/sv\/wp-json\/wp\/v2\/media\/20601"}],"wp:attachment":[{"href":"https:\/\/fizzyvape.eu\/sv\/wp-json\/wp\/v2\/media?parent=25891"}],"wp:term":[{"taxonomy":"product_brand","embeddable":true,"href":"https:\/\/fizzyvape.eu\/sv\/wp-json\/wp\/v2\/product_brand?post=25891"},{"taxonomy":"product_cat","embeddable":true,"href":"https:\/\/fizzyvape.eu\/sv\/wp-json\/wp\/v2\/product_cat?post=25891"},{"taxonomy":"product_tag","embeddable":true,"href":"https:\/\/fizzyvape.eu\/sv\/wp-json\/wp\/v2\/product_tag?post=25891"}],"curies":[{"name":"wp","href":"https:\/\/api.w.org\/{rel}","templated":true}]}}