{"id":25924,"date":"2025-03-27T16:47:18","date_gmt":"2025-03-27T08:47:18","guid":{"rendered":"https:\/\/fizzyvape.eu\/product\/fizzy-boom-blabarsis-13000-puffar\/"},"modified":"2025-03-27T16:47:18","modified_gmt":"2025-03-27T08:47:18","slug":"fizzy-boom-blabarsis-13000-puffar","status":"publish","type":"product","link":"https:\/\/fizzyvape.eu\/sv\/produkt\/fizzy-boom-blabarsis-13000-puffar\/","title":{"rendered":"Fizzy Boom Bl\u00e5b\u00e4rsis &#8211; 13000 puffar"},"content":{"rendered":"<div>\n<h2><strong>Fizzy Boom Blueberry Ice 13000 Puffs &#8211; Premium Iced Blueberry eng\u00e5ngsvape<\/strong><\/h2>\n<p>Upplev den ultimata blandningen av saftiga bl\u00e5b\u00e4r och arktisk friskhet med <strong>Fizzy Boom Blueberry Ice 13000 Puffs<\/strong>. Denna premium eng\u00e5ngs vape kombinerar s\u00f6t, mogen bl\u00e5b\u00e4rssmak med en intensiv isig finish, vilket ger en smidig, uppfriskande vapingupplevelse. <\/p>\n<h3><strong>Varf\u00f6r v\u00e4lja Fizzy Boom Blueberry Ice 13000 Puffs?<\/strong><\/h3>\n<p>\ud83c\udf1f <strong>True Blueberry Bliss<\/strong> &#8211; Autentisk smak av vilda bl\u00e5b\u00e4r <strong>utan artificiell eftersmak<\/strong><br \/>\n\u2744\ufe0f <strong>Intense Ice Chill<\/strong> &#8211; <strong>8\/10 kylningsintensitet<\/strong> f\u00f6r en <strong>uppfriskande, isig<\/strong> k\u00e4nsla<br \/>\n\u26a1 <strong>Extended 13,000 Puffs<\/strong> &#8211; <strong>H\u00e5ller i 3-4 veckor<\/strong> (j\u00e4mf\u00f6rt med vanliga eng\u00e5ngsprodukter med 8 000 puffar)<br \/>\n\ud83d\udd0b <strong>USB-C uppladdningsbar<\/strong> &#8211; <strong>inget sl\u00f6seri med e-v\u00e4tska<\/strong>; njut av varje droppe<br \/>\n\ud83d\udc8e <strong>F\u00f6rstklassig konstruktion<\/strong>   <strong>Ergonomiskt munstycke, matt finish och l\u00e4ckages\u00e4ker design<\/strong><\/p>\n<h3>Paketets inneh\u00e5ll<\/h3>\n<p>1 \u00d7 Fizzy Boom Blueberry Ice 13000 Puffs enhet<\/p>\n<\/div>\n<div>\n<h3>Specifikationer<\/h3>\n<table>\n<tbody>\n<tr>\n<td>Puffar<\/td>\n<td><strong>13000+ Puffar<\/strong><\/td>\n<\/tr>\n<tr>\n<td>Kapacitet f\u00f6r e-v\u00e4tska<\/td>\n<td><strong>21 ml<\/strong><\/td>\n<\/tr>\n<tr>\n<td>Batteriets kapacitet<\/td>\n<td><strong>650 mAh<\/strong><\/td>\n<\/tr>\n<tr>\n<td>N\u00e4tspole<\/td>\n<td><strong>1.4\u03a9<\/strong><\/td>\n<\/tr>\n<tr>\n<td>Storlek<\/td>\n<td><strong>52,8 * 76,5 * 25 mm<\/strong><\/td>\n<\/tr>\n<tr>\n<td>Eng\u00e5ngsbruk eller inte<\/td>\n<td><strong>Eng\u00e5ngsbruk<\/strong><\/td>\n<\/tr>\n<tr>\n<td>Laddningsmetod<\/td>\n<td><strong>Kabel<\/strong><\/td>\n<\/tr>\n<tr>\n<td>Aktiveringsmetod<\/td>\n<td><strong>Sensor<\/strong><\/td>\n<\/tr>\n<tr>\n<td>Nikotinniv\u00e5<\/td>\n<td><strong>2% (20mg\/mL) &amp; 5% (50mg\/mL)<\/strong><\/td>\n<\/tr>\n<tr>\n<td>Smak\u00e4mnen<\/td>\n<td><strong>12<\/strong><\/td>\n<\/tr>\n<tr>\n<td>F\u00f6rpackning<\/td>\n<td><strong>1 f\u00f6rpackning<\/strong><\/td>\n<\/tr>\n<tr>\n<td>Laddningstid<\/td>\n<td><strong>2 timmar<\/strong><\/td>\n<\/tr>\n<tr>\n<td>F\u00f6rvaring<\/td>\n<td><strong>Undvik milj\u00f6er med h\u00f6ga temperaturer och f\u00f6rvara p\u00e5 en sval och torr plats.<\/strong><\/td>\n<\/tr>\n<tr>\n<td>Personer som \u00e4r f\u00f6rbjudna att anv\u00e4nda<\/td>\n<td><strong>Minder\u00e5riga, gravida kvinnor och personer som \u00e4r allergiska mot produktens ingredienser.<\/strong><\/td>\n<\/tr>\n<tr>\n<td>F\u00f6rsiktighet<\/td>\n<td><strong>Sv\u00e4lj inte detta \u00e4mne. Vid f\u00f6rt\u00e4ring, sk\u00f6lj munnen noggrant och omedelbart. Upps\u00f6k l\u00e4kare om du k\u00e4nner dig d\u00e5lig.  <\/strong><\/td>\n<\/tr>\n<\/tbody>\n<\/table>\n<h3><strong>Fizzy Boom <\/strong>13000 Puffs Smaklista:<\/h3>\n<ol>\n<li><a href=\"https:\/\/fizzyvape.eu\/product\/fizzy-boom-peach-13000-puffs\/\">Persika<\/a><\/li>\n<li><a href=\"https:\/\/fizzyvape.eu\/sv\/produkt\/fizzy-boom-blabarsis-13000-puffar\/\">Bl\u00e5b\u00e4rsis<\/a><\/li>\n<li><a href=\"https:\/\/fizzyvape.eu\/product\/fizzy-boom-grape-ice-13000-puffs\/\">Grape Ice<\/a><\/li>\n<li><a href=\"https:\/\/fizzyvape.eu\/product\/fizzy-boom-strawberry-13000-puffs\/\">Jordgubbar<\/a><\/li>\n<li><a href=\"https:\/\/fizzyvape.eu\/product\/fizzy-boom-watermelon-ice-13000-puffs\/\">Vattenmelon-is<\/a><\/li>\n<li><a href=\"https:\/\/fizzyvape.eu\/product\/fizzy-boom-blueberry-watermelon-bubblegum-13000-puffs\/\">Bl\u00e5b\u00e4r Vattenmelon Bubblegum<\/a><\/li>\n<li><a href=\"https:\/\/fizzyvape.eu\/product\/fizzy-boom-sour-apple-13000-puffs\/\">Surt \u00e4pple<\/a><\/li>\n<li><a href=\"https:\/\/fizzyvape.eu\/product\/fizzy-boom-watermelon-cherry-13000-puffs\/\">Vattenmelon K\u00f6rsb\u00e4r<\/a><\/li>\n<li><a href=\"https:\/\/fizzyvape.eu\/product\/fizzy-boom-blueberry-melon-13000-puffs\/\">Bl\u00e5b\u00e4r Melon<\/a><\/li>\n<li><a href=\"https:\/\/fizzyvape.eu\/product\/fizzy-boom-kiwi-berry-ice-13000-puffs\/\">Kiwi Berry Ice<\/a><\/li>\n<li><a href=\"https:\/\/fizzyvape.eu\/product\/fizzy-boom-blueberry-raspberry-lemon-13000-puffs\/\">Bl\u00e5b\u00e4r Hallon Citron<\/a><\/li>\n<li><a href=\"https:\/\/fizzyvape.eu\/product\/fizzy-boom-strawberry-watermelon-pomegranate-13000-puffs\/\">Jordgubb Vattenmelon Granat\u00e4pple<\/a><\/li>\n<\/ol>\n<h3>Vanliga fr\u00e5gor om Fizzy Boom Blueberry Ice 13000 Puffs Vape<\/h3>\n<ol start=\"1\">\n<li><strong>Hur l\u00e4nge r\u00e4cker en Fizzy Boom Peach-enhet till mig?<\/strong><br \/>\nMed 13 000 puffar r\u00e4cker den h\u00e4r enheten vanligtvis i 3-4 veckor f\u00f6r genomsnittliga vapers. E-v\u00e4tskekapaciteten p\u00e5 21 ml och det uppladdningsbara batteriet p\u00e5 650 mAh garanterar l\u00e5ngvarig anv\u00e4ndning mellan laddningarna. <\/li>\n<li><strong>\u00c4r persikosmaken v\u00e4ldigt s\u00f6t?<\/strong><br \/>\nV\u00e5r persikosmak \u00e4r perfekt balanserad &#8211; den erbjuder naturlig persikos\u00f6tma (inte godisliknande) med en uppfriskande isfinish. Den dubbla smakprofilen s\u00e4kerst\u00e4ller att den inte \u00e4r alltf\u00f6r s\u00f6t samtidigt som den fortfarande \u00e4r tillfredsst\u00e4llande. <\/li>\n<li><strong>Hur stark \u00e4r den kylande iseffekten?<\/strong><br \/>\nIsniv\u00e5n \u00e4r 7\/10 &#8211; m\u00e4rkbart uppfriskande men inte \u00f6verv\u00e4ldigande. Den ger en perfekt balans till den s\u00f6ta persikosmaken, vilket g\u00f6r den idealisk f\u00f6r vaping hela dagen. <\/li>\n<li><strong>Vad skiljer den h\u00e4r fr\u00e5n andra eng\u00e5ngsvapor med persika?<\/strong><br \/>\nFizzy Boom Peach sticker ut eftersom:<\/li>\n<\/ol>\n<ul>\n<li>H\u00f6gre antal puffar (13.000 mot typiska 8.000)<\/li>\n<li>Premium dubbel smakprofil (persika + is)<\/li>\n<li>St\u00f6rre kapacitet p\u00e5 21 ml e-v\u00e4tska<\/li>\n<li>USB-C uppladdningsbart batteri<\/li>\n<li>Ergonomiskt b\u00f6jt munstycke f\u00f6r komfort<\/li>\n<\/ul>\n<ol start=\"5\">\n<li><strong>\u00c4r den h\u00e4r enheten l\u00e4tt att anv\u00e4nda f\u00f6r nyb\u00f6rjare?<\/strong><br \/>\nJa, absolut! Fizzy Boom Peach \u00e4r dragaktiverad utan n\u00e5gra knappar eller inst\u00e4llningar att justera. Det \u00e4r bara att inhalera och njuta &#8211; perfekt f\u00f6r b\u00e5de nya och erfarna vapers.  <\/li>\n<\/ol>\n<\/div>\n","protected":false},"excerpt":{"rendered":"<p><strong>Fizzy Boom Blueberry Ice 13000 Puffs<\/strong>: Dyk in i \u00e4kta bl\u00e5b\u00e4rslycka med denna premium eng\u00e5ngsvape, med \u00e4kta vild bl\u00e5b\u00e4rssmak och en intensiv arktisk iskylning f\u00f6r ultimat f\u00f6rfriskning.<\/p>\n","protected":false},"featured_media":21169,"comment_status":"open","ping_status":"closed","template":"","meta":{"iawp_total_views":0},"product_brand":[],"product_cat":[318],"product_tag":[319],"class_list":{"0":"post-25924","1":"product","2":"type-product","3":"status-publish","4":"has-post-thumbnail","6":"product_cat-boom-sv","7":"product_tag-13000-puffar","9":"first","10":"outofstock","11":"shipping-taxable","12":"purchasable","13":"product-type-variable"},"yoast_head":"<!-- This site is optimized with the Yoast SEO Premium plugin v24.8 (Yoast SEO v24.8) - https:\/\/yoast.com\/wordpress\/plugins\/seo\/ -->\n<title>Fizzy Boom Bl\u00e5b\u00e4rsis - 13000 puffar - fizzyvape.eu<\/title>\n<meta name=\"robots\" content=\"index, follow, max-snippet:-1, max-image-preview:large, max-video-preview:-1\" \/>\n<link rel=\"canonical\" href=\"https:\/\/fizzyvape.eu\/sv\/produkt\/fizzy-boom-blabarsis-13000-puffar\/\" \/>\n<meta property=\"og:locale\" content=\"sv_SE\" \/>\n<meta property=\"og:type\" content=\"article\" \/>\n<meta property=\"og:title\" content=\"Fizzy Boom Bl\u00e5b\u00e4rsis - 13000 puffar\" \/>\n<meta property=\"og:description\" content=\"Fizzy Boom Blueberry Ice 13000 Puffs: Dyk in i \u00e4kta bl\u00e5b\u00e4rslycka med denna premium eng\u00e5ngsvape, med \u00e4kta vild bl\u00e5b\u00e4rssmak och en intensiv arktisk iskylning f\u00f6r ultimat f\u00f6rfriskning.\" \/>\n<meta property=\"og:url\" content=\"https:\/\/fizzyvape.eu\/sv\/produkt\/fizzy-boom-blabarsis-13000-puffar\/\" \/>\n<meta property=\"og:site_name\" content=\"fizzyvape.eu\" \/>\n<meta property=\"og:image\" content=\"https:\/\/fizzyvape.eu\/wp-content\/uploads\/2025\/03\/FizzyVape-Boom-Blueberry-Ice-13000puff-3.jpg\" \/>\n\t<meta property=\"og:image:width\" content=\"1500\" \/>\n\t<meta property=\"og:image:height\" content=\"1500\" \/>\n\t<meta property=\"og:image:type\" content=\"image\/jpeg\" \/>\n<meta name=\"twitter:card\" content=\"summary_large_image\" \/>\n<meta name=\"twitter:label1\" content=\"Tillg\u00e4nglig\" \/>\n\t<meta name=\"twitter:data1\" content=\"Slut i lager\" \/>\n<script type=\"application\/ld+json\" class=\"yoast-schema-graph\">{\"@context\":\"https:\/\/schema.org\",\"@graph\":[{\"@type\":\"WebPage\",\"@id\":\"https:\/\/fizzyvape.eu\/sv\/produkt\/fizzy-boom-blabarsis-13000-puffar\/\",\"url\":\"https:\/\/fizzyvape.eu\/sv\/produkt\/fizzy-boom-blabarsis-13000-puffar\/\",\"name\":\"Fizzy Boom Bl\u00e5b\u00e4rsis - 13000 puffar - fizzyvape.eu\",\"isPartOf\":{\"@id\":\"https:\/\/www.fizzyvape.eu\/sv\/#website\"},\"primaryImageOfPage\":{\"@id\":\"https:\/\/fizzyvape.eu\/sv\/produkt\/fizzy-boom-blabarsis-13000-puffar\/#primaryimage\"},\"image\":{\"@id\":\"https:\/\/fizzyvape.eu\/sv\/produkt\/fizzy-boom-blabarsis-13000-puffar\/#primaryimage\"},\"thumbnailUrl\":\"https:\/\/fizzyvape.eu\/wp-content\/uploads\/2025\/03\/FizzyVape-Boom-Blueberry-Ice-13000puff-3.jpg\",\"datePublished\":\"2025-03-27T08:47:18+00:00\",\"breadcrumb\":{\"@id\":\"https:\/\/fizzyvape.eu\/sv\/produkt\/fizzy-boom-blabarsis-13000-puffar\/#breadcrumb\"},\"inLanguage\":\"sv-SE\",\"potentialAction\":[{\"@type\":\"ReadAction\",\"target\":[\"https:\/\/fizzyvape.eu\/sv\/produkt\/fizzy-boom-blabarsis-13000-puffar\/\"]}]},{\"@type\":\"ImageObject\",\"inLanguage\":\"sv-SE\",\"@id\":\"https:\/\/fizzyvape.eu\/sv\/produkt\/fizzy-boom-blabarsis-13000-puffar\/#primaryimage\",\"url\":\"https:\/\/fizzyvape.eu\/wp-content\/uploads\/2025\/03\/FizzyVape-Boom-Blueberry-Ice-13000puff-3.jpg\",\"contentUrl\":\"https:\/\/fizzyvape.eu\/wp-content\/uploads\/2025\/03\/FizzyVape-Boom-Blueberry-Ice-13000puff-3.jpg\",\"width\":1500,\"height\":1500,\"caption\":\"FizzyVape-Boom-Blueberry-Ice-13000puff\"},{\"@type\":\"BreadcrumbList\",\"@id\":\"https:\/\/fizzyvape.eu\/sv\/produkt\/fizzy-boom-blabarsis-13000-puffar\/#breadcrumb\",\"itemListElement\":[{\"@type\":\"ListItem\",\"position\":1,\"name\":\"Home\",\"item\":\"https:\/\/fizzyvape.eu\/sv\/\"},{\"@type\":\"ListItem\",\"position\":2,\"name\":\"Butik\",\"item\":\"https:\/\/fizzyvape.eu\/sv\/butik\/\"},{\"@type\":\"ListItem\",\"position\":3,\"name\":\"Fizzy Boom Bl\u00e5b\u00e4rsis &#8211; 13000 puffar\"}]},{\"@type\":\"WebSite\",\"@id\":\"https:\/\/www.fizzyvape.eu\/sv\/#website\",\"url\":\"https:\/\/www.fizzyvape.eu\/sv\/\",\"name\":\"fizzyvape.eu\",\"description\":\"Refreshing Vapes. Unforgettable Taste.\",\"publisher\":{\"@id\":\"https:\/\/www.fizzyvape.eu\/sv\/#organization\"},\"potentialAction\":[{\"@type\":\"SearchAction\",\"target\":{\"@type\":\"EntryPoint\",\"urlTemplate\":\"https:\/\/www.fizzyvape.eu\/sv\/?s={search_term_string}\"},\"query-input\":{\"@type\":\"PropertyValueSpecification\",\"valueRequired\":true,\"valueName\":\"search_term_string\"}}],\"inLanguage\":\"sv-SE\"},{\"@type\":\"Organization\",\"@id\":\"https:\/\/www.fizzyvape.eu\/sv\/#organization\",\"name\":\"fizzyvape.eu\",\"url\":\"https:\/\/www.fizzyvape.eu\/sv\/\",\"logo\":{\"@type\":\"ImageObject\",\"inLanguage\":\"sv-SE\",\"@id\":\"https:\/\/www.fizzyvape.eu\/sv\/#\/schema\/logo\/image\/\",\"url\":\"https:\/\/fizzyvape.eu\/wp-content\/uploads\/2019\/06\/print-1.svg\",\"contentUrl\":\"https:\/\/fizzyvape.eu\/wp-content\/uploads\/2019\/06\/print-1.svg\",\"width\":124,\"height\":37,\"caption\":\"fizzyvape.eu\"},\"image\":{\"@id\":\"https:\/\/www.fizzyvape.eu\/sv\/#\/schema\/logo\/image\/\"}}]}<\/script>\n<meta property=\"og:availability\" content=\"out of stock\" \/>\n<meta property=\"product:availability\" content=\"out of stock\" \/>\n<meta property=\"product:condition\" content=\"new\" \/>\n<!-- \/ Yoast SEO Premium plugin. -->","yoast_head_json":{"title":"Fizzy Boom Bl\u00e5b\u00e4rsis - 13000 puffar - fizzyvape.eu","robots":{"index":"index","follow":"follow","max-snippet":"max-snippet:-1","max-image-preview":"max-image-preview:large","max-video-preview":"max-video-preview:-1"},"canonical":"https:\/\/fizzyvape.eu\/sv\/produkt\/fizzy-boom-blabarsis-13000-puffar\/","og_locale":"sv_SE","og_type":"article","og_title":"Fizzy Boom Bl\u00e5b\u00e4rsis - 13000 puffar","og_description":"Fizzy Boom Blueberry Ice 13000 Puffs: Dyk in i \u00e4kta bl\u00e5b\u00e4rslycka med denna premium eng\u00e5ngsvape, med \u00e4kta vild bl\u00e5b\u00e4rssmak och en intensiv arktisk iskylning f\u00f6r ultimat f\u00f6rfriskning.","og_url":"https:\/\/fizzyvape.eu\/sv\/produkt\/fizzy-boom-blabarsis-13000-puffar\/","og_site_name":"fizzyvape.eu","og_image":[{"width":1500,"height":1500,"url":"https:\/\/fizzyvape.eu\/wp-content\/uploads\/2025\/03\/FizzyVape-Boom-Blueberry-Ice-13000puff-3.jpg","type":"image\/jpeg"}],"twitter_card":"summary_large_image","twitter_misc":{"Tillg\u00e4nglig":"Slut i lager"},"schema":{"@context":"https:\/\/schema.org","@graph":[{"@type":"WebPage","@id":"https:\/\/fizzyvape.eu\/sv\/produkt\/fizzy-boom-blabarsis-13000-puffar\/","url":"https:\/\/fizzyvape.eu\/sv\/produkt\/fizzy-boom-blabarsis-13000-puffar\/","name":"Fizzy Boom Bl\u00e5b\u00e4rsis - 13000 puffar - fizzyvape.eu","isPartOf":{"@id":"https:\/\/www.fizzyvape.eu\/sv\/#website"},"primaryImageOfPage":{"@id":"https:\/\/fizzyvape.eu\/sv\/produkt\/fizzy-boom-blabarsis-13000-puffar\/#primaryimage"},"image":{"@id":"https:\/\/fizzyvape.eu\/sv\/produkt\/fizzy-boom-blabarsis-13000-puffar\/#primaryimage"},"thumbnailUrl":"https:\/\/fizzyvape.eu\/wp-content\/uploads\/2025\/03\/FizzyVape-Boom-Blueberry-Ice-13000puff-3.jpg","datePublished":"2025-03-27T08:47:18+00:00","breadcrumb":{"@id":"https:\/\/fizzyvape.eu\/sv\/produkt\/fizzy-boom-blabarsis-13000-puffar\/#breadcrumb"},"inLanguage":"sv-SE","potentialAction":[{"@type":"ReadAction","target":["https:\/\/fizzyvape.eu\/sv\/produkt\/fizzy-boom-blabarsis-13000-puffar\/"]}]},{"@type":"ImageObject","inLanguage":"sv-SE","@id":"https:\/\/fizzyvape.eu\/sv\/produkt\/fizzy-boom-blabarsis-13000-puffar\/#primaryimage","url":"https:\/\/fizzyvape.eu\/wp-content\/uploads\/2025\/03\/FizzyVape-Boom-Blueberry-Ice-13000puff-3.jpg","contentUrl":"https:\/\/fizzyvape.eu\/wp-content\/uploads\/2025\/03\/FizzyVape-Boom-Blueberry-Ice-13000puff-3.jpg","width":1500,"height":1500,"caption":"FizzyVape-Boom-Blueberry-Ice-13000puff"},{"@type":"BreadcrumbList","@id":"https:\/\/fizzyvape.eu\/sv\/produkt\/fizzy-boom-blabarsis-13000-puffar\/#breadcrumb","itemListElement":[{"@type":"ListItem","position":1,"name":"Home","item":"https:\/\/fizzyvape.eu\/sv\/"},{"@type":"ListItem","position":2,"name":"Butik","item":"https:\/\/fizzyvape.eu\/sv\/butik\/"},{"@type":"ListItem","position":3,"name":"Fizzy Boom Bl\u00e5b\u00e4rsis &#8211; 13000 puffar"}]},{"@type":"WebSite","@id":"https:\/\/www.fizzyvape.eu\/sv\/#website","url":"https:\/\/www.fizzyvape.eu\/sv\/","name":"fizzyvape.eu","description":"Refreshing Vapes. Unforgettable Taste.","publisher":{"@id":"https:\/\/www.fizzyvape.eu\/sv\/#organization"},"potentialAction":[{"@type":"SearchAction","target":{"@type":"EntryPoint","urlTemplate":"https:\/\/www.fizzyvape.eu\/sv\/?s={search_term_string}"},"query-input":{"@type":"PropertyValueSpecification","valueRequired":true,"valueName":"search_term_string"}}],"inLanguage":"sv-SE"},{"@type":"Organization","@id":"https:\/\/www.fizzyvape.eu\/sv\/#organization","name":"fizzyvape.eu","url":"https:\/\/www.fizzyvape.eu\/sv\/","logo":{"@type":"ImageObject","inLanguage":"sv-SE","@id":"https:\/\/www.fizzyvape.eu\/sv\/#\/schema\/logo\/image\/","url":"https:\/\/fizzyvape.eu\/wp-content\/uploads\/2019\/06\/print-1.svg","contentUrl":"https:\/\/fizzyvape.eu\/wp-content\/uploads\/2019\/06\/print-1.svg","width":124,"height":37,"caption":"fizzyvape.eu"},"image":{"@id":"https:\/\/www.fizzyvape.eu\/sv\/#\/schema\/logo\/image\/"}}]},"og_availability":"out of stock","product_availability":"out of stock","product_condition":"new"},"tiered_pricing_type":"fixed","tiered_pricing_fixed_rules":[],"tiered_pricing_product_settings":{"layout":"default","base_unit_name":{"singular":null,"plural":null},"default_variation":null},"tiered_pricing_minimum_quantity":null,"tiered_pricing_roles_data":[],"tiered_pricing_percentage_rules":[],"tiered_pricing_maximum_quantity":null,"tiered_pricing_quantity_step":null,"_links":{"self":[{"href":"https:\/\/fizzyvape.eu\/sv\/wp-json\/wp\/v2\/product\/25924","targetHints":{"allow":["GET"]}}],"collection":[{"href":"https:\/\/fizzyvape.eu\/sv\/wp-json\/wp\/v2\/product"}],"about":[{"href":"https:\/\/fizzyvape.eu\/sv\/wp-json\/wp\/v2\/types\/product"}],"replies":[{"embeddable":true,"href":"https:\/\/fizzyvape.eu\/sv\/wp-json\/wp\/v2\/comments?post=25924"}],"version-history":[{"count":0,"href":"https:\/\/fizzyvape.eu\/sv\/wp-json\/wp\/v2\/product\/25924\/revisions"}],"wp:featuredmedia":[{"embeddable":true,"href":"https:\/\/fizzyvape.eu\/sv\/wp-json\/wp\/v2\/media\/21169"}],"wp:attachment":[{"href":"https:\/\/fizzyvape.eu\/sv\/wp-json\/wp\/v2\/media?parent=25924"}],"wp:term":[{"taxonomy":"product_brand","embeddable":true,"href":"https:\/\/fizzyvape.eu\/sv\/wp-json\/wp\/v2\/product_brand?post=25924"},{"taxonomy":"product_cat","embeddable":true,"href":"https:\/\/fizzyvape.eu\/sv\/wp-json\/wp\/v2\/product_cat?post=25924"},{"taxonomy":"product_tag","embeddable":true,"href":"https:\/\/fizzyvape.eu\/sv\/wp-json\/wp\/v2\/product_tag?post=25924"}],"curies":[{"name":"wp","href":"https:\/\/api.w.org\/{rel}","templated":true}]}}