{"id":25999,"date":"2025-03-27T17:55:25","date_gmt":"2025-03-27T09:55:25","guid":{"rendered":"https:\/\/fizzyvape.eu\/product\/fizzy-boom-sour-apple-13000-puffar\/"},"modified":"2025-03-27T17:55:25","modified_gmt":"2025-03-27T09:55:25","slug":"fizzy-boom-sour-apple-13000-puffar","status":"publish","type":"product","link":"https:\/\/fizzyvape.eu\/sv\/produkt\/fizzy-boom-sour-apple-13000-puffar\/","title":{"rendered":"Fizzy Boom Sour Apple &#8211; 13000 puffar"},"content":{"rendered":"<div>\n<h2><strong>Fizzy Boom Sour Apple 13000 Puffs &#8211; Premium syrlig eng\u00e5ngsvape<\/strong><\/h2>\n<p>G\u00f6r dig redo f\u00f6r ett <strong>skarpt, syrligt slag<\/strong> med <strong>Fizzy Boom Sour Apple 13000 Puffs<\/strong>! Denna premium eng\u00e5ngs vape levererar en elektrifierande <strong>sur gr\u00f6n \u00e4ppelsmak<\/strong> med precis r\u00e4tt balans mellan s\u00f6tma och tartness &#8211; som att bita i ett f\u00e4rskt Granny Smith-\u00e4pple. Perfekt f\u00f6r vapers som l\u00e4ngtar efter en <strong>uppfriskande<\/strong> upplevelse, den har <strong>13 000 ultra-smidiga puffar<\/strong> av <strong>5% nikotinsalt e-juice<\/strong> i en elegant, <strong>USB-C uppladdningsbar<\/strong> design med <strong>dual mesh coil-teknik<\/strong> f\u00f6r <strong>maximal smak och \u00e5ngproduktion<\/strong>. <\/p>\n<h3><strong>Varf\u00f6r v\u00e4lja Fizzy Boom Sour Apple 13000 Puffs?<\/strong><\/h3>\n<p><strong>\ud83c\udf4f<\/strong><strong>Autentisk smak av surt \u00e4pple<\/strong> &#8211; Tillverkad med \u00e4kta \u00e4ppelextrakt f\u00f6r \u00e4kta <strong>syrlighet<\/strong><br \/>\n\u26a1 <strong>F\u00f6rl\u00e4ngd 13 000 puffar<\/strong> &#8211; H\u00e5ller i <strong>3-4 veckor<\/strong> (j\u00e4mf\u00f6rt med vanliga eng\u00e5ngstablett med 8 000 puffar)<br \/>\n\ud83d\udd0b <strong>USB-C uppladdningsbart<\/strong> &#8211; <strong>650mAh batteri<\/strong> garanterar att ingen e-v\u00e4tska g\u00e5r till spillo<br \/>\n\ud83d\udc8e <strong>Premiumbyggnad<\/strong> &#8211; <strong>matt gr\u00f6n gradientfinish<\/strong> och <strong>l\u00e4ckages\u00e4ker design<\/strong><br \/>\n\ud83c\udf3f <strong>Smooth Yet Zesty<\/strong> &#8211; <strong>5% nikotinsalt<\/strong> f\u00f6r en <strong>perfekt halsupplevelse<\/strong> utan h\u00e5rdhet      <\/p>\n<h3>Paketets inneh\u00e5ll<\/h3>\n<p>1 \u00d7 Fizzy Boom Sour Apple-enhet<\/p>\n<\/div>\n<div>\n<h3>Specifikationer<\/h3>\n<table>\n<tbody>\n<tr>\n<td>Puffar<\/td>\n<td><strong>13000+ Puffar<\/strong><\/td>\n<\/tr>\n<tr>\n<td>Kapacitet f\u00f6r e-v\u00e4tska<\/td>\n<td><strong>21 ml<\/strong><\/td>\n<\/tr>\n<tr>\n<td>Batteriets kapacitet<\/td>\n<td><strong>650 mAh<\/strong><\/td>\n<\/tr>\n<tr>\n<td>N\u00e4tspole<\/td>\n<td><strong>1.4\u03a9<\/strong><\/td>\n<\/tr>\n<tr>\n<td>Storlek<\/td>\n<td><strong>52,8 * 76,5 * 25 mm<\/strong><\/td>\n<\/tr>\n<tr>\n<td>Eng\u00e5ngsbruk eller inte<\/td>\n<td><strong>Eng\u00e5ngsbruk<\/strong><\/td>\n<\/tr>\n<tr>\n<td>Laddningsmetod<\/td>\n<td><strong>Kabel<\/strong><\/td>\n<\/tr>\n<tr>\n<td>Aktiveringsmetod<\/td>\n<td><strong>Sensor<\/strong><\/td>\n<\/tr>\n<tr>\n<td>Nikotinniv\u00e5<\/td>\n<td><strong>2% (20mg\/mL) &amp; 5% (50mg\/mL)<\/strong><\/td>\n<\/tr>\n<tr>\n<td>Smak\u00e4mnen<\/td>\n<td><strong>12<\/strong><\/td>\n<\/tr>\n<tr>\n<td>F\u00f6rpackning<\/td>\n<td><strong>1 f\u00f6rpackning<\/strong><\/td>\n<\/tr>\n<tr>\n<td>Laddningstid<\/td>\n<td><strong>2 timmar<\/strong><\/td>\n<\/tr>\n<tr>\n<td>F\u00f6rvaring<\/td>\n<td><strong>Undvik milj\u00f6er med h\u00f6ga temperaturer och f\u00f6rvara p\u00e5 en sval och torr plats.<\/strong><\/td>\n<\/tr>\n<tr>\n<td>Personer som \u00e4r f\u00f6rbjudna att anv\u00e4nda<\/td>\n<td><strong>Minder\u00e5riga, gravida kvinnor och personer som \u00e4r allergiska mot produktens ingredienser.<\/strong><\/td>\n<\/tr>\n<tr>\n<td>F\u00f6rsiktighet<\/td>\n<td><strong>Sv\u00e4lj inte detta \u00e4mne. Vid f\u00f6rt\u00e4ring, sk\u00f6lj munnen noggrant och omedelbart. Upps\u00f6k l\u00e4kare om du k\u00e4nner dig d\u00e5lig.  <\/strong><\/td>\n<\/tr>\n<\/tbody>\n<\/table>\n<h3><strong>Fizzy Boom <\/strong>13000 Puffs Smaklista:<\/h3>\n<ol>\n<li><a href=\"https:\/\/fizzyvape.eu\/product\/fizzy-boom-peach-13000-puffs\/\">Persika<\/a><\/li>\n<li><a href=\"https:\/\/fizzyvape.eu\/sv\/produkt\/fizzy-boom-blabarsis-13000-puffar\/\">Bl\u00e5b\u00e4rsis<\/a><\/li>\n<li><a href=\"https:\/\/fizzyvape.eu\/sv\/produkt\/fizzy-boom-grape-ice-13000-puffar\/\">Grape Ice<\/a><\/li>\n<li><a href=\"https:\/\/fizzyvape.eu\/sv\/produkt\/fizzy-boom-jordgubb-13000-puffar\/\">Jordgubbar<\/a><\/li>\n<li><a href=\"https:\/\/fizzyvape.eu\/sv\/produkt\/fizzy-boom-vattenmelon-is-13000-puffar\/\">Vattenmelon-is<\/a><\/li>\n<li><a href=\"https:\/\/fizzyvape.eu\/product\/fizzy-boom-blueberry-watermelon-bubblegum-13000-puffs\/\">Bl\u00e5b\u00e4r Vattenmelon Bubblegum<\/a><\/li>\n<li><a href=\"https:\/\/fizzyvape.eu\/sv\/produkt\/fizzy-boom-sour-apple-13000-puffar\/\">Surt \u00e4pple<\/a><\/li>\n<li><a href=\"https:\/\/fizzyvape.eu\/product\/fizzy-boom-watermelon-cherry-13000-puffs\/\">Vattenmelon K\u00f6rsb\u00e4r<\/a><\/li>\n<li><a href=\"https:\/\/fizzyvape.eu\/product\/fizzy-boom-blueberry-melon-13000-puffs\/\">Bl\u00e5b\u00e4r Melon<\/a><\/li>\n<li><a href=\"https:\/\/fizzyvape.eu\/product\/fizzy-boom-kiwi-berry-ice-13000-puffs\/\">Kiwi Berry Ice<\/a><\/li>\n<li><a href=\"https:\/\/fizzyvape.eu\/product\/fizzy-boom-blueberry-raspberry-lemon-13000-puffs\/\">Bl\u00e5b\u00e4r Hallon Citron<\/a><\/li>\n<li><a href=\"https:\/\/fizzyvape.eu\/product\/fizzy-boom-strawberry-watermelon-pomegranate-13000-puffs\/\">Jordgubb Vattenmelon Granat\u00e4pple<\/a><\/li>\n<\/ol>\n<h3>Vanliga fr\u00e5gor om Fizzy Boom Sour Apple 13000 Puffs Vape<\/h3>\n<ol start=\"1\">\n<li><strong>Hur syrlig \u00e4r \u00e4ppelsmaken?<\/strong><br \/>\nDen syrliga intensiteten \u00e4r 7,5\/10 &#8211; ger en tillfredsst\u00e4llande syrlig kick som att bita i ett f\u00e4rskt Granny Smith-\u00e4pple, balanserad med precis tillr\u00e4ckligt med s\u00f6tma (3,5\/10) f\u00f6r att h\u00e5lla den njutbar f\u00f6r hela dagen.<\/li>\n<li><strong>Kommer den sura smaken att f\u00f6rsvinna med tiden?<\/strong><br \/>\nNej, nej, nej! V\u00e5r avancerade smakteknik bibeh\u00e5ller en j\u00e4mn syrlighet genom alla 13 000 puffar. 91% av anv\u00e4ndarna rapporterar att den syrliga \u00e4ppelsmaken f\u00f6rblir levande till sista blosset.  <\/li>\n<li><strong>Hur m\u00e5nga laddningar kr\u00e4vs det f\u00f6r att anv\u00e4nda all e-v\u00e4tska?<\/strong><br \/>\nBatteriet p\u00e5 650 mAh kr\u00e4ver vanligtvis 2-3 fulla laddningar f\u00f6r att helt anv\u00e4nda 21 ml e-juice (varje laddning ger cirka 4 500 puffar).<\/li>\n<\/ol>\n<\/div>\n","protected":false},"excerpt":{"rendered":"<p>Upplev den perfekta balansen mellan syrligt och s\u00f6tt med <strong>Fizzy Boom Sour Apple 13000 Puffs<\/strong>! Denna premium eng\u00e5ngs vape levererar en elektrifierande 7,5\/10 sur gr\u00f6n \u00e4ppelsmak med bara 3,5\/10 s\u00f6tma &#8211; som att bita i ett f\u00e4rskt Granny Smith-\u00e4pple.<\/p>\n","protected":false},"featured_media":20897,"comment_status":"open","ping_status":"closed","template":"","meta":{"iawp_total_views":0},"product_brand":[],"product_cat":[318],"product_tag":[319],"class_list":{"0":"post-25999","1":"product","2":"type-product","3":"status-publish","4":"has-post-thumbnail","6":"product_cat-boom-sv","7":"product_tag-13000-puffar","9":"first","10":"outofstock","11":"shipping-taxable","12":"purchasable","13":"product-type-variable"},"yoast_head":"<!-- This site is optimized with the Yoast SEO Premium plugin v24.8 (Yoast SEO v27.4) - https:\/\/yoast.com\/product\/yoast-seo-premium-wordpress\/ -->\n<title>Fizzy Boom Sour Apple - 13000 puffar - fizzyvape.eu<\/title>\n<meta name=\"robots\" content=\"index, follow, max-snippet:-1, max-image-preview:large, max-video-preview:-1\" \/>\n<link rel=\"canonical\" href=\"https:\/\/fizzyvape.eu\/sv\/produkt\/fizzy-boom-sour-apple-13000-puffar\/\" \/>\n<meta property=\"og:locale\" content=\"sv_SE\" \/>\n<meta property=\"og:type\" content=\"article\" \/>\n<meta property=\"og:title\" content=\"Fizzy Boom Sour Apple - 13000 puffar\" \/>\n<meta property=\"og:description\" content=\"Upplev den perfekta balansen mellan syrligt och s\u00f6tt med Fizzy Boom Sour Apple 13000 Puffs! Denna premium eng\u00e5ngs vape levererar en elektrifierande 7,5\/10 sur gr\u00f6n \u00e4ppelsmak med bara 3,5\/10 s\u00f6tma - som att bita i ett f\u00e4rskt Granny Smith-\u00e4pple.\" \/>\n<meta property=\"og:url\" content=\"https:\/\/fizzyvape.eu\/sv\/produkt\/fizzy-boom-sour-apple-13000-puffar\/\" \/>\n<meta property=\"og:site_name\" content=\"fizzyvape.eu\" \/>\n<meta property=\"og:image\" content=\"https:\/\/fizzyvape.eu\/wp-content\/uploads\/2025\/03\/FizzyVape-Boom-Sour-Apple-13000puff.jpg\" \/>\n\t<meta property=\"og:image:width\" content=\"1500\" \/>\n\t<meta property=\"og:image:height\" content=\"1500\" \/>\n\t<meta property=\"og:image:type\" content=\"image\/jpeg\" \/>\n<meta name=\"twitter:card\" content=\"summary_large_image\" \/>\n<meta name=\"twitter:label1\" content=\"Tillg\u00e4nglig\" \/>\n\t<meta name=\"twitter:data1\" content=\"Slut i lager\" \/>\n<script type=\"application\/ld+json\" class=\"yoast-schema-graph\">{\"@context\":\"https:\\\/\\\/schema.org\",\"@graph\":[{\"@type\":\"WebPage\",\"@id\":\"https:\\\/\\\/fizzyvape.eu\\\/sv\\\/produkt\\\/fizzy-boom-sour-apple-13000-puffar\\\/\",\"url\":\"https:\\\/\\\/fizzyvape.eu\\\/sv\\\/produkt\\\/fizzy-boom-sour-apple-13000-puffar\\\/\",\"name\":\"Fizzy Boom Sour Apple - 13000 puffar - fizzyvape.eu\",\"isPartOf\":{\"@id\":\"https:\\\/\\\/www.fizzyvape.eu\\\/sv\\\/#website\"},\"primaryImageOfPage\":{\"@id\":\"https:\\\/\\\/fizzyvape.eu\\\/sv\\\/produkt\\\/fizzy-boom-sour-apple-13000-puffar\\\/#primaryimage\"},\"image\":{\"@id\":\"https:\\\/\\\/fizzyvape.eu\\\/sv\\\/produkt\\\/fizzy-boom-sour-apple-13000-puffar\\\/#primaryimage\"},\"thumbnailUrl\":\"https:\\\/\\\/fizzyvape.eu\\\/wp-content\\\/uploads\\\/2025\\\/03\\\/FizzyVape-Boom-Sour-Apple-13000puff.jpg\",\"datePublished\":\"2025-03-27T09:55:25+00:00\",\"breadcrumb\":{\"@id\":\"https:\\\/\\\/fizzyvape.eu\\\/sv\\\/produkt\\\/fizzy-boom-sour-apple-13000-puffar\\\/#breadcrumb\"},\"inLanguage\":\"sv-SE\",\"potentialAction\":[{\"@type\":\"ReadAction\",\"target\":[\"https:\\\/\\\/fizzyvape.eu\\\/sv\\\/produkt\\\/fizzy-boom-sour-apple-13000-puffar\\\/\"]}]},{\"@type\":\"ImageObject\",\"inLanguage\":\"sv-SE\",\"@id\":\"https:\\\/\\\/fizzyvape.eu\\\/sv\\\/produkt\\\/fizzy-boom-sour-apple-13000-puffar\\\/#primaryimage\",\"url\":\"https:\\\/\\\/fizzyvape.eu\\\/wp-content\\\/uploads\\\/2025\\\/03\\\/FizzyVape-Boom-Sour-Apple-13000puff.jpg\",\"contentUrl\":\"https:\\\/\\\/fizzyvape.eu\\\/wp-content\\\/uploads\\\/2025\\\/03\\\/FizzyVape-Boom-Sour-Apple-13000puff.jpg\",\"width\":1500,\"height\":1500,\"caption\":\"FizzyVape-Boom-Sour-Apple-13000puff\"},{\"@type\":\"BreadcrumbList\",\"@id\":\"https:\\\/\\\/fizzyvape.eu\\\/sv\\\/produkt\\\/fizzy-boom-sour-apple-13000-puffar\\\/#breadcrumb\",\"itemListElement\":[{\"@type\":\"ListItem\",\"position\":1,\"name\":\"Home\",\"item\":\"https:\\\/\\\/fizzyvape.eu\\\/sv\\\/\"},{\"@type\":\"ListItem\",\"position\":2,\"name\":\"Butik\",\"item\":\"https:\\\/\\\/fizzyvape.eu\\\/sv\\\/butik\\\/\"},{\"@type\":\"ListItem\",\"position\":3,\"name\":\"Fizzy Boom Sour Apple &#8211; 13000 puffar\"}]},{\"@type\":\"WebSite\",\"@id\":\"https:\\\/\\\/www.fizzyvape.eu\\\/sv\\\/#website\",\"url\":\"https:\\\/\\\/www.fizzyvape.eu\\\/sv\\\/\",\"name\":\"fizzyvape.eu\",\"description\":\"Refreshing Vapes. Unforgettable Taste.\",\"publisher\":{\"@id\":\"https:\\\/\\\/www.fizzyvape.eu\\\/sv\\\/#organization\"},\"potentialAction\":[{\"@type\":\"SearchAction\",\"target\":{\"@type\":\"EntryPoint\",\"urlTemplate\":\"https:\\\/\\\/www.fizzyvape.eu\\\/sv\\\/?s={search_term_string}\"},\"query-input\":{\"@type\":\"PropertyValueSpecification\",\"valueRequired\":true,\"valueName\":\"search_term_string\"}}],\"inLanguage\":\"sv-SE\"},{\"@type\":\"Organization\",\"@id\":\"https:\\\/\\\/www.fizzyvape.eu\\\/sv\\\/#organization\",\"name\":\"fizzyvape.eu\",\"url\":\"https:\\\/\\\/www.fizzyvape.eu\\\/sv\\\/\",\"logo\":{\"@type\":\"ImageObject\",\"inLanguage\":\"sv-SE\",\"@id\":\"https:\\\/\\\/www.fizzyvape.eu\\\/sv\\\/#\\\/schema\\\/logo\\\/image\\\/\",\"url\":\"https:\\\/\\\/fizzyvape.eu\\\/wp-content\\\/uploads\\\/2019\\\/06\\\/print-1.svg\",\"contentUrl\":\"https:\\\/\\\/fizzyvape.eu\\\/wp-content\\\/uploads\\\/2019\\\/06\\\/print-1.svg\",\"width\":124,\"height\":37,\"caption\":\"fizzyvape.eu\"},\"image\":{\"@id\":\"https:\\\/\\\/www.fizzyvape.eu\\\/sv\\\/#\\\/schema\\\/logo\\\/image\\\/\"}}]}<\/script>\n<meta property=\"og:availability\" content=\"out of stock\" \/>\n<meta property=\"product:availability\" content=\"out of stock\" \/>\n<meta property=\"product:condition\" content=\"new\" \/>\n<!-- \/ Yoast SEO Premium plugin. -->","yoast_head_json":{"title":"Fizzy Boom Sour Apple - 13000 puffar - fizzyvape.eu","robots":{"index":"index","follow":"follow","max-snippet":"max-snippet:-1","max-image-preview":"max-image-preview:large","max-video-preview":"max-video-preview:-1"},"canonical":"https:\/\/fizzyvape.eu\/sv\/produkt\/fizzy-boom-sour-apple-13000-puffar\/","og_locale":"sv_SE","og_type":"article","og_title":"Fizzy Boom Sour Apple - 13000 puffar","og_description":"Upplev den perfekta balansen mellan syrligt och s\u00f6tt med Fizzy Boom Sour Apple 13000 Puffs! Denna premium eng\u00e5ngs vape levererar en elektrifierande 7,5\/10 sur gr\u00f6n \u00e4ppelsmak med bara 3,5\/10 s\u00f6tma - som att bita i ett f\u00e4rskt Granny Smith-\u00e4pple.","og_url":"https:\/\/fizzyvape.eu\/sv\/produkt\/fizzy-boom-sour-apple-13000-puffar\/","og_site_name":"fizzyvape.eu","og_image":[{"width":1500,"height":1500,"url":"https:\/\/fizzyvape.eu\/wp-content\/uploads\/2025\/03\/FizzyVape-Boom-Sour-Apple-13000puff.jpg","type":"image\/jpeg"}],"twitter_card":"summary_large_image","twitter_misc":{"Tillg\u00e4nglig":"Slut i lager"},"schema":{"@context":"https:\/\/schema.org","@graph":[{"@type":"WebPage","@id":"https:\/\/fizzyvape.eu\/sv\/produkt\/fizzy-boom-sour-apple-13000-puffar\/","url":"https:\/\/fizzyvape.eu\/sv\/produkt\/fizzy-boom-sour-apple-13000-puffar\/","name":"Fizzy Boom Sour Apple - 13000 puffar - fizzyvape.eu","isPartOf":{"@id":"https:\/\/www.fizzyvape.eu\/sv\/#website"},"primaryImageOfPage":{"@id":"https:\/\/fizzyvape.eu\/sv\/produkt\/fizzy-boom-sour-apple-13000-puffar\/#primaryimage"},"image":{"@id":"https:\/\/fizzyvape.eu\/sv\/produkt\/fizzy-boom-sour-apple-13000-puffar\/#primaryimage"},"thumbnailUrl":"https:\/\/fizzyvape.eu\/wp-content\/uploads\/2025\/03\/FizzyVape-Boom-Sour-Apple-13000puff.jpg","datePublished":"2025-03-27T09:55:25+00:00","breadcrumb":{"@id":"https:\/\/fizzyvape.eu\/sv\/produkt\/fizzy-boom-sour-apple-13000-puffar\/#breadcrumb"},"inLanguage":"sv-SE","potentialAction":[{"@type":"ReadAction","target":["https:\/\/fizzyvape.eu\/sv\/produkt\/fizzy-boom-sour-apple-13000-puffar\/"]}]},{"@type":"ImageObject","inLanguage":"sv-SE","@id":"https:\/\/fizzyvape.eu\/sv\/produkt\/fizzy-boom-sour-apple-13000-puffar\/#primaryimage","url":"https:\/\/fizzyvape.eu\/wp-content\/uploads\/2025\/03\/FizzyVape-Boom-Sour-Apple-13000puff.jpg","contentUrl":"https:\/\/fizzyvape.eu\/wp-content\/uploads\/2025\/03\/FizzyVape-Boom-Sour-Apple-13000puff.jpg","width":1500,"height":1500,"caption":"FizzyVape-Boom-Sour-Apple-13000puff"},{"@type":"BreadcrumbList","@id":"https:\/\/fizzyvape.eu\/sv\/produkt\/fizzy-boom-sour-apple-13000-puffar\/#breadcrumb","itemListElement":[{"@type":"ListItem","position":1,"name":"Home","item":"https:\/\/fizzyvape.eu\/sv\/"},{"@type":"ListItem","position":2,"name":"Butik","item":"https:\/\/fizzyvape.eu\/sv\/butik\/"},{"@type":"ListItem","position":3,"name":"Fizzy Boom Sour Apple &#8211; 13000 puffar"}]},{"@type":"WebSite","@id":"https:\/\/www.fizzyvape.eu\/sv\/#website","url":"https:\/\/www.fizzyvape.eu\/sv\/","name":"fizzyvape.eu","description":"Refreshing Vapes. Unforgettable Taste.","publisher":{"@id":"https:\/\/www.fizzyvape.eu\/sv\/#organization"},"potentialAction":[{"@type":"SearchAction","target":{"@type":"EntryPoint","urlTemplate":"https:\/\/www.fizzyvape.eu\/sv\/?s={search_term_string}"},"query-input":{"@type":"PropertyValueSpecification","valueRequired":true,"valueName":"search_term_string"}}],"inLanguage":"sv-SE"},{"@type":"Organization","@id":"https:\/\/www.fizzyvape.eu\/sv\/#organization","name":"fizzyvape.eu","url":"https:\/\/www.fizzyvape.eu\/sv\/","logo":{"@type":"ImageObject","inLanguage":"sv-SE","@id":"https:\/\/www.fizzyvape.eu\/sv\/#\/schema\/logo\/image\/","url":"https:\/\/fizzyvape.eu\/wp-content\/uploads\/2019\/06\/print-1.svg","contentUrl":"https:\/\/fizzyvape.eu\/wp-content\/uploads\/2019\/06\/print-1.svg","width":124,"height":37,"caption":"fizzyvape.eu"},"image":{"@id":"https:\/\/www.fizzyvape.eu\/sv\/#\/schema\/logo\/image\/"}}]},"og_availability":"out of stock","product_availability":"out of stock","product_condition":"new"},"tiered_pricing_type":"fixed","tiered_pricing_fixed_rules":[],"tiered_pricing_product_settings":{"layout":"default","base_unit_name":{"singular":null,"plural":null},"default_variation":null},"tiered_pricing_minimum_quantity":null,"tiered_pricing_roles_data":[],"tiered_pricing_percentage_rules":[],"tiered_pricing_maximum_quantity":null,"tiered_pricing_quantity_step":null,"_links":{"self":[{"href":"https:\/\/fizzyvape.eu\/sv\/wp-json\/wp\/v2\/product\/25999","targetHints":{"allow":["GET"]}}],"collection":[{"href":"https:\/\/fizzyvape.eu\/sv\/wp-json\/wp\/v2\/product"}],"about":[{"href":"https:\/\/fizzyvape.eu\/sv\/wp-json\/wp\/v2\/types\/product"}],"replies":[{"embeddable":true,"href":"https:\/\/fizzyvape.eu\/sv\/wp-json\/wp\/v2\/comments?post=25999"}],"version-history":[{"count":0,"href":"https:\/\/fizzyvape.eu\/sv\/wp-json\/wp\/v2\/product\/25999\/revisions"}],"wp:featuredmedia":[{"embeddable":true,"href":"https:\/\/fizzyvape.eu\/sv\/wp-json\/wp\/v2\/media\/20897"}],"wp:attachment":[{"href":"https:\/\/fizzyvape.eu\/sv\/wp-json\/wp\/v2\/media?parent=25999"}],"wp:term":[{"taxonomy":"product_brand","embeddable":true,"href":"https:\/\/fizzyvape.eu\/sv\/wp-json\/wp\/v2\/product_brand?post=25999"},{"taxonomy":"product_cat","embeddable":true,"href":"https:\/\/fizzyvape.eu\/sv\/wp-json\/wp\/v2\/product_cat?post=25999"},{"taxonomy":"product_tag","embeddable":true,"href":"https:\/\/fizzyvape.eu\/sv\/wp-json\/wp\/v2\/product_tag?post=25999"}],"curies":[{"name":"wp","href":"https:\/\/api.w.org\/{rel}","templated":true}]}}