{"id":26048,"date":"2025-03-27T18:06:11","date_gmt":"2025-03-27T10:06:11","guid":{"rendered":"https:\/\/fizzyvape.eu\/product\/fizzy-boom-vattenmelon-korsbar-13000-puffar\/"},"modified":"2025-03-27T18:06:11","modified_gmt":"2025-03-27T10:06:11","slug":"fizzy-boom-vattenmelon-korsbar-13000-puffar","status":"publish","type":"product","link":"https:\/\/fizzyvape.eu\/sv\/produkt\/fizzy-boom-vattenmelon-korsbar-13000-puffar\/","title":{"rendered":"Fizzy Boom Vattenmelon K\u00f6rsb\u00e4r &#8211; 13000 puffar"},"content":{"rendered":"<div>\n<h2><strong>Fizzy Boom Vattenmelon K\u00f6rsb\u00e4r 13000 Puffs &#8211; Premium Dual Fruit Chill eng\u00e5ngsvape<\/strong><\/h2>\n<p>Upplev en h\u00e4rlig twist p\u00e5 klassiska fruktsmaker med <strong>Fizzy Boom Watermelon Cherry 13000 Puffs<\/strong> eng\u00e5ngsvape. Denna premiumenhet levererar en oemotst\u00e5ndlig kombination av s\u00f6t, saftig vattenmelon och den ljusa, n\u00e5got syrliga smaken av mogna k\u00f6rsb\u00e4r, allt avslutat med en subtil uppfriskande svalka (en balanserad 6\/10 kylningsniv\u00e5). Perfekt f\u00f6r vapers som s\u00f6ker en unik och tillfredsst\u00e4llande vape hela dagen, den erbjuder \u00f6ver 13 000 ultrasmidiga puffar, matt finish design med dubbla n\u00e4tspolar f\u00f6r exceptionell smak och \u00e5ngproduktion.  <\/p>\n<h3><strong>Varf\u00f6r v\u00e4lja Fizzy Boom Watermelon Cherry 13000 Puffs?<\/strong><\/h3>\n<p>\ud83c\udf49\ud83c\udf52 <strong>Twin Fruit Bliss<\/strong> &#8211; Mogen vattenmelon m\u00f6ter syrliga k\u00f6rsb\u00e4r f\u00f6r en dj\u00e4rv, naturlig smak (ingen artificiell eftersmak av godis).<br \/>\n\u2744\ufe0f <strong>Crisp Icy Finish<\/strong> &#8211; M\u00e5ttlig 6\/10 kylning f\u00f6r en uppfriskande halshit utan att \u00f6verv\u00e4ldiga fruktsmakerna.<br \/>\n\u26a1 <strong>Massiva 13.000 puffar<\/strong> &#8211; h\u00e5ller l\u00e4ngre \u00e4n vanliga eng\u00e5ngsprodukter (3-4 veckors kontinuerlig anv\u00e4ndning).<br \/>\n\ud83d\udd0b <strong>USB-C-uppladdningsbar<\/strong> &#8211; Inget sl\u00f6seri med e-juice; njut av varje droppe fr\u00e5n <strong>21 ml-kapaciteten<\/strong>.<br \/>\n\ud83d\udc8e <strong>Snygg och l\u00e4ckages\u00e4ker<\/strong> &#8211; matt, gradientf\u00e4rgad kropp, ergonomiskt munstycke och avancerad luftfl\u00f6desdesign.<\/p>\n<h3>Paketets inneh\u00e5ll<\/h3>\n<p>1 \u00d7 Fizzy Boom Watermelon Cherry-enhet<\/p>\n<\/div>\n<div>\n<h3>Specifikationer<\/h3>\n<table>\n<tbody>\n<tr>\n<td>Puffar<\/td>\n<td><strong>13000+ Puffar<\/strong><\/td>\n<\/tr>\n<tr>\n<td>Kapacitet f\u00f6r e-v\u00e4tska<\/td>\n<td><strong>21 ml<\/strong><\/td>\n<\/tr>\n<tr>\n<td>Batteriets kapacitet<\/td>\n<td><strong>650 mAh<\/strong><\/td>\n<\/tr>\n<tr>\n<td>N\u00e4tspole<\/td>\n<td><strong>1.4\u03a9<\/strong><\/td>\n<\/tr>\n<tr>\n<td>Storlek<\/td>\n<td><strong>52,8 * 76,5 * 25 mm<\/strong><\/td>\n<\/tr>\n<tr>\n<td>Eng\u00e5ngsbruk eller inte<\/td>\n<td><strong>Eng\u00e5ngsbruk<\/strong><\/td>\n<\/tr>\n<tr>\n<td>Laddningsmetod<\/td>\n<td><strong>Kabel<\/strong><\/td>\n<\/tr>\n<tr>\n<td>Aktiveringsmetod<\/td>\n<td><strong>Sensor<\/strong><\/td>\n<\/tr>\n<tr>\n<td>Nikotinniv\u00e5<\/td>\n<td><strong>2% (20mg\/mL) &amp; 5% (50mg\/mL)<\/strong><\/td>\n<\/tr>\n<tr>\n<td>Smak\u00e4mnen<\/td>\n<td><strong>12<\/strong><\/td>\n<\/tr>\n<tr>\n<td>F\u00f6rpackning<\/td>\n<td><strong>1 f\u00f6rpackning<\/strong><\/td>\n<\/tr>\n<tr>\n<td>Laddningstid<\/td>\n<td><strong>2 timmar<\/strong><\/td>\n<\/tr>\n<tr>\n<td>F\u00f6rvaring<\/td>\n<td><strong>Undvik milj\u00f6er med h\u00f6ga temperaturer och f\u00f6rvara p\u00e5 en sval och torr plats.<\/strong><\/td>\n<\/tr>\n<tr>\n<td>Personer som \u00e4r f\u00f6rbjudna att anv\u00e4nda<\/td>\n<td><strong>Minder\u00e5riga, gravida kvinnor och personer som \u00e4r allergiska mot produktens ingredienser.<\/strong><\/td>\n<\/tr>\n<tr>\n<td>F\u00f6rsiktighet<\/td>\n<td><strong>Sv\u00e4lj inte detta \u00e4mne. Vid f\u00f6rt\u00e4ring, sk\u00f6lj munnen noggrant och omedelbart. Upps\u00f6k l\u00e4kare om du k\u00e4nner dig d\u00e5lig.  <\/strong><\/td>\n<\/tr>\n<\/tbody>\n<\/table>\n<h3><strong>Fizzy Boom <\/strong>13000 Puffs Smaklista:<\/h3>\n<ol>\n<li><a href=\"https:\/\/fizzyvape.eu\/product\/fizzy-boom-peach-13000-puffs\/\">Persika<\/a><\/li>\n<li><a href=\"https:\/\/fizzyvape.eu\/sv\/produkt\/fizzy-boom-blabarsis-13000-puffar\/\">Bl\u00e5b\u00e4rsis<\/a><\/li>\n<li><a href=\"https:\/\/fizzyvape.eu\/sv\/produkt\/fizzy-boom-grape-ice-13000-puffar\/\">Grape Ice<\/a><\/li>\n<li><a href=\"https:\/\/fizzyvape.eu\/sv\/produkt\/fizzy-boom-jordgubb-13000-puffar\/\">Jordgubbar<\/a><\/li>\n<li><a href=\"https:\/\/fizzyvape.eu\/sv\/produkt\/fizzy-boom-vattenmelon-is-13000-puffar\/\">Vattenmelon-is<\/a><\/li>\n<li><a href=\"https:\/\/fizzyvape.eu\/product\/fizzy-boom-blueberry-watermelon-bubblegum-13000-puffs\/\">Bl\u00e5b\u00e4r Vattenmelon Bubblegum<\/a><\/li>\n<li><a href=\"https:\/\/fizzyvape.eu\/sv\/produkt\/fizzy-boom-sour-apple-13000-puffar\/\">Surt \u00e4pple<\/a><\/li>\n<li><a href=\"https:\/\/fizzyvape.eu\/sv\/produkt\/fizzy-boom-vattenmelon-korsbar-13000-puffar\/\">Vattenmelon K\u00f6rsb\u00e4r<\/a><\/li>\n<li><a href=\"https:\/\/fizzyvape.eu\/product\/fizzy-boom-blueberry-melon-13000-puffs\/\">Bl\u00e5b\u00e4r Melon<\/a><\/li>\n<li><a href=\"https:\/\/fizzyvape.eu\/product\/fizzy-boom-kiwi-berry-ice-13000-puffs\/\">Kiwi Berry Ice<\/a><\/li>\n<li><a href=\"https:\/\/fizzyvape.eu\/product\/fizzy-boom-blueberry-raspberry-lemon-13000-puffs\/\">Bl\u00e5b\u00e4r Hallon Citron<\/a><\/li>\n<li><a href=\"https:\/\/fizzyvape.eu\/product\/fizzy-boom-strawberry-watermelon-pomegranate-13000-puffs\/\">Jordgubb Vattenmelon Granat\u00e4pple<\/a><\/li>\n<\/ol>\n<h3>Vanliga fr\u00e5gor om Fizzy Boom Watermelon Cherry 13000 Puffs Vape<\/h3>\n<h4><strong>1.<\/strong>Hur j\u00e4mf\u00f6r sig smaken av vattenmelon och k\u00f6rsb\u00e4r med andra fruktvapor?<\/h4>\n<p>Den h\u00e4r unika blandningen erbjuder en perfekt balans &#8211; <strong>7\/10 s\u00f6t vattenmelon<\/strong> i b\u00f6rjan och <strong>5\/10 syrliga k\u00f6rsb\u00e4r<\/strong> i slutet, vilket skapar en mer sofistikerad profil \u00e4n smaker av enstaka frukter. <strong>Kylningsniv\u00e5n p\u00e5 6\/10<\/strong> f\u00f6rb\u00e4ttrar f\u00f6rfriskningen utan att maskera de naturliga fruktsmakerna. <\/p>\n<h4><strong>2. Hur l\u00e4nge r\u00e4cker en enhet?<\/strong><\/h4>\n<p>Med <strong>13 000 puffar<\/strong> r\u00e4cker den vanligtvis i <strong>3-4 veckor<\/strong> vid m\u00e5ttlig anv\u00e4ndning. <strong>Batteriet p\u00e5 650 mAh<\/strong> \u00e4r uppladdningsbart via TYPE-C, vilket g\u00f6r att du kan anv\u00e4nda alla <strong>21 ml e-juice<\/strong> utan att sl\u00f6sa. <\/p>\n<h4><strong>3. Kan jag v\u00e4lja mellan olika nikotinstyrkor?<\/strong><\/h4>\n<p>Ja! Den h\u00e4r smaken finns i nikotinsaltalternativen <strong>2% (20 mg\/ml) och 5% (50 mg\/ml<\/strong> ). Nyb\u00f6rjare kanske f\u00f6redrar 2% f\u00f6r en mjukare tr\u00e4ff, medan 5% ger starkare tillfredsst\u00e4llelse.  <\/p>\n<\/div>\n","protected":false},"excerpt":{"rendered":"<p><strong>Fizzy Boom Vattenmelon K\u00f6rsb\u00e4r 13000 Puffs<\/strong>: Upplev den h\u00e4rliga fusionen av s\u00f6t vattenmelon och ljusa k\u00f6rsb\u00e4r med en subtil, uppfriskande svalka i denna extremt l\u00e5ngvariga, uppladdningsbara eng\u00e5ngs vape. Finns i nikotinstyrkorna 2 % och 5 %. <\/p>\n","protected":false},"featured_media":21033,"comment_status":"open","ping_status":"closed","template":"","meta":{"iawp_total_views":0},"product_brand":[],"product_cat":[318],"product_tag":[319],"class_list":{"0":"post-26048","1":"product","2":"type-product","3":"status-publish","4":"has-post-thumbnail","6":"product_cat-boom-sv","7":"product_tag-13000-puffar","9":"first","10":"outofstock","11":"shipping-taxable","12":"purchasable","13":"product-type-variable"},"yoast_head":"<!-- This site is optimized with the Yoast SEO Premium plugin v24.8 (Yoast SEO v24.8) - https:\/\/yoast.com\/wordpress\/plugins\/seo\/ -->\n<title>Fizzy Boom Vattenmelon K\u00f6rsb\u00e4r - 13000 puffar - fizzyvape.eu<\/title>\n<meta name=\"robots\" content=\"index, follow, max-snippet:-1, max-image-preview:large, max-video-preview:-1\" \/>\n<link rel=\"canonical\" href=\"https:\/\/fizzyvape.eu\/sv\/produkt\/fizzy-boom-vattenmelon-korsbar-13000-puffar\/\" \/>\n<meta property=\"og:locale\" content=\"sv_SE\" \/>\n<meta property=\"og:type\" content=\"article\" \/>\n<meta property=\"og:title\" content=\"Fizzy Boom Vattenmelon K\u00f6rsb\u00e4r - 13000 puffar\" \/>\n<meta property=\"og:description\" content=\"Fizzy Boom Vattenmelon K\u00f6rsb\u00e4r 13000 Puffs: Upplev den h\u00e4rliga fusionen av s\u00f6t vattenmelon och ljusa k\u00f6rsb\u00e4r med en subtil, uppfriskande svalka i denna extremt l\u00e5ngvariga, uppladdningsbara eng\u00e5ngs vape. Finns i nikotinstyrkorna 2 % och 5 %.\" \/>\n<meta property=\"og:url\" content=\"https:\/\/fizzyvape.eu\/sv\/produkt\/fizzy-boom-vattenmelon-korsbar-13000-puffar\/\" \/>\n<meta property=\"og:site_name\" content=\"fizzyvape.eu\" \/>\n<meta property=\"og:image\" content=\"https:\/\/fizzyvape.eu\/wp-content\/uploads\/2025\/03\/FizzyVape-Boom-Watermelon-Cherry-13000puff-3.jpg\" \/>\n\t<meta property=\"og:image:width\" content=\"1500\" \/>\n\t<meta property=\"og:image:height\" content=\"1500\" \/>\n\t<meta property=\"og:image:type\" content=\"image\/jpeg\" \/>\n<meta name=\"twitter:card\" content=\"summary_large_image\" \/>\n<meta name=\"twitter:label1\" content=\"Tillg\u00e4nglig\" \/>\n\t<meta name=\"twitter:data1\" content=\"Slut i lager\" \/>\n<script type=\"application\/ld+json\" class=\"yoast-schema-graph\">{\"@context\":\"https:\/\/schema.org\",\"@graph\":[{\"@type\":\"WebPage\",\"@id\":\"https:\/\/fizzyvape.eu\/sv\/produkt\/fizzy-boom-vattenmelon-korsbar-13000-puffar\/\",\"url\":\"https:\/\/fizzyvape.eu\/sv\/produkt\/fizzy-boom-vattenmelon-korsbar-13000-puffar\/\",\"name\":\"Fizzy Boom Vattenmelon K\u00f6rsb\u00e4r - 13000 puffar - fizzyvape.eu\",\"isPartOf\":{\"@id\":\"https:\/\/www.fizzyvape.eu\/sv\/#website\"},\"primaryImageOfPage\":{\"@id\":\"https:\/\/fizzyvape.eu\/sv\/produkt\/fizzy-boom-vattenmelon-korsbar-13000-puffar\/#primaryimage\"},\"image\":{\"@id\":\"https:\/\/fizzyvape.eu\/sv\/produkt\/fizzy-boom-vattenmelon-korsbar-13000-puffar\/#primaryimage\"},\"thumbnailUrl\":\"https:\/\/fizzyvape.eu\/wp-content\/uploads\/2025\/03\/FizzyVape-Boom-Watermelon-Cherry-13000puff-3.jpg\",\"datePublished\":\"2025-03-27T10:06:11+00:00\",\"breadcrumb\":{\"@id\":\"https:\/\/fizzyvape.eu\/sv\/produkt\/fizzy-boom-vattenmelon-korsbar-13000-puffar\/#breadcrumb\"},\"inLanguage\":\"sv-SE\",\"potentialAction\":[{\"@type\":\"ReadAction\",\"target\":[\"https:\/\/fizzyvape.eu\/sv\/produkt\/fizzy-boom-vattenmelon-korsbar-13000-puffar\/\"]}]},{\"@type\":\"ImageObject\",\"inLanguage\":\"sv-SE\",\"@id\":\"https:\/\/fizzyvape.eu\/sv\/produkt\/fizzy-boom-vattenmelon-korsbar-13000-puffar\/#primaryimage\",\"url\":\"https:\/\/fizzyvape.eu\/wp-content\/uploads\/2025\/03\/FizzyVape-Boom-Watermelon-Cherry-13000puff-3.jpg\",\"contentUrl\":\"https:\/\/fizzyvape.eu\/wp-content\/uploads\/2025\/03\/FizzyVape-Boom-Watermelon-Cherry-13000puff-3.jpg\",\"width\":1500,\"height\":1500,\"caption\":\"FizzyVape-Boom-Vattenmelon-Kerry-13000puff\"},{\"@type\":\"BreadcrumbList\",\"@id\":\"https:\/\/fizzyvape.eu\/sv\/produkt\/fizzy-boom-vattenmelon-korsbar-13000-puffar\/#breadcrumb\",\"itemListElement\":[{\"@type\":\"ListItem\",\"position\":1,\"name\":\"Home\",\"item\":\"https:\/\/fizzyvape.eu\/sv\/\"},{\"@type\":\"ListItem\",\"position\":2,\"name\":\"Butik\",\"item\":\"https:\/\/fizzyvape.eu\/sv\/butik\/\"},{\"@type\":\"ListItem\",\"position\":3,\"name\":\"Fizzy Boom Vattenmelon K\u00f6rsb\u00e4r &#8211; 13000 puffar\"}]},{\"@type\":\"WebSite\",\"@id\":\"https:\/\/www.fizzyvape.eu\/sv\/#website\",\"url\":\"https:\/\/www.fizzyvape.eu\/sv\/\",\"name\":\"fizzyvape.eu\",\"description\":\"Refreshing Vapes. Unforgettable Taste.\",\"publisher\":{\"@id\":\"https:\/\/www.fizzyvape.eu\/sv\/#organization\"},\"potentialAction\":[{\"@type\":\"SearchAction\",\"target\":{\"@type\":\"EntryPoint\",\"urlTemplate\":\"https:\/\/www.fizzyvape.eu\/sv\/?s={search_term_string}\"},\"query-input\":{\"@type\":\"PropertyValueSpecification\",\"valueRequired\":true,\"valueName\":\"search_term_string\"}}],\"inLanguage\":\"sv-SE\"},{\"@type\":\"Organization\",\"@id\":\"https:\/\/www.fizzyvape.eu\/sv\/#organization\",\"name\":\"fizzyvape.eu\",\"url\":\"https:\/\/www.fizzyvape.eu\/sv\/\",\"logo\":{\"@type\":\"ImageObject\",\"inLanguage\":\"sv-SE\",\"@id\":\"https:\/\/www.fizzyvape.eu\/sv\/#\/schema\/logo\/image\/\",\"url\":\"https:\/\/fizzyvape.eu\/wp-content\/uploads\/2019\/06\/print-1.svg\",\"contentUrl\":\"https:\/\/fizzyvape.eu\/wp-content\/uploads\/2019\/06\/print-1.svg\",\"width\":124,\"height\":37,\"caption\":\"fizzyvape.eu\"},\"image\":{\"@id\":\"https:\/\/www.fizzyvape.eu\/sv\/#\/schema\/logo\/image\/\"}}]}<\/script>\n<meta property=\"og:availability\" content=\"out of stock\" \/>\n<meta property=\"product:availability\" content=\"out of stock\" \/>\n<meta property=\"product:condition\" content=\"new\" \/>\n<!-- \/ Yoast SEO Premium plugin. -->","yoast_head_json":{"title":"Fizzy Boom Vattenmelon K\u00f6rsb\u00e4r - 13000 puffar - fizzyvape.eu","robots":{"index":"index","follow":"follow","max-snippet":"max-snippet:-1","max-image-preview":"max-image-preview:large","max-video-preview":"max-video-preview:-1"},"canonical":"https:\/\/fizzyvape.eu\/sv\/produkt\/fizzy-boom-vattenmelon-korsbar-13000-puffar\/","og_locale":"sv_SE","og_type":"article","og_title":"Fizzy Boom Vattenmelon K\u00f6rsb\u00e4r - 13000 puffar","og_description":"Fizzy Boom Vattenmelon K\u00f6rsb\u00e4r 13000 Puffs: Upplev den h\u00e4rliga fusionen av s\u00f6t vattenmelon och ljusa k\u00f6rsb\u00e4r med en subtil, uppfriskande svalka i denna extremt l\u00e5ngvariga, uppladdningsbara eng\u00e5ngs vape. Finns i nikotinstyrkorna 2 % och 5 %.","og_url":"https:\/\/fizzyvape.eu\/sv\/produkt\/fizzy-boom-vattenmelon-korsbar-13000-puffar\/","og_site_name":"fizzyvape.eu","og_image":[{"width":1500,"height":1500,"url":"https:\/\/fizzyvape.eu\/wp-content\/uploads\/2025\/03\/FizzyVape-Boom-Watermelon-Cherry-13000puff-3.jpg","type":"image\/jpeg"}],"twitter_card":"summary_large_image","twitter_misc":{"Tillg\u00e4nglig":"Slut i lager"},"schema":{"@context":"https:\/\/schema.org","@graph":[{"@type":"WebPage","@id":"https:\/\/fizzyvape.eu\/sv\/produkt\/fizzy-boom-vattenmelon-korsbar-13000-puffar\/","url":"https:\/\/fizzyvape.eu\/sv\/produkt\/fizzy-boom-vattenmelon-korsbar-13000-puffar\/","name":"Fizzy Boom Vattenmelon K\u00f6rsb\u00e4r - 13000 puffar - fizzyvape.eu","isPartOf":{"@id":"https:\/\/www.fizzyvape.eu\/sv\/#website"},"primaryImageOfPage":{"@id":"https:\/\/fizzyvape.eu\/sv\/produkt\/fizzy-boom-vattenmelon-korsbar-13000-puffar\/#primaryimage"},"image":{"@id":"https:\/\/fizzyvape.eu\/sv\/produkt\/fizzy-boom-vattenmelon-korsbar-13000-puffar\/#primaryimage"},"thumbnailUrl":"https:\/\/fizzyvape.eu\/wp-content\/uploads\/2025\/03\/FizzyVape-Boom-Watermelon-Cherry-13000puff-3.jpg","datePublished":"2025-03-27T10:06:11+00:00","breadcrumb":{"@id":"https:\/\/fizzyvape.eu\/sv\/produkt\/fizzy-boom-vattenmelon-korsbar-13000-puffar\/#breadcrumb"},"inLanguage":"sv-SE","potentialAction":[{"@type":"ReadAction","target":["https:\/\/fizzyvape.eu\/sv\/produkt\/fizzy-boom-vattenmelon-korsbar-13000-puffar\/"]}]},{"@type":"ImageObject","inLanguage":"sv-SE","@id":"https:\/\/fizzyvape.eu\/sv\/produkt\/fizzy-boom-vattenmelon-korsbar-13000-puffar\/#primaryimage","url":"https:\/\/fizzyvape.eu\/wp-content\/uploads\/2025\/03\/FizzyVape-Boom-Watermelon-Cherry-13000puff-3.jpg","contentUrl":"https:\/\/fizzyvape.eu\/wp-content\/uploads\/2025\/03\/FizzyVape-Boom-Watermelon-Cherry-13000puff-3.jpg","width":1500,"height":1500,"caption":"FizzyVape-Boom-Vattenmelon-Kerry-13000puff"},{"@type":"BreadcrumbList","@id":"https:\/\/fizzyvape.eu\/sv\/produkt\/fizzy-boom-vattenmelon-korsbar-13000-puffar\/#breadcrumb","itemListElement":[{"@type":"ListItem","position":1,"name":"Home","item":"https:\/\/fizzyvape.eu\/sv\/"},{"@type":"ListItem","position":2,"name":"Butik","item":"https:\/\/fizzyvape.eu\/sv\/butik\/"},{"@type":"ListItem","position":3,"name":"Fizzy Boom Vattenmelon K\u00f6rsb\u00e4r &#8211; 13000 puffar"}]},{"@type":"WebSite","@id":"https:\/\/www.fizzyvape.eu\/sv\/#website","url":"https:\/\/www.fizzyvape.eu\/sv\/","name":"fizzyvape.eu","description":"Refreshing Vapes. Unforgettable Taste.","publisher":{"@id":"https:\/\/www.fizzyvape.eu\/sv\/#organization"},"potentialAction":[{"@type":"SearchAction","target":{"@type":"EntryPoint","urlTemplate":"https:\/\/www.fizzyvape.eu\/sv\/?s={search_term_string}"},"query-input":{"@type":"PropertyValueSpecification","valueRequired":true,"valueName":"search_term_string"}}],"inLanguage":"sv-SE"},{"@type":"Organization","@id":"https:\/\/www.fizzyvape.eu\/sv\/#organization","name":"fizzyvape.eu","url":"https:\/\/www.fizzyvape.eu\/sv\/","logo":{"@type":"ImageObject","inLanguage":"sv-SE","@id":"https:\/\/www.fizzyvape.eu\/sv\/#\/schema\/logo\/image\/","url":"https:\/\/fizzyvape.eu\/wp-content\/uploads\/2019\/06\/print-1.svg","contentUrl":"https:\/\/fizzyvape.eu\/wp-content\/uploads\/2019\/06\/print-1.svg","width":124,"height":37,"caption":"fizzyvape.eu"},"image":{"@id":"https:\/\/www.fizzyvape.eu\/sv\/#\/schema\/logo\/image\/"}}]},"og_availability":"out of stock","product_availability":"out of stock","product_condition":"new"},"tiered_pricing_type":"fixed","tiered_pricing_fixed_rules":[],"tiered_pricing_product_settings":{"layout":"default","base_unit_name":{"singular":null,"plural":null},"default_variation":null},"tiered_pricing_minimum_quantity":null,"tiered_pricing_roles_data":[],"tiered_pricing_percentage_rules":[],"tiered_pricing_maximum_quantity":null,"tiered_pricing_quantity_step":null,"_links":{"self":[{"href":"https:\/\/fizzyvape.eu\/sv\/wp-json\/wp\/v2\/product\/26048","targetHints":{"allow":["GET"]}}],"collection":[{"href":"https:\/\/fizzyvape.eu\/sv\/wp-json\/wp\/v2\/product"}],"about":[{"href":"https:\/\/fizzyvape.eu\/sv\/wp-json\/wp\/v2\/types\/product"}],"replies":[{"embeddable":true,"href":"https:\/\/fizzyvape.eu\/sv\/wp-json\/wp\/v2\/comments?post=26048"}],"version-history":[{"count":0,"href":"https:\/\/fizzyvape.eu\/sv\/wp-json\/wp\/v2\/product\/26048\/revisions"}],"wp:featuredmedia":[{"embeddable":true,"href":"https:\/\/fizzyvape.eu\/sv\/wp-json\/wp\/v2\/media\/21033"}],"wp:attachment":[{"href":"https:\/\/fizzyvape.eu\/sv\/wp-json\/wp\/v2\/media?parent=26048"}],"wp:term":[{"taxonomy":"product_brand","embeddable":true,"href":"https:\/\/fizzyvape.eu\/sv\/wp-json\/wp\/v2\/product_brand?post=26048"},{"taxonomy":"product_cat","embeddable":true,"href":"https:\/\/fizzyvape.eu\/sv\/wp-json\/wp\/v2\/product_cat?post=26048"},{"taxonomy":"product_tag","embeddable":true,"href":"https:\/\/fizzyvape.eu\/sv\/wp-json\/wp\/v2\/product_tag?post=26048"}],"curies":[{"name":"wp","href":"https:\/\/api.w.org\/{rel}","templated":true}]}}