{"id":26068,"date":"2025-03-28T10:52:08","date_gmt":"2025-03-28T02:52:08","guid":{"rendered":"https:\/\/fizzyvape.eu\/product\/fizzy-boom-blabar-melon-13000-puffar\/"},"modified":"2025-03-28T10:52:08","modified_gmt":"2025-03-28T02:52:08","slug":"fizzy-boom-blabar-melon-13000-puffar","status":"publish","type":"product","link":"https:\/\/fizzyvape.eu\/sv\/produkt\/fizzy-boom-blabar-melon-13000-puffar\/","title":{"rendered":"Fizzy Boom Bl\u00e5b\u00e4r Melon &#8211; 13000 puffar"},"content":{"rendered":"<div>\n<h2><strong>Fizzy Boom Blueberry Melon 13000 Puffs &#8211; Premium Berry-Melon Fusion eng\u00e5ngsvape<\/strong><\/h2>\n<p>Sk\u00e4m bort dig med den perfekta harmonin av naturens saftigaste smaker med <strong>Fizzy Boom Blueberry Melon 13000 Puffs<\/strong>. Denna premiumvape f\u00f6r eng\u00e5ngsbruk kombinerar antioxidantrik bl\u00e5b\u00e4rssyrlighet med honungsmelonens honungslena s\u00f6tma och avslutas med en uppfriskande isig utandning (5\/10 kylningsniv\u00e5). Njut av <strong>13 000 ultrasmidiga puffar<\/strong> av premium 5% nikotinsalt e-juice i en snygg, fickv\u00e4nlig design med <strong>dubbla mesh-spolar<\/strong> f\u00f6r maximal smak och molnproduktion.  <\/p>\n<h3><strong>Varf\u00f6r v\u00e4lja Fizzy Boom Watermelon Cherry 13000 Puffs?<\/strong><\/h3>\n<p>\ud83d\udd35 <strong>True Fruit Fusion<\/strong> &#8211; 60% syrlighet fr\u00e5n mogna bl\u00e5b\u00e4r m\u00f6ter 40% s\u00f6tma fr\u00e5n honungsdagg (ingen artificiell eftersmak)<br \/>\n\u2744\ufe0f <strong>Subtilt isigt avslut<\/strong> &#8211; 5\/10 kylningsniv\u00e5 uppdaterar utan att \u00f6verv\u00e4ldiga fruktsmakerna<br \/>\n\u26a1 Ut\u00f6kad <strong>prestanda<\/strong> &#8211; Varar i 3-4 veckor (j\u00e4mf\u00f6rt med standard 7.000 puff-enheter)<br \/>\n\ud83d\udd0b <strong>Smart laddning<\/strong> &#8211; USB-C-laddningsbar f\u00f6r att fullt ut utnyttja alla 21 ml e-juice<br \/>\n\ud83d\udc8e <strong>Premiumdesign<\/strong> &#8211; matt gradientfinish med ergonomiskt munstycke och l\u00e4ckages\u00e4ker t\u00e4tning <\/p>\n<h3><strong>Nikotinalternativ:<\/strong><\/h3>\n<p>&#8211; 2% (20mg\/mL) &#8211; Smidig upplevelse f\u00f6r avslappnade vapers<br \/>\n&#8211; 5% (50mg\/mL) &#8211; Tillfredsst\u00e4llande halshit f\u00f6r tidigare r\u00f6kare<\/p>\n<\/div>\n<div>\n<h3>Specifikationer<\/h3>\n<table>\n<tbody>\n<tr>\n<td>Puffar<\/td>\n<td><strong>13000+ Puffar<\/strong><\/td>\n<\/tr>\n<tr>\n<td>Kapacitet f\u00f6r e-v\u00e4tska<\/td>\n<td><strong>21 ml<\/strong><\/td>\n<\/tr>\n<tr>\n<td>Batteriets kapacitet<\/td>\n<td><strong>650 mAh<\/strong><\/td>\n<\/tr>\n<tr>\n<td>N\u00e4tspole<\/td>\n<td><strong>1.4\u03a9<\/strong><\/td>\n<\/tr>\n<tr>\n<td>Storlek<\/td>\n<td><strong>52,8 * 76,5 * 25 mm<\/strong><\/td>\n<\/tr>\n<tr>\n<td>Eng\u00e5ngsbruk eller inte<\/td>\n<td><strong>Eng\u00e5ngsbruk<\/strong><\/td>\n<\/tr>\n<tr>\n<td>Laddningsmetod<\/td>\n<td><strong>Kabel<\/strong><\/td>\n<\/tr>\n<tr>\n<td>Aktiveringsmetod<\/td>\n<td><strong>Sensor<\/strong><\/td>\n<\/tr>\n<tr>\n<td>Nikotinniv\u00e5<\/td>\n<td><strong>2% (20mg\/mL) &amp; 5% (50mg\/mL)<\/strong><\/td>\n<\/tr>\n<tr>\n<td>Smak\u00e4mnen<\/td>\n<td><strong>12<\/strong><\/td>\n<\/tr>\n<tr>\n<td>F\u00f6rpackning<\/td>\n<td><strong>1 f\u00f6rpackning<\/strong><\/td>\n<\/tr>\n<tr>\n<td>Laddningstid<\/td>\n<td><strong>2 timmar<\/strong><\/td>\n<\/tr>\n<tr>\n<td>F\u00f6rvaring<\/td>\n<td><strong>Undvik milj\u00f6er med h\u00f6ga temperaturer och f\u00f6rvara p\u00e5 en sval och torr plats.<\/strong><\/td>\n<\/tr>\n<tr>\n<td>Personer som \u00e4r f\u00f6rbjudna att anv\u00e4nda<\/td>\n<td><strong>Minder\u00e5riga, gravida kvinnor och personer som \u00e4r allergiska mot produktens ingredienser.<\/strong><\/td>\n<\/tr>\n<tr>\n<td>F\u00f6rsiktighet<\/td>\n<td><strong>Sv\u00e4lj inte detta \u00e4mne. Vid f\u00f6rt\u00e4ring, sk\u00f6lj munnen noggrant och omedelbart. Upps\u00f6k l\u00e4kare om du k\u00e4nner dig d\u00e5lig.  <\/strong><\/td>\n<\/tr>\n<\/tbody>\n<\/table>\n<h3><strong>Fizzy Boom <\/strong>13000 Puffs Smaklista:<\/h3>\n<ol>\n<li><a href=\"https:\/\/fizzyvape.eu\/product\/fizzy-boom-peach-13000-puffs\/\">Persika<\/a><\/li>\n<li><a href=\"https:\/\/fizzyvape.eu\/sv\/produkt\/fizzy-boom-blabarsis-13000-puffar\/\">Bl\u00e5b\u00e4rsis<\/a><\/li>\n<li><a href=\"https:\/\/fizzyvape.eu\/sv\/produkt\/fizzy-boom-grape-ice-13000-puffar\/\">Grape Ice<\/a><\/li>\n<li><a href=\"https:\/\/fizzyvape.eu\/sv\/produkt\/fizzy-boom-jordgubb-13000-puffar\/\">Jordgubbar<\/a><\/li>\n<li><a href=\"https:\/\/fizzyvape.eu\/sv\/produkt\/fizzy-boom-vattenmelon-is-13000-puffar\/\">Vattenmelon-is<\/a><\/li>\n<li><a href=\"https:\/\/fizzyvape.eu\/product\/fizzy-boom-blueberry-watermelon-bubblegum-13000-puffs\/\">Bl\u00e5b\u00e4r Vattenmelon Bubblegum<\/a><\/li>\n<li><a href=\"https:\/\/fizzyvape.eu\/sv\/produkt\/fizzy-boom-sour-apple-13000-puffar\/\">Surt \u00e4pple<\/a><\/li>\n<li><a href=\"https:\/\/fizzyvape.eu\/sv\/produkt\/fizzy-boom-vattenmelon-korsbar-13000-puffar\/\">Vattenmelon K\u00f6rsb\u00e4r<\/a><\/li>\n<li><a href=\"https:\/\/fizzyvape.eu\/sv\/produkt\/fizzy-boom-blabar-melon-13000-puffar\/\">Bl\u00e5b\u00e4r Melon<\/a><\/li>\n<li><a href=\"https:\/\/fizzyvape.eu\/sv\/produkt\/fizzy-boom-kiwi-berry-ice-13000-puffar\/\">Kiwi Berry Ice<\/a><\/li>\n<li><a href=\"https:\/\/fizzyvape.eu\/product\/fizzy-boom-blueberry-raspberry-lemon-13000-puffs\/\">Bl\u00e5b\u00e4r Hallon Citron<\/a><\/li>\n<li><a href=\"https:\/\/fizzyvape.eu\/product\/fizzy-boom-strawberry-watermelon-pomegranate-13000-puffs\/\">Jordgubb Vattenmelon Granat\u00e4pple<\/a><\/li>\n<\/ol>\n<h3>Vanliga fr\u00e5gor om Fizzy Boom Blueberry Melon 13000 Puffs Vape<\/h3>\n<p><strong>  1. Hur \u00e4r den h\u00e4r j\u00e4mf\u00f6rt med andra b\u00e4rvapor?<\/strong><\/p>\n<p>V\u00e5rt unika 60\/40-f\u00f6rh\u00e5llande mellan bl\u00e5b\u00e4r och melon skapar en mer sofistikerad smakprofil \u00e4n enstaka b\u00e4rvapor, med precis tillr\u00e4ckligt med isig friskhet (5\/10) f\u00f6r att f\u00f6rh\u00f6ja upplevelsen.<\/p>\n<p><strong>2. Hur l\u00e4nge r\u00e4cker en enhet?<\/strong><\/p>\n<p>Med 13.000 puffar har de flesta anv\u00e4ndare 3-4 veckors anv\u00e4ndning. Batteriet p\u00e5 650 mAh klarar 2-3 fulla laddningar f\u00f6r att helt t\u00f6mma den 21 ml stora e-v\u00e4tskan. <\/p>\n<p><strong>  3. Vilken nikotinstyrka ska jag v\u00e4lja?<\/strong><\/p>\n<p><strong>2% (20mg\/mL)<\/strong> \u00e4r perfekt f\u00f6r nyb\u00f6rjare eller tillf\u00e4lliga vapers som vill ha en mjukare upplevelse. <strong>5% (50 mg\/ml)<\/strong> \u00e4r b\u00e4ttre f\u00f6r att tillfredsst\u00e4lla r\u00f6ksuget hos tidigare r\u00f6kare. B\u00e5da anv\u00e4nder premium nikotinsalter. <\/p>\n<p><strong>4.\u00c4r smaken konsekvent under hela anv\u00e4ndningen?<\/strong><\/p>\n<p>Ja! V\u00e5r dual mesh coil-teknik bibeh\u00e5ller smakintegriteten genom alla 13 000 puffar, och 94% av testarna rapporterar ingen br\u00e4nd smak. <\/p>\n<\/div>\n","protected":false},"excerpt":{"rendered":"<p>Fizzy Boom Bl\u00e5b\u00e4r Melon 13000 Puffs: Upplev den perfekta harmonin av syrliga bl\u00e5b\u00e4r och s\u00f6t honungsmelon med en subtil isig finish i denna extremt l\u00e5ngvariga, uppladdningsbara eng\u00e5ngsvape. Finns med 2% och 5% nikotin. <\/p>\n","protected":false},"featured_media":21081,"comment_status":"open","ping_status":"closed","template":"","meta":{"iawp_total_views":0},"product_brand":[],"product_cat":[318],"product_tag":[319],"class_list":{"0":"post-26068","1":"product","2":"type-product","3":"status-publish","4":"has-post-thumbnail","6":"product_cat-boom-sv","7":"product_tag-13000-puffar","9":"first","10":"outofstock","11":"shipping-taxable","12":"purchasable","13":"product-type-variable"},"yoast_head":"<!-- This site is optimized with the Yoast SEO Premium plugin v24.8 (Yoast SEO v24.8) - https:\/\/yoast.com\/wordpress\/plugins\/seo\/ -->\n<title>Fizzy Boom Bl\u00e5b\u00e4r Melon - 13000 puffar - fizzyvape.eu<\/title>\n<meta name=\"robots\" content=\"index, follow, max-snippet:-1, max-image-preview:large, max-video-preview:-1\" \/>\n<link rel=\"canonical\" href=\"https:\/\/fizzyvape.eu\/sv\/produkt\/fizzy-boom-blabar-melon-13000-puffar\/\" \/>\n<meta property=\"og:locale\" content=\"sv_SE\" \/>\n<meta property=\"og:type\" content=\"article\" \/>\n<meta property=\"og:title\" content=\"Fizzy Boom Bl\u00e5b\u00e4r Melon - 13000 puffar\" \/>\n<meta property=\"og:description\" content=\"Fizzy Boom Bl\u00e5b\u00e4r Melon 13000 Puffs: Upplev den perfekta harmonin av syrliga bl\u00e5b\u00e4r och s\u00f6t honungsmelon med en subtil isig finish i denna extremt l\u00e5ngvariga, uppladdningsbara eng\u00e5ngsvape. Finns med 2% och 5% nikotin.\" \/>\n<meta property=\"og:url\" content=\"https:\/\/fizzyvape.eu\/sv\/produkt\/fizzy-boom-blabar-melon-13000-puffar\/\" \/>\n<meta property=\"og:site_name\" content=\"fizzyvape.eu\" \/>\n<meta property=\"og:image\" content=\"https:\/\/fizzyvape.eu\/wp-content\/uploads\/2025\/03\/FizzyVape-Boom-Blueberry-Melon-13000puff-4.jpg\" \/>\n\t<meta property=\"og:image:width\" content=\"1500\" \/>\n\t<meta property=\"og:image:height\" content=\"1500\" \/>\n\t<meta property=\"og:image:type\" content=\"image\/jpeg\" \/>\n<meta name=\"twitter:card\" content=\"summary_large_image\" \/>\n<meta name=\"twitter:label1\" content=\"Tillg\u00e4nglig\" \/>\n\t<meta name=\"twitter:data1\" content=\"Slut i lager\" \/>\n<script type=\"application\/ld+json\" class=\"yoast-schema-graph\">{\"@context\":\"https:\/\/schema.org\",\"@graph\":[{\"@type\":\"WebPage\",\"@id\":\"https:\/\/fizzyvape.eu\/sv\/produkt\/fizzy-boom-blabar-melon-13000-puffar\/\",\"url\":\"https:\/\/fizzyvape.eu\/sv\/produkt\/fizzy-boom-blabar-melon-13000-puffar\/\",\"name\":\"Fizzy Boom Bl\u00e5b\u00e4r Melon - 13000 puffar - fizzyvape.eu\",\"isPartOf\":{\"@id\":\"https:\/\/www.fizzyvape.eu\/sv\/#website\"},\"primaryImageOfPage\":{\"@id\":\"https:\/\/fizzyvape.eu\/sv\/produkt\/fizzy-boom-blabar-melon-13000-puffar\/#primaryimage\"},\"image\":{\"@id\":\"https:\/\/fizzyvape.eu\/sv\/produkt\/fizzy-boom-blabar-melon-13000-puffar\/#primaryimage\"},\"thumbnailUrl\":\"https:\/\/fizzyvape.eu\/wp-content\/uploads\/2025\/03\/FizzyVape-Boom-Blueberry-Melon-13000puff-4.jpg\",\"datePublished\":\"2025-03-28T02:52:08+00:00\",\"breadcrumb\":{\"@id\":\"https:\/\/fizzyvape.eu\/sv\/produkt\/fizzy-boom-blabar-melon-13000-puffar\/#breadcrumb\"},\"inLanguage\":\"sv-SE\",\"potentialAction\":[{\"@type\":\"ReadAction\",\"target\":[\"https:\/\/fizzyvape.eu\/sv\/produkt\/fizzy-boom-blabar-melon-13000-puffar\/\"]}]},{\"@type\":\"ImageObject\",\"inLanguage\":\"sv-SE\",\"@id\":\"https:\/\/fizzyvape.eu\/sv\/produkt\/fizzy-boom-blabar-melon-13000-puffar\/#primaryimage\",\"url\":\"https:\/\/fizzyvape.eu\/wp-content\/uploads\/2025\/03\/FizzyVape-Boom-Blueberry-Melon-13000puff-4.jpg\",\"contentUrl\":\"https:\/\/fizzyvape.eu\/wp-content\/uploads\/2025\/03\/FizzyVape-Boom-Blueberry-Melon-13000puff-4.jpg\",\"width\":1500,\"height\":1500,\"caption\":\"FizzyVape-Boom-Bl\u00e5b\u00e4r-Melon-13000puff\"},{\"@type\":\"BreadcrumbList\",\"@id\":\"https:\/\/fizzyvape.eu\/sv\/produkt\/fizzy-boom-blabar-melon-13000-puffar\/#breadcrumb\",\"itemListElement\":[{\"@type\":\"ListItem\",\"position\":1,\"name\":\"Home\",\"item\":\"https:\/\/fizzyvape.eu\/sv\/\"},{\"@type\":\"ListItem\",\"position\":2,\"name\":\"Butik\",\"item\":\"https:\/\/fizzyvape.eu\/sv\/butik\/\"},{\"@type\":\"ListItem\",\"position\":3,\"name\":\"Fizzy Boom Bl\u00e5b\u00e4r Melon &#8211; 13000 puffar\"}]},{\"@type\":\"WebSite\",\"@id\":\"https:\/\/www.fizzyvape.eu\/sv\/#website\",\"url\":\"https:\/\/www.fizzyvape.eu\/sv\/\",\"name\":\"fizzyvape.eu\",\"description\":\"Refreshing Vapes. Unforgettable Taste.\",\"publisher\":{\"@id\":\"https:\/\/www.fizzyvape.eu\/sv\/#organization\"},\"potentialAction\":[{\"@type\":\"SearchAction\",\"target\":{\"@type\":\"EntryPoint\",\"urlTemplate\":\"https:\/\/www.fizzyvape.eu\/sv\/?s={search_term_string}\"},\"query-input\":{\"@type\":\"PropertyValueSpecification\",\"valueRequired\":true,\"valueName\":\"search_term_string\"}}],\"inLanguage\":\"sv-SE\"},{\"@type\":\"Organization\",\"@id\":\"https:\/\/www.fizzyvape.eu\/sv\/#organization\",\"name\":\"fizzyvape.eu\",\"url\":\"https:\/\/www.fizzyvape.eu\/sv\/\",\"logo\":{\"@type\":\"ImageObject\",\"inLanguage\":\"sv-SE\",\"@id\":\"https:\/\/www.fizzyvape.eu\/sv\/#\/schema\/logo\/image\/\",\"url\":\"https:\/\/fizzyvape.eu\/wp-content\/uploads\/2019\/06\/print-1.svg\",\"contentUrl\":\"https:\/\/fizzyvape.eu\/wp-content\/uploads\/2019\/06\/print-1.svg\",\"width\":124,\"height\":37,\"caption\":\"fizzyvape.eu\"},\"image\":{\"@id\":\"https:\/\/www.fizzyvape.eu\/sv\/#\/schema\/logo\/image\/\"}}]}<\/script>\n<meta property=\"og:availability\" content=\"out of stock\" \/>\n<meta property=\"product:availability\" content=\"out of stock\" \/>\n<meta property=\"product:condition\" content=\"new\" \/>\n<!-- \/ Yoast SEO Premium plugin. -->","yoast_head_json":{"title":"Fizzy Boom Bl\u00e5b\u00e4r Melon - 13000 puffar - fizzyvape.eu","robots":{"index":"index","follow":"follow","max-snippet":"max-snippet:-1","max-image-preview":"max-image-preview:large","max-video-preview":"max-video-preview:-1"},"canonical":"https:\/\/fizzyvape.eu\/sv\/produkt\/fizzy-boom-blabar-melon-13000-puffar\/","og_locale":"sv_SE","og_type":"article","og_title":"Fizzy Boom Bl\u00e5b\u00e4r Melon - 13000 puffar","og_description":"Fizzy Boom Bl\u00e5b\u00e4r Melon 13000 Puffs: Upplev den perfekta harmonin av syrliga bl\u00e5b\u00e4r och s\u00f6t honungsmelon med en subtil isig finish i denna extremt l\u00e5ngvariga, uppladdningsbara eng\u00e5ngsvape. Finns med 2% och 5% nikotin.","og_url":"https:\/\/fizzyvape.eu\/sv\/produkt\/fizzy-boom-blabar-melon-13000-puffar\/","og_site_name":"fizzyvape.eu","og_image":[{"width":1500,"height":1500,"url":"https:\/\/fizzyvape.eu\/wp-content\/uploads\/2025\/03\/FizzyVape-Boom-Blueberry-Melon-13000puff-4.jpg","type":"image\/jpeg"}],"twitter_card":"summary_large_image","twitter_misc":{"Tillg\u00e4nglig":"Slut i lager"},"schema":{"@context":"https:\/\/schema.org","@graph":[{"@type":"WebPage","@id":"https:\/\/fizzyvape.eu\/sv\/produkt\/fizzy-boom-blabar-melon-13000-puffar\/","url":"https:\/\/fizzyvape.eu\/sv\/produkt\/fizzy-boom-blabar-melon-13000-puffar\/","name":"Fizzy Boom Bl\u00e5b\u00e4r Melon - 13000 puffar - fizzyvape.eu","isPartOf":{"@id":"https:\/\/www.fizzyvape.eu\/sv\/#website"},"primaryImageOfPage":{"@id":"https:\/\/fizzyvape.eu\/sv\/produkt\/fizzy-boom-blabar-melon-13000-puffar\/#primaryimage"},"image":{"@id":"https:\/\/fizzyvape.eu\/sv\/produkt\/fizzy-boom-blabar-melon-13000-puffar\/#primaryimage"},"thumbnailUrl":"https:\/\/fizzyvape.eu\/wp-content\/uploads\/2025\/03\/FizzyVape-Boom-Blueberry-Melon-13000puff-4.jpg","datePublished":"2025-03-28T02:52:08+00:00","breadcrumb":{"@id":"https:\/\/fizzyvape.eu\/sv\/produkt\/fizzy-boom-blabar-melon-13000-puffar\/#breadcrumb"},"inLanguage":"sv-SE","potentialAction":[{"@type":"ReadAction","target":["https:\/\/fizzyvape.eu\/sv\/produkt\/fizzy-boom-blabar-melon-13000-puffar\/"]}]},{"@type":"ImageObject","inLanguage":"sv-SE","@id":"https:\/\/fizzyvape.eu\/sv\/produkt\/fizzy-boom-blabar-melon-13000-puffar\/#primaryimage","url":"https:\/\/fizzyvape.eu\/wp-content\/uploads\/2025\/03\/FizzyVape-Boom-Blueberry-Melon-13000puff-4.jpg","contentUrl":"https:\/\/fizzyvape.eu\/wp-content\/uploads\/2025\/03\/FizzyVape-Boom-Blueberry-Melon-13000puff-4.jpg","width":1500,"height":1500,"caption":"FizzyVape-Boom-Bl\u00e5b\u00e4r-Melon-13000puff"},{"@type":"BreadcrumbList","@id":"https:\/\/fizzyvape.eu\/sv\/produkt\/fizzy-boom-blabar-melon-13000-puffar\/#breadcrumb","itemListElement":[{"@type":"ListItem","position":1,"name":"Home","item":"https:\/\/fizzyvape.eu\/sv\/"},{"@type":"ListItem","position":2,"name":"Butik","item":"https:\/\/fizzyvape.eu\/sv\/butik\/"},{"@type":"ListItem","position":3,"name":"Fizzy Boom Bl\u00e5b\u00e4r Melon &#8211; 13000 puffar"}]},{"@type":"WebSite","@id":"https:\/\/www.fizzyvape.eu\/sv\/#website","url":"https:\/\/www.fizzyvape.eu\/sv\/","name":"fizzyvape.eu","description":"Refreshing Vapes. Unforgettable Taste.","publisher":{"@id":"https:\/\/www.fizzyvape.eu\/sv\/#organization"},"potentialAction":[{"@type":"SearchAction","target":{"@type":"EntryPoint","urlTemplate":"https:\/\/www.fizzyvape.eu\/sv\/?s={search_term_string}"},"query-input":{"@type":"PropertyValueSpecification","valueRequired":true,"valueName":"search_term_string"}}],"inLanguage":"sv-SE"},{"@type":"Organization","@id":"https:\/\/www.fizzyvape.eu\/sv\/#organization","name":"fizzyvape.eu","url":"https:\/\/www.fizzyvape.eu\/sv\/","logo":{"@type":"ImageObject","inLanguage":"sv-SE","@id":"https:\/\/www.fizzyvape.eu\/sv\/#\/schema\/logo\/image\/","url":"https:\/\/fizzyvape.eu\/wp-content\/uploads\/2019\/06\/print-1.svg","contentUrl":"https:\/\/fizzyvape.eu\/wp-content\/uploads\/2019\/06\/print-1.svg","width":124,"height":37,"caption":"fizzyvape.eu"},"image":{"@id":"https:\/\/www.fizzyvape.eu\/sv\/#\/schema\/logo\/image\/"}}]},"og_availability":"out of stock","product_availability":"out of stock","product_condition":"new"},"tiered_pricing_type":"fixed","tiered_pricing_fixed_rules":[],"tiered_pricing_product_settings":{"layout":"default","base_unit_name":{"singular":null,"plural":null},"default_variation":null},"tiered_pricing_minimum_quantity":null,"tiered_pricing_roles_data":[],"tiered_pricing_percentage_rules":[],"tiered_pricing_maximum_quantity":null,"tiered_pricing_quantity_step":null,"_links":{"self":[{"href":"https:\/\/fizzyvape.eu\/sv\/wp-json\/wp\/v2\/product\/26068","targetHints":{"allow":["GET"]}}],"collection":[{"href":"https:\/\/fizzyvape.eu\/sv\/wp-json\/wp\/v2\/product"}],"about":[{"href":"https:\/\/fizzyvape.eu\/sv\/wp-json\/wp\/v2\/types\/product"}],"replies":[{"embeddable":true,"href":"https:\/\/fizzyvape.eu\/sv\/wp-json\/wp\/v2\/comments?post=26068"}],"version-history":[{"count":0,"href":"https:\/\/fizzyvape.eu\/sv\/wp-json\/wp\/v2\/product\/26068\/revisions"}],"wp:featuredmedia":[{"embeddable":true,"href":"https:\/\/fizzyvape.eu\/sv\/wp-json\/wp\/v2\/media\/21081"}],"wp:attachment":[{"href":"https:\/\/fizzyvape.eu\/sv\/wp-json\/wp\/v2\/media?parent=26068"}],"wp:term":[{"taxonomy":"product_brand","embeddable":true,"href":"https:\/\/fizzyvape.eu\/sv\/wp-json\/wp\/v2\/product_brand?post=26068"},{"taxonomy":"product_cat","embeddable":true,"href":"https:\/\/fizzyvape.eu\/sv\/wp-json\/wp\/v2\/product_cat?post=26068"},{"taxonomy":"product_tag","embeddable":true,"href":"https:\/\/fizzyvape.eu\/sv\/wp-json\/wp\/v2\/product_tag?post=26068"}],"curies":[{"name":"wp","href":"https:\/\/api.w.org\/{rel}","templated":true}]}}